{"id":353590,"date":"2019-11-23T20:51:10","date_gmt":"2019-11-23T18:51:10","guid":{"rendered":"https:\/\/test.puhdasplus.ee\/\/tooted\/be-kategorijos\/l-glutamino-milteliai-200-g\/"},"modified":"2026-03-10T14:37:47","modified_gmt":"2026-03-10T12:37:47","slug":"l-glutamino-milteliai-200-g","status":"publish","type":"product","link":"https:\/\/test.puhdasplus.ee\/lt\/tooted\/sanariai-raumenys-ir-kaulai\/l-glutamino-milteliai-200-g\/","title":{"rendered":"L-glutaminas 200 g"},"content":{"rendered":"<h2 data-start=\"261\" data-end=\"292\">Kas yra \u201ePure+\u201c L-glutaminas?<\/h2>\n<p class=\"\" data-start=\"294\" data-end=\"640\">\u201ePure+ L-Glutamine\u201c yra 100 % grynas ir auk\u0161tos kokyb\u0117s maisto papildas, kurio sud\u0117tyje yra tik L-glutamino \u2013 aminor\u016bg\u0161ties, kuri\u0105 organizmas intensyviai naudoja mank\u0161tos, ligos ar streso metu. Glutaminas yra viena i\u0161 labiausiai paplitusi\u0173 aminor\u016bg\u0161\u010di\u0173 organizme ir atlieka svarb\u0173 vaidmen\u012f <strong data-start=\"548\" data-end=\"573\">palaikant raumen\u0173 audin\u012f<\/strong> , <strong data-start=\"575\" data-end=\"612\">atkuriant \u017earnyno gleivin\u0119<\/strong> ir <strong data-start=\"616\" data-end=\"639\">palaikant imunin\u0119 sistem\u0105<\/strong> . <\/p>\n<p class=\"\" data-start=\"642\" data-end=\"796\">Produktas pagamintas Suomijoje laikantis auk\u0161t\u0173 kokyb\u0117s standart\u0173, jame n\u0117ra konservant\u0173, da\u017eikli\u0173 ar dirbtini\u0173 pried\u0173. Taip pat tinka veganams. <\/p>\n<h2 data-start=\"803\" data-end=\"836\">Kod\u0117l glutaminas yra naudingas?<\/h2>\n<h3 data-start=\"838\" data-end=\"863\">Raumen\u0173 atsistatymas<\/h3>\n<p class=\"\" data-start=\"864\" data-end=\"1093\"><b>Glutaminas yra nepakei\u010diama aminor\u016bg\u0161tis, kuri\u0105 organizmas naudoja intensyvaus fizinio kr\u016bvio metu ir po jo.<\/b> <span class=\"s1\">Jis da\u017enai vartojamas kaip papildas po treniruot\u0117s, kaip fizinio pasirengimo ir atsistatymo palaikymo programos dalis.<\/span><\/p>\n<h3 data-start=\"1095\" data-end=\"1119\">\u017darnyno sveikata<\/h3>\n<p class=\"\" data-start=\"1120\" data-end=\"1417\">Glutaminas dalyvauja \u017earnyno gleivin\u0117s ir l\u0105steli\u0173 atsinaujinimo procesuose, tod\u0117l yra viena i\u0161 aminor\u016bg\u0161\u010di\u0173, kurias organizmas naudoja <b>vir\u0161kinimo sveikatai palaikyti.<\/b><\/p>\n<h3 data-start=\"1419\" data-end=\"1445\">Imunin\u0117s sistemos palaikymas<\/h3>\n<p class=\"\" data-start=\"1446\" data-end=\"1630\">K\u016bnas naudoja glutamin\u0105 stipriai imuninei sistemai palaikyti. Vartojant kaip papild\u0105, jis padeda palaikyti nat\u016brali\u0105 organizmo apsaug\u0105. <\/p>\n<h2 data-start=\"1637\" data-end=\"1662\">Kam tai tinka?<\/h2>\n<ul data-start=\"1664\" data-end=\"1984\">\n<li class=\"\" data-start=\"1664\" data-end=\"1728\">\n<p class=\"\" data-start=\"1666\" data-end=\"1728\">Sportininkams ir \u017emon\u0117ms, vedantiems aktyv\u0173 gyvenimo b\u016bd\u0105<\/p>\n<\/li>\n<li class=\"\" data-start=\"1729\" data-end=\"1790\">\n<p class=\"\" data-start=\"1731\" data-end=\"1790\">Tiems, kurie nori pagerinti atsistatym\u0105 po treniruot\u0117s<\/p>\n<\/li>\n<li class=\"\" data-start=\"1791\" data-end=\"1860\">\n<p class=\"\" data-start=\"1793\" data-end=\"1860\">Tiems, kurie nori palaikyti ger\u0105 vir\u0161kinim\u0105 ir \u017earnyno veikl\u0105<\/p>\n<\/li>\n<li class=\"\" data-start=\"1861\" data-end=\"1932\">\n<p class=\"\" data-start=\"1863\" data-end=\"1932\">Tiems, kurie ie\u0161ko maisto papildo be pried\u0173 ir gryn\u0173 ingredient\u0173<\/p>\n<\/li>\n<li class=\"\" data-start=\"1933\" data-end=\"1984\">\n<p class=\"\" data-start=\"1935\" data-end=\"1984\">Veganams ir vartotojams, turintiems jautri\u0105 vir\u0161kinimo sistem\u0105<\/p>\n<\/li>\n<\/ul>\n<h2 data-start=\"1991\" data-end=\"2008\">Naudojimas<\/h2>\n<p class=\"\" data-start=\"2010\" data-end=\"2119\"><strong data-start=\"2010\" data-end=\"2038\">Rekomenduojama paros doz\u0117<\/strong> : 1\u20132 arbatiniai \u0161auk\u0161teliai (2,6\u20135,2 g) per dien\u0105.<br data-start=\"2077\" data-end=\"2080\"> Sumai\u0161ykite su vandeniu, sultimis arba \u012fmai\u0161ykite \u012f kokteilius.<\/p>\n<p class=\"\" data-start=\"2121\" data-end=\"2225\">Maisto papildas nepakei\u010dia \u012fvairios mitybos ar sveiko gyvenimo b\u016bdo. Laikyti vaikams nepasiekiamoje vietoje. <\/p>\n<h2 data-start=\"2232\" data-end=\"2246\">Sud\u0117tis<\/h2>\n<ul data-start=\"2248\" data-end=\"2268\">\n<li class=\"\" data-start=\"2248\" data-end=\"2268\">\n<p class=\"\" data-start=\"2250\" data-end=\"2268\">100 % L-glutamino<\/p>\n<\/li>\n<\/ul>\n<p class=\"\" data-start=\"2270\" data-end=\"2391\"><strong data-start=\"2270\" data-end=\"2284\">Sud\u0117tyje n\u0117ra<\/strong> : glitimo, laktoz\u0117s, mieli\u0173, cukraus, druskos, saldikli\u0173 ar kit\u0173 dirbtini\u0173 pried\u0173.<br data-start=\"2371\" data-end=\"2374\"> Tinka veganams.<\/p>\n<h2 data-start=\"2398\" data-end=\"2430\">Maistin\u0117 vert\u0117 (1 porcija)<\/h2>\n<ul data-start=\"2432\" data-end=\"2477\">\n<li class=\"\" data-start=\"2432\" data-end=\"2477\">\n<p class=\"\" data-start=\"2434\" data-end=\"2477\">L-glutaminas: 2,6\u20135,2 g (priklausomai nuo doz\u0117s)<\/p>\n<\/li>\n<\/ul>\n","protected":false},"excerpt":{"rendered":"<p class=\"p1\"><span class=\"s1\"><b>\u201ePure+ L-glutaminas 200 g\u201c<\/b><\/span> \u2013 tai 100 % gryni glutamino milteliai, kurie padeda atsistatyti raumenims, gerai vir\u0161kinti ir palaikyti bendr\u0105 organizmo pusiausvyr\u0105. Glutaminas yra gausiausia aminor\u016bg\u0161tis organizme, kurios poreikis gali padid\u0117ti fizinio kr\u016bvio ar streso metu. Jis dalyvauja raumen\u0173 ir \u017earnyno l\u0105steli\u0173 atsinaujinimo procesuose ir prisideda prie normalaus organizmo funkcionavimo. Miltelius lengva naudoti \u2013 sumai\u0161ykite su vandeniu, sultimis arba \u012fberkite \u012f kokteil\u012f. Puikiai tinka sportininkams, aktyviems \u017emon\u0117ms ir visiems, norintiems palaikyti bendr\u0105 savijaut\u0105 \u0161variu ir nat\u016braliu maisto papildu. Produkte n\u0117ra pried\u0173, glitimo, laktoz\u0117s ar saldikli\u0173, jis taip pat tinka veganams.     <\/p>\n","protected":false},"featured_media":353592,"comment_status":"closed","ping_status":"closed","template":"","meta":{"_acf_changed":false},"product_brand":[],"product_cat":[3490,3461],"product_tag":[6831,4869,3050,4872,3707,3144,3708,2967],"class_list":{"0":"post-353590","1":"product","2":"type-product","3":"status-publish","4":"has-post-thumbnail","6":"product_cat-aminorugstys","7":"product_cat-sanariai-raumenys-ir-kaulai","8":"product_tag-aminorugstys","9":"product_tag-glutaminas","10":"product_tag-imunines-sistemos-palaikymas","11":"product_tag-l-glutaminas","12":"product_tag-raumenu-atsistatymas","13":"product_tag-raumenys-ir-sanariai","14":"product_tag-sporto-papildas","15":"product_tag-veganas","17":"first","18":"instock","19":"featured","20":"taxable","21":"shipping-taxable","22":"purchasable","23":"product-type-simple"},"acf":[],"yoast_head":"<!-- This site is optimized with the Yoast SEO plugin v27.1.1 - https:\/\/yoast.com\/product\/yoast-seo-wordpress\/ -->\n<title>L-glutaminas 200 g - Puhdas+<\/title>\n<meta name=\"description\" content=\"Gryni L-glutamino milteliai raumen\u0173 atsistatymui, \u017earnyno veiklai ir imunitetui stiprinti. Be pried\u0173 ir tinka veganams. Idealiai tinka aktyviam gyvenimo b\u016bdui.\" \/>\n<meta name=\"robots\" content=\"noindex, follow, max-snippet:-1, max-image-preview:large, max-video-preview:-1\" \/>\n<meta property=\"og:locale\" content=\"lt_LT\" \/>\n<meta property=\"og:type\" content=\"article\" \/>\n<meta property=\"og:title\" content=\"L-glutaminas 200 g - Puhdas+\" \/>\n<meta property=\"og:description\" content=\"Gryni L-glutamino milteliai raumen\u0173 atsistatymui, \u017earnyno veiklai ir imunitetui stiprinti. Be pried\u0173 ir tinka veganams. Idealiai tinka aktyviam gyvenimo b\u016bdui.\" \/>\n<meta property=\"og:url\" content=\"https:\/\/test.puhdasplus.ee\/lt\/tooted\/sanariai-raumenys-ir-kaulai\/l-glutamino-milteliai-200-g\/\" \/>\n<meta property=\"og:site_name\" content=\"Puhdas+\" \/>\n<meta property=\"article:publisher\" content=\"https:\/\/www.facebook.com\/puhdasplus\" \/>\n<meta property=\"article:modified_time\" content=\"2026-03-10T12:37:47+00:00\" \/>\n<meta property=\"og:image\" content=\"https:\/\/test.puhdasplus.ee\/wp-content\/uploads\/2025\/03\/37.jpg\" \/>\n\t<meta property=\"og:image:width\" content=\"1862\" \/>\n\t<meta property=\"og:image:height\" content=\"2560\" \/>\n\t<meta property=\"og:image:type\" content=\"image\/jpeg\" \/>\n<meta name=\"twitter:card\" content=\"summary_large_image\" \/>\n<meta name=\"twitter:label1\" content=\"Est. reading time\" \/>\n\t<meta name=\"twitter:data1\" content=\"1 minut\u0117\" \/>\n<script type=\"application\/ld+json\" class=\"yoast-schema-graph\">{\"@context\":\"https:\/\/schema.org\",\"@graph\":[{\"@type\":\"WebPage\",\"@id\":\"https:\/\/test.puhdasplus.ee\/lt\/tooted\/sanariai-raumenys-ir-kaulai\/l-glutamino-milteliai-200-g\/\",\"url\":\"https:\/\/test.puhdasplus.ee\/lt\/tooted\/sanariai-raumenys-ir-kaulai\/l-glutamino-milteliai-200-g\/\",\"name\":\"L-glutaminas 200 g - Puhdas+\",\"isPartOf\":{\"@id\":\"https:\/\/test.puhdasplus.ee\/lt\/#website\"},\"primaryImageOfPage\":{\"@id\":\"https:\/\/test.puhdasplus.ee\/lt\/tooted\/sanariai-raumenys-ir-kaulai\/l-glutamino-milteliai-200-g\/#primaryimage\"},\"image\":{\"@id\":\"https:\/\/test.puhdasplus.ee\/lt\/tooted\/sanariai-raumenys-ir-kaulai\/l-glutamino-milteliai-200-g\/#primaryimage\"},\"thumbnailUrl\":\"https:\/\/test.puhdasplus.ee\/wp-content\/uploads\/2025\/03\/37.jpg\",\"datePublished\":\"2019-11-23T18:51:10+00:00\",\"dateModified\":\"2026-03-10T12:37:47+00:00\",\"description\":\"Gryni L-glutamino milteliai raumen\u0173 atsistatymui, \u017earnyno veiklai ir imunitetui stiprinti. Be pried\u0173 ir tinka veganams. Idealiai tinka aktyviam gyvenimo b\u016bdui.\",\"breadcrumb\":{\"@id\":\"https:\/\/test.puhdasplus.ee\/lt\/tooted\/sanariai-raumenys-ir-kaulai\/l-glutamino-milteliai-200-g\/#breadcrumb\"},\"inLanguage\":\"lt-LT\",\"potentialAction\":[{\"@type\":\"ReadAction\",\"target\":[\"https:\/\/test.puhdasplus.ee\/lt\/tooted\/sanariai-raumenys-ir-kaulai\/l-glutamino-milteliai-200-g\/\"]}]},{\"@type\":\"ImageObject\",\"inLanguage\":\"lt-LT\",\"@id\":\"https:\/\/test.puhdasplus.ee\/lt\/tooted\/sanariai-raumenys-ir-kaulai\/l-glutamino-milteliai-200-g\/#primaryimage\",\"url\":\"https:\/\/test.puhdasplus.ee\/wp-content\/uploads\/2025\/03\/37.jpg\",\"contentUrl\":\"https:\/\/test.puhdasplus.ee\/wp-content\/uploads\/2025\/03\/37.jpg\",\"width\":1862,\"height\":2560,\"caption\":\"L-glutamino milteliai 200 g\"},{\"@type\":\"BreadcrumbList\",\"@id\":\"https:\/\/test.puhdasplus.ee\/lt\/tooted\/sanariai-raumenys-ir-kaulai\/l-glutamino-milteliai-200-g\/#breadcrumb\",\"itemListElement\":[{\"@type\":\"ListItem\",\"position\":1,\"name\":\"Prad\u017eia\",\"item\":\"https:\/\/test.puhdasplus.ee\/lt\/\"},{\"@type\":\"ListItem\",\"position\":2,\"name\":\"Produktai\",\"item\":\"https:\/\/test.puhdasplus.ee\/lt\/parduotuve\/\"},{\"@type\":\"ListItem\",\"position\":3,\"name\":\"L-glutaminas 200 g\"}]},{\"@type\":\"WebSite\",\"@id\":\"https:\/\/test.puhdasplus.ee\/lt\/#website\",\"url\":\"https:\/\/test.puhdasplus.ee\/lt\/\",\"name\":\"Puhdas+\",\"description\":\"Vitamiinid, Toidulisandid, looduskosmeetika, tervis, sport\",\"publisher\":{\"@id\":\"https:\/\/test.puhdasplus.ee\/lt\/#organization\"},\"potentialAction\":[{\"@type\":\"SearchAction\",\"target\":{\"@type\":\"EntryPoint\",\"urlTemplate\":\"https:\/\/test.puhdasplus.ee\/lt\/?s={search_term_string}\"},\"query-input\":{\"@type\":\"PropertyValueSpecification\",\"valueRequired\":true,\"valueName\":\"search_term_string\"}}],\"inLanguage\":\"lt-LT\"},{\"@type\":\"Organization\",\"@id\":\"https:\/\/test.puhdasplus.ee\/lt\/#organization\",\"name\":\"Puhdas+\",\"alternateName\":\"Puhdasplus\",\"url\":\"https:\/\/test.puhdasplus.ee\/lt\/\",\"logo\":{\"@type\":\"ImageObject\",\"inLanguage\":\"lt-LT\",\"@id\":\"https:\/\/test.puhdasplus.ee\/lt\/#\/schema\/logo\/image\/\",\"url\":\"https:\/\/test.puhdasplus.ee\/\/wp-content\/uploads\/2019\/10\/puhdas_logo-arvele.png\",\"contentUrl\":\"https:\/\/test.puhdasplus.ee\/\/wp-content\/uploads\/2019\/10\/puhdas_logo-arvele.png\",\"width\":114,\"height\":94,\"caption\":\"Puhdas+\"},\"image\":{\"@id\":\"https:\/\/test.puhdasplus.ee\/lt\/#\/schema\/logo\/image\/\"},\"sameAs\":[\"https:\/\/www.facebook.com\/puhdasplus\",\"https:\/\/www.instagram.com\/puhdasplus_ee\/\"]}]}<\/script>\n<!-- \/ Yoast SEO plugin. -->","yoast_head_json":{"title":"L-glutaminas 200 g - Puhdas+","description":"Gryni L-glutamino milteliai raumen\u0173 atsistatymui, \u017earnyno veiklai ir imunitetui stiprinti. Be pried\u0173 ir tinka veganams. Idealiai tinka aktyviam gyvenimo b\u016bdui.","robots":{"index":"noindex","follow":"follow","max-snippet":"max-snippet:-1","max-image-preview":"max-image-preview:large","max-video-preview":"max-video-preview:-1"},"og_locale":"lt_LT","og_type":"article","og_title":"L-glutaminas 200 g - Puhdas+","og_description":"Gryni L-glutamino milteliai raumen\u0173 atsistatymui, \u017earnyno veiklai ir imunitetui stiprinti. Be pried\u0173 ir tinka veganams. Idealiai tinka aktyviam gyvenimo b\u016bdui.","og_url":"https:\/\/test.puhdasplus.ee\/lt\/tooted\/sanariai-raumenys-ir-kaulai\/l-glutamino-milteliai-200-g\/","og_site_name":"Puhdas+","article_publisher":"https:\/\/www.facebook.com\/puhdasplus","article_modified_time":"2026-03-10T12:37:47+00:00","og_image":[{"width":1862,"height":2560,"url":"https:\/\/test.puhdasplus.ee\/wp-content\/uploads\/2025\/03\/37.jpg","type":"image\/jpeg"}],"twitter_card":"summary_large_image","twitter_misc":{"Est. reading time":"1 minut\u0117"},"schema":{"@context":"https:\/\/schema.org","@graph":[{"@type":"WebPage","@id":"https:\/\/test.puhdasplus.ee\/lt\/tooted\/sanariai-raumenys-ir-kaulai\/l-glutamino-milteliai-200-g\/","url":"https:\/\/test.puhdasplus.ee\/lt\/tooted\/sanariai-raumenys-ir-kaulai\/l-glutamino-milteliai-200-g\/","name":"L-glutaminas 200 g - Puhdas+","isPartOf":{"@id":"https:\/\/test.puhdasplus.ee\/lt\/#website"},"primaryImageOfPage":{"@id":"https:\/\/test.puhdasplus.ee\/lt\/tooted\/sanariai-raumenys-ir-kaulai\/l-glutamino-milteliai-200-g\/#primaryimage"},"image":{"@id":"https:\/\/test.puhdasplus.ee\/lt\/tooted\/sanariai-raumenys-ir-kaulai\/l-glutamino-milteliai-200-g\/#primaryimage"},"thumbnailUrl":"https:\/\/test.puhdasplus.ee\/wp-content\/uploads\/2025\/03\/37.jpg","datePublished":"2019-11-23T18:51:10+00:00","dateModified":"2026-03-10T12:37:47+00:00","description":"Gryni L-glutamino milteliai raumen\u0173 atsistatymui, \u017earnyno veiklai ir imunitetui stiprinti. Be pried\u0173 ir tinka veganams. Idealiai tinka aktyviam gyvenimo b\u016bdui.","breadcrumb":{"@id":"https:\/\/test.puhdasplus.ee\/lt\/tooted\/sanariai-raumenys-ir-kaulai\/l-glutamino-milteliai-200-g\/#breadcrumb"},"inLanguage":"lt-LT","potentialAction":[{"@type":"ReadAction","target":["https:\/\/test.puhdasplus.ee\/lt\/tooted\/sanariai-raumenys-ir-kaulai\/l-glutamino-milteliai-200-g\/"]}]},{"@type":"ImageObject","inLanguage":"lt-LT","@id":"https:\/\/test.puhdasplus.ee\/lt\/tooted\/sanariai-raumenys-ir-kaulai\/l-glutamino-milteliai-200-g\/#primaryimage","url":"https:\/\/test.puhdasplus.ee\/wp-content\/uploads\/2025\/03\/37.jpg","contentUrl":"https:\/\/test.puhdasplus.ee\/wp-content\/uploads\/2025\/03\/37.jpg","width":1862,"height":2560,"caption":"L-glutamino milteliai 200 g"},{"@type":"BreadcrumbList","@id":"https:\/\/test.puhdasplus.ee\/lt\/tooted\/sanariai-raumenys-ir-kaulai\/l-glutamino-milteliai-200-g\/#breadcrumb","itemListElement":[{"@type":"ListItem","position":1,"name":"Prad\u017eia","item":"https:\/\/test.puhdasplus.ee\/lt\/"},{"@type":"ListItem","position":2,"name":"Produktai","item":"https:\/\/test.puhdasplus.ee\/lt\/parduotuve\/"},{"@type":"ListItem","position":3,"name":"L-glutaminas 200 g"}]},{"@type":"WebSite","@id":"https:\/\/test.puhdasplus.ee\/lt\/#website","url":"https:\/\/test.puhdasplus.ee\/lt\/","name":"Puhdas+","description":"Vitamiinid, Toidulisandid, looduskosmeetika, tervis, sport","publisher":{"@id":"https:\/\/test.puhdasplus.ee\/lt\/#organization"},"potentialAction":[{"@type":"SearchAction","target":{"@type":"EntryPoint","urlTemplate":"https:\/\/test.puhdasplus.ee\/lt\/?s={search_term_string}"},"query-input":{"@type":"PropertyValueSpecification","valueRequired":true,"valueName":"search_term_string"}}],"inLanguage":"lt-LT"},{"@type":"Organization","@id":"https:\/\/test.puhdasplus.ee\/lt\/#organization","name":"Puhdas+","alternateName":"Puhdasplus","url":"https:\/\/test.puhdasplus.ee\/lt\/","logo":{"@type":"ImageObject","inLanguage":"lt-LT","@id":"https:\/\/test.puhdasplus.ee\/lt\/#\/schema\/logo\/image\/","url":"https:\/\/test.puhdasplus.ee\/\/wp-content\/uploads\/2019\/10\/puhdas_logo-arvele.png","contentUrl":"https:\/\/test.puhdasplus.ee\/\/wp-content\/uploads\/2019\/10\/puhdas_logo-arvele.png","width":114,"height":94,"caption":"Puhdas+"},"image":{"@id":"https:\/\/test.puhdasplus.ee\/lt\/#\/schema\/logo\/image\/"},"sameAs":["https:\/\/www.facebook.com\/puhdasplus","https:\/\/www.instagram.com\/puhdasplus_ee\/"]}]}},"_links":{"self":[{"href":"https:\/\/test.puhdasplus.ee\/lt\/wp-json\/wp\/v2\/product\/353590","targetHints":{"allow":["GET"]}}],"collection":[{"href":"https:\/\/test.puhdasplus.ee\/lt\/wp-json\/wp\/v2\/product"}],"about":[{"href":"https:\/\/test.puhdasplus.ee\/lt\/wp-json\/wp\/v2\/types\/product"}],"replies":[{"embeddable":true,"href":"https:\/\/test.puhdasplus.ee\/lt\/wp-json\/wp\/v2\/comments?post=353590"}],"wp:featuredmedia":[{"embeddable":true,"href":"https:\/\/test.puhdasplus.ee\/lt\/wp-json\/wp\/v2\/media\/353592"}],"wp:attachment":[{"href":"https:\/\/test.puhdasplus.ee\/lt\/wp-json\/wp\/v2\/media?parent=353590"}],"wp:term":[{"taxonomy":"product_brand","embeddable":true,"href":"https:\/\/test.puhdasplus.ee\/lt\/wp-json\/wp\/v2\/product_brand?post=353590"},{"taxonomy":"product_cat","embeddable":true,"href":"https:\/\/test.puhdasplus.ee\/lt\/wp-json\/wp\/v2\/product_cat?post=353590"},{"taxonomy":"product_tag","embeddable":true,"href":"https:\/\/test.puhdasplus.ee\/lt\/wp-json\/wp\/v2\/product_tag?post=353590"}],"curies":[{"name":"wp","href":"https:\/\/api.w.org\/{rel}","templated":true}]}}