{"id":353577,"date":"2019-11-23T19:36:23","date_gmt":"2019-11-23T17:36:23","guid":{"rendered":"https:\/\/test.puhdasplus.ee\/\/tooted\/be-kategorijos\/magnio-purskalas-sanariams-150-ml\/"},"modified":"2026-03-10T14:43:39","modified_gmt":"2026-03-10T12:43:39","slug":"magnio-purskalas-sanariams-150-ml","status":"publish","type":"product","link":"https:\/\/test.puhdasplus.ee\/lt\/tooted\/mineralai\/magnis\/magnio-purskalas-sanariams-150-ml\/","title":{"rendered":"Magnio pur\u0161kalas s\u0105nariams 150 ml"},"content":{"rendered":"<h2 class=\"\" data-start=\"285\" data-end=\"358\">Kas yra \u201ePure+\u201c magnio pur\u0161kalas s\u0105nariams ir kod\u0117l j\u012f naudoti?<\/h2>\n<p class=\"\" data-start=\"264\" data-end=\"723\">\u201ePuhdas+\u201c magnio pur\u0161kalas s\u0105nariams yra nat\u016bralus ir veiksmingas magnio pur\u0161kalas, skirtas i\u0161oriniam naudojimui s\u0105nariams ir raumenims. Produktas skirtas palengvinti \u012fsitempusi\u0173, pavargusi\u0173 ir pervargusi\u0173 raumen\u0173 \u012ftamp\u0105 bei palaikyti s\u0105nari\u0173 judrum\u0105 ir ger\u0105 savijaut\u0105. Pur\u0161kalo sud\u0117tyje yra magnio chlorido, \u017eoleli\u0173 gliukozamino, mentolio, eukalipto aliejaus ir arnikos ekstrakto \u2013 nat\u016brali\u0173 ingredient\u0173, turin\u010di\u0173 raminam\u0105j\u012f, atpalaiduojant\u012f ir v\u0117sinam\u0105j\u012f poveik\u012f.  <\/p>\n<p class=\"\" data-start=\"725\" data-end=\"1140\">Magnis yra b\u016btinas mineralas, padedantis palaikyti normali\u0105 raumen\u0173 funkcij\u0105, nerv\u0173 sistem\u0105 ir energijos apykait\u0105. Jo tepimas ant odos laikomas veiksmingu b\u016bdu suteikti palengv\u0117jim\u0105 b\u016btent ten, kur raumenys \u012fsitemp\u0119 ar pavarg\u0119 \u2013 pavyzd\u017eiui, po mank\u0161tos, fizinio darbo ar ilgo s\u0117d\u0117jimo. Ant odos u\u017epurk\u0161tas magnis greitai \u012fsigeria ir nepalieka lipnumo poj\u016b\u010dio, tuo pa\u010diu suteikdamas malon\u0173 gaivum\u0105.  <\/p>\n<p class=\"\" data-start=\"1142\" data-end=\"1704\">Gliukozaminas yra nat\u016bralus junginys, randamas s\u0105nari\u0173 kremzl\u0117se, o jo gamyba su am\u017eiumi ma\u017e\u0117ja. \u012emai\u0161ius jo \u012f i\u0161orin\u0117s prie\u017ei\u016bros priemones, palaikoma s\u0105nari\u0173 gerov\u0117, ypa\u010d vyresnio am\u017eiaus ir aktyviems \u017emon\u0117ms. Mentolis ir eukaliptas suteikia v\u0117sinant\u012f ir stimuliuojant\u012f poveik\u012f, padeda nuraminti pavargusius raumenis ir suma\u017einti diskomfort\u0105. Arnika \u017einoma d\u0117l savo prie\u0161u\u017edegimini\u0173 ir audinius regeneruojan\u010di\u0173 savybi\u0173 \u2013 ji gali pad\u0117ti suma\u017einti patinim\u0105, skatinti atsigavim\u0105 po patempim\u0173, sumu\u0161im\u0173 ar m\u0117lyni\u0173 ir pagreitinti odos gijim\u0105.   <\/p>\n<p class=\"\" data-start=\"1706\" data-end=\"2009\">\u201ePuhdas+\u201c magnio pur\u0161kalas s\u0105nariams tinka kasdieniam naudojimui ir yra puikus nat\u016bralus pasirinkimas tiems, kurie ie\u0161ko raumen\u0173 ir s\u0105nari\u0173 palaikymo, nereikalaudami geriam\u0173j\u0173 produkt\u0173. D\u0117l prakti\u0161kos pur\u0161kiamos formos produkt\u0105 patogu naudoti bet kuriuo metu \u2013 namuose, sporto sal\u0117je ar keliaujant. <\/p>\n<h2 data-start=\"1486\" data-end=\"1511\">Naudojimo privalumai<\/h2>\n<ul data-start=\"1513\" data-end=\"1838\">\n<li class=\"\" data-start=\"1513\" data-end=\"1584\">\n<p class=\"\" data-start=\"1515\" data-end=\"1584\">Patogi pur\u0161kimo forma \u2013 netepa rank\u0173 ir nepalieka lipnios odos<\/p>\n<\/li>\n<li class=\"\" data-start=\"1585\" data-end=\"1644\">\n<p class=\"\" data-start=\"1587\" data-end=\"1644\">Nat\u016brali sud\u0117tis, tinka net jautriai odai<\/p>\n<\/li>\n<li class=\"\" data-start=\"1645\" data-end=\"1688\">\n<p class=\"\" data-start=\"1647\" data-end=\"1688\">Greitas \u012fsisavinimas \u2013 poveikis nelaukiant<\/p>\n<\/li>\n<li class=\"\" data-start=\"1689\" data-end=\"1740\">\n<p class=\"\" data-start=\"1691\" data-end=\"1740\">Palaiko raumen\u0173 atsistatym\u0105 ir s\u0105nari\u0173 judrum\u0105<\/p>\n<\/li>\n<li class=\"\" data-start=\"1741\" data-end=\"1838\">\n<p class=\"\" data-start=\"1743\" data-end=\"1838\">Tinka naudoti tiek ta\u0161kin\u0117se, tiek didesn\u0117se vietose, pvz., keliuose, pe\u010diuose, sprande ar nugaroje.<\/p>\n<\/li>\n<\/ul>\n<h3 class=\"\" data-start=\"1845\" data-end=\"1873\">Kada ir kam tai tinka?<\/h3>\n<p class=\"\" data-start=\"1875\" data-end=\"1926\">\u201ePure+\u201c magnio pur\u0161kalas s\u0105nariams tinka tiems, kurie:<\/p>\n<ul data-start=\"1927\" data-end=\"2199\">\n<li class=\"\" data-start=\"1927\" data-end=\"1976\">\n<p class=\"\" data-start=\"1929\" data-end=\"1976\">reguliariai mank\u0161tintis arba daug jud\u0117ti<\/p>\n<\/li>\n<li class=\"\" data-start=\"1977\" data-end=\"2017\">\n<p class=\"\" data-start=\"1979\" data-end=\"2017\">dirbti s\u0117dint arba stovint<\/p>\n<\/li>\n<li class=\"\" data-start=\"2018\" data-end=\"2057\">\n<p class=\"\" data-start=\"2020\" data-end=\"2057\">jau\u010diate raumen\u0173 ar s\u0105nari\u0173 nuovarg\u012f<\/p>\n<\/li>\n<li class=\"\" data-start=\"2058\" data-end=\"2125\">\n<p class=\"\" data-start=\"2060\" data-end=\"2125\">ie\u0161kote nat\u016bralaus, ne per burn\u0105 vartojamo maisto papildo<\/p>\n<\/li>\n<li class=\"\" data-start=\"2126\" data-end=\"2199\">\n<p class=\"\" data-start=\"2128\" data-end=\"2199\">nori kasdien\u0117s pagalbos, kad b\u016bt\u0173 palaikomas mobilumas ir fizinis komfortas<\/p>\n<\/li>\n<\/ul>\n<p class=\"\" data-start=\"2201\" data-end=\"2368\">Pur\u0161kikl\u012f lengva naudoti namuose, sporto sal\u0117je ar keliaujant \u2013 tiesiog purk\u0161kite ant \u0161varios odos, jei reikia, kelis kartus per dien\u0105. Geriausiems rezultatams pasiekti naudokite reguliariai. <\/p>\n<h2 data-start=\"542\" data-end=\"562\">Kaip naudoti?<\/h2>\n<p class=\"\" data-start=\"564\" data-end=\"807\"><span class=\"relative -mx-px my-[-0.2rem] rounded px-px py-[0.2rem] transition-colors duration-100 ease-in-out\">Pur\u0161kalas tur\u0117t\u0173 b\u016bti tepamas ant \u0161varios odos norimoje vietoje, pavyzd\u017eiui, s\u0105nari\u0173 ar raumen\u0173.<\/span> <span class=\"relative -mx-px my-[-0.2rem] rounded px-px py-[0.2rem] transition-colors duration-100 ease-in-out\">Rekomenduojama produkt\u0105 purk\u0161ti 4\u20135 kartus i\u0161 ma\u017edaug 10 cm atstumo.<\/span> <span class=\"relative -mx-px my-[-0.2rem] rounded px-px py-[0.2rem] transition-colors duration-100 ease-in-out\">Magnis geriau \u012fsigeria, kai tepamas ant plonos odos, pavyzd\u017eiui, dilbio vidin\u0117s pus\u0117s arba tiesiai ant problemin\u0117s vietos.<\/span> <span class=\"relative -mx-px my-[-0.2rem] rounded px-px py-[0.2rem] transition-colors duration-100 ease-in-out\">Pur\u0161kalas greitai \u012fsigeria ir nepalieka lipnaus poj\u016b\u010dio ant odos.<\/span> <span class=\"relative -mx-px my-[-0.2rem] rounded px-px py-[0.2rem] transition-colors duration-100 ease-in-out\">Jautriai odai pirm\u0105 kart\u0105 naudojant gali pasireik\u0161ti nedidelis dilg\u010diojimas ar paraudimas, kuris paprastai i\u0161nyksta reguliariai naudojant.<\/span><\/p>\n<h2 data-start=\"542\" data-end=\"562\">\u012esp\u0117jimai:<\/h2>\n<p><span class=\"relative -mx-px my-[-0.2rem] rounded px-px py-[0.2rem] transition-colors duration-100 ease-in-out\">Venkite patekimo \u012f akis ir gleivines. Laikyti vaikams nepasiekiamoje vietoje. Netinka vaikams iki 3 met\u0173 am\u017eiaus.<\/span><\/p>\n<h2 data-start=\"542\" data-end=\"562\">Sand\u0117liavimas:<\/h2>\n<p>Laikyti kambario temperat\u016broje, toliau nuo tiesiogini\u0173 saul\u0117s spinduli\u0173.<\/p>\n<h2 data-start=\"542\" data-end=\"562\">Sud\u0117tis (INCI):<\/h2>\n<p class=\"\" data-start=\"831\" data-end=\"916\">Vanduo, magnio chloridas, polisorbatas 20, m\u0117t\u0173 aliejus, mentolis, gliukozamino HCl, arnik\u0173 \u017eied\u0173 ekstraktas, glicerinas, natrio benzoatas, kalio sorbatas.<\/p>\n","protected":false},"excerpt":{"rendered":"<p class=\"\" data-start=\"320\" data-end=\"824\">\u201ePure+ Magnesium Spray Nivelille\u201c yra nat\u016bralus ir veiksmingas i\u0161orinis pur\u0161kalas, skirtas palaikyti kasdien\u0119 s\u0105nari\u0173 ir raumen\u0173 gerov\u0119. Produkte esantis magnio chloridas tiesiogiai \u012fsigeria per od\u0105 ir padeda atpalaiduoti raumen\u0173 \u012ftamp\u0105 bei nuraminti pavargus\u012f k\u016bn\u0105 po fizinio kr\u016bvio ar \u012ftemptos dienos. Pur\u0161kalas praturtintas \u017eoleli\u0173 gliukozaminu, mentoliu ir arnikos ekstraktu \u2013 visi \u0161ie ingredientai tradici\u0161kai vertinami d\u0117l s\u0105nari\u0173 judrumo palaikymo, audini\u0173 regeneracijos ir odos raminimo.  <\/p>\n<p class=\"\" data-start=\"826\" data-end=\"1169\">Produktas tinka naudoti po raumen\u0173 \u012ftampos, s\u0105nari\u0173 sustingimo, nerami\u0173 koj\u0173 sindromo ar pervargimo ir yra idealus aktyvaus gyvenimo b\u016bdo palydovas. Pur\u0161kalo forma yra patogi, greita ir higieni\u0161ka \u2013 jis nepalieka d\u0117mi\u0173 ant rank\u0173 ir nepalieka lipnaus poj\u016b\u010dio ant odos. <\/p>\n<p data-start=\"1362\" data-end=\"1440\">\n","protected":false},"featured_media":353581,"comment_status":"closed","ping_status":"closed","template":"","meta":{"_acf_changed":false},"product_brand":[],"product_cat":[3265,3120,3461,3049],"product_tag":[6790,5852,3127,3144],"class_list":{"0":"post-353577","1":"product","2":"type-product","3":"status-publish","4":"has-post-thumbnail","6":"product_cat-magnis","7":"product_cat-mineralai","8":"product_cat-sanariai-raumenys-ir-kaulai","9":"product_cat-specialus-pasiulymai","10":"product_tag-gliukozaminas-lt","11":"product_tag-magnio-purskalas","12":"product_tag-magnis","13":"product_tag-raumenys-ir-sanariai","15":"first","16":"instock","17":"sale","18":"featured","19":"taxable","20":"shipping-taxable","21":"purchasable","22":"product-type-simple"},"acf":[],"yoast_head":"<!-- This site is optimized with the Yoast SEO plugin v27.1.1 - https:\/\/yoast.com\/product\/yoast-seo-wordpress\/ -->\n<title>Magnio pur\u0161kalas s\u0105nariams 150 ml - Puhdas+<\/title>\n<meta name=\"description\" content=\"Nat\u016bralus magnio pur\u0161kalas s\u0105nari\u0173 ir raumen\u0173 prie\u017ei\u016brai. Greitai \u012fsigeria, atpalaiduoja \u012fsitempusias vietas ir palaiko jud\u0117jimo laisv\u0119.\" \/>\n<meta name=\"robots\" content=\"noindex, follow, max-snippet:-1, max-image-preview:large, max-video-preview:-1\" \/>\n<meta property=\"og:locale\" content=\"lt_LT\" \/>\n<meta property=\"og:type\" content=\"article\" \/>\n<meta property=\"og:title\" content=\"Magnio pur\u0161kalas s\u0105nariams 150 ml - Puhdas+\" \/>\n<meta property=\"og:description\" content=\"Nat\u016bralus magnio pur\u0161kalas s\u0105nari\u0173 ir raumen\u0173 prie\u017ei\u016brai. Greitai \u012fsigeria, atpalaiduoja \u012fsitempusias vietas ir palaiko jud\u0117jimo laisv\u0119.\" \/>\n<meta property=\"og:url\" content=\"https:\/\/test.puhdasplus.ee\/lt\/tooted\/mineralai\/magnis\/magnio-purskalas-sanariams-150-ml\/\" \/>\n<meta property=\"og:site_name\" content=\"Puhdas+\" \/>\n<meta property=\"article:publisher\" content=\"https:\/\/www.facebook.com\/puhdasplus\" \/>\n<meta property=\"article:modified_time\" content=\"2026-03-10T12:43:39+00:00\" \/>\n<meta property=\"og:image\" content=\"https:\/\/test.puhdasplus.ee\/wp-content\/uploads\/2025\/03\/31.jpg\" \/>\n\t<meta property=\"og:image:width\" content=\"1862\" \/>\n\t<meta property=\"og:image:height\" content=\"2560\" \/>\n\t<meta property=\"og:image:type\" content=\"image\/jpeg\" \/>\n<meta name=\"twitter:card\" content=\"summary_large_image\" \/>\n<meta name=\"twitter:label1\" content=\"Est. reading time\" \/>\n\t<meta name=\"twitter:data1\" content=\"3 minut\u0117\" \/>\n<script type=\"application\/ld+json\" class=\"yoast-schema-graph\">{\"@context\":\"https:\/\/schema.org\",\"@graph\":[{\"@type\":\"WebPage\",\"@id\":\"https:\/\/test.puhdasplus.ee\/lt\/tooted\/mineralai\/magnis\/magnio-purskalas-sanariams-150-ml\/\",\"url\":\"https:\/\/test.puhdasplus.ee\/lt\/tooted\/mineralai\/magnis\/magnio-purskalas-sanariams-150-ml\/\",\"name\":\"Magnio pur\u0161kalas s\u0105nariams 150 ml - Puhdas+\",\"isPartOf\":{\"@id\":\"https:\/\/test.puhdasplus.ee\/lt\/#website\"},\"primaryImageOfPage\":{\"@id\":\"https:\/\/test.puhdasplus.ee\/lt\/tooted\/mineralai\/magnis\/magnio-purskalas-sanariams-150-ml\/#primaryimage\"},\"image\":{\"@id\":\"https:\/\/test.puhdasplus.ee\/lt\/tooted\/mineralai\/magnis\/magnio-purskalas-sanariams-150-ml\/#primaryimage\"},\"thumbnailUrl\":\"https:\/\/test.puhdasplus.ee\/wp-content\/uploads\/2025\/03\/31.jpg\",\"datePublished\":\"2019-11-23T17:36:23+00:00\",\"dateModified\":\"2026-03-10T12:43:39+00:00\",\"description\":\"Nat\u016bralus magnio pur\u0161kalas s\u0105nari\u0173 ir raumen\u0173 prie\u017ei\u016brai. Greitai \u012fsigeria, atpalaiduoja \u012fsitempusias vietas ir palaiko jud\u0117jimo laisv\u0119.\",\"breadcrumb\":{\"@id\":\"https:\/\/test.puhdasplus.ee\/lt\/tooted\/mineralai\/magnis\/magnio-purskalas-sanariams-150-ml\/#breadcrumb\"},\"inLanguage\":\"lt-LT\",\"potentialAction\":[{\"@type\":\"ReadAction\",\"target\":[\"https:\/\/test.puhdasplus.ee\/lt\/tooted\/mineralai\/magnis\/magnio-purskalas-sanariams-150-ml\/\"]}]},{\"@type\":\"ImageObject\",\"inLanguage\":\"lt-LT\",\"@id\":\"https:\/\/test.puhdasplus.ee\/lt\/tooted\/mineralai\/magnis\/magnio-purskalas-sanariams-150-ml\/#primaryimage\",\"url\":\"https:\/\/test.puhdasplus.ee\/wp-content\/uploads\/2025\/03\/31.jpg\",\"contentUrl\":\"https:\/\/test.puhdasplus.ee\/wp-content\/uploads\/2025\/03\/31.jpg\",\"width\":1862,\"height\":2560,\"caption\":\"Magnio pur\u0161kiklis Nivelille 150ml\"},{\"@type\":\"BreadcrumbList\",\"@id\":\"https:\/\/test.puhdasplus.ee\/lt\/tooted\/mineralai\/magnis\/magnio-purskalas-sanariams-150-ml\/#breadcrumb\",\"itemListElement\":[{\"@type\":\"ListItem\",\"position\":1,\"name\":\"Prad\u017eia\",\"item\":\"https:\/\/test.puhdasplus.ee\/lt\/\"},{\"@type\":\"ListItem\",\"position\":2,\"name\":\"Produktai\",\"item\":\"https:\/\/test.puhdasplus.ee\/lt\/parduotuve\/\"},{\"@type\":\"ListItem\",\"position\":3,\"name\":\"Magnio pur\u0161kalas s\u0105nariams 150 ml\"}]},{\"@type\":\"WebSite\",\"@id\":\"https:\/\/test.puhdasplus.ee\/lt\/#website\",\"url\":\"https:\/\/test.puhdasplus.ee\/lt\/\",\"name\":\"Puhdas+\",\"description\":\"Vitamiinid, Toidulisandid, looduskosmeetika, tervis, sport\",\"publisher\":{\"@id\":\"https:\/\/test.puhdasplus.ee\/lt\/#organization\"},\"potentialAction\":[{\"@type\":\"SearchAction\",\"target\":{\"@type\":\"EntryPoint\",\"urlTemplate\":\"https:\/\/test.puhdasplus.ee\/lt\/?s={search_term_string}\"},\"query-input\":{\"@type\":\"PropertyValueSpecification\",\"valueRequired\":true,\"valueName\":\"search_term_string\"}}],\"inLanguage\":\"lt-LT\"},{\"@type\":\"Organization\",\"@id\":\"https:\/\/test.puhdasplus.ee\/lt\/#organization\",\"name\":\"Puhdas+\",\"alternateName\":\"Puhdasplus\",\"url\":\"https:\/\/test.puhdasplus.ee\/lt\/\",\"logo\":{\"@type\":\"ImageObject\",\"inLanguage\":\"lt-LT\",\"@id\":\"https:\/\/test.puhdasplus.ee\/lt\/#\/schema\/logo\/image\/\",\"url\":\"https:\/\/test.puhdasplus.ee\/\/wp-content\/uploads\/2019\/10\/puhdas_logo-arvele.png\",\"contentUrl\":\"https:\/\/test.puhdasplus.ee\/\/wp-content\/uploads\/2019\/10\/puhdas_logo-arvele.png\",\"width\":114,\"height\":94,\"caption\":\"Puhdas+\"},\"image\":{\"@id\":\"https:\/\/test.puhdasplus.ee\/lt\/#\/schema\/logo\/image\/\"},\"sameAs\":[\"https:\/\/www.facebook.com\/puhdasplus\",\"https:\/\/www.instagram.com\/puhdasplus_ee\/\"]}]}<\/script>\n<!-- \/ Yoast SEO plugin. -->","yoast_head_json":{"title":"Magnio pur\u0161kalas s\u0105nariams 150 ml - Puhdas+","description":"Nat\u016bralus magnio pur\u0161kalas s\u0105nari\u0173 ir raumen\u0173 prie\u017ei\u016brai. Greitai \u012fsigeria, atpalaiduoja \u012fsitempusias vietas ir palaiko jud\u0117jimo laisv\u0119.","robots":{"index":"noindex","follow":"follow","max-snippet":"max-snippet:-1","max-image-preview":"max-image-preview:large","max-video-preview":"max-video-preview:-1"},"og_locale":"lt_LT","og_type":"article","og_title":"Magnio pur\u0161kalas s\u0105nariams 150 ml - Puhdas+","og_description":"Nat\u016bralus magnio pur\u0161kalas s\u0105nari\u0173 ir raumen\u0173 prie\u017ei\u016brai. Greitai \u012fsigeria, atpalaiduoja \u012fsitempusias vietas ir palaiko jud\u0117jimo laisv\u0119.","og_url":"https:\/\/test.puhdasplus.ee\/lt\/tooted\/mineralai\/magnis\/magnio-purskalas-sanariams-150-ml\/","og_site_name":"Puhdas+","article_publisher":"https:\/\/www.facebook.com\/puhdasplus","article_modified_time":"2026-03-10T12:43:39+00:00","og_image":[{"width":1862,"height":2560,"url":"https:\/\/test.puhdasplus.ee\/wp-content\/uploads\/2025\/03\/31.jpg","type":"image\/jpeg"}],"twitter_card":"summary_large_image","twitter_misc":{"Est. reading time":"3 minut\u0117"},"schema":{"@context":"https:\/\/schema.org","@graph":[{"@type":"WebPage","@id":"https:\/\/test.puhdasplus.ee\/lt\/tooted\/mineralai\/magnis\/magnio-purskalas-sanariams-150-ml\/","url":"https:\/\/test.puhdasplus.ee\/lt\/tooted\/mineralai\/magnis\/magnio-purskalas-sanariams-150-ml\/","name":"Magnio pur\u0161kalas s\u0105nariams 150 ml - Puhdas+","isPartOf":{"@id":"https:\/\/test.puhdasplus.ee\/lt\/#website"},"primaryImageOfPage":{"@id":"https:\/\/test.puhdasplus.ee\/lt\/tooted\/mineralai\/magnis\/magnio-purskalas-sanariams-150-ml\/#primaryimage"},"image":{"@id":"https:\/\/test.puhdasplus.ee\/lt\/tooted\/mineralai\/magnis\/magnio-purskalas-sanariams-150-ml\/#primaryimage"},"thumbnailUrl":"https:\/\/test.puhdasplus.ee\/wp-content\/uploads\/2025\/03\/31.jpg","datePublished":"2019-11-23T17:36:23+00:00","dateModified":"2026-03-10T12:43:39+00:00","description":"Nat\u016bralus magnio pur\u0161kalas s\u0105nari\u0173 ir raumen\u0173 prie\u017ei\u016brai. Greitai \u012fsigeria, atpalaiduoja \u012fsitempusias vietas ir palaiko jud\u0117jimo laisv\u0119.","breadcrumb":{"@id":"https:\/\/test.puhdasplus.ee\/lt\/tooted\/mineralai\/magnis\/magnio-purskalas-sanariams-150-ml\/#breadcrumb"},"inLanguage":"lt-LT","potentialAction":[{"@type":"ReadAction","target":["https:\/\/test.puhdasplus.ee\/lt\/tooted\/mineralai\/magnis\/magnio-purskalas-sanariams-150-ml\/"]}]},{"@type":"ImageObject","inLanguage":"lt-LT","@id":"https:\/\/test.puhdasplus.ee\/lt\/tooted\/mineralai\/magnis\/magnio-purskalas-sanariams-150-ml\/#primaryimage","url":"https:\/\/test.puhdasplus.ee\/wp-content\/uploads\/2025\/03\/31.jpg","contentUrl":"https:\/\/test.puhdasplus.ee\/wp-content\/uploads\/2025\/03\/31.jpg","width":1862,"height":2560,"caption":"Magnio pur\u0161kiklis Nivelille 150ml"},{"@type":"BreadcrumbList","@id":"https:\/\/test.puhdasplus.ee\/lt\/tooted\/mineralai\/magnis\/magnio-purskalas-sanariams-150-ml\/#breadcrumb","itemListElement":[{"@type":"ListItem","position":1,"name":"Prad\u017eia","item":"https:\/\/test.puhdasplus.ee\/lt\/"},{"@type":"ListItem","position":2,"name":"Produktai","item":"https:\/\/test.puhdasplus.ee\/lt\/parduotuve\/"},{"@type":"ListItem","position":3,"name":"Magnio pur\u0161kalas s\u0105nariams 150 ml"}]},{"@type":"WebSite","@id":"https:\/\/test.puhdasplus.ee\/lt\/#website","url":"https:\/\/test.puhdasplus.ee\/lt\/","name":"Puhdas+","description":"Vitamiinid, Toidulisandid, looduskosmeetika, tervis, sport","publisher":{"@id":"https:\/\/test.puhdasplus.ee\/lt\/#organization"},"potentialAction":[{"@type":"SearchAction","target":{"@type":"EntryPoint","urlTemplate":"https:\/\/test.puhdasplus.ee\/lt\/?s={search_term_string}"},"query-input":{"@type":"PropertyValueSpecification","valueRequired":true,"valueName":"search_term_string"}}],"inLanguage":"lt-LT"},{"@type":"Organization","@id":"https:\/\/test.puhdasplus.ee\/lt\/#organization","name":"Puhdas+","alternateName":"Puhdasplus","url":"https:\/\/test.puhdasplus.ee\/lt\/","logo":{"@type":"ImageObject","inLanguage":"lt-LT","@id":"https:\/\/test.puhdasplus.ee\/lt\/#\/schema\/logo\/image\/","url":"https:\/\/test.puhdasplus.ee\/\/wp-content\/uploads\/2019\/10\/puhdas_logo-arvele.png","contentUrl":"https:\/\/test.puhdasplus.ee\/\/wp-content\/uploads\/2019\/10\/puhdas_logo-arvele.png","width":114,"height":94,"caption":"Puhdas+"},"image":{"@id":"https:\/\/test.puhdasplus.ee\/lt\/#\/schema\/logo\/image\/"},"sameAs":["https:\/\/www.facebook.com\/puhdasplus","https:\/\/www.instagram.com\/puhdasplus_ee\/"]}]}},"_links":{"self":[{"href":"https:\/\/test.puhdasplus.ee\/lt\/wp-json\/wp\/v2\/product\/353577","targetHints":{"allow":["GET"]}}],"collection":[{"href":"https:\/\/test.puhdasplus.ee\/lt\/wp-json\/wp\/v2\/product"}],"about":[{"href":"https:\/\/test.puhdasplus.ee\/lt\/wp-json\/wp\/v2\/types\/product"}],"replies":[{"embeddable":true,"href":"https:\/\/test.puhdasplus.ee\/lt\/wp-json\/wp\/v2\/comments?post=353577"}],"wp:featuredmedia":[{"embeddable":true,"href":"https:\/\/test.puhdasplus.ee\/lt\/wp-json\/wp\/v2\/media\/353581"}],"wp:attachment":[{"href":"https:\/\/test.puhdasplus.ee\/lt\/wp-json\/wp\/v2\/media?parent=353577"}],"wp:term":[{"taxonomy":"product_brand","embeddable":true,"href":"https:\/\/test.puhdasplus.ee\/lt\/wp-json\/wp\/v2\/product_brand?post=353577"},{"taxonomy":"product_cat","embeddable":true,"href":"https:\/\/test.puhdasplus.ee\/lt\/wp-json\/wp\/v2\/product_cat?post=353577"},{"taxonomy":"product_tag","embeddable":true,"href":"https:\/\/test.puhdasplus.ee\/lt\/wp-json\/wp\/v2\/product_tag?post=353577"}],"curies":[{"name":"wp","href":"https:\/\/api.w.org\/{rel}","templated":true}]}}