{"id":353542,"date":"2019-11-23T19:22:28","date_gmt":"2019-11-23T17:22:28","guid":{"rendered":"https:\/\/test.puhdasplus.ee\/\/tooted\/be-kategorijos\/grozio-biotinas-10-000-%ce%bcg-60-kapsuliu\/"},"modified":"2026-03-10T14:43:28","modified_gmt":"2026-03-10T12:43:28","slug":"grozio-biotinas-10-000-%ce%bcg-60-kapsuliu","status":"publish","type":"product","link":"https:\/\/test.puhdasplus.ee\/lt\/tooted\/specialus-pasiulymai\/grozio-biotinas-10-000-%ce%bcg-60-kapsuliu\/","title":{"rendered":"Gro\u017eio biotinas 10 000 \u03bcg 60 kapsuli\u0173"},"content":{"rendered":"<h2 data-start=\"288\" data-end=\"313\">Kas yra biotinas?<\/h2>\n<p class=\"\" data-start=\"315\" data-end=\"595\">Biotinas, dar \u017einomas kaip vitaminas B7 arba vitaminas H, yra vandenyje tirpus vitaminas, kuris padeda palaikyti energijos gamyb\u0105 ir normali\u0105 maistini\u0173 med\u017eiag\u0173 apykait\u0105. Jis taip pat palaiko normali\u0105 plauk\u0173 ir odos b\u016bkl\u0119, normali\u0105 nerv\u0173 sistemos veikl\u0105 ir psichologines funkcijas. <\/p>\n<h2 data-start=\"602\" data-end=\"645\">Kod\u0117l \u201ePure+ Biotin\u201c yra naudingas?<\/h2>\n<h3 data-start=\"647\" data-end=\"689\">Palaiko normali\u0105 plauk\u0173 ir odos b\u016bkl\u0119<\/h3>\n<p class=\"\" data-start=\"690\" data-end=\"896\">Biotinas padeda palaikyti <strong data-start=\"714\" data-end=\"753\">normali\u0105 plauk\u0173 ir odos b\u016bkl\u0119<\/strong> . Reguliarus biotino vartojimas gali skatinti plauk\u0173 augim\u0105, ma\u017einti j\u0173 l\u016b\u017ein\u0117jim\u0105 ir prisid\u0117ti prie geresnio odos dr\u0117gm\u0117s lygio bei elastingumo. <\/p>\n<h3 data-start=\"898\" data-end=\"934\">Imunitetas ir nerv\u0173 sistema<\/h3>\n<p class=\"\" data-start=\"935\" data-end=\"1084\">Biotinas padeda <strong data-start=\"992\" data-end=\"1033\">palaikyti normali\u0105 nerv\u0173 sistemos veikl\u0105 ir psichologines funkcijas<\/strong> .<\/p>\n<h3 data-start=\"1086\" data-end=\"1115\">Metabolizmo palaikytojas<\/h3>\n<p class=\"\" data-start=\"1116\" data-end=\"1236\">Vitaminas B7 padeda <strong data-start=\"1140\" data-end=\"1203\">palaikyti energijos gamyb\u0105 ir normali\u0105 maistini\u0173 med\u017eiag\u0173 apykait\u0105<\/strong> .<\/p>\n<h3 data-start=\"1238\" data-end=\"1274\">Nat\u016brali ir gryna sud\u0117tis<\/h3>\n<p class=\"\" data-start=\"1275\" data-end=\"1400\">\u201ePure+ Biotin\u201c sud\u0117tyje n\u0117ra dirbtini\u0173 da\u017eikli\u0173, kvapi\u0173j\u0173 med\u017eiag\u0173, glitimo, laktoz\u0117s, mieli\u0173 ar saldikli\u0173. Jis taip pat tinka veganams. <\/p>\n<h2 data-start=\"1407\" data-end=\"1448\">Kam tinka \u201ePure+ Biotin\u201c?<\/h2>\n<ul data-start=\"1450\" data-end=\"1742\">\n<li class=\"\" data-start=\"1450\" data-end=\"1510\">\n<p class=\"\" data-start=\"1452\" data-end=\"1510\">Norintiems palaikyti <strong data-start=\"1482\" data-end=\"1508\">plauk\u0173 ir odos b\u016bkl\u0119<\/strong><\/p>\n<\/li>\n<li class=\"\" data-start=\"1511\" data-end=\"1594\">\n<p class=\"\" data-start=\"1513\" data-end=\"1594\">Tiems, kurie jau\u010dia <strong data-start=\"1538\" data-end=\"1562\">nuovarg\u012f ar stres\u0105<\/strong> ir nori palaikyti nerv\u0173 sistemos pusiausvyr\u0105.<\/p>\n<\/li>\n<li class=\"\" data-start=\"1595\" data-end=\"1673\">\n<p class=\"\" data-start=\"1597\" data-end=\"1673\">Veganams ir vegetarams, kuri\u0173 mityboje gali tr\u016bkti biotino<\/p>\n<\/li>\n<li class=\"\" data-start=\"1674\" data-end=\"1742\">\n<p class=\"\" data-start=\"1676\" data-end=\"1742\">Visiems, kurie renkasi <strong data-start=\"1700\" data-end=\"1742\">gryn\u0105 ir be pried\u0173 maisto papild\u0105<\/strong><\/p>\n<\/li>\n<\/ul>\n<h2 data-start=\"1749\" data-end=\"1770\">Naudojimas<\/h2>\n<p class=\"\" data-start=\"1772\" data-end=\"1829\"><strong data-start=\"1772\" data-end=\"1801\">Rekomenduojama paros doz\u0117:<\/strong> 1 kapsul\u0117 per dien\u0105, u\u017egeriant vandeniu.<\/p>\n<p class=\"\" data-start=\"1831\" data-end=\"2011\">Nevir\u0161ykite rekomenduojamos paros doz\u0117s. Maisto papildas n\u0117ra \u012fvairios ir subalansuotos mitybos ar sveiko gyvenimo b\u016bdo pakaitalas. Laikyti vaikams nepasiekiamoje vietoje.  <\/p>\n<h2 data-start=\"2018\" data-end=\"2056\">Sudedamosios dalys ir maistin\u0117 vert\u0117<\/h2>\n<ul data-start=\"2058\" data-end=\"2280\">\n<li class=\"\" data-start=\"2058\" data-end=\"2187\">\n<p class=\"\" data-start=\"2060\" data-end=\"2187\"><strong data-start=\"2060\" data-end=\"2076\">Sudedamosios dalys:<\/strong> mikrokristalin\u0117 celiulioz\u0117 (u\u017epildo med\u017eiaga), kapsul\u0117 (hidroksipropilmetilceliulioz\u0117, gelano derva), D-biotinas<\/p>\n<\/li>\n<li class=\"\" data-start=\"2188\" data-end=\"2280\">\n<p class=\"\" data-start=\"2190\" data-end=\"2214\"><strong data-start=\"2190\" data-end=\"2212\">1 kapsul\u0117je yra:<\/strong><\/p>\n<ul data-start=\"2217\" data-end=\"2280\">\n<li class=\"\" data-start=\"2217\" data-end=\"2280\">\n<p class=\"\" data-start=\"2219\" data-end=\"2280\">Biotinas: 10 000 \u00b5g (20 000 % referencin\u0117s paros normos \u2013 RMV*)<\/p>\n<\/li>\n<\/ul>\n<\/li>\n<\/ul>\n<p>&nbsp;<\/p>\n<p><strong data-start=\"68\" data-end=\"79\">Gamintojas:<\/strong> New Organics Oy, Suomija<br data-start=\"102\" data-end=\"105\"><strong data-start=\"105\" data-end=\"120\">Importuotojas:<\/strong> NordenBio O\u00dc, Narva mnt 7, 10117 Talinas<\/p>\n","protected":false},"excerpt":{"rendered":"<p class=\"\" data-start=\"195\" data-end=\"725\">\u201ePure+ Biotin 10 000 \u00b5g\u201c yra galingas ir grynas maisto papildas, padedantis palaikyti normali\u0105 plauk\u0173 ir odos b\u016bkl\u0119 bei normali\u0105 nerv\u0173 sistemos ir psichologini\u0173 funkcij\u0173 veikl\u0105. Biotinas, dar \u017einomas kaip vitaminas B7, dalyvauja energijos gamyboje ir maistini\u0173 med\u017eiag\u0173 apykaitoje. Produktas puikiai tinka tiems, kurie nori palaikyti normali\u0105 plauk\u0173 ir odos b\u016bkl\u0119 bei nerv\u0173 sistemos veikl\u0105. Kapsul\u0117se n\u0117ra glitimo, laktoz\u0117s ar dirbtini\u0173 pried\u0173, jos taip pat tinka veganams.   <\/p>\n","protected":false},"featured_media":353547,"comment_status":"closed","ping_status":"closed","template":"","meta":{"_acf_changed":false},"product_brand":[],"product_cat":[3283,3282,3049],"product_tag":[6807,3286,3288,2577,2563,3285,6461,3783,6808,2967,3287,6809],"class_list":{"0":"post-353542","1":"product","2":"type-product","3":"status-publish","4":"has-post-thumbnail","6":"product_cat-biotinas","7":"product_cat-oda-plaukai-nagai","8":"product_cat-specialus-pasiulymai","9":"product_tag-biotinas-10-000-g","10":"product_tag-biotino-papildas","11":"product_tag-grozio-vitaminas","12":"product_tag-grynas-grozis","13":"product_tag-naturali-grozio-prieziura","14":"product_tag-odos-sveikata","15":"product_tag-plauku-augimo-palaikymas-lt","16":"product_tag-stiprus-plaukai","17":"product_tag-sveiki-nagai","18":"product_tag-veganas","19":"product_tag-veganiskas-biotinas","20":"product_tag-vitaminas-b7","22":"first","23":"instock","24":"sale","25":"featured","26":"taxable","27":"shipping-taxable","28":"purchasable","29":"product-type-simple"},"acf":[],"yoast_head":"<!-- This site is optimized with the Yoast SEO plugin v27.1.1 - https:\/\/yoast.com\/product\/yoast-seo-wordpress\/ -->\n<title>Gro\u017eio biotinas 10 000 \u03bcg 60 kapsuli\u0173 - Puhdas+<\/title>\n<meta name=\"description\" content=\"\u201eBeauty Vahva Biotin\u201c 10 000 \u00b5g \u2013 stiprus vegani\u0161kas biotino papildas, skatinantis plauk\u0173 augim\u0105, nag\u0173 stiprinim\u0105 ir odos sveikat\u0105.\" \/>\n<meta name=\"robots\" content=\"noindex, follow, max-snippet:-1, max-image-preview:large, max-video-preview:-1\" \/>\n<meta property=\"og:locale\" content=\"lt_LT\" \/>\n<meta property=\"og:type\" content=\"article\" \/>\n<meta property=\"og:title\" content=\"Gro\u017eio biotinas 10 000 \u03bcg 60 kapsuli\u0173 - Puhdas+\" \/>\n<meta property=\"og:description\" content=\"\u201eBeauty Vahva Biotin\u201c 10 000 \u00b5g \u2013 stiprus vegani\u0161kas biotino papildas, skatinantis plauk\u0173 augim\u0105, nag\u0173 stiprinim\u0105 ir odos sveikat\u0105.\" \/>\n<meta property=\"og:url\" content=\"https:\/\/test.puhdasplus.ee\/lt\/tooted\/specialus-pasiulymai\/grozio-biotinas-10-000-%ce%bcg-60-kapsuliu\/\" \/>\n<meta property=\"og:site_name\" content=\"Puhdas+\" \/>\n<meta property=\"article:publisher\" content=\"https:\/\/www.facebook.com\/puhdasplus\" \/>\n<meta property=\"article:modified_time\" content=\"2026-03-10T12:43:28+00:00\" \/>\n<meta property=\"og:image\" content=\"https:\/\/test.puhdasplus.ee\/wp-content\/uploads\/2019\/11\/Untitled-design-45-1.jpg\" \/>\n\t<meta property=\"og:image:width\" content=\"1862\" \/>\n\t<meta property=\"og:image:height\" content=\"2560\" \/>\n\t<meta property=\"og:image:type\" content=\"image\/jpeg\" \/>\n<meta name=\"twitter:card\" content=\"summary_large_image\" \/>\n<meta name=\"twitter:label1\" content=\"Est. reading time\" \/>\n\t<meta name=\"twitter:data1\" content=\"1 minut\u0117\" \/>\n<script type=\"application\/ld+json\" class=\"yoast-schema-graph\">{\"@context\":\"https:\/\/schema.org\",\"@graph\":[{\"@type\":\"WebPage\",\"@id\":\"https:\/\/test.puhdasplus.ee\/lt\/tooted\/specialus-pasiulymai\/grozio-biotinas-10-000-%ce%bcg-60-kapsuliu\/\",\"url\":\"https:\/\/test.puhdasplus.ee\/lt\/tooted\/specialus-pasiulymai\/grozio-biotinas-10-000-%ce%bcg-60-kapsuliu\/\",\"name\":\"Gro\u017eio biotinas 10 000 \u03bcg 60 kapsuli\u0173 - Puhdas+\",\"isPartOf\":{\"@id\":\"https:\/\/test.puhdasplus.ee\/lt\/#website\"},\"primaryImageOfPage\":{\"@id\":\"https:\/\/test.puhdasplus.ee\/lt\/tooted\/specialus-pasiulymai\/grozio-biotinas-10-000-%ce%bcg-60-kapsuliu\/#primaryimage\"},\"image\":{\"@id\":\"https:\/\/test.puhdasplus.ee\/lt\/tooted\/specialus-pasiulymai\/grozio-biotinas-10-000-%ce%bcg-60-kapsuliu\/#primaryimage\"},\"thumbnailUrl\":\"https:\/\/test.puhdasplus.ee\/wp-content\/uploads\/2019\/11\/Untitled-design-45-1.jpg\",\"datePublished\":\"2019-11-23T17:22:28+00:00\",\"dateModified\":\"2026-03-10T12:43:28+00:00\",\"description\":\"\u201eBeauty Vahva Biotin\u201c 10 000 \u00b5g \u2013 stiprus vegani\u0161kas biotino papildas, skatinantis plauk\u0173 augim\u0105, nag\u0173 stiprinim\u0105 ir odos sveikat\u0105.\",\"breadcrumb\":{\"@id\":\"https:\/\/test.puhdasplus.ee\/lt\/tooted\/specialus-pasiulymai\/grozio-biotinas-10-000-%ce%bcg-60-kapsuliu\/#breadcrumb\"},\"inLanguage\":\"lt-LT\",\"potentialAction\":[{\"@type\":\"ReadAction\",\"target\":[\"https:\/\/test.puhdasplus.ee\/lt\/tooted\/specialus-pasiulymai\/grozio-biotinas-10-000-%ce%bcg-60-kapsuliu\/\"]}]},{\"@type\":\"ImageObject\",\"inLanguage\":\"lt-LT\",\"@id\":\"https:\/\/test.puhdasplus.ee\/lt\/tooted\/specialus-pasiulymai\/grozio-biotinas-10-000-%ce%bcg-60-kapsuliu\/#primaryimage\",\"url\":\"https:\/\/test.puhdasplus.ee\/wp-content\/uploads\/2019\/11\/Untitled-design-45-1.jpg\",\"contentUrl\":\"https:\/\/test.puhdasplus.ee\/wp-content\/uploads\/2019\/11\/Untitled-design-45-1.jpg\",\"width\":1862,\"height\":2560,\"caption\":\"Biotinas \u201eBeauty+\u201c 10 000 \u03bcg, 60 kapsuli\u0173\"},{\"@type\":\"BreadcrumbList\",\"@id\":\"https:\/\/test.puhdasplus.ee\/lt\/tooted\/specialus-pasiulymai\/grozio-biotinas-10-000-%ce%bcg-60-kapsuliu\/#breadcrumb\",\"itemListElement\":[{\"@type\":\"ListItem\",\"position\":1,\"name\":\"Prad\u017eia\",\"item\":\"https:\/\/test.puhdasplus.ee\/lt\/\"},{\"@type\":\"ListItem\",\"position\":2,\"name\":\"Produktai\",\"item\":\"https:\/\/test.puhdasplus.ee\/lt\/parduotuve\/\"},{\"@type\":\"ListItem\",\"position\":3,\"name\":\"Gro\u017eio biotinas 10 000 \u03bcg 60 kapsuli\u0173\"}]},{\"@type\":\"WebSite\",\"@id\":\"https:\/\/test.puhdasplus.ee\/lt\/#website\",\"url\":\"https:\/\/test.puhdasplus.ee\/lt\/\",\"name\":\"Puhdas+\",\"description\":\"Vitamiinid, Toidulisandid, looduskosmeetika, tervis, sport\",\"publisher\":{\"@id\":\"https:\/\/test.puhdasplus.ee\/lt\/#organization\"},\"potentialAction\":[{\"@type\":\"SearchAction\",\"target\":{\"@type\":\"EntryPoint\",\"urlTemplate\":\"https:\/\/test.puhdasplus.ee\/lt\/?s={search_term_string}\"},\"query-input\":{\"@type\":\"PropertyValueSpecification\",\"valueRequired\":true,\"valueName\":\"search_term_string\"}}],\"inLanguage\":\"lt-LT\"},{\"@type\":\"Organization\",\"@id\":\"https:\/\/test.puhdasplus.ee\/lt\/#organization\",\"name\":\"Puhdas+\",\"alternateName\":\"Puhdasplus\",\"url\":\"https:\/\/test.puhdasplus.ee\/lt\/\",\"logo\":{\"@type\":\"ImageObject\",\"inLanguage\":\"lt-LT\",\"@id\":\"https:\/\/test.puhdasplus.ee\/lt\/#\/schema\/logo\/image\/\",\"url\":\"https:\/\/test.puhdasplus.ee\/\/wp-content\/uploads\/2019\/10\/puhdas_logo-arvele.png\",\"contentUrl\":\"https:\/\/test.puhdasplus.ee\/\/wp-content\/uploads\/2019\/10\/puhdas_logo-arvele.png\",\"width\":114,\"height\":94,\"caption\":\"Puhdas+\"},\"image\":{\"@id\":\"https:\/\/test.puhdasplus.ee\/lt\/#\/schema\/logo\/image\/\"},\"sameAs\":[\"https:\/\/www.facebook.com\/puhdasplus\",\"https:\/\/www.instagram.com\/puhdasplus_ee\/\"]}]}<\/script>\n<!-- \/ Yoast SEO plugin. -->","yoast_head_json":{"title":"Gro\u017eio biotinas 10 000 \u03bcg 60 kapsuli\u0173 - Puhdas+","description":"\u201eBeauty Vahva Biotin\u201c 10 000 \u00b5g \u2013 stiprus vegani\u0161kas biotino papildas, skatinantis plauk\u0173 augim\u0105, nag\u0173 stiprinim\u0105 ir odos sveikat\u0105.","robots":{"index":"noindex","follow":"follow","max-snippet":"max-snippet:-1","max-image-preview":"max-image-preview:large","max-video-preview":"max-video-preview:-1"},"og_locale":"lt_LT","og_type":"article","og_title":"Gro\u017eio biotinas 10 000 \u03bcg 60 kapsuli\u0173 - Puhdas+","og_description":"\u201eBeauty Vahva Biotin\u201c 10 000 \u00b5g \u2013 stiprus vegani\u0161kas biotino papildas, skatinantis plauk\u0173 augim\u0105, nag\u0173 stiprinim\u0105 ir odos sveikat\u0105.","og_url":"https:\/\/test.puhdasplus.ee\/lt\/tooted\/specialus-pasiulymai\/grozio-biotinas-10-000-%ce%bcg-60-kapsuliu\/","og_site_name":"Puhdas+","article_publisher":"https:\/\/www.facebook.com\/puhdasplus","article_modified_time":"2026-03-10T12:43:28+00:00","og_image":[{"width":1862,"height":2560,"url":"https:\/\/test.puhdasplus.ee\/wp-content\/uploads\/2019\/11\/Untitled-design-45-1.jpg","type":"image\/jpeg"}],"twitter_card":"summary_large_image","twitter_misc":{"Est. reading time":"1 minut\u0117"},"schema":{"@context":"https:\/\/schema.org","@graph":[{"@type":"WebPage","@id":"https:\/\/test.puhdasplus.ee\/lt\/tooted\/specialus-pasiulymai\/grozio-biotinas-10-000-%ce%bcg-60-kapsuliu\/","url":"https:\/\/test.puhdasplus.ee\/lt\/tooted\/specialus-pasiulymai\/grozio-biotinas-10-000-%ce%bcg-60-kapsuliu\/","name":"Gro\u017eio biotinas 10 000 \u03bcg 60 kapsuli\u0173 - Puhdas+","isPartOf":{"@id":"https:\/\/test.puhdasplus.ee\/lt\/#website"},"primaryImageOfPage":{"@id":"https:\/\/test.puhdasplus.ee\/lt\/tooted\/specialus-pasiulymai\/grozio-biotinas-10-000-%ce%bcg-60-kapsuliu\/#primaryimage"},"image":{"@id":"https:\/\/test.puhdasplus.ee\/lt\/tooted\/specialus-pasiulymai\/grozio-biotinas-10-000-%ce%bcg-60-kapsuliu\/#primaryimage"},"thumbnailUrl":"https:\/\/test.puhdasplus.ee\/wp-content\/uploads\/2019\/11\/Untitled-design-45-1.jpg","datePublished":"2019-11-23T17:22:28+00:00","dateModified":"2026-03-10T12:43:28+00:00","description":"\u201eBeauty Vahva Biotin\u201c 10 000 \u00b5g \u2013 stiprus vegani\u0161kas biotino papildas, skatinantis plauk\u0173 augim\u0105, nag\u0173 stiprinim\u0105 ir odos sveikat\u0105.","breadcrumb":{"@id":"https:\/\/test.puhdasplus.ee\/lt\/tooted\/specialus-pasiulymai\/grozio-biotinas-10-000-%ce%bcg-60-kapsuliu\/#breadcrumb"},"inLanguage":"lt-LT","potentialAction":[{"@type":"ReadAction","target":["https:\/\/test.puhdasplus.ee\/lt\/tooted\/specialus-pasiulymai\/grozio-biotinas-10-000-%ce%bcg-60-kapsuliu\/"]}]},{"@type":"ImageObject","inLanguage":"lt-LT","@id":"https:\/\/test.puhdasplus.ee\/lt\/tooted\/specialus-pasiulymai\/grozio-biotinas-10-000-%ce%bcg-60-kapsuliu\/#primaryimage","url":"https:\/\/test.puhdasplus.ee\/wp-content\/uploads\/2019\/11\/Untitled-design-45-1.jpg","contentUrl":"https:\/\/test.puhdasplus.ee\/wp-content\/uploads\/2019\/11\/Untitled-design-45-1.jpg","width":1862,"height":2560,"caption":"Biotinas \u201eBeauty+\u201c 10 000 \u03bcg, 60 kapsuli\u0173"},{"@type":"BreadcrumbList","@id":"https:\/\/test.puhdasplus.ee\/lt\/tooted\/specialus-pasiulymai\/grozio-biotinas-10-000-%ce%bcg-60-kapsuliu\/#breadcrumb","itemListElement":[{"@type":"ListItem","position":1,"name":"Prad\u017eia","item":"https:\/\/test.puhdasplus.ee\/lt\/"},{"@type":"ListItem","position":2,"name":"Produktai","item":"https:\/\/test.puhdasplus.ee\/lt\/parduotuve\/"},{"@type":"ListItem","position":3,"name":"Gro\u017eio biotinas 10 000 \u03bcg 60 kapsuli\u0173"}]},{"@type":"WebSite","@id":"https:\/\/test.puhdasplus.ee\/lt\/#website","url":"https:\/\/test.puhdasplus.ee\/lt\/","name":"Puhdas+","description":"Vitamiinid, Toidulisandid, looduskosmeetika, tervis, sport","publisher":{"@id":"https:\/\/test.puhdasplus.ee\/lt\/#organization"},"potentialAction":[{"@type":"SearchAction","target":{"@type":"EntryPoint","urlTemplate":"https:\/\/test.puhdasplus.ee\/lt\/?s={search_term_string}"},"query-input":{"@type":"PropertyValueSpecification","valueRequired":true,"valueName":"search_term_string"}}],"inLanguage":"lt-LT"},{"@type":"Organization","@id":"https:\/\/test.puhdasplus.ee\/lt\/#organization","name":"Puhdas+","alternateName":"Puhdasplus","url":"https:\/\/test.puhdasplus.ee\/lt\/","logo":{"@type":"ImageObject","inLanguage":"lt-LT","@id":"https:\/\/test.puhdasplus.ee\/lt\/#\/schema\/logo\/image\/","url":"https:\/\/test.puhdasplus.ee\/\/wp-content\/uploads\/2019\/10\/puhdas_logo-arvele.png","contentUrl":"https:\/\/test.puhdasplus.ee\/\/wp-content\/uploads\/2019\/10\/puhdas_logo-arvele.png","width":114,"height":94,"caption":"Puhdas+"},"image":{"@id":"https:\/\/test.puhdasplus.ee\/lt\/#\/schema\/logo\/image\/"},"sameAs":["https:\/\/www.facebook.com\/puhdasplus","https:\/\/www.instagram.com\/puhdasplus_ee\/"]}]}},"_links":{"self":[{"href":"https:\/\/test.puhdasplus.ee\/lt\/wp-json\/wp\/v2\/product\/353542","targetHints":{"allow":["GET"]}}],"collection":[{"href":"https:\/\/test.puhdasplus.ee\/lt\/wp-json\/wp\/v2\/product"}],"about":[{"href":"https:\/\/test.puhdasplus.ee\/lt\/wp-json\/wp\/v2\/types\/product"}],"replies":[{"embeddable":true,"href":"https:\/\/test.puhdasplus.ee\/lt\/wp-json\/wp\/v2\/comments?post=353542"}],"wp:featuredmedia":[{"embeddable":true,"href":"https:\/\/test.puhdasplus.ee\/lt\/wp-json\/wp\/v2\/media\/353547"}],"wp:attachment":[{"href":"https:\/\/test.puhdasplus.ee\/lt\/wp-json\/wp\/v2\/media?parent=353542"}],"wp:term":[{"taxonomy":"product_brand","embeddable":true,"href":"https:\/\/test.puhdasplus.ee\/lt\/wp-json\/wp\/v2\/product_brand?post=353542"},{"taxonomy":"product_cat","embeddable":true,"href":"https:\/\/test.puhdasplus.ee\/lt\/wp-json\/wp\/v2\/product_cat?post=353542"},{"taxonomy":"product_tag","embeddable":true,"href":"https:\/\/test.puhdasplus.ee\/lt\/wp-json\/wp\/v2\/product_tag?post=353542"}],"curies":[{"name":"wp","href":"https:\/\/api.w.org\/{rel}","templated":true}]}}