{"id":353523,"date":"2019-11-23T19:16:29","date_gmt":"2019-11-23T17:16:29","guid":{"rendered":"https:\/\/test.puhdasplus.ee\/\/tooted\/be-kategorijos\/l-teaninas-40-g\/"},"modified":"2026-03-10T14:44:14","modified_gmt":"2026-03-10T12:44:14","slug":"l-teaninas-40-g","status":"publish","type":"product","link":"https:\/\/test.puhdasplus.ee\/lt\/tooted\/stresas-ir-miegas\/l-teaninas-40-g\/","title":{"rendered":"L-teaninas 40 g"},"content":{"rendered":"<h2 data-start=\"221\" data-end=\"250\">Kas yra \u201ePure+\u201c L-teaninas?<\/h2>\n<p class=\"\" data-start=\"252\" data-end=\"371\"><span class=\"relative -mx-px my-[-0.2rem] rounded px-px py-[0.2rem] transition-colors duration-100 ease-in-out\">\u201ePure+ L-Theanine\u201c yra 100 % grynas maisto papildas, kurio sud\u0117tyje yra L-teanino \u2013 aminor\u016bg\u0161ties, nat\u016braliai randamos \u017ealiojoje arbatoje.<\/span> <span class=\"relative -mx-px my-[-0.2rem] rounded px-px py-[0.2rem] transition-colors duration-100 ease-in-out\">Produktas pagamintas Suomijoje, laikantis auk\u0161t\u0173 kokyb\u0117s standart\u0173, jame n\u0117ra konservant\u0173, da\u017eikli\u0173 ar kit\u0173 pried\u0173.<\/span><\/p>\n<h2 class=\"\" data-start=\"193\" data-end=\"237\">Kod\u0117l \u201ePure+\u201c L-teaninas yra naudingas?<\/h2>\n<p class=\"\" data-start=\"239\" data-end=\"572\"><strong data-start=\"239\" data-end=\"252\">L-teaninas<\/strong> yra nat\u016brali aminor\u016bg\u0161tis, daugiausia randama \u017ealiojoje arbatoje.<\/p>\n<p class=\"p1\">Jis vertinamas d\u0117l to, kad palaiko <b>normali\u0105 nerv\u0173 sistemos veikl\u0105<\/b> ir prisideda prie ramesn\u0117s proto b\u016bsenos. Skirtingai nuo daugelio stimuliatori\u0173, L-teaninas nesukelia mieguistumo ar dezorientacijos. <\/p>\n<h3 class=\"\" data-start=\"574\" data-end=\"619\">Palaiko susikaupim\u0105 ir protin\u012f ai\u0161kum\u0105<\/h3>\n<p class=\"p1\">L-teaninas siejamas su alfa smegen\u0173 bang\u0173, kurios siejamos su ramia, bet budria proto b\u016bsena, aktyvavimu. Jis vertinamas kaip susikaupimo palaikymo priemon\u0117 situacijose, kai norima i\u0161likti ramiam, bet proti\u0161kai budriam. <\/p>\n<h3 class=\"\" data-start=\"943\" data-end=\"978\"><b>Prisideda prie ramios nuotaikos ir pusiausvyros<\/b><\/h3>\n<p data-start=\"943\" data-end=\"978\">Nat\u016brali aminor\u016bg\u0161tis, vertinama d\u0117l to, kad padeda atsipalaiduoti stresin\u0117mis akimirkomis, i\u0161laikant protin\u012f ai\u0161kum\u0105 ir susikaupim\u0105.<\/p>\n<h3 class=\"\" data-start=\"1262\" data-end=\"1299\"><b>Tinka naudoti vakare<\/b><\/h3>\n<p class=\"p1\">D\u0117l raminamojo poveikio L-teaninas taip pat tinka vartoti vakare, kai norite nusiraminti ir palaikyti rami\u0105 nuotaik\u0105 prie\u0161 mieg\u0105. Tuo pa\u010diu metu jis nesukelia mieguistumo ar rytinio sunkumo. <\/p>\n<h3 class=\"\" data-start=\"1642\" data-end=\"1667\">Nat\u016bralu ir gryna<\/h3>\n<p class=\"\" data-start=\"1669\" data-end=\"1968\">\u201ePure+ L-Theanine\u201c yra i\u0161gaunamas i\u0161 \u017ealiosios arbatos ekstrakto ir sud\u0117tyje yra 40 % L-teanino, <strong data-start=\"1775\" data-end=\"1793\">be joki\u0173 pried\u0173<\/strong> . Tai rei\u0161kia, kad produkte n\u0117ra glitimo, laktoz\u0117s, mieli\u0173, saldikli\u0173 ar kit\u0173 prid\u0117tini\u0173 chemini\u0173 med\u017eiag\u0173, tod\u0117l jis puikiai tinka veganams ir \u017emon\u0117ms su jautria vir\u0161kinimo sistema. <\/p>\n<h2 data-start=\"568\" data-end=\"590\">Kam tai tinka?<\/h2>\n<p class=\"\" data-start=\"592\" data-end=\"677\"><span class=\"relative -mx-px my-[-0.2rem] rounded px-px py-[0.2rem] transition-colors duration-100 ease-in-out\">\u201ePure+ L-Theanine\u201c tinka:<\/span><\/p>\n<ul data-start=\"679\" data-end=\"892\">\n<li class=\"\" data-start=\"679\" data-end=\"720\">\n<p class=\"\" data-start=\"681\" data-end=\"720\"><span class=\"relative -mx-px my-[-0.2rem] rounded px-px py-[0.2rem] transition-colors duration-100 ease-in-out\">Tiems, kurie<\/span> ie\u0161ko nat\u016bralios nerv\u0173 sistemos ir proto pusiausvyros palaikymo<\/p>\n<\/li>\n<li class=\"\" data-start=\"721\" data-end=\"762\">\n<p class=\"\" data-start=\"723\" data-end=\"762\"><span class=\"relative -mx-px my-[-0.2rem] rounded px-px py-[0.2rem] transition-colors duration-100 ease-in-out\">Tiems, kurie nori<\/span> pagerinti susikaupim\u0105 ir protin\u012f ai\u0161kum\u0105<\/p>\n<\/li>\n<li class=\"\" data-start=\"763\" data-end=\"804\">\n<p class=\"\" data-start=\"765\" data-end=\"804\"><span class=\"relative -mx-px my-[-0.2rem] rounded px-px py-[0.2rem] transition-colors duration-100 ease-in-out\">Tiems, kurie nori<\/span> ramiau jaustis prie\u0161 mieg\u0105<\/p>\n<\/li>\n<li class=\"\" data-start=\"805\" data-end=\"892\">\n<p class=\"\" data-start=\"807\" data-end=\"892\"><span class=\"relative -mx-px my-[-0.2rem] rounded px-px py-[0.2rem] transition-colors duration-100 ease-in-out\">Tiems, kurie<\/span> renkasi produktus be pried\u0173 ir grynus<\/p>\n<\/li>\n<\/ul>\n<h2 data-start=\"899\" data-end=\"913\">Naudojimas<\/h2>\n<p class=\"\" data-start=\"915\" data-end=\"1040\"><span class=\"relative -mx-px my-[-0.2rem] rounded px-px py-[0.2rem] transition-colors duration-100 ease-in-out\"><strong data-start=\"0\" data-end=\"20\" data-is-only-node=\"\">Rekomenduojama doz\u0117<\/strong> : 1 samtelis (1 ml) per dien\u0105.<\/span> <span class=\"relative -mx-px my-[-0.2rem] rounded px-px py-[0.2rem] transition-colors duration-100 ease-in-out\">Miltelius sumai\u0161ykite su vandeniu, sultimis arba kokteiliu.<\/span><\/p>\n<p class=\"\" data-start=\"1042\" data-end=\"1127\"><span class=\"relative -mx-px my-[-0.2rem] rounded px-px py-[0.2rem] transition-colors duration-100 ease-in-out\">Nevir\u0161ykite rekomenduojamos paros doz\u0117s. Maisto papildas n\u0117ra \u012fvairios ir subalansuotos mitybos ar sveiko gyvenimo b\u016bdo pakaitalas. Laikyti vaikams nepasiekiamoje vietoje.  <\/span>\u200b<\/p>\n<h2 data-start=\"1134\" data-end=\"1149\">Ingredientai<\/h2>\n<ul data-start=\"1151\" data-end=\"1238\">\n<li class=\"\" data-start=\"1151\" data-end=\"1238\">\n<p class=\"\" data-start=\"1153\" data-end=\"1238\"><span class=\"relative -mx-px my-[-0.2rem] rounded px-px py-[0.2rem] transition-colors duration-100 ease-in-out\">\u017daliosios arbatos ekstraktas (Camellia sinensis L.), i\u0161 kuri\u0173 40 % L-teanino<\/span><\/p>\n<\/li>\n<\/ul>\n<p class=\"\" data-start=\"1240\" data-end=\"1365\"><span class=\"relative -mx-px my-[-0.2rem] rounded px-px py-[0.2rem] bg-[#FCECC1] dark:bg-[#64572A] transition-colors duration-100 ease-in-out\"><strong data-start=\"0\" data-end=\"14\" data-is-only-node=\"\">Sud\u0117tyje n\u0117ra<\/strong> : laktoz\u0117s, glitimo, mieli\u0173, cukraus, druskos, sojos ar saldikli\u0173.<\/span> <span class=\"relative -mx-px my-[-0.2rem] rounded px-px py-[0.2rem] transition-colors duration-100 ease-in-out\">Tinka veganams ir vegetarams.<\/span><\/p>\n<h2 data-start=\"1372\" data-end=\"1388\">Maistin\u0117 vert\u0117<\/h2>\n<p class=\"\" data-start=\"1390\" data-end=\"1475\"><span class=\"relative -mx-px my-[-0.2rem] rounded px-px py-[0.2rem] transition-colors duration-100 ease-in-out\"><strong data-start=\"0\" data-end=\"37\" data-is-only-node=\"\">1 matavimo \u0161auk\u0161telyje (1 ml) yra<\/strong> :<\/span><\/p>\n<ul data-start=\"1477\" data-end=\"1564\">\n<li class=\"\" data-start=\"1477\" data-end=\"1564\">\n<p class=\"\" data-start=\"1479\" data-end=\"1564\"><span class=\"relative -mx-px my-[-0.2rem] rounded px-px py-[0.2rem] transition-colors duration-100 ease-in-out\">L-teaninas: 200 mg<\/span><\/p>\n<\/li>\n<\/ul>\n<p>Pakuot\u0117je yra 100 dozi\u0173.<\/p>\n","protected":false},"excerpt":{"rendered":"<p class=\"p1\"><span class=\"s1\"><b>\u201ePure+ L-Theanine\u201c<\/b><\/span> yra nat\u016brali aminor\u016bg\u0161tis, gaunama i\u0161 \u017ealiosios arbatos, padedanti i\u0161laikyti ram\u0173 ir skaidr\u0173 prot\u0105. Tai idealus pasirinkimas tiems, kurie nori susidoroti su kasdieniu protiniu stresu, palaikydami koncentracij\u0105 ir vidin\u0119 pusiausvyr\u0105 nesukeldami mieguistumo ar nervingumo. <\/p>\n<p class=\"p1\">Milteli\u0173 forma leid\u017eia lanks\u010diai dozuoti, o gryna sud\u0117tis taip pat tinka \u017emon\u0117ms, turintiems jautr\u0173 vir\u0161kinim\u0105 ir besilaikantiems s\u0105moningo gyvenimo b\u016bdo. Tinka veganams ir vegetarams.<\/p>\n","protected":false},"featured_media":353525,"comment_status":"closed","ping_status":"closed","template":"","meta":{"_acf_changed":false},"product_brand":[],"product_cat":[3490,3049,3013],"product_tag":[6507],"class_list":{"0":"post-353523","1":"product","2":"type-product","3":"status-publish","4":"has-post-thumbnail","6":"product_cat-aminorugstys","7":"product_cat-specialus-pasiulymai","8":"product_cat-stresas-ir-miegas","9":"product_tag-l-teaninas","11":"first","12":"instock","13":"sale","14":"featured","15":"taxable","16":"shipping-taxable","17":"purchasable","18":"product-type-simple"},"acf":[],"yoast_head":"<!-- This site is optimized with the Yoast SEO plugin v27.1.1 - https:\/\/yoast.com\/product\/yoast-seo-wordpress\/ -->\n<title>L-teaninas 40 g - Puhdas+<\/title>\n<meta name=\"description\" content=\"L-teaninas stresui, nerimui ir miegui palaikyti. Padeda atsipalaiduoti ir susikaupti be mieguistumo. Grynas, be pried\u0173 ir tinka veganams.\" \/>\n<meta name=\"robots\" content=\"noindex, follow, max-snippet:-1, max-image-preview:large, max-video-preview:-1\" \/>\n<meta property=\"og:locale\" content=\"lt_LT\" \/>\n<meta property=\"og:type\" content=\"article\" \/>\n<meta property=\"og:title\" content=\"L-teaninas 40 g - Puhdas+\" \/>\n<meta property=\"og:description\" content=\"L-teaninas stresui, nerimui ir miegui palaikyti. Padeda atsipalaiduoti ir susikaupti be mieguistumo. Grynas, be pried\u0173 ir tinka veganams.\" \/>\n<meta property=\"og:url\" content=\"https:\/\/test.puhdasplus.ee\/lt\/tooted\/stresas-ir-miegas\/l-teaninas-40-g\/\" \/>\n<meta property=\"og:site_name\" content=\"Puhdas+\" \/>\n<meta property=\"article:publisher\" content=\"https:\/\/www.facebook.com\/puhdasplus\" \/>\n<meta property=\"article:modified_time\" content=\"2026-03-10T12:44:14+00:00\" \/>\n<meta property=\"og:image\" content=\"https:\/\/test.puhdasplus.ee\/wp-content\/uploads\/2025\/03\/189.jpg\" \/>\n\t<meta property=\"og:image:width\" content=\"1862\" \/>\n\t<meta property=\"og:image:height\" content=\"2560\" \/>\n\t<meta property=\"og:image:type\" content=\"image\/jpeg\" \/>\n<meta name=\"twitter:card\" content=\"summary_large_image\" \/>\n<meta name=\"twitter:label1\" content=\"Est. reading time\" \/>\n\t<meta name=\"twitter:data1\" content=\"2 minut\u0117\" \/>\n<script type=\"application\/ld+json\" class=\"yoast-schema-graph\">{\"@context\":\"https:\/\/schema.org\",\"@graph\":[{\"@type\":\"WebPage\",\"@id\":\"https:\/\/test.puhdasplus.ee\/lt\/tooted\/stresas-ir-miegas\/l-teaninas-40-g\/\",\"url\":\"https:\/\/test.puhdasplus.ee\/lt\/tooted\/stresas-ir-miegas\/l-teaninas-40-g\/\",\"name\":\"L-teaninas 40 g - Puhdas+\",\"isPartOf\":{\"@id\":\"https:\/\/test.puhdasplus.ee\/lt\/#website\"},\"primaryImageOfPage\":{\"@id\":\"https:\/\/test.puhdasplus.ee\/lt\/tooted\/stresas-ir-miegas\/l-teaninas-40-g\/#primaryimage\"},\"image\":{\"@id\":\"https:\/\/test.puhdasplus.ee\/lt\/tooted\/stresas-ir-miegas\/l-teaninas-40-g\/#primaryimage\"},\"thumbnailUrl\":\"https:\/\/test.puhdasplus.ee\/wp-content\/uploads\/2025\/03\/189.jpg\",\"datePublished\":\"2019-11-23T17:16:29+00:00\",\"dateModified\":\"2026-03-10T12:44:14+00:00\",\"description\":\"L-teaninas stresui, nerimui ir miegui palaikyti. Padeda atsipalaiduoti ir susikaupti be mieguistumo. Grynas, be pried\u0173 ir tinka veganams.\",\"breadcrumb\":{\"@id\":\"https:\/\/test.puhdasplus.ee\/lt\/tooted\/stresas-ir-miegas\/l-teaninas-40-g\/#breadcrumb\"},\"inLanguage\":\"lt-LT\",\"potentialAction\":[{\"@type\":\"ReadAction\",\"target\":[\"https:\/\/test.puhdasplus.ee\/lt\/tooted\/stresas-ir-miegas\/l-teaninas-40-g\/\"]}]},{\"@type\":\"ImageObject\",\"inLanguage\":\"lt-LT\",\"@id\":\"https:\/\/test.puhdasplus.ee\/lt\/tooted\/stresas-ir-miegas\/l-teaninas-40-g\/#primaryimage\",\"url\":\"https:\/\/test.puhdasplus.ee\/wp-content\/uploads\/2025\/03\/189.jpg\",\"contentUrl\":\"https:\/\/test.puhdasplus.ee\/wp-content\/uploads\/2025\/03\/189.jpg\",\"width\":1862,\"height\":2560,\"caption\":\"l-teaninas\"},{\"@type\":\"BreadcrumbList\",\"@id\":\"https:\/\/test.puhdasplus.ee\/lt\/tooted\/stresas-ir-miegas\/l-teaninas-40-g\/#breadcrumb\",\"itemListElement\":[{\"@type\":\"ListItem\",\"position\":1,\"name\":\"Prad\u017eia\",\"item\":\"https:\/\/test.puhdasplus.ee\/lt\/\"},{\"@type\":\"ListItem\",\"position\":2,\"name\":\"Produktai\",\"item\":\"https:\/\/test.puhdasplus.ee\/lt\/parduotuve\/\"},{\"@type\":\"ListItem\",\"position\":3,\"name\":\"L-teaninas 40 g\"}]},{\"@type\":\"WebSite\",\"@id\":\"https:\/\/test.puhdasplus.ee\/lt\/#website\",\"url\":\"https:\/\/test.puhdasplus.ee\/lt\/\",\"name\":\"Puhdas+\",\"description\":\"Vitamiinid, Toidulisandid, looduskosmeetika, tervis, sport\",\"publisher\":{\"@id\":\"https:\/\/test.puhdasplus.ee\/lt\/#organization\"},\"potentialAction\":[{\"@type\":\"SearchAction\",\"target\":{\"@type\":\"EntryPoint\",\"urlTemplate\":\"https:\/\/test.puhdasplus.ee\/lt\/?s={search_term_string}\"},\"query-input\":{\"@type\":\"PropertyValueSpecification\",\"valueRequired\":true,\"valueName\":\"search_term_string\"}}],\"inLanguage\":\"lt-LT\"},{\"@type\":\"Organization\",\"@id\":\"https:\/\/test.puhdasplus.ee\/lt\/#organization\",\"name\":\"Puhdas+\",\"alternateName\":\"Puhdasplus\",\"url\":\"https:\/\/test.puhdasplus.ee\/lt\/\",\"logo\":{\"@type\":\"ImageObject\",\"inLanguage\":\"lt-LT\",\"@id\":\"https:\/\/test.puhdasplus.ee\/lt\/#\/schema\/logo\/image\/\",\"url\":\"https:\/\/test.puhdasplus.ee\/\/wp-content\/uploads\/2019\/10\/puhdas_logo-arvele.png\",\"contentUrl\":\"https:\/\/test.puhdasplus.ee\/\/wp-content\/uploads\/2019\/10\/puhdas_logo-arvele.png\",\"width\":114,\"height\":94,\"caption\":\"Puhdas+\"},\"image\":{\"@id\":\"https:\/\/test.puhdasplus.ee\/lt\/#\/schema\/logo\/image\/\"},\"sameAs\":[\"https:\/\/www.facebook.com\/puhdasplus\",\"https:\/\/www.instagram.com\/puhdasplus_ee\/\"]}]}<\/script>\n<!-- \/ Yoast SEO plugin. -->","yoast_head_json":{"title":"L-teaninas 40 g - Puhdas+","description":"L-teaninas stresui, nerimui ir miegui palaikyti. Padeda atsipalaiduoti ir susikaupti be mieguistumo. Grynas, be pried\u0173 ir tinka veganams.","robots":{"index":"noindex","follow":"follow","max-snippet":"max-snippet:-1","max-image-preview":"max-image-preview:large","max-video-preview":"max-video-preview:-1"},"og_locale":"lt_LT","og_type":"article","og_title":"L-teaninas 40 g - Puhdas+","og_description":"L-teaninas stresui, nerimui ir miegui palaikyti. Padeda atsipalaiduoti ir susikaupti be mieguistumo. Grynas, be pried\u0173 ir tinka veganams.","og_url":"https:\/\/test.puhdasplus.ee\/lt\/tooted\/stresas-ir-miegas\/l-teaninas-40-g\/","og_site_name":"Puhdas+","article_publisher":"https:\/\/www.facebook.com\/puhdasplus","article_modified_time":"2026-03-10T12:44:14+00:00","og_image":[{"width":1862,"height":2560,"url":"https:\/\/test.puhdasplus.ee\/wp-content\/uploads\/2025\/03\/189.jpg","type":"image\/jpeg"}],"twitter_card":"summary_large_image","twitter_misc":{"Est. reading time":"2 minut\u0117"},"schema":{"@context":"https:\/\/schema.org","@graph":[{"@type":"WebPage","@id":"https:\/\/test.puhdasplus.ee\/lt\/tooted\/stresas-ir-miegas\/l-teaninas-40-g\/","url":"https:\/\/test.puhdasplus.ee\/lt\/tooted\/stresas-ir-miegas\/l-teaninas-40-g\/","name":"L-teaninas 40 g - Puhdas+","isPartOf":{"@id":"https:\/\/test.puhdasplus.ee\/lt\/#website"},"primaryImageOfPage":{"@id":"https:\/\/test.puhdasplus.ee\/lt\/tooted\/stresas-ir-miegas\/l-teaninas-40-g\/#primaryimage"},"image":{"@id":"https:\/\/test.puhdasplus.ee\/lt\/tooted\/stresas-ir-miegas\/l-teaninas-40-g\/#primaryimage"},"thumbnailUrl":"https:\/\/test.puhdasplus.ee\/wp-content\/uploads\/2025\/03\/189.jpg","datePublished":"2019-11-23T17:16:29+00:00","dateModified":"2026-03-10T12:44:14+00:00","description":"L-teaninas stresui, nerimui ir miegui palaikyti. Padeda atsipalaiduoti ir susikaupti be mieguistumo. Grynas, be pried\u0173 ir tinka veganams.","breadcrumb":{"@id":"https:\/\/test.puhdasplus.ee\/lt\/tooted\/stresas-ir-miegas\/l-teaninas-40-g\/#breadcrumb"},"inLanguage":"lt-LT","potentialAction":[{"@type":"ReadAction","target":["https:\/\/test.puhdasplus.ee\/lt\/tooted\/stresas-ir-miegas\/l-teaninas-40-g\/"]}]},{"@type":"ImageObject","inLanguage":"lt-LT","@id":"https:\/\/test.puhdasplus.ee\/lt\/tooted\/stresas-ir-miegas\/l-teaninas-40-g\/#primaryimage","url":"https:\/\/test.puhdasplus.ee\/wp-content\/uploads\/2025\/03\/189.jpg","contentUrl":"https:\/\/test.puhdasplus.ee\/wp-content\/uploads\/2025\/03\/189.jpg","width":1862,"height":2560,"caption":"l-teaninas"},{"@type":"BreadcrumbList","@id":"https:\/\/test.puhdasplus.ee\/lt\/tooted\/stresas-ir-miegas\/l-teaninas-40-g\/#breadcrumb","itemListElement":[{"@type":"ListItem","position":1,"name":"Prad\u017eia","item":"https:\/\/test.puhdasplus.ee\/lt\/"},{"@type":"ListItem","position":2,"name":"Produktai","item":"https:\/\/test.puhdasplus.ee\/lt\/parduotuve\/"},{"@type":"ListItem","position":3,"name":"L-teaninas 40 g"}]},{"@type":"WebSite","@id":"https:\/\/test.puhdasplus.ee\/lt\/#website","url":"https:\/\/test.puhdasplus.ee\/lt\/","name":"Puhdas+","description":"Vitamiinid, Toidulisandid, looduskosmeetika, tervis, sport","publisher":{"@id":"https:\/\/test.puhdasplus.ee\/lt\/#organization"},"potentialAction":[{"@type":"SearchAction","target":{"@type":"EntryPoint","urlTemplate":"https:\/\/test.puhdasplus.ee\/lt\/?s={search_term_string}"},"query-input":{"@type":"PropertyValueSpecification","valueRequired":true,"valueName":"search_term_string"}}],"inLanguage":"lt-LT"},{"@type":"Organization","@id":"https:\/\/test.puhdasplus.ee\/lt\/#organization","name":"Puhdas+","alternateName":"Puhdasplus","url":"https:\/\/test.puhdasplus.ee\/lt\/","logo":{"@type":"ImageObject","inLanguage":"lt-LT","@id":"https:\/\/test.puhdasplus.ee\/lt\/#\/schema\/logo\/image\/","url":"https:\/\/test.puhdasplus.ee\/\/wp-content\/uploads\/2019\/10\/puhdas_logo-arvele.png","contentUrl":"https:\/\/test.puhdasplus.ee\/\/wp-content\/uploads\/2019\/10\/puhdas_logo-arvele.png","width":114,"height":94,"caption":"Puhdas+"},"image":{"@id":"https:\/\/test.puhdasplus.ee\/lt\/#\/schema\/logo\/image\/"},"sameAs":["https:\/\/www.facebook.com\/puhdasplus","https:\/\/www.instagram.com\/puhdasplus_ee\/"]}]}},"_links":{"self":[{"href":"https:\/\/test.puhdasplus.ee\/lt\/wp-json\/wp\/v2\/product\/353523","targetHints":{"allow":["GET"]}}],"collection":[{"href":"https:\/\/test.puhdasplus.ee\/lt\/wp-json\/wp\/v2\/product"}],"about":[{"href":"https:\/\/test.puhdasplus.ee\/lt\/wp-json\/wp\/v2\/types\/product"}],"replies":[{"embeddable":true,"href":"https:\/\/test.puhdasplus.ee\/lt\/wp-json\/wp\/v2\/comments?post=353523"}],"wp:featuredmedia":[{"embeddable":true,"href":"https:\/\/test.puhdasplus.ee\/lt\/wp-json\/wp\/v2\/media\/353525"}],"wp:attachment":[{"href":"https:\/\/test.puhdasplus.ee\/lt\/wp-json\/wp\/v2\/media?parent=353523"}],"wp:term":[{"taxonomy":"product_brand","embeddable":true,"href":"https:\/\/test.puhdasplus.ee\/lt\/wp-json\/wp\/v2\/product_brand?post=353523"},{"taxonomy":"product_cat","embeddable":true,"href":"https:\/\/test.puhdasplus.ee\/lt\/wp-json\/wp\/v2\/product_cat?post=353523"},{"taxonomy":"product_tag","embeddable":true,"href":"https:\/\/test.puhdasplus.ee\/lt\/wp-json\/wp\/v2\/product_tag?post=353523"}],"curies":[{"name":"wp","href":"https:\/\/api.w.org\/{rel}","templated":true}]}}