{"id":353485,"date":"2019-10-22T11:35:54","date_gmt":"2019-10-22T08:35:54","guid":{"rendered":"https:\/\/test.puhdasplus.ee\/\/tooted\/be-kategorijos\/levandu-eterinis-aliejus\/"},"modified":"2026-03-10T14:43:38","modified_gmt":"2026-03-10T12:43:38","slug":"levandu-eterinis-aliejus","status":"publish","type":"product","link":"https:\/\/test.puhdasplus.ee\/lt\/tooted\/eteriniai-aliejai\/levandu-eterinis-aliejus\/","title":{"rendered":"Levand\u0173 eterinis aliejus"},"content":{"rendered":"<h3>  Nat\u016brali ramyb\u0117 ir pusiausvyra<\/h3>\n<p>Levand\u0173 eterinis aliejus yra 100 % grynas nat\u016bralus aliejus, i\u0161gaunamas i\u0161 levand\u0173 augalo (Lavandula angustifolia) \u017eied\u0173. Jo raminantis ir balansuojantis aromatas padeda suma\u017einti stres\u0105, skatina atsipalaidavim\u0105 ir gerina miego kokyb\u0119. <\/p>\n<p data-start=\"491\" data-end=\"964\">Levand\u0173 eterinis aliejus i\u0161gaunamas i\u0161 kruop\u0161\u010diai atrinkt\u0173 levand\u0173 \u017eied\u0173, u\u017etikrinant auk\u0161t\u0105 kokyb\u0119 ir veiksmingum\u0105. Gaivus ir g\u0117li\u0173 aromatas padeda suma\u017einti stres\u0105, skatina atsipalaidavim\u0105 ir gerina miego kokyb\u0119. Levand\u0173 eterinis aliejus yra \u017einomas d\u0117l savo antiseptini\u0173 ir prie\u0161u\u017edegimini\u0173 savybi\u0173, kurios prisideda prie odos regeneracijos ir gerov\u0117s. Aliej\u0173 galima naudoti aromatin\u0117se lempose, difuzoriuose, pirtyje arba praskiest\u0105 kaip masa\u017eo aliej\u0173.   <\/p>\n<p data-start=\"966\" data-end=\"987\"><strong data-start=\"966\" data-end=\"987\">Pagrindiniai privalumai:<\/strong><\/p>\n<ul data-start=\"988\" data-end=\"1425\">\n<li data-start=\"988\" data-end=\"1072\"><strong data-start=\"990\" data-end=\"1009\">Raminantis aromatas:<\/strong> padeda suma\u017einti stres\u0105 ir nerim\u0105, skatina atsipalaidavim\u0105.<\/li>\n<li data-start=\"1073\" data-end=\"1147\"><strong data-start=\"1075\" data-end=\"1106\">Gerina miego kokyb\u0119:<\/strong> skatina ram\u0173 mieg\u0105 ir padeda u\u017emigti.<\/li>\n<li data-start=\"1148\" data-end=\"1228\"><strong data-start=\"1150\" data-end=\"1178\">Antiseptin\u0117s savyb\u0117s:<\/strong> Palaiko odos sveikat\u0105 ir padeda \u017eaizdoms gyti.<\/li>\n<li data-start=\"1229\" data-end=\"1339\"><strong data-start=\"1231\" data-end=\"1255\">Universalus naudojimas:<\/strong> tinka aromaterapijai, masa\u017eui, pir\u010diai ir nam\u0173 oro gaivikliui.<\/li>\n<li data-start=\"1340\" data-end=\"1425\"><strong data-start=\"1342\" data-end=\"1370\">100 % grynas ir nat\u016bralus:<\/strong> Be sintetini\u0173 pried\u0173 ar konservant\u0173.<\/li>\n<\/ul>\n<p data-start=\"1427\" data-end=\"1478\"><strong data-start=\"1427\" data-end=\"1443\">Sud\u0117tis:<\/strong> Lavandula Angustifolia g\u0117li\u0173 aliejus.<\/p>\n<p data-start=\"1480\" data-end=\"1500\"><strong data-start=\"1480\" data-end=\"1500\">Naudojimo instrukcijos:<\/strong><\/p>\n<ul data-start=\"1501\" data-end=\"2019\">\n<li data-start=\"1501\" data-end=\"1623\"><strong data-start=\"1503\" data-end=\"1522\">Aromaterapija:<\/strong> \u012ela\u0161inkite 3\u20137 la\u0161us eterinio aliejaus \u012f aromatin\u0119 lemp\u0105 arba difuzori\u0173, kad sukurtum\u0117te raminan\u010di\u0105 ir atpalaiduojan\u010di\u0105 atmosfer\u0105.<\/li>\n<li data-start=\"1624\" data-end=\"1788\"><strong data-start=\"1626\" data-end=\"1638\">Masa\u017eas:<\/strong> 1\u20132 la\u0161us eterinio aliejaus praskieskite 10 ml bazinio aliejaus (pvz., migdol\u0173 arba simondsij\u0173 aliejaus) ir \u012fmasa\u017euokite \u012f od\u0105, kad suma\u017eintum\u0117te \u012ftamp\u0105 ir atsipalaidavtum\u0117te.<\/li>\n<li data-start=\"1789\" data-end=\"1886\"><strong data-start=\"1791\" data-end=\"1800\">Pirtis:<\/strong> \u012ela\u0161inkite 1\u20133 la\u0161us eterinio aliejaus \u012f garin\u012f vanden\u012f, kad sukurtum\u0117te malon\u0173 ir raminant\u012f pirties potyr\u012f.<\/li>\n<li data-start=\"1887\" data-end=\"2019\"><strong data-start=\"1889\" data-end=\"1898\">Vonia:<\/strong> sumai\u0161ykite 3\u20135 la\u0161us eterinio aliejaus su medumi arba skystu muilu ir \u012fla\u0161inkite \u012f vonios vanden\u012f, kad m\u0117gautum\u0117t\u0117s atpalaiduojan\u010dia ir raminan\u010dia vonia.<\/li>\n<\/ul>\n<p data-start=\"2021\" data-end=\"2328\"><strong data-start=\"2021\" data-end=\"2039\">Saugos instrukcijos:<\/strong> Tik i\u0161oriniam naudojimui. Netepkite neskiesto aliejaus tiesiai ant odos. Venkite patekimo \u012f akis ir ant gleivini\u0173.   Laikyti vaikams nepasiekiamoje vietoje. N\u0117\u0161\u010dios moterys, maitinan\u010dios motinos, vaikai, pagyven\u0119 \u017emon\u0117s ir \u017emon\u0117s, sergantys l\u0117tin\u0117mis ligomis, prie\u0161 vartojim\u0105 tur\u0117t\u0173 pasitarti su sveikatos prie\u017ei\u016bros specialistu.<\/p>\n<p>&nbsp;<\/p>\n","protected":false},"excerpt":{"rendered":"<p>100 % grynas levand\u0173 eterinis aliejus, pasi\u017eymintis raminan\u010diu aromatu ir universaliu panaudojimu aromaterapijoje, masa\u017ee ir namuose.<\/p>\n","protected":false},"featured_media":353489,"comment_status":"closed","ping_status":"closed","template":"","meta":{"_acf_changed":false},"product_brand":[],"product_cat":[2752],"product_tag":[3643,2754,6781,6780,2755,2753],"class_list":{"0":"post-353485","1":"product","2":"type-product","3":"status-publish","4":"has-post-thumbnail","6":"product_cat-eteriniai-aliejai","7":"product_tag-antiseptiniu-savybiu","8":"product_tag-aromaterapija","9":"product_tag-miego-gerinimas","10":"product_tag-migdolu-eterinis-aliejus","11":"product_tag-naturalus-oro-gaiviklis","12":"product_tag-streso-mazinimas","14":"first","15":"onbackorder","16":"taxable","17":"shipping-taxable","18":"purchasable","19":"product-type-variable","20":"has-default-attributes"},"acf":[],"yoast_head":"<!-- This site is optimized with the Yoast SEO plugin v27.1.1 - https:\/\/yoast.com\/product\/yoast-seo-wordpress\/ -->\n<title>Levand\u0173 eterinis aliejus - Puhdas+<\/title>\n<meta name=\"description\" content=\"Levand\u0173 eterinis aliejus (10 ml) yra 100 % grynas nat\u016bralus aliejus, kur\u012f galima naudoti \u012fvairiai: aromaterapijoje, masa\u017ee ir namuose.\" \/>\n<meta name=\"robots\" content=\"noindex, follow, max-snippet:-1, max-image-preview:large, max-video-preview:-1\" \/>\n<meta property=\"og:locale\" content=\"lt_LT\" \/>\n<meta property=\"og:type\" content=\"article\" \/>\n<meta property=\"og:title\" content=\"Levand\u0173 eterinis aliejus - Puhdas+\" \/>\n<meta property=\"og:description\" content=\"Levand\u0173 eterinis aliejus (10 ml) yra 100 % grynas nat\u016bralus aliejus, kur\u012f galima naudoti \u012fvairiai: aromaterapijoje, masa\u017ee ir namuose.\" \/>\n<meta property=\"og:url\" content=\"https:\/\/test.puhdasplus.ee\/lt\/tooted\/eteriniai-aliejai\/levandu-eterinis-aliejus\/\" \/>\n<meta property=\"og:site_name\" content=\"Puhdas+\" \/>\n<meta property=\"article:publisher\" content=\"https:\/\/www.facebook.com\/puhdasplus\" \/>\n<meta property=\"article:modified_time\" content=\"2026-03-10T12:43:38+00:00\" \/>\n<meta property=\"og:image\" content=\"https:\/\/test.puhdasplus.ee\/wp-content\/uploads\/2019\/10\/240.jpg\" \/>\n\t<meta property=\"og:image:width\" content=\"1862\" \/>\n\t<meta property=\"og:image:height\" content=\"2560\" \/>\n\t<meta property=\"og:image:type\" content=\"image\/jpeg\" \/>\n<meta name=\"twitter:card\" content=\"summary_large_image\" \/>\n<meta name=\"twitter:label1\" content=\"Est. reading time\" \/>\n\t<meta name=\"twitter:data1\" content=\"2 minut\u0117\" \/>\n<script type=\"application\/ld+json\" class=\"yoast-schema-graph\">{\"@context\":\"https:\/\/schema.org\",\"@graph\":[{\"@type\":\"WebPage\",\"@id\":\"https:\/\/test.puhdasplus.ee\/lt\/tooted\/eteriniai-aliejai\/levandu-eterinis-aliejus\/\",\"url\":\"https:\/\/test.puhdasplus.ee\/lt\/tooted\/eteriniai-aliejai\/levandu-eterinis-aliejus\/\",\"name\":\"Levand\u0173 eterinis aliejus - Puhdas+\",\"isPartOf\":{\"@id\":\"https:\/\/test.puhdasplus.ee\/lt\/#website\"},\"primaryImageOfPage\":{\"@id\":\"https:\/\/test.puhdasplus.ee\/lt\/tooted\/eteriniai-aliejai\/levandu-eterinis-aliejus\/#primaryimage\"},\"image\":{\"@id\":\"https:\/\/test.puhdasplus.ee\/lt\/tooted\/eteriniai-aliejai\/levandu-eterinis-aliejus\/#primaryimage\"},\"thumbnailUrl\":\"https:\/\/test.puhdasplus.ee\/wp-content\/uploads\/2019\/10\/240.jpg\",\"datePublished\":\"2019-10-22T08:35:54+00:00\",\"dateModified\":\"2026-03-10T12:43:38+00:00\",\"description\":\"Levand\u0173 eterinis aliejus (10 ml) yra 100 % grynas nat\u016bralus aliejus, kur\u012f galima naudoti \u012fvairiai: aromaterapijoje, masa\u017ee ir namuose.\",\"breadcrumb\":{\"@id\":\"https:\/\/test.puhdasplus.ee\/lt\/tooted\/eteriniai-aliejai\/levandu-eterinis-aliejus\/#breadcrumb\"},\"inLanguage\":\"lt-LT\",\"potentialAction\":[{\"@type\":\"ReadAction\",\"target\":[\"https:\/\/test.puhdasplus.ee\/lt\/tooted\/eteriniai-aliejai\/levandu-eterinis-aliejus\/\"]}]},{\"@type\":\"ImageObject\",\"inLanguage\":\"lt-LT\",\"@id\":\"https:\/\/test.puhdasplus.ee\/lt\/tooted\/eteriniai-aliejai\/levandu-eterinis-aliejus\/#primaryimage\",\"url\":\"https:\/\/test.puhdasplus.ee\/wp-content\/uploads\/2019\/10\/240.jpg\",\"contentUrl\":\"https:\/\/test.puhdasplus.ee\/wp-content\/uploads\/2019\/10\/240.jpg\",\"width\":1862,\"height\":2560,\"caption\":\"Levand\u0173 eterinis aliejus\"},{\"@type\":\"BreadcrumbList\",\"@id\":\"https:\/\/test.puhdasplus.ee\/lt\/tooted\/eteriniai-aliejai\/levandu-eterinis-aliejus\/#breadcrumb\",\"itemListElement\":[{\"@type\":\"ListItem\",\"position\":1,\"name\":\"Prad\u017eia\",\"item\":\"https:\/\/test.puhdasplus.ee\/lt\/\"},{\"@type\":\"ListItem\",\"position\":2,\"name\":\"Produktai\",\"item\":\"https:\/\/test.puhdasplus.ee\/lt\/parduotuve\/\"},{\"@type\":\"ListItem\",\"position\":3,\"name\":\"Levand\u0173 eterinis aliejus\"}]},{\"@type\":\"WebSite\",\"@id\":\"https:\/\/test.puhdasplus.ee\/lt\/#website\",\"url\":\"https:\/\/test.puhdasplus.ee\/lt\/\",\"name\":\"Puhdas+\",\"description\":\"Vitamiinid, Toidulisandid, looduskosmeetika, tervis, sport\",\"publisher\":{\"@id\":\"https:\/\/test.puhdasplus.ee\/lt\/#organization\"},\"potentialAction\":[{\"@type\":\"SearchAction\",\"target\":{\"@type\":\"EntryPoint\",\"urlTemplate\":\"https:\/\/test.puhdasplus.ee\/lt\/?s={search_term_string}\"},\"query-input\":{\"@type\":\"PropertyValueSpecification\",\"valueRequired\":true,\"valueName\":\"search_term_string\"}}],\"inLanguage\":\"lt-LT\"},{\"@type\":\"Organization\",\"@id\":\"https:\/\/test.puhdasplus.ee\/lt\/#organization\",\"name\":\"Puhdas+\",\"alternateName\":\"Puhdasplus\",\"url\":\"https:\/\/test.puhdasplus.ee\/lt\/\",\"logo\":{\"@type\":\"ImageObject\",\"inLanguage\":\"lt-LT\",\"@id\":\"https:\/\/test.puhdasplus.ee\/lt\/#\/schema\/logo\/image\/\",\"url\":\"https:\/\/test.puhdasplus.ee\/\/wp-content\/uploads\/2019\/10\/puhdas_logo-arvele.png\",\"contentUrl\":\"https:\/\/test.puhdasplus.ee\/\/wp-content\/uploads\/2019\/10\/puhdas_logo-arvele.png\",\"width\":114,\"height\":94,\"caption\":\"Puhdas+\"},\"image\":{\"@id\":\"https:\/\/test.puhdasplus.ee\/lt\/#\/schema\/logo\/image\/\"},\"sameAs\":[\"https:\/\/www.facebook.com\/puhdasplus\",\"https:\/\/www.instagram.com\/puhdasplus_ee\/\"]}]}<\/script>\n<!-- \/ Yoast SEO plugin. -->","yoast_head_json":{"title":"Levand\u0173 eterinis aliejus - Puhdas+","description":"Levand\u0173 eterinis aliejus (10 ml) yra 100 % grynas nat\u016bralus aliejus, kur\u012f galima naudoti \u012fvairiai: aromaterapijoje, masa\u017ee ir namuose.","robots":{"index":"noindex","follow":"follow","max-snippet":"max-snippet:-1","max-image-preview":"max-image-preview:large","max-video-preview":"max-video-preview:-1"},"og_locale":"lt_LT","og_type":"article","og_title":"Levand\u0173 eterinis aliejus - Puhdas+","og_description":"Levand\u0173 eterinis aliejus (10 ml) yra 100 % grynas nat\u016bralus aliejus, kur\u012f galima naudoti \u012fvairiai: aromaterapijoje, masa\u017ee ir namuose.","og_url":"https:\/\/test.puhdasplus.ee\/lt\/tooted\/eteriniai-aliejai\/levandu-eterinis-aliejus\/","og_site_name":"Puhdas+","article_publisher":"https:\/\/www.facebook.com\/puhdasplus","article_modified_time":"2026-03-10T12:43:38+00:00","og_image":[{"width":1862,"height":2560,"url":"https:\/\/test.puhdasplus.ee\/wp-content\/uploads\/2019\/10\/240.jpg","type":"image\/jpeg"}],"twitter_card":"summary_large_image","twitter_misc":{"Est. reading time":"2 minut\u0117"},"schema":{"@context":"https:\/\/schema.org","@graph":[{"@type":"WebPage","@id":"https:\/\/test.puhdasplus.ee\/lt\/tooted\/eteriniai-aliejai\/levandu-eterinis-aliejus\/","url":"https:\/\/test.puhdasplus.ee\/lt\/tooted\/eteriniai-aliejai\/levandu-eterinis-aliejus\/","name":"Levand\u0173 eterinis aliejus - Puhdas+","isPartOf":{"@id":"https:\/\/test.puhdasplus.ee\/lt\/#website"},"primaryImageOfPage":{"@id":"https:\/\/test.puhdasplus.ee\/lt\/tooted\/eteriniai-aliejai\/levandu-eterinis-aliejus\/#primaryimage"},"image":{"@id":"https:\/\/test.puhdasplus.ee\/lt\/tooted\/eteriniai-aliejai\/levandu-eterinis-aliejus\/#primaryimage"},"thumbnailUrl":"https:\/\/test.puhdasplus.ee\/wp-content\/uploads\/2019\/10\/240.jpg","datePublished":"2019-10-22T08:35:54+00:00","dateModified":"2026-03-10T12:43:38+00:00","description":"Levand\u0173 eterinis aliejus (10 ml) yra 100 % grynas nat\u016bralus aliejus, kur\u012f galima naudoti \u012fvairiai: aromaterapijoje, masa\u017ee ir namuose.","breadcrumb":{"@id":"https:\/\/test.puhdasplus.ee\/lt\/tooted\/eteriniai-aliejai\/levandu-eterinis-aliejus\/#breadcrumb"},"inLanguage":"lt-LT","potentialAction":[{"@type":"ReadAction","target":["https:\/\/test.puhdasplus.ee\/lt\/tooted\/eteriniai-aliejai\/levandu-eterinis-aliejus\/"]}]},{"@type":"ImageObject","inLanguage":"lt-LT","@id":"https:\/\/test.puhdasplus.ee\/lt\/tooted\/eteriniai-aliejai\/levandu-eterinis-aliejus\/#primaryimage","url":"https:\/\/test.puhdasplus.ee\/wp-content\/uploads\/2019\/10\/240.jpg","contentUrl":"https:\/\/test.puhdasplus.ee\/wp-content\/uploads\/2019\/10\/240.jpg","width":1862,"height":2560,"caption":"Levand\u0173 eterinis aliejus"},{"@type":"BreadcrumbList","@id":"https:\/\/test.puhdasplus.ee\/lt\/tooted\/eteriniai-aliejai\/levandu-eterinis-aliejus\/#breadcrumb","itemListElement":[{"@type":"ListItem","position":1,"name":"Prad\u017eia","item":"https:\/\/test.puhdasplus.ee\/lt\/"},{"@type":"ListItem","position":2,"name":"Produktai","item":"https:\/\/test.puhdasplus.ee\/lt\/parduotuve\/"},{"@type":"ListItem","position":3,"name":"Levand\u0173 eterinis aliejus"}]},{"@type":"WebSite","@id":"https:\/\/test.puhdasplus.ee\/lt\/#website","url":"https:\/\/test.puhdasplus.ee\/lt\/","name":"Puhdas+","description":"Vitamiinid, Toidulisandid, looduskosmeetika, tervis, sport","publisher":{"@id":"https:\/\/test.puhdasplus.ee\/lt\/#organization"},"potentialAction":[{"@type":"SearchAction","target":{"@type":"EntryPoint","urlTemplate":"https:\/\/test.puhdasplus.ee\/lt\/?s={search_term_string}"},"query-input":{"@type":"PropertyValueSpecification","valueRequired":true,"valueName":"search_term_string"}}],"inLanguage":"lt-LT"},{"@type":"Organization","@id":"https:\/\/test.puhdasplus.ee\/lt\/#organization","name":"Puhdas+","alternateName":"Puhdasplus","url":"https:\/\/test.puhdasplus.ee\/lt\/","logo":{"@type":"ImageObject","inLanguage":"lt-LT","@id":"https:\/\/test.puhdasplus.ee\/lt\/#\/schema\/logo\/image\/","url":"https:\/\/test.puhdasplus.ee\/\/wp-content\/uploads\/2019\/10\/puhdas_logo-arvele.png","contentUrl":"https:\/\/test.puhdasplus.ee\/\/wp-content\/uploads\/2019\/10\/puhdas_logo-arvele.png","width":114,"height":94,"caption":"Puhdas+"},"image":{"@id":"https:\/\/test.puhdasplus.ee\/lt\/#\/schema\/logo\/image\/"},"sameAs":["https:\/\/www.facebook.com\/puhdasplus","https:\/\/www.instagram.com\/puhdasplus_ee\/"]}]}},"_links":{"self":[{"href":"https:\/\/test.puhdasplus.ee\/lt\/wp-json\/wp\/v2\/product\/353485","targetHints":{"allow":["GET"]}}],"collection":[{"href":"https:\/\/test.puhdasplus.ee\/lt\/wp-json\/wp\/v2\/product"}],"about":[{"href":"https:\/\/test.puhdasplus.ee\/lt\/wp-json\/wp\/v2\/types\/product"}],"replies":[{"embeddable":true,"href":"https:\/\/test.puhdasplus.ee\/lt\/wp-json\/wp\/v2\/comments?post=353485"}],"wp:featuredmedia":[{"embeddable":true,"href":"https:\/\/test.puhdasplus.ee\/lt\/wp-json\/wp\/v2\/media\/353489"}],"wp:attachment":[{"href":"https:\/\/test.puhdasplus.ee\/lt\/wp-json\/wp\/v2\/media?parent=353485"}],"wp:term":[{"taxonomy":"product_brand","embeddable":true,"href":"https:\/\/test.puhdasplus.ee\/lt\/wp-json\/wp\/v2\/product_brand?post=353485"},{"taxonomy":"product_cat","embeddable":true,"href":"https:\/\/test.puhdasplus.ee\/lt\/wp-json\/wp\/v2\/product_cat?post=353485"},{"taxonomy":"product_tag","embeddable":true,"href":"https:\/\/test.puhdasplus.ee\/lt\/wp-json\/wp\/v2\/product_tag?post=353485"}],"curies":[{"name":"wp","href":"https:\/\/api.w.org\/{rel}","templated":true}]}}