{"id":353471,"date":"2019-10-22T11:03:41","date_gmt":"2019-10-22T08:03:41","guid":{"rendered":"https:\/\/test.puhdasplus.ee\/\/tooted\/be-kategorijos\/elektrolitu-milteliai-be-skonio-120-g\/"},"modified":"2026-03-10T14:43:51","modified_gmt":"2026-03-10T12:43:51","slug":"elektrolitu-milteliai-be-skonio-120-g","status":"publish","type":"product","link":"https:\/\/test.puhdasplus.ee\/lt\/tooted\/sportas\/elektrolitu-milteliai-be-skonio-120-g\/","title":{"rendered":"Elektrolit\u0173 milteliai be skonio, 120 g"},"content":{"rendered":"<h2 class=\"\" data-start=\"128\" data-end=\"185\">Kas yra \u201ePure+\u201c beskoniai elektrolit\u0173 milteliai?<\/h2>\n<p class=\"\" data-start=\"187\" data-end=\"268\"><span class=\"relative -mx-px my-[-0.2rem] rounded px-px py-[0.2rem] transition-colors duration-100 ease-in-out\"><strong data-start=\"0\" data-end=\"47\" data-is-only-node=\"\">\u201ePure+\u201c elektrolit\u0173 milteliai be skonio<\/strong> yra auk\u0161tos kokyb\u0117s maisto papildas, kuriame yra b\u016btin\u0173 elektrolit\u0173: magnio, kalio, natrio ir kalcio. Be to, produkte yra glicino ir vitamino C. \u0160is derinys padeda palaikyti elektrolit\u0173 pusiausvyr\u0105 organizme, palaiko normali\u0105 raumen\u0173 funkcij\u0105 ir padeda suma\u017einti nuovarg\u012f bei i\u0161sekim\u0105.  <\/span>\u200b<\/p>\n<h2 class=\"\" data-start=\"275\" data-end=\"301\">Kod\u0117l beskoniai elektrolit\u0173 milteliai yra naudingi?<\/h2>\n<p class=\"\" data-start=\"303\" data-end=\"384\"><span class=\"relative -mx-px my-[-0.2rem] rounded px-px py-[0.2rem] transition-colors duration-100 ease-in-out\">Elektrolitai yra mineralai, turintys elektros kr\u016bv\u012f ir b\u016btini daugeliui organizmo proces\u0173, \u012fskaitant nervini\u0173 impuls\u0173 perdavim\u0105, raumen\u0173 susitraukim\u0105 ir skys\u010di\u0173 pusiausvyros palaikym\u0105. Mank\u0161tinantis, prakaituojant ar sergant, elektrolit\u0173 pusiausvyra organizme gali sutrikti. \u201ePure+\u201c elektrolit\u0173 milteliai padeda atkurti ir palaikyti \u0161i\u0105 pusiausvyr\u0105.  <\/span>\u200b<\/p>\n<h2 class=\"\" data-start=\"391\" data-end=\"415\">Kam tinka beskoniai elektrolit\u0173 milteliai?<\/h2>\n<p class=\"\" data-start=\"417\" data-end=\"498\"><span class=\"relative -mx-px my-[-0.2rem] rounded px-px py-[0.2rem] transition-colors duration-100 ease-in-out\">Produktas tinka suaugusiesiems, norintiems:<\/span><\/p>\n<ul data-start=\"500\" data-end=\"711\">\n<li class=\"\" data-start=\"500\" data-end=\"539\">\n<p class=\"\" data-start=\"502\" data-end=\"539\"><span class=\"relative -mx-px my-[-0.2rem] rounded px-px py-[0.2rem] transition-colors duration-100 ease-in-out\">Palaikyti elektrolit\u0173 pusiausvyr\u0105 organizme<\/span><\/p>\n<\/li>\n<li class=\"\" data-start=\"540\" data-end=\"581\">\n<p class=\"\" data-start=\"542\" data-end=\"581\"><span class=\"relative -mx-px my-[-0.2rem] rounded px-px py-[0.2rem] transition-colors duration-100 ease-in-out\">Suma\u017einti nuovarg\u012f ir i\u0161sekim\u0105<\/span><\/p>\n<\/li>\n<li class=\"\" data-start=\"582\" data-end=\"623\">\n<p class=\"\" data-start=\"584\" data-end=\"623\"><span class=\"relative -mx-px my-[-0.2rem] rounded px-px py-[0.2rem] transition-colors duration-100 ease-in-out\">Palaikyti normali\u0105 raumen\u0173 funkcij\u0105<\/span><\/p>\n<\/li>\n<li class=\"\" data-start=\"624\" data-end=\"711\">\n<p class=\"\" data-start=\"626\" data-end=\"711\"><span class=\"relative -mx-px my-[-0.2rem] rounded px-px py-[0.2rem] transition-colors duration-100 ease-in-out\">Palaikykite skys\u010di\u0173 balans\u0105<\/span><\/p>\n<\/li>\n<li data-start=\"624\" data-end=\"711\"><span class=\"relative -mx-px my-[-0.2rem] rounded px-px py-[0.2rem] transition-colors duration-100 ease-in-out\">Produktas taip pat tinka veganams ir neturi glitimo, laktoz\u0117s, mieli\u0173 ar sojos.<\/span><\/li>\n<\/ul>\n<h2 data-start=\"95\" data-end=\"113\">Ingredientai<\/h2>\n<p class=\"\" data-start=\"117\" data-end=\"154\"><span class=\"relative -mx-px my-[-0.2rem] rounded px-px py-[0.2rem] transition-colors duration-100 ease-in-out\">Natrio chloridas,<\/span> <span class=\"relative -mx-px my-[-0.2rem] rounded px-px py-[0.2rem] transition-colors duration-100 ease-in-out\">natrio bikarbonatas,<\/span> <span class=\"relative -mx-px my-[-0.2rem] rounded px-px py-[0.2rem] transition-colors duration-100 ease-in-out\">glicinas,<\/span> <span class=\"relative -mx-px my-[-0.2rem] rounded px-px py-[0.2rem] transition-colors duration-100 ease-in-out\">natrio askorbatas,<\/span> <span class=\"relative -mx-px my-[-0.2rem] rounded px-px py-[0.2rem] transition-colors duration-100 ease-in-out\">kalcio citratas,<\/span> <span class=\"relative -mx-px my-[-0.2rem] rounded px-px py-[0.2rem] transition-colors duration-100 ease-in-out\">kalio chloridas,<\/span> <span class=\"relative -mx-px my-[-0.2rem] rounded px-px py-[0.2rem] transition-colors duration-100 ease-in-out\">magnio citratas<\/span> .<\/p>\n<p class=\"\" data-start=\"440\" data-end=\"525\"><span class=\"relative -mx-px my-[-0.2rem] rounded px-px py-[0.2rem] transition-colors duration-100 ease-in-out\">Produkte n\u0117ra pieno, laktoz\u0117s, mieli\u0173, glitimo ar sojos.<\/span><\/p>\n<h2 data-start=\"532\" data-end=\"571\">Maistin\u0117 vert\u0117 (3 ml \/ 1 porcija)<\/h2>\n<ul data-start=\"573\" data-end=\"870\">\n<li class=\"\" data-start=\"573\" data-end=\"614\">\n<p class=\"\" data-start=\"575\" data-end=\"614\"><span class=\"relative -mx-px my-[-0.2rem] rounded px-px py-[0.2rem] transition-colors duration-100 ease-in-out\">Magnis: 78 mg (21 % rekomenduojamos paros normos)<\/span><\/p>\n<\/li>\n<li class=\"\" data-start=\"615\" data-end=\"656\">\n<p class=\"\" data-start=\"617\" data-end=\"656\"><span class=\"relative -mx-px my-[-0.2rem] rounded px-px py-[0.2rem] transition-colors duration-100 ease-in-out\">Kalcis: 126 mg (16 % paros normos)<\/span><\/p>\n<\/li>\n<li class=\"\" data-start=\"657\" data-end=\"698\">\n<p class=\"\" data-start=\"659\" data-end=\"698\"><span class=\"relative -mx-px my-[-0.2rem] rounded px-px py-[0.2rem] transition-colors duration-100 ease-in-out\">Natris: 1737 mg<\/span><\/p>\n<\/li>\n<li class=\"\" data-start=\"699\" data-end=\"740\">\n<p class=\"\" data-start=\"701\" data-end=\"740\"><span class=\"relative -mx-px my-[-0.2rem] rounded px-px py-[0.2rem] transition-colors duration-100 ease-in-out\">Chloras: 2124 mg (266 % rekomenduojamos paros normos)<\/span><\/p>\n<\/li>\n<li class=\"\" data-start=\"741\" data-end=\"782\">\n<p class=\"\" data-start=\"743\" data-end=\"782\"><span class=\"relative -mx-px my-[-0.2rem] rounded px-px py-[0.2rem] transition-colors duration-100 ease-in-out\">Glicinas: 1500 mg<\/span><\/p>\n<\/li>\n<li class=\"\" data-start=\"783\" data-end=\"870\">\n<p class=\"\" data-start=\"785\" data-end=\"870\"><span class=\"relative -mx-px my-[-0.2rem] rounded px-px py-[0.2rem] transition-colors duration-100 ease-in-out\">Vitaminas C: 660 mg (825 % rekomenduojamos paros normos)<\/span><\/p>\n<\/li>\n<\/ul>\n<h2 data-start=\"877\" data-end=\"899\">Naudotojo vadovas<\/h2>\n<p class=\"\" data-start=\"901\" data-end=\"1016\"><strong data-start=\"901\" data-end=\"930\">Rekomenduojama paros doz\u0117:<\/strong> <span class=\"relative -mx-px my-[-0.2rem] rounded px-px py-[0.2rem] transition-colors duration-100 ease-in-out\">1 matavimo \u0161auk\u0161telis (3 ml) 3 kartus per dien\u0105.<\/span><\/p>\n<p class=\"\" data-start=\"1018\" data-end=\"1119\"><strong data-start=\"1018\" data-end=\"1033\">Naudojimas:<\/strong> <span class=\"relative -mx-px my-[-0.2rem] rounded px-px py-[0.2rem] transition-colors duration-100 ease-in-out\">Sumai\u0161ykite miltelius su 5 dl vandens arba kito skys\u010dio.<\/span><\/p>\n<p class=\"\" data-start=\"1121\" data-end=\"1218\"><strong data-start=\"1121\" data-end=\"1132\">Pastaba:<\/strong> <span class=\"relative -mx-px my-[-0.2rem] rounded px-px py-[0.2rem] transition-colors duration-100 ease-in-out\">Rekomenduojamos paros doz\u0117s vir\u0161yti negalima. Maisto papildas nepakei\u010dia \u012fvairios ir subalansuotos mitybos ar sveiko gyvenimo b\u016bdo.<\/span>\u200b<\/p>\n<h2 data-start=\"1225\" data-end=\"1256\">\u012esp\u0117jimai ir laikymas<\/h2>\n<ul data-start=\"1258\" data-end=\"1429\">\n<li class=\"\" data-start=\"1258\" data-end=\"1299\">\n<p class=\"\" data-start=\"1260\" data-end=\"1299\"><span class=\"relative -mx-px my-[-0.2rem] rounded px-px py-[0.2rem] transition-colors duration-100 ease-in-out\">Laikyti vaikams nepasiekiamoje vietoje.<\/span><\/p>\n<\/li>\n<li class=\"\" data-start=\"1300\" data-end=\"1341\">\n<p class=\"\" data-start=\"1302\" data-end=\"1341\"><span class=\"relative -mx-px my-[-0.2rem] rounded px-px py-[0.2rem] transition-colors duration-100 ease-in-out\">Laikyti sausoje, v\u0117sioje ir nuo \u0161viesos apsaugotoje vietoje.<\/span><\/p>\n<\/li>\n<li class=\"\" data-start=\"1342\" data-end=\"1429\">\n<p class=\"\" data-start=\"1344\" data-end=\"1429\"><span class=\"relative -mx-px my-[-0.2rem] rounded px-px py-[0.2rem] transition-colors duration-100 ease-in-out\">Nenaudokite, jei pakuot\u0117 pa\u017eeista.<\/span><\/p>\n<\/li>\n<\/ul>\n","protected":false},"excerpt":{"rendered":"<p class=\"\" data-start=\"205\" data-end=\"669\"><strong data-start=\"205\" data-end=\"252\">\u201ePure+\u201c elektrolit\u0173 milteliai be skonio<\/strong> sukurti palaikyti svarbiausias j\u016bs\u0173 k\u016bno funkcijas \u2013 nuo \u200b\u200bskys\u010di\u0173 pusiausvyros palaikymo iki normalaus raumen\u0173 ir nerv\u0173 sistemos funkcionavimo. Kiekvien\u0105 dien\u0105, ypa\u010d fizinio kr\u016bvio, kar\u0161to oro ar ligos metu, organizmas netenka mineral\u0173 arba elektrolit\u0173, kurie yra b\u016btini energijai, gyvybingumui ir gerovei palaikyti. Su \u0161iuo milteli\u0173 mi\u0161iniu galite lengvai ir efektyviai atkurti \u0161ias svarbias med\u017eiagas.  <\/p>\n<p class=\"\" data-start=\"671\" data-end=\"1064\">Produkto sud\u0117tyje yra kruop\u0161\u010diai atrinkt\u0173 elektrolit\u0173 \u2013 magnio, kalcio, natrio ir chloro \u2013 kurie padeda i\u0161vengti raumen\u0173 m\u0117\u0161lungio, skatina atsigavim\u0105 ir palaiko normali\u0105 \u0161irdies veikl\u0105 bei nerv\u0173 perdavim\u0105. Be to, mi\u0161inys papildytas <strong data-start=\"903\" data-end=\"917\">vitaminu C<\/strong> , kuris stiprina imunin\u0119 sistem\u0105 ir padeda ma\u017einti nuovarg\u012f, bei <strong data-start=\"981\" data-end=\"993\">glicinu<\/strong> , kuris skatina mineral\u0173 \u012fsisavinim\u0105 ir palaiko organizmo l\u0105steli\u0173 atsinaujinim\u0105. <\/p>\n<p class=\"\" data-start=\"1066\" data-end=\"1414\">Produktas puikiai tinka atsigavimui po treniruot\u0117s, skys\u010di\u0173 ir drusk\u0173 pusiausvyrai atkurti kar\u0161t\u0105 dien\u0105 arba tiesiog kaip kasdien\u0117 pagalba tiems, kurie gyvena intensyv\u0173 gyvenimo b\u016bd\u0105 ar yra labai apkrauti. Bekvapiai milteliai idealiai tinka mai\u0161yti su vandeniu arba m\u0117gstamu g\u0117rimu ir juose n\u0117ra cukraus, dirbtini\u0173 pried\u0173, glitimo ar laktoz\u0117s. <\/p>\n<p class=\"\" data-start=\"1416\" data-end=\"1599\"><strong data-start=\"1416\" data-end=\"1449\">\u201ePure+\u201c elektrolit\u0173 milteliai<\/strong> yra i\u0161manus pasirinkimas tiems, kurie nori palaikyti nat\u016brali\u0105 k\u016bno pusiausvyr\u0105, palaikyti gyvybingum\u0105 ir suma\u017einti nuovarg\u012f \u2013 nat\u016braliu ir veiksmingu b\u016bdu.<\/p>\n","protected":false},"featured_media":353476,"comment_status":"closed","ping_status":"closed","template":"","meta":{"_acf_changed":false},"product_brand":[],"product_cat":[3122,3120,3016],"product_tag":[3141,3129,3028,3138,3135,3137,3127,3131,3142,3140,3139,3144,3125],"class_list":{"0":"post-353471","1":"product","2":"type-product","3":"status-publish","4":"has-post-thumbnail","6":"product_cat-elektrolitai","7":"product_cat-mineralai","8":"product_cat-sportas","9":"product_tag-elektrolitai","10":"product_tag-elektrolitas","11":"product_tag-energija-ir-nuovargis","12":"product_tag-glicinas","13":"product_tag-kalcis","14":"product_tag-kalis","15":"product_tag-magnis","16":"product_tag-maisto-papildas","17":"product_tag-natrio","18":"product_tag-nuovargio-mazinimas","19":"product_tag-raumenu-funkcija","20":"product_tag-raumenys-ir-sanariai","21":"product_tag-vitaminas-c-lt","23":"first","24":"instock","25":"featured","26":"taxable","27":"shipping-taxable","28":"purchasable","29":"product-type-simple"},"acf":[],"yoast_head":"<!-- This site is optimized with the Yoast SEO plugin v27.1.1 - https:\/\/yoast.com\/product\/yoast-seo-wordpress\/ -->\n<title>Elektrolit\u0173 milteliai be skonio, 120 g - Puhdas+<\/title>\n<meta name=\"description\" content=\"Beskoniai elektrolit\u0173 milteliai (120 g) sud\u0117tyje turi b\u016btin\u0173 mineral\u0173 ir maistini\u0173 med\u017eiag\u0173, kurios padeda palaikyti elektrolit\u0173 pusiausvyr\u0105 ir normali\u0105 raumen\u0173 funkcij\u0105.\" \/>\n<meta name=\"robots\" content=\"noindex, follow, max-snippet:-1, max-image-preview:large, max-video-preview:-1\" \/>\n<meta property=\"og:locale\" content=\"lt_LT\" \/>\n<meta property=\"og:type\" content=\"article\" \/>\n<meta property=\"og:title\" content=\"Elektrolit\u0173 milteliai be skonio, 120 g - Puhdas+\" \/>\n<meta property=\"og:description\" content=\"Beskoniai elektrolit\u0173 milteliai (120 g) sud\u0117tyje turi b\u016btin\u0173 mineral\u0173 ir maistini\u0173 med\u017eiag\u0173, kurios padeda palaikyti elektrolit\u0173 pusiausvyr\u0105 ir normali\u0105 raumen\u0173 funkcij\u0105.\" \/>\n<meta property=\"og:url\" content=\"https:\/\/test.puhdasplus.ee\/lt\/tooted\/sportas\/elektrolitu-milteliai-be-skonio-120-g\/\" \/>\n<meta property=\"og:site_name\" content=\"Puhdas+\" \/>\n<meta property=\"article:publisher\" content=\"https:\/\/www.facebook.com\/puhdasplus\" \/>\n<meta property=\"article:modified_time\" content=\"2026-03-10T12:43:51+00:00\" \/>\n<meta property=\"og:image\" content=\"https:\/\/test.puhdasplus.ee\/wp-content\/uploads\/2019\/10\/Untitled-design-46-copy-2-scaled.jpg\" \/>\n\t<meta property=\"og:image:width\" content=\"1862\" \/>\n\t<meta property=\"og:image:height\" content=\"2560\" \/>\n\t<meta property=\"og:image:type\" content=\"image\/jpeg\" \/>\n<meta name=\"twitter:card\" content=\"summary_large_image\" \/>\n<meta name=\"twitter:label1\" content=\"Est. reading time\" \/>\n\t<meta name=\"twitter:data1\" content=\"1 minut\u0117\" \/>\n<script type=\"application\/ld+json\" class=\"yoast-schema-graph\">{\"@context\":\"https:\/\/schema.org\",\"@graph\":[{\"@type\":\"WebPage\",\"@id\":\"https:\/\/test.puhdasplus.ee\/lt\/tooted\/sportas\/elektrolitu-milteliai-be-skonio-120-g\/\",\"url\":\"https:\/\/test.puhdasplus.ee\/lt\/tooted\/sportas\/elektrolitu-milteliai-be-skonio-120-g\/\",\"name\":\"Elektrolit\u0173 milteliai be skonio, 120 g - Puhdas+\",\"isPartOf\":{\"@id\":\"https:\/\/test.puhdasplus.ee\/lt\/#website\"},\"primaryImageOfPage\":{\"@id\":\"https:\/\/test.puhdasplus.ee\/lt\/tooted\/sportas\/elektrolitu-milteliai-be-skonio-120-g\/#primaryimage\"},\"image\":{\"@id\":\"https:\/\/test.puhdasplus.ee\/lt\/tooted\/sportas\/elektrolitu-milteliai-be-skonio-120-g\/#primaryimage\"},\"thumbnailUrl\":\"https:\/\/test.puhdasplus.ee\/wp-content\/uploads\/2019\/10\/Untitled-design-46-copy-2-scaled.jpg\",\"datePublished\":\"2019-10-22T08:03:41+00:00\",\"dateModified\":\"2026-03-10T12:43:51+00:00\",\"description\":\"Beskoniai elektrolit\u0173 milteliai (120 g) sud\u0117tyje turi b\u016btin\u0173 mineral\u0173 ir maistini\u0173 med\u017eiag\u0173, kurios padeda palaikyti elektrolit\u0173 pusiausvyr\u0105 ir normali\u0105 raumen\u0173 funkcij\u0105.\",\"breadcrumb\":{\"@id\":\"https:\/\/test.puhdasplus.ee\/lt\/tooted\/sportas\/elektrolitu-milteliai-be-skonio-120-g\/#breadcrumb\"},\"inLanguage\":\"lt-LT\",\"potentialAction\":[{\"@type\":\"ReadAction\",\"target\":[\"https:\/\/test.puhdasplus.ee\/lt\/tooted\/sportas\/elektrolitu-milteliai-be-skonio-120-g\/\"]}]},{\"@type\":\"ImageObject\",\"inLanguage\":\"lt-LT\",\"@id\":\"https:\/\/test.puhdasplus.ee\/lt\/tooted\/sportas\/elektrolitu-milteliai-be-skonio-120-g\/#primaryimage\",\"url\":\"https:\/\/test.puhdasplus.ee\/wp-content\/uploads\/2019\/10\/Untitled-design-46-copy-2-scaled.jpg\",\"contentUrl\":\"https:\/\/test.puhdasplus.ee\/wp-content\/uploads\/2019\/10\/Untitled-design-46-copy-2-scaled.jpg\",\"width\":1862,\"height\":2560,\"caption\":\"Elektrolit\u0173 milteliai be skonio, 120 g\"},{\"@type\":\"BreadcrumbList\",\"@id\":\"https:\/\/test.puhdasplus.ee\/lt\/tooted\/sportas\/elektrolitu-milteliai-be-skonio-120-g\/#breadcrumb\",\"itemListElement\":[{\"@type\":\"ListItem\",\"position\":1,\"name\":\"Prad\u017eia\",\"item\":\"https:\/\/test.puhdasplus.ee\/lt\/\"},{\"@type\":\"ListItem\",\"position\":2,\"name\":\"Produktai\",\"item\":\"https:\/\/test.puhdasplus.ee\/lt\/parduotuve\/\"},{\"@type\":\"ListItem\",\"position\":3,\"name\":\"Elektrolit\u0173 milteliai be skonio, 120 g\"}]},{\"@type\":\"WebSite\",\"@id\":\"https:\/\/test.puhdasplus.ee\/lt\/#website\",\"url\":\"https:\/\/test.puhdasplus.ee\/lt\/\",\"name\":\"Puhdas+\",\"description\":\"Vitamiinid, Toidulisandid, looduskosmeetika, tervis, sport\",\"publisher\":{\"@id\":\"https:\/\/test.puhdasplus.ee\/lt\/#organization\"},\"potentialAction\":[{\"@type\":\"SearchAction\",\"target\":{\"@type\":\"EntryPoint\",\"urlTemplate\":\"https:\/\/test.puhdasplus.ee\/lt\/?s={search_term_string}\"},\"query-input\":{\"@type\":\"PropertyValueSpecification\",\"valueRequired\":true,\"valueName\":\"search_term_string\"}}],\"inLanguage\":\"lt-LT\"},{\"@type\":\"Organization\",\"@id\":\"https:\/\/test.puhdasplus.ee\/lt\/#organization\",\"name\":\"Puhdas+\",\"alternateName\":\"Puhdasplus\",\"url\":\"https:\/\/test.puhdasplus.ee\/lt\/\",\"logo\":{\"@type\":\"ImageObject\",\"inLanguage\":\"lt-LT\",\"@id\":\"https:\/\/test.puhdasplus.ee\/lt\/#\/schema\/logo\/image\/\",\"url\":\"https:\/\/test.puhdasplus.ee\/\/wp-content\/uploads\/2019\/10\/puhdas_logo-arvele.png\",\"contentUrl\":\"https:\/\/test.puhdasplus.ee\/\/wp-content\/uploads\/2019\/10\/puhdas_logo-arvele.png\",\"width\":114,\"height\":94,\"caption\":\"Puhdas+\"},\"image\":{\"@id\":\"https:\/\/test.puhdasplus.ee\/lt\/#\/schema\/logo\/image\/\"},\"sameAs\":[\"https:\/\/www.facebook.com\/puhdasplus\",\"https:\/\/www.instagram.com\/puhdasplus_ee\/\"]}]}<\/script>\n<!-- \/ Yoast SEO plugin. -->","yoast_head_json":{"title":"Elektrolit\u0173 milteliai be skonio, 120 g - Puhdas+","description":"Beskoniai elektrolit\u0173 milteliai (120 g) sud\u0117tyje turi b\u016btin\u0173 mineral\u0173 ir maistini\u0173 med\u017eiag\u0173, kurios padeda palaikyti elektrolit\u0173 pusiausvyr\u0105 ir normali\u0105 raumen\u0173 funkcij\u0105.","robots":{"index":"noindex","follow":"follow","max-snippet":"max-snippet:-1","max-image-preview":"max-image-preview:large","max-video-preview":"max-video-preview:-1"},"og_locale":"lt_LT","og_type":"article","og_title":"Elektrolit\u0173 milteliai be skonio, 120 g - Puhdas+","og_description":"Beskoniai elektrolit\u0173 milteliai (120 g) sud\u0117tyje turi b\u016btin\u0173 mineral\u0173 ir maistini\u0173 med\u017eiag\u0173, kurios padeda palaikyti elektrolit\u0173 pusiausvyr\u0105 ir normali\u0105 raumen\u0173 funkcij\u0105.","og_url":"https:\/\/test.puhdasplus.ee\/lt\/tooted\/sportas\/elektrolitu-milteliai-be-skonio-120-g\/","og_site_name":"Puhdas+","article_publisher":"https:\/\/www.facebook.com\/puhdasplus","article_modified_time":"2026-03-10T12:43:51+00:00","og_image":[{"width":1862,"height":2560,"url":"https:\/\/test.puhdasplus.ee\/wp-content\/uploads\/2019\/10\/Untitled-design-46-copy-2-scaled.jpg","type":"image\/jpeg"}],"twitter_card":"summary_large_image","twitter_misc":{"Est. reading time":"1 minut\u0117"},"schema":{"@context":"https:\/\/schema.org","@graph":[{"@type":"WebPage","@id":"https:\/\/test.puhdasplus.ee\/lt\/tooted\/sportas\/elektrolitu-milteliai-be-skonio-120-g\/","url":"https:\/\/test.puhdasplus.ee\/lt\/tooted\/sportas\/elektrolitu-milteliai-be-skonio-120-g\/","name":"Elektrolit\u0173 milteliai be skonio, 120 g - Puhdas+","isPartOf":{"@id":"https:\/\/test.puhdasplus.ee\/lt\/#website"},"primaryImageOfPage":{"@id":"https:\/\/test.puhdasplus.ee\/lt\/tooted\/sportas\/elektrolitu-milteliai-be-skonio-120-g\/#primaryimage"},"image":{"@id":"https:\/\/test.puhdasplus.ee\/lt\/tooted\/sportas\/elektrolitu-milteliai-be-skonio-120-g\/#primaryimage"},"thumbnailUrl":"https:\/\/test.puhdasplus.ee\/wp-content\/uploads\/2019\/10\/Untitled-design-46-copy-2-scaled.jpg","datePublished":"2019-10-22T08:03:41+00:00","dateModified":"2026-03-10T12:43:51+00:00","description":"Beskoniai elektrolit\u0173 milteliai (120 g) sud\u0117tyje turi b\u016btin\u0173 mineral\u0173 ir maistini\u0173 med\u017eiag\u0173, kurios padeda palaikyti elektrolit\u0173 pusiausvyr\u0105 ir normali\u0105 raumen\u0173 funkcij\u0105.","breadcrumb":{"@id":"https:\/\/test.puhdasplus.ee\/lt\/tooted\/sportas\/elektrolitu-milteliai-be-skonio-120-g\/#breadcrumb"},"inLanguage":"lt-LT","potentialAction":[{"@type":"ReadAction","target":["https:\/\/test.puhdasplus.ee\/lt\/tooted\/sportas\/elektrolitu-milteliai-be-skonio-120-g\/"]}]},{"@type":"ImageObject","inLanguage":"lt-LT","@id":"https:\/\/test.puhdasplus.ee\/lt\/tooted\/sportas\/elektrolitu-milteliai-be-skonio-120-g\/#primaryimage","url":"https:\/\/test.puhdasplus.ee\/wp-content\/uploads\/2019\/10\/Untitled-design-46-copy-2-scaled.jpg","contentUrl":"https:\/\/test.puhdasplus.ee\/wp-content\/uploads\/2019\/10\/Untitled-design-46-copy-2-scaled.jpg","width":1862,"height":2560,"caption":"Elektrolit\u0173 milteliai be skonio, 120 g"},{"@type":"BreadcrumbList","@id":"https:\/\/test.puhdasplus.ee\/lt\/tooted\/sportas\/elektrolitu-milteliai-be-skonio-120-g\/#breadcrumb","itemListElement":[{"@type":"ListItem","position":1,"name":"Prad\u017eia","item":"https:\/\/test.puhdasplus.ee\/lt\/"},{"@type":"ListItem","position":2,"name":"Produktai","item":"https:\/\/test.puhdasplus.ee\/lt\/parduotuve\/"},{"@type":"ListItem","position":3,"name":"Elektrolit\u0173 milteliai be skonio, 120 g"}]},{"@type":"WebSite","@id":"https:\/\/test.puhdasplus.ee\/lt\/#website","url":"https:\/\/test.puhdasplus.ee\/lt\/","name":"Puhdas+","description":"Vitamiinid, Toidulisandid, looduskosmeetika, tervis, sport","publisher":{"@id":"https:\/\/test.puhdasplus.ee\/lt\/#organization"},"potentialAction":[{"@type":"SearchAction","target":{"@type":"EntryPoint","urlTemplate":"https:\/\/test.puhdasplus.ee\/lt\/?s={search_term_string}"},"query-input":{"@type":"PropertyValueSpecification","valueRequired":true,"valueName":"search_term_string"}}],"inLanguage":"lt-LT"},{"@type":"Organization","@id":"https:\/\/test.puhdasplus.ee\/lt\/#organization","name":"Puhdas+","alternateName":"Puhdasplus","url":"https:\/\/test.puhdasplus.ee\/lt\/","logo":{"@type":"ImageObject","inLanguage":"lt-LT","@id":"https:\/\/test.puhdasplus.ee\/lt\/#\/schema\/logo\/image\/","url":"https:\/\/test.puhdasplus.ee\/\/wp-content\/uploads\/2019\/10\/puhdas_logo-arvele.png","contentUrl":"https:\/\/test.puhdasplus.ee\/\/wp-content\/uploads\/2019\/10\/puhdas_logo-arvele.png","width":114,"height":94,"caption":"Puhdas+"},"image":{"@id":"https:\/\/test.puhdasplus.ee\/lt\/#\/schema\/logo\/image\/"},"sameAs":["https:\/\/www.facebook.com\/puhdasplus","https:\/\/www.instagram.com\/puhdasplus_ee\/"]}]}},"_links":{"self":[{"href":"https:\/\/test.puhdasplus.ee\/lt\/wp-json\/wp\/v2\/product\/353471","targetHints":{"allow":["GET"]}}],"collection":[{"href":"https:\/\/test.puhdasplus.ee\/lt\/wp-json\/wp\/v2\/product"}],"about":[{"href":"https:\/\/test.puhdasplus.ee\/lt\/wp-json\/wp\/v2\/types\/product"}],"replies":[{"embeddable":true,"href":"https:\/\/test.puhdasplus.ee\/lt\/wp-json\/wp\/v2\/comments?post=353471"}],"wp:featuredmedia":[{"embeddable":true,"href":"https:\/\/test.puhdasplus.ee\/lt\/wp-json\/wp\/v2\/media\/353476"}],"wp:attachment":[{"href":"https:\/\/test.puhdasplus.ee\/lt\/wp-json\/wp\/v2\/media?parent=353471"}],"wp:term":[{"taxonomy":"product_brand","embeddable":true,"href":"https:\/\/test.puhdasplus.ee\/lt\/wp-json\/wp\/v2\/product_brand?post=353471"},{"taxonomy":"product_cat","embeddable":true,"href":"https:\/\/test.puhdasplus.ee\/lt\/wp-json\/wp\/v2\/product_cat?post=353471"},{"taxonomy":"product_tag","embeddable":true,"href":"https:\/\/test.puhdasplus.ee\/lt\/wp-json\/wp\/v2\/product_tag?post=353471"}],"curies":[{"name":"wp","href":"https:\/\/api.w.org\/{rel}","templated":true}]}}