{"id":353438,"date":"2019-11-23T23:06:59","date_gmt":"2019-11-23T21:06:59","guid":{"rendered":"https:\/\/test.puhdasplus.ee\/\/tooted\/be-kategorijos\/vitamino-c-milteliai-1000-mg-200-g\/"},"modified":"2026-03-10T14:38:10","modified_gmt":"2026-03-10T12:38:10","slug":"vitamino-c-milteliai-1000-mg-200-g","status":"publish","type":"product","link":"https:\/\/test.puhdasplus.ee\/lt\/tooted\/vitaminai\/vitaminas-c\/vitamino-c-milteliai-1000-mg-200-g\/","title":{"rendered":"Vitamino C milteliai 1000 mg 200 g"},"content":{"rendered":"<p data-start=\"109\" data-end=\"421\">\u201ePure+ Vitamin C 1000 mg\u201c yra auk\u0161tos kokyb\u0117s maisto papildas, kurio sud\u0117tyje yra gryno natrio L-askorbato \u2013 skrand\u017eiui draugi\u0161kos ir gerai \u012fsisavinamos vitamino C formos.  <span class=\"relative -mx-px my-[-0.2rem] rounded px-px py-[0.2rem] transition-colors duration-100 ease-in-out\">Produktas yra milteli\u0173 pavidalo, tod\u0117l j\u012f galima lanks\u010diai dozuoti, be to, jis tinka \u017emon\u0117ms, turintiems jautri\u0105 vir\u0161kinimo sistem\u0105.<\/span> <span class=\"relative -mx-px my-[-0.2rem] rounded px-px py-[0.2rem] transition-colors duration-100 ease-in-out\">Vitaminas C padeda palaikyti normali\u0105 imunin\u0117s sistemos veikl\u0105, normali\u0105 nerv\u0173 sistemos veikl\u0105, ma\u017eina pavargimo jausm\u0105 ir nuovarg\u012f.  <\/span><span class=\"relative -mx-px my-[-0.2rem] rounded px-px py-[0.2rem] transition-colors duration-100 ease-in-out\">Tai taip pat padeda palaikyti normal\u0173 kolageno, kuris yra svarbus normaliai odos, kraujagysli\u0173, kaul\u0173, kremzli\u0173, danten\u0173 ir dant\u0173 funkcijai, susidarym\u0105.<\/span><\/p>\n<h2 data-start=\"215\" data-end=\"264\">Kod\u0117l verta rinktis b\u016btent \u0161\u012f vitamino C papild\u0105?<\/h2>\n<p class=\"\" data-start=\"266\" data-end=\"423\"><span class=\"relative -mx-px my-[-0.2rem] rounded px-px py-[0.2rem] transition-colors duration-100 ease-in-out\">\u201ePure+ Vitamin C 1000 mg\u201c yra auk\u0161tos kokyb\u0117s maisto papildas, kurio sud\u0117tyje yra tik natrio L-askorbato \u2013 skrand\u017eiui draugi\u0161kos ir gerai \u012fsisavinamos vitamino C formos.<\/span> <span class=\"relative -mx-px my-[-0.2rem] rounded px-px py-[0.2rem] transition-colors duration-100 ease-in-out\">Produkte n\u0117ra konservant\u0173, da\u017eikli\u0173 ar saldikli\u0173, jis taip pat tinka \u017emon\u0117ms, turintiems jautri\u0105 vir\u0161kinimo sistem\u0105.<\/span> <span class=\"relative -mx-px my-[-0.2rem] rounded px-px py-[0.2rem] transition-colors duration-100 ease-in-out\">Milteli\u0173 forma leid\u017eia lanks\u010diai dozuoti ir lengvai mai\u0161yti su vandeniu, sultimis ar kokteiliais.<\/span><\/p>\n<h2 data-start=\"430\" data-end=\"465\">Kaip tai palaiko mano sveikat\u0105?<\/h2>\n<p class=\"\" data-start=\"467\" data-end=\"626\"><span class=\"relative -mx-px my-[-0.2rem] rounded px-px py-[0.2rem] transition-colors duration-100 ease-in-out\">Vitaminas C padeda palaikyti normali\u0105 imunin\u0117s sistemos veikl\u0105, normali\u0105 nerv\u0173 sistemos veikl\u0105 ir padeda ma\u017einti pavargimo jausm\u0105 ir nuovarg\u012f.<\/span> <span class=\"relative -mx-px my-[-0.2rem] rounded px-px py-[0.2rem] transition-colors duration-100 ease-in-out\">Jis taip pat padeda palaikyti normal\u0173 kolageno, kuris svarbus normaliai odos, kraujagysli\u0173, kaul\u0173, kremzli\u0173, danten\u0173 ir dant\u0173 funkcijai, susidarym\u0105.<\/span> <span class=\"relative -mx-px my-[-0.2rem] rounded px-px py-[0.2rem] transition-colors duration-100 ease-in-out\">Vitaminas C taip pat padeda apsaugoti l\u0105steles nuo oksidacinio streso.<\/span><\/p>\n<h2 data-start=\"633\" data-end=\"686\">Ar jis tinka ir \u017emon\u0117ms, turintiems jautr\u0173 vir\u0161kinim\u0105?<\/h2>\n<p class=\"\" data-start=\"688\" data-end=\"813\"><span class=\"relative -mx-px my-[-0.2rem] rounded px-px py-[0.2rem] transition-colors duration-100 ease-in-out\">Taip, produkte yra natrio L-askorbato, kuris yra draugi\u0161kesnis skrand\u017eiui nei tradicin\u0117 askorbo r\u016bg\u0161tis.<\/span> <span class=\"relative -mx-px my-[-0.2rem] rounded px-px py-[0.2rem] transition-colors duration-100 ease-in-out\">D\u0117l to produktas tinka \u017emon\u0117ms, turintiems jautri\u0105 vir\u0161kinimo sistem\u0105.<\/span><\/p>\n<h2 data-start=\"688\" data-end=\"813\">Kaip ir kada j\u012f naudoti?<\/h2>\n<p class=\"\" data-start=\"423\" data-end=\"677\"><strong data-start=\"423\" data-end=\"441\">Vartojimo instrukcijos:<\/strong> <span class=\"relative -mx-px my-[-0.2rem] rounded px-px py-[0.2rem] transition-colors duration-100 ease-in-out\">Rekomenduojama doz\u0117 suaugusiesiems yra 1 samtelis (1 ml) per dien\u0105.<\/span> <span class=\"relative -mx-px my-[-0.2rem] rounded px-px py-[0.2rem] transition-colors duration-100 ease-in-out\">Miltelius sumai\u0161ykite su stikline vandens, sul\u010di\u0173 arba kokteiliu.<\/span> <span class=\"relative -mx-px my-[-0.2rem] rounded px-px py-[0.2rem] transition-colors duration-100 ease-in-out\">Rekomenduojamos paros doz\u0117s vir\u0161yti negalima.<\/span> <span class=\"relative -mx-px my-[-0.2rem] rounded px-px py-[0.2rem] transition-colors duration-100 ease-in-out\">Maisto papildas nepakei\u010dia \u012fvairios ir subalansuotos mitybos ar sveiko gyvenimo b\u016bdo.<\/span> <span class=\"relative -mx-px my-[-0.2rem] rounded px-px py-[0.2rem] transition-colors duration-100 ease-in-out\">Laikyti vaikams nepasiekiamoje vietoje.<\/span><\/p>\n<h2>Kokie yra ingredientai ir maistin\u0117 vert\u0117?<\/h2>\n<p><strong>Sudedamosios dalys:<\/strong> <span class=\"relative -mx-px my-[-0.2rem] rounded px-px py-[0.2rem] transition-colors duration-100 ease-in-out\">natrio L-askorbatas.<\/span> <span class=\"relative -mx-px my-[-0.2rem] rounded px-px py-[0.2rem] transition-colors duration-100 ease-in-out\">Produkte n\u0117ra laktoz\u0117s, glitimo, mieli\u0173, cukraus, krakmolo, kukur\u016bz\u0173, sojos ar saldikli\u0173.<\/span> <span class=\"relative -mx-px my-[-0.2rem] rounded px-px py-[0.2rem] transition-colors duration-100 ease-in-out\">Tinka veganams.<\/span><\/p>\n<p><strong data-start=\"1041\" data-end=\"1058\">Maistin\u0117 vert\u0117:<\/strong> <span class=\"relative -mx-px my-[-0.2rem] rounded px-px py-[0.2rem] transition-colors duration-100 ease-in-out\">1 samtelyje (1 ml) yra 1000 mg vitamino C (1250 % rekomenduojamos paros normos)<\/span><\/p>\n<h2 data-start=\"1463\" data-end=\"1494\">Ar tai ekonomi\u0161kas pasirinkimas?<\/h2>\n<p class=\"\" data-start=\"1496\" data-end=\"1581\"><span class=\"relative -mx-px my-[-0.2rem] rounded px-px py-[0.2rem] transition-colors duration-100 ease-in-out\">Taip, pakuot\u0117je yra ma\u017edaug 180 dozi\u0173, tod\u0117l tai ekonomi\u0161kas ir ilgalaikis pasirinkimas kasdieniam naudojimui.<\/span><\/p>\n<p data-start=\"1496\" data-end=\"1581\">\n<p data-start=\"1496\" data-end=\"1581\"><strong data-start=\"1312\" data-end=\"1323\">Gamintojas:<\/strong> New Organics Oy, Suomija<br data-start=\"1346\" data-end=\"1349\"><strong data-start=\"1349\" data-end=\"1364\">Importuotojas:<\/strong> NordenBio O\u00dc, Narva mnt 7, 10117 Talinas, Estija<\/p>\n","protected":false},"excerpt":{"rendered":"<p data-start=\"0\" data-end=\"18\"><span class=\"relative -mx-px my-[-0.2rem] rounded px-px py-[0.2rem] transition-colors duration-100 ease-in-out\">\u201ePure+\u201c vitaminas C 1000 mg yra grynas ir veiksmingas maisto papildas, kurio sud\u0117tyje yra tik natrio L-askorbato.<\/span> <span class=\"relative -mx-px my-[-0.2rem] rounded px-px py-[0.2rem] transition-colors duration-100 ease-in-out\">Milteli\u0173 pavidalo produkt\u0105 lengva mai\u0161yti su vandeniu, sultimis ar kokteiliais.<\/span> <span class=\"relative -mx-px my-[-0.2rem] rounded px-px py-[0.2rem] transition-colors duration-100 ease-in-out\">Vitaminas C palaiko normali\u0105 imunin\u0117s sistemos funkcij\u0105 ir padeda ma\u017einti nuovarg\u012f bei i\u0161sekim\u0105.<\/span> <span class=\"relative -mx-px my-[-0.2rem] rounded px-px py-[0.2rem] transition-colors duration-100 ease-in-out\">Produkte n\u0117ra dirbtini\u0173 pried\u0173, jis taip pat tinka veganams ir alergi\u0161kiems \u017emon\u0117ms.<\/span> <span class=\"relative -mx-px my-[-0.2rem] rounded px-px py-[0.2rem] transition-colors duration-100 ease-in-out\">Pakuot\u0117je yra ma\u017edaug 180 dozi\u0173, u\u017etikrinan\u010di\u0173 ilgalaik\u0119 vert\u0119.<\/span><\/p>\n","protected":false},"featured_media":353445,"comment_status":"closed","ping_status":"closed","template":"","meta":{"_acf_changed":false},"product_brand":[],"product_cat":[3048,3174,6396],"product_tag":[3396,6722,4025,3023,6724,6726,6723,6725,3140,6727,6721,3125,6331],"class_list":{"0":"post-353438","1":"product","2":"type-product","3":"status-publish","4":"has-post-thumbnail","6":"product_cat-imunine-sistema","7":"product_cat-vitaminai","8":"product_cat-vitaminas-c","9":"product_tag-antioksidacine-apsauga","10":"product_tag-askorbatas","11":"product_tag-imunines-sistemos-palaikymas-lt","12":"product_tag-imunitetas","13":"product_tag-kolageno-gamyba","14":"product_tag-lengvai-pasisavinamas-vitaminas-c","15":"product_tag-natrio-askorbatas","16":"product_tag-naturali-sveikatos-parama-lt","17":"product_tag-nuovargio-mazinimas","18":"product_tag-tinka-jautriems-skrandziams","19":"product_tag-vitaminas","20":"product_tag-vitaminas-c-lt","21":"product_tag-vitamino-c-papildas","23":"first","24":"instock","25":"featured","26":"taxable","27":"shipping-taxable","28":"purchasable","29":"product-type-simple"},"acf":[],"yoast_head":"<!-- This site is optimized with the Yoast SEO plugin v27.1.1 - https:\/\/yoast.com\/product\/yoast-seo-wordpress\/ -->\n<title>Vitamino C milteliai 1000 mg 200 g - Puhdas+<\/title>\n<meta name=\"description\" content=\"Vitaminas C 1000 mg (natrio askorbatas) yra lengvai pasisavinama vitamino C forma, kuri stiprina imunitet\u0105, ma\u017eina nuovarg\u012f ir skatina kolageno gamyb\u0105.\" \/>\n<meta name=\"robots\" content=\"noindex, follow, max-snippet:-1, max-image-preview:large, max-video-preview:-1\" \/>\n<meta property=\"og:locale\" content=\"lt_LT\" \/>\n<meta property=\"og:type\" content=\"article\" \/>\n<meta property=\"og:title\" content=\"Vitamino C milteliai 1000 mg 200 g - Puhdas+\" \/>\n<meta property=\"og:description\" content=\"Vitaminas C 1000 mg (natrio askorbatas) yra lengvai pasisavinama vitamino C forma, kuri stiprina imunitet\u0105, ma\u017eina nuovarg\u012f ir skatina kolageno gamyb\u0105.\" \/>\n<meta property=\"og:url\" content=\"https:\/\/test.puhdasplus.ee\/lt\/tooted\/vitaminai\/vitaminas-c\/vitamino-c-milteliai-1000-mg-200-g\/\" \/>\n<meta property=\"og:site_name\" content=\"Puhdas+\" \/>\n<meta property=\"article:publisher\" content=\"https:\/\/www.facebook.com\/puhdasplus\" \/>\n<meta property=\"article:modified_time\" content=\"2026-03-10T12:38:10+00:00\" \/>\n<meta property=\"og:image\" content=\"https:\/\/test.puhdasplus.ee\/wp-content\/uploads\/2025\/03\/1-1.jpg\" \/>\n\t<meta property=\"og:image:width\" content=\"1862\" \/>\n\t<meta property=\"og:image:height\" content=\"2560\" \/>\n\t<meta property=\"og:image:type\" content=\"image\/jpeg\" \/>\n<meta name=\"twitter:card\" content=\"summary_large_image\" \/>\n<meta name=\"twitter:label1\" content=\"Est. reading time\" \/>\n\t<meta name=\"twitter:data1\" content=\"2 minut\u0117\" \/>\n<script type=\"application\/ld+json\" class=\"yoast-schema-graph\">{\"@context\":\"https:\/\/schema.org\",\"@graph\":[{\"@type\":\"WebPage\",\"@id\":\"https:\/\/test.puhdasplus.ee\/lt\/tooted\/vitaminai\/vitaminas-c\/vitamino-c-milteliai-1000-mg-200-g\/\",\"url\":\"https:\/\/test.puhdasplus.ee\/lt\/tooted\/vitaminai\/vitaminas-c\/vitamino-c-milteliai-1000-mg-200-g\/\",\"name\":\"Vitamino C milteliai 1000 mg 200 g - Puhdas+\",\"isPartOf\":{\"@id\":\"https:\/\/test.puhdasplus.ee\/lt\/#website\"},\"primaryImageOfPage\":{\"@id\":\"https:\/\/test.puhdasplus.ee\/lt\/tooted\/vitaminai\/vitaminas-c\/vitamino-c-milteliai-1000-mg-200-g\/#primaryimage\"},\"image\":{\"@id\":\"https:\/\/test.puhdasplus.ee\/lt\/tooted\/vitaminai\/vitaminas-c\/vitamino-c-milteliai-1000-mg-200-g\/#primaryimage\"},\"thumbnailUrl\":\"https:\/\/test.puhdasplus.ee\/wp-content\/uploads\/2025\/03\/1-1.jpg\",\"datePublished\":\"2019-11-23T21:06:59+00:00\",\"dateModified\":\"2026-03-10T12:38:10+00:00\",\"description\":\"Vitaminas C 1000 mg (natrio askorbatas) yra lengvai pasisavinama vitamino C forma, kuri stiprina imunitet\u0105, ma\u017eina nuovarg\u012f ir skatina kolageno gamyb\u0105.\",\"breadcrumb\":{\"@id\":\"https:\/\/test.puhdasplus.ee\/lt\/tooted\/vitaminai\/vitaminas-c\/vitamino-c-milteliai-1000-mg-200-g\/#breadcrumb\"},\"inLanguage\":\"lt-LT\",\"potentialAction\":[{\"@type\":\"ReadAction\",\"target\":[\"https:\/\/test.puhdasplus.ee\/lt\/tooted\/vitaminai\/vitaminas-c\/vitamino-c-milteliai-1000-mg-200-g\/\"]}]},{\"@type\":\"ImageObject\",\"inLanguage\":\"lt-LT\",\"@id\":\"https:\/\/test.puhdasplus.ee\/lt\/tooted\/vitaminai\/vitaminas-c\/vitamino-c-milteliai-1000-mg-200-g\/#primaryimage\",\"url\":\"https:\/\/test.puhdasplus.ee\/wp-content\/uploads\/2025\/03\/1-1.jpg\",\"contentUrl\":\"https:\/\/test.puhdasplus.ee\/wp-content\/uploads\/2025\/03\/1-1.jpg\",\"width\":1862,\"height\":2560,\"caption\":\"Vitaminas C 1000 mg (natrio askorbatas)\"},{\"@type\":\"BreadcrumbList\",\"@id\":\"https:\/\/test.puhdasplus.ee\/lt\/tooted\/vitaminai\/vitaminas-c\/vitamino-c-milteliai-1000-mg-200-g\/#breadcrumb\",\"itemListElement\":[{\"@type\":\"ListItem\",\"position\":1,\"name\":\"Prad\u017eia\",\"item\":\"https:\/\/test.puhdasplus.ee\/lt\/\"},{\"@type\":\"ListItem\",\"position\":2,\"name\":\"Produktai\",\"item\":\"https:\/\/test.puhdasplus.ee\/lt\/parduotuve\/\"},{\"@type\":\"ListItem\",\"position\":3,\"name\":\"Vitamino C milteliai 1000 mg 200 g\"}]},{\"@type\":\"WebSite\",\"@id\":\"https:\/\/test.puhdasplus.ee\/lt\/#website\",\"url\":\"https:\/\/test.puhdasplus.ee\/lt\/\",\"name\":\"Puhdas+\",\"description\":\"Vitamiinid, Toidulisandid, looduskosmeetika, tervis, sport\",\"publisher\":{\"@id\":\"https:\/\/test.puhdasplus.ee\/lt\/#organization\"},\"potentialAction\":[{\"@type\":\"SearchAction\",\"target\":{\"@type\":\"EntryPoint\",\"urlTemplate\":\"https:\/\/test.puhdasplus.ee\/lt\/?s={search_term_string}\"},\"query-input\":{\"@type\":\"PropertyValueSpecification\",\"valueRequired\":true,\"valueName\":\"search_term_string\"}}],\"inLanguage\":\"lt-LT\"},{\"@type\":\"Organization\",\"@id\":\"https:\/\/test.puhdasplus.ee\/lt\/#organization\",\"name\":\"Puhdas+\",\"alternateName\":\"Puhdasplus\",\"url\":\"https:\/\/test.puhdasplus.ee\/lt\/\",\"logo\":{\"@type\":\"ImageObject\",\"inLanguage\":\"lt-LT\",\"@id\":\"https:\/\/test.puhdasplus.ee\/lt\/#\/schema\/logo\/image\/\",\"url\":\"https:\/\/test.puhdasplus.ee\/\/wp-content\/uploads\/2019\/10\/puhdas_logo-arvele.png\",\"contentUrl\":\"https:\/\/test.puhdasplus.ee\/\/wp-content\/uploads\/2019\/10\/puhdas_logo-arvele.png\",\"width\":114,\"height\":94,\"caption\":\"Puhdas+\"},\"image\":{\"@id\":\"https:\/\/test.puhdasplus.ee\/lt\/#\/schema\/logo\/image\/\"},\"sameAs\":[\"https:\/\/www.facebook.com\/puhdasplus\",\"https:\/\/www.instagram.com\/puhdasplus_ee\/\"]}]}<\/script>\n<!-- \/ Yoast SEO plugin. -->","yoast_head_json":{"title":"Vitamino C milteliai 1000 mg 200 g - Puhdas+","description":"Vitaminas C 1000 mg (natrio askorbatas) yra lengvai pasisavinama vitamino C forma, kuri stiprina imunitet\u0105, ma\u017eina nuovarg\u012f ir skatina kolageno gamyb\u0105.","robots":{"index":"noindex","follow":"follow","max-snippet":"max-snippet:-1","max-image-preview":"max-image-preview:large","max-video-preview":"max-video-preview:-1"},"og_locale":"lt_LT","og_type":"article","og_title":"Vitamino C milteliai 1000 mg 200 g - Puhdas+","og_description":"Vitaminas C 1000 mg (natrio askorbatas) yra lengvai pasisavinama vitamino C forma, kuri stiprina imunitet\u0105, ma\u017eina nuovarg\u012f ir skatina kolageno gamyb\u0105.","og_url":"https:\/\/test.puhdasplus.ee\/lt\/tooted\/vitaminai\/vitaminas-c\/vitamino-c-milteliai-1000-mg-200-g\/","og_site_name":"Puhdas+","article_publisher":"https:\/\/www.facebook.com\/puhdasplus","article_modified_time":"2026-03-10T12:38:10+00:00","og_image":[{"width":1862,"height":2560,"url":"https:\/\/test.puhdasplus.ee\/wp-content\/uploads\/2025\/03\/1-1.jpg","type":"image\/jpeg"}],"twitter_card":"summary_large_image","twitter_misc":{"Est. reading time":"2 minut\u0117"},"schema":{"@context":"https:\/\/schema.org","@graph":[{"@type":"WebPage","@id":"https:\/\/test.puhdasplus.ee\/lt\/tooted\/vitaminai\/vitaminas-c\/vitamino-c-milteliai-1000-mg-200-g\/","url":"https:\/\/test.puhdasplus.ee\/lt\/tooted\/vitaminai\/vitaminas-c\/vitamino-c-milteliai-1000-mg-200-g\/","name":"Vitamino C milteliai 1000 mg 200 g - Puhdas+","isPartOf":{"@id":"https:\/\/test.puhdasplus.ee\/lt\/#website"},"primaryImageOfPage":{"@id":"https:\/\/test.puhdasplus.ee\/lt\/tooted\/vitaminai\/vitaminas-c\/vitamino-c-milteliai-1000-mg-200-g\/#primaryimage"},"image":{"@id":"https:\/\/test.puhdasplus.ee\/lt\/tooted\/vitaminai\/vitaminas-c\/vitamino-c-milteliai-1000-mg-200-g\/#primaryimage"},"thumbnailUrl":"https:\/\/test.puhdasplus.ee\/wp-content\/uploads\/2025\/03\/1-1.jpg","datePublished":"2019-11-23T21:06:59+00:00","dateModified":"2026-03-10T12:38:10+00:00","description":"Vitaminas C 1000 mg (natrio askorbatas) yra lengvai pasisavinama vitamino C forma, kuri stiprina imunitet\u0105, ma\u017eina nuovarg\u012f ir skatina kolageno gamyb\u0105.","breadcrumb":{"@id":"https:\/\/test.puhdasplus.ee\/lt\/tooted\/vitaminai\/vitaminas-c\/vitamino-c-milteliai-1000-mg-200-g\/#breadcrumb"},"inLanguage":"lt-LT","potentialAction":[{"@type":"ReadAction","target":["https:\/\/test.puhdasplus.ee\/lt\/tooted\/vitaminai\/vitaminas-c\/vitamino-c-milteliai-1000-mg-200-g\/"]}]},{"@type":"ImageObject","inLanguage":"lt-LT","@id":"https:\/\/test.puhdasplus.ee\/lt\/tooted\/vitaminai\/vitaminas-c\/vitamino-c-milteliai-1000-mg-200-g\/#primaryimage","url":"https:\/\/test.puhdasplus.ee\/wp-content\/uploads\/2025\/03\/1-1.jpg","contentUrl":"https:\/\/test.puhdasplus.ee\/wp-content\/uploads\/2025\/03\/1-1.jpg","width":1862,"height":2560,"caption":"Vitaminas C 1000 mg (natrio askorbatas)"},{"@type":"BreadcrumbList","@id":"https:\/\/test.puhdasplus.ee\/lt\/tooted\/vitaminai\/vitaminas-c\/vitamino-c-milteliai-1000-mg-200-g\/#breadcrumb","itemListElement":[{"@type":"ListItem","position":1,"name":"Prad\u017eia","item":"https:\/\/test.puhdasplus.ee\/lt\/"},{"@type":"ListItem","position":2,"name":"Produktai","item":"https:\/\/test.puhdasplus.ee\/lt\/parduotuve\/"},{"@type":"ListItem","position":3,"name":"Vitamino C milteliai 1000 mg 200 g"}]},{"@type":"WebSite","@id":"https:\/\/test.puhdasplus.ee\/lt\/#website","url":"https:\/\/test.puhdasplus.ee\/lt\/","name":"Puhdas+","description":"Vitamiinid, Toidulisandid, looduskosmeetika, tervis, sport","publisher":{"@id":"https:\/\/test.puhdasplus.ee\/lt\/#organization"},"potentialAction":[{"@type":"SearchAction","target":{"@type":"EntryPoint","urlTemplate":"https:\/\/test.puhdasplus.ee\/lt\/?s={search_term_string}"},"query-input":{"@type":"PropertyValueSpecification","valueRequired":true,"valueName":"search_term_string"}}],"inLanguage":"lt-LT"},{"@type":"Organization","@id":"https:\/\/test.puhdasplus.ee\/lt\/#organization","name":"Puhdas+","alternateName":"Puhdasplus","url":"https:\/\/test.puhdasplus.ee\/lt\/","logo":{"@type":"ImageObject","inLanguage":"lt-LT","@id":"https:\/\/test.puhdasplus.ee\/lt\/#\/schema\/logo\/image\/","url":"https:\/\/test.puhdasplus.ee\/\/wp-content\/uploads\/2019\/10\/puhdas_logo-arvele.png","contentUrl":"https:\/\/test.puhdasplus.ee\/\/wp-content\/uploads\/2019\/10\/puhdas_logo-arvele.png","width":114,"height":94,"caption":"Puhdas+"},"image":{"@id":"https:\/\/test.puhdasplus.ee\/lt\/#\/schema\/logo\/image\/"},"sameAs":["https:\/\/www.facebook.com\/puhdasplus","https:\/\/www.instagram.com\/puhdasplus_ee\/"]}]}},"_links":{"self":[{"href":"https:\/\/test.puhdasplus.ee\/lt\/wp-json\/wp\/v2\/product\/353438","targetHints":{"allow":["GET"]}}],"collection":[{"href":"https:\/\/test.puhdasplus.ee\/lt\/wp-json\/wp\/v2\/product"}],"about":[{"href":"https:\/\/test.puhdasplus.ee\/lt\/wp-json\/wp\/v2\/types\/product"}],"replies":[{"embeddable":true,"href":"https:\/\/test.puhdasplus.ee\/lt\/wp-json\/wp\/v2\/comments?post=353438"}],"wp:featuredmedia":[{"embeddable":true,"href":"https:\/\/test.puhdasplus.ee\/lt\/wp-json\/wp\/v2\/media\/353445"}],"wp:attachment":[{"href":"https:\/\/test.puhdasplus.ee\/lt\/wp-json\/wp\/v2\/media?parent=353438"}],"wp:term":[{"taxonomy":"product_brand","embeddable":true,"href":"https:\/\/test.puhdasplus.ee\/lt\/wp-json\/wp\/v2\/product_brand?post=353438"},{"taxonomy":"product_cat","embeddable":true,"href":"https:\/\/test.puhdasplus.ee\/lt\/wp-json\/wp\/v2\/product_cat?post=353438"},{"taxonomy":"product_tag","embeddable":true,"href":"https:\/\/test.puhdasplus.ee\/lt\/wp-json\/wp\/v2\/product_tag?post=353438"}],"curies":[{"name":"wp","href":"https:\/\/api.w.org\/{rel}","templated":true}]}}