{"id":353430,"date":"2025-08-25T14:14:33","date_gmt":"2025-08-25T11:14:33","guid":{"rendered":"https:\/\/test.puhdasplus.ee\/\/tooted\/be-kategorijos\/beta-karotenas-15-mg-60-kapsuliu\/"},"modified":"2026-03-04T22:06:01","modified_gmt":"2026-03-04T20:06:01","slug":"beta-karotenas-15-mg-60-kapsuliu","status":"publish","type":"product","link":"https:\/\/test.puhdasplus.ee\/lt\/tooted\/imunine-sistema\/beta-karotenas-15-mg-60-kapsuliu\/","title":{"rendered":"Beta karotenas 15 mg 60 kapsuli\u0173"},"content":{"rendered":"<h2 data-start=\"313\" data-end=\"684\">Stiprus beta karotinas sud\u0117tyje turi nat\u016bralaus beta karoteno, kuris yra vitamino A pirmtakas. Organizmas beta karoten\u0105 paver\u010dia vitaminu A pagal poreik\u012f. Vitaminas A padeda palaikyti normal\u0173 reg\u0117jim\u0105, palaiko normali\u0105 imunin\u0117s sistemos ir odos funkcij\u0105.  <\/h2>\n<p data-start=\"686\" data-end=\"827\">\u0160is grynas, auk\u0161tos kokyb\u0117s papildas yra patogioje kapsul\u0117s formoje ir be glitimo, laktoz\u0117s, mieli\u0173, cukraus ar dirbtini\u0173 saldikli\u0173.<\/p>\n<ul>\n<li data-start=\"286\" data-end=\"578\">\n<p data-start=\"288\" data-end=\"578\"><strong data-start=\"288\" data-end=\"321\">Padeda palaikyti normali\u0105 odos b\u016bkl\u0119<\/strong><br data-start=\"321\" data-end=\"324\"> Beta karotenas yra vitamino A pirmtakas, kur\u012f organizmas prireikus paver\u010dia aktyviu vitaminu A. Vitaminas A padeda palaikyti normali\u0105 odos funkcij\u0105. <\/p>\n<p class=\"p1\"><b>Beta karotenas taip pat da\u017enai naudojamas odai palaikyti prie\u0161 ir po saul\u0117s poveikio, ypa\u010d vasaros sezonu.<\/b><\/p>\n<\/li>\n<li data-start=\"580\" data-end=\"770\">\n<p data-start=\"582\" data-end=\"770\"><strong data-start=\"582\" data-end=\"618\">Padeda palaikyti normal\u0173 reg\u0117jim\u0105<\/strong><br data-start=\"618\" data-end=\"621\"> Vitaminas A yra b\u016btinas aki\u0173 sveikatai. Jis padeda palaikyti normali\u0105 tinklain\u0117s funkcij\u0105 ir ai\u0161k\u0173 reg\u0117jim\u0105, ypa\u010d prieblandoje. <\/p>\n<\/li>\n<li data-start=\"772\" data-end=\"1004\">\n<p data-start=\"774\" data-end=\"1004\"><strong data-start=\"774\" data-end=\"820\">Palaiko normali\u0105 imunin\u0117s sistemos veikl\u0105<\/strong><br data-start=\"820\" data-end=\"823\"> Vitaminas A padeda palaikyti normali\u0105 imunin\u0117s sistemos veikl\u0105, o tai rei\u0161kia, kad organizmo gynybos mechanizmai veikia subalansuotai. Tai svarbu norint palaikyti kasdien\u012f atsparum\u0105. <\/p>\n<\/li>\n<li data-start=\"1006\" data-end=\"1219\">\n<p data-start=\"1008\" data-end=\"1219\"><strong data-start=\"1008\" data-end=\"1052\">Prisideda prie l\u0105steli\u0173 specializacijos<\/strong><br data-start=\"1052\" data-end=\"1055\"> Vitaminas A yra b\u016btinas l\u0105steli\u0173 atsinaujinimui ir vystymuisi. Jis palaiko l\u0105steli\u0173 specializacij\u0105, kuri yra svarbi normaliam augimui ir audini\u0173 atstatymui organizme. <\/p>\n<\/li>\n<\/ul>\n<h3 data-start=\"1114\" data-end=\"1135\"><strong data-start=\"1118\" data-end=\"1133\">Ingredientai<\/strong><\/h3>\n<p data-start=\"1136\" data-end=\"1222\">Beta karotenas, u\u017epildas (maltodekstrinas), kapsul\u0117 (hidroksipropilmetilceliulioz\u0117).  <strong data-start=\"1305\" data-end=\"1326\">Tinka veganams.<\/strong><\/p>\n<h3 data-start=\"1114\" data-end=\"1135\"><strong data-start=\"1118\" data-end=\"1133\">Maistini\u0173 med\u017eiag\u0173 kiekis<\/strong><\/h3>\n<p data-start=\"1136\" data-end=\"1222\">1 kapsul\u0117je: 15 mg beta karoteno, atitinkan\u010dio 2500 \u00b5g vitamino A = 313 % RMV<br data-start=\"881\" data-end=\"884\"> RMV \u2013 referencin\u0117 paros norma suaugusiesiems.<\/p>\n<h3 data-start=\"1335\" data-end=\"1358\"><strong data-start=\"1339\" data-end=\"1356\">Naudotojo vadovas<\/strong><\/h3>\n<p data-start=\"1359\" data-end=\"1471\">Suaugusiesiems: <strong data-start=\"1376\" data-end=\"1395\">1 kapsul\u0117 per dien\u0105<\/strong> , geriausia valgio metu.<br data-start=\"1424\" data-end=\"1427\"> Rekomenduojamos paros doz\u0117s vir\u0161yti negalima.<\/p>\n<h3 data-start=\"1478\" data-end=\"1497\"><strong data-start=\"1482\" data-end=\"1495\">\u012esp\u0117jimai<\/strong><\/h3>\n<ul data-start=\"1498\" data-end=\"1703\">\n<li data-start=\"1498\" data-end=\"1590\">\n<p data-start=\"1500\" data-end=\"1590\">Maisto papildas nepakei\u010dia \u012fvairios ir subalansuotos mitybos ar sveiko gyvenimo b\u016bdo.<\/p>\n<\/li>\n<li data-start=\"1591\" data-end=\"1626\">\n<p data-start=\"1593\" data-end=\"1626\">Laikyti vaikams nepasiekiamoje vietoje.<\/p>\n<\/li>\n<li data-start=\"1627\" data-end=\"1703\">\n<p data-start=\"1629\" data-end=\"1703\">Prie\u0161 vartojim\u0105 n\u0117\u0161tumo ir \u017eindymo laikotarpiu pasitarkite su gydytoju.<\/p>\n<\/li>\n<\/ul>\n<h3 data-start=\"1710\" data-end=\"1726\"><strong data-start=\"1714\" data-end=\"1724\">Pakuot\u0117<\/strong><\/h3>\n<p data-start=\"1727\" data-end=\"1780\">60 kapsuli\u0173 (grynasis svoris 30 g).<\/p>\n<p data-start=\"1727\" data-end=\"1780\"><strong data-start=\"1813\" data-end=\"1824\">Gamintojas:<\/strong> New Organics Oy, Suomija<br data-start=\"1847\" data-end=\"1850\"><strong data-start=\"1850\" data-end=\"1865\">Importuotojas:<\/strong> NordenBio O\u00dc, Narva mnt 7, 10117 Talinas, Estija<\/p>\n","protected":false},"excerpt":{"rendered":"<p class=\"p1\"><span class=\"s1\"><b>Puhdas+ Tugev Beetakaroteen 15 mg<\/b><\/span> yra nat\u016bralus ir veiksmingas maisto papildas, kuris palaiko odos gro\u017e\u012f ir ger\u0105 savijaut\u0105, padeda i\u0161laikyti ai\u0161k\u0173 reg\u0117jim\u0105 bei palaiko normali\u0105 imunin\u0117s sistemos veikl\u0105. Kadangi betakarotenas yra vitamino A pirmtakas, organizmas gali j\u012f naudoti b\u016btent tiek, kiek reikia. <\/p>\n<p class=\"p3\"><b>Beta karotenas laikomas geru pasirinkimu, ypa\u010d prie\u0161 ir po saul\u0117s spinduli\u0173 poveikio bei ruo\u0161iantis vasaros sezonui, ta\u010diau jo teigiamas poveikis apima ir odos palaikym\u0105 i\u0161tisus metus.<\/b><b><\/b><\/p>\n<p class=\"p1\">\u0160i gryna, veganams tinkama ir patogi kapsuli\u0173 forma paver\u010dia kasdien\u012f vartojim\u0105 lengvu \u012fpro\u010diu, kuris stiprina j\u016bs\u0173 k\u016bn\u0105 ir prot\u0105 i\u0161tisus metus.<\/p>\n","protected":false},"featured_media":352685,"comment_status":"open","ping_status":"closed","template":"","meta":{"_acf_changed":false},"product_brand":[],"product_cat":[4573,3048],"product_tag":[6712,3396,2593,6708,4025,6718,6714,6716,6711,6697,6719,6567,6720,6717,6539,6715],"class_list":{"0":"post-353430","1":"product","2":"type-product","3":"status-publish","4":"has-post-thumbnail","6":"product_cat-akims","7":"product_cat-imunine-sistema","8":"product_tag-pureplus-beta-karotenas","9":"product_tag-antioksidacine-apsauga","10":"product_tag-beta-karotenas","11":"product_tag-beta-karotino-kapsules","12":"product_tag-imunines-sistemos-palaikymas-lt","13":"product_tag-imunines-sistemos-papildai","14":"product_tag-naturalus-beta-karotenas","15":"product_tag-naturalus-vitaminas-a","16":"product_tag-stiprus-beta-karotenas","17":"product_tag-veganiski-vitaminai","18":"product_tag-vitaminai-akims","19":"product_tag-vitaminai-odai","20":"product_tag-vitaminai-odos-sveikatai","21":"product_tag-vitaminai-regejimui","22":"product_tag-vitaminai-suaugusiesiems","23":"product_tag-vitamino-a-pirmtakas","25":"first","26":"onbackorder","27":"taxable","28":"shipping-taxable","29":"purchasable","30":"product-type-simple"},"acf":[],"yoast_head":"<!-- This site is optimized with the Yoast SEO plugin v27.1.1 - https:\/\/yoast.com\/product\/yoast-seo-wordpress\/ -->\n<title>Beta karotenas 15 mg 60 kapsuli\u0173 - Puhdas+<\/title>\n<meta name=\"description\" content=\"\u201ePure+ Strong\u201c beta karotenas (15 mg) palaiko odos, imunin\u0117s sistemos ir reg\u0117jimo sveikat\u0105 bei padeda apsaugoti l\u0105steles nuo oksidacinio streso. Vegani\u0161kas.\" \/>\n<meta name=\"robots\" content=\"noindex, follow, max-snippet:-1, max-image-preview:large, max-video-preview:-1\" \/>\n<meta property=\"og:locale\" content=\"lt_LT\" \/>\n<meta property=\"og:type\" content=\"article\" \/>\n<meta property=\"og:title\" content=\"Beta karotenas 15 mg 60 kapsuli\u0173 - Puhdas+\" \/>\n<meta property=\"og:description\" content=\"\u201ePure+ Strong\u201c beta karotenas (15 mg) palaiko odos, imunin\u0117s sistemos ir reg\u0117jimo sveikat\u0105 bei padeda apsaugoti l\u0105steles nuo oksidacinio streso. Vegani\u0161kas.\" \/>\n<meta property=\"og:url\" content=\"https:\/\/test.puhdasplus.ee\/lt\/tooted\/imunine-sistema\/beta-karotenas-15-mg-60-kapsuliu\/\" \/>\n<meta property=\"og:site_name\" content=\"Puhdas+\" \/>\n<meta property=\"article:publisher\" content=\"https:\/\/www.facebook.com\/puhdasplus\" \/>\n<meta property=\"article:modified_time\" content=\"2026-03-04T20:06:01+00:00\" \/>\n<meta property=\"og:image\" content=\"https:\/\/test.puhdasplus.ee\/wp-content\/uploads\/2025\/08\/tooted-ilma-taustata-copy-6-scaled.jpg\" \/>\n\t<meta property=\"og:image:width\" content=\"1862\" \/>\n\t<meta property=\"og:image:height\" content=\"2560\" \/>\n\t<meta property=\"og:image:type\" content=\"image\/jpeg\" \/>\n<meta name=\"twitter:card\" content=\"summary_large_image\" \/>\n<meta name=\"twitter:label1\" content=\"Est. reading time\" \/>\n\t<meta name=\"twitter:data1\" content=\"1 minut\u0117\" \/>\n<script type=\"application\/ld+json\" class=\"yoast-schema-graph\">{\"@context\":\"https:\/\/schema.org\",\"@graph\":[{\"@type\":\"WebPage\",\"@id\":\"https:\/\/test.puhdasplus.ee\/lt\/tooted\/imunine-sistema\/beta-karotenas-15-mg-60-kapsuliu\/\",\"url\":\"https:\/\/test.puhdasplus.ee\/lt\/tooted\/imunine-sistema\/beta-karotenas-15-mg-60-kapsuliu\/\",\"name\":\"Beta karotenas 15 mg 60 kapsuli\u0173 - Puhdas+\",\"isPartOf\":{\"@id\":\"https:\/\/test.puhdasplus.ee\/lt\/#website\"},\"primaryImageOfPage\":{\"@id\":\"https:\/\/test.puhdasplus.ee\/lt\/tooted\/imunine-sistema\/beta-karotenas-15-mg-60-kapsuliu\/#primaryimage\"},\"image\":{\"@id\":\"https:\/\/test.puhdasplus.ee\/lt\/tooted\/imunine-sistema\/beta-karotenas-15-mg-60-kapsuliu\/#primaryimage\"},\"thumbnailUrl\":\"https:\/\/test.puhdasplus.ee\/wp-content\/uploads\/2025\/08\/tooted-ilma-taustata-copy-6-scaled.jpg\",\"datePublished\":\"2025-08-25T11:14:33+00:00\",\"dateModified\":\"2026-03-04T20:06:01+00:00\",\"description\":\"\u201ePure+ Strong\u201c beta karotenas (15 mg) palaiko odos, imunin\u0117s sistemos ir reg\u0117jimo sveikat\u0105 bei padeda apsaugoti l\u0105steles nuo oksidacinio streso. Vegani\u0161kas.\",\"breadcrumb\":{\"@id\":\"https:\/\/test.puhdasplus.ee\/lt\/tooted\/imunine-sistema\/beta-karotenas-15-mg-60-kapsuliu\/#breadcrumb\"},\"inLanguage\":\"lt-LT\",\"potentialAction\":[{\"@type\":\"ReadAction\",\"target\":[\"https:\/\/test.puhdasplus.ee\/lt\/tooted\/imunine-sistema\/beta-karotenas-15-mg-60-kapsuliu\/\"]}]},{\"@type\":\"ImageObject\",\"inLanguage\":\"lt-LT\",\"@id\":\"https:\/\/test.puhdasplus.ee\/lt\/tooted\/imunine-sistema\/beta-karotenas-15-mg-60-kapsuliu\/#primaryimage\",\"url\":\"https:\/\/test.puhdasplus.ee\/wp-content\/uploads\/2025\/08\/tooted-ilma-taustata-copy-6-scaled.jpg\",\"contentUrl\":\"https:\/\/test.puhdasplus.ee\/wp-content\/uploads\/2025\/08\/tooted-ilma-taustata-copy-6-scaled.jpg\",\"width\":1862,\"height\":2560,\"caption\":\"Beta karotenas 15 mg, 60 kapsuli\u0173\"},{\"@type\":\"BreadcrumbList\",\"@id\":\"https:\/\/test.puhdasplus.ee\/lt\/tooted\/imunine-sistema\/beta-karotenas-15-mg-60-kapsuliu\/#breadcrumb\",\"itemListElement\":[{\"@type\":\"ListItem\",\"position\":1,\"name\":\"Prad\u017eia\",\"item\":\"https:\/\/test.puhdasplus.ee\/lt\/\"},{\"@type\":\"ListItem\",\"position\":2,\"name\":\"Produktai\",\"item\":\"https:\/\/test.puhdasplus.ee\/lt\/parduotuve\/\"},{\"@type\":\"ListItem\",\"position\":3,\"name\":\"Beta karotenas 15 mg 60 kapsuli\u0173\"}]},{\"@type\":\"WebSite\",\"@id\":\"https:\/\/test.puhdasplus.ee\/lt\/#website\",\"url\":\"https:\/\/test.puhdasplus.ee\/lt\/\",\"name\":\"Puhdas+\",\"description\":\"Vitamiinid, Toidulisandid, looduskosmeetika, tervis, sport\",\"publisher\":{\"@id\":\"https:\/\/test.puhdasplus.ee\/lt\/#organization\"},\"potentialAction\":[{\"@type\":\"SearchAction\",\"target\":{\"@type\":\"EntryPoint\",\"urlTemplate\":\"https:\/\/test.puhdasplus.ee\/lt\/?s={search_term_string}\"},\"query-input\":{\"@type\":\"PropertyValueSpecification\",\"valueRequired\":true,\"valueName\":\"search_term_string\"}}],\"inLanguage\":\"lt-LT\"},{\"@type\":\"Organization\",\"@id\":\"https:\/\/test.puhdasplus.ee\/lt\/#organization\",\"name\":\"Puhdas+\",\"alternateName\":\"Puhdasplus\",\"url\":\"https:\/\/test.puhdasplus.ee\/lt\/\",\"logo\":{\"@type\":\"ImageObject\",\"inLanguage\":\"lt-LT\",\"@id\":\"https:\/\/test.puhdasplus.ee\/lt\/#\/schema\/logo\/image\/\",\"url\":\"https:\/\/test.puhdasplus.ee\/\/wp-content\/uploads\/2019\/10\/puhdas_logo-arvele.png\",\"contentUrl\":\"https:\/\/test.puhdasplus.ee\/\/wp-content\/uploads\/2019\/10\/puhdas_logo-arvele.png\",\"width\":114,\"height\":94,\"caption\":\"Puhdas+\"},\"image\":{\"@id\":\"https:\/\/test.puhdasplus.ee\/lt\/#\/schema\/logo\/image\/\"},\"sameAs\":[\"https:\/\/www.facebook.com\/puhdasplus\",\"https:\/\/www.instagram.com\/puhdasplus_ee\/\"]}]}<\/script>\n<!-- \/ Yoast SEO plugin. -->","yoast_head_json":{"title":"Beta karotenas 15 mg 60 kapsuli\u0173 - Puhdas+","description":"\u201ePure+ Strong\u201c beta karotenas (15 mg) palaiko odos, imunin\u0117s sistemos ir reg\u0117jimo sveikat\u0105 bei padeda apsaugoti l\u0105steles nuo oksidacinio streso. Vegani\u0161kas.","robots":{"index":"noindex","follow":"follow","max-snippet":"max-snippet:-1","max-image-preview":"max-image-preview:large","max-video-preview":"max-video-preview:-1"},"og_locale":"lt_LT","og_type":"article","og_title":"Beta karotenas 15 mg 60 kapsuli\u0173 - Puhdas+","og_description":"\u201ePure+ Strong\u201c beta karotenas (15 mg) palaiko odos, imunin\u0117s sistemos ir reg\u0117jimo sveikat\u0105 bei padeda apsaugoti l\u0105steles nuo oksidacinio streso. Vegani\u0161kas.","og_url":"https:\/\/test.puhdasplus.ee\/lt\/tooted\/imunine-sistema\/beta-karotenas-15-mg-60-kapsuliu\/","og_site_name":"Puhdas+","article_publisher":"https:\/\/www.facebook.com\/puhdasplus","article_modified_time":"2026-03-04T20:06:01+00:00","og_image":[{"width":1862,"height":2560,"url":"https:\/\/test.puhdasplus.ee\/wp-content\/uploads\/2025\/08\/tooted-ilma-taustata-copy-6-scaled.jpg","type":"image\/jpeg"}],"twitter_card":"summary_large_image","twitter_misc":{"Est. reading time":"1 minut\u0117"},"schema":{"@context":"https:\/\/schema.org","@graph":[{"@type":"WebPage","@id":"https:\/\/test.puhdasplus.ee\/lt\/tooted\/imunine-sistema\/beta-karotenas-15-mg-60-kapsuliu\/","url":"https:\/\/test.puhdasplus.ee\/lt\/tooted\/imunine-sistema\/beta-karotenas-15-mg-60-kapsuliu\/","name":"Beta karotenas 15 mg 60 kapsuli\u0173 - Puhdas+","isPartOf":{"@id":"https:\/\/test.puhdasplus.ee\/lt\/#website"},"primaryImageOfPage":{"@id":"https:\/\/test.puhdasplus.ee\/lt\/tooted\/imunine-sistema\/beta-karotenas-15-mg-60-kapsuliu\/#primaryimage"},"image":{"@id":"https:\/\/test.puhdasplus.ee\/lt\/tooted\/imunine-sistema\/beta-karotenas-15-mg-60-kapsuliu\/#primaryimage"},"thumbnailUrl":"https:\/\/test.puhdasplus.ee\/wp-content\/uploads\/2025\/08\/tooted-ilma-taustata-copy-6-scaled.jpg","datePublished":"2025-08-25T11:14:33+00:00","dateModified":"2026-03-04T20:06:01+00:00","description":"\u201ePure+ Strong\u201c beta karotenas (15 mg) palaiko odos, imunin\u0117s sistemos ir reg\u0117jimo sveikat\u0105 bei padeda apsaugoti l\u0105steles nuo oksidacinio streso. Vegani\u0161kas.","breadcrumb":{"@id":"https:\/\/test.puhdasplus.ee\/lt\/tooted\/imunine-sistema\/beta-karotenas-15-mg-60-kapsuliu\/#breadcrumb"},"inLanguage":"lt-LT","potentialAction":[{"@type":"ReadAction","target":["https:\/\/test.puhdasplus.ee\/lt\/tooted\/imunine-sistema\/beta-karotenas-15-mg-60-kapsuliu\/"]}]},{"@type":"ImageObject","inLanguage":"lt-LT","@id":"https:\/\/test.puhdasplus.ee\/lt\/tooted\/imunine-sistema\/beta-karotenas-15-mg-60-kapsuliu\/#primaryimage","url":"https:\/\/test.puhdasplus.ee\/wp-content\/uploads\/2025\/08\/tooted-ilma-taustata-copy-6-scaled.jpg","contentUrl":"https:\/\/test.puhdasplus.ee\/wp-content\/uploads\/2025\/08\/tooted-ilma-taustata-copy-6-scaled.jpg","width":1862,"height":2560,"caption":"Beta karotenas 15 mg, 60 kapsuli\u0173"},{"@type":"BreadcrumbList","@id":"https:\/\/test.puhdasplus.ee\/lt\/tooted\/imunine-sistema\/beta-karotenas-15-mg-60-kapsuliu\/#breadcrumb","itemListElement":[{"@type":"ListItem","position":1,"name":"Prad\u017eia","item":"https:\/\/test.puhdasplus.ee\/lt\/"},{"@type":"ListItem","position":2,"name":"Produktai","item":"https:\/\/test.puhdasplus.ee\/lt\/parduotuve\/"},{"@type":"ListItem","position":3,"name":"Beta karotenas 15 mg 60 kapsuli\u0173"}]},{"@type":"WebSite","@id":"https:\/\/test.puhdasplus.ee\/lt\/#website","url":"https:\/\/test.puhdasplus.ee\/lt\/","name":"Puhdas+","description":"Vitamiinid, Toidulisandid, looduskosmeetika, tervis, sport","publisher":{"@id":"https:\/\/test.puhdasplus.ee\/lt\/#organization"},"potentialAction":[{"@type":"SearchAction","target":{"@type":"EntryPoint","urlTemplate":"https:\/\/test.puhdasplus.ee\/lt\/?s={search_term_string}"},"query-input":{"@type":"PropertyValueSpecification","valueRequired":true,"valueName":"search_term_string"}}],"inLanguage":"lt-LT"},{"@type":"Organization","@id":"https:\/\/test.puhdasplus.ee\/lt\/#organization","name":"Puhdas+","alternateName":"Puhdasplus","url":"https:\/\/test.puhdasplus.ee\/lt\/","logo":{"@type":"ImageObject","inLanguage":"lt-LT","@id":"https:\/\/test.puhdasplus.ee\/lt\/#\/schema\/logo\/image\/","url":"https:\/\/test.puhdasplus.ee\/\/wp-content\/uploads\/2019\/10\/puhdas_logo-arvele.png","contentUrl":"https:\/\/test.puhdasplus.ee\/\/wp-content\/uploads\/2019\/10\/puhdas_logo-arvele.png","width":114,"height":94,"caption":"Puhdas+"},"image":{"@id":"https:\/\/test.puhdasplus.ee\/lt\/#\/schema\/logo\/image\/"},"sameAs":["https:\/\/www.facebook.com\/puhdasplus","https:\/\/www.instagram.com\/puhdasplus_ee\/"]}]}},"_links":{"self":[{"href":"https:\/\/test.puhdasplus.ee\/lt\/wp-json\/wp\/v2\/product\/353430","targetHints":{"allow":["GET"]}}],"collection":[{"href":"https:\/\/test.puhdasplus.ee\/lt\/wp-json\/wp\/v2\/product"}],"about":[{"href":"https:\/\/test.puhdasplus.ee\/lt\/wp-json\/wp\/v2\/types\/product"}],"replies":[{"embeddable":true,"href":"https:\/\/test.puhdasplus.ee\/lt\/wp-json\/wp\/v2\/comments?post=353430"}],"wp:featuredmedia":[{"embeddable":true,"href":"https:\/\/test.puhdasplus.ee\/lt\/wp-json\/wp\/v2\/media\/352685"}],"wp:attachment":[{"href":"https:\/\/test.puhdasplus.ee\/lt\/wp-json\/wp\/v2\/media?parent=353430"}],"wp:term":[{"taxonomy":"product_brand","embeddable":true,"href":"https:\/\/test.puhdasplus.ee\/lt\/wp-json\/wp\/v2\/product_brand?post=353430"},{"taxonomy":"product_cat","embeddable":true,"href":"https:\/\/test.puhdasplus.ee\/lt\/wp-json\/wp\/v2\/product_cat?post=353430"},{"taxonomy":"product_tag","embeddable":true,"href":"https:\/\/test.puhdasplus.ee\/lt\/wp-json\/wp\/v2\/product_tag?post=353430"}],"curies":[{"name":"wp","href":"https:\/\/api.w.org\/{rel}","templated":true}]}}