{"id":353424,"date":"2019-11-23T22:13:55","date_gmt":"2019-11-23T20:13:55","guid":{"rendered":"https:\/\/test.puhdasplus.ee\/\/tooted\/be-kategorijos\/vegan-vitaminas-d3-50-%c2%b5g-60-kapsuliu\/"},"modified":"2026-03-10T14:38:07","modified_gmt":"2026-03-10T12:38:07","slug":"vegan-vitaminas-d3-50-%c2%b5g-60-kapsuliu","status":"publish","type":"product","link":"https:\/\/test.puhdasplus.ee\/lt\/tooted\/vitaminai\/vitaminas-d\/vegan-vitaminas-d3-50-%c2%b5g-60-kapsuliu\/","title":{"rendered":"Vegan vitaminas D3 50 \u00b5g 60 kapsuli\u0173"},"content":{"rendered":"<p data-start=\"101\" data-end=\"466\">Vegani\u0161kas vitaminas D3 50 \u00b5g yra <strong data-start=\"136\" data-end=\"172\">100 % augalin\u0117s kilm\u0117s vitamino D3 \u0161altinis<\/strong> , i\u0161gaunamas i\u0161 <strong data-start=\"188\" data-end=\"211\">kerpi\u0173 ekstrakto<\/strong> , tod\u0117l idealiai tinka <strong data-start=\"237\" data-end=\"271\">veganams ir vegetarams<\/strong> . <strong data-start=\"273\" data-end=\"307\">Vitaminas D3 (cholekalciferolis)<\/strong> atlieka svarb\u0173 vaidmen\u012f <strong data-start=\"329\" data-end=\"400\">palaikant imunin\u0119 sistem\u0105, kaulus, raumenis ir kalcio apykait\u0105<\/strong> , padeda <strong data-start=\"410\" data-end=\"463\">palaikyti stiprius kaulus ir ma\u017einti nuovarg\u012f<\/strong> .<\/p>\n<p data-start=\"468\" data-end=\"643\"><strong data-start=\"468\" data-end=\"521\">50 \u00b5g doz\u0117 idealiai tinka kasdieniam vartojimui<\/strong> , ypa\u010d rudens ir \u017eiemos m\u0117nesiais, kai nat\u016bralios saul\u0117s \u0161viesos nepakanka optimaliam vitamino D kiekiui organizme u\u017etikrinti.<\/p>\n<p data-start=\"0\" data-end=\"39\"><strong data-start=\"0\" data-end=\"37\">Gerai \u012fsisavinamas augalin\u0117s kilm\u0117s vitaminas D3!<\/strong> <strong data-start=\"41\" data-end=\"64\">Vitaminas D3<\/strong> sud\u0117tyje yra moksli\u0161kai i\u0161tirto augalin\u0117s kilm\u0117s <strong data-start=\"103\" data-end=\"129\">Vitashine D3<\/strong> .<br data-start=\"130\" data-end=\"133\"> Auk\u0161tos kokyb\u0117s vitaminas D3, i\u0161gaunamas i\u0161 kerpi\u0173, yra <strong data-start=\"206\" data-end=\"240\">nat\u016bralios bioaktyvios formos<\/strong> , u\u017etikrinan\u010dios geresn\u012f \u012fsisavinim\u0105.<\/p>\n<p>Kapsul\u0117se yra augalin\u0117s kilm\u0117s vitamino D3, kuris yra b\u016btinas imuninei sistemai, kaulams ir dantims palaikyti.<\/p>\n<p>Vitaminas D yra ir su maistu gaunama maistin\u0117 med\u017eiaga, ir hormonas, kur\u012f organizmas geba sintetinti reaguodamas \u012f saul\u0117s \u0161vies\u0105. Vitaminas D yra toks pat svarbus kaul\u0173 sveikatai kaip ir kalcis. Jis atlieka svarb\u0173 vaidmen\u012f \u012fsisavinant kalc\u012f ir fosfor\u0105, kurie abu yra kaul\u0173 strukt\u016bros komponentai, ir palaikant \u0161i\u0173 mineral\u0173 kiek\u012f kraujyje. Kai maiste yra pakankamai kalcio ir fosforo, vitaminas D skatina j\u0173 absorbcij\u0105 i\u0161 vir\u0161kinamojo trakto; kai maiste yra per ma\u017eai \u0161i\u0173 mineral\u0173, vitaminas D suma\u017eina j\u0173 i\u0161siskyrim\u0105 i\u0161 organizmo per inkstus ir atpalaiduoja juos i\u0161 kaul\u0173. Esant vitamino D tr\u016bkumui, i\u0161 plonosios \u017earnos absorbuojama tik apie 10\u201315 % kalcio, o esant pakankamam kiekiui \u2013 apie 30 %, o n\u0117\u0161tumo, \u017eindymo ir spartaus augimo metu \u2013 iki 80 %.    <\/p>\n<p>Dauguma organizmo audini\u0173 ir l\u0105steli\u0173 turi vitamino D receptorius, o tai rodo plat\u0173 vitamino D biologin\u012f vaidmen\u012f organizme. Vitaminas D dalyvauja imunin\u0117s sistemos, \u0161irdies raumens, nervinio audinio veikloje ir yra b\u016btinas normaliam kraujo kre\u0161\u0117jimui. <\/p>\n<ul>\n<li data-start=\"274\" data-end=\"411\"><strong data-start=\"276\" data-end=\"322\">Palaiko normali\u0105 imunin\u0117s sistemos veikl\u0105<\/strong><\/li>\n<li data-start=\"274\" data-end=\"411\"><strong data-start=\"327\" data-end=\"372\">Padeda palaikyti sveikus kaulus ir dantis<\/strong><\/li>\n<li data-start=\"274\" data-end=\"411\"><strong data-start=\"377\" data-end=\"409\">100 % augalinis ir labai gerai \u012fsisavinamas<\/strong><\/li>\n<\/ul>\n<p data-start=\"0\" data-end=\"176\"><strong data-start=\"36\" data-end=\"104\">Unikalus, augalin\u0117s kilm\u0117s, auk\u0161tos kokyb\u0117s vitaminas D3,<\/strong> naudojamas vegani\u0161kuose D3 produktuose, yra i\u0161gaunamas <strong data-start=\"115\" data-end=\"173\">i\u0161 ekologi\u0161ko, GMO neturin\u010dio augalo \u2013 grynos kerp\u0117s<\/strong> .<\/p>\n<p data-start=\"178\" data-end=\"289\" data-is-last-node=\"\"><strong>Sudedamosios dalys:<\/strong> u\u017epildai (hidroksipropilmetilceliulioz\u0117, mikrokristalin\u0117 celiulioz\u0117), kapsul\u0117 (stabilizatoriai: hidroksipropilmetilceliulioz\u0117, gelano derva), cholekalciferolio preparatas.<\/p>\n<p data-start=\"191\" data-end=\"327\"><strong data-start=\"191\" data-end=\"205\">Be<\/strong> laktoz\u0117s, mieli\u0173 ar glitimo. <strong data-start=\"238\" data-end=\"252\">Be<\/strong> druskos, sojos ar saldikli\u0173. <strong data-start=\"284\" data-end=\"325\">Tinka vegetarams ir veganams.<\/strong><\/p>\n<p data-start=\"191\" data-end=\"327\">Produkto gamyboje nenaudojami <strong data-start=\"198\" data-end=\"213\">jokie<\/strong> papildomi komponentai, tokie kaip <strong data-start=\"235\" data-end=\"288\">konservantai, da\u017eikliai ar pavir\u0161iaus apdorojimo med\u017eiagos<\/strong> .<\/p>\n<h4 data-start=\"818\" data-end=\"847\"><strong data-start=\"823\" data-end=\"845\">Naudojimo instrukcijos:<\/strong><\/h4>\n<ol data-start=\"848\" data-end=\"1069\">\n<li data-start=\"848\" data-end=\"890\"> <strong data-start=\"851\" data-end=\"876\">1 kapsul\u0119 per dien\u0105,<\/strong> u\u017egeriant vandeniu.<\/li>\n<li data-start=\"891\" data-end=\"977\"><strong data-start=\"894\" data-end=\"917\">Rekomenduojama naudoti<\/strong> ruden\u012f ir \u017eiem\u0105 arba kaip rekomendavo gydytojas.<\/li>\n<li data-start=\"978\" data-end=\"1069\"><strong data-start=\"981\" data-end=\"1014\">Geriausiems rezultatams pasiekti<\/strong> vartokite su riebiu maistu, kad pagerintum\u0117te absorbcij\u0105.<\/li>\n<\/ol>\n<h4 data-start=\"1071\" data-end=\"1114\"><strong data-start=\"1076\" data-end=\"1112\">Sudedamosios dalys ir j\u0173 nauda:<\/strong><\/h4>\n<ul data-start=\"1115\" data-end=\"1332\">\n<li data-start=\"1115\" data-end=\"1262\"><strong data-start=\"1117\" data-end=\"1177\">Vitaminas D3 (50 \u00b5g cholekalciferolio i\u0161 kerpi\u0173 ekstrakto)<\/strong> \u2013 palaiko <strong data-start=\"1187\" data-end=\"1259\">imunin\u0119 sistem\u0105, kaul\u0173 ir raumen\u0173 sveikat\u0105 bei kalcio apykait\u0105<\/strong> .<\/li>\n<li data-start=\"1263\" data-end=\"1332\"><strong data-start=\"1265\" data-end=\"1286\">Dar\u017eovi\u0173 kapsul\u0117s apvalkalas<\/strong> \u2013 tinka <strong data-start=\"1295\" data-end=\"1329\">veganams ir vegetarams<\/strong> .<\/li>\n<\/ul>\n<p><strong>Maistin\u0117 informacija: 1 kapsul\u0117<\/strong> vitamino D3 50 \u00b5g (*1000 %) *% rekomenduojamos paros normos suaugusiesiems RMV*<\/p>\n<p data-start=\"0\" data-end=\"62\"><strong data-start=\"0\" data-end=\"20\">Dozavimas:<\/strong> 1 kapsul\u0117 per dien\u0105. Nevir\u0161ykite rekomenduojamos paros doz\u0117s. <\/p>\n<p data-start=\"64\" data-end=\"192\" data-is-last-node=\"\">Maisto papildas nepakei\u010dia \u012fvairios ir subalansuotos mitybos ar sveiko gyvenimo b\u016bdo.<br data-start=\"152\" data-end=\"155\"> Laikyti vaikams nepasiekiamoje vietoje.<\/p>\n","protected":false},"excerpt":{"rendered":"<p data-start=\"63\" data-end=\"348\">Augalin\u0117s kilm\u0117s ir gerai \u012fsisavinamas vitaminas D3, kuris palaiko <strong data-start=\"719\" data-end=\"775\">imunitet\u0105, kaulus, raumenis ir kalcio apykait\u0105<\/strong> . Tinka veganams ir vegetarams. <\/p>\n<p data-start=\"350\" data-end=\"613\">\u0160is produktas yra <strong data-start=\"363\" data-end=\"378\">100 % augalin\u0117s kilm\u0117s<\/strong> , be GMO ir <strong data-start=\"392\" data-end=\"427\">joki\u0173 nereikaling\u0173 pried\u0173<\/strong> , toki\u0173 kaip konservantai, da\u017eikliai ar pavir\u0161iaus apdorojimo med\u017eiagos. <strong data-start=\"485\" data-end=\"521\">Be laktoz\u0117s, glitimo ir sojos<\/strong> , tod\u0117l tinka veganams ir visiems, kurie vertina gryn\u0105 ir nat\u016bral\u0173 maisto papild\u0105.<\/p>\n","protected":false},"featured_media":353428,"comment_status":"closed","ping_status":"closed","template":"","meta":{"_acf_changed":false},"product_brand":[],"product_cat":[3174,4532],"product_tag":[3467,4025,3475,4535,6694,5850,2967,6690,6697,4539,4534,4533,4536,6692],"class_list":{"0":"post-353424","1":"product","2":"type-product","3":"status-publish","4":"has-post-thumbnail","6":"product_cat-vitaminai","7":"product_cat-vitaminas-d","8":"product_tag-imunine-sistema","9":"product_tag-imunines-sistemos-palaikymas-lt","10":"product_tag-kalcio-absorbcija","11":"product_tag-kaulu-ir-raumenu-sveikata","12":"product_tag-kerpiu-ekstraktas","13":"product_tag-naturalus","14":"product_tag-veganas","15":"product_tag-veganiskas-vitaminas-d3","16":"product_tag-veganiski-vitaminai","17":"product_tag-vitaminai-rudeniui-ir-ziemai","18":"product_tag-vitaminas-d","19":"product_tag-vitaminas-d3","20":"product_tag-vitamino-d3-papildas","21":"product_tag-zoleliu-d3","23":"first","24":"onbackorder","25":"taxable","26":"shipping-taxable","27":"purchasable","28":"product-type-simple"},"acf":[],"yoast_head":"<!-- This site is optimized with the Yoast SEO plugin v27.1.1 - https:\/\/yoast.com\/product\/yoast-seo-wordpress\/ -->\n<title>Vegan vitaminas D3 50 \u00b5g 60 kapsuli\u0173 - Puhdas+<\/title>\n<meta name=\"description\" content=\"Vegani\u0161kas vitaminas D3 50 \u00b5g yra 100 % augalin\u0117s kilm\u0117s ir lengvai \u012fsisavinamas vitamino D \u0161altinis, stiprinantis imunitet\u0105, kaulus ir raumenis. Nat\u016bralus.\" \/>\n<meta name=\"robots\" content=\"noindex, follow, max-snippet:-1, max-image-preview:large, max-video-preview:-1\" \/>\n<meta property=\"og:locale\" content=\"lt_LT\" \/>\n<meta property=\"og:type\" content=\"article\" \/>\n<meta property=\"og:title\" content=\"Vegan vitaminas D3 50 \u00b5g 60 kapsuli\u0173 - Puhdas+\" \/>\n<meta property=\"og:description\" content=\"Vegani\u0161kas vitaminas D3 50 \u00b5g yra 100 % augalin\u0117s kilm\u0117s ir lengvai \u012fsisavinamas vitamino D \u0161altinis, stiprinantis imunitet\u0105, kaulus ir raumenis. Nat\u016bralus.\" \/>\n<meta property=\"og:url\" content=\"https:\/\/test.puhdasplus.ee\/lt\/tooted\/vitaminai\/vitaminas-d\/vegan-vitaminas-d3-50-%c2%b5g-60-kapsuliu\/\" \/>\n<meta property=\"og:site_name\" content=\"Puhdas+\" \/>\n<meta property=\"article:publisher\" content=\"https:\/\/www.facebook.com\/puhdasplus\" \/>\n<meta property=\"article:modified_time\" content=\"2026-03-10T12:38:07+00:00\" \/>\n<meta property=\"og:image\" content=\"https:\/\/test.puhdasplus.ee\/wp-content\/uploads\/2019\/11\/Untitled-design-45.jpg\" \/>\n\t<meta property=\"og:image:width\" content=\"1862\" \/>\n\t<meta property=\"og:image:height\" content=\"2560\" \/>\n\t<meta property=\"og:image:type\" content=\"image\/jpeg\" \/>\n<meta name=\"twitter:card\" content=\"summary_large_image\" \/>\n<meta name=\"twitter:label1\" content=\"Est. reading time\" \/>\n\t<meta name=\"twitter:data1\" content=\"2 minut\u0117\" \/>\n<script type=\"application\/ld+json\" class=\"yoast-schema-graph\">{\"@context\":\"https:\/\/schema.org\",\"@graph\":[{\"@type\":\"WebPage\",\"@id\":\"https:\/\/test.puhdasplus.ee\/lt\/tooted\/vitaminai\/vitaminas-d\/vegan-vitaminas-d3-50-%c2%b5g-60-kapsuliu\/\",\"url\":\"https:\/\/test.puhdasplus.ee\/lt\/tooted\/vitaminai\/vitaminas-d\/vegan-vitaminas-d3-50-%c2%b5g-60-kapsuliu\/\",\"name\":\"Vegan vitaminas D3 50 \u00b5g 60 kapsuli\u0173 - Puhdas+\",\"isPartOf\":{\"@id\":\"https:\/\/test.puhdasplus.ee\/lt\/#website\"},\"primaryImageOfPage\":{\"@id\":\"https:\/\/test.puhdasplus.ee\/lt\/tooted\/vitaminai\/vitaminas-d\/vegan-vitaminas-d3-50-%c2%b5g-60-kapsuliu\/#primaryimage\"},\"image\":{\"@id\":\"https:\/\/test.puhdasplus.ee\/lt\/tooted\/vitaminai\/vitaminas-d\/vegan-vitaminas-d3-50-%c2%b5g-60-kapsuliu\/#primaryimage\"},\"thumbnailUrl\":\"https:\/\/test.puhdasplus.ee\/wp-content\/uploads\/2019\/11\/Untitled-design-45.jpg\",\"datePublished\":\"2019-11-23T20:13:55+00:00\",\"dateModified\":\"2026-03-10T12:38:07+00:00\",\"description\":\"Vegani\u0161kas vitaminas D3 50 \u00b5g yra 100 % augalin\u0117s kilm\u0117s ir lengvai \u012fsisavinamas vitamino D \u0161altinis, stiprinantis imunitet\u0105, kaulus ir raumenis. Nat\u016bralus.\",\"breadcrumb\":{\"@id\":\"https:\/\/test.puhdasplus.ee\/lt\/tooted\/vitaminai\/vitaminas-d\/vegan-vitaminas-d3-50-%c2%b5g-60-kapsuliu\/#breadcrumb\"},\"inLanguage\":\"lt-LT\",\"potentialAction\":[{\"@type\":\"ReadAction\",\"target\":[\"https:\/\/test.puhdasplus.ee\/lt\/tooted\/vitaminai\/vitaminas-d\/vegan-vitaminas-d3-50-%c2%b5g-60-kapsuliu\/\"]}]},{\"@type\":\"ImageObject\",\"inLanguage\":\"lt-LT\",\"@id\":\"https:\/\/test.puhdasplus.ee\/lt\/tooted\/vitaminai\/vitaminas-d\/vegan-vitaminas-d3-50-%c2%b5g-60-kapsuliu\/#primaryimage\",\"url\":\"https:\/\/test.puhdasplus.ee\/wp-content\/uploads\/2019\/11\/Untitled-design-45.jpg\",\"contentUrl\":\"https:\/\/test.puhdasplus.ee\/wp-content\/uploads\/2019\/11\/Untitled-design-45.jpg\",\"width\":1862,\"height\":2560,\"caption\":\"Vitaminas D3 50\u00b5g 60 kapsuli\u0173 (vegani\u0161kas)\"},{\"@type\":\"BreadcrumbList\",\"@id\":\"https:\/\/test.puhdasplus.ee\/lt\/tooted\/vitaminai\/vitaminas-d\/vegan-vitaminas-d3-50-%c2%b5g-60-kapsuliu\/#breadcrumb\",\"itemListElement\":[{\"@type\":\"ListItem\",\"position\":1,\"name\":\"Prad\u017eia\",\"item\":\"https:\/\/test.puhdasplus.ee\/lt\/\"},{\"@type\":\"ListItem\",\"position\":2,\"name\":\"Produktai\",\"item\":\"https:\/\/test.puhdasplus.ee\/lt\/parduotuve\/\"},{\"@type\":\"ListItem\",\"position\":3,\"name\":\"Vegan vitaminas D3 50 \u00b5g 60 kapsuli\u0173\"}]},{\"@type\":\"WebSite\",\"@id\":\"https:\/\/test.puhdasplus.ee\/lt\/#website\",\"url\":\"https:\/\/test.puhdasplus.ee\/lt\/\",\"name\":\"Puhdas+\",\"description\":\"Vitamiinid, Toidulisandid, looduskosmeetika, tervis, sport\",\"publisher\":{\"@id\":\"https:\/\/test.puhdasplus.ee\/lt\/#organization\"},\"potentialAction\":[{\"@type\":\"SearchAction\",\"target\":{\"@type\":\"EntryPoint\",\"urlTemplate\":\"https:\/\/test.puhdasplus.ee\/lt\/?s={search_term_string}\"},\"query-input\":{\"@type\":\"PropertyValueSpecification\",\"valueRequired\":true,\"valueName\":\"search_term_string\"}}],\"inLanguage\":\"lt-LT\"},{\"@type\":\"Organization\",\"@id\":\"https:\/\/test.puhdasplus.ee\/lt\/#organization\",\"name\":\"Puhdas+\",\"alternateName\":\"Puhdasplus\",\"url\":\"https:\/\/test.puhdasplus.ee\/lt\/\",\"logo\":{\"@type\":\"ImageObject\",\"inLanguage\":\"lt-LT\",\"@id\":\"https:\/\/test.puhdasplus.ee\/lt\/#\/schema\/logo\/image\/\",\"url\":\"https:\/\/test.puhdasplus.ee\/\/wp-content\/uploads\/2019\/10\/puhdas_logo-arvele.png\",\"contentUrl\":\"https:\/\/test.puhdasplus.ee\/\/wp-content\/uploads\/2019\/10\/puhdas_logo-arvele.png\",\"width\":114,\"height\":94,\"caption\":\"Puhdas+\"},\"image\":{\"@id\":\"https:\/\/test.puhdasplus.ee\/lt\/#\/schema\/logo\/image\/\"},\"sameAs\":[\"https:\/\/www.facebook.com\/puhdasplus\",\"https:\/\/www.instagram.com\/puhdasplus_ee\/\"]}]}<\/script>\n<!-- \/ Yoast SEO plugin. -->","yoast_head_json":{"title":"Vegan vitaminas D3 50 \u00b5g 60 kapsuli\u0173 - Puhdas+","description":"Vegani\u0161kas vitaminas D3 50 \u00b5g yra 100 % augalin\u0117s kilm\u0117s ir lengvai \u012fsisavinamas vitamino D \u0161altinis, stiprinantis imunitet\u0105, kaulus ir raumenis. Nat\u016bralus.","robots":{"index":"noindex","follow":"follow","max-snippet":"max-snippet:-1","max-image-preview":"max-image-preview:large","max-video-preview":"max-video-preview:-1"},"og_locale":"lt_LT","og_type":"article","og_title":"Vegan vitaminas D3 50 \u00b5g 60 kapsuli\u0173 - Puhdas+","og_description":"Vegani\u0161kas vitaminas D3 50 \u00b5g yra 100 % augalin\u0117s kilm\u0117s ir lengvai \u012fsisavinamas vitamino D \u0161altinis, stiprinantis imunitet\u0105, kaulus ir raumenis. Nat\u016bralus.","og_url":"https:\/\/test.puhdasplus.ee\/lt\/tooted\/vitaminai\/vitaminas-d\/vegan-vitaminas-d3-50-%c2%b5g-60-kapsuliu\/","og_site_name":"Puhdas+","article_publisher":"https:\/\/www.facebook.com\/puhdasplus","article_modified_time":"2026-03-10T12:38:07+00:00","og_image":[{"width":1862,"height":2560,"url":"https:\/\/test.puhdasplus.ee\/wp-content\/uploads\/2019\/11\/Untitled-design-45.jpg","type":"image\/jpeg"}],"twitter_card":"summary_large_image","twitter_misc":{"Est. reading time":"2 minut\u0117"},"schema":{"@context":"https:\/\/schema.org","@graph":[{"@type":"WebPage","@id":"https:\/\/test.puhdasplus.ee\/lt\/tooted\/vitaminai\/vitaminas-d\/vegan-vitaminas-d3-50-%c2%b5g-60-kapsuliu\/","url":"https:\/\/test.puhdasplus.ee\/lt\/tooted\/vitaminai\/vitaminas-d\/vegan-vitaminas-d3-50-%c2%b5g-60-kapsuliu\/","name":"Vegan vitaminas D3 50 \u00b5g 60 kapsuli\u0173 - Puhdas+","isPartOf":{"@id":"https:\/\/test.puhdasplus.ee\/lt\/#website"},"primaryImageOfPage":{"@id":"https:\/\/test.puhdasplus.ee\/lt\/tooted\/vitaminai\/vitaminas-d\/vegan-vitaminas-d3-50-%c2%b5g-60-kapsuliu\/#primaryimage"},"image":{"@id":"https:\/\/test.puhdasplus.ee\/lt\/tooted\/vitaminai\/vitaminas-d\/vegan-vitaminas-d3-50-%c2%b5g-60-kapsuliu\/#primaryimage"},"thumbnailUrl":"https:\/\/test.puhdasplus.ee\/wp-content\/uploads\/2019\/11\/Untitled-design-45.jpg","datePublished":"2019-11-23T20:13:55+00:00","dateModified":"2026-03-10T12:38:07+00:00","description":"Vegani\u0161kas vitaminas D3 50 \u00b5g yra 100 % augalin\u0117s kilm\u0117s ir lengvai \u012fsisavinamas vitamino D \u0161altinis, stiprinantis imunitet\u0105, kaulus ir raumenis. Nat\u016bralus.","breadcrumb":{"@id":"https:\/\/test.puhdasplus.ee\/lt\/tooted\/vitaminai\/vitaminas-d\/vegan-vitaminas-d3-50-%c2%b5g-60-kapsuliu\/#breadcrumb"},"inLanguage":"lt-LT","potentialAction":[{"@type":"ReadAction","target":["https:\/\/test.puhdasplus.ee\/lt\/tooted\/vitaminai\/vitaminas-d\/vegan-vitaminas-d3-50-%c2%b5g-60-kapsuliu\/"]}]},{"@type":"ImageObject","inLanguage":"lt-LT","@id":"https:\/\/test.puhdasplus.ee\/lt\/tooted\/vitaminai\/vitaminas-d\/vegan-vitaminas-d3-50-%c2%b5g-60-kapsuliu\/#primaryimage","url":"https:\/\/test.puhdasplus.ee\/wp-content\/uploads\/2019\/11\/Untitled-design-45.jpg","contentUrl":"https:\/\/test.puhdasplus.ee\/wp-content\/uploads\/2019\/11\/Untitled-design-45.jpg","width":1862,"height":2560,"caption":"Vitaminas D3 50\u00b5g 60 kapsuli\u0173 (vegani\u0161kas)"},{"@type":"BreadcrumbList","@id":"https:\/\/test.puhdasplus.ee\/lt\/tooted\/vitaminai\/vitaminas-d\/vegan-vitaminas-d3-50-%c2%b5g-60-kapsuliu\/#breadcrumb","itemListElement":[{"@type":"ListItem","position":1,"name":"Prad\u017eia","item":"https:\/\/test.puhdasplus.ee\/lt\/"},{"@type":"ListItem","position":2,"name":"Produktai","item":"https:\/\/test.puhdasplus.ee\/lt\/parduotuve\/"},{"@type":"ListItem","position":3,"name":"Vegan vitaminas D3 50 \u00b5g 60 kapsuli\u0173"}]},{"@type":"WebSite","@id":"https:\/\/test.puhdasplus.ee\/lt\/#website","url":"https:\/\/test.puhdasplus.ee\/lt\/","name":"Puhdas+","description":"Vitamiinid, Toidulisandid, looduskosmeetika, tervis, sport","publisher":{"@id":"https:\/\/test.puhdasplus.ee\/lt\/#organization"},"potentialAction":[{"@type":"SearchAction","target":{"@type":"EntryPoint","urlTemplate":"https:\/\/test.puhdasplus.ee\/lt\/?s={search_term_string}"},"query-input":{"@type":"PropertyValueSpecification","valueRequired":true,"valueName":"search_term_string"}}],"inLanguage":"lt-LT"},{"@type":"Organization","@id":"https:\/\/test.puhdasplus.ee\/lt\/#organization","name":"Puhdas+","alternateName":"Puhdasplus","url":"https:\/\/test.puhdasplus.ee\/lt\/","logo":{"@type":"ImageObject","inLanguage":"lt-LT","@id":"https:\/\/test.puhdasplus.ee\/lt\/#\/schema\/logo\/image\/","url":"https:\/\/test.puhdasplus.ee\/\/wp-content\/uploads\/2019\/10\/puhdas_logo-arvele.png","contentUrl":"https:\/\/test.puhdasplus.ee\/\/wp-content\/uploads\/2019\/10\/puhdas_logo-arvele.png","width":114,"height":94,"caption":"Puhdas+"},"image":{"@id":"https:\/\/test.puhdasplus.ee\/lt\/#\/schema\/logo\/image\/"},"sameAs":["https:\/\/www.facebook.com\/puhdasplus","https:\/\/www.instagram.com\/puhdasplus_ee\/"]}]}},"_links":{"self":[{"href":"https:\/\/test.puhdasplus.ee\/lt\/wp-json\/wp\/v2\/product\/353424","targetHints":{"allow":["GET"]}}],"collection":[{"href":"https:\/\/test.puhdasplus.ee\/lt\/wp-json\/wp\/v2\/product"}],"about":[{"href":"https:\/\/test.puhdasplus.ee\/lt\/wp-json\/wp\/v2\/types\/product"}],"replies":[{"embeddable":true,"href":"https:\/\/test.puhdasplus.ee\/lt\/wp-json\/wp\/v2\/comments?post=353424"}],"wp:featuredmedia":[{"embeddable":true,"href":"https:\/\/test.puhdasplus.ee\/lt\/wp-json\/wp\/v2\/media\/353428"}],"wp:attachment":[{"href":"https:\/\/test.puhdasplus.ee\/lt\/wp-json\/wp\/v2\/media?parent=353424"}],"wp:term":[{"taxonomy":"product_brand","embeddable":true,"href":"https:\/\/test.puhdasplus.ee\/lt\/wp-json\/wp\/v2\/product_brand?post=353424"},{"taxonomy":"product_cat","embeddable":true,"href":"https:\/\/test.puhdasplus.ee\/lt\/wp-json\/wp\/v2\/product_cat?post=353424"},{"taxonomy":"product_tag","embeddable":true,"href":"https:\/\/test.puhdasplus.ee\/lt\/wp-json\/wp\/v2\/product_tag?post=353424"}],"curies":[{"name":"wp","href":"https:\/\/api.w.org\/{rel}","templated":true}]}}