{"id":353402,"date":"2025-08-25T14:03:42","date_gmt":"2025-08-25T11:03:42","guid":{"rendered":"https:\/\/test.puhdasplus.ee\/\/tooted\/be-kategorijos\/vitaminas-e-268-mg-60-kapsuliu\/"},"modified":"2026-03-04T22:06:39","modified_gmt":"2026-03-04T20:06:39","slug":"vitaminas-e-268-mg-60-kapsuliu","status":"publish","type":"product","link":"https:\/\/test.puhdasplus.ee\/lt\/tooted\/vitaminai\/vitaminas-e-268-mg-60-kapsuliu\/","title":{"rendered":"Stiprus vitaminas E 268 mg 60 kapsuli\u0173"},"content":{"rendered":"<h3><b>Kas yra stiprus vitaminas E ir kod\u0117l jis b\u016btinas?<\/b><\/h3>\n<p class=\"p3\">\u201ePure+ Strong\u201c vitaminas E 268 mg yra veiksmingas antioksidacinis papildas, padedantis apsaugoti l\u0105steles nuo oksidacinio streso ir palaikantis kasdien\u0119 savijaut\u0105. Vitaminas E yra vienas svarbiausi\u0173 organizmo riebaluose tirpi\u0173 antioksidant\u0173, padedantis apsaugoti l\u0105steles nuo \u017ealingo laisv\u0173j\u0173 radikal\u0173 poveikio. Produkte yra nat\u016bralaus D-alfa-tokoferolio \u2013 aktyviausios ir geriausiai pasisavinamos vitamino E formos.  <\/p>\n<h3><b>Palaiko l\u0105steli\u0173 apsaug\u0105 ir odos gerov\u0119 net vasar\u0105<\/b><\/h3>\n<p class=\"p3\">Vitaminas E taip pat laikomas svarbiu antioksidantu vasar\u0105, kai saul\u0117s \u0161viesa gali padidinti oksidacin\u012f stres\u0105 odos l\u0105stel\u0117se. Stiprus vitaminas E padeda palaikyti l\u0105steli\u0173 pusiausvyr\u0105 ir palaiko nat\u016brali\u0105 organizmo apsaug\u0105 visais met\u0173 laikais. <\/p>\n<h3><b>Kam tinka stiprus vitaminas E?<\/b><\/h3>\n<p class=\"p3\">Produktas tinka visiems, norintiems palaikyti savo l\u0105steli\u0173 sveikat\u0105 ir bendr\u0105 savijaut\u0105. Jis ypa\u010d tinka \u017emon\u0117ms, veikiamiems aplinkos veiksni\u0173, toki\u0173 kaip saul\u0117s \u0161viesa, tar\u0161a, fizinis kr\u016bvis ar stresas. <\/p>\n<h3><b>Kaip naudoti?<\/b><\/h3>\n<p class=\"p3\">Suaugusiesiems: 1 kapsul\u0117 per dien\u0105 valgio metu. Rekomenduojamos paros doz\u0117s vir\u0161yti negalima.<\/p>\n<h3><b>Sudedamosios dalys ir maistin\u0117 vert\u0117<\/b><\/h3>\n<p class=\"p3\">D-alfa-tokoferolis (vitaminas E), kapsul\u0117 (galvij\u0173 \u017eelatina), soj\u0173 pupeli\u0173 aliejus, dr\u0117gm\u0119 i\u0161laikanti med\u017eiaga (glicerolis).<\/p>\n<p class=\"p4\"><b>Sud\u0117tyje n\u0117ra laktoz\u0117s, glitimo, mieli\u0173, cukraus, druskos ar dirbtini\u0173 saldikli\u0173.<\/b><b><\/b><\/p>\n<p class=\"p4\"><b>Maistin\u0117 vert\u0117 1 kapsul\u0117je:<\/b><b><\/b><\/p>\n<p class=\"p3\">Vitaminas E 268 mg = 2233 % RMV<\/p>\n<p class=\"p3\">( <i>RMV \u2013 referencin\u0117 paros norma suaugusiesiems<\/i> )<\/p>\n<h3><b>\u012esp\u0117jimai<\/b><\/h3>\n<p class=\"p3\">Maisto papildas nepakei\u010dia \u012fvairios ir subalansuotos mitybos ar sveiko gyvenimo b\u016bdo.<\/p>\n<p class=\"p3\">Laikyti vaikams nepasiekiamoje vietoje.<\/p>\n<h3><b>Grynasis kiekis:<\/b><\/h3>\n<h3><b>  60 kapsuli\u0173 (42 g)<\/b><\/h3>\n<p>Geriausias iki \/ Partijos numeris: \u017er. ant pakuot\u0117s<\/p>\n<p><strong data-start=\"796\" data-end=\"807\">Gamintojas:<\/strong> New Organics Oy, Suomija<br data-start=\"830\" data-end=\"833\"><strong data-start=\"833\" data-end=\"848\">Importuotojas:<\/strong> NordenBio O\u00dc, Narva mnt 7, 10117 Talinas, Estija<\/p>\n","protected":false},"excerpt":{"rendered":"<p><strong data-start=\"89\" data-end=\"124\">Galingas vitaminas E (268 mg)<\/strong> yra galingas antioksidantas, padedantis apsaugoti l\u0105steles nuo oksidacinio streso ir palaikantis kasdien\u0119 savijaut\u0105. Patogi kapsul\u0117s forma suteikia paprast\u0105 ir saug\u0173 b\u016bd\u0105 kasdien pasir\u016bpinti savo organizmo apsauga. <\/p>\n","protected":false},"featured_media":352679,"comment_status":"open","ping_status":"closed","template":"","meta":{"_acf_changed":false},"product_brand":[],"product_cat":[3174],"product_tag":[3396,6618,6622,6628,6620,6616,6632,6633,6624,6626,6567,6539,2561,6614,6631,6630],"class_list":{"0":"post-353402","1":"product","2":"type-product","3":"status-publish","4":"has-post-thumbnail","6":"product_cat-vitaminai","7":"product_tag-antioksidacine-apsauga","8":"product_tag-antioksidantas-vitaminas","9":"product_tag-naturalus-vitaminas-e","10":"product_tag-oksidacinis-stresas","11":"product_tag-pureplus-vitaminas-e","12":"product_tag-stiprus-vitaminas-e","13":"product_tag-vitaminai-energijai","14":"product_tag-vitaminai-gerai-savijautai","15":"product_tag-vitaminai-imunitetui-stiprinti","16":"product_tag-vitaminai-lasteliu-apsaugai","17":"product_tag-vitaminai-odai","18":"product_tag-vitaminai-suaugusiesiems","19":"product_tag-vitaminas-e","20":"product_tag-vitamino-e-kapsules","21":"product_tag-vitamino-e-papildas","22":"product_tag-vitamino-kapsule","24":"first","25":"onbackorder","26":"taxable","27":"shipping-taxable","28":"purchasable","29":"product-type-simple"},"acf":[],"yoast_head":"<!-- This site is optimized with the Yoast SEO plugin v27.1.1 - https:\/\/yoast.com\/product\/yoast-seo-wordpress\/ -->\n<title>Stiprus vitaminas E 268 mg 60 kapsuli\u0173 - Puhdas+<\/title>\n<meta name=\"description\" content=\"\u201ePure+ Strong\u201c vitaminas E (268 mg) padeda apsaugoti l\u0105steles nuo oksidacinio streso ir palaiko kasdien\u0119 savijaut\u0105. Patogi ir veiksminga kapsuli\u0173 forma.\" \/>\n<meta name=\"robots\" content=\"noindex, follow, max-snippet:-1, max-image-preview:large, max-video-preview:-1\" \/>\n<meta property=\"og:locale\" content=\"lt_LT\" \/>\n<meta property=\"og:type\" content=\"article\" \/>\n<meta property=\"og:title\" content=\"Stiprus vitaminas E 268 mg 60 kapsuli\u0173 - Puhdas+\" \/>\n<meta property=\"og:description\" content=\"\u201ePure+ Strong\u201c vitaminas E (268 mg) padeda apsaugoti l\u0105steles nuo oksidacinio streso ir palaiko kasdien\u0119 savijaut\u0105. Patogi ir veiksminga kapsuli\u0173 forma.\" \/>\n<meta property=\"og:url\" content=\"https:\/\/test.puhdasplus.ee\/lt\/tooted\/vitaminai\/vitaminas-e-268-mg-60-kapsuliu\/\" \/>\n<meta property=\"og:site_name\" content=\"Puhdas+\" \/>\n<meta property=\"article:publisher\" content=\"https:\/\/www.facebook.com\/puhdasplus\" \/>\n<meta property=\"article:modified_time\" content=\"2026-03-04T20:06:39+00:00\" \/>\n<meta property=\"og:image\" content=\"https:\/\/test.puhdasplus.ee\/wp-content\/uploads\/2025\/08\/tooted-ilma-taustata-copy-5-scaled.jpg\" \/>\n\t<meta property=\"og:image:width\" content=\"1862\" \/>\n\t<meta property=\"og:image:height\" content=\"2560\" \/>\n\t<meta property=\"og:image:type\" content=\"image\/jpeg\" \/>\n<meta name=\"twitter:card\" content=\"summary_large_image\" \/>\n<meta name=\"twitter:label1\" content=\"Est. reading time\" \/>\n\t<meta name=\"twitter:data1\" content=\"1 minut\u0117\" \/>\n<script type=\"application\/ld+json\" class=\"yoast-schema-graph\">{\"@context\":\"https:\/\/schema.org\",\"@graph\":[{\"@type\":\"WebPage\",\"@id\":\"https:\/\/test.puhdasplus.ee\/lt\/tooted\/vitaminai\/vitaminas-e-268-mg-60-kapsuliu\/\",\"url\":\"https:\/\/test.puhdasplus.ee\/lt\/tooted\/vitaminai\/vitaminas-e-268-mg-60-kapsuliu\/\",\"name\":\"Stiprus vitaminas E 268 mg 60 kapsuli\u0173 - Puhdas+\",\"isPartOf\":{\"@id\":\"https:\/\/test.puhdasplus.ee\/lt\/#website\"},\"primaryImageOfPage\":{\"@id\":\"https:\/\/test.puhdasplus.ee\/lt\/tooted\/vitaminai\/vitaminas-e-268-mg-60-kapsuliu\/#primaryimage\"},\"image\":{\"@id\":\"https:\/\/test.puhdasplus.ee\/lt\/tooted\/vitaminai\/vitaminas-e-268-mg-60-kapsuliu\/#primaryimage\"},\"thumbnailUrl\":\"https:\/\/test.puhdasplus.ee\/wp-content\/uploads\/2025\/08\/tooted-ilma-taustata-copy-5-scaled.jpg\",\"datePublished\":\"2025-08-25T11:03:42+00:00\",\"dateModified\":\"2026-03-04T20:06:39+00:00\",\"description\":\"\u201ePure+ Strong\u201c vitaminas E (268 mg) padeda apsaugoti l\u0105steles nuo oksidacinio streso ir palaiko kasdien\u0119 savijaut\u0105. Patogi ir veiksminga kapsuli\u0173 forma.\",\"breadcrumb\":{\"@id\":\"https:\/\/test.puhdasplus.ee\/lt\/tooted\/vitaminai\/vitaminas-e-268-mg-60-kapsuliu\/#breadcrumb\"},\"inLanguage\":\"lt-LT\",\"potentialAction\":[{\"@type\":\"ReadAction\",\"target\":[\"https:\/\/test.puhdasplus.ee\/lt\/tooted\/vitaminai\/vitaminas-e-268-mg-60-kapsuliu\/\"]}]},{\"@type\":\"ImageObject\",\"inLanguage\":\"lt-LT\",\"@id\":\"https:\/\/test.puhdasplus.ee\/lt\/tooted\/vitaminai\/vitaminas-e-268-mg-60-kapsuliu\/#primaryimage\",\"url\":\"https:\/\/test.puhdasplus.ee\/wp-content\/uploads\/2025\/08\/tooted-ilma-taustata-copy-5-scaled.jpg\",\"contentUrl\":\"https:\/\/test.puhdasplus.ee\/wp-content\/uploads\/2025\/08\/tooted-ilma-taustata-copy-5-scaled.jpg\",\"width\":1862,\"height\":2560,\"caption\":\"Stiprus vitaminas E 268 mg\"},{\"@type\":\"BreadcrumbList\",\"@id\":\"https:\/\/test.puhdasplus.ee\/lt\/tooted\/vitaminai\/vitaminas-e-268-mg-60-kapsuliu\/#breadcrumb\",\"itemListElement\":[{\"@type\":\"ListItem\",\"position\":1,\"name\":\"Prad\u017eia\",\"item\":\"https:\/\/test.puhdasplus.ee\/lt\/\"},{\"@type\":\"ListItem\",\"position\":2,\"name\":\"Produktai\",\"item\":\"https:\/\/test.puhdasplus.ee\/lt\/parduotuve\/\"},{\"@type\":\"ListItem\",\"position\":3,\"name\":\"Stiprus vitaminas E 268 mg 60 kapsuli\u0173\"}]},{\"@type\":\"WebSite\",\"@id\":\"https:\/\/test.puhdasplus.ee\/lt\/#website\",\"url\":\"https:\/\/test.puhdasplus.ee\/lt\/\",\"name\":\"Puhdas+\",\"description\":\"Vitamiinid, Toidulisandid, looduskosmeetika, tervis, sport\",\"publisher\":{\"@id\":\"https:\/\/test.puhdasplus.ee\/lt\/#organization\"},\"potentialAction\":[{\"@type\":\"SearchAction\",\"target\":{\"@type\":\"EntryPoint\",\"urlTemplate\":\"https:\/\/test.puhdasplus.ee\/lt\/?s={search_term_string}\"},\"query-input\":{\"@type\":\"PropertyValueSpecification\",\"valueRequired\":true,\"valueName\":\"search_term_string\"}}],\"inLanguage\":\"lt-LT\"},{\"@type\":\"Organization\",\"@id\":\"https:\/\/test.puhdasplus.ee\/lt\/#organization\",\"name\":\"Puhdas+\",\"alternateName\":\"Puhdasplus\",\"url\":\"https:\/\/test.puhdasplus.ee\/lt\/\",\"logo\":{\"@type\":\"ImageObject\",\"inLanguage\":\"lt-LT\",\"@id\":\"https:\/\/test.puhdasplus.ee\/lt\/#\/schema\/logo\/image\/\",\"url\":\"https:\/\/test.puhdasplus.ee\/\/wp-content\/uploads\/2019\/10\/puhdas_logo-arvele.png\",\"contentUrl\":\"https:\/\/test.puhdasplus.ee\/\/wp-content\/uploads\/2019\/10\/puhdas_logo-arvele.png\",\"width\":114,\"height\":94,\"caption\":\"Puhdas+\"},\"image\":{\"@id\":\"https:\/\/test.puhdasplus.ee\/lt\/#\/schema\/logo\/image\/\"},\"sameAs\":[\"https:\/\/www.facebook.com\/puhdasplus\",\"https:\/\/www.instagram.com\/puhdasplus_ee\/\"]}]}<\/script>\n<!-- \/ Yoast SEO plugin. -->","yoast_head_json":{"title":"Stiprus vitaminas E 268 mg 60 kapsuli\u0173 - Puhdas+","description":"\u201ePure+ Strong\u201c vitaminas E (268 mg) padeda apsaugoti l\u0105steles nuo oksidacinio streso ir palaiko kasdien\u0119 savijaut\u0105. Patogi ir veiksminga kapsuli\u0173 forma.","robots":{"index":"noindex","follow":"follow","max-snippet":"max-snippet:-1","max-image-preview":"max-image-preview:large","max-video-preview":"max-video-preview:-1"},"og_locale":"lt_LT","og_type":"article","og_title":"Stiprus vitaminas E 268 mg 60 kapsuli\u0173 - Puhdas+","og_description":"\u201ePure+ Strong\u201c vitaminas E (268 mg) padeda apsaugoti l\u0105steles nuo oksidacinio streso ir palaiko kasdien\u0119 savijaut\u0105. Patogi ir veiksminga kapsuli\u0173 forma.","og_url":"https:\/\/test.puhdasplus.ee\/lt\/tooted\/vitaminai\/vitaminas-e-268-mg-60-kapsuliu\/","og_site_name":"Puhdas+","article_publisher":"https:\/\/www.facebook.com\/puhdasplus","article_modified_time":"2026-03-04T20:06:39+00:00","og_image":[{"width":1862,"height":2560,"url":"https:\/\/test.puhdasplus.ee\/wp-content\/uploads\/2025\/08\/tooted-ilma-taustata-copy-5-scaled.jpg","type":"image\/jpeg"}],"twitter_card":"summary_large_image","twitter_misc":{"Est. reading time":"1 minut\u0117"},"schema":{"@context":"https:\/\/schema.org","@graph":[{"@type":"WebPage","@id":"https:\/\/test.puhdasplus.ee\/lt\/tooted\/vitaminai\/vitaminas-e-268-mg-60-kapsuliu\/","url":"https:\/\/test.puhdasplus.ee\/lt\/tooted\/vitaminai\/vitaminas-e-268-mg-60-kapsuliu\/","name":"Stiprus vitaminas E 268 mg 60 kapsuli\u0173 - Puhdas+","isPartOf":{"@id":"https:\/\/test.puhdasplus.ee\/lt\/#website"},"primaryImageOfPage":{"@id":"https:\/\/test.puhdasplus.ee\/lt\/tooted\/vitaminai\/vitaminas-e-268-mg-60-kapsuliu\/#primaryimage"},"image":{"@id":"https:\/\/test.puhdasplus.ee\/lt\/tooted\/vitaminai\/vitaminas-e-268-mg-60-kapsuliu\/#primaryimage"},"thumbnailUrl":"https:\/\/test.puhdasplus.ee\/wp-content\/uploads\/2025\/08\/tooted-ilma-taustata-copy-5-scaled.jpg","datePublished":"2025-08-25T11:03:42+00:00","dateModified":"2026-03-04T20:06:39+00:00","description":"\u201ePure+ Strong\u201c vitaminas E (268 mg) padeda apsaugoti l\u0105steles nuo oksidacinio streso ir palaiko kasdien\u0119 savijaut\u0105. Patogi ir veiksminga kapsuli\u0173 forma.","breadcrumb":{"@id":"https:\/\/test.puhdasplus.ee\/lt\/tooted\/vitaminai\/vitaminas-e-268-mg-60-kapsuliu\/#breadcrumb"},"inLanguage":"lt-LT","potentialAction":[{"@type":"ReadAction","target":["https:\/\/test.puhdasplus.ee\/lt\/tooted\/vitaminai\/vitaminas-e-268-mg-60-kapsuliu\/"]}]},{"@type":"ImageObject","inLanguage":"lt-LT","@id":"https:\/\/test.puhdasplus.ee\/lt\/tooted\/vitaminai\/vitaminas-e-268-mg-60-kapsuliu\/#primaryimage","url":"https:\/\/test.puhdasplus.ee\/wp-content\/uploads\/2025\/08\/tooted-ilma-taustata-copy-5-scaled.jpg","contentUrl":"https:\/\/test.puhdasplus.ee\/wp-content\/uploads\/2025\/08\/tooted-ilma-taustata-copy-5-scaled.jpg","width":1862,"height":2560,"caption":"Stiprus vitaminas E 268 mg"},{"@type":"BreadcrumbList","@id":"https:\/\/test.puhdasplus.ee\/lt\/tooted\/vitaminai\/vitaminas-e-268-mg-60-kapsuliu\/#breadcrumb","itemListElement":[{"@type":"ListItem","position":1,"name":"Prad\u017eia","item":"https:\/\/test.puhdasplus.ee\/lt\/"},{"@type":"ListItem","position":2,"name":"Produktai","item":"https:\/\/test.puhdasplus.ee\/lt\/parduotuve\/"},{"@type":"ListItem","position":3,"name":"Stiprus vitaminas E 268 mg 60 kapsuli\u0173"}]},{"@type":"WebSite","@id":"https:\/\/test.puhdasplus.ee\/lt\/#website","url":"https:\/\/test.puhdasplus.ee\/lt\/","name":"Puhdas+","description":"Vitamiinid, Toidulisandid, looduskosmeetika, tervis, sport","publisher":{"@id":"https:\/\/test.puhdasplus.ee\/lt\/#organization"},"potentialAction":[{"@type":"SearchAction","target":{"@type":"EntryPoint","urlTemplate":"https:\/\/test.puhdasplus.ee\/lt\/?s={search_term_string}"},"query-input":{"@type":"PropertyValueSpecification","valueRequired":true,"valueName":"search_term_string"}}],"inLanguage":"lt-LT"},{"@type":"Organization","@id":"https:\/\/test.puhdasplus.ee\/lt\/#organization","name":"Puhdas+","alternateName":"Puhdasplus","url":"https:\/\/test.puhdasplus.ee\/lt\/","logo":{"@type":"ImageObject","inLanguage":"lt-LT","@id":"https:\/\/test.puhdasplus.ee\/lt\/#\/schema\/logo\/image\/","url":"https:\/\/test.puhdasplus.ee\/\/wp-content\/uploads\/2019\/10\/puhdas_logo-arvele.png","contentUrl":"https:\/\/test.puhdasplus.ee\/\/wp-content\/uploads\/2019\/10\/puhdas_logo-arvele.png","width":114,"height":94,"caption":"Puhdas+"},"image":{"@id":"https:\/\/test.puhdasplus.ee\/lt\/#\/schema\/logo\/image\/"},"sameAs":["https:\/\/www.facebook.com\/puhdasplus","https:\/\/www.instagram.com\/puhdasplus_ee\/"]}]}},"_links":{"self":[{"href":"https:\/\/test.puhdasplus.ee\/lt\/wp-json\/wp\/v2\/product\/353402","targetHints":{"allow":["GET"]}}],"collection":[{"href":"https:\/\/test.puhdasplus.ee\/lt\/wp-json\/wp\/v2\/product"}],"about":[{"href":"https:\/\/test.puhdasplus.ee\/lt\/wp-json\/wp\/v2\/types\/product"}],"replies":[{"embeddable":true,"href":"https:\/\/test.puhdasplus.ee\/lt\/wp-json\/wp\/v2\/comments?post=353402"}],"wp:featuredmedia":[{"embeddable":true,"href":"https:\/\/test.puhdasplus.ee\/lt\/wp-json\/wp\/v2\/media\/352679"}],"wp:attachment":[{"href":"https:\/\/test.puhdasplus.ee\/lt\/wp-json\/wp\/v2\/media?parent=353402"}],"wp:term":[{"taxonomy":"product_brand","embeddable":true,"href":"https:\/\/test.puhdasplus.ee\/lt\/wp-json\/wp\/v2\/product_brand?post=353402"},{"taxonomy":"product_cat","embeddable":true,"href":"https:\/\/test.puhdasplus.ee\/lt\/wp-json\/wp\/v2\/product_cat?post=353402"},{"taxonomy":"product_tag","embeddable":true,"href":"https:\/\/test.puhdasplus.ee\/lt\/wp-json\/wp\/v2\/product_tag?post=353402"}],"curies":[{"name":"wp","href":"https:\/\/api.w.org\/{rel}","templated":true}]}}