{"id":353396,"date":"2025-08-25T12:37:41","date_gmt":"2025-08-25T09:37:41","guid":{"rendered":"https:\/\/test.puhdasplus.ee\/\/tooted\/be-kategorijos\/vitaminas-b3-niacinas-500-mg-60-kapsuliu\/"},"modified":"2026-03-04T22:03:16","modified_gmt":"2026-03-04T20:03:16","slug":"vitaminas-b3-niacinas-500-mg-60-kapsuliu","status":"publish","type":"product","link":"https:\/\/test.puhdasplus.ee\/lt\/tooted\/vitaminai\/vitaminas-b\/vitaminas-b3-niacinas-500-mg-60-kapsuliu\/","title":{"rendered":"Vitaminas B3 (niacinas) 500 mg 60 kapsuli\u0173"},"content":{"rendered":"<h2 data-start=\"122\" data-end=\"159\">Kas yra Puhdas+ vitaminas B3?<\/h2>\n<p><strong>Vitaminas B3 yra vandenyje tirpus vitaminas<\/strong>, priklausantis B grup\u0117s vitaminams.<br data-start=\"404\" data-end=\"407\">I\u0161 niacino form\u0173 \u0161iame produkte naudojamas <strong data-start=\"452\" data-end=\"470\">nikotinamidas<\/strong>, kuris<strong> nesukelia<\/strong> \u012fprasto odos paraudimo (vadinamojo <em data-start=\"517\" data-end=\"531\">\u201eflush\u201c efekto<\/em>), kuris gali pasireik\u0161ti vartojant nikotino r\u016bg\u0161t\u012f.<\/p>\n<p data-start=\"1009\" data-end=\"1226\">Vitaminas B3 dalyvauja <strong data-start=\"1257\" data-end=\"1284\">daugiau nei 200 ferment\u0173 sistem\u0173<\/strong> , pad\u0117damas l\u0105stel\u0117ms gaminti energij\u0105 i\u0161 angliavandeni\u0173, riebal\u0173 ir baltym\u0173. Pakankamas niacino vartojimas palaiko odos ir gleivini\u0173 sveikat\u0105, prisid\u0117damas prie normalios j\u0173 funkcijos. Palaikydamas nerv\u0173 sistem\u0105 ir psichologines funkcijas, niacinas gali prisid\u0117ti prie geb\u0117jimo susikaupti ir bendros psichin\u0117s gerov\u0117s. Kadangi tai vandenyje tirpus vitaminas, organizme jis n\u0117ra kaupiamas dideliais kiekiais, tod\u0117l svarbu j\u012f gauti kasdien su maistu ar papildais.   <\/p>\n<ul>\n<li data-start=\"694\" data-end=\"743\">\n<p data-start=\"696\" data-end=\"743\">Palaiko <strong data-start=\"703\" data-end=\"741\">normali\u0105 nerv\u0173 sistemos veikl\u0105<\/strong><\/p>\n<\/li>\n<li data-start=\"694\" data-end=\"743\">Padeda <strong data-start=\"651\" data-end=\"691\">palaikyti normali\u0105 energijos apykait\u0105<\/strong><\/li>\n<li data-start=\"744\" data-end=\"804\">\n<p data-start=\"746\" data-end=\"804\">Padeda <strong data-start=\"752\" data-end=\"802\">palaikyti normali\u0105 psichologin\u0119 funkcij\u0105<\/strong><\/p>\n<\/li>\n<li data-start=\"805\" data-end=\"847\">\n<p data-start=\"807\" data-end=\"847\">Padeda <strong data-start=\"813\" data-end=\"845\">palaikyti normali\u0105 gleivini\u0173 membran\u0173 b\u016bkl\u0119<\/strong><\/p>\n<\/li>\n<li data-start=\"848\" data-end=\"885\">\n<p data-start=\"850\" data-end=\"885\">Padeda <strong data-start=\"856\" data-end=\"883\">palaikyti normali\u0105 odos b\u016bkl\u0119<\/strong><\/p>\n<\/li>\n<li data-start=\"886\" data-end=\"929\">\n<p data-start=\"888\" data-end=\"929\">Padeda <strong data-start=\"894\" data-end=\"929\">suma\u017einti nuovarg\u012f ir i\u0161sekim\u0105<\/strong><\/p>\n<\/li>\n<\/ul>\n<h2 data-start=\"122\" data-end=\"159\">Ingredientai<\/h2>\n<ul data-start=\"160\" data-end=\"479\">\n<li data-start=\"160\" data-end=\"239\">\n<p data-start=\"162\" data-end=\"239\"><span class=\"relative -mx-px my-[-0.2rem] rounded px-px py-[0.2rem] transition-colors duration-100 ease-in-out\"><strong data-start=\"0\" data-end=\"17\" data-is-only-node=\"\">Nikotinamidas<\/strong> \u2013 vitamino B3 forma, nesukelianti paraudimo<\/span><\/p>\n<\/li>\n<li data-start=\"240\" data-end=\"319\">\n<p data-start=\"242\" data-end=\"319\"><span class=\"relative -mx-px my-[-0.2rem] rounded px-px py-[0.2rem] transition-colors duration-100 ease-in-out\"><strong data-start=\"0\" data-end=\"13\" data-is-only-node=\"\">\u012edaro ingredientas<\/strong> : ry\u017ei\u0173 miltai<\/span><\/p>\n<\/li>\n<li data-start=\"320\" data-end=\"399\">\n<p data-start=\"322\" data-end=\"399\"><span class=\"relative -mx-px my-[-0.2rem] rounded px-px py-[0.2rem] transition-colors duration-100 ease-in-out\"><strong data-start=\"0\" data-end=\"10\" data-is-only-node=\"\">Kapsul\u0117<\/strong> : stabilizatorius \u2013 hidroksipropilmetilceliulioz\u0117<\/span><\/p>\n<\/li>\n<li data-start=\"400\" data-end=\"479\">\n<p data-start=\"402\" data-end=\"479\"><span class=\"relative -mx-px my-[-0.2rem] rounded px-px py-[0.2rem] transition-colors duration-100 ease-in-out\"><strong data-start=\"0\" data-end=\"14\" data-is-only-node=\"\">MCT milteliai<\/strong> (vidutin\u0117s grandin\u0117s trigliceridai \u2013 i\u0161 kokoso)<\/span><\/p>\n<\/li>\n<\/ul>\n<p><strong data-start=\"1073\" data-end=\"1105\">Maistin\u0117 vert\u0117 (1 kapsul\u0117): <\/strong>vitaminas B3 (niacinas) 500 mg (3125 % RMV)<\/p>\n<h2 data-start=\"732\" data-end=\"758\">Rekomenduojamas naudojimas<\/h2>\n<ul data-start=\"759\" data-end=\"929\">\n<li data-start=\"759\" data-end=\"802\">\n<p data-start=\"761\" data-end=\"802\"><span class=\"relative -mx-px my-[-0.2rem] rounded px-px py-[0.2rem] transition-colors duration-100 ease-in-out\"><strong data-start=\"0\" data-end=\"17\" data-is-only-node=\"\">Dienos doz\u0117<\/strong> : 1 kapsul\u0117 per dien\u0105.<\/span><\/p>\n<\/li>\n<li data-start=\"803\" data-end=\"846\">\n<p data-start=\"805\" data-end=\"846\"><span class=\"relative -mx-px my-[-0.2rem] rounded px-px py-[0.2rem] transition-colors duration-100 ease-in-out\"><strong data-start=\"0\" data-end=\"11\" data-is-only-node=\"\">\u012esp\u0117jimas<\/strong>: Nevir\u0161ykite nustatytos rekomenduojamos paros doz\u0117s. Maisto papildas netur\u0117t\u0173 b\u016bti vartojamas kaip maisto pakaitalas, jis nepakei\u010dia \u012fvairios ir subalansuotos mitybos bei sveiko gyvenimo b\u016bdo.<br data-start=\"872\" data-end=\"875\">Laikyti vaikams nepasiekiamoje vietoje. <\/span><\/p>\n<ul>\n<li data-start=\"1765\" data-end=\"1864\">\n<p data-start=\"1767\" data-end=\"1864\">D\u0117l didelio niacino kiekio gali sukelti laikin\u0105 odos paraudim\u0105, kar\u0161\u010dio poj\u016bt\u012f ir nie\u017eul\u012f.<\/p>\n<\/li>\n<li data-start=\"1865\" data-end=\"1928\">\n<p data-start=\"1867\" data-end=\"1928\">Nerekomenduojama n\u0117\u0161\u010dioms ar \u017eindan\u010dioms moterims.<\/p>\n<\/li>\n<\/ul>\n<\/li>\n<li data-start=\"847\" data-end=\"929\">\n<p data-start=\"849\" data-end=\"929\"><span class=\"relative -mx-px my-[-0.2rem] rounded px-px py-[0.2rem] transition-colors duration-100 ease-in-out\"><strong data-start=\"0\" data-end=\"12\" data-is-only-node=\"\">Pastabos<\/strong> : \u0160is maisto papildas nepakei\u010dia \u012fvairios mitybos ir sveiko gyvenimo b\u016bdo. Laikyti vaikams nepasiekiamoje vietoje. <\/span><\/p>\n<\/li>\n<\/ul>\n<p>&nbsp;<\/p>\n<p><strong data-start=\"209\" data-end=\"220\">Gamintojas:<\/strong> New Organics Oy, Suomija<br data-start=\"243\" data-end=\"246\"><strong data-start=\"246\" data-end=\"261\">Importuotojas:<\/strong> NordenBio O\u00dc, Narva mnt 7, 10117 Talinas, Estija<\/p>\n","protected":false},"excerpt":{"rendered":"<p><strong data-start=\"478\" data-end=\"527\">Puhdas+ vitaminas B3 (niacinas) yra maisto papildas<\/strong>, kuris padeda palaikyti normali\u0105 energijos apykait\u0105, normali\u0105 nerv\u0173 sistemos veikl\u0105 bei padeda ma\u017einti pavargimo jausm\u0105 ir nuovarg\u012f.<\/p>\n","protected":false},"featured_media":352656,"comment_status":"open","ping_status":"closed","template":"","meta":{"_acf_changed":false},"product_brand":[],"product_cat":[3175],"product_tag":[3028,6561,3177,6549,6555,6551,3140,3285,6564,6559,6565,6567,3713,6558,6548,6553],"class_list":{"0":"post-353396","1":"product","2":"type-product","3":"status-publish","4":"has-post-thumbnail","6":"product_cat-vitaminas-b","7":"product_tag-energija-ir-nuovargis","8":"product_tag-gleivines-sveikata","9":"product_tag-nervu-sistemos-palaikymas","10":"product_tag-niacinas","11":"product_tag-niacino-500-mg","12":"product_tag-nikotinamidai","13":"product_tag-nuovargio-mazinimas","14":"product_tag-odos-sveikata","15":"product_tag-psichologine-gerove","16":"product_tag-svarus-b3","17":"product_tag-vitaminai-nervu-sistemai","18":"product_tag-vitaminai-odai","19":"product_tag-vitaminas-b3","20":"product_tag-vitaminas-b3-lt","21":"product_tag-vitaminas-b3-500-mg-nikotinamidas","22":"product_tag-vitamino-b3-kapsules","24":"first","25":"onbackorder","26":"taxable","27":"shipping-taxable","28":"purchasable","29":"product-type-simple"},"acf":[],"yoast_head":"<!-- This site is optimized with the Yoast SEO plugin v27.1.1 - https:\/\/yoast.com\/product\/yoast-seo-wordpress\/ -->\n<title>Vitaminas B3 (niacinas) 500 mg 60 kapsuli\u0173 - Puhdas+<\/title>\n<meta name=\"description\" content=\"Vitaminas B3 500 mg (nikotinamidas) palaiko energijos apykait\u0105, ma\u017eina nuovarg\u012f ir padeda palaikyti nerv\u0173 sistemos, odos ir gleivini\u0173 sveikat\u0105.\" \/>\n<meta name=\"robots\" content=\"noindex, follow, max-snippet:-1, max-image-preview:large, max-video-preview:-1\" \/>\n<meta property=\"og:locale\" content=\"lt_LT\" \/>\n<meta property=\"og:type\" content=\"article\" \/>\n<meta property=\"og:title\" content=\"Vitaminas B3 (niacinas) 500 mg 60 kapsuli\u0173 - Puhdas+\" \/>\n<meta property=\"og:description\" content=\"Vitaminas B3 500 mg (nikotinamidas) palaiko energijos apykait\u0105, ma\u017eina nuovarg\u012f ir padeda palaikyti nerv\u0173 sistemos, odos ir gleivini\u0173 sveikat\u0105.\" \/>\n<meta property=\"og:url\" content=\"https:\/\/test.puhdasplus.ee\/lt\/tooted\/vitaminai\/vitaminas-b\/vitaminas-b3-niacinas-500-mg-60-kapsuliu\/\" \/>\n<meta property=\"og:site_name\" content=\"Puhdas+\" \/>\n<meta property=\"article:publisher\" content=\"https:\/\/www.facebook.com\/puhdasplus\" \/>\n<meta property=\"article:modified_time\" content=\"2026-03-04T20:03:16+00:00\" \/>\n<meta property=\"og:image\" content=\"https:\/\/test.puhdasplus.ee\/wp-content\/uploads\/2025\/08\/tooted-ilma-taustata-copy-scaled.jpg\" \/>\n\t<meta property=\"og:image:width\" content=\"1862\" \/>\n\t<meta property=\"og:image:height\" content=\"2560\" \/>\n\t<meta property=\"og:image:type\" content=\"image\/jpeg\" \/>\n<meta name=\"twitter:card\" content=\"summary_large_image\" \/>\n<meta name=\"twitter:label1\" content=\"Est. reading time\" \/>\n\t<meta name=\"twitter:data1\" content=\"1 minut\u0117\" \/>\n<script type=\"application\/ld+json\" class=\"yoast-schema-graph\">{\"@context\":\"https:\/\/schema.org\",\"@graph\":[{\"@type\":\"WebPage\",\"@id\":\"https:\/\/test.puhdasplus.ee\/lt\/tooted\/vitaminai\/vitaminas-b\/vitaminas-b3-niacinas-500-mg-60-kapsuliu\/\",\"url\":\"https:\/\/test.puhdasplus.ee\/lt\/tooted\/vitaminai\/vitaminas-b\/vitaminas-b3-niacinas-500-mg-60-kapsuliu\/\",\"name\":\"Vitaminas B3 (niacinas) 500 mg 60 kapsuli\u0173 - Puhdas+\",\"isPartOf\":{\"@id\":\"https:\/\/test.puhdasplus.ee\/lt\/#website\"},\"primaryImageOfPage\":{\"@id\":\"https:\/\/test.puhdasplus.ee\/lt\/tooted\/vitaminai\/vitaminas-b\/vitaminas-b3-niacinas-500-mg-60-kapsuliu\/#primaryimage\"},\"image\":{\"@id\":\"https:\/\/test.puhdasplus.ee\/lt\/tooted\/vitaminai\/vitaminas-b\/vitaminas-b3-niacinas-500-mg-60-kapsuliu\/#primaryimage\"},\"thumbnailUrl\":\"https:\/\/test.puhdasplus.ee\/wp-content\/uploads\/2025\/08\/tooted-ilma-taustata-copy-scaled.jpg\",\"datePublished\":\"2025-08-25T09:37:41+00:00\",\"dateModified\":\"2026-03-04T20:03:16+00:00\",\"description\":\"Vitaminas B3 500 mg (nikotinamidas) palaiko energijos apykait\u0105, ma\u017eina nuovarg\u012f ir padeda palaikyti nerv\u0173 sistemos, odos ir gleivini\u0173 sveikat\u0105.\",\"breadcrumb\":{\"@id\":\"https:\/\/test.puhdasplus.ee\/lt\/tooted\/vitaminai\/vitaminas-b\/vitaminas-b3-niacinas-500-mg-60-kapsuliu\/#breadcrumb\"},\"inLanguage\":\"lt-LT\",\"potentialAction\":[{\"@type\":\"ReadAction\",\"target\":[\"https:\/\/test.puhdasplus.ee\/lt\/tooted\/vitaminai\/vitaminas-b\/vitaminas-b3-niacinas-500-mg-60-kapsuliu\/\"]}]},{\"@type\":\"ImageObject\",\"inLanguage\":\"lt-LT\",\"@id\":\"https:\/\/test.puhdasplus.ee\/lt\/tooted\/vitaminai\/vitaminas-b\/vitaminas-b3-niacinas-500-mg-60-kapsuliu\/#primaryimage\",\"url\":\"https:\/\/test.puhdasplus.ee\/wp-content\/uploads\/2025\/08\/tooted-ilma-taustata-copy-scaled.jpg\",\"contentUrl\":\"https:\/\/test.puhdasplus.ee\/wp-content\/uploads\/2025\/08\/tooted-ilma-taustata-copy-scaled.jpg\",\"width\":1862,\"height\":2560,\"caption\":\"Vitaminas B3 500 mg (nikotinamidas)\"},{\"@type\":\"BreadcrumbList\",\"@id\":\"https:\/\/test.puhdasplus.ee\/lt\/tooted\/vitaminai\/vitaminas-b\/vitaminas-b3-niacinas-500-mg-60-kapsuliu\/#breadcrumb\",\"itemListElement\":[{\"@type\":\"ListItem\",\"position\":1,\"name\":\"Prad\u017eia\",\"item\":\"https:\/\/test.puhdasplus.ee\/lt\/\"},{\"@type\":\"ListItem\",\"position\":2,\"name\":\"Produktai\",\"item\":\"https:\/\/test.puhdasplus.ee\/lt\/parduotuve\/\"},{\"@type\":\"ListItem\",\"position\":3,\"name\":\"Vitaminas B3 (niacinas) 500 mg 60 kapsuli\u0173\"}]},{\"@type\":\"WebSite\",\"@id\":\"https:\/\/test.puhdasplus.ee\/lt\/#website\",\"url\":\"https:\/\/test.puhdasplus.ee\/lt\/\",\"name\":\"Puhdas+\",\"description\":\"Vitamiinid, Toidulisandid, looduskosmeetika, tervis, sport\",\"publisher\":{\"@id\":\"https:\/\/test.puhdasplus.ee\/lt\/#organization\"},\"potentialAction\":[{\"@type\":\"SearchAction\",\"target\":{\"@type\":\"EntryPoint\",\"urlTemplate\":\"https:\/\/test.puhdasplus.ee\/lt\/?s={search_term_string}\"},\"query-input\":{\"@type\":\"PropertyValueSpecification\",\"valueRequired\":true,\"valueName\":\"search_term_string\"}}],\"inLanguage\":\"lt-LT\"},{\"@type\":\"Organization\",\"@id\":\"https:\/\/test.puhdasplus.ee\/lt\/#organization\",\"name\":\"Puhdas+\",\"alternateName\":\"Puhdasplus\",\"url\":\"https:\/\/test.puhdasplus.ee\/lt\/\",\"logo\":{\"@type\":\"ImageObject\",\"inLanguage\":\"lt-LT\",\"@id\":\"https:\/\/test.puhdasplus.ee\/lt\/#\/schema\/logo\/image\/\",\"url\":\"https:\/\/test.puhdasplus.ee\/\/wp-content\/uploads\/2019\/10\/puhdas_logo-arvele.png\",\"contentUrl\":\"https:\/\/test.puhdasplus.ee\/\/wp-content\/uploads\/2019\/10\/puhdas_logo-arvele.png\",\"width\":114,\"height\":94,\"caption\":\"Puhdas+\"},\"image\":{\"@id\":\"https:\/\/test.puhdasplus.ee\/lt\/#\/schema\/logo\/image\/\"},\"sameAs\":[\"https:\/\/www.facebook.com\/puhdasplus\",\"https:\/\/www.instagram.com\/puhdasplus_ee\/\"]}]}<\/script>\n<!-- \/ Yoast SEO plugin. -->","yoast_head_json":{"title":"Vitaminas B3 (niacinas) 500 mg 60 kapsuli\u0173 - Puhdas+","description":"Vitaminas B3 500 mg (nikotinamidas) palaiko energijos apykait\u0105, ma\u017eina nuovarg\u012f ir padeda palaikyti nerv\u0173 sistemos, odos ir gleivini\u0173 sveikat\u0105.","robots":{"index":"noindex","follow":"follow","max-snippet":"max-snippet:-1","max-image-preview":"max-image-preview:large","max-video-preview":"max-video-preview:-1"},"og_locale":"lt_LT","og_type":"article","og_title":"Vitaminas B3 (niacinas) 500 mg 60 kapsuli\u0173 - Puhdas+","og_description":"Vitaminas B3 500 mg (nikotinamidas) palaiko energijos apykait\u0105, ma\u017eina nuovarg\u012f ir padeda palaikyti nerv\u0173 sistemos, odos ir gleivini\u0173 sveikat\u0105.","og_url":"https:\/\/test.puhdasplus.ee\/lt\/tooted\/vitaminai\/vitaminas-b\/vitaminas-b3-niacinas-500-mg-60-kapsuliu\/","og_site_name":"Puhdas+","article_publisher":"https:\/\/www.facebook.com\/puhdasplus","article_modified_time":"2026-03-04T20:03:16+00:00","og_image":[{"width":1862,"height":2560,"url":"https:\/\/test.puhdasplus.ee\/wp-content\/uploads\/2025\/08\/tooted-ilma-taustata-copy-scaled.jpg","type":"image\/jpeg"}],"twitter_card":"summary_large_image","twitter_misc":{"Est. reading time":"1 minut\u0117"},"schema":{"@context":"https:\/\/schema.org","@graph":[{"@type":"WebPage","@id":"https:\/\/test.puhdasplus.ee\/lt\/tooted\/vitaminai\/vitaminas-b\/vitaminas-b3-niacinas-500-mg-60-kapsuliu\/","url":"https:\/\/test.puhdasplus.ee\/lt\/tooted\/vitaminai\/vitaminas-b\/vitaminas-b3-niacinas-500-mg-60-kapsuliu\/","name":"Vitaminas B3 (niacinas) 500 mg 60 kapsuli\u0173 - Puhdas+","isPartOf":{"@id":"https:\/\/test.puhdasplus.ee\/lt\/#website"},"primaryImageOfPage":{"@id":"https:\/\/test.puhdasplus.ee\/lt\/tooted\/vitaminai\/vitaminas-b\/vitaminas-b3-niacinas-500-mg-60-kapsuliu\/#primaryimage"},"image":{"@id":"https:\/\/test.puhdasplus.ee\/lt\/tooted\/vitaminai\/vitaminas-b\/vitaminas-b3-niacinas-500-mg-60-kapsuliu\/#primaryimage"},"thumbnailUrl":"https:\/\/test.puhdasplus.ee\/wp-content\/uploads\/2025\/08\/tooted-ilma-taustata-copy-scaled.jpg","datePublished":"2025-08-25T09:37:41+00:00","dateModified":"2026-03-04T20:03:16+00:00","description":"Vitaminas B3 500 mg (nikotinamidas) palaiko energijos apykait\u0105, ma\u017eina nuovarg\u012f ir padeda palaikyti nerv\u0173 sistemos, odos ir gleivini\u0173 sveikat\u0105.","breadcrumb":{"@id":"https:\/\/test.puhdasplus.ee\/lt\/tooted\/vitaminai\/vitaminas-b\/vitaminas-b3-niacinas-500-mg-60-kapsuliu\/#breadcrumb"},"inLanguage":"lt-LT","potentialAction":[{"@type":"ReadAction","target":["https:\/\/test.puhdasplus.ee\/lt\/tooted\/vitaminai\/vitaminas-b\/vitaminas-b3-niacinas-500-mg-60-kapsuliu\/"]}]},{"@type":"ImageObject","inLanguage":"lt-LT","@id":"https:\/\/test.puhdasplus.ee\/lt\/tooted\/vitaminai\/vitaminas-b\/vitaminas-b3-niacinas-500-mg-60-kapsuliu\/#primaryimage","url":"https:\/\/test.puhdasplus.ee\/wp-content\/uploads\/2025\/08\/tooted-ilma-taustata-copy-scaled.jpg","contentUrl":"https:\/\/test.puhdasplus.ee\/wp-content\/uploads\/2025\/08\/tooted-ilma-taustata-copy-scaled.jpg","width":1862,"height":2560,"caption":"Vitaminas B3 500 mg (nikotinamidas)"},{"@type":"BreadcrumbList","@id":"https:\/\/test.puhdasplus.ee\/lt\/tooted\/vitaminai\/vitaminas-b\/vitaminas-b3-niacinas-500-mg-60-kapsuliu\/#breadcrumb","itemListElement":[{"@type":"ListItem","position":1,"name":"Prad\u017eia","item":"https:\/\/test.puhdasplus.ee\/lt\/"},{"@type":"ListItem","position":2,"name":"Produktai","item":"https:\/\/test.puhdasplus.ee\/lt\/parduotuve\/"},{"@type":"ListItem","position":3,"name":"Vitaminas B3 (niacinas) 500 mg 60 kapsuli\u0173"}]},{"@type":"WebSite","@id":"https:\/\/test.puhdasplus.ee\/lt\/#website","url":"https:\/\/test.puhdasplus.ee\/lt\/","name":"Puhdas+","description":"Vitamiinid, Toidulisandid, looduskosmeetika, tervis, sport","publisher":{"@id":"https:\/\/test.puhdasplus.ee\/lt\/#organization"},"potentialAction":[{"@type":"SearchAction","target":{"@type":"EntryPoint","urlTemplate":"https:\/\/test.puhdasplus.ee\/lt\/?s={search_term_string}"},"query-input":{"@type":"PropertyValueSpecification","valueRequired":true,"valueName":"search_term_string"}}],"inLanguage":"lt-LT"},{"@type":"Organization","@id":"https:\/\/test.puhdasplus.ee\/lt\/#organization","name":"Puhdas+","alternateName":"Puhdasplus","url":"https:\/\/test.puhdasplus.ee\/lt\/","logo":{"@type":"ImageObject","inLanguage":"lt-LT","@id":"https:\/\/test.puhdasplus.ee\/lt\/#\/schema\/logo\/image\/","url":"https:\/\/test.puhdasplus.ee\/\/wp-content\/uploads\/2019\/10\/puhdas_logo-arvele.png","contentUrl":"https:\/\/test.puhdasplus.ee\/\/wp-content\/uploads\/2019\/10\/puhdas_logo-arvele.png","width":114,"height":94,"caption":"Puhdas+"},"image":{"@id":"https:\/\/test.puhdasplus.ee\/lt\/#\/schema\/logo\/image\/"},"sameAs":["https:\/\/www.facebook.com\/puhdasplus","https:\/\/www.instagram.com\/puhdasplus_ee\/"]}]}},"_links":{"self":[{"href":"https:\/\/test.puhdasplus.ee\/lt\/wp-json\/wp\/v2\/product\/353396","targetHints":{"allow":["GET"]}}],"collection":[{"href":"https:\/\/test.puhdasplus.ee\/lt\/wp-json\/wp\/v2\/product"}],"about":[{"href":"https:\/\/test.puhdasplus.ee\/lt\/wp-json\/wp\/v2\/types\/product"}],"replies":[{"embeddable":true,"href":"https:\/\/test.puhdasplus.ee\/lt\/wp-json\/wp\/v2\/comments?post=353396"}],"wp:featuredmedia":[{"embeddable":true,"href":"https:\/\/test.puhdasplus.ee\/lt\/wp-json\/wp\/v2\/media\/352656"}],"wp:attachment":[{"href":"https:\/\/test.puhdasplus.ee\/lt\/wp-json\/wp\/v2\/media?parent=353396"}],"wp:term":[{"taxonomy":"product_brand","embeddable":true,"href":"https:\/\/test.puhdasplus.ee\/lt\/wp-json\/wp\/v2\/product_brand?post=353396"},{"taxonomy":"product_cat","embeddable":true,"href":"https:\/\/test.puhdasplus.ee\/lt\/wp-json\/wp\/v2\/product_cat?post=353396"},{"taxonomy":"product_tag","embeddable":true,"href":"https:\/\/test.puhdasplus.ee\/lt\/wp-json\/wp\/v2\/product_tag?post=353396"}],"curies":[{"name":"wp","href":"https:\/\/api.w.org\/{rel}","templated":true}]}}