{"id":353394,"date":"2025-08-25T13:24:12","date_gmt":"2025-08-25T10:24:12","guid":{"rendered":"https:\/\/test.puhdasplus.ee\/\/tooted\/be-kategorijos\/namivita-multivitamininiai-guminukai-75-vnt\/"},"modified":"2026-03-04T22:06:58","modified_gmt":"2026-03-04T20:06:58","slug":"namivita-multivitamininiai-guminukai-75-vnt","status":"publish","type":"product","link":"https:\/\/test.puhdasplus.ee\/lt\/tooted\/specialus-pasiulymai\/namivita-multivitamininiai-guminukai-75-vnt\/","title":{"rendered":"Namivita multivitamininiai guminukai, 75 vnt."},"content":{"rendered":"<h3>\u201ePuhdas+ Namivita\u201c \u2013 tai gard\u016bs uog\u0173 skonio guminukai, kuriuose gausu vitamin\u0173, padedan\u010di\u0173 palaikyti kasdien\u0119 savijaut\u0105. Paprastas ir malonus b\u016bdas u\u017etikrinti, kad gautum\u0117te b\u016btin\u0173 vitamin\u0173 \u2013 tinka tiek suaugusiesiems, tiek vaikams nuo 3 met\u0173 am\u017eiaus.  <\/h3>\n<h3 data-start=\"566\" data-end=\"589\"><strong data-start=\"570\" data-end=\"587\">Poveikis ir nauda<\/strong><\/h3>\n<ul data-start=\"590\" data-end=\"1069\">\n<li data-start=\"590\" data-end=\"675\">\n<p data-start=\"592\" data-end=\"675\"><strong data-start=\"592\" data-end=\"606\">Vitaminas A<\/strong> \u2013 padeda palaikyti normal\u0173 reg\u0117jim\u0105 ir imunin\u0117s sistemos veikl\u0105.<\/p>\n<\/li>\n<li data-start=\"676\" data-end=\"788\">\n<p data-start=\"678\" data-end=\"788\"><strong data-start=\"678\" data-end=\"692\">Vitaminas C<\/strong> \u2013 stiprina imunin\u0119 sistem\u0105, padeda ma\u017einti nuovarg\u012f ir apsaugo l\u0105steles nuo oksidacinio streso.<\/p>\n<\/li>\n<li data-start=\"789\" data-end=\"868\">\n<p data-start=\"791\" data-end=\"868\"><strong data-start=\"791\" data-end=\"805\">Vitaminas D<\/strong> \u2013 padeda palaikyti normali\u0105 kaul\u0173, dant\u0173 ir imunin\u0117s sistemos b\u016bkl\u0119.<\/p>\n<\/li>\n<li data-start=\"869\" data-end=\"1001\">\n<p data-start=\"871\" data-end=\"1001\"><strong data-start=\"871\" data-end=\"893\">B grup\u0117s vitaminai<\/strong> (pvz., B6, B12, biotinas, folio r\u016bg\u0161tis) \u2013 palaiko energijos apykait\u0105, nerv\u0173 sistemos ir psichologines funkcijas.<\/p>\n<\/li>\n<li data-start=\"1002\" data-end=\"1069\">\n<p data-start=\"1004\" data-end=\"1069\"><strong data-start=\"1004\" data-end=\"1018\">Vitaminas E<\/strong> \u2013 padeda apsaugoti l\u0105steles nuo oksidacinio streso.<\/p>\n<\/li>\n<\/ul>\n<h2 data-start=\"169\" data-end=\"189\"><strong data-start=\"172\" data-end=\"187\">Ingredientai<\/strong><\/h2>\n<p data-start=\"190\" data-end=\"697\">Saldiklis (maltitolio sirupas), vanduo, tir\u0161tiklis (pektinas), <strong data-start=\"248\" data-end=\"278\">vitaminas C (askorbo r\u016bg\u0161tis)<\/strong> , <strong data-start=\"280\" data-end=\"311\">vitaminas B3 (nikotinamidas)<\/strong> , <strong data-start=\"313\" data-end=\"356\">vitaminas E (DL-alfa-tokoferilo acetatas)<\/strong> , <strong data-start=\"358\" data-end=\"401\">vitaminas B6 (piridoksino hidrochloridas)<\/strong> , <strong data-start=\"403\" data-end=\"436\">vitaminas A (retinilo acetatas)<\/strong> , folio r\u016bg\u0161tis, <strong data-start=\"448\" data-end=\"471\">biotinas (D-biotinas)<\/strong> , <strong data-start=\"473\" data-end=\"507\">vitaminas D3 (cholekalciferolis)<\/strong> , <strong data-start=\"509\" data-end=\"544\">vitaminas B12 (cianokobalaminas)<\/strong> , r\u016bg\u0161tingum\u0105 reguliuojan\u010dios med\u017eiagos (citrin\u0173 r\u016bg\u0161tis, natrio citratas), nat\u016bralus aromatas (apelsin\u0173), da\u017eiklis (karotinas), pavir\u0161iaus apdorojimo med\u017eiaga (karnaubo va\u0161kas).<\/p>\n<h2 data-start=\"169\" data-end=\"189\"><strong data-start=\"172\" data-end=\"187\">Maistini\u0173 med\u017eiag\u0173 kiekis<\/strong><\/h2>\n<p class=\"cvGsUA direction-ltr align-start para-style-body\"><span class=\"a_GcMg font-feature-liga-off font-feature-clig-off font-feature-calt-off text-decoration-none text-strikethrough-none\">1 guminukas: vitaminas A 200 \u00b5g (25 % RMV); vitaminas D3 5 \u00b5g (100 % RMV); vitaminas E 6 mg (50 % RMV); vitaminas C 30 mg (38 % RMV); niacinas 8 mg (50 % RMV); vitaminas B6 0,7 mg (50 % RMV); folio r\u016bg\u0161tis 100 \u00b5g (50 % RMV); vitaminas B12 1,25 \u00b5g (50 % RMV); biotinas 25 \u00b5g (50 % RMV)<\/span><\/p>\n<p class=\"cvGsUA direction-ltr align-start para-style-body\"><span class=\"a_GcMg font-feature-liga-off font-feature-clig-off font-feature-calt-off text-decoration-none text-strikethrough-none\">2 guminukai: vitaminas A 400 \u00b5g (50 % RMV); vitaminas D3 10 \u00b5g (200 % RMV); vitaminas E 12 mg (100 % RMV); vitaminas C 60 mg (75 % RMV); niacinas 16 mg (100 % RMV); vitaminas B6 1,4 mg (100 % RMV); folio r\u016bg\u0161tis 200 \u00b5g (100 % RMV); vitaminas B12 2,5 \u00b5g (100 % RMV); biotinas 50 \u00b5g (100 % RMV)<\/span><\/p>\n<p class=\"cvGsUA direction-ltr align-start para-style-body\"><span class=\"a_GcMg font-feature-liga-off font-feature-clig-off font-feature-calt-off text-decoration-none text-strikethrough-none\">RMV \u2013 referencin\u0117 paros norma suaugusiesiems.<\/span><\/p>\n<h3 data-start=\"206\" data-end=\"229\"><strong data-start=\"210\" data-end=\"227\">Naudotojo vadovas<\/strong><\/h3>\n<ul data-start=\"230\" data-end=\"417\">\n<li data-start=\"230\" data-end=\"308\">\n<p data-start=\"232\" data-end=\"308\">Suaugusiesiems ir 11 met\u0173 bei vyresniems vaikams: <strong data-start=\"282\" data-end=\"305\">2 guminukai per dien\u0105<\/strong> . <\/p>\n<\/li>\n<li data-start=\"309\" data-end=\"366\">\n<p data-start=\"311\" data-end=\"366\">3\u201310 met\u0173 vaikams: <strong data-start=\"340\" data-end=\"363\">1 guminukas per dien\u0105<\/strong> .<\/p>\n<\/li>\n<li data-start=\"367\" data-end=\"417\">\n<p data-start=\"369\" data-end=\"417\">Rekomenduojamos paros doz\u0117s <strong data-start=\"395\" data-end=\"414\">vir\u0161yti negalima<\/strong> .<\/p>\n<\/li>\n<\/ul>\n<h3 data-start=\"1603\" data-end=\"1626\"><strong data-start=\"1607\" data-end=\"1624\">Svarbi informacija<\/strong><\/h3>\n<ul data-start=\"1627\" data-end=\"1826\">\n<li data-start=\"1627\" data-end=\"1719\">\n<p data-start=\"1629\" data-end=\"1719\">Maisto papildas nepakei\u010dia \u012fvairios ir subalansuotos mitybos ar sveiko gyvenimo b\u016bdo.<\/p>\n<\/li>\n<li data-start=\"1720\" data-end=\"1755\">\n<p data-start=\"1722\" data-end=\"1755\">Laikyti vaikams nepasiekiamoje vietoje.<\/p>\n<\/li>\n<li data-start=\"1756\" data-end=\"1826\">\n<p data-start=\"1758\" data-end=\"1826\">Laikyti sausoje ir v\u0117sioje vietoje, toliau nuo tiesiogini\u0173 saul\u0117s spinduli\u0173.<\/p>\n<\/li>\n<\/ul>\n<h3 data-start=\"1828\" data-end=\"1844\"><strong data-start=\"1832\" data-end=\"1842\">Pakuot\u0117<\/strong><\/h3>\n<p data-start=\"1845\" data-end=\"1881\">75 guminukai (grynasis kiekis apie 150 g)<\/p>\n<p data-start=\"1845\" data-end=\"1881\"><strong data-start=\"173\" data-end=\"184\">Gamintojas:<\/strong> New Organics Oy, Suomija<br data-start=\"207\" data-end=\"210\"><strong data-start=\"210\" data-end=\"225\" data-is-only-node=\"\">Importuotojas:<\/strong> NordenBio O\u00dc, Narva mnt 7, 10117 Talinas<\/p>\n","protected":false},"excerpt":{"rendered":"<p><strong data-start=\"141\" data-end=\"188\">\u201ePuhdas+ Namivita\u201c multivitamininiai guminukai<\/strong> \u2013 tai gard\u016bs apelsin\u0173 skonio vitaminai, kurie stiprina imunitet\u0105, energijos lyg\u012f ir bendr\u0105 savijaut\u0105. Paprastas ir malonus b\u016bdas gauti dienos vitamin\u0173 tiek vaikams, tiek suaugusiesiems \u2013 be kapsuli\u0173 ar table\u010di\u0173. Gryni ingredientai, tinka veganams ir patogus kasdienis \u012fprotis visai \u0161eimai.  <\/p>\n","protected":false},"featured_media":352668,"comment_status":"open","ping_status":"closed","template":"","meta":{"_acf_changed":false},"product_brand":[],"product_cat":[3049,3174],"product_tag":[6531,6544,5882,6540,4025,3178,6527,6532,6535,6539,6536,6542,3125,4534,6529],"class_list":{"0":"post-353394","1":"product","2":"type-product","3":"status-publish","4":"has-post-thumbnail","6":"product_cat-specialus-pasiulymai","7":"product_cat-vitaminai","8":"product_tag-cleanplus","9":"product_tag-apelsinu-skonio-vitaminai","10":"product_tag-b-grupes-vitaminai","11":"product_tag-energijos-vitaminai","12":"product_tag-imunines-sistemos-palaikymas-lt","13":"product_tag-multivitaminu","14":"product_tag-multivitaminu-guminukai","15":"product_tag-namibita","16":"product_tag-veganiskas-multivitaminas","17":"product_tag-vitaminai-suaugusiesiems","18":"product_tag-vitaminai-vaikams","19":"product_tag-vitaminai-visai-seimai","20":"product_tag-vitaminas-c-lt","21":"product_tag-vitaminas-d","22":"product_tag-vitaminu-saldainiai","24":"first","25":"instock","26":"sale","27":"taxable","28":"shipping-taxable","29":"purchasable","30":"product-type-simple"},"acf":[],"yoast_head":"<!-- This site is optimized with the Yoast SEO plugin v27.1.1 - https:\/\/yoast.com\/product\/yoast-seo-wordpress\/ -->\n<title>Namivita multivitamininiai guminukai, 75 vnt. - Puhdas+<\/title>\n<meta name=\"description\" content=\"Gard\u016bs \u201ePuhdas+ Namivita\u201c multivitamin\u0173 guminukai stiprina imunitet\u0105 ir energij\u0105. Paprastas kasdienis vitaminas visai \u0161eimai, tinka veganams.\" \/>\n<meta name=\"robots\" content=\"noindex, follow, max-snippet:-1, max-image-preview:large, max-video-preview:-1\" \/>\n<meta property=\"og:locale\" content=\"lt_LT\" \/>\n<meta property=\"og:type\" content=\"article\" \/>\n<meta property=\"og:title\" content=\"Namivita multivitamininiai guminukai, 75 vnt. - Puhdas+\" \/>\n<meta property=\"og:description\" content=\"Gard\u016bs \u201ePuhdas+ Namivita\u201c multivitamin\u0173 guminukai stiprina imunitet\u0105 ir energij\u0105. Paprastas kasdienis vitaminas visai \u0161eimai, tinka veganams.\" \/>\n<meta property=\"og:url\" content=\"https:\/\/test.puhdasplus.ee\/lt\/tooted\/specialus-pasiulymai\/namivita-multivitamininiai-guminukai-75-vnt\/\" \/>\n<meta property=\"og:site_name\" content=\"Puhdas+\" \/>\n<meta property=\"article:publisher\" content=\"https:\/\/www.facebook.com\/puhdasplus\" \/>\n<meta property=\"article:modified_time\" content=\"2026-03-04T20:06:58+00:00\" \/>\n<meta property=\"og:image\" content=\"https:\/\/test.puhdasplus.ee\/wp-content\/uploads\/2025\/08\/tooted-ilma-taustata-copy-2-scaled.jpg\" \/>\n\t<meta property=\"og:image:width\" content=\"1862\" \/>\n\t<meta property=\"og:image:height\" content=\"2560\" \/>\n\t<meta property=\"og:image:type\" content=\"image\/jpeg\" \/>\n<meta name=\"twitter:card\" content=\"summary_large_image\" \/>\n<meta name=\"twitter:label1\" content=\"Est. reading time\" \/>\n\t<meta name=\"twitter:data1\" content=\"2 minut\u0117\" \/>\n<script type=\"application\/ld+json\" class=\"yoast-schema-graph\">{\"@context\":\"https:\/\/schema.org\",\"@graph\":[{\"@type\":\"WebPage\",\"@id\":\"https:\/\/test.puhdasplus.ee\/lt\/tooted\/specialus-pasiulymai\/namivita-multivitamininiai-guminukai-75-vnt\/\",\"url\":\"https:\/\/test.puhdasplus.ee\/lt\/tooted\/specialus-pasiulymai\/namivita-multivitamininiai-guminukai-75-vnt\/\",\"name\":\"Namivita multivitamininiai guminukai, 75 vnt. - Puhdas+\",\"isPartOf\":{\"@id\":\"https:\/\/test.puhdasplus.ee\/lt\/#website\"},\"primaryImageOfPage\":{\"@id\":\"https:\/\/test.puhdasplus.ee\/lt\/tooted\/specialus-pasiulymai\/namivita-multivitamininiai-guminukai-75-vnt\/#primaryimage\"},\"image\":{\"@id\":\"https:\/\/test.puhdasplus.ee\/lt\/tooted\/specialus-pasiulymai\/namivita-multivitamininiai-guminukai-75-vnt\/#primaryimage\"},\"thumbnailUrl\":\"https:\/\/test.puhdasplus.ee\/wp-content\/uploads\/2025\/08\/tooted-ilma-taustata-copy-2-scaled.jpg\",\"datePublished\":\"2025-08-25T10:24:12+00:00\",\"dateModified\":\"2026-03-04T20:06:58+00:00\",\"description\":\"Gard\u016bs \u201ePuhdas+ Namivita\u201c multivitamin\u0173 guminukai stiprina imunitet\u0105 ir energij\u0105. Paprastas kasdienis vitaminas visai \u0161eimai, tinka veganams.\",\"breadcrumb\":{\"@id\":\"https:\/\/test.puhdasplus.ee\/lt\/tooted\/specialus-pasiulymai\/namivita-multivitamininiai-guminukai-75-vnt\/#breadcrumb\"},\"inLanguage\":\"lt-LT\",\"potentialAction\":[{\"@type\":\"ReadAction\",\"target\":[\"https:\/\/test.puhdasplus.ee\/lt\/tooted\/specialus-pasiulymai\/namivita-multivitamininiai-guminukai-75-vnt\/\"]}]},{\"@type\":\"ImageObject\",\"inLanguage\":\"lt-LT\",\"@id\":\"https:\/\/test.puhdasplus.ee\/lt\/tooted\/specialus-pasiulymai\/namivita-multivitamininiai-guminukai-75-vnt\/#primaryimage\",\"url\":\"https:\/\/test.puhdasplus.ee\/wp-content\/uploads\/2025\/08\/tooted-ilma-taustata-copy-2-scaled.jpg\",\"contentUrl\":\"https:\/\/test.puhdasplus.ee\/wp-content\/uploads\/2025\/08\/tooted-ilma-taustata-copy-2-scaled.jpg\",\"width\":1862,\"height\":2560,\"caption\":\"Puhdas+ Namivita multivitaminin\u0117s gumos\"},{\"@type\":\"BreadcrumbList\",\"@id\":\"https:\/\/test.puhdasplus.ee\/lt\/tooted\/specialus-pasiulymai\/namivita-multivitamininiai-guminukai-75-vnt\/#breadcrumb\",\"itemListElement\":[{\"@type\":\"ListItem\",\"position\":1,\"name\":\"Prad\u017eia\",\"item\":\"https:\/\/test.puhdasplus.ee\/lt\/\"},{\"@type\":\"ListItem\",\"position\":2,\"name\":\"Produktai\",\"item\":\"https:\/\/test.puhdasplus.ee\/lt\/parduotuve\/\"},{\"@type\":\"ListItem\",\"position\":3,\"name\":\"Namivita multivitamininiai guminukai, 75 vnt.\"}]},{\"@type\":\"WebSite\",\"@id\":\"https:\/\/test.puhdasplus.ee\/lt\/#website\",\"url\":\"https:\/\/test.puhdasplus.ee\/lt\/\",\"name\":\"Puhdas+\",\"description\":\"Vitamiinid, Toidulisandid, looduskosmeetika, tervis, sport\",\"publisher\":{\"@id\":\"https:\/\/test.puhdasplus.ee\/lt\/#organization\"},\"potentialAction\":[{\"@type\":\"SearchAction\",\"target\":{\"@type\":\"EntryPoint\",\"urlTemplate\":\"https:\/\/test.puhdasplus.ee\/lt\/?s={search_term_string}\"},\"query-input\":{\"@type\":\"PropertyValueSpecification\",\"valueRequired\":true,\"valueName\":\"search_term_string\"}}],\"inLanguage\":\"lt-LT\"},{\"@type\":\"Organization\",\"@id\":\"https:\/\/test.puhdasplus.ee\/lt\/#organization\",\"name\":\"Puhdas+\",\"alternateName\":\"Puhdasplus\",\"url\":\"https:\/\/test.puhdasplus.ee\/lt\/\",\"logo\":{\"@type\":\"ImageObject\",\"inLanguage\":\"lt-LT\",\"@id\":\"https:\/\/test.puhdasplus.ee\/lt\/#\/schema\/logo\/image\/\",\"url\":\"https:\/\/test.puhdasplus.ee\/\/wp-content\/uploads\/2019\/10\/puhdas_logo-arvele.png\",\"contentUrl\":\"https:\/\/test.puhdasplus.ee\/\/wp-content\/uploads\/2019\/10\/puhdas_logo-arvele.png\",\"width\":114,\"height\":94,\"caption\":\"Puhdas+\"},\"image\":{\"@id\":\"https:\/\/test.puhdasplus.ee\/lt\/#\/schema\/logo\/image\/\"},\"sameAs\":[\"https:\/\/www.facebook.com\/puhdasplus\",\"https:\/\/www.instagram.com\/puhdasplus_ee\/\"]}]}<\/script>\n<!-- \/ Yoast SEO plugin. -->","yoast_head_json":{"title":"Namivita multivitamininiai guminukai, 75 vnt. - Puhdas+","description":"Gard\u016bs \u201ePuhdas+ Namivita\u201c multivitamin\u0173 guminukai stiprina imunitet\u0105 ir energij\u0105. Paprastas kasdienis vitaminas visai \u0161eimai, tinka veganams.","robots":{"index":"noindex","follow":"follow","max-snippet":"max-snippet:-1","max-image-preview":"max-image-preview:large","max-video-preview":"max-video-preview:-1"},"og_locale":"lt_LT","og_type":"article","og_title":"Namivita multivitamininiai guminukai, 75 vnt. - Puhdas+","og_description":"Gard\u016bs \u201ePuhdas+ Namivita\u201c multivitamin\u0173 guminukai stiprina imunitet\u0105 ir energij\u0105. Paprastas kasdienis vitaminas visai \u0161eimai, tinka veganams.","og_url":"https:\/\/test.puhdasplus.ee\/lt\/tooted\/specialus-pasiulymai\/namivita-multivitamininiai-guminukai-75-vnt\/","og_site_name":"Puhdas+","article_publisher":"https:\/\/www.facebook.com\/puhdasplus","article_modified_time":"2026-03-04T20:06:58+00:00","og_image":[{"width":1862,"height":2560,"url":"https:\/\/test.puhdasplus.ee\/wp-content\/uploads\/2025\/08\/tooted-ilma-taustata-copy-2-scaled.jpg","type":"image\/jpeg"}],"twitter_card":"summary_large_image","twitter_misc":{"Est. reading time":"2 minut\u0117"},"schema":{"@context":"https:\/\/schema.org","@graph":[{"@type":"WebPage","@id":"https:\/\/test.puhdasplus.ee\/lt\/tooted\/specialus-pasiulymai\/namivita-multivitamininiai-guminukai-75-vnt\/","url":"https:\/\/test.puhdasplus.ee\/lt\/tooted\/specialus-pasiulymai\/namivita-multivitamininiai-guminukai-75-vnt\/","name":"Namivita multivitamininiai guminukai, 75 vnt. - Puhdas+","isPartOf":{"@id":"https:\/\/test.puhdasplus.ee\/lt\/#website"},"primaryImageOfPage":{"@id":"https:\/\/test.puhdasplus.ee\/lt\/tooted\/specialus-pasiulymai\/namivita-multivitamininiai-guminukai-75-vnt\/#primaryimage"},"image":{"@id":"https:\/\/test.puhdasplus.ee\/lt\/tooted\/specialus-pasiulymai\/namivita-multivitamininiai-guminukai-75-vnt\/#primaryimage"},"thumbnailUrl":"https:\/\/test.puhdasplus.ee\/wp-content\/uploads\/2025\/08\/tooted-ilma-taustata-copy-2-scaled.jpg","datePublished":"2025-08-25T10:24:12+00:00","dateModified":"2026-03-04T20:06:58+00:00","description":"Gard\u016bs \u201ePuhdas+ Namivita\u201c multivitamin\u0173 guminukai stiprina imunitet\u0105 ir energij\u0105. Paprastas kasdienis vitaminas visai \u0161eimai, tinka veganams.","breadcrumb":{"@id":"https:\/\/test.puhdasplus.ee\/lt\/tooted\/specialus-pasiulymai\/namivita-multivitamininiai-guminukai-75-vnt\/#breadcrumb"},"inLanguage":"lt-LT","potentialAction":[{"@type":"ReadAction","target":["https:\/\/test.puhdasplus.ee\/lt\/tooted\/specialus-pasiulymai\/namivita-multivitamininiai-guminukai-75-vnt\/"]}]},{"@type":"ImageObject","inLanguage":"lt-LT","@id":"https:\/\/test.puhdasplus.ee\/lt\/tooted\/specialus-pasiulymai\/namivita-multivitamininiai-guminukai-75-vnt\/#primaryimage","url":"https:\/\/test.puhdasplus.ee\/wp-content\/uploads\/2025\/08\/tooted-ilma-taustata-copy-2-scaled.jpg","contentUrl":"https:\/\/test.puhdasplus.ee\/wp-content\/uploads\/2025\/08\/tooted-ilma-taustata-copy-2-scaled.jpg","width":1862,"height":2560,"caption":"Puhdas+ Namivita multivitaminin\u0117s gumos"},{"@type":"BreadcrumbList","@id":"https:\/\/test.puhdasplus.ee\/lt\/tooted\/specialus-pasiulymai\/namivita-multivitamininiai-guminukai-75-vnt\/#breadcrumb","itemListElement":[{"@type":"ListItem","position":1,"name":"Prad\u017eia","item":"https:\/\/test.puhdasplus.ee\/lt\/"},{"@type":"ListItem","position":2,"name":"Produktai","item":"https:\/\/test.puhdasplus.ee\/lt\/parduotuve\/"},{"@type":"ListItem","position":3,"name":"Namivita multivitamininiai guminukai, 75 vnt."}]},{"@type":"WebSite","@id":"https:\/\/test.puhdasplus.ee\/lt\/#website","url":"https:\/\/test.puhdasplus.ee\/lt\/","name":"Puhdas+","description":"Vitamiinid, Toidulisandid, looduskosmeetika, tervis, sport","publisher":{"@id":"https:\/\/test.puhdasplus.ee\/lt\/#organization"},"potentialAction":[{"@type":"SearchAction","target":{"@type":"EntryPoint","urlTemplate":"https:\/\/test.puhdasplus.ee\/lt\/?s={search_term_string}"},"query-input":{"@type":"PropertyValueSpecification","valueRequired":true,"valueName":"search_term_string"}}],"inLanguage":"lt-LT"},{"@type":"Organization","@id":"https:\/\/test.puhdasplus.ee\/lt\/#organization","name":"Puhdas+","alternateName":"Puhdasplus","url":"https:\/\/test.puhdasplus.ee\/lt\/","logo":{"@type":"ImageObject","inLanguage":"lt-LT","@id":"https:\/\/test.puhdasplus.ee\/lt\/#\/schema\/logo\/image\/","url":"https:\/\/test.puhdasplus.ee\/\/wp-content\/uploads\/2019\/10\/puhdas_logo-arvele.png","contentUrl":"https:\/\/test.puhdasplus.ee\/\/wp-content\/uploads\/2019\/10\/puhdas_logo-arvele.png","width":114,"height":94,"caption":"Puhdas+"},"image":{"@id":"https:\/\/test.puhdasplus.ee\/lt\/#\/schema\/logo\/image\/"},"sameAs":["https:\/\/www.facebook.com\/puhdasplus","https:\/\/www.instagram.com\/puhdasplus_ee\/"]}]}},"_links":{"self":[{"href":"https:\/\/test.puhdasplus.ee\/lt\/wp-json\/wp\/v2\/product\/353394","targetHints":{"allow":["GET"]}}],"collection":[{"href":"https:\/\/test.puhdasplus.ee\/lt\/wp-json\/wp\/v2\/product"}],"about":[{"href":"https:\/\/test.puhdasplus.ee\/lt\/wp-json\/wp\/v2\/types\/product"}],"replies":[{"embeddable":true,"href":"https:\/\/test.puhdasplus.ee\/lt\/wp-json\/wp\/v2\/comments?post=353394"}],"wp:featuredmedia":[{"embeddable":true,"href":"https:\/\/test.puhdasplus.ee\/lt\/wp-json\/wp\/v2\/media\/352668"}],"wp:attachment":[{"href":"https:\/\/test.puhdasplus.ee\/lt\/wp-json\/wp\/v2\/media?parent=353394"}],"wp:term":[{"taxonomy":"product_brand","embeddable":true,"href":"https:\/\/test.puhdasplus.ee\/lt\/wp-json\/wp\/v2\/product_brand?post=353394"},{"taxonomy":"product_cat","embeddable":true,"href":"https:\/\/test.puhdasplus.ee\/lt\/wp-json\/wp\/v2\/product_cat?post=353394"},{"taxonomy":"product_tag","embeddable":true,"href":"https:\/\/test.puhdasplus.ee\/lt\/wp-json\/wp\/v2\/product_tag?post=353394"}],"curies":[{"name":"wp","href":"https:\/\/api.w.org\/{rel}","templated":true}]}}