{"id":353376,"date":"2019-12-06T20:56:27","date_gmt":"2019-12-06T18:56:27","guid":{"rendered":"https:\/\/test.puhdasplus.ee\/\/tooted\/be-kategorijos\/kalcio-citratas-600-mg-240-g\/"},"modified":"2026-03-10T14:39:13","modified_gmt":"2026-03-10T12:39:13","slug":"kalcio-citratas-600-mg-240-g","status":"publish","type":"product","link":"https:\/\/test.puhdasplus.ee\/lt\/tooted\/specialus-pasiulymai\/kalcio-citratas-600-mg-240-g\/","title":{"rendered":"Kalcio citratas 600 mg 240 g"},"content":{"rendered":"<p class=\"p1\"><b>Kas yra \u201ePure+\u201c kalcio citratas 600 mg ir kod\u0117l jis b\u016btinas?<\/b><b><\/b><\/p>\n<p class=\"p3\">\u201ePuhdas+ Calcium Citrate 600 mg\u201c yra auk\u0161tos kokyb\u0117s maisto papildas, kurio sud\u0117tyje yra lengvai \u012fsisavinamo kalcio citrato \u2013 vienos geriausi\u0173 kalcio form\u0173, kuri yra draugi\u0161ka skrand\u017eiui ir tinka \u017emon\u0117ms su jautria vir\u0161kinimo sistema. Kalcis padeda palaikyti normali\u0105 kaul\u0173 ir dant\u0173 b\u016bkl\u0119, palaiko normali\u0105 raumen\u0173 ir vir\u0161kinimo ferment\u0173 veikl\u0105, dalyvauja energijos apykaitoje ir nervini\u0173 impuls\u0173 perdavime. <\/p>\n<p class=\"p3\">Kalcio poreikis did\u0117ja su am\u017eiumi, taip pat d\u0117l \u200b\u200baktyvaus gyvenimo b\u016bdo, dietos ar kalcio tr\u016bkumo. \u201ePure+\u201c kalcio citratas yra gryni milteliai, kuriuose n\u0117ra kvapi\u0173j\u0173 med\u017eiag\u0173, da\u017eikli\u0173 ar saldikli\u0173. Juos lengva mai\u0161yti su vandeniu, sultimis ar kokteiliais, o prid\u0117tas matavimo \u0161auk\u0161tas leid\u017eia patogiai dozuoti.  <\/p>\n<p class=\"p1\"><b>Kam tinka \u201ePuhdas+\u201c kalcio citratas 600 mg?<\/b><b><\/b><\/p>\n<ul>\n<li>\n<p class=\"p1\">Suaugusiesiems, norintiems palaikyti stiprius kaulus ir dantis<\/p>\n<\/li>\n<li>\n<p class=\"p1\">Fizi\u0161kai aktyviems \u017emon\u0117ms ir sportininkams<\/p>\n<\/li>\n<li>\n<p class=\"p1\">Tiems, kuri\u0173 mityba negauna pakankamai kalcio<\/p>\n<\/li>\n<li>\n<p class=\"p1\">Vegetarams ir veganams<\/p>\n<\/li>\n<li>\n<p class=\"p1\">Tiems, kurie ie\u0161ko kalcio \u0161altinio be pried\u0173 ir lengvai \u012fsisavinamo<\/p>\n<\/li>\n<\/ul>\n<p class=\"p1\"><b>Vartotojo vadovas:<\/b><b><\/b><\/p>\n<p class=\"p3\">Suaugusiesiems: 1 samtelis (3 ml) per dien\u0105. \u012emai\u0161ykite \u012f vanden\u012f, sultis arba kokteil\u012f. <\/p>\n<p class=\"p3\">Rekomenduojamos paros doz\u0117s vir\u0161yti negalima.<\/p>\n<p class=\"p3\">Maisto papildas nepakei\u010dia \u012fvairios ir subalansuotos mitybos ar sveiko gyvenimo b\u016bdo.<\/p>\n<p class=\"p3\">Laikyti vaikams nepasiekiamoje vietoje.<\/p>\n<p class=\"p1\"><b>Sudedamosios dalys:<\/b><b><\/b><\/p>\n<p class=\"p3\">Kalcio citratas.<\/p>\n<p class=\"p3\">Sud\u0117tyje n\u0117ra laktoz\u0117s, mieli\u0173, glitimo, cukraus, druskos, krakmolo, kukur\u016bz\u0173, sojos ar saldikli\u0173.<\/p>\n<p class=\"p3\">Tinka veganams.<\/p>\n<p class=\"p1\"><b>Maistin\u0117 vert\u0117:<\/b><b><\/b><\/p>\n<p class=\"p3\">1 samtelyje (3 ml) yra: kalcio: 600 mg (75 % RMV*)<\/p>\n<p class=\"p3\">*RMV \u2013 referencin\u0117 paros norma suaugusiajam<\/p>\n","protected":false},"excerpt":{"rendered":"<p class=\"p1\"><b>Kalcio citratas<\/b> <span class=\"s1\">yra<\/span> <b>labai gerai \u012fsisavinama kalcio forma<\/b> <span class=\"s1\">, padedanti palaikyti<\/span> <b>normali\u0105 kaul\u0173 ir dant\u0173 b\u016bkl\u0119<\/b> <span class=\"s1\">, palaiko<\/span> <b>raumen\u0173 funkcij\u0105<\/b> <span class=\"s1\">ir<\/span> <b>vir\u0161kinimo sistemos ferment\u0173 funkcij\u0105<\/b> <span class=\"s1\">.<\/span><\/p>\n<p class=\"p1\">\u0160is papildas patenkina <b>j\u016bs\u0173 kasdienius kalcio poreikius<\/b> <span class=\"s1\">ir palaiko bendr\u0105 savijaut\u0105 \u2013<\/span> <b>tai veiksmingas pasirinkimas norint palaikyti sveikat\u0105 bet kuriame am\u017eiuje.<\/b><\/p>\n","protected":false},"featured_media":354677,"comment_status":"closed","ping_status":"closed","template":"","meta":{"_acf_changed":false},"product_brand":[],"product_cat":[3120,3461,3049],"product_tag":[3320,3319,4783,3144,2967,4049],"class_list":{"0":"post-353376","1":"product","2":"type-product","3":"status-publish","4":"has-post-thumbnail","6":"product_cat-mineralai","7":"product_cat-sanariai-raumenys-ir-kaulai","8":"product_cat-specialus-pasiulymai","9":"product_tag-be-glitimo","10":"product_tag-be-laktozes","11":"product_tag-kalcio-citrato-milteliai","12":"product_tag-raumenys-ir-sanariai","13":"product_tag-veganas","14":"product_tag-vitaminai-ir-mineralai","16":"first","17":"instock","18":"sale","19":"taxable","20":"shipping-taxable","21":"purchasable","22":"product-type-simple"},"acf":[],"yoast_head":"<!-- This site is optimized with the Yoast SEO plugin v27.1.1 - https:\/\/yoast.com\/product\/yoast-seo-wordpress\/ -->\n<title>Kalcio citratas 600 mg 240 g - Puhdas+<\/title>\n<meta name=\"description\" content=\"Kalcio citrato milteliai 600 mg (240 g) \u2013 padeda palaikyti normali\u0105 kaul\u0173, dant\u0173, raumen\u0173 ir nerv\u0173 sistemos funkcij\u0105 bei sveik\u0105 med\u017eiag\u0173 apykait\u0105.\" \/>\n<meta name=\"robots\" content=\"noindex, follow, max-snippet:-1, max-image-preview:large, max-video-preview:-1\" \/>\n<meta property=\"og:locale\" content=\"lt_LT\" \/>\n<meta property=\"og:type\" content=\"article\" \/>\n<meta property=\"og:title\" content=\"Kalcio citratas 600 mg 240 g - Puhdas+\" \/>\n<meta property=\"og:description\" content=\"Kalcio citrato milteliai 600 mg (240 g) \u2013 padeda palaikyti normali\u0105 kaul\u0173, dant\u0173, raumen\u0173 ir nerv\u0173 sistemos funkcij\u0105 bei sveik\u0105 med\u017eiag\u0173 apykait\u0105.\" \/>\n<meta property=\"og:url\" content=\"https:\/\/test.puhdasplus.ee\/lt\/tooted\/specialus-pasiulymai\/kalcio-citratas-600-mg-240-g\/\" \/>\n<meta property=\"og:site_name\" content=\"Puhdas+\" \/>\n<meta property=\"article:publisher\" content=\"https:\/\/www.facebook.com\/puhdasplus\" \/>\n<meta property=\"article:modified_time\" content=\"2026-03-10T12:39:13+00:00\" \/>\n<meta property=\"og:image\" content=\"https:\/\/test.puhdasplus.ee\/wp-content\/uploads\/2019\/12\/6-scaled.jpg\" \/>\n\t<meta property=\"og:image:width\" content=\"1862\" \/>\n\t<meta property=\"og:image:height\" content=\"2560\" \/>\n\t<meta property=\"og:image:type\" content=\"image\/jpeg\" \/>\n<meta name=\"twitter:card\" content=\"summary_large_image\" \/>\n<meta name=\"twitter:label1\" content=\"Est. reading time\" \/>\n\t<meta name=\"twitter:data1\" content=\"1 minut\u0117\" \/>\n<script type=\"application\/ld+json\" class=\"yoast-schema-graph\">{\"@context\":\"https:\/\/schema.org\",\"@graph\":[{\"@type\":\"WebPage\",\"@id\":\"https:\/\/test.puhdasplus.ee\/lt\/tooted\/specialus-pasiulymai\/kalcio-citratas-600-mg-240-g\/\",\"url\":\"https:\/\/test.puhdasplus.ee\/lt\/tooted\/specialus-pasiulymai\/kalcio-citratas-600-mg-240-g\/\",\"name\":\"Kalcio citratas 600 mg 240 g - Puhdas+\",\"isPartOf\":{\"@id\":\"https:\/\/test.puhdasplus.ee\/lt\/#website\"},\"primaryImageOfPage\":{\"@id\":\"https:\/\/test.puhdasplus.ee\/lt\/tooted\/specialus-pasiulymai\/kalcio-citratas-600-mg-240-g\/#primaryimage\"},\"image\":{\"@id\":\"https:\/\/test.puhdasplus.ee\/lt\/tooted\/specialus-pasiulymai\/kalcio-citratas-600-mg-240-g\/#primaryimage\"},\"thumbnailUrl\":\"https:\/\/test.puhdasplus.ee\/wp-content\/uploads\/2019\/12\/6-scaled.jpg\",\"datePublished\":\"2019-12-06T18:56:27+00:00\",\"dateModified\":\"2026-03-10T12:39:13+00:00\",\"description\":\"Kalcio citrato milteliai 600 mg (240 g) \u2013 padeda palaikyti normali\u0105 kaul\u0173, dant\u0173, raumen\u0173 ir nerv\u0173 sistemos funkcij\u0105 bei sveik\u0105 med\u017eiag\u0173 apykait\u0105.\",\"breadcrumb\":{\"@id\":\"https:\/\/test.puhdasplus.ee\/lt\/tooted\/specialus-pasiulymai\/kalcio-citratas-600-mg-240-g\/#breadcrumb\"},\"inLanguage\":\"lt-LT\",\"potentialAction\":[{\"@type\":\"ReadAction\",\"target\":[\"https:\/\/test.puhdasplus.ee\/lt\/tooted\/specialus-pasiulymai\/kalcio-citratas-600-mg-240-g\/\"]}]},{\"@type\":\"ImageObject\",\"inLanguage\":\"lt-LT\",\"@id\":\"https:\/\/test.puhdasplus.ee\/lt\/tooted\/specialus-pasiulymai\/kalcio-citratas-600-mg-240-g\/#primaryimage\",\"url\":\"https:\/\/test.puhdasplus.ee\/wp-content\/uploads\/2019\/12\/6-scaled.jpg\",\"contentUrl\":\"https:\/\/test.puhdasplus.ee\/wp-content\/uploads\/2019\/12\/6-scaled.jpg\",\"width\":1862,\"height\":2560,\"caption\":\"Kalcio citratas 600 mg 240 g\"},{\"@type\":\"BreadcrumbList\",\"@id\":\"https:\/\/test.puhdasplus.ee\/lt\/tooted\/specialus-pasiulymai\/kalcio-citratas-600-mg-240-g\/#breadcrumb\",\"itemListElement\":[{\"@type\":\"ListItem\",\"position\":1,\"name\":\"Prad\u017eia\",\"item\":\"https:\/\/test.puhdasplus.ee\/lt\/\"},{\"@type\":\"ListItem\",\"position\":2,\"name\":\"Produktai\",\"item\":\"https:\/\/test.puhdasplus.ee\/lt\/parduotuve\/\"},{\"@type\":\"ListItem\",\"position\":3,\"name\":\"Kalcio citratas 600 mg 240 g\"}]},{\"@type\":\"WebSite\",\"@id\":\"https:\/\/test.puhdasplus.ee\/lt\/#website\",\"url\":\"https:\/\/test.puhdasplus.ee\/lt\/\",\"name\":\"Puhdas+\",\"description\":\"Vitamiinid, Toidulisandid, looduskosmeetika, tervis, sport\",\"publisher\":{\"@id\":\"https:\/\/test.puhdasplus.ee\/lt\/#organization\"},\"potentialAction\":[{\"@type\":\"SearchAction\",\"target\":{\"@type\":\"EntryPoint\",\"urlTemplate\":\"https:\/\/test.puhdasplus.ee\/lt\/?s={search_term_string}\"},\"query-input\":{\"@type\":\"PropertyValueSpecification\",\"valueRequired\":true,\"valueName\":\"search_term_string\"}}],\"inLanguage\":\"lt-LT\"},{\"@type\":\"Organization\",\"@id\":\"https:\/\/test.puhdasplus.ee\/lt\/#organization\",\"name\":\"Puhdas+\",\"alternateName\":\"Puhdasplus\",\"url\":\"https:\/\/test.puhdasplus.ee\/lt\/\",\"logo\":{\"@type\":\"ImageObject\",\"inLanguage\":\"lt-LT\",\"@id\":\"https:\/\/test.puhdasplus.ee\/lt\/#\/schema\/logo\/image\/\",\"url\":\"https:\/\/test.puhdasplus.ee\/\/wp-content\/uploads\/2019\/10\/puhdas_logo-arvele.png\",\"contentUrl\":\"https:\/\/test.puhdasplus.ee\/\/wp-content\/uploads\/2019\/10\/puhdas_logo-arvele.png\",\"width\":114,\"height\":94,\"caption\":\"Puhdas+\"},\"image\":{\"@id\":\"https:\/\/test.puhdasplus.ee\/lt\/#\/schema\/logo\/image\/\"},\"sameAs\":[\"https:\/\/www.facebook.com\/puhdasplus\",\"https:\/\/www.instagram.com\/puhdasplus_ee\/\"]}]}<\/script>\n<!-- \/ Yoast SEO plugin. -->","yoast_head_json":{"title":"Kalcio citratas 600 mg 240 g - Puhdas+","description":"Kalcio citrato milteliai 600 mg (240 g) \u2013 padeda palaikyti normali\u0105 kaul\u0173, dant\u0173, raumen\u0173 ir nerv\u0173 sistemos funkcij\u0105 bei sveik\u0105 med\u017eiag\u0173 apykait\u0105.","robots":{"index":"noindex","follow":"follow","max-snippet":"max-snippet:-1","max-image-preview":"max-image-preview:large","max-video-preview":"max-video-preview:-1"},"og_locale":"lt_LT","og_type":"article","og_title":"Kalcio citratas 600 mg 240 g - Puhdas+","og_description":"Kalcio citrato milteliai 600 mg (240 g) \u2013 padeda palaikyti normali\u0105 kaul\u0173, dant\u0173, raumen\u0173 ir nerv\u0173 sistemos funkcij\u0105 bei sveik\u0105 med\u017eiag\u0173 apykait\u0105.","og_url":"https:\/\/test.puhdasplus.ee\/lt\/tooted\/specialus-pasiulymai\/kalcio-citratas-600-mg-240-g\/","og_site_name":"Puhdas+","article_publisher":"https:\/\/www.facebook.com\/puhdasplus","article_modified_time":"2026-03-10T12:39:13+00:00","og_image":[{"width":1862,"height":2560,"url":"https:\/\/test.puhdasplus.ee\/wp-content\/uploads\/2019\/12\/6-scaled.jpg","type":"image\/jpeg"}],"twitter_card":"summary_large_image","twitter_misc":{"Est. reading time":"1 minut\u0117"},"schema":{"@context":"https:\/\/schema.org","@graph":[{"@type":"WebPage","@id":"https:\/\/test.puhdasplus.ee\/lt\/tooted\/specialus-pasiulymai\/kalcio-citratas-600-mg-240-g\/","url":"https:\/\/test.puhdasplus.ee\/lt\/tooted\/specialus-pasiulymai\/kalcio-citratas-600-mg-240-g\/","name":"Kalcio citratas 600 mg 240 g - Puhdas+","isPartOf":{"@id":"https:\/\/test.puhdasplus.ee\/lt\/#website"},"primaryImageOfPage":{"@id":"https:\/\/test.puhdasplus.ee\/lt\/tooted\/specialus-pasiulymai\/kalcio-citratas-600-mg-240-g\/#primaryimage"},"image":{"@id":"https:\/\/test.puhdasplus.ee\/lt\/tooted\/specialus-pasiulymai\/kalcio-citratas-600-mg-240-g\/#primaryimage"},"thumbnailUrl":"https:\/\/test.puhdasplus.ee\/wp-content\/uploads\/2019\/12\/6-scaled.jpg","datePublished":"2019-12-06T18:56:27+00:00","dateModified":"2026-03-10T12:39:13+00:00","description":"Kalcio citrato milteliai 600 mg (240 g) \u2013 padeda palaikyti normali\u0105 kaul\u0173, dant\u0173, raumen\u0173 ir nerv\u0173 sistemos funkcij\u0105 bei sveik\u0105 med\u017eiag\u0173 apykait\u0105.","breadcrumb":{"@id":"https:\/\/test.puhdasplus.ee\/lt\/tooted\/specialus-pasiulymai\/kalcio-citratas-600-mg-240-g\/#breadcrumb"},"inLanguage":"lt-LT","potentialAction":[{"@type":"ReadAction","target":["https:\/\/test.puhdasplus.ee\/lt\/tooted\/specialus-pasiulymai\/kalcio-citratas-600-mg-240-g\/"]}]},{"@type":"ImageObject","inLanguage":"lt-LT","@id":"https:\/\/test.puhdasplus.ee\/lt\/tooted\/specialus-pasiulymai\/kalcio-citratas-600-mg-240-g\/#primaryimage","url":"https:\/\/test.puhdasplus.ee\/wp-content\/uploads\/2019\/12\/6-scaled.jpg","contentUrl":"https:\/\/test.puhdasplus.ee\/wp-content\/uploads\/2019\/12\/6-scaled.jpg","width":1862,"height":2560,"caption":"Kalcio citratas 600 mg 240 g"},{"@type":"BreadcrumbList","@id":"https:\/\/test.puhdasplus.ee\/lt\/tooted\/specialus-pasiulymai\/kalcio-citratas-600-mg-240-g\/#breadcrumb","itemListElement":[{"@type":"ListItem","position":1,"name":"Prad\u017eia","item":"https:\/\/test.puhdasplus.ee\/lt\/"},{"@type":"ListItem","position":2,"name":"Produktai","item":"https:\/\/test.puhdasplus.ee\/lt\/parduotuve\/"},{"@type":"ListItem","position":3,"name":"Kalcio citratas 600 mg 240 g"}]},{"@type":"WebSite","@id":"https:\/\/test.puhdasplus.ee\/lt\/#website","url":"https:\/\/test.puhdasplus.ee\/lt\/","name":"Puhdas+","description":"Vitamiinid, Toidulisandid, looduskosmeetika, tervis, sport","publisher":{"@id":"https:\/\/test.puhdasplus.ee\/lt\/#organization"},"potentialAction":[{"@type":"SearchAction","target":{"@type":"EntryPoint","urlTemplate":"https:\/\/test.puhdasplus.ee\/lt\/?s={search_term_string}"},"query-input":{"@type":"PropertyValueSpecification","valueRequired":true,"valueName":"search_term_string"}}],"inLanguage":"lt-LT"},{"@type":"Organization","@id":"https:\/\/test.puhdasplus.ee\/lt\/#organization","name":"Puhdas+","alternateName":"Puhdasplus","url":"https:\/\/test.puhdasplus.ee\/lt\/","logo":{"@type":"ImageObject","inLanguage":"lt-LT","@id":"https:\/\/test.puhdasplus.ee\/lt\/#\/schema\/logo\/image\/","url":"https:\/\/test.puhdasplus.ee\/\/wp-content\/uploads\/2019\/10\/puhdas_logo-arvele.png","contentUrl":"https:\/\/test.puhdasplus.ee\/\/wp-content\/uploads\/2019\/10\/puhdas_logo-arvele.png","width":114,"height":94,"caption":"Puhdas+"},"image":{"@id":"https:\/\/test.puhdasplus.ee\/lt\/#\/schema\/logo\/image\/"},"sameAs":["https:\/\/www.facebook.com\/puhdasplus","https:\/\/www.instagram.com\/puhdasplus_ee\/"]}]}},"_links":{"self":[{"href":"https:\/\/test.puhdasplus.ee\/lt\/wp-json\/wp\/v2\/product\/353376","targetHints":{"allow":["GET"]}}],"collection":[{"href":"https:\/\/test.puhdasplus.ee\/lt\/wp-json\/wp\/v2\/product"}],"about":[{"href":"https:\/\/test.puhdasplus.ee\/lt\/wp-json\/wp\/v2\/types\/product"}],"replies":[{"embeddable":true,"href":"https:\/\/test.puhdasplus.ee\/lt\/wp-json\/wp\/v2\/comments?post=353376"}],"wp:featuredmedia":[{"embeddable":true,"href":"https:\/\/test.puhdasplus.ee\/lt\/wp-json\/wp\/v2\/media\/354677"}],"wp:attachment":[{"href":"https:\/\/test.puhdasplus.ee\/lt\/wp-json\/wp\/v2\/media?parent=353376"}],"wp:term":[{"taxonomy":"product_brand","embeddable":true,"href":"https:\/\/test.puhdasplus.ee\/lt\/wp-json\/wp\/v2\/product_brand?post=353376"},{"taxonomy":"product_cat","embeddable":true,"href":"https:\/\/test.puhdasplus.ee\/lt\/wp-json\/wp\/v2\/product_cat?post=353376"},{"taxonomy":"product_tag","embeddable":true,"href":"https:\/\/test.puhdasplus.ee\/lt\/wp-json\/wp\/v2\/product_tag?post=353376"}],"curies":[{"name":"wp","href":"https:\/\/api.w.org\/{rel}","templated":true}]}}