{"id":353369,"date":"2019-12-06T21:10:18","date_gmt":"2019-12-06T19:10:18","guid":{"rendered":"https:\/\/test.puhdasplus.ee\/\/tooted\/be-kategorijos\/matcha-arbata-45-g\/"},"modified":"2026-03-10T14:39:22","modified_gmt":"2026-03-10T12:39:22","slug":"matcha-arbata-45-g","status":"publish","type":"product","link":"https:\/\/test.puhdasplus.ee\/lt\/tooted\/virskinimas-ir-medziagu-apykaita\/detoksikacija-lt\/matcha-arbata-45-g\/","title":{"rendered":"Matcha arbata 45 g"},"content":{"rendered":"<h2>Kas yra \u201ePure+ Matcha\u201c arbata?<\/h2>\n<p data-start=\"259\" data-end=\"548\">\u201ePure+ Matcha\u201c arbata yra 100 % gryni ir nereceptiniai \u017ealiosios arbatos milteliai, pagaminti i\u0161 pav\u0117syje augan\u010dio arbatkr\u016bmio (Camellia sinensis) lap\u0173. Kruop\u0161\u010diai sumalti \u012f smulkius miltelius, kuriuose yra viso arbatmed\u017eio lapo maistin\u0117s med\u017eiagos ir tai puikus nat\u016bralaus kofeino bei antioksidant\u0173 \u0161altinis. <\/p>\n<p data-start=\"550\" data-end=\"827\">Matcha milteliai skatina susikaupim\u0105, gaivina prot\u0105 ir suteikia nat\u016bralios energijos. D\u0117l L-teanino kofeinas veikia skland\u017eiau ir tolygiau nei kavoje, pad\u0117damas i\u0161laikyti prot\u0105 skaidr\u0173 ir k\u016bn\u0105 budr\u0173. Matcha puikiai tinka kaip rytinis g\u0117rimas arba dienos metu, kai reikia protini\u0173 pastang\u0173.  <\/p>\n<h2 class=\"\" data-start=\"196\" data-end=\"234\">Kod\u0117l \u201ePure+ Matcha\u201c arbata yra naudinga?<\/h2>\n<h3 class=\"\" data-start=\"236\" data-end=\"285\">1. Nat\u016bralus ir subalansuotas energijos \u0161altinis<\/h3>\n<p class=\"\" data-start=\"286\" data-end=\"711\">Matcha sud\u0117tyje yra nat\u016bralaus kofeino, kuris kartu su L-teaninu pasi\u017eymi stabiliu ir raminan\u010diu poveikiu, palaikydamas susikaupim\u0105 be staigi\u0173 energijos kritim\u0173.<\/p>\n<h3 class=\"\" data-start=\"718\" data-end=\"775\">2. Palaiko susikaupim\u0105 ir psichin\u0119 pusiausvyr\u0105<\/h3>\n<p class=\"\" data-start=\"776\" data-end=\"1077\">Matcha arbatoje esantis L-teaninas padeda atsipalaiduoti ir palaikyti susikaupusi\u0105 bei rami\u0105 nuotaik\u0105.<\/p>\n<h3 class=\"\" data-start=\"1084\" data-end=\"1130\">3. Labai stiprus antioksidant\u0173 \u0161altinis<\/h3>\n<p class=\"\" data-start=\"1131\" data-end=\"1465\">Matcha uogose gausu katechin\u0173, ypa\u010d EGCG (epigalokatechino-3-galato), kurie padeda l\u0105stel\u0117ms kovoti su oksidaciniu stresu ir stiprina nat\u016brali\u0105 organizmo apsaug\u0105.<br data-start=\"1432\" data-end=\"1435\"> <em data-start=\"1435\" data-end=\"1510\">(1 g matcha milteli\u0173 yra ma\u017edaug 30\u201366 mg nat\u016bralios EGCG formos)<\/em> .<\/p>\n<h3 class=\"\" data-start=\"1472\" data-end=\"1518\">4. Visas lapas \u2013 daugiau maistini\u0173 med\u017eiag\u0173<\/h3>\n<p class=\"\" data-start=\"1519\" data-end=\"1829\">Matcha arbata vartojama milteli\u0173 pavidalu, nes joje yra iki 10 kart\u0173 daugiau nauding\u0173 viso arbatlapio jungini\u0173 \u2013 antioksidant\u0173, vitamin\u0173 ir mineral\u0173 \u2013 nei \u012fprastoje \u017ealiojoje arbatoje.<\/p>\n<h3 class=\"\" data-start=\"1836\" data-end=\"1890\">5. Tinka aktyviam gyvenimo b\u016bdui ir susikaupimui<\/h3>\n<p class=\"\" data-start=\"1891\" data-end=\"2158\">Matcha arbata yra nat\u016brali med\u017eiag\u0173 apykaitos ir budrumo palaikymo priemon\u0117, ypa\u010d mokymosi, darbo ar fizinio aktyvumo metu.<\/p>\n<h3 class=\"\" data-start=\"2165\" data-end=\"2203\">6. Nat\u016brali ir gryna sud\u0117tis<\/h3>\n<p class=\"\" data-start=\"2204\" data-end=\"2449\">\u201ePure+ Matcha\u201c arbata sudaryta i\u0161 100 % gryn\u0173, nereceptini\u0173 matcha milteli\u0173. Produktas n\u0117ra praturtintas konservantais, kvapiosiomis med\u017eiagomis ar kitais perdirbtais priedais. Tod\u0117l tai idealus pasirinkimas tiems, kurie renkasi nat\u016bral\u0173 ir auk\u0161tos kokyb\u0117s produkt\u0105.  <\/p>\n<h2 data-start=\"483\" data-end=\"502\">Ingredientai<\/h2>\n<ul data-start=\"504\" data-end=\"584\">\n<li class=\"\" data-start=\"504\" data-end=\"584\">\n<p class=\"\" data-start=\"506\" data-end=\"584\"><span class=\"relative -mx-px my-[-0.2rem] rounded px-px py-[0.2rem] transition-colors duration-100 ease-in-out\">100 % matcha arbata (Camellia sinensis)<\/span><\/p>\n<\/li>\n<li data-start=\"504\" data-end=\"584\">1 g matcha milteli\u0173 yra vidutini\u0161kai 30\u201366 mg nat\u016bralios formos epigalokatechino-3-galato (EGCG).<\/li>\n<\/ul>\n<p class=\"\" data-start=\"586\" data-end=\"664\"><span class=\"relative -mx-px my-[-0.2rem] rounded px-px py-[0.2rem] transition-colors duration-100 ease-in-out\">Produkte n\u0117ra dirbtini\u0173 pried\u0173, konservant\u0173 ar u\u017epild\u0173.<\/span><\/p>\n<h2 data-start=\"671\" data-end=\"696\">Naudojimo rekomendacijos<\/h2>\n<p class=\"\" data-start=\"698\" data-end=\"856\"><span class=\"relative -mx-px my-[-0.2rem] rounded px-px py-[0.2rem] transition-colors duration-100 ease-in-out\">Sumai\u0161ykite apie 1\/2 arbatinio \u0161auk\u0161telio (2\u20133 g) matcha milteli\u0173 su 80 \u00b0C kar\u0161to vandens (apie 200 ml), kol gausite vientis\u0105 ir be gumul\u0117li\u0173 g\u0117rim\u0105.<\/span>  <span class=\"relative -mx-px my-[-0.2rem] rounded px-px py-[0.2rem] transition-colors duration-100 ease-in-out\">Geriausia tekst\u016bra pasiekiama naudojant tradicin\u0119 bambukin\u0119 \u0161luotel\u0119.<\/span> <span class=\"relative -mx-px my-[-0.2rem] rounded px-px py-[0.2rem] transition-colors duration-100 ease-in-out\">Matcha milteli\u0173 taip pat galima d\u0117ti \u012f kokteilius, kepinius arba naudoti gaminant latte.<\/span><\/p>\n<ul data-start=\"468\" data-end=\"661\">\n<li data-start=\"468\" data-end=\"538\">\n<p data-start=\"470\" data-end=\"538\">Prad\u0117kite <strong data-start=\"477\" data-end=\"497\">nuo 1 puodelio per dien\u0105<\/strong> , ypa\u010d jei esate jautrus kofeinui.<\/p>\n<\/li>\n<li data-start=\"539\" data-end=\"597\">\n<p data-start=\"541\" data-end=\"597\">Gerkite <strong data-start=\"547\" data-end=\"570\">ryte arba dienos metu,<\/strong> kad kofeinas netrukdyt\u0173 miegui.<\/p>\n<\/li>\n<li data-start=\"598\" data-end=\"661\">\n<p data-start=\"600\" data-end=\"661\">Matcha taip pat puikiai tinka <strong data-start=\"622\" data-end=\"637\">prie\u0161 treniruot\u0119<\/strong> arba <strong data-start=\"642\" data-end=\"660\">susikaupimui<\/strong> .<\/p>\n<\/li>\n<li data-start=\"598\" data-end=\"661\">Nerekomenduojama gerti daugiau nei dviej\u0173 puodeli\u0173 per dien\u0105.<\/li>\n<\/ul>\n<h2 data-start=\"863\" data-end=\"882\">Sand\u0117liavimas<\/h2>\n<p class=\"\" data-start=\"884\" data-end=\"1002\"><span class=\"relative -mx-px my-[-0.2rem] rounded px-px py-[0.2rem] transition-colors duration-100 ease-in-out\">Laikyti sausoje ir v\u0117sioje vietoje, toliau nuo tiesiogini\u0173 saul\u0117s spinduli\u0173.<\/span> <span class=\"relative -mx-px my-[-0.2rem] rounded px-px py-[0.2rem] transition-colors duration-100 ease-in-out\">Atidarius sandariai u\u017edarykite ir suvartokite per 6 m\u0117nesius.<\/span><\/p>\n<h2 data-start=\"1009\" data-end=\"1031\">Pakuot\u0117s dydis<\/h2>\n<p class=\"\" data-start=\"1033\" data-end=\"1076\">45 g<\/p>\n","protected":false},"excerpt":{"rendered":"<p data-start=\"422\" data-end=\"853\"><strong data-start=\"422\" data-end=\"444\">\u201ePure+ Matcha\u201c arbata<\/strong> yra 100 % gryni ir nereceptiniai \u017ealiosios arbatos milteliai, pagaminti i\u0161 kruop\u0161\u010diai u\u017eaugint\u0173 jaun\u0173 pav\u0117syje augan\u010dios Camellia sinensis lapeli\u0173, kurie sumalami \u012f smulkius, ry\u0161kiai \u017ealius miltelius. Skirtingai nuo \u012fprastos \u017ealiosios arbatos, matcha vartojama kaip visas lapas, tod\u0117l gaunama \u017eymiai daugiau nauding\u0173 jungini\u0173, \u012fskaitant nat\u016bralius antioksidantus, aminor\u016bg\u0161tis, vitaminus ir mineralus. <\/p>\n<p data-start=\"855\" data-end=\"1194\">Matcha arbata vertinama d\u0117l nat\u016bralaus kofeino ir L-teanino kiekio. \u0160is unikalus derinys padeda i\u0161laikyti susikaupim\u0105 ir palaikyti protin\u012f budrum\u0105, u\u017etikrinant stabil\u0173 energijos lyg\u012f be nervingumo ar staigaus i\u0161sekimo, kur\u012f paprastai sukelia kava. D\u0117l to matcha arbata yra puikus rytin\u0117s kavos pakaitalas arba pagalbininkas streso metu.  <\/p>\n<p data-start=\"1196\" data-end=\"1475\">D\u0117l didelio katechin\u0173 ir EGCG (epigalokatechino galato) kiekio matcha yra stiprus antioksidant\u0173 \u0161altinis, padedantis apsaugoti l\u0105steles nuo oksidacinio streso ir palaikyti nat\u016brali\u0105 organizmo apsaug\u0105.<\/p>\n<p data-start=\"1477\" data-end=\"1712\">Reguliarus matcha vartojimas taip pat gali b\u016bti aktyvaus gyvenimo b\u016bdo ir s\u0105moningos mitybos dalis, nes \u017ealioji arbata palaiko riebal\u0173 apykait\u0105 ir padeda palaikyti normal\u0173 svor\u012f, kai derinama su subalansuota mityba ir mank\u0161ta.<\/p>\n<p data-start=\"1714\" data-end=\"2035\"><strong data-start=\"1714\" data-end=\"1736\">\u201ePure+ Matcha\u201c arbata<\/strong> yra nealergizuota, tyra ir nat\u016brali. Ji tinka tiek tradicinei arbatai ruo\u0161ti, tiek kokteiliams, matcha latte, kepiniams ar kaip s\u0105moningas kasdienyb\u0117s papildymas. Idealus pasirinkimas tiems, kurie vertina kokyb\u0119 ir nori palaikyti savo savijaut\u0105 nat\u016braliu b\u016bdu \u2013 i\u0161 vidaus.  <\/p>\n","protected":false},"featured_media":353374,"comment_status":"closed","ping_status":"closed","template":"","meta":{"_acf_changed":false},"product_brand":[],"product_cat":[5986,3049],"product_tag":[6509,3025,3023,6510,6507,6508,3026,2967],"class_list":{"0":"post-353369","1":"product","2":"type-product","3":"status-publish","4":"has-post-thumbnail","6":"product_cat-detoksikacija-lt","7":"product_cat-specialus-pasiulymai","8":"product_tag-antioksidantai","9":"product_tag-energija","10":"product_tag-imunitetas","11":"product_tag-koncentracija-lt","12":"product_tag-l-teaninas","13":"product_tag-matcha-arbata","14":"product_tag-supermaistas","15":"product_tag-veganas","17":"first","18":"instock","19":"sale","20":"taxable","21":"shipping-taxable","22":"purchasable","23":"product-type-simple"},"acf":[],"yoast_head":"<!-- This site is optimized with the Yoast SEO plugin v27.1.1 - https:\/\/yoast.com\/product\/yoast-seo-wordpress\/ -->\n<title>Matcha arbata 45 g - Puhdas+<\/title>\n<meta name=\"description\" content=\"\u201ePure+ Matcha\u201c arbata 45 g \u2013 gryni ir nereceptiniai \u017ealiosios arbatos milteliai. Nat\u016brali energija, susikaupimas ir stiprus antioksidant\u0173 \u0161altinis.\" \/>\n<meta name=\"robots\" content=\"noindex, follow, max-snippet:-1, max-image-preview:large, max-video-preview:-1\" \/>\n<meta property=\"og:locale\" content=\"lt_LT\" \/>\n<meta property=\"og:type\" content=\"article\" \/>\n<meta property=\"og:title\" content=\"Matcha arbata 45 g - Puhdas+\" \/>\n<meta property=\"og:description\" content=\"\u201ePure+ Matcha\u201c arbata 45 g \u2013 gryni ir nereceptiniai \u017ealiosios arbatos milteliai. Nat\u016brali energija, susikaupimas ir stiprus antioksidant\u0173 \u0161altinis.\" \/>\n<meta property=\"og:url\" content=\"https:\/\/test.puhdasplus.ee\/lt\/tooted\/virskinimas-ir-medziagu-apykaita\/detoksikacija-lt\/matcha-arbata-45-g\/\" \/>\n<meta property=\"og:site_name\" content=\"Puhdas+\" \/>\n<meta property=\"article:publisher\" content=\"https:\/\/www.facebook.com\/puhdasplus\" \/>\n<meta property=\"article:modified_time\" content=\"2026-03-10T12:39:22+00:00\" \/>\n<meta property=\"og:image\" content=\"https:\/\/test.puhdasplus.ee\/wp-content\/uploads\/2025\/03\/52.jpg\" \/>\n\t<meta property=\"og:image:width\" content=\"1862\" \/>\n\t<meta property=\"og:image:height\" content=\"2560\" \/>\n\t<meta property=\"og:image:type\" content=\"image\/jpeg\" \/>\n<meta name=\"twitter:card\" content=\"summary_large_image\" \/>\n<meta name=\"twitter:label1\" content=\"Est. reading time\" \/>\n\t<meta name=\"twitter:data1\" content=\"2 minut\u0117\" \/>\n<script type=\"application\/ld+json\" class=\"yoast-schema-graph\">{\"@context\":\"https:\/\/schema.org\",\"@graph\":[{\"@type\":\"WebPage\",\"@id\":\"https:\/\/test.puhdasplus.ee\/lt\/tooted\/virskinimas-ir-medziagu-apykaita\/detoksikacija-lt\/matcha-arbata-45-g\/\",\"url\":\"https:\/\/test.puhdasplus.ee\/lt\/tooted\/virskinimas-ir-medziagu-apykaita\/detoksikacija-lt\/matcha-arbata-45-g\/\",\"name\":\"Matcha arbata 45 g - Puhdas+\",\"isPartOf\":{\"@id\":\"https:\/\/test.puhdasplus.ee\/lt\/#website\"},\"primaryImageOfPage\":{\"@id\":\"https:\/\/test.puhdasplus.ee\/lt\/tooted\/virskinimas-ir-medziagu-apykaita\/detoksikacija-lt\/matcha-arbata-45-g\/#primaryimage\"},\"image\":{\"@id\":\"https:\/\/test.puhdasplus.ee\/lt\/tooted\/virskinimas-ir-medziagu-apykaita\/detoksikacija-lt\/matcha-arbata-45-g\/#primaryimage\"},\"thumbnailUrl\":\"https:\/\/test.puhdasplus.ee\/wp-content\/uploads\/2025\/03\/52.jpg\",\"datePublished\":\"2019-12-06T19:10:18+00:00\",\"dateModified\":\"2026-03-10T12:39:22+00:00\",\"description\":\"\u201ePure+ Matcha\u201c arbata 45 g \u2013 gryni ir nereceptiniai \u017ealiosios arbatos milteliai. Nat\u016brali energija, susikaupimas ir stiprus antioksidant\u0173 \u0161altinis.\",\"breadcrumb\":{\"@id\":\"https:\/\/test.puhdasplus.ee\/lt\/tooted\/virskinimas-ir-medziagu-apykaita\/detoksikacija-lt\/matcha-arbata-45-g\/#breadcrumb\"},\"inLanguage\":\"lt-LT\",\"potentialAction\":[{\"@type\":\"ReadAction\",\"target\":[\"https:\/\/test.puhdasplus.ee\/lt\/tooted\/virskinimas-ir-medziagu-apykaita\/detoksikacija-lt\/matcha-arbata-45-g\/\"]}]},{\"@type\":\"ImageObject\",\"inLanguage\":\"lt-LT\",\"@id\":\"https:\/\/test.puhdasplus.ee\/lt\/tooted\/virskinimas-ir-medziagu-apykaita\/detoksikacija-lt\/matcha-arbata-45-g\/#primaryimage\",\"url\":\"https:\/\/test.puhdasplus.ee\/wp-content\/uploads\/2025\/03\/52.jpg\",\"contentUrl\":\"https:\/\/test.puhdasplus.ee\/wp-content\/uploads\/2025\/03\/52.jpg\",\"width\":1862,\"height\":2560,\"caption\":\"Matcha arbata 45 g\"},{\"@type\":\"BreadcrumbList\",\"@id\":\"https:\/\/test.puhdasplus.ee\/lt\/tooted\/virskinimas-ir-medziagu-apykaita\/detoksikacija-lt\/matcha-arbata-45-g\/#breadcrumb\",\"itemListElement\":[{\"@type\":\"ListItem\",\"position\":1,\"name\":\"Prad\u017eia\",\"item\":\"https:\/\/test.puhdasplus.ee\/lt\/\"},{\"@type\":\"ListItem\",\"position\":2,\"name\":\"Produktai\",\"item\":\"https:\/\/test.puhdasplus.ee\/lt\/parduotuve\/\"},{\"@type\":\"ListItem\",\"position\":3,\"name\":\"Matcha arbata 45 g\"}]},{\"@type\":\"WebSite\",\"@id\":\"https:\/\/test.puhdasplus.ee\/lt\/#website\",\"url\":\"https:\/\/test.puhdasplus.ee\/lt\/\",\"name\":\"Puhdas+\",\"description\":\"Vitamiinid, Toidulisandid, looduskosmeetika, tervis, sport\",\"publisher\":{\"@id\":\"https:\/\/test.puhdasplus.ee\/lt\/#organization\"},\"potentialAction\":[{\"@type\":\"SearchAction\",\"target\":{\"@type\":\"EntryPoint\",\"urlTemplate\":\"https:\/\/test.puhdasplus.ee\/lt\/?s={search_term_string}\"},\"query-input\":{\"@type\":\"PropertyValueSpecification\",\"valueRequired\":true,\"valueName\":\"search_term_string\"}}],\"inLanguage\":\"lt-LT\"},{\"@type\":\"Organization\",\"@id\":\"https:\/\/test.puhdasplus.ee\/lt\/#organization\",\"name\":\"Puhdas+\",\"alternateName\":\"Puhdasplus\",\"url\":\"https:\/\/test.puhdasplus.ee\/lt\/\",\"logo\":{\"@type\":\"ImageObject\",\"inLanguage\":\"lt-LT\",\"@id\":\"https:\/\/test.puhdasplus.ee\/lt\/#\/schema\/logo\/image\/\",\"url\":\"https:\/\/test.puhdasplus.ee\/\/wp-content\/uploads\/2019\/10\/puhdas_logo-arvele.png\",\"contentUrl\":\"https:\/\/test.puhdasplus.ee\/\/wp-content\/uploads\/2019\/10\/puhdas_logo-arvele.png\",\"width\":114,\"height\":94,\"caption\":\"Puhdas+\"},\"image\":{\"@id\":\"https:\/\/test.puhdasplus.ee\/lt\/#\/schema\/logo\/image\/\"},\"sameAs\":[\"https:\/\/www.facebook.com\/puhdasplus\",\"https:\/\/www.instagram.com\/puhdasplus_ee\/\"]}]}<\/script>\n<!-- \/ Yoast SEO plugin. -->","yoast_head_json":{"title":"Matcha arbata 45 g - Puhdas+","description":"\u201ePure+ Matcha\u201c arbata 45 g \u2013 gryni ir nereceptiniai \u017ealiosios arbatos milteliai. Nat\u016brali energija, susikaupimas ir stiprus antioksidant\u0173 \u0161altinis.","robots":{"index":"noindex","follow":"follow","max-snippet":"max-snippet:-1","max-image-preview":"max-image-preview:large","max-video-preview":"max-video-preview:-1"},"og_locale":"lt_LT","og_type":"article","og_title":"Matcha arbata 45 g - Puhdas+","og_description":"\u201ePure+ Matcha\u201c arbata 45 g \u2013 gryni ir nereceptiniai \u017ealiosios arbatos milteliai. Nat\u016brali energija, susikaupimas ir stiprus antioksidant\u0173 \u0161altinis.","og_url":"https:\/\/test.puhdasplus.ee\/lt\/tooted\/virskinimas-ir-medziagu-apykaita\/detoksikacija-lt\/matcha-arbata-45-g\/","og_site_name":"Puhdas+","article_publisher":"https:\/\/www.facebook.com\/puhdasplus","article_modified_time":"2026-03-10T12:39:22+00:00","og_image":[{"width":1862,"height":2560,"url":"https:\/\/test.puhdasplus.ee\/wp-content\/uploads\/2025\/03\/52.jpg","type":"image\/jpeg"}],"twitter_card":"summary_large_image","twitter_misc":{"Est. reading time":"2 minut\u0117"},"schema":{"@context":"https:\/\/schema.org","@graph":[{"@type":"WebPage","@id":"https:\/\/test.puhdasplus.ee\/lt\/tooted\/virskinimas-ir-medziagu-apykaita\/detoksikacija-lt\/matcha-arbata-45-g\/","url":"https:\/\/test.puhdasplus.ee\/lt\/tooted\/virskinimas-ir-medziagu-apykaita\/detoksikacija-lt\/matcha-arbata-45-g\/","name":"Matcha arbata 45 g - Puhdas+","isPartOf":{"@id":"https:\/\/test.puhdasplus.ee\/lt\/#website"},"primaryImageOfPage":{"@id":"https:\/\/test.puhdasplus.ee\/lt\/tooted\/virskinimas-ir-medziagu-apykaita\/detoksikacija-lt\/matcha-arbata-45-g\/#primaryimage"},"image":{"@id":"https:\/\/test.puhdasplus.ee\/lt\/tooted\/virskinimas-ir-medziagu-apykaita\/detoksikacija-lt\/matcha-arbata-45-g\/#primaryimage"},"thumbnailUrl":"https:\/\/test.puhdasplus.ee\/wp-content\/uploads\/2025\/03\/52.jpg","datePublished":"2019-12-06T19:10:18+00:00","dateModified":"2026-03-10T12:39:22+00:00","description":"\u201ePure+ Matcha\u201c arbata 45 g \u2013 gryni ir nereceptiniai \u017ealiosios arbatos milteliai. Nat\u016brali energija, susikaupimas ir stiprus antioksidant\u0173 \u0161altinis.","breadcrumb":{"@id":"https:\/\/test.puhdasplus.ee\/lt\/tooted\/virskinimas-ir-medziagu-apykaita\/detoksikacija-lt\/matcha-arbata-45-g\/#breadcrumb"},"inLanguage":"lt-LT","potentialAction":[{"@type":"ReadAction","target":["https:\/\/test.puhdasplus.ee\/lt\/tooted\/virskinimas-ir-medziagu-apykaita\/detoksikacija-lt\/matcha-arbata-45-g\/"]}]},{"@type":"ImageObject","inLanguage":"lt-LT","@id":"https:\/\/test.puhdasplus.ee\/lt\/tooted\/virskinimas-ir-medziagu-apykaita\/detoksikacija-lt\/matcha-arbata-45-g\/#primaryimage","url":"https:\/\/test.puhdasplus.ee\/wp-content\/uploads\/2025\/03\/52.jpg","contentUrl":"https:\/\/test.puhdasplus.ee\/wp-content\/uploads\/2025\/03\/52.jpg","width":1862,"height":2560,"caption":"Matcha arbata 45 g"},{"@type":"BreadcrumbList","@id":"https:\/\/test.puhdasplus.ee\/lt\/tooted\/virskinimas-ir-medziagu-apykaita\/detoksikacija-lt\/matcha-arbata-45-g\/#breadcrumb","itemListElement":[{"@type":"ListItem","position":1,"name":"Prad\u017eia","item":"https:\/\/test.puhdasplus.ee\/lt\/"},{"@type":"ListItem","position":2,"name":"Produktai","item":"https:\/\/test.puhdasplus.ee\/lt\/parduotuve\/"},{"@type":"ListItem","position":3,"name":"Matcha arbata 45 g"}]},{"@type":"WebSite","@id":"https:\/\/test.puhdasplus.ee\/lt\/#website","url":"https:\/\/test.puhdasplus.ee\/lt\/","name":"Puhdas+","description":"Vitamiinid, Toidulisandid, looduskosmeetika, tervis, sport","publisher":{"@id":"https:\/\/test.puhdasplus.ee\/lt\/#organization"},"potentialAction":[{"@type":"SearchAction","target":{"@type":"EntryPoint","urlTemplate":"https:\/\/test.puhdasplus.ee\/lt\/?s={search_term_string}"},"query-input":{"@type":"PropertyValueSpecification","valueRequired":true,"valueName":"search_term_string"}}],"inLanguage":"lt-LT"},{"@type":"Organization","@id":"https:\/\/test.puhdasplus.ee\/lt\/#organization","name":"Puhdas+","alternateName":"Puhdasplus","url":"https:\/\/test.puhdasplus.ee\/lt\/","logo":{"@type":"ImageObject","inLanguage":"lt-LT","@id":"https:\/\/test.puhdasplus.ee\/lt\/#\/schema\/logo\/image\/","url":"https:\/\/test.puhdasplus.ee\/\/wp-content\/uploads\/2019\/10\/puhdas_logo-arvele.png","contentUrl":"https:\/\/test.puhdasplus.ee\/\/wp-content\/uploads\/2019\/10\/puhdas_logo-arvele.png","width":114,"height":94,"caption":"Puhdas+"},"image":{"@id":"https:\/\/test.puhdasplus.ee\/lt\/#\/schema\/logo\/image\/"},"sameAs":["https:\/\/www.facebook.com\/puhdasplus","https:\/\/www.instagram.com\/puhdasplus_ee\/"]}]}},"_links":{"self":[{"href":"https:\/\/test.puhdasplus.ee\/lt\/wp-json\/wp\/v2\/product\/353369","targetHints":{"allow":["GET"]}}],"collection":[{"href":"https:\/\/test.puhdasplus.ee\/lt\/wp-json\/wp\/v2\/product"}],"about":[{"href":"https:\/\/test.puhdasplus.ee\/lt\/wp-json\/wp\/v2\/types\/product"}],"replies":[{"embeddable":true,"href":"https:\/\/test.puhdasplus.ee\/lt\/wp-json\/wp\/v2\/comments?post=353369"}],"wp:featuredmedia":[{"embeddable":true,"href":"https:\/\/test.puhdasplus.ee\/lt\/wp-json\/wp\/v2\/media\/353374"}],"wp:attachment":[{"href":"https:\/\/test.puhdasplus.ee\/lt\/wp-json\/wp\/v2\/media?parent=353369"}],"wp:term":[{"taxonomy":"product_brand","embeddable":true,"href":"https:\/\/test.puhdasplus.ee\/lt\/wp-json\/wp\/v2\/product_brand?post=353369"},{"taxonomy":"product_cat","embeddable":true,"href":"https:\/\/test.puhdasplus.ee\/lt\/wp-json\/wp\/v2\/product_cat?post=353369"},{"taxonomy":"product_tag","embeddable":true,"href":"https:\/\/test.puhdasplus.ee\/lt\/wp-json\/wp\/v2\/product_tag?post=353369"}],"curies":[{"name":"wp","href":"https:\/\/api.w.org\/{rel}","templated":true}]}}