{"id":353344,"date":"2019-12-07T08:58:14","date_gmt":"2019-12-07T06:58:14","guid":{"rendered":"https:\/\/test.puhdasplus.ee\/\/tooted\/be-kategorijos\/naturalus-miego-milteliai-90-g\/"},"modified":"2026-03-10T14:39:17","modified_gmt":"2026-03-10T12:39:17","slug":"naturalus-miego-milteliai-90-g","status":"publish","type":"product","link":"https:\/\/test.puhdasplus.ee\/lt\/tooted\/stresas-ir-miegas\/naturalus-miego-milteliai-90-g\/","title":{"rendered":"Nat\u016bral\u016bs miego milteliai 90 g"},"content":{"rendered":"<h2 class=\"p1\"><b>Kas yra \u201ePure+\u201c nat\u016bral\u016bs miego milteliai?<\/b><b><\/b><\/h2>\n<p class=\"p3\">\u201ePure+ Natural Sleep Powder\u201c \u2013 tai milteli\u0173 pavidalo papildas, kurio sud\u0117tyje yra keturi nat\u016bral\u016bs ingredientai: glicinas, inozitolis, ramun\u0117l\u0117s ir melatoninas. \u0160is unikalus derinys <b>padeda i\u0161laikyti rami\u0105 prot\u0105 ir grei\u010diau u\u017emigti.<\/b> Jis puikiai tinka vartoti vakare, kai k\u016bnui reikia atsipalaidavimo ir pusiausvyros prie\u0161 ger\u0105 nakties mieg\u0105. <\/p>\n<h2 class=\"p1\"><b>Kod\u0117l verta vartoti \u201ePuhdas+\u201c nat\u016bralius miego miltelius?<\/b><b><\/b><\/h2>\n<p class=\"p3\"><strong><i>Melatoninas<\/i><\/strong> padeda sutrumpinti u\u017emigimo laik\u0105, kai vartojamas <strong>prie\u0161 pat mieg\u0105<\/strong> .<\/p>\n<p class=\"p3\"><strong><i>Glicinas<\/i><\/strong> yra aminor\u016bg\u0161tis, padedanti <strong>nuraminti nerv\u0173 sistem\u0105<\/strong> ir subalansuoti nuotaik\u0105.<\/p>\n<p class=\"p3\"><strong><i>Inozitolis<\/i><\/strong> padeda palaikyti normali\u0105 l\u0105steli\u0173 membran\u0173 veikl\u0105 ir <strong>nerv\u0173 sistemos veikl\u0105<\/strong> .<\/p>\n<p class=\"p3\"><strong><i>Ramun\u0117l\u0117s<\/i><\/strong> yra augalas, kurio nat\u016bral\u016bs junginiai skatina <strong>atsipalaidavim\u0105<\/strong> ir prisideda prie bendros <strong>ramyb\u0117s<\/strong> prie\u0161 mieg\u0105.<\/p>\n<h2 class=\"p1\"><b>Kam tai tinka?<\/b><b><\/b><\/h2>\n<ul>\n<li>\n<p class=\"p1\">Tiems, kurie nori palaikyti ram\u0173 mieg\u0105<\/p>\n<\/li>\n<li>\n<p class=\"p1\">Suaugusiesiems, gyvenantiems greit\u0105 gyvenimo temp\u0105 ir ie\u0161kantiems nat\u016bralaus atsipalaidavimo vakare<\/p>\n<\/li>\n<li>\n<p class=\"p1\">Tiems, kurie vertina be pried\u0173, grynus ingredientus<\/p>\n<\/li>\n<li>\n<p class=\"p1\">Veganams ir vartotojams, turintiems jautri\u0105 vir\u0161kinimo sistem\u0105<\/p>\n<\/li>\n<\/ul>\n<p>&nbsp;<\/p>\n<h2 class=\"p1\"><b>Naudojimas<\/b><b><\/b><\/h2>\n<p class=\"p3\"><b>Rekomenduojama paros doz\u0117:<\/b> 1 samtelis (3 ml) vakare prie\u0161 mieg\u0105. Miltelius sumai\u0161ykite su vandeniu, sultimis ar kitu tinkamu skys\u010diu. <\/p>\n<p class=\"p3\">Nevir\u0161ykite rekomenduojamos paros doz\u0117s. Maisto papildas n\u0117ra \u012fvairios ir subalansuotos mitybos ar sveiko gyvenimo b\u016bdo pakaitalas. Laikyti vaikams nepasiekiamoje vietoje.  <\/p>\n<h2 class=\"p1\"><b>Sudedamosios dalys ir maistin\u0117 vert\u0117<\/b><b><\/b><\/h2>\n<p class=\"p3\"><span class=\"s2\"><b>Sud\u0117tis:<\/b><\/span> glicinas, inozitolis, ramun\u0117li\u0173 (Matricaria recutita) ekstraktas, melatoninas<\/p>\n<p class=\"p3\">Sud\u0117tyje n\u0117ra: laktoz\u0117s, glitimo, mieli\u0173, cukraus, druskos, sojos ar saldikli\u0173. Tinka veganams.<\/p>\n<p class=\"p1\"><b>Maistin\u0117 vert\u0117 (1 matavimo \u0161auk\u0161tas = 3 ml):<\/b><b><\/b><\/p>\n<p class=\"p3\">Glicinas: 1000 mg<\/p>\n<p class=\"p3\">Inozitolis: 600 mg<\/p>\n<p class=\"p3\">Ramun\u0117l\u0117s: 350 mg<\/p>\n<p class=\"p3\">Melatoninas: 1 mg<\/p>\n<p class=\"p1\"><b>Grynasis pakuot\u0117s svoris:<\/b> <span class=\"s3\">90 g<\/span><\/p>\n","protected":false},"excerpt":{"rendered":"<p class=\"p1\"><span class=\"s1\"><b>\u201ePure+ Sleep Powder\u201c<\/b><\/span> \u2013 tai nat\u016bralus papildas, padedantis ramiai miegoti ir organizmui atsigauti nakt\u012f. \u0160iuose gard\u017eiuose milteliuose yra glicino, inozitolio, ramun\u0117li\u0173 ir melatonino \u2013 ingredient\u0173, kurie kartu sukuria nat\u016brali\u0105 param\u0105 vakaro atsipalaidavimui. Milteliai greitai \u012fsigeria ir yra patog\u016bs naudoti \u2013 tiesiog sumai\u0161ykite su stikline vandens ir m\u0117gaukit\u0117s prie\u0161 mieg\u0105.  <\/p>\n<p class=\"p1\">\u0160is produktas tinka \u017emon\u0117ms, norintiems \u0161velnaus ir \u012fpro\u010dio nesukelian\u010dio palaikymo vakaro poilsiui. Jei jau\u010diate, kad dienos tempas ir psichin\u0117 \u012ftampa apsunkina atsipalaidavim\u0105, \u201ePuhdas+ Unepulber\u201c padeda palaikyti nat\u016bral\u0173 organizmo cirkadin\u012f ritm\u0105 ir nerv\u0173 sistemos pusiausvyr\u0105. Melatoninas padeda sutrumpinti u\u017emigimo laik\u0105, o ramun\u0117l\u0117s palaiko rami\u0105 nuotaik\u0105 ir atsipalaidavim\u0105. Tai paprastas b\u016bdas susikurti rami\u0105 vakaro prad\u017ei\u0105 \u2013 kad naktis b\u016bt\u0173 tikrai atkurianti.   <\/p>\n","protected":false},"featured_media":353348,"comment_status":"closed","ping_status":"closed","template":"","meta":{"_acf_changed":false},"product_brand":[],"product_cat":[3049,3013],"product_tag":[3138,6495,6493,4703,3503,6015,6492,6497,2967],"class_list":{"0":"post-353344","1":"product","2":"type-product","3":"status-publish","4":"has-post-thumbnail","6":"product_cat-specialus-pasiulymai","7":"product_cat-stresas-ir-miegas","8":"product_tag-glicinas","9":"product_tag-greitai-uzmiegant","10":"product_tag-inozitas","11":"product_tag-melatoninas","12":"product_tag-miegas-ir-stresas","13":"product_tag-miego-kokybe","14":"product_tag-migdomoji-tablete","15":"product_tag-naturali-miego-priemone","16":"product_tag-veganas","18":"first","19":"instock","20":"sale","21":"featured","22":"taxable","23":"shipping-taxable","24":"purchasable","25":"product-type-simple"},"acf":[],"yoast_head":"<!-- This site is optimized with the Yoast SEO plugin v27.1.1 - https:\/\/yoast.com\/product\/yoast-seo-wordpress\/ -->\n<title>Nat\u016bral\u016bs miego milteliai 90 g - Puhdas+<\/title>\n<meta name=\"description\" content=\"Miego milteliai yra nat\u016bral\u016bs miego milteliai, gerinantys miego kokyb\u0119. Tinka veganams, be alergen\u0173 ar dirbtini\u0173 pried\u0173.\" \/>\n<meta name=\"robots\" content=\"noindex, follow, max-snippet:-1, max-image-preview:large, max-video-preview:-1\" \/>\n<meta property=\"og:locale\" content=\"lt_LT\" \/>\n<meta property=\"og:type\" content=\"article\" \/>\n<meta property=\"og:title\" content=\"Nat\u016bral\u016bs miego milteliai 90 g - Puhdas+\" \/>\n<meta property=\"og:description\" content=\"Miego milteliai yra nat\u016bral\u016bs miego milteliai, gerinantys miego kokyb\u0119. Tinka veganams, be alergen\u0173 ar dirbtini\u0173 pried\u0173.\" \/>\n<meta property=\"og:url\" content=\"https:\/\/test.puhdasplus.ee\/lt\/tooted\/stresas-ir-miegas\/naturalus-miego-milteliai-90-g\/\" \/>\n<meta property=\"og:site_name\" content=\"Puhdas+\" \/>\n<meta property=\"article:publisher\" content=\"https:\/\/www.facebook.com\/puhdasplus\" \/>\n<meta property=\"article:modified_time\" content=\"2026-03-10T12:39:17+00:00\" \/>\n<meta property=\"og:image\" content=\"https:\/\/test.puhdasplus.ee\/wp-content\/uploads\/2025\/03\/43.jpg\" \/>\n\t<meta property=\"og:image:width\" content=\"1862\" \/>\n\t<meta property=\"og:image:height\" content=\"2560\" \/>\n\t<meta property=\"og:image:type\" content=\"image\/jpeg\" \/>\n<meta name=\"twitter:card\" content=\"summary_large_image\" \/>\n<meta name=\"twitter:label1\" content=\"Est. reading time\" \/>\n\t<meta name=\"twitter:data1\" content=\"1 minut\u0117\" \/>\n<script type=\"application\/ld+json\" class=\"yoast-schema-graph\">{\"@context\":\"https:\/\/schema.org\",\"@graph\":[{\"@type\":\"WebPage\",\"@id\":\"https:\/\/test.puhdasplus.ee\/lt\/tooted\/stresas-ir-miegas\/naturalus-miego-milteliai-90-g\/\",\"url\":\"https:\/\/test.puhdasplus.ee\/lt\/tooted\/stresas-ir-miegas\/naturalus-miego-milteliai-90-g\/\",\"name\":\"Nat\u016bral\u016bs miego milteliai 90 g - Puhdas+\",\"isPartOf\":{\"@id\":\"https:\/\/test.puhdasplus.ee\/lt\/#website\"},\"primaryImageOfPage\":{\"@id\":\"https:\/\/test.puhdasplus.ee\/lt\/tooted\/stresas-ir-miegas\/naturalus-miego-milteliai-90-g\/#primaryimage\"},\"image\":{\"@id\":\"https:\/\/test.puhdasplus.ee\/lt\/tooted\/stresas-ir-miegas\/naturalus-miego-milteliai-90-g\/#primaryimage\"},\"thumbnailUrl\":\"https:\/\/test.puhdasplus.ee\/wp-content\/uploads\/2025\/03\/43.jpg\",\"datePublished\":\"2019-12-07T06:58:14+00:00\",\"dateModified\":\"2026-03-10T12:39:17+00:00\",\"description\":\"Miego milteliai yra nat\u016bral\u016bs miego milteliai, gerinantys miego kokyb\u0119. Tinka veganams, be alergen\u0173 ar dirbtini\u0173 pried\u0173.\",\"breadcrumb\":{\"@id\":\"https:\/\/test.puhdasplus.ee\/lt\/tooted\/stresas-ir-miegas\/naturalus-miego-milteliai-90-g\/#breadcrumb\"},\"inLanguage\":\"lt-LT\",\"potentialAction\":[{\"@type\":\"ReadAction\",\"target\":[\"https:\/\/test.puhdasplus.ee\/lt\/tooted\/stresas-ir-miegas\/naturalus-miego-milteliai-90-g\/\"]}]},{\"@type\":\"ImageObject\",\"inLanguage\":\"lt-LT\",\"@id\":\"https:\/\/test.puhdasplus.ee\/lt\/tooted\/stresas-ir-miegas\/naturalus-miego-milteliai-90-g\/#primaryimage\",\"url\":\"https:\/\/test.puhdasplus.ee\/wp-content\/uploads\/2025\/03\/43.jpg\",\"contentUrl\":\"https:\/\/test.puhdasplus.ee\/wp-content\/uploads\/2025\/03\/43.jpg\",\"width\":1862,\"height\":2560,\"caption\":\"Nat\u016bral\u016bs miego milteliai \u2013 su melatoninu ir ramun\u0117l\u0117mis 90 g\"},{\"@type\":\"BreadcrumbList\",\"@id\":\"https:\/\/test.puhdasplus.ee\/lt\/tooted\/stresas-ir-miegas\/naturalus-miego-milteliai-90-g\/#breadcrumb\",\"itemListElement\":[{\"@type\":\"ListItem\",\"position\":1,\"name\":\"Prad\u017eia\",\"item\":\"https:\/\/test.puhdasplus.ee\/lt\/\"},{\"@type\":\"ListItem\",\"position\":2,\"name\":\"Produktai\",\"item\":\"https:\/\/test.puhdasplus.ee\/lt\/parduotuve\/\"},{\"@type\":\"ListItem\",\"position\":3,\"name\":\"Nat\u016bral\u016bs miego milteliai 90 g\"}]},{\"@type\":\"WebSite\",\"@id\":\"https:\/\/test.puhdasplus.ee\/lt\/#website\",\"url\":\"https:\/\/test.puhdasplus.ee\/lt\/\",\"name\":\"Puhdas+\",\"description\":\"Vitamiinid, Toidulisandid, looduskosmeetika, tervis, sport\",\"publisher\":{\"@id\":\"https:\/\/test.puhdasplus.ee\/lt\/#organization\"},\"potentialAction\":[{\"@type\":\"SearchAction\",\"target\":{\"@type\":\"EntryPoint\",\"urlTemplate\":\"https:\/\/test.puhdasplus.ee\/lt\/?s={search_term_string}\"},\"query-input\":{\"@type\":\"PropertyValueSpecification\",\"valueRequired\":true,\"valueName\":\"search_term_string\"}}],\"inLanguage\":\"lt-LT\"},{\"@type\":\"Organization\",\"@id\":\"https:\/\/test.puhdasplus.ee\/lt\/#organization\",\"name\":\"Puhdas+\",\"alternateName\":\"Puhdasplus\",\"url\":\"https:\/\/test.puhdasplus.ee\/lt\/\",\"logo\":{\"@type\":\"ImageObject\",\"inLanguage\":\"lt-LT\",\"@id\":\"https:\/\/test.puhdasplus.ee\/lt\/#\/schema\/logo\/image\/\",\"url\":\"https:\/\/test.puhdasplus.ee\/\/wp-content\/uploads\/2019\/10\/puhdas_logo-arvele.png\",\"contentUrl\":\"https:\/\/test.puhdasplus.ee\/\/wp-content\/uploads\/2019\/10\/puhdas_logo-arvele.png\",\"width\":114,\"height\":94,\"caption\":\"Puhdas+\"},\"image\":{\"@id\":\"https:\/\/test.puhdasplus.ee\/lt\/#\/schema\/logo\/image\/\"},\"sameAs\":[\"https:\/\/www.facebook.com\/puhdasplus\",\"https:\/\/www.instagram.com\/puhdasplus_ee\/\"]}]}<\/script>\n<!-- \/ Yoast SEO plugin. -->","yoast_head_json":{"title":"Nat\u016bral\u016bs miego milteliai 90 g - Puhdas+","description":"Miego milteliai yra nat\u016bral\u016bs miego milteliai, gerinantys miego kokyb\u0119. Tinka veganams, be alergen\u0173 ar dirbtini\u0173 pried\u0173.","robots":{"index":"noindex","follow":"follow","max-snippet":"max-snippet:-1","max-image-preview":"max-image-preview:large","max-video-preview":"max-video-preview:-1"},"og_locale":"lt_LT","og_type":"article","og_title":"Nat\u016bral\u016bs miego milteliai 90 g - Puhdas+","og_description":"Miego milteliai yra nat\u016bral\u016bs miego milteliai, gerinantys miego kokyb\u0119. Tinka veganams, be alergen\u0173 ar dirbtini\u0173 pried\u0173.","og_url":"https:\/\/test.puhdasplus.ee\/lt\/tooted\/stresas-ir-miegas\/naturalus-miego-milteliai-90-g\/","og_site_name":"Puhdas+","article_publisher":"https:\/\/www.facebook.com\/puhdasplus","article_modified_time":"2026-03-10T12:39:17+00:00","og_image":[{"width":1862,"height":2560,"url":"https:\/\/test.puhdasplus.ee\/wp-content\/uploads\/2025\/03\/43.jpg","type":"image\/jpeg"}],"twitter_card":"summary_large_image","twitter_misc":{"Est. reading time":"1 minut\u0117"},"schema":{"@context":"https:\/\/schema.org","@graph":[{"@type":"WebPage","@id":"https:\/\/test.puhdasplus.ee\/lt\/tooted\/stresas-ir-miegas\/naturalus-miego-milteliai-90-g\/","url":"https:\/\/test.puhdasplus.ee\/lt\/tooted\/stresas-ir-miegas\/naturalus-miego-milteliai-90-g\/","name":"Nat\u016bral\u016bs miego milteliai 90 g - Puhdas+","isPartOf":{"@id":"https:\/\/test.puhdasplus.ee\/lt\/#website"},"primaryImageOfPage":{"@id":"https:\/\/test.puhdasplus.ee\/lt\/tooted\/stresas-ir-miegas\/naturalus-miego-milteliai-90-g\/#primaryimage"},"image":{"@id":"https:\/\/test.puhdasplus.ee\/lt\/tooted\/stresas-ir-miegas\/naturalus-miego-milteliai-90-g\/#primaryimage"},"thumbnailUrl":"https:\/\/test.puhdasplus.ee\/wp-content\/uploads\/2025\/03\/43.jpg","datePublished":"2019-12-07T06:58:14+00:00","dateModified":"2026-03-10T12:39:17+00:00","description":"Miego milteliai yra nat\u016bral\u016bs miego milteliai, gerinantys miego kokyb\u0119. Tinka veganams, be alergen\u0173 ar dirbtini\u0173 pried\u0173.","breadcrumb":{"@id":"https:\/\/test.puhdasplus.ee\/lt\/tooted\/stresas-ir-miegas\/naturalus-miego-milteliai-90-g\/#breadcrumb"},"inLanguage":"lt-LT","potentialAction":[{"@type":"ReadAction","target":["https:\/\/test.puhdasplus.ee\/lt\/tooted\/stresas-ir-miegas\/naturalus-miego-milteliai-90-g\/"]}]},{"@type":"ImageObject","inLanguage":"lt-LT","@id":"https:\/\/test.puhdasplus.ee\/lt\/tooted\/stresas-ir-miegas\/naturalus-miego-milteliai-90-g\/#primaryimage","url":"https:\/\/test.puhdasplus.ee\/wp-content\/uploads\/2025\/03\/43.jpg","contentUrl":"https:\/\/test.puhdasplus.ee\/wp-content\/uploads\/2025\/03\/43.jpg","width":1862,"height":2560,"caption":"Nat\u016bral\u016bs miego milteliai \u2013 su melatoninu ir ramun\u0117l\u0117mis 90 g"},{"@type":"BreadcrumbList","@id":"https:\/\/test.puhdasplus.ee\/lt\/tooted\/stresas-ir-miegas\/naturalus-miego-milteliai-90-g\/#breadcrumb","itemListElement":[{"@type":"ListItem","position":1,"name":"Prad\u017eia","item":"https:\/\/test.puhdasplus.ee\/lt\/"},{"@type":"ListItem","position":2,"name":"Produktai","item":"https:\/\/test.puhdasplus.ee\/lt\/parduotuve\/"},{"@type":"ListItem","position":3,"name":"Nat\u016bral\u016bs miego milteliai 90 g"}]},{"@type":"WebSite","@id":"https:\/\/test.puhdasplus.ee\/lt\/#website","url":"https:\/\/test.puhdasplus.ee\/lt\/","name":"Puhdas+","description":"Vitamiinid, Toidulisandid, looduskosmeetika, tervis, sport","publisher":{"@id":"https:\/\/test.puhdasplus.ee\/lt\/#organization"},"potentialAction":[{"@type":"SearchAction","target":{"@type":"EntryPoint","urlTemplate":"https:\/\/test.puhdasplus.ee\/lt\/?s={search_term_string}"},"query-input":{"@type":"PropertyValueSpecification","valueRequired":true,"valueName":"search_term_string"}}],"inLanguage":"lt-LT"},{"@type":"Organization","@id":"https:\/\/test.puhdasplus.ee\/lt\/#organization","name":"Puhdas+","alternateName":"Puhdasplus","url":"https:\/\/test.puhdasplus.ee\/lt\/","logo":{"@type":"ImageObject","inLanguage":"lt-LT","@id":"https:\/\/test.puhdasplus.ee\/lt\/#\/schema\/logo\/image\/","url":"https:\/\/test.puhdasplus.ee\/\/wp-content\/uploads\/2019\/10\/puhdas_logo-arvele.png","contentUrl":"https:\/\/test.puhdasplus.ee\/\/wp-content\/uploads\/2019\/10\/puhdas_logo-arvele.png","width":114,"height":94,"caption":"Puhdas+"},"image":{"@id":"https:\/\/test.puhdasplus.ee\/lt\/#\/schema\/logo\/image\/"},"sameAs":["https:\/\/www.facebook.com\/puhdasplus","https:\/\/www.instagram.com\/puhdasplus_ee\/"]}]}},"_links":{"self":[{"href":"https:\/\/test.puhdasplus.ee\/lt\/wp-json\/wp\/v2\/product\/353344","targetHints":{"allow":["GET"]}}],"collection":[{"href":"https:\/\/test.puhdasplus.ee\/lt\/wp-json\/wp\/v2\/product"}],"about":[{"href":"https:\/\/test.puhdasplus.ee\/lt\/wp-json\/wp\/v2\/types\/product"}],"replies":[{"embeddable":true,"href":"https:\/\/test.puhdasplus.ee\/lt\/wp-json\/wp\/v2\/comments?post=353344"}],"wp:featuredmedia":[{"embeddable":true,"href":"https:\/\/test.puhdasplus.ee\/lt\/wp-json\/wp\/v2\/media\/353348"}],"wp:attachment":[{"href":"https:\/\/test.puhdasplus.ee\/lt\/wp-json\/wp\/v2\/media?parent=353344"}],"wp:term":[{"taxonomy":"product_brand","embeddable":true,"href":"https:\/\/test.puhdasplus.ee\/lt\/wp-json\/wp\/v2\/product_brand?post=353344"},{"taxonomy":"product_cat","embeddable":true,"href":"https:\/\/test.puhdasplus.ee\/lt\/wp-json\/wp\/v2\/product_cat?post=353344"},{"taxonomy":"product_tag","embeddable":true,"href":"https:\/\/test.puhdasplus.ee\/lt\/wp-json\/wp\/v2\/product_tag?post=353344"}],"curies":[{"name":"wp","href":"https:\/\/api.w.org\/{rel}","templated":true}]}}