{"id":353333,"date":"2019-12-09T07:48:50","date_gmt":"2019-12-09T05:48:50","guid":{"rendered":"https:\/\/test.puhdasplus.ee\/\/tooted\/be-kategorijos\/magnio-citratas-250-mg-200-g\/"},"modified":"2026-03-10T14:39:30","modified_gmt":"2026-03-10T12:39:30","slug":"magnio-citratas-250-mg-200-g","status":"publish","type":"product","link":"https:\/\/test.puhdasplus.ee\/lt\/tooted\/mineralai\/magnis\/magnio-citratas-250-mg-200-g\/","title":{"rendered":"Magnio citratas 250 mg 200 g"},"content":{"rendered":"<h2 class=\"\" data-start=\"277\" data-end=\"318\">Kas yra \u201ePure+\u201c magnio citratas?<\/h2>\n<p class=\"\" data-start=\"320\" data-end=\"624\">\u201ePure+ Magnesium Powder\u201c yra grynas papildas, kurio sud\u0117tyje yra <strong data-start=\"393\" data-end=\"416\">magnio citrato<\/strong> \u2013 vienos i\u0161 geriausiai \u012fsisavinam\u0173 magnio form\u0173. Tai beskoniai, <strong data-start=\"488\" data-end=\"515\">be pried\u0173 milteliai<\/strong> , tinkami mai\u0161yti su vandeniu, sultimis ar kitais g\u0117rimais ir leid\u017eiantys lanks\u010diai dozuoti pagal poreik\u012f. <\/p>\n<p class=\"\" data-start=\"626\" data-end=\"857\">Produktas priklauso Suomijos prek\u0117s \u017eenklo <strong data-start=\"652\" data-end=\"663\">\u201ePuhdas+\u201c<\/strong> asortimentui, \u017einomam d\u0117l savo kokyb\u0117s, skaidrumo ir grynumo. Jame <strong data-start=\"746\" data-end=\"792\">n\u0117ra glitimo, laktoz\u0117s, mieli\u0173 ir cukraus<\/strong> , tod\u0117l jis tinka \u017emon\u0117ms, turintiems jautr\u0173 vir\u0161kinim\u0105 ar netoleruojantiems maisto produkt\u0173. <\/p>\n<h2 class=\"\" data-start=\"864\" data-end=\"898\"><strong data-start=\"867\" data-end=\"898\">Kod\u0117l magnis yra naudingas?<\/strong><\/h2>\n<h3 data-start=\"900\" data-end=\"946\">1. <b>Padeda palaikyti normali\u0105 raumen\u0173 funkcij\u0105<\/b><\/h3>\n<p class=\"p1\">Magnis padeda atpalaiduoti raumenis ir palaikyti normali\u0105 j\u0173 funkcij\u0105. Tinka \u017emon\u0117ms, kurie jau\u010dia \u012ftamp\u0105 arba nori palaikyti stabili\u0105 raumen\u0173 funkcij\u0105. <\/p>\n<h3 data-start=\"1132\" data-end=\"1180\">2. Padeda suma\u017einti nuovarg\u012f ir i\u0161sekim\u0105<\/h3>\n<p class=\"p1\">Magnis dalyvauja normalioje energijos apykaitoje ir padeda ma\u017einti pavarg\u012f bei i\u0161sekim\u0105.<\/p>\n<h3 data-start=\"1329\" data-end=\"1360\">3. <b>Palaiko normali\u0105 nerv\u0173 sistemos veikl\u0105<\/b><\/h3>\n<p class=\"p1\">Magnis padeda palaikyti normali\u0105 nerv\u0173 sistemos veikl\u0105 ir gali pad\u0117ti palaikyti subalansuot\u0105 nuotaik\u0105.<\/p>\n<h3 data-start=\"1530\" data-end=\"1574\">4. <b>Padeda palaikyti elektrolit\u0173 pusiausvyr\u0105<\/b><\/h3>\n<p class=\"p1\">Magnis padeda palaikyti elektrolit\u0173 pusiausvyr\u0105 organizme ir dalyvauja skys\u010di\u0173 pusiausvyroje bei raumen\u0173 funkcijoje.<\/p>\n<h2 class=\"\" data-start=\"1680\" data-end=\"1741\">Kam ir kada magnio milteliai yra ypa\u010d naudingi?<\/h2>\n<ul data-start=\"1743\" data-end=\"2182\">\n<li class=\"\" data-start=\"1743\" data-end=\"1814\">\n<p class=\"p1\">Tiems, kurie nori palaikyti <b>raumen\u0173 atsipalaidavim\u0105<\/b> ir suma\u017einti nuovarg\u012f<\/p>\n<\/li>\n<li class=\"\" data-start=\"1815\" data-end=\"1893\">\n<p class=\"\" data-start=\"1817\" data-end=\"1893\">Fizi\u0161kai aktyviems \u017emon\u0117ms \u2013 <strong data-start=\"1844\" data-end=\"1871\">sportininkams, m\u0117g\u0117jams<\/strong> , atsigavimo laikotarpiu<\/p>\n<\/li>\n<li class=\"\" data-start=\"1894\" data-end=\"1974\">\n<p class=\"\" data-start=\"1896\" data-end=\"1974\"><strong data-start=\"1896\" data-end=\"1919\">\u017dmon\u0117ms, patiriantiems stres\u0105<\/strong> \u2013 psichin\u0117 ir emocin\u0117 \u012ftampa padidina poreik\u012f<\/p>\n<\/li>\n<li class=\"\" data-start=\"1975\" data-end=\"2032\">\n<p class=\"\" data-start=\"1977\" data-end=\"2032\"><strong data-start=\"1977\" data-end=\"1989\">Senyvo am\u017eiaus \u017emon\u0117ms<\/strong> , kuri\u0173 mitybai ar \u012fsisavinimo geb\u0117jimui gali reik\u0117ti skirti daugiau d\u0117mesio<\/p>\n<\/li>\n<li class=\"\" data-start=\"2033\" data-end=\"2113\">\n<p class=\"\" data-start=\"2035\" data-end=\"2113\">Tiems, <strong data-start=\"2035\" data-end=\"2060\">kurie laikosi vegani\u0161kos dietos<\/strong> ir kuriems gali tr\u016bkti magnio maiste<\/p>\n<\/li>\n<li class=\"\" data-start=\"2114\" data-end=\"2182\">\n<p class=\"\" data-start=\"2116\" data-end=\"2182\">Tiems, kurie nori produkto <strong data-start=\"2136\" data-end=\"2154\">be pried\u0173<\/strong> ir gerai \u012fsisavinamo<\/p>\n<\/li>\n<\/ul>\n<h2 data-start=\"1533\" data-end=\"1548\">Sud\u0117tis<\/h2>\n<ul data-start=\"1550\" data-end=\"1754\">\n<li class=\"\" data-start=\"1550\" data-end=\"1636\">\n<p class=\"\" data-start=\"1552\" data-end=\"1636\">1\u20132 samteliuose (1\u20132 ml) yra 250\u2013500 mg magnio (67\u2013133 % rekomenduojamos paros normos).<\/p>\n<\/li>\n<li class=\"\" data-start=\"1637\" data-end=\"1700\">\n<p class=\"\" data-start=\"1639\" data-end=\"1700\">Be konservant\u0173, dirbtini\u0173 da\u017eikli\u0173 ar saldikli\u0173<\/p>\n<\/li>\n<li class=\"\" data-start=\"1701\" data-end=\"1754\">\n<p class=\"\" data-start=\"1703\" data-end=\"1754\">Be laktoz\u0117s, glitimo, mieli\u0173, sojos ir cukraus<\/p>\n<\/li>\n<\/ul>\n<h2 data-start=\"1722\" data-end=\"1743\">Naudotojo vadovas<\/h2>\n<p class=\"\" data-start=\"1745\" data-end=\"1991\">Rekomenduojama paros doz\u0117: <strong data-start=\"1772\" data-end=\"1812\">1-2 kau\u0161eliai (1-2 ml) per dien\u0105<\/strong> , sumai\u0161ius su vandeniu ar kitu g\u0117rimu.<br data-start=\"1843\" data-end=\"1846\"> Rekomenduojamos doz\u0117s vir\u0161yti negalima.<br data-start=\"1882\" data-end=\"1885\"> Maisto papildas nepakei\u010dia \u012fvairios mitybos ar sveiko gyvenimo b\u016bdo.<br data-start=\"1954\" data-end=\"1957\"> Laikyti vaikams nepasiekiamoje vietoje.<\/p>\n<h2>Kod\u0117l \u201ePure+\u201c magnio milteliai?<\/h2>\n<ul data-start=\"2235\" data-end=\"2649\">\n<li class=\"\" data-start=\"2235\" data-end=\"2320\">\n<p class=\"\" data-start=\"2237\" data-end=\"2320\"><strong data-start=\"2237\" data-end=\"2255\">Efektyvus ir grynas<\/strong> \u2013 magnio citratas yra geriau absorbuojamas nei daugelis kit\u0173 form\u0173<\/p>\n<\/li>\n<li class=\"\" data-start=\"2321\" data-end=\"2412\">\n<p class=\"\" data-start=\"2323\" data-end=\"2412\"><strong data-start=\"2323\" data-end=\"2337\">Milteli\u0173 pavidalo<\/strong> \u2013 leid\u017eia lanks\u010diai reguliuoti doz\u0119 ir mai\u0161yti su m\u0117gstamu g\u0117rimu<\/p>\n<\/li>\n<li class=\"\" data-start=\"2413\" data-end=\"2477\">\n<p class=\"\" data-start=\"2415\" data-end=\"2477\"><strong data-start=\"2415\" data-end=\"2427\">Be skonio<\/strong> \u2013 sud\u0117tyje n\u0117ra kvapi\u0173j\u0173 med\u017eiag\u0173, kvapi\u0173j\u0173 med\u017eiag\u0173 ar konservant\u0173<\/p>\n<\/li>\n<li class=\"\" data-start=\"2478\" data-end=\"2573\">\n<p class=\"\" data-start=\"2480\" data-end=\"2573\"><strong data-start=\"2480\" data-end=\"2526\">Taip pat tinka \u017emon\u0117ms su jautria vir\u0161kinimo sistema<\/strong> \u2013 sud\u0117tyje n\u0117ra laktoz\u0117s, glitimo ir cukraus.<\/p>\n<\/li>\n<li class=\"\" data-start=\"2574\" data-end=\"2649\">\n<p class=\"\" data-start=\"2576\" data-end=\"2649\"><strong data-start=\"2576\" data-end=\"2595\">Pagaminta Suomijoje<\/strong> , atitinka auk\u0161tus grynumo ir kokyb\u0117s standartus<\/p>\n<\/li>\n<\/ul>\n","protected":false},"excerpt":{"rendered":"<p class=\"\" data-start=\"170\" data-end=\"617\">Magnis yra gyvybi\u0161kai svarbus mineralas m\u016bs\u0173 organizmui, dalyvaujantis \u0161imtuose med\u017eiag\u0173 apykaitos proces\u0173 \u2013 nuo \u200b\u200bnerv\u0173 sistemos funkcijos iki raumen\u0173 funkcijos ir energijos apykaitos. Daugelis \u017emoni\u0173 negauna pakankamai magnio su savo kasdieniu maistu, ypa\u010d streso laikotarpiu, padid\u0117jusio fizinio kr\u016bvio metu arba d\u0117l vienpus\u0117s mitybos. Magnio tr\u016bkumas gali pasireik\u0161ti nuovargiu, raumen\u0173 \u012ftampa, m\u0117\u0161lungiu, miego sutrikimais ar net dirglumu.  <\/p>\n<p class=\"\" data-start=\"619\" data-end=\"1149\">\u201ePure+\u201c magnio milteliai sukurti taip, kad suteikt\u0173 organizmui lengvai \u012fsisavinam\u0105 ir veiksming\u0105 param\u0105. Milteliuose esantis <strong data-start=\"743\" data-end=\"765\">magnio citratas<\/strong> yra viena i\u0161 geriausiai \u012fsisavinam\u0173 magnio form\u0173, padedan\u010di\u0173 grei\u010diau subalansuoti organizmo poreikius. Produktas yra beskonis ir pasi\u017eymi gryna sud\u0117timi \u2013 jame n\u0117ra dirbtini\u0173 pried\u0173, saldikli\u0173 ar alergen\u0173, tod\u0117l jis tinka ir \u017emon\u0117ms, turintiems jautr\u0173 vir\u0161kinim\u0105 ar netoleruojantiems maisto produkt\u0173. Milteli\u0173 forma leid\u017eia dozuoti pagal poreik\u012f ir yra patogu mai\u0161yti su vandeniu ar kitais g\u0117rimais.   <\/p>\n<p class=\"\" data-start=\"1151\" data-end=\"1359\">Jei norite atpalaiduoti raumenis, i\u0161vengti m\u0117\u0161lungio, palaikyti nerv\u0173 sistemos pusiausvyr\u0105 ir suma\u017einti kasdien\u012f nuovarg\u012f, \u201ePure+ Magnesium Powder\u201c yra paprastas ir patikimas pasirinkimas j\u016bs\u0173 gerovei palaikyti.<\/p>\n","protected":false},"featured_media":354692,"comment_status":"closed","ping_status":"closed","template":"","meta":{"_acf_changed":false},"product_brand":[],"product_cat":[3265,3120],"product_tag":[6477,3127,3503,3144,2967],"class_list":{"0":"post-353333","1":"product","2":"type-product","3":"status-publish","4":"has-post-thumbnail","6":"product_cat-magnis","7":"product_cat-mineralai","8":"product_tag-magnio-milteliai-lt","9":"product_tag-magnis","10":"product_tag-miegas-ir-stresas","11":"product_tag-raumenys-ir-sanariai","12":"product_tag-veganas","14":"first","15":"instock","16":"featured","17":"taxable","18":"shipping-taxable","19":"purchasable","20":"product-type-simple"},"acf":[],"yoast_head":"<!-- This site is optimized with the Yoast SEO plugin v27.1.1 - https:\/\/yoast.com\/product\/yoast-seo-wordpress\/ -->\n<title>Magnio citratas 250 mg 200 g - Puhdas+<\/title>\n<meta name=\"description\" content=\"\u201ePure+\u201c magnio milteliai \u2013 veiksminga raumen\u0173, nerv\u0173 sistemos ir energijos palaikymo priemon\u0117. Lengvai \u012fsisavinamas magnio citratas, beskonis ir grynos sud\u0117ties.\" \/>\n<meta name=\"robots\" content=\"noindex, follow, max-snippet:-1, max-image-preview:large, max-video-preview:-1\" \/>\n<meta property=\"og:locale\" content=\"lt_LT\" \/>\n<meta property=\"og:type\" content=\"article\" \/>\n<meta property=\"og:title\" content=\"Magnio citratas 250 mg 200 g - Puhdas+\" \/>\n<meta property=\"og:description\" content=\"\u201ePure+\u201c magnio milteliai \u2013 veiksminga raumen\u0173, nerv\u0173 sistemos ir energijos palaikymo priemon\u0117. Lengvai \u012fsisavinamas magnio citratas, beskonis ir grynos sud\u0117ties.\" \/>\n<meta property=\"og:url\" content=\"https:\/\/test.puhdasplus.ee\/lt\/tooted\/mineralai\/magnis\/magnio-citratas-250-mg-200-g\/\" \/>\n<meta property=\"og:site_name\" content=\"Puhdas+\" \/>\n<meta property=\"article:publisher\" content=\"https:\/\/www.facebook.com\/puhdasplus\" \/>\n<meta property=\"article:modified_time\" content=\"2026-03-10T12:39:30+00:00\" \/>\n<meta property=\"og:image\" content=\"https:\/\/test.puhdasplus.ee\/wp-content\/uploads\/2019\/12\/tooted-ilma-taustata-copy-scaled.jpg\" \/>\n\t<meta property=\"og:image:width\" content=\"1862\" \/>\n\t<meta property=\"og:image:height\" content=\"2560\" \/>\n\t<meta property=\"og:image:type\" content=\"image\/jpeg\" \/>\n<meta name=\"twitter:card\" content=\"summary_large_image\" \/>\n<meta name=\"twitter:label1\" content=\"Est. reading time\" \/>\n\t<meta name=\"twitter:data1\" content=\"2 minut\u0117\" \/>\n<script type=\"application\/ld+json\" class=\"yoast-schema-graph\">{\"@context\":\"https:\/\/schema.org\",\"@graph\":[{\"@type\":\"WebPage\",\"@id\":\"https:\/\/test.puhdasplus.ee\/lt\/tooted\/mineralai\/magnis\/magnio-citratas-250-mg-200-g\/\",\"url\":\"https:\/\/test.puhdasplus.ee\/lt\/tooted\/mineralai\/magnis\/magnio-citratas-250-mg-200-g\/\",\"name\":\"Magnio citratas 250 mg 200 g - Puhdas+\",\"isPartOf\":{\"@id\":\"https:\/\/test.puhdasplus.ee\/lt\/#website\"},\"primaryImageOfPage\":{\"@id\":\"https:\/\/test.puhdasplus.ee\/lt\/tooted\/mineralai\/magnis\/magnio-citratas-250-mg-200-g\/#primaryimage\"},\"image\":{\"@id\":\"https:\/\/test.puhdasplus.ee\/lt\/tooted\/mineralai\/magnis\/magnio-citratas-250-mg-200-g\/#primaryimage\"},\"thumbnailUrl\":\"https:\/\/test.puhdasplus.ee\/wp-content\/uploads\/2019\/12\/tooted-ilma-taustata-copy-scaled.jpg\",\"datePublished\":\"2019-12-09T05:48:50+00:00\",\"dateModified\":\"2026-03-10T12:39:30+00:00\",\"description\":\"\u201ePure+\u201c magnio milteliai \u2013 veiksminga raumen\u0173, nerv\u0173 sistemos ir energijos palaikymo priemon\u0117. Lengvai \u012fsisavinamas magnio citratas, beskonis ir grynos sud\u0117ties.\",\"breadcrumb\":{\"@id\":\"https:\/\/test.puhdasplus.ee\/lt\/tooted\/mineralai\/magnis\/magnio-citratas-250-mg-200-g\/#breadcrumb\"},\"inLanguage\":\"lt-LT\",\"potentialAction\":[{\"@type\":\"ReadAction\",\"target\":[\"https:\/\/test.puhdasplus.ee\/lt\/tooted\/mineralai\/magnis\/magnio-citratas-250-mg-200-g\/\"]}]},{\"@type\":\"ImageObject\",\"inLanguage\":\"lt-LT\",\"@id\":\"https:\/\/test.puhdasplus.ee\/lt\/tooted\/mineralai\/magnis\/magnio-citratas-250-mg-200-g\/#primaryimage\",\"url\":\"https:\/\/test.puhdasplus.ee\/wp-content\/uploads\/2019\/12\/tooted-ilma-taustata-copy-scaled.jpg\",\"contentUrl\":\"https:\/\/test.puhdasplus.ee\/wp-content\/uploads\/2019\/12\/tooted-ilma-taustata-copy-scaled.jpg\",\"width\":1862,\"height\":2560,\"caption\":\"magnis\"},{\"@type\":\"BreadcrumbList\",\"@id\":\"https:\/\/test.puhdasplus.ee\/lt\/tooted\/mineralai\/magnis\/magnio-citratas-250-mg-200-g\/#breadcrumb\",\"itemListElement\":[{\"@type\":\"ListItem\",\"position\":1,\"name\":\"Prad\u017eia\",\"item\":\"https:\/\/test.puhdasplus.ee\/lt\/\"},{\"@type\":\"ListItem\",\"position\":2,\"name\":\"Produktai\",\"item\":\"https:\/\/test.puhdasplus.ee\/lt\/parduotuve\/\"},{\"@type\":\"ListItem\",\"position\":3,\"name\":\"Magnio citratas 250 mg 200 g\"}]},{\"@type\":\"WebSite\",\"@id\":\"https:\/\/test.puhdasplus.ee\/lt\/#website\",\"url\":\"https:\/\/test.puhdasplus.ee\/lt\/\",\"name\":\"Puhdas+\",\"description\":\"Vitamiinid, Toidulisandid, looduskosmeetika, tervis, sport\",\"publisher\":{\"@id\":\"https:\/\/test.puhdasplus.ee\/lt\/#organization\"},\"potentialAction\":[{\"@type\":\"SearchAction\",\"target\":{\"@type\":\"EntryPoint\",\"urlTemplate\":\"https:\/\/test.puhdasplus.ee\/lt\/?s={search_term_string}\"},\"query-input\":{\"@type\":\"PropertyValueSpecification\",\"valueRequired\":true,\"valueName\":\"search_term_string\"}}],\"inLanguage\":\"lt-LT\"},{\"@type\":\"Organization\",\"@id\":\"https:\/\/test.puhdasplus.ee\/lt\/#organization\",\"name\":\"Puhdas+\",\"alternateName\":\"Puhdasplus\",\"url\":\"https:\/\/test.puhdasplus.ee\/lt\/\",\"logo\":{\"@type\":\"ImageObject\",\"inLanguage\":\"lt-LT\",\"@id\":\"https:\/\/test.puhdasplus.ee\/lt\/#\/schema\/logo\/image\/\",\"url\":\"https:\/\/test.puhdasplus.ee\/\/wp-content\/uploads\/2019\/10\/puhdas_logo-arvele.png\",\"contentUrl\":\"https:\/\/test.puhdasplus.ee\/\/wp-content\/uploads\/2019\/10\/puhdas_logo-arvele.png\",\"width\":114,\"height\":94,\"caption\":\"Puhdas+\"},\"image\":{\"@id\":\"https:\/\/test.puhdasplus.ee\/lt\/#\/schema\/logo\/image\/\"},\"sameAs\":[\"https:\/\/www.facebook.com\/puhdasplus\",\"https:\/\/www.instagram.com\/puhdasplus_ee\/\"]}]}<\/script>\n<!-- \/ Yoast SEO plugin. -->","yoast_head_json":{"title":"Magnio citratas 250 mg 200 g - Puhdas+","description":"\u201ePure+\u201c magnio milteliai \u2013 veiksminga raumen\u0173, nerv\u0173 sistemos ir energijos palaikymo priemon\u0117. Lengvai \u012fsisavinamas magnio citratas, beskonis ir grynos sud\u0117ties.","robots":{"index":"noindex","follow":"follow","max-snippet":"max-snippet:-1","max-image-preview":"max-image-preview:large","max-video-preview":"max-video-preview:-1"},"og_locale":"lt_LT","og_type":"article","og_title":"Magnio citratas 250 mg 200 g - Puhdas+","og_description":"\u201ePure+\u201c magnio milteliai \u2013 veiksminga raumen\u0173, nerv\u0173 sistemos ir energijos palaikymo priemon\u0117. Lengvai \u012fsisavinamas magnio citratas, beskonis ir grynos sud\u0117ties.","og_url":"https:\/\/test.puhdasplus.ee\/lt\/tooted\/mineralai\/magnis\/magnio-citratas-250-mg-200-g\/","og_site_name":"Puhdas+","article_publisher":"https:\/\/www.facebook.com\/puhdasplus","article_modified_time":"2026-03-10T12:39:30+00:00","og_image":[{"width":1862,"height":2560,"url":"https:\/\/test.puhdasplus.ee\/wp-content\/uploads\/2019\/12\/tooted-ilma-taustata-copy-scaled.jpg","type":"image\/jpeg"}],"twitter_card":"summary_large_image","twitter_misc":{"Est. reading time":"2 minut\u0117"},"schema":{"@context":"https:\/\/schema.org","@graph":[{"@type":"WebPage","@id":"https:\/\/test.puhdasplus.ee\/lt\/tooted\/mineralai\/magnis\/magnio-citratas-250-mg-200-g\/","url":"https:\/\/test.puhdasplus.ee\/lt\/tooted\/mineralai\/magnis\/magnio-citratas-250-mg-200-g\/","name":"Magnio citratas 250 mg 200 g - Puhdas+","isPartOf":{"@id":"https:\/\/test.puhdasplus.ee\/lt\/#website"},"primaryImageOfPage":{"@id":"https:\/\/test.puhdasplus.ee\/lt\/tooted\/mineralai\/magnis\/magnio-citratas-250-mg-200-g\/#primaryimage"},"image":{"@id":"https:\/\/test.puhdasplus.ee\/lt\/tooted\/mineralai\/magnis\/magnio-citratas-250-mg-200-g\/#primaryimage"},"thumbnailUrl":"https:\/\/test.puhdasplus.ee\/wp-content\/uploads\/2019\/12\/tooted-ilma-taustata-copy-scaled.jpg","datePublished":"2019-12-09T05:48:50+00:00","dateModified":"2026-03-10T12:39:30+00:00","description":"\u201ePure+\u201c magnio milteliai \u2013 veiksminga raumen\u0173, nerv\u0173 sistemos ir energijos palaikymo priemon\u0117. Lengvai \u012fsisavinamas magnio citratas, beskonis ir grynos sud\u0117ties.","breadcrumb":{"@id":"https:\/\/test.puhdasplus.ee\/lt\/tooted\/mineralai\/magnis\/magnio-citratas-250-mg-200-g\/#breadcrumb"},"inLanguage":"lt-LT","potentialAction":[{"@type":"ReadAction","target":["https:\/\/test.puhdasplus.ee\/lt\/tooted\/mineralai\/magnis\/magnio-citratas-250-mg-200-g\/"]}]},{"@type":"ImageObject","inLanguage":"lt-LT","@id":"https:\/\/test.puhdasplus.ee\/lt\/tooted\/mineralai\/magnis\/magnio-citratas-250-mg-200-g\/#primaryimage","url":"https:\/\/test.puhdasplus.ee\/wp-content\/uploads\/2019\/12\/tooted-ilma-taustata-copy-scaled.jpg","contentUrl":"https:\/\/test.puhdasplus.ee\/wp-content\/uploads\/2019\/12\/tooted-ilma-taustata-copy-scaled.jpg","width":1862,"height":2560,"caption":"magnis"},{"@type":"BreadcrumbList","@id":"https:\/\/test.puhdasplus.ee\/lt\/tooted\/mineralai\/magnis\/magnio-citratas-250-mg-200-g\/#breadcrumb","itemListElement":[{"@type":"ListItem","position":1,"name":"Prad\u017eia","item":"https:\/\/test.puhdasplus.ee\/lt\/"},{"@type":"ListItem","position":2,"name":"Produktai","item":"https:\/\/test.puhdasplus.ee\/lt\/parduotuve\/"},{"@type":"ListItem","position":3,"name":"Magnio citratas 250 mg 200 g"}]},{"@type":"WebSite","@id":"https:\/\/test.puhdasplus.ee\/lt\/#website","url":"https:\/\/test.puhdasplus.ee\/lt\/","name":"Puhdas+","description":"Vitamiinid, Toidulisandid, looduskosmeetika, tervis, sport","publisher":{"@id":"https:\/\/test.puhdasplus.ee\/lt\/#organization"},"potentialAction":[{"@type":"SearchAction","target":{"@type":"EntryPoint","urlTemplate":"https:\/\/test.puhdasplus.ee\/lt\/?s={search_term_string}"},"query-input":{"@type":"PropertyValueSpecification","valueRequired":true,"valueName":"search_term_string"}}],"inLanguage":"lt-LT"},{"@type":"Organization","@id":"https:\/\/test.puhdasplus.ee\/lt\/#organization","name":"Puhdas+","alternateName":"Puhdasplus","url":"https:\/\/test.puhdasplus.ee\/lt\/","logo":{"@type":"ImageObject","inLanguage":"lt-LT","@id":"https:\/\/test.puhdasplus.ee\/lt\/#\/schema\/logo\/image\/","url":"https:\/\/test.puhdasplus.ee\/\/wp-content\/uploads\/2019\/10\/puhdas_logo-arvele.png","contentUrl":"https:\/\/test.puhdasplus.ee\/\/wp-content\/uploads\/2019\/10\/puhdas_logo-arvele.png","width":114,"height":94,"caption":"Puhdas+"},"image":{"@id":"https:\/\/test.puhdasplus.ee\/lt\/#\/schema\/logo\/image\/"},"sameAs":["https:\/\/www.facebook.com\/puhdasplus","https:\/\/www.instagram.com\/puhdasplus_ee\/"]}]}},"_links":{"self":[{"href":"https:\/\/test.puhdasplus.ee\/lt\/wp-json\/wp\/v2\/product\/353333","targetHints":{"allow":["GET"]}}],"collection":[{"href":"https:\/\/test.puhdasplus.ee\/lt\/wp-json\/wp\/v2\/product"}],"about":[{"href":"https:\/\/test.puhdasplus.ee\/lt\/wp-json\/wp\/v2\/types\/product"}],"replies":[{"embeddable":true,"href":"https:\/\/test.puhdasplus.ee\/lt\/wp-json\/wp\/v2\/comments?post=353333"}],"wp:featuredmedia":[{"embeddable":true,"href":"https:\/\/test.puhdasplus.ee\/lt\/wp-json\/wp\/v2\/media\/354692"}],"wp:attachment":[{"href":"https:\/\/test.puhdasplus.ee\/lt\/wp-json\/wp\/v2\/media?parent=353333"}],"wp:term":[{"taxonomy":"product_brand","embeddable":true,"href":"https:\/\/test.puhdasplus.ee\/lt\/wp-json\/wp\/v2\/product_brand?post=353333"},{"taxonomy":"product_cat","embeddable":true,"href":"https:\/\/test.puhdasplus.ee\/lt\/wp-json\/wp\/v2\/product_cat?post=353333"},{"taxonomy":"product_tag","embeddable":true,"href":"https:\/\/test.puhdasplus.ee\/lt\/wp-json\/wp\/v2\/product_tag?post=353333"}],"curies":[{"name":"wp","href":"https:\/\/api.w.org\/{rel}","templated":true}]}}