{"id":353325,"date":"2020-01-23T22:16:14","date_gmt":"2020-01-23T20:16:14","guid":{"rendered":"https:\/\/test.puhdasplus.ee\/\/tooted\/be-kategorijos\/ultragarsinis-kvapu-difuzorius-dramblys-vaikams-120-ml\/"},"modified":"2026-03-10T14:39:27","modified_gmt":"2026-03-10T12:39:27","slug":"ultragarsinis-kvapu-difuzorius-dramblys-vaikams-120-ml","status":"publish","type":"product","link":"https:\/\/test.puhdasplus.ee\/lt\/tooted\/difuzoriai\/ultragarsinis-kvapu-difuzorius-dramblys-vaikams-120-ml\/","title":{"rendered":"Ultragarsinis kvap\u0173 difuzorius \u201eDramblys\u201c vaikams 120 ml"},"content":{"rendered":"<p>Ultragarsinis aromaterapinis difuzorius \u201eElephant\u201c KIDS \u2013 puikus pasirinkimas vaiko kambariui, sukuriantis raminan\u010di\u0105 ir atpalaiduojan\u010di\u0105 atmosfer\u0105. \u0160velni \u0161io difuzoriaus ultragarsin\u0117 technologija skleid\u017eia eterini\u0173 aliej\u0173 aromat\u0105, pad\u0117damas nuraminti vaik\u0105 ir sukurti maloni\u0105 atmosfer\u0105 miegui ar \u017eaidimams. Kompakti\u0161kas ir \u017eaismingas dramblio dizainas daro \u0161\u012f prietais\u0105 idealiai tinkant\u012f vaiko kambariui, be to, jis yra visi\u0161kai saugus ir paprastas naudoti.  <\/p>\n<p>Kai kurie i\u0161 da\u017eniausiai pasitaikan\u010di\u0173 sauso patalp\u0173 oro simptom\u0173 yra \u0161ie:<\/p>\n<ul>\n<li>sausa ir sudirgusi gerkl\u0117 ir nosies ertm\u0117<\/li>\n<li>sausas kosulys arba sudirgusios balso stygos<\/li>\n<li>kraujavimas i\u0161 nosies ir galvos skausmai.<\/li>\n<\/ul>\n<p>Oro dr\u0117kintuvas veiksmingai palengvina \u0161iuos simptomus ir pagerina mieg\u0105. Oro dr\u0117kintuvas taip pat suma\u017eina susirgimo rizik\u0105, nes virusai dr\u0117gnesniame ore i\u0161gyvena trumpiau, o dr\u0117gnesnis oras taip pat suma\u017eina dulki\u0173 daleli\u0173 jud\u0117jim\u0105. <\/p>\n<p>Idealiai tinka naudoti su eteriniais aliejais.<\/p>\n<p data-start=\"575\" data-end=\"608\"><strong data-start=\"582\" data-end=\"606\">Privalumai ir savyb\u0117s:<\/strong><\/p>\n<ul data-start=\"609\" data-end=\"1117\">\n<li data-start=\"609\" data-end=\"711\"><strong data-start=\"611\" data-end=\"637\">Ultragarsin\u0117 technologija:<\/strong> nat\u016bralus ir tylus b\u016bdas skleisti aromat\u0105 nenaudojant \u0161ilumos.<\/li>\n<li data-start=\"712\" data-end=\"805\"><strong data-start=\"714\" data-end=\"739\">Vaikams pritaikytas dizainas:<\/strong> dramblio dizainas suteikia kambariui \u017eaismingumo ir yra saugus naudoti.<\/li>\n<li data-start=\"806\" data-end=\"904\"><strong data-start=\"808\" data-end=\"829\">Raminanti atmosfera:<\/strong> padeda suma\u017einti stres\u0105, nerim\u0105 ir sukurti rami\u0105 aplink\u0105 miegui.<\/li>\n<li data-start=\"905\" data-end=\"994\"><strong data-start=\"907\" data-end=\"940\">Kompakti\u0161kas ir paprastas naudoti:<\/strong> tinka bet kokiam kambariui, tiek ma\u017eiems, tiek dideliems vaikams.<\/li>\n<li data-start=\"995\" data-end=\"1117\"><strong data-start=\"997\" data-end=\"1020\">Vegani\u0161kas ir nat\u016bralus:<\/strong> naudokite vaikams skirtus eterinius aliejus, kad oras b\u016bt\u0173 raminantis ir \u0161varus.<\/li>\n<\/ul>\n<p><strong>Naudojimas:  <\/strong><\/p>\n<ul>\n<li style=\"list-style-type: none;\">\n<ul data-start=\"1149\" data-end=\"1338\">\n<li data-start=\"1149\" data-end=\"1209\">\u012ela\u0161inkite 2\u20135 la\u0161us eterinio aliejaus (pagal poreik\u012f) ir u\u017epilkite vandeniu.<\/li>\n<li data-start=\"1210\" data-end=\"1264\">\u012ejunkite ir m\u0117gaukit\u0117s atpalaiduojan\u010dia aromaterapija.<\/li>\n<li data-start=\"1265\" data-end=\"1338\">Tinka kasdieniam naudojimui vaik\u0173 miegamuosiuose ir \u017eaidim\u0173 kambariuose.<\/li>\n<\/ul>\n<\/li>\n<\/ul>\n<p>D\u0117mesio: Tik i\u0161oriniam naudojimui. Venkite patekimo \u012f akis.  Laikyti vaikams nepasiekiamoje vietoje. Naudokite tik pagal gamintojo instrukcijas.<\/p>\n<p data-start=\"1536\" data-end=\"1561\">Laikymas: laikyti sausoje ir v\u0117sioje vietoje, toliau nuo tiesiogini\u0173 saul\u0117s spinduli\u0173.<\/p>\n","protected":false},"excerpt":{"rendered":"<p><strong data-start=\"2403\" data-end=\"2455\">Ultragarsinis kvap\u0173 difuzorius \u201eDramblys\u201c vaikams 120 ml<\/strong><br data-start=\"2455\" data-end=\"2458\"> Sukurkite rami\u0105 ir atpalaiduojan\u010di\u0105 aplink\u0105 savo vaikui su m\u016bs\u0173 mielu dramblio formos difuzoriumi! Ultragarsin\u0117 technologija padeda saugiai ir tyliai skleisti eterinius aliejus.   <strong data-start=\"2639\" data-end=\"2682\">U\u017esisakykite dabar ir m\u0117gaukit\u0117s ramybe bei atsipalaidavimu!<\/strong><\/p>\n","protected":false},"featured_media":353329,"comment_status":"closed","ping_status":"closed","template":"","meta":{"_acf_changed":false},"product_brand":[],"product_cat":[2799,3049],"product_tag":[6467,6473,6469,6474,6475,6471,6466,6468,6472,6470],"class_list":{"0":"post-353325","1":"product","2":"type-product","3":"status-publish","4":"has-post-thumbnail","6":"product_cat-difuzoriai","7":"product_cat-specialus-pasiulymai","8":"product_tag-aromaterapijos-difuzorius-vaikams","9":"product_tag-atpalaiduojanti-aromaterapija-vaikams","10":"product_tag-dramblio-formos-difuzorius","11":"product_tag-eteriniu-alieju-difuzorius-vaikams","12":"product_tag-raminanti-atmosfera-vaiku-kambaryje","13":"product_tag-saugus-aromatu-difuzorius","14":"product_tag-ultragarsinis-aromatu-difuzorius","15":"product_tag-vaiku-aromatu-difuzorius","16":"product_tag-vaiku-difuzorius","17":"product_tag-vaiku-miegamojo-oro-drekintuvas","19":"first","20":"instock","21":"sale","22":"taxable","23":"shipping-taxable","24":"purchasable","25":"product-type-simple"},"acf":[],"yoast_head":"<!-- This site is optimized with the Yoast SEO plugin v27.1.1 - https:\/\/yoast.com\/product\/yoast-seo-wordpress\/ -->\n<title>Ultragarsinis kvap\u0173 difuzorius \u201eDramblys\u201c vaikams 120 ml - Puhdas+<\/title>\n<meta name=\"description\" content=\"Ultragarsinis aromaterapinis difuzorius \u201eElephant\u201c KIDS 120ml \u2013 puikus sprendimas norint sukurti rami\u0105 ir atpalaiduojan\u010di\u0105 atmosfer\u0105 vaik\u0173 miegamajame.\" \/>\n<meta name=\"robots\" content=\"noindex, follow, max-snippet:-1, max-image-preview:large, max-video-preview:-1\" \/>\n<meta property=\"og:locale\" content=\"lt_LT\" \/>\n<meta property=\"og:type\" content=\"article\" \/>\n<meta property=\"og:title\" content=\"Ultragarsinis kvap\u0173 difuzorius \u201eDramblys\u201c vaikams 120 ml - Puhdas+\" \/>\n<meta property=\"og:description\" content=\"Ultragarsinis aromaterapinis difuzorius \u201eElephant\u201c KIDS 120ml \u2013 puikus sprendimas norint sukurti rami\u0105 ir atpalaiduojan\u010di\u0105 atmosfer\u0105 vaik\u0173 miegamajame.\" \/>\n<meta property=\"og:url\" content=\"https:\/\/test.puhdasplus.ee\/lt\/tooted\/difuzoriai\/ultragarsinis-kvapu-difuzorius-dramblys-vaikams-120-ml\/\" \/>\n<meta property=\"og:site_name\" content=\"Puhdas+\" \/>\n<meta property=\"article:publisher\" content=\"https:\/\/www.facebook.com\/puhdasplus\" \/>\n<meta property=\"article:modified_time\" content=\"2026-03-10T12:39:27+00:00\" \/>\n<meta property=\"og:image\" content=\"https:\/\/test.puhdasplus.ee\/wp-content\/uploads\/2020\/01\/Aroma_Diffuuseri_Valkoinen_norsu_120ml_puhdasplus.webp\" \/>\n\t<meta property=\"og:image:width\" content=\"1600\" \/>\n\t<meta property=\"og:image:height\" content=\"2200\" \/>\n\t<meta property=\"og:image:type\" content=\"image\/webp\" \/>\n<meta name=\"twitter:card\" content=\"summary_large_image\" \/>\n<meta name=\"twitter:label1\" content=\"Est. reading time\" \/>\n\t<meta name=\"twitter:data1\" content=\"1 minut\u0117\" \/>\n<script type=\"application\/ld+json\" class=\"yoast-schema-graph\">{\"@context\":\"https:\/\/schema.org\",\"@graph\":[{\"@type\":\"WebPage\",\"@id\":\"https:\/\/test.puhdasplus.ee\/lt\/tooted\/difuzoriai\/ultragarsinis-kvapu-difuzorius-dramblys-vaikams-120-ml\/\",\"url\":\"https:\/\/test.puhdasplus.ee\/lt\/tooted\/difuzoriai\/ultragarsinis-kvapu-difuzorius-dramblys-vaikams-120-ml\/\",\"name\":\"Ultragarsinis kvap\u0173 difuzorius \u201eDramblys\u201c vaikams 120 ml - Puhdas+\",\"isPartOf\":{\"@id\":\"https:\/\/test.puhdasplus.ee\/lt\/#website\"},\"primaryImageOfPage\":{\"@id\":\"https:\/\/test.puhdasplus.ee\/lt\/tooted\/difuzoriai\/ultragarsinis-kvapu-difuzorius-dramblys-vaikams-120-ml\/#primaryimage\"},\"image\":{\"@id\":\"https:\/\/test.puhdasplus.ee\/lt\/tooted\/difuzoriai\/ultragarsinis-kvapu-difuzorius-dramblys-vaikams-120-ml\/#primaryimage\"},\"thumbnailUrl\":\"https:\/\/test.puhdasplus.ee\/wp-content\/uploads\/2020\/01\/Aroma_Diffuuseri_Valkoinen_norsu_120ml_puhdasplus.webp\",\"datePublished\":\"2020-01-23T20:16:14+00:00\",\"dateModified\":\"2026-03-10T12:39:27+00:00\",\"description\":\"Ultragarsinis aromaterapinis difuzorius \u201eElephant\u201c KIDS 120ml \u2013 puikus sprendimas norint sukurti rami\u0105 ir atpalaiduojan\u010di\u0105 atmosfer\u0105 vaik\u0173 miegamajame.\",\"breadcrumb\":{\"@id\":\"https:\/\/test.puhdasplus.ee\/lt\/tooted\/difuzoriai\/ultragarsinis-kvapu-difuzorius-dramblys-vaikams-120-ml\/#breadcrumb\"},\"inLanguage\":\"lt-LT\",\"potentialAction\":[{\"@type\":\"ReadAction\",\"target\":[\"https:\/\/test.puhdasplus.ee\/lt\/tooted\/difuzoriai\/ultragarsinis-kvapu-difuzorius-dramblys-vaikams-120-ml\/\"]}]},{\"@type\":\"ImageObject\",\"inLanguage\":\"lt-LT\",\"@id\":\"https:\/\/test.puhdasplus.ee\/lt\/tooted\/difuzoriai\/ultragarsinis-kvapu-difuzorius-dramblys-vaikams-120-ml\/#primaryimage\",\"url\":\"https:\/\/test.puhdasplus.ee\/wp-content\/uploads\/2020\/01\/Aroma_Diffuuseri_Valkoinen_norsu_120ml_puhdasplus.webp\",\"contentUrl\":\"https:\/\/test.puhdasplus.ee\/wp-content\/uploads\/2020\/01\/Aroma_Diffuuseri_Valkoinen_norsu_120ml_puhdasplus.webp\",\"width\":1600,\"height\":2200},{\"@type\":\"BreadcrumbList\",\"@id\":\"https:\/\/test.puhdasplus.ee\/lt\/tooted\/difuzoriai\/ultragarsinis-kvapu-difuzorius-dramblys-vaikams-120-ml\/#breadcrumb\",\"itemListElement\":[{\"@type\":\"ListItem\",\"position\":1,\"name\":\"Prad\u017eia\",\"item\":\"https:\/\/test.puhdasplus.ee\/lt\/\"},{\"@type\":\"ListItem\",\"position\":2,\"name\":\"Produktai\",\"item\":\"https:\/\/test.puhdasplus.ee\/lt\/parduotuve\/\"},{\"@type\":\"ListItem\",\"position\":3,\"name\":\"Ultragarsinis kvap\u0173 difuzorius \u201eDramblys\u201c vaikams 120 ml\"}]},{\"@type\":\"WebSite\",\"@id\":\"https:\/\/test.puhdasplus.ee\/lt\/#website\",\"url\":\"https:\/\/test.puhdasplus.ee\/lt\/\",\"name\":\"Puhdas+\",\"description\":\"Vitamiinid, Toidulisandid, looduskosmeetika, tervis, sport\",\"publisher\":{\"@id\":\"https:\/\/test.puhdasplus.ee\/lt\/#organization\"},\"potentialAction\":[{\"@type\":\"SearchAction\",\"target\":{\"@type\":\"EntryPoint\",\"urlTemplate\":\"https:\/\/test.puhdasplus.ee\/lt\/?s={search_term_string}\"},\"query-input\":{\"@type\":\"PropertyValueSpecification\",\"valueRequired\":true,\"valueName\":\"search_term_string\"}}],\"inLanguage\":\"lt-LT\"},{\"@type\":\"Organization\",\"@id\":\"https:\/\/test.puhdasplus.ee\/lt\/#organization\",\"name\":\"Puhdas+\",\"alternateName\":\"Puhdasplus\",\"url\":\"https:\/\/test.puhdasplus.ee\/lt\/\",\"logo\":{\"@type\":\"ImageObject\",\"inLanguage\":\"lt-LT\",\"@id\":\"https:\/\/test.puhdasplus.ee\/lt\/#\/schema\/logo\/image\/\",\"url\":\"https:\/\/test.puhdasplus.ee\/\/wp-content\/uploads\/2019\/10\/puhdas_logo-arvele.png\",\"contentUrl\":\"https:\/\/test.puhdasplus.ee\/\/wp-content\/uploads\/2019\/10\/puhdas_logo-arvele.png\",\"width\":114,\"height\":94,\"caption\":\"Puhdas+\"},\"image\":{\"@id\":\"https:\/\/test.puhdasplus.ee\/lt\/#\/schema\/logo\/image\/\"},\"sameAs\":[\"https:\/\/www.facebook.com\/puhdasplus\",\"https:\/\/www.instagram.com\/puhdasplus_ee\/\"]}]}<\/script>\n<!-- \/ Yoast SEO plugin. -->","yoast_head_json":{"title":"Ultragarsinis kvap\u0173 difuzorius \u201eDramblys\u201c vaikams 120 ml - Puhdas+","description":"Ultragarsinis aromaterapinis difuzorius \u201eElephant\u201c KIDS 120ml \u2013 puikus sprendimas norint sukurti rami\u0105 ir atpalaiduojan\u010di\u0105 atmosfer\u0105 vaik\u0173 miegamajame.","robots":{"index":"noindex","follow":"follow","max-snippet":"max-snippet:-1","max-image-preview":"max-image-preview:large","max-video-preview":"max-video-preview:-1"},"og_locale":"lt_LT","og_type":"article","og_title":"Ultragarsinis kvap\u0173 difuzorius \u201eDramblys\u201c vaikams 120 ml - Puhdas+","og_description":"Ultragarsinis aromaterapinis difuzorius \u201eElephant\u201c KIDS 120ml \u2013 puikus sprendimas norint sukurti rami\u0105 ir atpalaiduojan\u010di\u0105 atmosfer\u0105 vaik\u0173 miegamajame.","og_url":"https:\/\/test.puhdasplus.ee\/lt\/tooted\/difuzoriai\/ultragarsinis-kvapu-difuzorius-dramblys-vaikams-120-ml\/","og_site_name":"Puhdas+","article_publisher":"https:\/\/www.facebook.com\/puhdasplus","article_modified_time":"2026-03-10T12:39:27+00:00","og_image":[{"width":1600,"height":2200,"url":"https:\/\/test.puhdasplus.ee\/wp-content\/uploads\/2020\/01\/Aroma_Diffuuseri_Valkoinen_norsu_120ml_puhdasplus.webp","type":"image\/webp"}],"twitter_card":"summary_large_image","twitter_misc":{"Est. reading time":"1 minut\u0117"},"schema":{"@context":"https:\/\/schema.org","@graph":[{"@type":"WebPage","@id":"https:\/\/test.puhdasplus.ee\/lt\/tooted\/difuzoriai\/ultragarsinis-kvapu-difuzorius-dramblys-vaikams-120-ml\/","url":"https:\/\/test.puhdasplus.ee\/lt\/tooted\/difuzoriai\/ultragarsinis-kvapu-difuzorius-dramblys-vaikams-120-ml\/","name":"Ultragarsinis kvap\u0173 difuzorius \u201eDramblys\u201c vaikams 120 ml - Puhdas+","isPartOf":{"@id":"https:\/\/test.puhdasplus.ee\/lt\/#website"},"primaryImageOfPage":{"@id":"https:\/\/test.puhdasplus.ee\/lt\/tooted\/difuzoriai\/ultragarsinis-kvapu-difuzorius-dramblys-vaikams-120-ml\/#primaryimage"},"image":{"@id":"https:\/\/test.puhdasplus.ee\/lt\/tooted\/difuzoriai\/ultragarsinis-kvapu-difuzorius-dramblys-vaikams-120-ml\/#primaryimage"},"thumbnailUrl":"https:\/\/test.puhdasplus.ee\/wp-content\/uploads\/2020\/01\/Aroma_Diffuuseri_Valkoinen_norsu_120ml_puhdasplus.webp","datePublished":"2020-01-23T20:16:14+00:00","dateModified":"2026-03-10T12:39:27+00:00","description":"Ultragarsinis aromaterapinis difuzorius \u201eElephant\u201c KIDS 120ml \u2013 puikus sprendimas norint sukurti rami\u0105 ir atpalaiduojan\u010di\u0105 atmosfer\u0105 vaik\u0173 miegamajame.","breadcrumb":{"@id":"https:\/\/test.puhdasplus.ee\/lt\/tooted\/difuzoriai\/ultragarsinis-kvapu-difuzorius-dramblys-vaikams-120-ml\/#breadcrumb"},"inLanguage":"lt-LT","potentialAction":[{"@type":"ReadAction","target":["https:\/\/test.puhdasplus.ee\/lt\/tooted\/difuzoriai\/ultragarsinis-kvapu-difuzorius-dramblys-vaikams-120-ml\/"]}]},{"@type":"ImageObject","inLanguage":"lt-LT","@id":"https:\/\/test.puhdasplus.ee\/lt\/tooted\/difuzoriai\/ultragarsinis-kvapu-difuzorius-dramblys-vaikams-120-ml\/#primaryimage","url":"https:\/\/test.puhdasplus.ee\/wp-content\/uploads\/2020\/01\/Aroma_Diffuuseri_Valkoinen_norsu_120ml_puhdasplus.webp","contentUrl":"https:\/\/test.puhdasplus.ee\/wp-content\/uploads\/2020\/01\/Aroma_Diffuuseri_Valkoinen_norsu_120ml_puhdasplus.webp","width":1600,"height":2200},{"@type":"BreadcrumbList","@id":"https:\/\/test.puhdasplus.ee\/lt\/tooted\/difuzoriai\/ultragarsinis-kvapu-difuzorius-dramblys-vaikams-120-ml\/#breadcrumb","itemListElement":[{"@type":"ListItem","position":1,"name":"Prad\u017eia","item":"https:\/\/test.puhdasplus.ee\/lt\/"},{"@type":"ListItem","position":2,"name":"Produktai","item":"https:\/\/test.puhdasplus.ee\/lt\/parduotuve\/"},{"@type":"ListItem","position":3,"name":"Ultragarsinis kvap\u0173 difuzorius \u201eDramblys\u201c vaikams 120 ml"}]},{"@type":"WebSite","@id":"https:\/\/test.puhdasplus.ee\/lt\/#website","url":"https:\/\/test.puhdasplus.ee\/lt\/","name":"Puhdas+","description":"Vitamiinid, Toidulisandid, looduskosmeetika, tervis, sport","publisher":{"@id":"https:\/\/test.puhdasplus.ee\/lt\/#organization"},"potentialAction":[{"@type":"SearchAction","target":{"@type":"EntryPoint","urlTemplate":"https:\/\/test.puhdasplus.ee\/lt\/?s={search_term_string}"},"query-input":{"@type":"PropertyValueSpecification","valueRequired":true,"valueName":"search_term_string"}}],"inLanguage":"lt-LT"},{"@type":"Organization","@id":"https:\/\/test.puhdasplus.ee\/lt\/#organization","name":"Puhdas+","alternateName":"Puhdasplus","url":"https:\/\/test.puhdasplus.ee\/lt\/","logo":{"@type":"ImageObject","inLanguage":"lt-LT","@id":"https:\/\/test.puhdasplus.ee\/lt\/#\/schema\/logo\/image\/","url":"https:\/\/test.puhdasplus.ee\/\/wp-content\/uploads\/2019\/10\/puhdas_logo-arvele.png","contentUrl":"https:\/\/test.puhdasplus.ee\/\/wp-content\/uploads\/2019\/10\/puhdas_logo-arvele.png","width":114,"height":94,"caption":"Puhdas+"},"image":{"@id":"https:\/\/test.puhdasplus.ee\/lt\/#\/schema\/logo\/image\/"},"sameAs":["https:\/\/www.facebook.com\/puhdasplus","https:\/\/www.instagram.com\/puhdasplus_ee\/"]}]}},"_links":{"self":[{"href":"https:\/\/test.puhdasplus.ee\/lt\/wp-json\/wp\/v2\/product\/353325","targetHints":{"allow":["GET"]}}],"collection":[{"href":"https:\/\/test.puhdasplus.ee\/lt\/wp-json\/wp\/v2\/product"}],"about":[{"href":"https:\/\/test.puhdasplus.ee\/lt\/wp-json\/wp\/v2\/types\/product"}],"replies":[{"embeddable":true,"href":"https:\/\/test.puhdasplus.ee\/lt\/wp-json\/wp\/v2\/comments?post=353325"}],"wp:featuredmedia":[{"embeddable":true,"href":"https:\/\/test.puhdasplus.ee\/lt\/wp-json\/wp\/v2\/media\/353329"}],"wp:attachment":[{"href":"https:\/\/test.puhdasplus.ee\/lt\/wp-json\/wp\/v2\/media?parent=353325"}],"wp:term":[{"taxonomy":"product_brand","embeddable":true,"href":"https:\/\/test.puhdasplus.ee\/lt\/wp-json\/wp\/v2\/product_brand?post=353325"},{"taxonomy":"product_cat","embeddable":true,"href":"https:\/\/test.puhdasplus.ee\/lt\/wp-json\/wp\/v2\/product_cat?post=353325"},{"taxonomy":"product_tag","embeddable":true,"href":"https:\/\/test.puhdasplus.ee\/lt\/wp-json\/wp\/v2\/product_tag?post=353325"}],"curies":[{"name":"wp","href":"https:\/\/api.w.org\/{rel}","templated":true}]}}