{"id":353309,"date":"2020-07-17T22:16:36","date_gmt":"2020-07-17T19:16:36","guid":{"rendered":"https:\/\/test.puhdasplus.ee\/\/tooted\/be-kategorijos\/chlorella-ir-spirulina-500-mg-300-kapsuliu\/"},"modified":"2026-03-10T14:36:49","modified_gmt":"2026-03-10T12:36:49","slug":"chlorella-ir-spirulina-500-mg-300-kapsuliu","status":"publish","type":"product","link":"https:\/\/test.puhdasplus.ee\/lt\/tooted\/specialus-pasiulymai\/chlorella-ir-spirulina-500-mg-300-kapsuliu\/","title":{"rendered":"Chlorella ir spirulina 500 mg 300 kapsuli\u0173"},"content":{"rendered":"<h2 class=\"\" data-start=\"200\" data-end=\"243\">Kas yra \u201ePure+\u201c chlorella ir spirulina?<\/h2>\n<p data-start=\"1101\" data-end=\"1551\">\u201ePuhdas+ Premium Chlorella &amp; Spirulina\u201c vienoje tablet\u0117je sujungia du maisting\u0173 med\u017eiag\u0173 turin\u010dius mikrodumblius \u2013 chlorel\u0105 ir spirulin\u0105. Abu jie vertinami d\u0117l didelio baltym\u0173, vitamin\u0173 ir mineral\u0173 kiekio ir yra \u017einomi kaip supermaistas. Produktas yra 100 % be pried\u0173, konservant\u0173, da\u017eikli\u0173 ar saldikli\u0173 ir tinka veganams. Pagaminta Suomijoje laikantis auk\u0161t\u0173 kokyb\u0117s standart\u0173.   <\/p>\n<h2 class=\"\" data-start=\"447\" data-end=\"473\">Kod\u0117l \u201ePure+ Chlorella &amp; Spirulina\u201c?<\/h2>\n<ul data-start=\"475\" data-end=\"837\">\n<li class=\"\" style=\"list-style-type: none;\" data-start=\"475\" data-end=\"653\">\n<ul>\n<li data-start=\"1602\" data-end=\"1654\">\n<p data-start=\"1604\" data-end=\"1654\">Du maistini\u0173 med\u017eiag\u0173 turtingi mikroalgiai vienoje tablet\u0117je<\/p>\n<\/li>\n<li data-start=\"1655\" data-end=\"1694\">\n<p data-start=\"1657\" data-end=\"1694\">100 % gryna ir be pried\u0173 formul\u0117<\/p>\n<\/li>\n<li data-start=\"1695\" data-end=\"1735\">\n<p data-start=\"1697\" data-end=\"1735\">Tinka veganams ir vegetarams<\/p>\n<\/li>\n<\/ul>\n<\/li>\n<\/ul>\n<h2 class=\"\" data-start=\"844\" data-end=\"861\">Ingredientai<\/h2>\n<ul data-start=\"863\" data-end=\"992\">\n<li class=\"\" data-start=\"863\" data-end=\"904\">\n<p class=\"\" data-start=\"865\" data-end=\"904\"><span class=\"relative -mx-px my-[-0.2rem] rounded px-px py-[0.2rem] transition-colors duration-100 ease-in-out\"><strong data-start=\"0\" data-end=\"13\" data-is-last-node=\"\" data-is-only-node=\"\">Chlorella<\/strong><\/span><\/p>\n<\/li>\n<li class=\"\" data-start=\"905\" data-end=\"992\">\n<p class=\"\" data-start=\"907\" data-end=\"992\"><span class=\"relative -mx-px my-[-0.2rem] rounded px-px py-[0.2rem] transition-colors duration-100 ease-in-out\"><strong data-start=\"0\" data-end=\"13\" data-is-last-node=\"\" data-is-only-node=\"\">Spirulina<\/strong><\/span><\/p>\n<\/li>\n<li data-start=\"905\" data-end=\"992\"><span class=\"relative -mx-px my-[-0.2rem] rounded px-px py-[0.2rem] transition-colors duration-100 ease-in-out\">Produkte n\u0117ra laktoz\u0117s, glitimo, mieli\u0173, cukraus, druskos, krakmolo, kukur\u016bz\u0173, sojos ar saldikli\u0173.<\/span> <span class=\"relative -mx-px my-[-0.2rem] rounded px-px py-[0.2rem] transition-colors duration-100 ease-in-out\">Tinka veganams.<\/span><\/li>\n<\/ul>\n<h2 class=\"\" data-start=\"1126\" data-end=\"1157\">Maistin\u0117 vert\u0117 (4 tablet\u0117s)<\/h2>\n<ul data-start=\"1159\" data-end=\"1318\">\n<li class=\"\" data-start=\"1159\" data-end=\"1215\">\n<p class=\"\" data-start=\"1161\" data-end=\"1215\"><strong data-start=\"1161\" data-end=\"1174\">Spirulina<\/strong> : <span class=\"relative -mx-px my-[-0.2rem] rounded px-px py-[0.2rem] transition-colors duration-100 ease-in-out\">1000 mg<\/span><\/p>\n<\/li>\n<li class=\"\" data-start=\"1216\" data-end=\"1318\">\n<p class=\"\" data-start=\"1218\" data-end=\"1318\"><strong data-start=\"1218\" data-end=\"1231\">Chlorella<\/strong> : <span class=\"relative -mx-px my-[-0.2rem] rounded px-px py-[0.2rem] transition-colors duration-100 ease-in-out\">1000 mg<\/span><\/p>\n<\/li>\n<\/ul>\n<h2 class=\"\" data-start=\"1325\" data-end=\"1341\">Naudojimas<\/h2>\n<p class=\"\" data-start=\"1343\" data-end=\"1548\"><span class=\"relative -mx-px my-[-0.2rem] rounded px-px py-[0.2rem] transition-colors duration-100 ease-in-out\">Suaugusiesiems: 4\u20138 tablet\u0117s per dien\u0105.<\/span> <span class=\"relative -mx-px my-[-0.2rem] rounded px-px py-[0.2rem] transition-colors duration-100 ease-in-out\">Nevir\u0161ykite rekomenduojamos paros doz\u0117s.<\/span> <span class=\"relative -mx-px my-[-0.2rem] rounded px-px py-[0.2rem] transition-colors duration-100 ease-in-out\">\u0160is maisto papildas nepakei\u010dia \u012fvairios ir subalansuotos mitybos ar sveiko gyvenimo b\u016bdo.<\/span> <span class=\"relative -mx-px my-[-0.2rem] rounded px-px py-[0.2rem] transition-colors duration-100 ease-in-out\">Laikyti vaikams nepasiekiamoje vietoje.<\/span><\/p>\n","protected":false},"excerpt":{"rendered":"<p data-start=\"986\" data-end=\"1253\"><strong data-start=\"986\" data-end=\"1102\">Nat\u016bralus ir be pried\u0173 maisto papildas, kuriame derinamos dvi maistini\u0173 med\u017eiag\u0173 turtingos dumbli\u0173 r\u016b\u0161ys: chlorella ir spirulina.<\/strong>  \u0160ie dumbliai vertinami d\u0117l itin didelio baltym\u0173, vitamin\u0173 ir mineral\u0173 kiekio ir yra \u017einomi kaip nat\u016bralus supermaistas.<\/p>\n<p data-start=\"1255\" data-end=\"1548\"><strong data-start=\"1255\" data-end=\"1268\">Spirulina<\/strong> yra puikus augalin\u0117s kilm\u0117s baltym\u0173 \u0161altinis, suteikiantis daugiau nei 60 % lengvai vir\u0161kinam\u0173 baltym\u0173 su nepakei\u010diamomis aminor\u016bg\u0161timis. Joje taip pat yra \u012fvairi\u0173 vitamin\u0173 ir mineral\u0173, \u012fskaitant B grup\u0117s vitaminus, beta karoten\u0105, vitamin\u0105 E ir mikroelementus, tokius kaip cinkas, varis, gele\u017eis ir selenas. <\/p>\n<p data-start=\"1550\" data-end=\"1697\"><strong data-start=\"1550\" data-end=\"1563\">Chlorella<\/strong> i\u0161siskiria dideliu chlorofilo kiekiu, taip pat joje yra \u012fvairi\u0173 vitamin\u0173, mineral\u0173 ir amino r\u016bg\u0161\u010di\u0173.<\/p>\n<p data-start=\"1699\" data-end=\"1883\"><strong data-start=\"1699\" data-end=\"1732\">\u201ePure+ Chlorella &amp; Spirulina\u201c<\/strong> yra 100 % be pried\u0173 ir tinka veganams bei visiems, ie\u0161kantiems gryno ir nat\u016bralaus papildo savo kasdienei mitybai papildyti.<\/p>\n<p data-start=\"1885\" data-end=\"2033\">Reguliarus vartojimas yra patogus b\u016bdas padidinti baltym\u0173, vitamin\u0173 ir mineral\u0173 suvartojim\u0105 bei nat\u016braliai praturtinti savo dienos valgiara\u0161t\u012f.<\/p>\n","protected":false},"featured_media":353312,"comment_status":"closed","ping_status":"closed","template":"","meta":{"_acf_changed":false},"product_brand":[],"product_cat":[3282,3049,3318],"product_tag":[3957,6441,6445,3131,6442,6444,5627,3026,6446,6443],"class_list":{"0":"post-353309","1":"product","2":"type-product","3":"status-publish","4":"has-post-thumbnail","6":"product_cat-oda-plaukai-nagai","7":"product_cat-specialus-pasiulymai","8":"product_cat-virskinimas-ir-medziagu-apykaita","9":"product_tag-baltymas","10":"product_tag-chlorella-lt","11":"product_tag-chlorofilas","12":"product_tag-maisto-papildas","13":"product_tag-mikrodumbliai","14":"product_tag-mineralai","15":"product_tag-spirulina-lt","16":"product_tag-supermaistas","17":"product_tag-vegetaras","18":"product_tag-vitaminai","20":"first","21":"instock","22":"sale","23":"featured","24":"taxable","25":"shipping-taxable","26":"purchasable","27":"product-type-simple"},"acf":[],"yoast_head":"<!-- This site is optimized with the Yoast SEO plugin v27.1.1 - https:\/\/yoast.com\/product\/yoast-seo-wordpress\/ -->\n<title>Chlorella ir spirulina 500 mg 300 kapsuli\u0173 - Puhdas+<\/title>\n<meta name=\"description\" content=\"Chlorel\u0117s ir spirulinos 500 mg tablet\u0117s sujungia dviej\u0173 supermaisto produkt\u0173 naudingas savybes, u\u017etikrindamos gaus\u0173 baltym\u0173, vitamin\u0173 ir mineral\u0173 \u0161altin\u012f.\" \/>\n<meta name=\"robots\" content=\"noindex, follow, max-snippet:-1, max-image-preview:large, max-video-preview:-1\" \/>\n<meta property=\"og:locale\" content=\"lt_LT\" \/>\n<meta property=\"og:type\" content=\"article\" \/>\n<meta property=\"og:title\" content=\"Chlorella ir spirulina 500 mg 300 kapsuli\u0173 - Puhdas+\" \/>\n<meta property=\"og:description\" content=\"Chlorel\u0117s ir spirulinos 500 mg tablet\u0117s sujungia dviej\u0173 supermaisto produkt\u0173 naudingas savybes, u\u017etikrindamos gaus\u0173 baltym\u0173, vitamin\u0173 ir mineral\u0173 \u0161altin\u012f.\" \/>\n<meta property=\"og:url\" content=\"https:\/\/test.puhdasplus.ee\/lt\/tooted\/specialus-pasiulymai\/chlorella-ir-spirulina-500-mg-300-kapsuliu\/\" \/>\n<meta property=\"og:site_name\" content=\"Puhdas+\" \/>\n<meta property=\"article:publisher\" content=\"https:\/\/www.facebook.com\/puhdasplus\" \/>\n<meta property=\"article:modified_time\" content=\"2026-03-10T12:36:49+00:00\" \/>\n<meta property=\"og:image\" content=\"https:\/\/test.puhdasplus.ee\/wp-content\/uploads\/2025\/03\/20.jpg\" \/>\n\t<meta property=\"og:image:width\" content=\"1862\" \/>\n\t<meta property=\"og:image:height\" content=\"2560\" \/>\n\t<meta property=\"og:image:type\" content=\"image\/jpeg\" \/>\n<meta name=\"twitter:card\" content=\"summary_large_image\" \/>\n<meta name=\"twitter:label1\" content=\"Est. reading time\" \/>\n\t<meta name=\"twitter:data1\" content=\"1 minut\u0117\" \/>\n<script type=\"application\/ld+json\" class=\"yoast-schema-graph\">{\"@context\":\"https:\/\/schema.org\",\"@graph\":[{\"@type\":\"WebPage\",\"@id\":\"https:\/\/test.puhdasplus.ee\/lt\/tooted\/specialus-pasiulymai\/chlorella-ir-spirulina-500-mg-300-kapsuliu\/\",\"url\":\"https:\/\/test.puhdasplus.ee\/lt\/tooted\/specialus-pasiulymai\/chlorella-ir-spirulina-500-mg-300-kapsuliu\/\",\"name\":\"Chlorella ir spirulina 500 mg 300 kapsuli\u0173 - Puhdas+\",\"isPartOf\":{\"@id\":\"https:\/\/test.puhdasplus.ee\/lt\/#website\"},\"primaryImageOfPage\":{\"@id\":\"https:\/\/test.puhdasplus.ee\/lt\/tooted\/specialus-pasiulymai\/chlorella-ir-spirulina-500-mg-300-kapsuliu\/#primaryimage\"},\"image\":{\"@id\":\"https:\/\/test.puhdasplus.ee\/lt\/tooted\/specialus-pasiulymai\/chlorella-ir-spirulina-500-mg-300-kapsuliu\/#primaryimage\"},\"thumbnailUrl\":\"https:\/\/test.puhdasplus.ee\/wp-content\/uploads\/2025\/03\/20.jpg\",\"datePublished\":\"2020-07-17T19:16:36+00:00\",\"dateModified\":\"2026-03-10T12:36:49+00:00\",\"description\":\"Chlorel\u0117s ir spirulinos 500 mg tablet\u0117s sujungia dviej\u0173 supermaisto produkt\u0173 naudingas savybes, u\u017etikrindamos gaus\u0173 baltym\u0173, vitamin\u0173 ir mineral\u0173 \u0161altin\u012f.\",\"breadcrumb\":{\"@id\":\"https:\/\/test.puhdasplus.ee\/lt\/tooted\/specialus-pasiulymai\/chlorella-ir-spirulina-500-mg-300-kapsuliu\/#breadcrumb\"},\"inLanguage\":\"lt-LT\",\"potentialAction\":[{\"@type\":\"ReadAction\",\"target\":[\"https:\/\/test.puhdasplus.ee\/lt\/tooted\/specialus-pasiulymai\/chlorella-ir-spirulina-500-mg-300-kapsuliu\/\"]}]},{\"@type\":\"ImageObject\",\"inLanguage\":\"lt-LT\",\"@id\":\"https:\/\/test.puhdasplus.ee\/lt\/tooted\/specialus-pasiulymai\/chlorella-ir-spirulina-500-mg-300-kapsuliu\/#primaryimage\",\"url\":\"https:\/\/test.puhdasplus.ee\/wp-content\/uploads\/2025\/03\/20.jpg\",\"contentUrl\":\"https:\/\/test.puhdasplus.ee\/wp-content\/uploads\/2025\/03\/20.jpg\",\"width\":1862,\"height\":2560,\"caption\":\"Chlorella ir spirulina 500 mg 300 kapsuli\u0173\"},{\"@type\":\"BreadcrumbList\",\"@id\":\"https:\/\/test.puhdasplus.ee\/lt\/tooted\/specialus-pasiulymai\/chlorella-ir-spirulina-500-mg-300-kapsuliu\/#breadcrumb\",\"itemListElement\":[{\"@type\":\"ListItem\",\"position\":1,\"name\":\"Prad\u017eia\",\"item\":\"https:\/\/test.puhdasplus.ee\/lt\/\"},{\"@type\":\"ListItem\",\"position\":2,\"name\":\"Produktai\",\"item\":\"https:\/\/test.puhdasplus.ee\/lt\/parduotuve\/\"},{\"@type\":\"ListItem\",\"position\":3,\"name\":\"Chlorella ir spirulina 500 mg 300 kapsuli\u0173\"}]},{\"@type\":\"WebSite\",\"@id\":\"https:\/\/test.puhdasplus.ee\/lt\/#website\",\"url\":\"https:\/\/test.puhdasplus.ee\/lt\/\",\"name\":\"Puhdas+\",\"description\":\"Vitamiinid, Toidulisandid, looduskosmeetika, tervis, sport\",\"publisher\":{\"@id\":\"https:\/\/test.puhdasplus.ee\/lt\/#organization\"},\"potentialAction\":[{\"@type\":\"SearchAction\",\"target\":{\"@type\":\"EntryPoint\",\"urlTemplate\":\"https:\/\/test.puhdasplus.ee\/lt\/?s={search_term_string}\"},\"query-input\":{\"@type\":\"PropertyValueSpecification\",\"valueRequired\":true,\"valueName\":\"search_term_string\"}}],\"inLanguage\":\"lt-LT\"},{\"@type\":\"Organization\",\"@id\":\"https:\/\/test.puhdasplus.ee\/lt\/#organization\",\"name\":\"Puhdas+\",\"alternateName\":\"Puhdasplus\",\"url\":\"https:\/\/test.puhdasplus.ee\/lt\/\",\"logo\":{\"@type\":\"ImageObject\",\"inLanguage\":\"lt-LT\",\"@id\":\"https:\/\/test.puhdasplus.ee\/lt\/#\/schema\/logo\/image\/\",\"url\":\"https:\/\/test.puhdasplus.ee\/\/wp-content\/uploads\/2019\/10\/puhdas_logo-arvele.png\",\"contentUrl\":\"https:\/\/test.puhdasplus.ee\/\/wp-content\/uploads\/2019\/10\/puhdas_logo-arvele.png\",\"width\":114,\"height\":94,\"caption\":\"Puhdas+\"},\"image\":{\"@id\":\"https:\/\/test.puhdasplus.ee\/lt\/#\/schema\/logo\/image\/\"},\"sameAs\":[\"https:\/\/www.facebook.com\/puhdasplus\",\"https:\/\/www.instagram.com\/puhdasplus_ee\/\"]}]}<\/script>\n<!-- \/ Yoast SEO plugin. -->","yoast_head_json":{"title":"Chlorella ir spirulina 500 mg 300 kapsuli\u0173 - Puhdas+","description":"Chlorel\u0117s ir spirulinos 500 mg tablet\u0117s sujungia dviej\u0173 supermaisto produkt\u0173 naudingas savybes, u\u017etikrindamos gaus\u0173 baltym\u0173, vitamin\u0173 ir mineral\u0173 \u0161altin\u012f.","robots":{"index":"noindex","follow":"follow","max-snippet":"max-snippet:-1","max-image-preview":"max-image-preview:large","max-video-preview":"max-video-preview:-1"},"og_locale":"lt_LT","og_type":"article","og_title":"Chlorella ir spirulina 500 mg 300 kapsuli\u0173 - Puhdas+","og_description":"Chlorel\u0117s ir spirulinos 500 mg tablet\u0117s sujungia dviej\u0173 supermaisto produkt\u0173 naudingas savybes, u\u017etikrindamos gaus\u0173 baltym\u0173, vitamin\u0173 ir mineral\u0173 \u0161altin\u012f.","og_url":"https:\/\/test.puhdasplus.ee\/lt\/tooted\/specialus-pasiulymai\/chlorella-ir-spirulina-500-mg-300-kapsuliu\/","og_site_name":"Puhdas+","article_publisher":"https:\/\/www.facebook.com\/puhdasplus","article_modified_time":"2026-03-10T12:36:49+00:00","og_image":[{"width":1862,"height":2560,"url":"https:\/\/test.puhdasplus.ee\/wp-content\/uploads\/2025\/03\/20.jpg","type":"image\/jpeg"}],"twitter_card":"summary_large_image","twitter_misc":{"Est. reading time":"1 minut\u0117"},"schema":{"@context":"https:\/\/schema.org","@graph":[{"@type":"WebPage","@id":"https:\/\/test.puhdasplus.ee\/lt\/tooted\/specialus-pasiulymai\/chlorella-ir-spirulina-500-mg-300-kapsuliu\/","url":"https:\/\/test.puhdasplus.ee\/lt\/tooted\/specialus-pasiulymai\/chlorella-ir-spirulina-500-mg-300-kapsuliu\/","name":"Chlorella ir spirulina 500 mg 300 kapsuli\u0173 - Puhdas+","isPartOf":{"@id":"https:\/\/test.puhdasplus.ee\/lt\/#website"},"primaryImageOfPage":{"@id":"https:\/\/test.puhdasplus.ee\/lt\/tooted\/specialus-pasiulymai\/chlorella-ir-spirulina-500-mg-300-kapsuliu\/#primaryimage"},"image":{"@id":"https:\/\/test.puhdasplus.ee\/lt\/tooted\/specialus-pasiulymai\/chlorella-ir-spirulina-500-mg-300-kapsuliu\/#primaryimage"},"thumbnailUrl":"https:\/\/test.puhdasplus.ee\/wp-content\/uploads\/2025\/03\/20.jpg","datePublished":"2020-07-17T19:16:36+00:00","dateModified":"2026-03-10T12:36:49+00:00","description":"Chlorel\u0117s ir spirulinos 500 mg tablet\u0117s sujungia dviej\u0173 supermaisto produkt\u0173 naudingas savybes, u\u017etikrindamos gaus\u0173 baltym\u0173, vitamin\u0173 ir mineral\u0173 \u0161altin\u012f.","breadcrumb":{"@id":"https:\/\/test.puhdasplus.ee\/lt\/tooted\/specialus-pasiulymai\/chlorella-ir-spirulina-500-mg-300-kapsuliu\/#breadcrumb"},"inLanguage":"lt-LT","potentialAction":[{"@type":"ReadAction","target":["https:\/\/test.puhdasplus.ee\/lt\/tooted\/specialus-pasiulymai\/chlorella-ir-spirulina-500-mg-300-kapsuliu\/"]}]},{"@type":"ImageObject","inLanguage":"lt-LT","@id":"https:\/\/test.puhdasplus.ee\/lt\/tooted\/specialus-pasiulymai\/chlorella-ir-spirulina-500-mg-300-kapsuliu\/#primaryimage","url":"https:\/\/test.puhdasplus.ee\/wp-content\/uploads\/2025\/03\/20.jpg","contentUrl":"https:\/\/test.puhdasplus.ee\/wp-content\/uploads\/2025\/03\/20.jpg","width":1862,"height":2560,"caption":"Chlorella ir spirulina 500 mg 300 kapsuli\u0173"},{"@type":"BreadcrumbList","@id":"https:\/\/test.puhdasplus.ee\/lt\/tooted\/specialus-pasiulymai\/chlorella-ir-spirulina-500-mg-300-kapsuliu\/#breadcrumb","itemListElement":[{"@type":"ListItem","position":1,"name":"Prad\u017eia","item":"https:\/\/test.puhdasplus.ee\/lt\/"},{"@type":"ListItem","position":2,"name":"Produktai","item":"https:\/\/test.puhdasplus.ee\/lt\/parduotuve\/"},{"@type":"ListItem","position":3,"name":"Chlorella ir spirulina 500 mg 300 kapsuli\u0173"}]},{"@type":"WebSite","@id":"https:\/\/test.puhdasplus.ee\/lt\/#website","url":"https:\/\/test.puhdasplus.ee\/lt\/","name":"Puhdas+","description":"Vitamiinid, Toidulisandid, looduskosmeetika, tervis, sport","publisher":{"@id":"https:\/\/test.puhdasplus.ee\/lt\/#organization"},"potentialAction":[{"@type":"SearchAction","target":{"@type":"EntryPoint","urlTemplate":"https:\/\/test.puhdasplus.ee\/lt\/?s={search_term_string}"},"query-input":{"@type":"PropertyValueSpecification","valueRequired":true,"valueName":"search_term_string"}}],"inLanguage":"lt-LT"},{"@type":"Organization","@id":"https:\/\/test.puhdasplus.ee\/lt\/#organization","name":"Puhdas+","alternateName":"Puhdasplus","url":"https:\/\/test.puhdasplus.ee\/lt\/","logo":{"@type":"ImageObject","inLanguage":"lt-LT","@id":"https:\/\/test.puhdasplus.ee\/lt\/#\/schema\/logo\/image\/","url":"https:\/\/test.puhdasplus.ee\/\/wp-content\/uploads\/2019\/10\/puhdas_logo-arvele.png","contentUrl":"https:\/\/test.puhdasplus.ee\/\/wp-content\/uploads\/2019\/10\/puhdas_logo-arvele.png","width":114,"height":94,"caption":"Puhdas+"},"image":{"@id":"https:\/\/test.puhdasplus.ee\/lt\/#\/schema\/logo\/image\/"},"sameAs":["https:\/\/www.facebook.com\/puhdasplus","https:\/\/www.instagram.com\/puhdasplus_ee\/"]}]}},"_links":{"self":[{"href":"https:\/\/test.puhdasplus.ee\/lt\/wp-json\/wp\/v2\/product\/353309","targetHints":{"allow":["GET"]}}],"collection":[{"href":"https:\/\/test.puhdasplus.ee\/lt\/wp-json\/wp\/v2\/product"}],"about":[{"href":"https:\/\/test.puhdasplus.ee\/lt\/wp-json\/wp\/v2\/types\/product"}],"replies":[{"embeddable":true,"href":"https:\/\/test.puhdasplus.ee\/lt\/wp-json\/wp\/v2\/comments?post=353309"}],"wp:featuredmedia":[{"embeddable":true,"href":"https:\/\/test.puhdasplus.ee\/lt\/wp-json\/wp\/v2\/media\/353312"}],"wp:attachment":[{"href":"https:\/\/test.puhdasplus.ee\/lt\/wp-json\/wp\/v2\/media?parent=353309"}],"wp:term":[{"taxonomy":"product_brand","embeddable":true,"href":"https:\/\/test.puhdasplus.ee\/lt\/wp-json\/wp\/v2\/product_brand?post=353309"},{"taxonomy":"product_cat","embeddable":true,"href":"https:\/\/test.puhdasplus.ee\/lt\/wp-json\/wp\/v2\/product_cat?post=353309"},{"taxonomy":"product_tag","embeddable":true,"href":"https:\/\/test.puhdasplus.ee\/lt\/wp-json\/wp\/v2\/product_tag?post=353309"}],"curies":[{"name":"wp","href":"https:\/\/api.w.org\/{rel}","templated":true}]}}