{"id":353296,"date":"2020-02-16T11:15:14","date_gmt":"2020-02-16T09:15:14","guid":{"rendered":"https:\/\/test.puhdasplus.ee\/\/tooted\/be-kategorijos\/pieno-rugsties-bakteriju-2-milijardai-60-kapsuliu\/"},"modified":"2026-03-10T14:39:40","modified_gmt":"2026-03-10T12:39:40","slug":"pieno-rugsties-bakteriju-2-milijardai-60-kapsuliu","status":"publish","type":"product","link":"https:\/\/test.puhdasplus.ee\/lt\/tooted\/imunine-sistema\/pieno-rugsties-bakteriju-2-milijardai-60-kapsuliu\/","title":{"rendered":"Pieno r\u016bg\u0161ties bakterij\u0173 2 milijardai, 60 kapsuli\u0173"},"content":{"rendered":"<h2 class=\"\" data-start=\"200\" data-end=\"271\">Kas yra \u201ePuhdas+\u201c pieno r\u016bg\u0161ties bakterij\u0173 2 milijardai ir kod\u0117l jos naudingos?<\/h2>\n<p class=\"\" data-start=\"273\" data-end=\"598\"><strong data-start=\"273\" data-end=\"314\">\u201ePuhdas+ Lactic Acid Bacteria 2 Billion\u201c<\/strong> \u2013 tai <strong data-start=\"352\" data-end=\"381\">probiotinis papildas<\/strong> kasdieniam vartojimui, kurio sud\u0117tyje yra keturios \u017emon\u0117ms b\u016bdingos pieno r\u016bg\u0161ties bakterij\u0173 paderm\u0117s. Kiekvienoje kapsul\u0117je yra 2 milijardai gyvybing\u0173 bakterij\u0173 (KSV \u2013 kolonijas formuojantys vienetai), kurios padeda palaikyti ir stiprinti <strong data-start=\"561\" data-end=\"597\">\u017earnyno mikrofloros pusiausvyr\u0105<\/strong> . <\/p>\n<p class=\"\" data-start=\"600\" data-end=\"1009\">\u017darnyno mikrobiot\u0105 sudaro milijardai mikroorganizm\u0173, i\u0161 kuri\u0173 daugelis atlieka svarb\u0173 vaidmen\u012f reguliuojant vir\u0161kinim\u0105, med\u017eiag\u0173 apykait\u0105, maistini\u0173 med\u017eiag\u0173 \u012fsisavinim\u0105 ir net imunin\u0119 funkcij\u0105. Kai \u0161i pusiausvyra sutrinka, pavyzd\u017eiui, <strong data-start=\"885\" data-end=\"922\">d\u0117l streso, mitybos \u012fpro\u010di\u0173, ligos ar vaist\u0173, ypa\u010d antibiotik\u0173,<\/strong> vartojimo, tai gali sukelti vir\u0161kinimo sutrikimus, nuovarg\u012f arba padid\u0117jus\u012f jautrum\u0105 virusin\u0117ms infekcijoms. <\/p>\n<p class=\"\" data-start=\"1011\" data-end=\"1154\">\u010cia praver\u010dia probiotikai. \u201ePure+\u201c pieno r\u016bg\u0161ties bakterij\u0173 2 milijard\u0173 kapsuli\u0173 sud\u0117tyje yra \u0161ios gerai \u017einomos ir i\u0161tirtos bakterij\u0173 paderm\u0117s: <\/p>\n<ul data-start=\"1156\" data-end=\"1268\">\n<li class=\"\" data-start=\"1156\" data-end=\"1185\">\n<p class=\"\" data-start=\"1158\" data-end=\"1185\"><strong data-start=\"1158\" data-end=\"1185\">Lactobacillus rhamnosus<\/strong><\/p>\n<\/li>\n<li class=\"\" data-start=\"1186\" data-end=\"1214\">\n<p class=\"\" data-start=\"1188\" data-end=\"1214\"><strong data-start=\"1188\" data-end=\"1214\">Bifidobacterium lactis<\/strong><\/p>\n<\/li>\n<li class=\"\" data-start=\"1215\" data-end=\"1242\">\n<p class=\"\" data-start=\"1217\" data-end=\"1242\"><strong data-start=\"1217\" data-end=\"1242\">Lactobacillus reuteri<\/strong><\/p>\n<\/li>\n<li class=\"\" data-start=\"1243\" data-end=\"1268\">\n<p class=\"\" data-start=\"1245\" data-end=\"1268\"><strong data-start=\"1245\" data-end=\"1268\">Lactobacillus casei<\/strong><\/p>\n<\/li>\n<\/ul>\n<p class=\"\" data-start=\"1270\" data-end=\"1399\">\u0160ios bakterijos yra nat\u016brali \u017emogaus mikrofloros dalis, o reguliarus j\u0173 vartojimas padeda palaikyti organizmo vidin\u0119 pusiausvyr\u0105.<\/p>\n<h2 class=\"\" data-start=\"1798\" data-end=\"1822\">Kada j\u012f naudoti?<\/h2>\n<p class=\"\" data-start=\"1824\" data-end=\"1877\">Produktas tinka kasdieniam naudojimui ir ypa\u010d tinka:<\/p>\n<ul data-start=\"1878\" data-end=\"2145\">\n<li class=\"\" data-start=\"1878\" data-end=\"1908\">\n<p class=\"\" data-start=\"1880\" data-end=\"1908\">po antibiotik\u0173 kurso<\/p>\n<\/li>\n<li class=\"\" data-start=\"1909\" data-end=\"1945\">\n<p class=\"\" data-start=\"1911\" data-end=\"1945\">nuo vir\u0161kinimo ir pilvo p\u016btimo<\/p>\n<\/li>\n<li class=\"\" data-start=\"1946\" data-end=\"2002\">\n<p class=\"\" data-start=\"1948\" data-end=\"2002\">esant diskomfortui, susijusiam su mitybos poky\u010diais<\/p>\n<\/li>\n<li class=\"\" data-start=\"2003\" data-end=\"2088\">\n<p class=\"\" data-start=\"2005\" data-end=\"2088\">stresiniais laikotarpiais, kai mikrobiomas gali lengvai sutrikti pusiausvyra<\/p>\n<\/li>\n<li class=\"\" data-start=\"2089\" data-end=\"2145\">\n<p class=\"\" data-start=\"2091\" data-end=\"2145\">palaikyti normali\u0105 imunin\u0117s sistemos funkcij\u0105<\/p>\n<\/li>\n<\/ul>\n<h2 class=\"\" data-start=\"838\" data-end=\"864\">Kam tinka \u0161is produktas?<\/h2>\n<p class=\"\" data-start=\"866\" data-end=\"899\">Produktas tinka suaugusiesiems, kurie:<\/p>\n<ul data-start=\"900\" data-end=\"1029\">\n<li class=\"\" data-start=\"900\" data-end=\"932\">\n<p class=\"\" data-start=\"902\" data-end=\"932\">nori paremti savo vir\u0161kinim\u0105<\/p>\n<\/li>\n<li class=\"\" data-start=\"933\" data-end=\"965\">\n<p class=\"\" data-start=\"935\" data-end=\"965\">buvo i\u0161gydytas antibiotik\u0173 kursas<\/p>\n<\/li>\n<li class=\"\" data-start=\"966\" data-end=\"1029\">\n<p class=\"\" data-start=\"968\" data-end=\"1029\">jau\u010dia poreik\u012f atkurti arba palaikyti \u017earnyno pusiausvyr\u0105<\/p>\n<\/li>\n<\/ul>\n<p class=\"\" data-start=\"1031\" data-end=\"1101\">Tinka kasdieniam naudojimui, taip pat ir \u017emon\u0117ms su jautria vir\u0161kinimo sistema.<\/p>\n<p class=\"\" data-start=\"1103\" data-end=\"1167\">Produktas yra be laktoz\u0117s, glitimo ir sojos, tinka veganams.<\/p>\n<h2 class=\"\" data-start=\"1174\" data-end=\"1191\">Ingredientai<\/h2>\n<ul data-start=\"1193\" data-end=\"1430\">\n<li class=\"\" data-start=\"1193\" data-end=\"1322\">\n<p class=\"\" data-start=\"1195\" data-end=\"1322\">Pieno r\u016bg\u0161ties bakterij\u0173 mi\u0161inys ( <em data-start=\"1220\" data-end=\"1245\">Lactobacillus rhamnosus<\/em> , <em data-start=\"1247\" data-end=\"1271\">Bifidobacterium lactis<\/em> , <em data-start=\"1273\" data-end=\"1296\">Lactobacillus reuteri<\/em> , <em data-start=\"1298\" data-end=\"1319\">Lactobacillus casei<\/em> )<\/p>\n<\/li>\n<li class=\"\" data-start=\"1323\" data-end=\"1368\">\n<p class=\"\" data-start=\"1325\" data-end=\"1368\">Mikrokristalin\u0117 celiulioz\u0117 (u\u017epildo med\u017eiaga)<\/p>\n<\/li>\n<li class=\"\" data-start=\"1369\" data-end=\"1430\">\n<p class=\"\" data-start=\"1371\" data-end=\"1430\">Kapsul\u0117s apvalkalas: hidroksipropilmetilceliulioz\u0117, gelano derva<\/p>\n<\/li>\n<\/ul>\n<p class=\"\" data-start=\"1432\" data-end=\"1484\">Sud\u0117tyje n\u0117ra dirbtini\u0173 saldikli\u0173, kvapi\u0173j\u0173 med\u017eiag\u0173 ar da\u017eikli\u0173.<\/p>\n<h2 class=\"\" data-start=\"1491\" data-end=\"1520\">Maistin\u0117 vert\u0117 (1 kapsul\u0117)<\/h2>\n<div class=\"group pointer-events-none relative flex justify-center *:pointer-events-auto\">\n<div class=\"tableContainer horzScrollShadows relative\">\n<table class=\"min-w-full\" data-start=\"1522\" data-end=\"1847\">\n<thead data-start=\"1522\" data-end=\"1576\">\n<tr data-start=\"1522\" data-end=\"1576\">\n<th data-start=\"1522\" data-end=\"1552\">Veiklioji med\u017eiaga<\/th>\n<th data-start=\"1552\" data-end=\"1576\">Kiekis<\/th>\n<\/tr>\n<\/thead>\n<tbody data-start=\"1632\" data-end=\"1847\">\n<tr data-start=\"1632\" data-end=\"1685\">\n<td class=\"max-w-[calc(var(--thread-content-max-width)*2\/3)]\" data-start=\"1632\" data-end=\"1661\"><em data-start=\"1634\" data-end=\"1659\">Lactobacillus rhamnosus<\/em><\/td>\n<td class=\"max-w-[calc(var(--thread-content-max-width)*2\/3)]\" data-start=\"1661\" data-end=\"1685\">1 milijardas KSV<\/td>\n<\/tr>\n<tr data-start=\"1686\" data-end=\"1739\">\n<td class=\"max-w-[calc(var(--thread-content-max-width)*2\/3)]\" data-start=\"1686\" data-end=\"1715\"><em data-start=\"1688\" data-end=\"1712\">Bifidobacterium lactis<\/em><\/td>\n<td class=\"max-w-[calc(var(--thread-content-max-width)*2\/3)]\" data-start=\"1715\" data-end=\"1739\">400 milijon\u0173 KSV<\/td>\n<\/tr>\n<tr data-start=\"1740\" data-end=\"1793\">\n<td class=\"max-w-[calc(var(--thread-content-max-width)*2\/3)]\" data-start=\"1740\" data-end=\"1769\"><em data-start=\"1742\" data-end=\"1765\">Lactobacillus reuteri<\/em><\/td>\n<td class=\"max-w-[calc(var(--thread-content-max-width)*2\/3)]\" data-start=\"1769\" data-end=\"1793\">200 milijon\u0173 KSV<\/td>\n<\/tr>\n<tr data-start=\"1794\" data-end=\"1847\">\n<td class=\"max-w-[calc(var(--thread-content-max-width)*2\/3)]\" data-start=\"1794\" data-end=\"1823\"><em data-start=\"1796\" data-end=\"1817\">Lactobacillus casei<\/em><\/td>\n<td class=\"max-w-[calc(var(--thread-content-max-width)*2\/3)]\" data-start=\"1823\" data-end=\"1847\">400 milijon\u0173 KSV<\/td>\n<\/tr>\n<\/tbody>\n<\/table>\n<h2 class=\"\" data-start=\"1854\" data-end=\"1875\">Naudotojo vadovas<\/h2>\n<p class=\"\" data-start=\"1877\" data-end=\"1934\"><strong data-start=\"1877\" data-end=\"1906\">Rekomenduojama paros doz\u0117:<\/strong> 1 kapsul\u0117 per dien\u0105, u\u017egeriant vandeniu.<\/p>\n<p class=\"\" data-start=\"1936\" data-end=\"2031\">Nevir\u0161ykite paros doz\u0117s. Maisto papildas nepakei\u010dia \u012fvairios mitybos ar sveiko gyvenimo b\u016bdo. <\/p>\n<h2 class=\"\" data-start=\"2038\" data-end=\"2068\">\u012esp\u0117jimai ir laikymas<\/h2>\n<ul data-start=\"2070\" data-end=\"2211\">\n<li class=\"\" data-start=\"2070\" data-end=\"2108\">\n<p class=\"\" data-start=\"2072\" data-end=\"2108\">Laikyti vaikams nepasiekiamoje vietoje.<\/p>\n<\/li>\n<li class=\"\" data-start=\"2109\" data-end=\"2165\">\n<p class=\"\" data-start=\"2111\" data-end=\"2165\">Laikyti sausoje, v\u0117sioje ir nuo \u0161viesos apsaugotoje vietoje.<\/p>\n<\/li>\n<li class=\"\" data-start=\"2166\" data-end=\"2211\">\n<p class=\"\" data-start=\"2168\" data-end=\"2211\">Nenaudokite, jei pakuot\u0117 pa\u017eeista.<\/p>\n<\/li>\n<\/ul>\n<\/div>\n<\/div>\n","protected":false},"excerpt":{"rendered":"<p class=\"\" data-start=\"206\" data-end=\"661\"><strong data-start=\"206\" data-end=\"247\">\u201ePuhdas+\u201c pieno r\u016bg\u0161ties bakterij\u0173 2 milijardai<\/strong> yra kasdienis maisto papildas, padedantis palaikyti vir\u0161kinimo pusiausvyr\u0105 ir nat\u016brali\u0105 organizmo apsaug\u0105. Kiekvienoje kapsul\u0117je yra keturios \u017einomos pieno r\u016bg\u0161ties bakterij\u0173 paderm\u0117s, kurios yra nat\u016bralios \u017emogaus \u017earnyno mikrofloros dalis. \u0160ios naudingos bakterijos padeda i\u0161laikyti vir\u0161kinimo mikrobiom\u0105 \u012fvairiapus\u0119 ir subalansuot\u0105 \u2013 ypa\u010d tais laikais, kai j\u012f gali sutrikdyti stresas, antibiotikai ar nereguliari mityba.  <\/p>\n<p class=\"\" data-start=\"663\" data-end=\"992\">Reguliarus pieno r\u016bg\u0161ties bakterij\u0173 vartojimas gali pad\u0117ti suma\u017einti vir\u0161kinimo sutrikimus, pagerinti maistini\u0173 med\u017eiag\u0173 \u012fsisavinim\u0105 ir prisid\u0117ti prie bendros savijautos. Produktas pasi\u017eymi \u0161varia ir skaidria sud\u0117timi \u2013 jame n\u0117ra glitimo, laktoz\u0117s, mieli\u0173 ar dirbtini\u0173 pried\u0173, tod\u0117l tinka jautri\u0105 vir\u0161kinim\u0105 turintiems \u017emon\u0117ms ir veganams. <\/p>\n<p class=\"\" data-start=\"994\" data-end=\"1129\"><strong data-start=\"994\" data-end=\"1035\">\u201ePuhdas+\u201c 2 milijardai pieno r\u016bg\u0161ties bakterij\u0173<\/strong> \u2013 tai paprastas ir nat\u016bralus b\u016bdas kasdien palaikyti vir\u0161kinimo sistem\u0105 ir vidin\u0119 pusiausvyr\u0105.<\/p>\n","protected":false},"featured_media":353299,"comment_status":"closed","ping_status":"closed","template":"","meta":{"_acf_changed":false},"product_brand":[],"product_cat":[3048,3318],"product_tag":[4870,3467,3023,6339,6337,6336,5429,6429,3858,3941,6431],"class_list":{"0":"post-353296","1":"product","2":"type-product","3":"status-publish","4":"has-post-thumbnail","6":"product_cat-imunine-sistema","7":"product_cat-virskinimas-ir-medziagu-apykaita","8":"product_tag-bifidobacterium-lactis-lt","9":"product_tag-imunine-sistema","10":"product_tag-imunitetas","11":"product_tag-lactobacillus-casei-lt","12":"product_tag-lactobacillus-reuteri-lt","13":"product_tag-lactobacillus-rhamnosus-lt","14":"product_tag-pieno-rugsties-bakterijos-lt","15":"product_tag-pieno-rugsties-bakteriju-2-milijardai","16":"product_tag-virskinimas","17":"product_tag-virskinimas-ir-medziagu-apykaita-lt","18":"product_tag-zarnyno-mikroflora-lt","20":"first","21":"onbackorder","22":"taxable","23":"shipping-taxable","24":"purchasable","25":"product-type-simple"},"acf":[],"yoast_head":"<!-- This site is optimized with the Yoast SEO plugin v27.1.1 - https:\/\/yoast.com\/product\/yoast-seo-wordpress\/ -->\n<title>Pieno r\u016bg\u0161ties bakterij\u0173 2 milijardai, 60 kapsuli\u0173 - Puhdas+<\/title>\n<meta name=\"description\" content=\"\u201ePuhdas+\u201c 2 milijardai pieno r\u016bg\u0161ties bakterij\u0173 \u2013 kasdien\u0117 parama vir\u0161kinimui ir mikrofloros pusiausvyrai. Tinka veganams. Be laktoz\u0117s ir glitimo.\" \/>\n<meta name=\"robots\" content=\"noindex, follow, max-snippet:-1, max-image-preview:large, max-video-preview:-1\" \/>\n<meta property=\"og:locale\" content=\"lt_LT\" \/>\n<meta property=\"og:type\" content=\"article\" \/>\n<meta property=\"og:title\" content=\"Pieno r\u016bg\u0161ties bakterij\u0173 2 milijardai, 60 kapsuli\u0173 - Puhdas+\" \/>\n<meta property=\"og:description\" content=\"\u201ePuhdas+\u201c 2 milijardai pieno r\u016bg\u0161ties bakterij\u0173 \u2013 kasdien\u0117 parama vir\u0161kinimui ir mikrofloros pusiausvyrai. Tinka veganams. Be laktoz\u0117s ir glitimo.\" \/>\n<meta property=\"og:url\" content=\"https:\/\/test.puhdasplus.ee\/lt\/tooted\/imunine-sistema\/pieno-rugsties-bakteriju-2-milijardai-60-kapsuliu\/\" \/>\n<meta property=\"og:site_name\" content=\"Puhdas+\" \/>\n<meta property=\"article:publisher\" content=\"https:\/\/www.facebook.com\/puhdasplus\" \/>\n<meta property=\"article:modified_time\" content=\"2026-03-10T12:39:40+00:00\" \/>\n<meta property=\"og:image\" content=\"https:\/\/test.puhdasplus.ee\/wp-content\/uploads\/2025\/03\/187.jpg\" \/>\n\t<meta property=\"og:image:width\" content=\"1862\" \/>\n\t<meta property=\"og:image:height\" content=\"2560\" \/>\n\t<meta property=\"og:image:type\" content=\"image\/jpeg\" \/>\n<meta name=\"twitter:card\" content=\"summary_large_image\" \/>\n<meta name=\"twitter:label1\" content=\"Est. reading time\" \/>\n\t<meta name=\"twitter:data1\" content=\"2 minut\u0117\" \/>\n<script type=\"application\/ld+json\" class=\"yoast-schema-graph\">{\"@context\":\"https:\/\/schema.org\",\"@graph\":[{\"@type\":\"WebPage\",\"@id\":\"https:\/\/test.puhdasplus.ee\/lt\/tooted\/imunine-sistema\/pieno-rugsties-bakteriju-2-milijardai-60-kapsuliu\/\",\"url\":\"https:\/\/test.puhdasplus.ee\/lt\/tooted\/imunine-sistema\/pieno-rugsties-bakteriju-2-milijardai-60-kapsuliu\/\",\"name\":\"Pieno r\u016bg\u0161ties bakterij\u0173 2 milijardai, 60 kapsuli\u0173 - Puhdas+\",\"isPartOf\":{\"@id\":\"https:\/\/test.puhdasplus.ee\/lt\/#website\"},\"primaryImageOfPage\":{\"@id\":\"https:\/\/test.puhdasplus.ee\/lt\/tooted\/imunine-sistema\/pieno-rugsties-bakteriju-2-milijardai-60-kapsuliu\/#primaryimage\"},\"image\":{\"@id\":\"https:\/\/test.puhdasplus.ee\/lt\/tooted\/imunine-sistema\/pieno-rugsties-bakteriju-2-milijardai-60-kapsuliu\/#primaryimage\"},\"thumbnailUrl\":\"https:\/\/test.puhdasplus.ee\/wp-content\/uploads\/2025\/03\/187.jpg\",\"datePublished\":\"2020-02-16T09:15:14+00:00\",\"dateModified\":\"2026-03-10T12:39:40+00:00\",\"description\":\"\u201ePuhdas+\u201c 2 milijardai pieno r\u016bg\u0161ties bakterij\u0173 \u2013 kasdien\u0117 parama vir\u0161kinimui ir mikrofloros pusiausvyrai. Tinka veganams. Be laktoz\u0117s ir glitimo.\",\"breadcrumb\":{\"@id\":\"https:\/\/test.puhdasplus.ee\/lt\/tooted\/imunine-sistema\/pieno-rugsties-bakteriju-2-milijardai-60-kapsuliu\/#breadcrumb\"},\"inLanguage\":\"lt-LT\",\"potentialAction\":[{\"@type\":\"ReadAction\",\"target\":[\"https:\/\/test.puhdasplus.ee\/lt\/tooted\/imunine-sistema\/pieno-rugsties-bakteriju-2-milijardai-60-kapsuliu\/\"]}]},{\"@type\":\"ImageObject\",\"inLanguage\":\"lt-LT\",\"@id\":\"https:\/\/test.puhdasplus.ee\/lt\/tooted\/imunine-sistema\/pieno-rugsties-bakteriju-2-milijardai-60-kapsuliu\/#primaryimage\",\"url\":\"https:\/\/test.puhdasplus.ee\/wp-content\/uploads\/2025\/03\/187.jpg\",\"contentUrl\":\"https:\/\/test.puhdasplus.ee\/wp-content\/uploads\/2025\/03\/187.jpg\",\"width\":1862,\"height\":2560,\"caption\":\"Pieno r\u016bg\u0161ties bakterij\u0173 2 milijardai, 60 kapsuli\u0173\"},{\"@type\":\"BreadcrumbList\",\"@id\":\"https:\/\/test.puhdasplus.ee\/lt\/tooted\/imunine-sistema\/pieno-rugsties-bakteriju-2-milijardai-60-kapsuliu\/#breadcrumb\",\"itemListElement\":[{\"@type\":\"ListItem\",\"position\":1,\"name\":\"Prad\u017eia\",\"item\":\"https:\/\/test.puhdasplus.ee\/lt\/\"},{\"@type\":\"ListItem\",\"position\":2,\"name\":\"Produktai\",\"item\":\"https:\/\/test.puhdasplus.ee\/lt\/parduotuve\/\"},{\"@type\":\"ListItem\",\"position\":3,\"name\":\"Pieno r\u016bg\u0161ties bakterij\u0173 2 milijardai, 60 kapsuli\u0173\"}]},{\"@type\":\"WebSite\",\"@id\":\"https:\/\/test.puhdasplus.ee\/lt\/#website\",\"url\":\"https:\/\/test.puhdasplus.ee\/lt\/\",\"name\":\"Puhdas+\",\"description\":\"Vitamiinid, Toidulisandid, looduskosmeetika, tervis, sport\",\"publisher\":{\"@id\":\"https:\/\/test.puhdasplus.ee\/lt\/#organization\"},\"potentialAction\":[{\"@type\":\"SearchAction\",\"target\":{\"@type\":\"EntryPoint\",\"urlTemplate\":\"https:\/\/test.puhdasplus.ee\/lt\/?s={search_term_string}\"},\"query-input\":{\"@type\":\"PropertyValueSpecification\",\"valueRequired\":true,\"valueName\":\"search_term_string\"}}],\"inLanguage\":\"lt-LT\"},{\"@type\":\"Organization\",\"@id\":\"https:\/\/test.puhdasplus.ee\/lt\/#organization\",\"name\":\"Puhdas+\",\"alternateName\":\"Puhdasplus\",\"url\":\"https:\/\/test.puhdasplus.ee\/lt\/\",\"logo\":{\"@type\":\"ImageObject\",\"inLanguage\":\"lt-LT\",\"@id\":\"https:\/\/test.puhdasplus.ee\/lt\/#\/schema\/logo\/image\/\",\"url\":\"https:\/\/test.puhdasplus.ee\/\/wp-content\/uploads\/2019\/10\/puhdas_logo-arvele.png\",\"contentUrl\":\"https:\/\/test.puhdasplus.ee\/\/wp-content\/uploads\/2019\/10\/puhdas_logo-arvele.png\",\"width\":114,\"height\":94,\"caption\":\"Puhdas+\"},\"image\":{\"@id\":\"https:\/\/test.puhdasplus.ee\/lt\/#\/schema\/logo\/image\/\"},\"sameAs\":[\"https:\/\/www.facebook.com\/puhdasplus\",\"https:\/\/www.instagram.com\/puhdasplus_ee\/\"]}]}<\/script>\n<!-- \/ Yoast SEO plugin. -->","yoast_head_json":{"title":"Pieno r\u016bg\u0161ties bakterij\u0173 2 milijardai, 60 kapsuli\u0173 - Puhdas+","description":"\u201ePuhdas+\u201c 2 milijardai pieno r\u016bg\u0161ties bakterij\u0173 \u2013 kasdien\u0117 parama vir\u0161kinimui ir mikrofloros pusiausvyrai. Tinka veganams. Be laktoz\u0117s ir glitimo.","robots":{"index":"noindex","follow":"follow","max-snippet":"max-snippet:-1","max-image-preview":"max-image-preview:large","max-video-preview":"max-video-preview:-1"},"og_locale":"lt_LT","og_type":"article","og_title":"Pieno r\u016bg\u0161ties bakterij\u0173 2 milijardai, 60 kapsuli\u0173 - Puhdas+","og_description":"\u201ePuhdas+\u201c 2 milijardai pieno r\u016bg\u0161ties bakterij\u0173 \u2013 kasdien\u0117 parama vir\u0161kinimui ir mikrofloros pusiausvyrai. Tinka veganams. Be laktoz\u0117s ir glitimo.","og_url":"https:\/\/test.puhdasplus.ee\/lt\/tooted\/imunine-sistema\/pieno-rugsties-bakteriju-2-milijardai-60-kapsuliu\/","og_site_name":"Puhdas+","article_publisher":"https:\/\/www.facebook.com\/puhdasplus","article_modified_time":"2026-03-10T12:39:40+00:00","og_image":[{"width":1862,"height":2560,"url":"https:\/\/test.puhdasplus.ee\/wp-content\/uploads\/2025\/03\/187.jpg","type":"image\/jpeg"}],"twitter_card":"summary_large_image","twitter_misc":{"Est. reading time":"2 minut\u0117"},"schema":{"@context":"https:\/\/schema.org","@graph":[{"@type":"WebPage","@id":"https:\/\/test.puhdasplus.ee\/lt\/tooted\/imunine-sistema\/pieno-rugsties-bakteriju-2-milijardai-60-kapsuliu\/","url":"https:\/\/test.puhdasplus.ee\/lt\/tooted\/imunine-sistema\/pieno-rugsties-bakteriju-2-milijardai-60-kapsuliu\/","name":"Pieno r\u016bg\u0161ties bakterij\u0173 2 milijardai, 60 kapsuli\u0173 - Puhdas+","isPartOf":{"@id":"https:\/\/test.puhdasplus.ee\/lt\/#website"},"primaryImageOfPage":{"@id":"https:\/\/test.puhdasplus.ee\/lt\/tooted\/imunine-sistema\/pieno-rugsties-bakteriju-2-milijardai-60-kapsuliu\/#primaryimage"},"image":{"@id":"https:\/\/test.puhdasplus.ee\/lt\/tooted\/imunine-sistema\/pieno-rugsties-bakteriju-2-milijardai-60-kapsuliu\/#primaryimage"},"thumbnailUrl":"https:\/\/test.puhdasplus.ee\/wp-content\/uploads\/2025\/03\/187.jpg","datePublished":"2020-02-16T09:15:14+00:00","dateModified":"2026-03-10T12:39:40+00:00","description":"\u201ePuhdas+\u201c 2 milijardai pieno r\u016bg\u0161ties bakterij\u0173 \u2013 kasdien\u0117 parama vir\u0161kinimui ir mikrofloros pusiausvyrai. Tinka veganams. Be laktoz\u0117s ir glitimo.","breadcrumb":{"@id":"https:\/\/test.puhdasplus.ee\/lt\/tooted\/imunine-sistema\/pieno-rugsties-bakteriju-2-milijardai-60-kapsuliu\/#breadcrumb"},"inLanguage":"lt-LT","potentialAction":[{"@type":"ReadAction","target":["https:\/\/test.puhdasplus.ee\/lt\/tooted\/imunine-sistema\/pieno-rugsties-bakteriju-2-milijardai-60-kapsuliu\/"]}]},{"@type":"ImageObject","inLanguage":"lt-LT","@id":"https:\/\/test.puhdasplus.ee\/lt\/tooted\/imunine-sistema\/pieno-rugsties-bakteriju-2-milijardai-60-kapsuliu\/#primaryimage","url":"https:\/\/test.puhdasplus.ee\/wp-content\/uploads\/2025\/03\/187.jpg","contentUrl":"https:\/\/test.puhdasplus.ee\/wp-content\/uploads\/2025\/03\/187.jpg","width":1862,"height":2560,"caption":"Pieno r\u016bg\u0161ties bakterij\u0173 2 milijardai, 60 kapsuli\u0173"},{"@type":"BreadcrumbList","@id":"https:\/\/test.puhdasplus.ee\/lt\/tooted\/imunine-sistema\/pieno-rugsties-bakteriju-2-milijardai-60-kapsuliu\/#breadcrumb","itemListElement":[{"@type":"ListItem","position":1,"name":"Prad\u017eia","item":"https:\/\/test.puhdasplus.ee\/lt\/"},{"@type":"ListItem","position":2,"name":"Produktai","item":"https:\/\/test.puhdasplus.ee\/lt\/parduotuve\/"},{"@type":"ListItem","position":3,"name":"Pieno r\u016bg\u0161ties bakterij\u0173 2 milijardai, 60 kapsuli\u0173"}]},{"@type":"WebSite","@id":"https:\/\/test.puhdasplus.ee\/lt\/#website","url":"https:\/\/test.puhdasplus.ee\/lt\/","name":"Puhdas+","description":"Vitamiinid, Toidulisandid, looduskosmeetika, tervis, sport","publisher":{"@id":"https:\/\/test.puhdasplus.ee\/lt\/#organization"},"potentialAction":[{"@type":"SearchAction","target":{"@type":"EntryPoint","urlTemplate":"https:\/\/test.puhdasplus.ee\/lt\/?s={search_term_string}"},"query-input":{"@type":"PropertyValueSpecification","valueRequired":true,"valueName":"search_term_string"}}],"inLanguage":"lt-LT"},{"@type":"Organization","@id":"https:\/\/test.puhdasplus.ee\/lt\/#organization","name":"Puhdas+","alternateName":"Puhdasplus","url":"https:\/\/test.puhdasplus.ee\/lt\/","logo":{"@type":"ImageObject","inLanguage":"lt-LT","@id":"https:\/\/test.puhdasplus.ee\/lt\/#\/schema\/logo\/image\/","url":"https:\/\/test.puhdasplus.ee\/\/wp-content\/uploads\/2019\/10\/puhdas_logo-arvele.png","contentUrl":"https:\/\/test.puhdasplus.ee\/\/wp-content\/uploads\/2019\/10\/puhdas_logo-arvele.png","width":114,"height":94,"caption":"Puhdas+"},"image":{"@id":"https:\/\/test.puhdasplus.ee\/lt\/#\/schema\/logo\/image\/"},"sameAs":["https:\/\/www.facebook.com\/puhdasplus","https:\/\/www.instagram.com\/puhdasplus_ee\/"]}]}},"_links":{"self":[{"href":"https:\/\/test.puhdasplus.ee\/lt\/wp-json\/wp\/v2\/product\/353296","targetHints":{"allow":["GET"]}}],"collection":[{"href":"https:\/\/test.puhdasplus.ee\/lt\/wp-json\/wp\/v2\/product"}],"about":[{"href":"https:\/\/test.puhdasplus.ee\/lt\/wp-json\/wp\/v2\/types\/product"}],"replies":[{"embeddable":true,"href":"https:\/\/test.puhdasplus.ee\/lt\/wp-json\/wp\/v2\/comments?post=353296"}],"wp:featuredmedia":[{"embeddable":true,"href":"https:\/\/test.puhdasplus.ee\/lt\/wp-json\/wp\/v2\/media\/353299"}],"wp:attachment":[{"href":"https:\/\/test.puhdasplus.ee\/lt\/wp-json\/wp\/v2\/media?parent=353296"}],"wp:term":[{"taxonomy":"product_brand","embeddable":true,"href":"https:\/\/test.puhdasplus.ee\/lt\/wp-json\/wp\/v2\/product_brand?post=353296"},{"taxonomy":"product_cat","embeddable":true,"href":"https:\/\/test.puhdasplus.ee\/lt\/wp-json\/wp\/v2\/product_cat?post=353296"},{"taxonomy":"product_tag","embeddable":true,"href":"https:\/\/test.puhdasplus.ee\/lt\/wp-json\/wp\/v2\/product_tag?post=353296"}],"curies":[{"name":"wp","href":"https:\/\/api.w.org\/{rel}","templated":true}]}}