{"id":353288,"date":"2020-02-16T11:29:10","date_gmt":"2020-02-16T09:29:10","guid":{"rendered":"https:\/\/test.puhdasplus.ee\/\/tooted\/be-kategorijos\/pieno-rugsties-bakteriju-10-milijardu-75-kapsules\/"},"modified":"2026-03-10T14:39:35","modified_gmt":"2026-03-10T12:39:35","slug":"pieno-rugsties-bakteriju-10-milijardu-75-kapsules","status":"publish","type":"product","link":"https:\/\/test.puhdasplus.ee\/lt\/tooted\/imunine-sistema\/pieno-rugsties-bakteriju-10-milijardu-75-kapsules\/","title":{"rendered":"Pieno r\u016bg\u0161ties bakterij\u0173 10 milijard\u0173, 75 kapsul\u0117s"},"content":{"rendered":"<h2 class=\"\" data-start=\"186\" data-end=\"209\">Kas yra \u201ePure+ Strong\u201c pieno r\u016bg\u0161ties bakterij\u0173 10 milijard\u0173 + cinkas?<\/h2>\n<p class=\"\" data-start=\"285\" data-end=\"625\"><strong data-start=\"576\" data-end=\"630\">\u201ePure+ Strong\u201c pieno r\u016bg\u0161ties bakterij\u0173 10 milijard\u0173 + cinkas<\/strong> \u2013 tai auk\u0161tos kokyb\u0117s maisto papildas, pagamintas Suomijoje, kurio sud\u0117tyje yra keturios kruop\u0161\u010diai atrinktos ir moksli\u0161kai i\u0161tirtos pieno r\u016bg\u0161ties bakterij\u0173 ir cinko paderm\u0117s. Kiekvienoje kapsul\u0117je yra i\u0161 viso 10 milijard\u0173 gyvybing\u0173 bakterij\u0173 (KSV \u2013 kolonijas formuojan\u010di\u0173 vienet\u0173), kurios yra \u017emogaus \u017earnyno mikrofloros dalis. <\/p>\n<p class=\"\" data-start=\"285\" data-end=\"625\">Pieno r\u016bg\u0161ties bakterij\u0173 vartojimas laikomas tinkama priemone palaikyti \u017earnyno mikrofloros pusiausvyr\u0105, ypa\u010d po mitybos poky\u010di\u0173 ar gyvenimo b\u016bdo streso. Be to, produkte yra cinko, kuris padeda palaikyti normali\u0105 imunin\u0117s sistemos funkcij\u0105. <\/p>\n<h2 class=\"\" data-start=\"774\" data-end=\"803\">Kod\u0117l \u201ePure+ Strong\u201c pieno r\u016bg\u0161ties bakterij\u0173 10 milijard\u0173 yra naudingos?<\/h2>\n<p class=\"\" data-start=\"915\" data-end=\"1191\">\u0160iuolaikinis gyvenimo b\u016bdas, \u012fskaitant greito maisto \u012fpro\u010dius, stres\u0105, antibiotik\u0173 vartojim\u0105 ir ma\u017e\u0105 skaidul\u0173 kiek\u012f, gali paveikti m\u016bs\u0173 \u017earnyno mikroflor\u0105. Pieno r\u016bg\u0161ties bakterij\u0173 ir cinko derinys \u0161iame produkte suteikia kasdien\u0119 param\u0105 b\u016btent tokiose situacijose. <\/p>\n<p class=\"\" data-start=\"1193\" data-end=\"1225\">Produkte esantis <strong data-start=\"1209\" data-end=\"1218\">cinkas<\/strong> padeda:<\/p>\n<ul data-start=\"1226\" data-end=\"1365\">\n<li class=\"\" data-start=\"1226\" data-end=\"1273\">\n<p class=\"\" data-start=\"1228\" data-end=\"1273\">prisideda prie normalios imunin\u0117s sistemos veiklos<\/p>\n<\/li>\n<li class=\"\" data-start=\"1274\" data-end=\"1322\">\n<p class=\"\" data-start=\"1276\" data-end=\"1322\">palaikyti normali\u0105 kognityvin\u0119 funkcij\u0105<\/p>\n<\/li>\n<li class=\"\" data-start=\"1323\" data-end=\"1365\">\n<p class=\"\" data-start=\"1325\" data-end=\"1365\">apsaugoti l\u0105steles nuo oksidacinio streso<\/p>\n<\/li>\n<\/ul>\n<p class=\"\" data-start=\"1367\" data-end=\"1513\">Vartojant probiotikus, taip pat galima palaikyti bendr\u0105 vir\u0161kinimo aplink\u0105 ir jautrum\u0105, padedant palaikyti nat\u016brali\u0105 \u017earnyno mikrofloros pusiausvyr\u0105.<\/p>\n<h2 class=\"\" data-start=\"186\" data-end=\"209\">Kam tinka \u201ePure+ Strong\u201c pieno r\u016bg\u0161ties bakterij\u0173 10 milijard\u0173 rinkinys?<\/h2>\n<p class=\"\" data-start=\"1628\" data-end=\"1671\">\u0160is papildas tinka suaugusiesiems, kurie:<\/p>\n<ul data-start=\"1672\" data-end=\"1891\">\n<li class=\"\" data-start=\"1672\" data-end=\"1731\">\n<p class=\"\" data-start=\"1674\" data-end=\"1731\">nori palaikyti savo \u017earnyno mikroflor\u0105 ir vir\u0161kinim\u0105<\/p>\n<\/li>\n<li class=\"\" data-start=\"1732\" data-end=\"1776\">\n<p class=\"\" data-start=\"1734\" data-end=\"1776\">buvo gydyti arba \u0161iuo metu gydomi antibiotikais<\/p>\n<\/li>\n<li class=\"\" data-start=\"1777\" data-end=\"1833\">\n<p class=\"\" data-start=\"1779\" data-end=\"1833\">norite sustiprinti normali\u0105 imunin\u0117s sistemos veikl\u0105<\/p>\n<\/li>\n<li class=\"\" data-start=\"1834\" data-end=\"1891\">\n<p class=\"\" data-start=\"1836\" data-end=\"1891\">ie\u0161ko papildomos nat\u016bralios paramos bendrai gerovei palaikyti<\/p>\n<\/li>\n<\/ul>\n<p class=\"\" data-start=\"1893\" data-end=\"2023\">Tinka kasdieniam naudojimui. Produkte n\u0117ra glitimo, laktoz\u0117s, mieli\u0173, sojos ar dirbtini\u0173 saldikli\u0173. Taip pat tinka veganams.  <\/p>\n<h2 class=\"\" data-start=\"2030\" data-end=\"2047\">Ingredientai<\/h2>\n<ul data-start=\"2049\" data-end=\"2300\">\n<li class=\"\" data-start=\"2049\" data-end=\"2172\">\n<p class=\"\" data-start=\"2051\" data-end=\"2172\">Pieno r\u016bg\u0161ties bakterij\u0173 mi\u0161inys ( <em data-start=\"2076\" data-end=\"2169\">Lactobacillus rhamnosus, Bifidobacterium lactis, Lactobacillus reuteri, Lactobacillus casei<\/em> )<\/p>\n<\/li>\n<li class=\"\" data-start=\"2173\" data-end=\"2218\">\n<p class=\"\" data-start=\"2175\" data-end=\"2218\">Mikrokristalin\u0117 celiulioz\u0117 (u\u017epildo med\u017eiaga)<\/p>\n<\/li>\n<li class=\"\" data-start=\"2219\" data-end=\"2236\">\n<p class=\"\" data-start=\"2221\" data-end=\"2236\">Cinko citratas<\/p>\n<\/li>\n<li class=\"\" data-start=\"2237\" data-end=\"2300\">\n<p class=\"\" data-start=\"2239\" data-end=\"2300\">Kapsul\u0117s apvalkalas: hidroksipropilmetilceliulioz\u0117, gelano derva<\/p>\n<\/li>\n<\/ul>\n<p class=\"\" data-start=\"2302\" data-end=\"2357\">Sud\u0117tyje n\u0117ra dirbtini\u0173 kvapikli\u0173, da\u017eikli\u0173 ar skoni\u0173.<\/p>\n<h2 data-start=\"2364\" data-end=\"2419\">Veikliosios med\u017eiagos kiekis paros doz\u0117je (1 kapsul\u0117je):<\/h2>\n<p data-start=\"2364\" data-end=\"2419\">1 kapsul\u0117je yra:<\/p>\n<p data-start=\"2364\" data-end=\"2419\"><em data-start=\"114\" data-end=\"139\">Lactobacillus rhamnosus<\/em> \u2013 5 milijardai gyvybing\u0173 bakterij\u0173<\/p>\n<p data-start=\"2364\" data-end=\"2419\"><em data-start=\"178\" data-end=\"202\">Bifidobacterium lactis<\/em> \u2013 2 milijardai gyvybing\u0173 bakterij\u0173<\/p>\n<p data-start=\"2364\" data-end=\"2419\"><em data-start=\"241\" data-end=\"264\">Lactobacillus reuteri<\/em> \u2013 1 milijardas gyvybing\u0173 bakterij\u0173<\/p>\n<p data-start=\"2364\" data-end=\"2419\"><em data-start=\"301\" data-end=\"322\">Lactobacillus casei<\/em> \u2013 2 milijardai gyvybing\u0173 bakterij\u0173<\/p>\n<p data-start=\"2364\" data-end=\"2419\">Cinkas \u2013 10 mg ( <em data-start=\"380\" data-end=\"412\">100 % rekomenduojamos paros normos<\/em> )<\/p>\n<h2 data-start=\"2364\" data-end=\"2419\">Naudotojo vadovas<\/h2>\n<p data-start=\"2364\" data-end=\"2419\"><strong data-start=\"2745\" data-end=\"2761\">Dozavimas:<\/strong> 1 kapsul\u0117 per dien\u0105, u\u017egeriant vandeniu, geriausia valgio metu.<\/p>\n<p data-start=\"2364\" data-end=\"2419\">Paros doz\u0117s vir\u0161yti negalima.<\/p>\n<h2 data-start=\"2364\" data-end=\"2419\">\u012esp\u0117jimai ir laikymas<\/h2>\n<p data-start=\"2364\" data-end=\"2419\">Laikyti vaikams nepasiekiamoje vietoje.<\/p>\n<p data-start=\"2364\" data-end=\"2419\">Nevartoti kaip \u012fvairios ir subalansuotos mitybos bei sveiko gyvenimo b\u016bdo pakaitalo.<\/p>\n<p data-start=\"2364\" data-end=\"2419\">Laikyti sausoje ir v\u0117sioje vietoje, toliau nuo tiesiogini\u0173 saul\u0117s spinduli\u0173.<\/p>\n<p data-start=\"2364\" data-end=\"2419\">Nenaudokite, jei pakuot\u0117 pa\u017eeista.<\/p>\n","protected":false},"excerpt":{"rendered":"<p class=\"\" data-start=\"348\" data-end=\"694\">\u0160iuolaikinis gyvenimas meta daug i\u0161\u0161\u016bki\u0173 m\u016bs\u0173 organizmams \u2013 greitas maistas, stresas, vaistai (ypa\u010d antibiotikai), mank\u0161tos tr\u016bkumas ir nereguliar\u016bs mitybos \u012fpro\u010diai veikia m\u016bs\u0173 vir\u0161kinim\u0105 ir imunitet\u0105 labiau nei manome. \u010cia \u012f pagalb\u0105 ateina <strong data-start=\"576\" data-end=\"630\">\u201ePure+ Strong Lactic Acid Bacteria 10 Billion + Zinc\u201c<\/strong> \u2013 nat\u016brali ir mokslu pagr\u012fsta j\u016bs\u0173 vidin\u0117s pusiausvyros palaikymas. <\/p>\n<p class=\"\" data-start=\"696\" data-end=\"1060\">\u017darnyne gyvenan\u010dios naudingos bakterijos yra labai svarbios ne tik vir\u0161kinimui, bet ir bendrai sveikatai. Sutrikusi mikroflora da\u017enai siejama su vir\u0161kinimo diskomfortu ir bendros savijautos poky\u010diais. Pieno r\u016bg\u0161ties bakterij\u0173 vartojimas laikomas tinkama priemone palaikyti \u017earnyno mikrofloros pusiausvyr\u0105, kuri netiesiogiai gali sustiprinti nat\u016bral\u0173 organizmo atsparum\u0105.  <\/p>\n<p class=\"\" data-start=\"1062\" data-end=\"1324\">Produkte yra keturios \u017einomos pieno r\u016bg\u0161ties bakterij\u0173 paderm\u0117s, kurios yra \u017emogaus mikrobiomo dalis. Be to, kiekvienoje kapsul\u0117je yra 10 mg cinko \u2013 mineralo, kuris atlieka svarb\u0173 vaidmen\u012f l\u0105steli\u0173 atsinaujinime, palaiko imunin\u0119 sistem\u0105 ir apsaugo organizm\u0105 nuo oksidacinio streso. <\/p>\n<p class=\"\" data-start=\"1326\" data-end=\"1359\">\u0160is papildas ypa\u010d naudingas:<\/p>\n<ul data-start=\"1360\" data-end=\"1643\">\n<li class=\"\" data-start=\"1360\" data-end=\"1413\">\n<p class=\"\" data-start=\"1362\" data-end=\"1413\">po antibiotik\u0173 vartojimo arba jo metu<\/p>\n<\/li>\n<li class=\"\" data-start=\"1414\" data-end=\"1465\">\n<p class=\"\" data-start=\"1416\" data-end=\"1465\">d\u0117l vir\u0161kinimo trakto diskomforto ar jautrumo<\/p>\n<\/li>\n<li class=\"\" data-start=\"1466\" data-end=\"1502\">\n<p class=\"\" data-start=\"1468\" data-end=\"1502\">sezono metu, kai virusai plinta<\/p>\n<\/li>\n<li class=\"\" data-start=\"1503\" data-end=\"1562\">\n<p class=\"\" data-start=\"1505\" data-end=\"1562\">stresiniais ar fizi\u0161kai sunkiais laikotarpiais<\/p>\n<\/li>\n<li class=\"\" data-start=\"1563\" data-end=\"1643\">\n<p class=\"\" data-start=\"1565\" data-end=\"1643\">tiems, kurie nori s\u0105moningai palaikyti ger\u0105 imunin\u0117s sistemos ir vir\u0161kinimo sistemos b\u016bkl\u0119<\/p>\n<\/li>\n<\/ul>\n<p class=\"\" data-start=\"1645\" data-end=\"1781\">Be to, produktas tinka veganams, jame n\u0117ra glitimo, laktoz\u0117s, mieli\u0173 ar dirbtini\u0173 pried\u0173 \u2013 \u0161varus pasirinkimas, kur\u012f j\u016bs\u0173 k\u016bnas tikrai \u012fvertins.<\/p>\n","protected":false},"featured_media":353290,"comment_status":"closed","ping_status":"closed","template":"","meta":{"_acf_changed":false},"product_brand":[],"product_cat":[3048,3049,3318],"product_tag":[4870,4048,3467,3023,6339,6337,6336,5429,4074,4871,3941],"class_list":{"0":"post-353288","1":"product","2":"type-product","3":"status-publish","4":"has-post-thumbnail","6":"product_cat-imunine-sistema","7":"product_cat-specialus-pasiulymai","8":"product_cat-virskinimas-ir-medziagu-apykaita","9":"product_tag-bifidobacterium-lactis-lt","10":"product_tag-cinkas","11":"product_tag-imunine-sistema","12":"product_tag-imunitetas","13":"product_tag-lactobacillus-casei-lt","14":"product_tag-lactobacillus-reuteri-lt","15":"product_tag-lactobacillus-rhamnosus-lt","16":"product_tag-pieno-rugsties-bakterijos-lt","17":"product_tag-probiotikas","18":"product_tag-virskinimas-lt","19":"product_tag-virskinimas-ir-medziagu-apykaita-lt","21":"first","22":"instock","23":"sale","24":"taxable","25":"shipping-taxable","26":"purchasable","27":"product-type-simple"},"acf":[],"yoast_head":"<!-- This site is optimized with the Yoast SEO plugin v27.1.1 - https:\/\/yoast.com\/product\/yoast-seo-wordpress\/ -->\n<title>Pieno r\u016bg\u0161ties bakterij\u0173 10 milijard\u0173, 75 kapsul\u0117s - Puhdas+<\/title>\n<meta name=\"description\" content=\"Stiprios pieno r\u016bg\u0161ties bakterijos ir cinkas imunitetui ir vir\u0161kinimui palaikyti. 10 milijard\u0173 gyvybing\u0173 bakterij\u0173 vienoje kapsul\u0117je. Be pried\u0173. Taip pat tinka veganams.\" \/>\n<meta name=\"robots\" content=\"noindex, follow, max-snippet:-1, max-image-preview:large, max-video-preview:-1\" \/>\n<meta property=\"og:locale\" content=\"lt_LT\" \/>\n<meta property=\"og:type\" content=\"article\" \/>\n<meta property=\"og:title\" content=\"Pieno r\u016bg\u0161ties bakterij\u0173 10 milijard\u0173, 75 kapsul\u0117s - Puhdas+\" \/>\n<meta property=\"og:description\" content=\"Stiprios pieno r\u016bg\u0161ties bakterijos ir cinkas imunitetui ir vir\u0161kinimui palaikyti. 10 milijard\u0173 gyvybing\u0173 bakterij\u0173 vienoje kapsul\u0117je. Be pried\u0173. Taip pat tinka veganams.\" \/>\n<meta property=\"og:url\" content=\"https:\/\/test.puhdasplus.ee\/lt\/tooted\/imunine-sistema\/pieno-rugsties-bakteriju-10-milijardu-75-kapsules\/\" \/>\n<meta property=\"og:site_name\" content=\"Puhdas+\" \/>\n<meta property=\"article:publisher\" content=\"https:\/\/www.facebook.com\/puhdasplus\" \/>\n<meta property=\"article:modified_time\" content=\"2026-03-10T12:39:35+00:00\" \/>\n<meta property=\"og:image\" content=\"https:\/\/test.puhdasplus.ee\/wp-content\/uploads\/2020\/02\/Untitled-design-45-copy.jpg\" \/>\n\t<meta property=\"og:image:width\" content=\"1862\" \/>\n\t<meta property=\"og:image:height\" content=\"2560\" \/>\n\t<meta property=\"og:image:type\" content=\"image\/jpeg\" \/>\n<meta name=\"twitter:card\" content=\"summary_large_image\" \/>\n<meta name=\"twitter:label1\" content=\"Est. reading time\" \/>\n\t<meta name=\"twitter:data1\" content=\"2 minut\u0117\" \/>\n<script type=\"application\/ld+json\" class=\"yoast-schema-graph\">{\"@context\":\"https:\/\/schema.org\",\"@graph\":[{\"@type\":\"WebPage\",\"@id\":\"https:\/\/test.puhdasplus.ee\/lt\/tooted\/imunine-sistema\/pieno-rugsties-bakteriju-10-milijardu-75-kapsules\/\",\"url\":\"https:\/\/test.puhdasplus.ee\/lt\/tooted\/imunine-sistema\/pieno-rugsties-bakteriju-10-milijardu-75-kapsules\/\",\"name\":\"Pieno r\u016bg\u0161ties bakterij\u0173 10 milijard\u0173, 75 kapsul\u0117s - Puhdas+\",\"isPartOf\":{\"@id\":\"https:\/\/test.puhdasplus.ee\/lt\/#website\"},\"primaryImageOfPage\":{\"@id\":\"https:\/\/test.puhdasplus.ee\/lt\/tooted\/imunine-sistema\/pieno-rugsties-bakteriju-10-milijardu-75-kapsules\/#primaryimage\"},\"image\":{\"@id\":\"https:\/\/test.puhdasplus.ee\/lt\/tooted\/imunine-sistema\/pieno-rugsties-bakteriju-10-milijardu-75-kapsules\/#primaryimage\"},\"thumbnailUrl\":\"https:\/\/test.puhdasplus.ee\/wp-content\/uploads\/2020\/02\/Untitled-design-45-copy.jpg\",\"datePublished\":\"2020-02-16T09:29:10+00:00\",\"dateModified\":\"2026-03-10T12:39:35+00:00\",\"description\":\"Stiprios pieno r\u016bg\u0161ties bakterijos ir cinkas imunitetui ir vir\u0161kinimui palaikyti. 10 milijard\u0173 gyvybing\u0173 bakterij\u0173 vienoje kapsul\u0117je. Be pried\u0173. Taip pat tinka veganams.\",\"breadcrumb\":{\"@id\":\"https:\/\/test.puhdasplus.ee\/lt\/tooted\/imunine-sistema\/pieno-rugsties-bakteriju-10-milijardu-75-kapsules\/#breadcrumb\"},\"inLanguage\":\"lt-LT\",\"potentialAction\":[{\"@type\":\"ReadAction\",\"target\":[\"https:\/\/test.puhdasplus.ee\/lt\/tooted\/imunine-sistema\/pieno-rugsties-bakteriju-10-milijardu-75-kapsules\/\"]}]},{\"@type\":\"ImageObject\",\"inLanguage\":\"lt-LT\",\"@id\":\"https:\/\/test.puhdasplus.ee\/lt\/tooted\/imunine-sistema\/pieno-rugsties-bakteriju-10-milijardu-75-kapsules\/#primaryimage\",\"url\":\"https:\/\/test.puhdasplus.ee\/wp-content\/uploads\/2020\/02\/Untitled-design-45-copy.jpg\",\"contentUrl\":\"https:\/\/test.puhdasplus.ee\/wp-content\/uploads\/2020\/02\/Untitled-design-45-copy.jpg\",\"width\":1862,\"height\":2560,\"caption\":\"Pieno r\u016bg\u0161ties bakterij\u0173 10 milijard\u0173, 75 kapsul\u0117s\"},{\"@type\":\"BreadcrumbList\",\"@id\":\"https:\/\/test.puhdasplus.ee\/lt\/tooted\/imunine-sistema\/pieno-rugsties-bakteriju-10-milijardu-75-kapsules\/#breadcrumb\",\"itemListElement\":[{\"@type\":\"ListItem\",\"position\":1,\"name\":\"Prad\u017eia\",\"item\":\"https:\/\/test.puhdasplus.ee\/lt\/\"},{\"@type\":\"ListItem\",\"position\":2,\"name\":\"Produktai\",\"item\":\"https:\/\/test.puhdasplus.ee\/lt\/parduotuve\/\"},{\"@type\":\"ListItem\",\"position\":3,\"name\":\"Pieno r\u016bg\u0161ties bakterij\u0173 10 milijard\u0173, 75 kapsul\u0117s\"}]},{\"@type\":\"WebSite\",\"@id\":\"https:\/\/test.puhdasplus.ee\/lt\/#website\",\"url\":\"https:\/\/test.puhdasplus.ee\/lt\/\",\"name\":\"Puhdas+\",\"description\":\"Vitamiinid, Toidulisandid, looduskosmeetika, tervis, sport\",\"publisher\":{\"@id\":\"https:\/\/test.puhdasplus.ee\/lt\/#organization\"},\"potentialAction\":[{\"@type\":\"SearchAction\",\"target\":{\"@type\":\"EntryPoint\",\"urlTemplate\":\"https:\/\/test.puhdasplus.ee\/lt\/?s={search_term_string}\"},\"query-input\":{\"@type\":\"PropertyValueSpecification\",\"valueRequired\":true,\"valueName\":\"search_term_string\"}}],\"inLanguage\":\"lt-LT\"},{\"@type\":\"Organization\",\"@id\":\"https:\/\/test.puhdasplus.ee\/lt\/#organization\",\"name\":\"Puhdas+\",\"alternateName\":\"Puhdasplus\",\"url\":\"https:\/\/test.puhdasplus.ee\/lt\/\",\"logo\":{\"@type\":\"ImageObject\",\"inLanguage\":\"lt-LT\",\"@id\":\"https:\/\/test.puhdasplus.ee\/lt\/#\/schema\/logo\/image\/\",\"url\":\"https:\/\/test.puhdasplus.ee\/\/wp-content\/uploads\/2019\/10\/puhdas_logo-arvele.png\",\"contentUrl\":\"https:\/\/test.puhdasplus.ee\/\/wp-content\/uploads\/2019\/10\/puhdas_logo-arvele.png\",\"width\":114,\"height\":94,\"caption\":\"Puhdas+\"},\"image\":{\"@id\":\"https:\/\/test.puhdasplus.ee\/lt\/#\/schema\/logo\/image\/\"},\"sameAs\":[\"https:\/\/www.facebook.com\/puhdasplus\",\"https:\/\/www.instagram.com\/puhdasplus_ee\/\"]}]}<\/script>\n<!-- \/ Yoast SEO plugin. -->","yoast_head_json":{"title":"Pieno r\u016bg\u0161ties bakterij\u0173 10 milijard\u0173, 75 kapsul\u0117s - Puhdas+","description":"Stiprios pieno r\u016bg\u0161ties bakterijos ir cinkas imunitetui ir vir\u0161kinimui palaikyti. 10 milijard\u0173 gyvybing\u0173 bakterij\u0173 vienoje kapsul\u0117je. Be pried\u0173. Taip pat tinka veganams.","robots":{"index":"noindex","follow":"follow","max-snippet":"max-snippet:-1","max-image-preview":"max-image-preview:large","max-video-preview":"max-video-preview:-1"},"og_locale":"lt_LT","og_type":"article","og_title":"Pieno r\u016bg\u0161ties bakterij\u0173 10 milijard\u0173, 75 kapsul\u0117s - Puhdas+","og_description":"Stiprios pieno r\u016bg\u0161ties bakterijos ir cinkas imunitetui ir vir\u0161kinimui palaikyti. 10 milijard\u0173 gyvybing\u0173 bakterij\u0173 vienoje kapsul\u0117je. Be pried\u0173. Taip pat tinka veganams.","og_url":"https:\/\/test.puhdasplus.ee\/lt\/tooted\/imunine-sistema\/pieno-rugsties-bakteriju-10-milijardu-75-kapsules\/","og_site_name":"Puhdas+","article_publisher":"https:\/\/www.facebook.com\/puhdasplus","article_modified_time":"2026-03-10T12:39:35+00:00","og_image":[{"width":1862,"height":2560,"url":"https:\/\/test.puhdasplus.ee\/wp-content\/uploads\/2020\/02\/Untitled-design-45-copy.jpg","type":"image\/jpeg"}],"twitter_card":"summary_large_image","twitter_misc":{"Est. reading time":"2 minut\u0117"},"schema":{"@context":"https:\/\/schema.org","@graph":[{"@type":"WebPage","@id":"https:\/\/test.puhdasplus.ee\/lt\/tooted\/imunine-sistema\/pieno-rugsties-bakteriju-10-milijardu-75-kapsules\/","url":"https:\/\/test.puhdasplus.ee\/lt\/tooted\/imunine-sistema\/pieno-rugsties-bakteriju-10-milijardu-75-kapsules\/","name":"Pieno r\u016bg\u0161ties bakterij\u0173 10 milijard\u0173, 75 kapsul\u0117s - Puhdas+","isPartOf":{"@id":"https:\/\/test.puhdasplus.ee\/lt\/#website"},"primaryImageOfPage":{"@id":"https:\/\/test.puhdasplus.ee\/lt\/tooted\/imunine-sistema\/pieno-rugsties-bakteriju-10-milijardu-75-kapsules\/#primaryimage"},"image":{"@id":"https:\/\/test.puhdasplus.ee\/lt\/tooted\/imunine-sistema\/pieno-rugsties-bakteriju-10-milijardu-75-kapsules\/#primaryimage"},"thumbnailUrl":"https:\/\/test.puhdasplus.ee\/wp-content\/uploads\/2020\/02\/Untitled-design-45-copy.jpg","datePublished":"2020-02-16T09:29:10+00:00","dateModified":"2026-03-10T12:39:35+00:00","description":"Stiprios pieno r\u016bg\u0161ties bakterijos ir cinkas imunitetui ir vir\u0161kinimui palaikyti. 10 milijard\u0173 gyvybing\u0173 bakterij\u0173 vienoje kapsul\u0117je. Be pried\u0173. Taip pat tinka veganams.","breadcrumb":{"@id":"https:\/\/test.puhdasplus.ee\/lt\/tooted\/imunine-sistema\/pieno-rugsties-bakteriju-10-milijardu-75-kapsules\/#breadcrumb"},"inLanguage":"lt-LT","potentialAction":[{"@type":"ReadAction","target":["https:\/\/test.puhdasplus.ee\/lt\/tooted\/imunine-sistema\/pieno-rugsties-bakteriju-10-milijardu-75-kapsules\/"]}]},{"@type":"ImageObject","inLanguage":"lt-LT","@id":"https:\/\/test.puhdasplus.ee\/lt\/tooted\/imunine-sistema\/pieno-rugsties-bakteriju-10-milijardu-75-kapsules\/#primaryimage","url":"https:\/\/test.puhdasplus.ee\/wp-content\/uploads\/2020\/02\/Untitled-design-45-copy.jpg","contentUrl":"https:\/\/test.puhdasplus.ee\/wp-content\/uploads\/2020\/02\/Untitled-design-45-copy.jpg","width":1862,"height":2560,"caption":"Pieno r\u016bg\u0161ties bakterij\u0173 10 milijard\u0173, 75 kapsul\u0117s"},{"@type":"BreadcrumbList","@id":"https:\/\/test.puhdasplus.ee\/lt\/tooted\/imunine-sistema\/pieno-rugsties-bakteriju-10-milijardu-75-kapsules\/#breadcrumb","itemListElement":[{"@type":"ListItem","position":1,"name":"Prad\u017eia","item":"https:\/\/test.puhdasplus.ee\/lt\/"},{"@type":"ListItem","position":2,"name":"Produktai","item":"https:\/\/test.puhdasplus.ee\/lt\/parduotuve\/"},{"@type":"ListItem","position":3,"name":"Pieno r\u016bg\u0161ties bakterij\u0173 10 milijard\u0173, 75 kapsul\u0117s"}]},{"@type":"WebSite","@id":"https:\/\/test.puhdasplus.ee\/lt\/#website","url":"https:\/\/test.puhdasplus.ee\/lt\/","name":"Puhdas+","description":"Vitamiinid, Toidulisandid, looduskosmeetika, tervis, sport","publisher":{"@id":"https:\/\/test.puhdasplus.ee\/lt\/#organization"},"potentialAction":[{"@type":"SearchAction","target":{"@type":"EntryPoint","urlTemplate":"https:\/\/test.puhdasplus.ee\/lt\/?s={search_term_string}"},"query-input":{"@type":"PropertyValueSpecification","valueRequired":true,"valueName":"search_term_string"}}],"inLanguage":"lt-LT"},{"@type":"Organization","@id":"https:\/\/test.puhdasplus.ee\/lt\/#organization","name":"Puhdas+","alternateName":"Puhdasplus","url":"https:\/\/test.puhdasplus.ee\/lt\/","logo":{"@type":"ImageObject","inLanguage":"lt-LT","@id":"https:\/\/test.puhdasplus.ee\/lt\/#\/schema\/logo\/image\/","url":"https:\/\/test.puhdasplus.ee\/\/wp-content\/uploads\/2019\/10\/puhdas_logo-arvele.png","contentUrl":"https:\/\/test.puhdasplus.ee\/\/wp-content\/uploads\/2019\/10\/puhdas_logo-arvele.png","width":114,"height":94,"caption":"Puhdas+"},"image":{"@id":"https:\/\/test.puhdasplus.ee\/lt\/#\/schema\/logo\/image\/"},"sameAs":["https:\/\/www.facebook.com\/puhdasplus","https:\/\/www.instagram.com\/puhdasplus_ee\/"]}]}},"_links":{"self":[{"href":"https:\/\/test.puhdasplus.ee\/lt\/wp-json\/wp\/v2\/product\/353288","targetHints":{"allow":["GET"]}}],"collection":[{"href":"https:\/\/test.puhdasplus.ee\/lt\/wp-json\/wp\/v2\/product"}],"about":[{"href":"https:\/\/test.puhdasplus.ee\/lt\/wp-json\/wp\/v2\/types\/product"}],"replies":[{"embeddable":true,"href":"https:\/\/test.puhdasplus.ee\/lt\/wp-json\/wp\/v2\/comments?post=353288"}],"wp:featuredmedia":[{"embeddable":true,"href":"https:\/\/test.puhdasplus.ee\/lt\/wp-json\/wp\/v2\/media\/353290"}],"wp:attachment":[{"href":"https:\/\/test.puhdasplus.ee\/lt\/wp-json\/wp\/v2\/media?parent=353288"}],"wp:term":[{"taxonomy":"product_brand","embeddable":true,"href":"https:\/\/test.puhdasplus.ee\/lt\/wp-json\/wp\/v2\/product_brand?post=353288"},{"taxonomy":"product_cat","embeddable":true,"href":"https:\/\/test.puhdasplus.ee\/lt\/wp-json\/wp\/v2\/product_cat?post=353288"},{"taxonomy":"product_tag","embeddable":true,"href":"https:\/\/test.puhdasplus.ee\/lt\/wp-json\/wp\/v2\/product_tag?post=353288"}],"curies":[{"name":"wp","href":"https:\/\/api.w.org\/{rel}","templated":true}]}}