{"id":353280,"date":"2019-12-04T17:39:15","date_gmt":"2019-12-04T15:39:15","guid":{"rendered":"https:\/\/test.puhdasplus.ee\/\/tooted\/be-kategorijos\/ubichinonas-coq10-kofermentas-q10-100-mg-vitaminas-c\/"},"modified":"2026-03-10T14:38:19","modified_gmt":"2026-03-10T12:38:19","slug":"ubichinonas-coq10-kofermentas-q10-100-mg-vitaminas-c","status":"publish","type":"product","link":"https:\/\/test.puhdasplus.ee\/lt\/tooted\/virskinimas-ir-medziagu-apykaita\/detoksikacija-lt\/ubichinonas-coq10-kofermentas-q10-100-mg-vitaminas-c\/","title":{"rendered":"Ubichinonas CoQ10 (kofermentas Q10) 100 mg + vitaminas C"},"content":{"rendered":"<h2 data-start=\"225\" data-end=\"270\">Kas yra \u201ePure+ Ubichinone CoQ10 100 mg + Vitaminas C\u201c?<\/h2>\n<p class=\"p1\">\u201ePure+ Ubichinone CoQ10 100 mg + Vitaminas C\u201c yra maisto papildas, kurio sud\u0117tyje yra kofermento Q10 ir vitamino C. Vitaminas C padeda palaikyti normali\u0105 energij\u0105 generuojan\u010di\u0105 med\u017eiag\u0173 apykait\u0105, stiprina imunin\u0119 sistem\u0105 ir padeda apsaugoti l\u0105steles nuo oksidacinio streso. <\/p>\n<h2 class=\"\" data-start=\"138\" data-end=\"212\">Kod\u0117l \u201ePure+ Ubichinone CoQ10 100 mg + Vitamin C\u201c yra b\u016btinas ir naudingas?<\/h2>\n<p class=\"\" data-start=\"214\" data-end=\"651\"><strong data-start=\"214\" data-end=\"230\">Kofermentas Q10<\/strong> (ubichinonas) yra riebaluose tirpi molekul\u0117, nat\u016braliai randama visose k\u016bno l\u0105stel\u0117se, ypa\u010d energij\u0105 reikalaujan\u010diuose audiniuose, tokiuose kaip \u0161irdis, raumenys ir smegenys.<\/p>\n<p class=\"p1\">Senstant ir tam tikrais gyvenimo etapais nat\u016bralus Q10 kiekis organizme gali suma\u017e\u0117ti. Vitaminas C padeda palaikyti normali\u0105 energij\u0105 generuojan\u010di\u0105 med\u017eiag\u0173 apykait\u0105 ir ma\u017eina nuovarg\u012f bei i\u0161sekim\u0105. <\/p>\n<p class=\"\" data-start=\"653\" data-end=\"835\"><strong data-start=\"653\" data-end=\"700\">\u201ePure+\u201c ubichinono kofermento Q10 100 mg + vitamino C<\/strong> maisto papildas padeda papildyti organizmo kofermento Q10 atsargas. Vitaminas C padeda palaikyti normali\u0105 energijos apykait\u0105. Tod\u0117l jis ypa\u010d naudingas:  <\/p>\n<ul data-start=\"836\" data-end=\"1222\">\n<li class=\"\" data-start=\"836\" data-end=\"923\">\n<p class=\"\" data-start=\"838\" data-end=\"923\"><strong data-start=\"838\" data-end=\"865\">Aktyviems \u017emon\u0117ms<\/strong> , kuriems reikia greito atsigavimo ir stabilaus energijos lygio<\/p>\n<\/li>\n<li class=\"\" data-start=\"924\" data-end=\"1006\">\n<p class=\"\" data-start=\"926\" data-end=\"1006\"><strong data-start=\"926\" data-end=\"957\">Vidutinio ir vyresnio am\u017eiaus \u017emon\u0117ms,<\/strong> kuri\u0173 organizme suma\u017e\u0117jo nat\u016brali Q10 gamyba<\/p>\n<\/li>\n<li class=\"\" data-start=\"1007\" data-end=\"1108\">\n<p class=\"\" data-start=\"1009\" data-end=\"1108\"><strong data-start=\"1009\" data-end=\"1051\">Q10<\/strong> gausu energij\u0105 turin\u010diuose audiniuose, \u012fskaitant \u0161ird\u012f.<\/p>\n<\/li>\n<li class=\"\" data-start=\"1109\" data-end=\"1222\">\n<p class=\"\" data-start=\"1111\" data-end=\"1222\"><strong data-start=\"1111\" data-end=\"1140\">Streso ar<\/strong> padid\u0117jusio kr\u016bvio metu, kai organizmui reikia palaikymo. Vitaminas C padeda ma\u017einti nuovarg\u012f ir palaiko normali\u0105 imunin\u0117s sistemos funkcij\u0105. <\/p>\n<\/li>\n<\/ul>\n<p class=\"\" data-start=\"1224\" data-end=\"1302\">Be to, produkte yra <strong data-start=\"1251\" data-end=\"1265\">vitamino C<\/strong> , kuris atlieka kelet\u0105 svarbi\u0173 funkcij\u0173:<\/p>\n<ul data-start=\"1303\" data-end=\"1500\">\n<li class=\"\" data-start=\"1303\" data-end=\"1346\">\n<p class=\"\" data-start=\"1305\" data-end=\"1346\">Prisideda prie normalios energijos apykaitos<\/p>\n<\/li>\n<li class=\"\" data-start=\"1347\" data-end=\"1386\">\n<p class=\"\" data-start=\"1349\" data-end=\"1386\">Padeda suma\u017einti nuovarg\u012f ir i\u0161sekim\u0105<\/p>\n<\/li>\n<li class=\"\" data-start=\"1387\" data-end=\"1439\">\n<p class=\"\" data-start=\"1389\" data-end=\"1439\">Palaiko normali\u0105 imunin\u0117s sistemos veikl\u0105<\/p>\n<\/li>\n<li class=\"\" data-start=\"1440\" data-end=\"1500\">\n<p class=\"\" data-start=\"1442\" data-end=\"1500\">Apsaugo l\u0105steles nuo oksidacinio streso (laisv\u0173j\u0173 radikal\u0173)<\/p>\n<\/li>\n<\/ul>\n<p class=\"\" data-start=\"1502\" data-end=\"1643\">Vitaminas C ir Q10 veikia kartu kaip stipri apsaugin\u0117 pora \u2013 vitaminas C palaiko imunin\u0119 sistem\u0105 ir prisideda prie normalios energijos apykaitos.<\/p>\n<p class=\"\" data-start=\"1645\" data-end=\"1794\"><strong data-start=\"1645\" data-end=\"1692\">\u201ePure+ Ubichinone CoQ10 100 mg + Vitaminas C\u201c<\/strong> yra 100 % nat\u016bralus, be dirbtini\u0173 pried\u0173, saldikli\u0173 ir da\u017eikli\u0173, taip pat tinka veganams.<\/p>\n<h2 class=\"\" data-start=\"225\" data-end=\"270\">Palaiko energijos lyg\u012f ir ma\u017eina nuovarg\u012f<\/h2>\n<p class=\"\" data-start=\"272\" data-end=\"467\"><span class=\"relative -mx-px my-[-0.2rem] rounded px-px py-[0.2rem] transition-colors duration-100 ease-in-out\">\u201ePure+ Ubichinone CoQ10 100 mg + Vitamin C\u201c yra auk\u0161tos kokyb\u0117s maisto papildas, kuriame yra kofermento Q10 ir vitamino C.  <\/span>Vitaminas C padeda palaikyti normali\u0105 energij\u0105 generuojan\u010di\u0105 med\u017eiag\u0173 apykait\u0105 ir padeda ma\u017einti pavargimo jausm\u0105 ir nuovarg\u012f. Kofermentas Q10 yra riebaluose tirpi molekul\u0117, nat\u016braliai randama visose k\u016bno l\u0105stel\u0117se, ypa\u010d energij\u0105 imliuose audiniuose, tokiuose kaip \u0161irdis ir raumenys. <\/p>\n<h2 class=\"\" data-start=\"474\" data-end=\"521\">Stiprina imunin\u0119 sistem\u0105 ir apsaugo l\u0105steles<\/h2>\n<p class=\"\" data-start=\"523\" data-end=\"684\"><span class=\"relative -mx-px my-[-0.2rem] rounded px-px py-[0.2rem] transition-colors duration-100 ease-in-out\">Vitaminas C padeda palaikyti normali\u0105 imunin\u0117s sistemos funkcij\u0105 ir apsaugoti l\u0105steles nuo oksidacinio streso.<\/span> <span class=\"relative -mx-px my-[-0.2rem] rounded px-px py-[0.2rem] transition-colors duration-100 ease-in-out\">Kofermentas Q10 veikia kaip antioksidantas, padedantis neutralizuoti laisvuosius radikalus ir apsaugoti l\u0105steles nuo pa\u017eeidim\u0173.<\/span><\/p>\n<h2 data-start=\"1463\" data-end=\"1485\">Kam tai tinka?<\/h2>\n<ul data-start=\"1486\" data-end=\"1735\">\n<li class=\"\" data-start=\"1486\" data-end=\"1526\">\n<p class=\"\" data-start=\"1488\" data-end=\"1526\">Aktyviems ir sportuojantiems \u017emon\u0117ms<\/p>\n<\/li>\n<li class=\"\" data-start=\"1527\" data-end=\"1597\">\n<p class=\"\" data-start=\"1529\" data-end=\"1597\">Vidutinio ir vyresnio am\u017eiaus \u017emon\u0117ms, norintiems palaikyti nat\u016brali\u0105 savo k\u016bno energijos apykait\u0105 ir savijaut\u0105<\/p>\n<\/li>\n<li class=\"\" data-start=\"1598\" data-end=\"1668\">\n<p class=\"\" data-start=\"1600\" data-end=\"1668\">Visiems, norintiems sustiprinti imunin\u0119 sistem\u0105 ir suma\u017einti nuovarg\u012f<\/p>\n<\/li>\n<li class=\"\" data-start=\"1669\" data-end=\"1735\">\n<p class=\"\" data-start=\"1671\" data-end=\"1735\">Tiems, kurie nori palaikyti l\u0105steli\u0173 apsaug\u0105 nuo oksidacinio streso ir bendr\u0105 savijaut\u0105<\/p>\n<\/li>\n<\/ul>\n<h2 class=\"\" data-start=\"782\" data-end=\"799\">Ingredientai<\/h2>\n<ul data-start=\"801\" data-end=\"947\">\n<li class=\"\" data-start=\"801\" data-end=\"835\">\n<p class=\"\" data-start=\"803\" data-end=\"835\"><strong data-start=\"803\" data-end=\"835\">L-askorbo r\u016bg\u0161tis (vitaminas C)<\/strong><\/p>\n<\/li>\n<li class=\"\" data-start=\"836\" data-end=\"855\">\n<p class=\"\" data-start=\"838\" data-end=\"855\"><strong data-start=\"838\" data-end=\"855\">Ubichinonas Q10<\/strong><\/p>\n<\/li>\n<li class=\"\" data-start=\"856\" data-end=\"947\">\n<p class=\"\" data-start=\"858\" data-end=\"947\"><strong data-start=\"858\" data-end=\"868\">Kapsul\u0117<\/strong> : hidroksipropilmetilceliulioz\u0117<\/p>\n<\/li>\n<\/ul>\n<h2 class=\"\" data-start=\"1019\" data-end=\"1048\">Maistin\u0117 vert\u0117 (1 kapsul\u0117)<\/h2>\n<ul data-start=\"1050\" data-end=\"1216\">\n<li class=\"\" data-start=\"1050\" data-end=\"1112\">\n<p class=\"\" data-start=\"1052\" data-end=\"1112\"><strong data-start=\"1052\" data-end=\"1071\">Ubichinonas (CoQ10)<\/strong> : <span class=\"relative -mx-px my-[-0.2rem] rounded px-px py-[0.2rem] transition-colors duration-100 ease-in-out\">100 mg<\/span><\/p>\n<\/li>\n<li class=\"\" data-start=\"1113\" data-end=\"1216\">\n<p class=\"\" data-start=\"1115\" data-end=\"1216\"><strong data-start=\"1115\" data-end=\"1129\">Vitaminas C<\/strong> : <span class=\"relative -mx-px my-[-0.2rem] rounded px-px py-[0.2rem] transition-colors duration-100 ease-in-out\">250 mg<\/span><\/p>\n<\/li>\n<\/ul>\n<h2 class=\"\" data-start=\"1223\" data-end=\"1239\">Naudojimas<\/h2>\n<p class=\"\" data-start=\"1241\" data-end=\"1486\"><span class=\"relative -mx-px my-[-0.2rem] rounded px-px py-[0.2rem] transition-colors duration-100 ease-in-out\">Suaugusiesiems: 1 kapsul\u0117 per dien\u0105.<\/span> <span class=\"relative -mx-px my-[-0.2rem] rounded px-px py-[0.2rem] transition-colors duration-100 ease-in-out\">Nevir\u0161ykite rekomenduojamos paros doz\u0117s.<\/span> <span class=\"relative -mx-px my-[-0.2rem] rounded px-px py-[0.2rem] transition-colors duration-100 ease-in-out\">\u0160is maisto papildas nepakei\u010dia \u012fvairios ir subalansuotos mitybos ar sveiko gyvenimo b\u016bdo.<\/span> <span class=\"relative -mx-px my-[-0.2rem] rounded px-px py-[0.2rem] transition-colors duration-100 ease-in-out\">Laikyti vaikams nepasiekiamoje vietoje.<\/span> <span class=\"relative -mx-px my-[-0.2rem] rounded px-px py-[0.2rem] transition-colors duration-100 ease-in-out\">Nerekomenduojama vaikams ir n\u0117\u0161\u010dioms moterims.<\/span><\/p>\n","protected":false},"excerpt":{"rendered":"<p class=\"p1\"><b>\u201ePure+ Ubichinone CoQ10 100 mg + Vitaminas C\u201c yra auk\u0161tos kokyb\u0117s ir grynas maisto papildas, kuriame sujungti du svarb\u016bs ingredientai \u2013 kofermentas Q10 ir vitaminas C. Vitaminas C padeda palaikyti normali\u0105 energijos apykait\u0105, stiprina imunin\u0119 sistem\u0105 ir padeda apsaugoti l\u0105steles nuo oksidacinio streso. <\/b><b><\/b><\/p>\n<p class=\"p3\">Kofermentas Q10 yra nat\u016bralus organizmo junginys, kurio dideliais kiekiais randama \u0161irdies, raumen\u0173 ir smegen\u0173 l\u0105stel\u0117se, kurioms reikalingas didelis energijos poreikis. Nat\u016bralus Q10 kiekis organizme gali ma\u017e\u0117ti su am\u017eiumi. Q10 yra riebaluose tirpi med\u017eiaga, kuri\u0105 organizmas naudoja energijos gamybos procesuose.  <\/p>\n<p class=\"p3\">Vitaminas C suteikia produktui vert\u0117s, palaikydamas normali\u0105 imunin\u0117s sistemos funkcij\u0105 ir pad\u0117damas ma\u017einti pavarg\u012f bei i\u0161sekim\u0105. Vitaminas C taip pat veikia kaip antioksidantas, apsaugantis organizmo l\u0105steles nuo oksidacinio streso ir padedantis palaikyti nat\u016brali\u0105 l\u0105steli\u0173 apsaug\u0105. <\/p>\n<p class=\"p3\">\u201ePure+ Ubichinone CoQ10 100 mg + Vitamin C\u201c gaminamas Suomijoje laikantis auk\u0161\u010diausi\u0173 kokyb\u0117s standart\u0173. Produktas yra 100 % nat\u016bralus, be dirbtini\u0173 pried\u0173, u\u017epild\u0173 ar da\u017eikli\u0173, tinka veganams. Jis taip pat neturi glitimo, laktoz\u0117s ir sojos, tod\u0117l tinka \u017emon\u0117ms su jautria vir\u0161kinimo sistema.  <\/p>\n","protected":false},"featured_media":353284,"comment_status":"closed","ping_status":"closed","template":"","meta":{"_acf_changed":false},"product_brand":[],"product_cat":[5986,3049,3013,3174],"product_tag":[4389,6427,4391,4386,4387,4390,4393,4388,2967],"class_list":{"0":"post-353280","1":"product","2":"type-product","3":"status-publish","4":"has-post-thumbnail","6":"product_cat-detoksikacija-lt","7":"product_cat-specialus-pasiulymai","8":"product_cat-stresas-ir-miegas","9":"product_cat-vitaminai","10":"product_tag-antioksidantas-coq10","11":"product_tag-energija-suteikiantis-papildas","12":"product_tag-geriausias-kofermento-q10-papildas","13":"product_tag-kofermentas-q10-ubichinonas","14":"product_tag-naturali-energija-ir-istverme","15":"product_tag-palaikymas-lasteliu-energijos-metabolizmui","16":"product_tag-q10-lt","17":"product_tag-sirdies-sveikatos-papildas","18":"product_tag-veganas","20":"first","21":"instock","22":"sale","23":"taxable","24":"shipping-taxable","25":"purchasable","26":"product-type-variable","27":"has-default-attributes"},"acf":[],"yoast_head":"<!-- This site is optimized with the Yoast SEO plugin v27.1.1 - https:\/\/yoast.com\/product\/yoast-seo-wordpress\/ -->\n<title>Ubichinonas CoQ10 (kofermentas Q10) 100 mg + vitaminas C - Puhdas+<\/title>\n<meta name=\"description\" content=\"Ubikinonas Q10 100 mg \u2013 nat\u016brali energijos, \u0161irdies sveikatos ir l\u0105steli\u0173 apsaugos palaikymas. Geriausias pasirinkimas aktyviam gyvenimo b\u016bdui! I\u0161bandykite dabar!\" \/>\n<meta name=\"robots\" content=\"noindex, follow, max-snippet:-1, max-image-preview:large, max-video-preview:-1\" \/>\n<meta property=\"og:locale\" content=\"lt_LT\" \/>\n<meta property=\"og:type\" content=\"article\" \/>\n<meta property=\"og:title\" content=\"Ubichinonas CoQ10 (kofermentas Q10) 100 mg + vitaminas C - Puhdas+\" \/>\n<meta property=\"og:description\" content=\"Ubikinonas Q10 100 mg \u2013 nat\u016brali energijos, \u0161irdies sveikatos ir l\u0105steli\u0173 apsaugos palaikymas. Geriausias pasirinkimas aktyviam gyvenimo b\u016bdui! I\u0161bandykite dabar!\" \/>\n<meta property=\"og:url\" content=\"https:\/\/test.puhdasplus.ee\/lt\/tooted\/virskinimas-ir-medziagu-apykaita\/detoksikacija-lt\/ubichinonas-coq10-kofermentas-q10-100-mg-vitaminas-c\/\" \/>\n<meta property=\"og:site_name\" content=\"Puhdas+\" \/>\n<meta property=\"article:publisher\" content=\"https:\/\/www.facebook.com\/puhdasplus\" \/>\n<meta property=\"article:modified_time\" content=\"2026-03-10T12:38:19+00:00\" \/>\n<meta property=\"og:image\" content=\"https:\/\/test.puhdasplus.ee\/wp-content\/uploads\/2025\/03\/23.jpg\" \/>\n\t<meta property=\"og:image:width\" content=\"1862\" \/>\n\t<meta property=\"og:image:height\" content=\"2560\" \/>\n\t<meta property=\"og:image:type\" content=\"image\/jpeg\" \/>\n<meta name=\"twitter:card\" content=\"summary_large_image\" \/>\n<meta name=\"twitter:label1\" content=\"Est. reading time\" \/>\n\t<meta name=\"twitter:data1\" content=\"2 minut\u0117\" \/>\n<script type=\"application\/ld+json\" class=\"yoast-schema-graph\">{\"@context\":\"https:\/\/schema.org\",\"@graph\":[{\"@type\":\"WebPage\",\"@id\":\"https:\/\/test.puhdasplus.ee\/lt\/tooted\/virskinimas-ir-medziagu-apykaita\/detoksikacija-lt\/ubichinonas-coq10-kofermentas-q10-100-mg-vitaminas-c\/\",\"url\":\"https:\/\/test.puhdasplus.ee\/lt\/tooted\/virskinimas-ir-medziagu-apykaita\/detoksikacija-lt\/ubichinonas-coq10-kofermentas-q10-100-mg-vitaminas-c\/\",\"name\":\"Ubichinonas CoQ10 (kofermentas Q10) 100 mg + vitaminas C - Puhdas+\",\"isPartOf\":{\"@id\":\"https:\/\/test.puhdasplus.ee\/lt\/#website\"},\"primaryImageOfPage\":{\"@id\":\"https:\/\/test.puhdasplus.ee\/lt\/tooted\/virskinimas-ir-medziagu-apykaita\/detoksikacija-lt\/ubichinonas-coq10-kofermentas-q10-100-mg-vitaminas-c\/#primaryimage\"},\"image\":{\"@id\":\"https:\/\/test.puhdasplus.ee\/lt\/tooted\/virskinimas-ir-medziagu-apykaita\/detoksikacija-lt\/ubichinonas-coq10-kofermentas-q10-100-mg-vitaminas-c\/#primaryimage\"},\"thumbnailUrl\":\"https:\/\/test.puhdasplus.ee\/wp-content\/uploads\/2025\/03\/23.jpg\",\"datePublished\":\"2019-12-04T15:39:15+00:00\",\"dateModified\":\"2026-03-10T12:38:19+00:00\",\"description\":\"Ubikinonas Q10 100 mg \u2013 nat\u016brali energijos, \u0161irdies sveikatos ir l\u0105steli\u0173 apsaugos palaikymas. Geriausias pasirinkimas aktyviam gyvenimo b\u016bdui! I\u0161bandykite dabar!\",\"breadcrumb\":{\"@id\":\"https:\/\/test.puhdasplus.ee\/lt\/tooted\/virskinimas-ir-medziagu-apykaita\/detoksikacija-lt\/ubichinonas-coq10-kofermentas-q10-100-mg-vitaminas-c\/#breadcrumb\"},\"inLanguage\":\"lt-LT\",\"potentialAction\":[{\"@type\":\"ReadAction\",\"target\":[\"https:\/\/test.puhdasplus.ee\/lt\/tooted\/virskinimas-ir-medziagu-apykaita\/detoksikacija-lt\/ubichinonas-coq10-kofermentas-q10-100-mg-vitaminas-c\/\"]}]},{\"@type\":\"ImageObject\",\"inLanguage\":\"lt-LT\",\"@id\":\"https:\/\/test.puhdasplus.ee\/lt\/tooted\/virskinimas-ir-medziagu-apykaita\/detoksikacija-lt\/ubichinonas-coq10-kofermentas-q10-100-mg-vitaminas-c\/#primaryimage\",\"url\":\"https:\/\/test.puhdasplus.ee\/wp-content\/uploads\/2025\/03\/23.jpg\",\"contentUrl\":\"https:\/\/test.puhdasplus.ee\/wp-content\/uploads\/2025\/03\/23.jpg\",\"width\":1862,\"height\":2560,\"caption\":\"Ubichinonas CoQ10 (kofermentas Q10) 100 mg + vitaminas C, 60 kapsuli\u0173\"},{\"@type\":\"BreadcrumbList\",\"@id\":\"https:\/\/test.puhdasplus.ee\/lt\/tooted\/virskinimas-ir-medziagu-apykaita\/detoksikacija-lt\/ubichinonas-coq10-kofermentas-q10-100-mg-vitaminas-c\/#breadcrumb\",\"itemListElement\":[{\"@type\":\"ListItem\",\"position\":1,\"name\":\"Prad\u017eia\",\"item\":\"https:\/\/test.puhdasplus.ee\/lt\/\"},{\"@type\":\"ListItem\",\"position\":2,\"name\":\"Produktai\",\"item\":\"https:\/\/test.puhdasplus.ee\/lt\/parduotuve\/\"},{\"@type\":\"ListItem\",\"position\":3,\"name\":\"Ubichinonas CoQ10 (kofermentas Q10) 100 mg + vitaminas C\"}]},{\"@type\":\"WebSite\",\"@id\":\"https:\/\/test.puhdasplus.ee\/lt\/#website\",\"url\":\"https:\/\/test.puhdasplus.ee\/lt\/\",\"name\":\"Puhdas+\",\"description\":\"Vitamiinid, Toidulisandid, looduskosmeetika, tervis, sport\",\"publisher\":{\"@id\":\"https:\/\/test.puhdasplus.ee\/lt\/#organization\"},\"potentialAction\":[{\"@type\":\"SearchAction\",\"target\":{\"@type\":\"EntryPoint\",\"urlTemplate\":\"https:\/\/test.puhdasplus.ee\/lt\/?s={search_term_string}\"},\"query-input\":{\"@type\":\"PropertyValueSpecification\",\"valueRequired\":true,\"valueName\":\"search_term_string\"}}],\"inLanguage\":\"lt-LT\"},{\"@type\":\"Organization\",\"@id\":\"https:\/\/test.puhdasplus.ee\/lt\/#organization\",\"name\":\"Puhdas+\",\"alternateName\":\"Puhdasplus\",\"url\":\"https:\/\/test.puhdasplus.ee\/lt\/\",\"logo\":{\"@type\":\"ImageObject\",\"inLanguage\":\"lt-LT\",\"@id\":\"https:\/\/test.puhdasplus.ee\/lt\/#\/schema\/logo\/image\/\",\"url\":\"https:\/\/test.puhdasplus.ee\/\/wp-content\/uploads\/2019\/10\/puhdas_logo-arvele.png\",\"contentUrl\":\"https:\/\/test.puhdasplus.ee\/\/wp-content\/uploads\/2019\/10\/puhdas_logo-arvele.png\",\"width\":114,\"height\":94,\"caption\":\"Puhdas+\"},\"image\":{\"@id\":\"https:\/\/test.puhdasplus.ee\/lt\/#\/schema\/logo\/image\/\"},\"sameAs\":[\"https:\/\/www.facebook.com\/puhdasplus\",\"https:\/\/www.instagram.com\/puhdasplus_ee\/\"]}]}<\/script>\n<!-- \/ Yoast SEO plugin. -->","yoast_head_json":{"title":"Ubichinonas CoQ10 (kofermentas Q10) 100 mg + vitaminas C - Puhdas+","description":"Ubikinonas Q10 100 mg \u2013 nat\u016brali energijos, \u0161irdies sveikatos ir l\u0105steli\u0173 apsaugos palaikymas. Geriausias pasirinkimas aktyviam gyvenimo b\u016bdui! I\u0161bandykite dabar!","robots":{"index":"noindex","follow":"follow","max-snippet":"max-snippet:-1","max-image-preview":"max-image-preview:large","max-video-preview":"max-video-preview:-1"},"og_locale":"lt_LT","og_type":"article","og_title":"Ubichinonas CoQ10 (kofermentas Q10) 100 mg + vitaminas C - Puhdas+","og_description":"Ubikinonas Q10 100 mg \u2013 nat\u016brali energijos, \u0161irdies sveikatos ir l\u0105steli\u0173 apsaugos palaikymas. Geriausias pasirinkimas aktyviam gyvenimo b\u016bdui! I\u0161bandykite dabar!","og_url":"https:\/\/test.puhdasplus.ee\/lt\/tooted\/virskinimas-ir-medziagu-apykaita\/detoksikacija-lt\/ubichinonas-coq10-kofermentas-q10-100-mg-vitaminas-c\/","og_site_name":"Puhdas+","article_publisher":"https:\/\/www.facebook.com\/puhdasplus","article_modified_time":"2026-03-10T12:38:19+00:00","og_image":[{"width":1862,"height":2560,"url":"https:\/\/test.puhdasplus.ee\/wp-content\/uploads\/2025\/03\/23.jpg","type":"image\/jpeg"}],"twitter_card":"summary_large_image","twitter_misc":{"Est. reading time":"2 minut\u0117"},"schema":{"@context":"https:\/\/schema.org","@graph":[{"@type":"WebPage","@id":"https:\/\/test.puhdasplus.ee\/lt\/tooted\/virskinimas-ir-medziagu-apykaita\/detoksikacija-lt\/ubichinonas-coq10-kofermentas-q10-100-mg-vitaminas-c\/","url":"https:\/\/test.puhdasplus.ee\/lt\/tooted\/virskinimas-ir-medziagu-apykaita\/detoksikacija-lt\/ubichinonas-coq10-kofermentas-q10-100-mg-vitaminas-c\/","name":"Ubichinonas CoQ10 (kofermentas Q10) 100 mg + vitaminas C - Puhdas+","isPartOf":{"@id":"https:\/\/test.puhdasplus.ee\/lt\/#website"},"primaryImageOfPage":{"@id":"https:\/\/test.puhdasplus.ee\/lt\/tooted\/virskinimas-ir-medziagu-apykaita\/detoksikacija-lt\/ubichinonas-coq10-kofermentas-q10-100-mg-vitaminas-c\/#primaryimage"},"image":{"@id":"https:\/\/test.puhdasplus.ee\/lt\/tooted\/virskinimas-ir-medziagu-apykaita\/detoksikacija-lt\/ubichinonas-coq10-kofermentas-q10-100-mg-vitaminas-c\/#primaryimage"},"thumbnailUrl":"https:\/\/test.puhdasplus.ee\/wp-content\/uploads\/2025\/03\/23.jpg","datePublished":"2019-12-04T15:39:15+00:00","dateModified":"2026-03-10T12:38:19+00:00","description":"Ubikinonas Q10 100 mg \u2013 nat\u016brali energijos, \u0161irdies sveikatos ir l\u0105steli\u0173 apsaugos palaikymas. Geriausias pasirinkimas aktyviam gyvenimo b\u016bdui! I\u0161bandykite dabar!","breadcrumb":{"@id":"https:\/\/test.puhdasplus.ee\/lt\/tooted\/virskinimas-ir-medziagu-apykaita\/detoksikacija-lt\/ubichinonas-coq10-kofermentas-q10-100-mg-vitaminas-c\/#breadcrumb"},"inLanguage":"lt-LT","potentialAction":[{"@type":"ReadAction","target":["https:\/\/test.puhdasplus.ee\/lt\/tooted\/virskinimas-ir-medziagu-apykaita\/detoksikacija-lt\/ubichinonas-coq10-kofermentas-q10-100-mg-vitaminas-c\/"]}]},{"@type":"ImageObject","inLanguage":"lt-LT","@id":"https:\/\/test.puhdasplus.ee\/lt\/tooted\/virskinimas-ir-medziagu-apykaita\/detoksikacija-lt\/ubichinonas-coq10-kofermentas-q10-100-mg-vitaminas-c\/#primaryimage","url":"https:\/\/test.puhdasplus.ee\/wp-content\/uploads\/2025\/03\/23.jpg","contentUrl":"https:\/\/test.puhdasplus.ee\/wp-content\/uploads\/2025\/03\/23.jpg","width":1862,"height":2560,"caption":"Ubichinonas CoQ10 (kofermentas Q10) 100 mg + vitaminas C, 60 kapsuli\u0173"},{"@type":"BreadcrumbList","@id":"https:\/\/test.puhdasplus.ee\/lt\/tooted\/virskinimas-ir-medziagu-apykaita\/detoksikacija-lt\/ubichinonas-coq10-kofermentas-q10-100-mg-vitaminas-c\/#breadcrumb","itemListElement":[{"@type":"ListItem","position":1,"name":"Prad\u017eia","item":"https:\/\/test.puhdasplus.ee\/lt\/"},{"@type":"ListItem","position":2,"name":"Produktai","item":"https:\/\/test.puhdasplus.ee\/lt\/parduotuve\/"},{"@type":"ListItem","position":3,"name":"Ubichinonas CoQ10 (kofermentas Q10) 100 mg + vitaminas C"}]},{"@type":"WebSite","@id":"https:\/\/test.puhdasplus.ee\/lt\/#website","url":"https:\/\/test.puhdasplus.ee\/lt\/","name":"Puhdas+","description":"Vitamiinid, Toidulisandid, looduskosmeetika, tervis, sport","publisher":{"@id":"https:\/\/test.puhdasplus.ee\/lt\/#organization"},"potentialAction":[{"@type":"SearchAction","target":{"@type":"EntryPoint","urlTemplate":"https:\/\/test.puhdasplus.ee\/lt\/?s={search_term_string}"},"query-input":{"@type":"PropertyValueSpecification","valueRequired":true,"valueName":"search_term_string"}}],"inLanguage":"lt-LT"},{"@type":"Organization","@id":"https:\/\/test.puhdasplus.ee\/lt\/#organization","name":"Puhdas+","alternateName":"Puhdasplus","url":"https:\/\/test.puhdasplus.ee\/lt\/","logo":{"@type":"ImageObject","inLanguage":"lt-LT","@id":"https:\/\/test.puhdasplus.ee\/lt\/#\/schema\/logo\/image\/","url":"https:\/\/test.puhdasplus.ee\/\/wp-content\/uploads\/2019\/10\/puhdas_logo-arvele.png","contentUrl":"https:\/\/test.puhdasplus.ee\/\/wp-content\/uploads\/2019\/10\/puhdas_logo-arvele.png","width":114,"height":94,"caption":"Puhdas+"},"image":{"@id":"https:\/\/test.puhdasplus.ee\/lt\/#\/schema\/logo\/image\/"},"sameAs":["https:\/\/www.facebook.com\/puhdasplus","https:\/\/www.instagram.com\/puhdasplus_ee\/"]}]}},"_links":{"self":[{"href":"https:\/\/test.puhdasplus.ee\/lt\/wp-json\/wp\/v2\/product\/353280","targetHints":{"allow":["GET"]}}],"collection":[{"href":"https:\/\/test.puhdasplus.ee\/lt\/wp-json\/wp\/v2\/product"}],"about":[{"href":"https:\/\/test.puhdasplus.ee\/lt\/wp-json\/wp\/v2\/types\/product"}],"replies":[{"embeddable":true,"href":"https:\/\/test.puhdasplus.ee\/lt\/wp-json\/wp\/v2\/comments?post=353280"}],"wp:featuredmedia":[{"embeddable":true,"href":"https:\/\/test.puhdasplus.ee\/lt\/wp-json\/wp\/v2\/media\/353284"}],"wp:attachment":[{"href":"https:\/\/test.puhdasplus.ee\/lt\/wp-json\/wp\/v2\/media?parent=353280"}],"wp:term":[{"taxonomy":"product_brand","embeddable":true,"href":"https:\/\/test.puhdasplus.ee\/lt\/wp-json\/wp\/v2\/product_brand?post=353280"},{"taxonomy":"product_cat","embeddable":true,"href":"https:\/\/test.puhdasplus.ee\/lt\/wp-json\/wp\/v2\/product_cat?post=353280"},{"taxonomy":"product_tag","embeddable":true,"href":"https:\/\/test.puhdasplus.ee\/lt\/wp-json\/wp\/v2\/product_tag?post=353280"}],"curies":[{"name":"wp","href":"https:\/\/api.w.org\/{rel}","templated":true}]}}