{"id":353250,"date":"2019-12-05T23:50:44","date_gmt":"2019-12-05T21:50:44","guid":{"rendered":"https:\/\/test.puhdasplus.ee\/\/tooted\/be-kategorijos\/saccharomyces-boulardii-250-mg\/"},"modified":"2026-03-10T14:38:14","modified_gmt":"2026-03-10T12:38:14","slug":"saccharomyces-boulardii-250-mg","status":"publish","type":"product","link":"https:\/\/test.puhdasplus.ee\/lt\/tooted\/specialus-pasiulymai\/saccharomyces-boulardii-250-mg\/","title":{"rendered":"Saccharomyces Boulardii 250 mg"},"content":{"rendered":"<p data-start=\"108\" data-end=\"600\"><strong data-start=\"108\" data-end=\"150\">\u201eSaccharomyces Boulardii 250 mg\u201c<\/strong> yra auk\u0161tos kokyb\u0117s maisto papildas, kuriame yra veiksminga doz\u0117 i\u0161tirt\u0173 <strong data-start=\"216\" data-end=\"243\">Saccharomyces boulardii<\/strong> mieli\u0173. Skirtingai nuo daugelio pieno r\u016bg\u0161ties bakterij\u0173, <strong data-start=\"298\" data-end=\"325\">Saccharomyces boulardii<\/strong> yra atsparesn\u0117 skrand\u017eio r\u016bg\u0161tims, tod\u0117l padeda palaikyti \u017earnyno mikrofloros pusiausvyr\u0105 net ir sunkiomis s\u0105lygomis. Tinka vartoti kasdien arba kaip kurs\u0105, ypa\u010d vartojant antibiotikus ar keliaujant.  <\/p>\n<p data-start=\"602\" data-end=\"624\"><strong data-start=\"602\" data-end=\"624\">Pagrindin\u0117s savyb\u0117s:<\/strong><\/p>\n<ul data-start=\"625\" data-end=\"1152\">\n<li data-start=\"625\" data-end=\"770\"><strong data-start=\"627\" data-end=\"643\">Efektyvi doz\u0117:<\/strong> Kiekvienoje kapsul\u0117je yra 250 mg <strong data-start=\"671\" data-end=\"698\">Saccharomyces boulardii<\/strong> , rekomenduojama paros doz\u0117 yra 1\u20132 kapsul\u0117s.<\/li>\n<li data-start=\"771\" data-end=\"887\"><strong data-start=\"773\" data-end=\"796\">Didelis atsparumas:<\/strong> <strong data-start=\"797\" data-end=\"824\">Saccharomyces boulardii<\/strong> gerai toleruoja skrand\u017eio r\u016bg\u0161tis, u\u017etikrindamas veiksming\u0105 poveik\u012f vir\u0161kinamajame trakte.<\/li>\n<li data-start=\"888\" data-end=\"1037\"><strong data-start=\"890\" data-end=\"913\">\u0160var\u016bs ingredientai:<\/strong> Sud\u0117tyje n\u0117ra laktoz\u0117s, glitimo, cukraus, druskos, krakmolo, kukur\u016bz\u0173, sojos ar saldikli\u0173. Tinka vegetarams ir veganams. <\/li>\n<li data-start=\"1038\" data-end=\"1152\"><strong data-start=\"1040\" data-end=\"1060\">Be pried\u0173:<\/strong> Gaminant nebuvo naudojami jokie nereikalingi priedai, tokie kaip konservantai, da\u017eikliai ar kvapiosios med\u017eiagos.<\/li>\n<\/ul>\n<p data-start=\"1154\" data-end=\"1399\"><strong data-start=\"1154\" data-end=\"1169\">Vartojimas:<\/strong> Suaugusiesiems rekomenduojama gerti 1\u20132 kapsules per dien\u0105, u\u017egeriant vandeniu. Nevir\u0161ykite rekomenduojamos paros doz\u0117s. Maisto papildas nepakei\u010dia \u012fvairios ir subalansuotos mitybos ar sveiko gyvenimo b\u016bdo. Laikyti vaikams nepasiekiamoje vietoje.   <\/p>\n<p data-start=\"1401\" data-end=\"1682\"><strong data-start=\"1401\" data-end=\"1417\">Sudedamosios dalys:<\/strong> <strong data-start=\"1418\" data-end=\"1445\">Saccharomyces boulardii<\/strong> , kapsul\u0117 (stabilizatoriai: hidroksipropilmetilceliulioz\u0117, gelano derva), u\u017epildas (mikrokristalin\u0117 celiulioz\u0117). Sud\u0117tyje n\u0117ra laktoz\u0117s, glitimo, cukraus, druskos, krakmolo, kukur\u016bz\u0173, soj\u0173 ar saldikli\u0173.  Tinka vegetarams ir veganams.<\/p>\n<p data-start=\"1684\" data-end=\"1715\"><strong data-start=\"1684\" data-end=\"1715\">Maistin\u0117 vert\u0117 (1\u20132 kapsul\u0117s):<\/strong><\/p>\n<ul data-start=\"1716\" data-end=\"1757\">\n<li data-start=\"1716\" data-end=\"1757\"><strong data-start=\"1718\" data-end=\"1746\">Saccharomyces boulardii:<\/strong> 250\u2013500 mg<\/li>\n<\/ul>\n","protected":false},"excerpt":{"rendered":"<p><strong data-start=\"1783\" data-end=\"1825\">Saccharomyces Boulardii 250 mg<\/strong> yra veiksmingas maisto papildas, palaikantis \u017earnyno mikrofloros pusiausvyr\u0105. Tinka naudoti kasdien arba kaip gydymo kursas, ypa\u010d vartojant antibiotikus ar keliaujant. Be laktoz\u0117s ir glitimo, tinka veganams.<\/p>\n","protected":false},"featured_media":353783,"comment_status":"closed","ping_status":"closed","template":"","meta":{"_acf_changed":false},"product_brand":[],"product_cat":[3120,3049,3318],"product_tag":[3320,3319,6415,6418,3941,3327],"class_list":{"0":"post-353250","1":"product","2":"type-product","3":"status-publish","4":"has-post-thumbnail","6":"product_cat-mineralai","7":"product_cat-specialus-pasiulymai","8":"product_cat-virskinimas-ir-medziagu-apykaita","9":"product_tag-be-glitimo","10":"product_tag-be-laktozes","11":"product_tag-gleivine","12":"product_tag-saccharomyces-boulardii-lt","13":"product_tag-virskinimas-ir-medziagu-apykaita-lt","14":"product_tag-zarnyno-mikroflora","16":"first","17":"instock","18":"sale","19":"featured","20":"taxable","21":"shipping-taxable","22":"purchasable","23":"product-type-variable","24":"has-default-attributes"},"acf":[],"yoast_head":"<!-- This site is optimized with the Yoast SEO plugin v27.1.1 - https:\/\/yoast.com\/product\/yoast-seo-wordpress\/ -->\n<title>Saccharomyces Boulardii 250 mg - Puhdas+<\/title>\n<meta name=\"description\" content=\"Saccharomyces boulardii 250 mg \u2013 veiksmingas probiotinis miel\u0117s, palaikantis \u017earnyno mikrofloros pusiausvyr\u0105, skatinantis vir\u0161kinim\u0105 ir padedantis stiprinti imunitet\u0105.\" \/>\n<meta name=\"robots\" content=\"noindex, follow, max-snippet:-1, max-image-preview:large, max-video-preview:-1\" \/>\n<meta property=\"og:locale\" content=\"lt_LT\" \/>\n<meta property=\"og:type\" content=\"article\" \/>\n<meta property=\"og:title\" content=\"Saccharomyces Boulardii 250 mg - Puhdas+\" \/>\n<meta property=\"og:description\" content=\"Saccharomyces boulardii 250 mg \u2013 veiksmingas probiotinis miel\u0117s, palaikantis \u017earnyno mikrofloros pusiausvyr\u0105, skatinantis vir\u0161kinim\u0105 ir padedantis stiprinti imunitet\u0105.\" \/>\n<meta property=\"og:url\" content=\"https:\/\/test.puhdasplus.ee\/lt\/tooted\/specialus-pasiulymai\/saccharomyces-boulardii-250-mg\/\" \/>\n<meta property=\"og:site_name\" content=\"Puhdas+\" \/>\n<meta property=\"article:publisher\" content=\"https:\/\/www.facebook.com\/puhdasplus\" \/>\n<meta property=\"article:modified_time\" content=\"2026-03-10T12:38:14+00:00\" \/>\n<meta property=\"og:image\" content=\"https:\/\/test.puhdasplus.ee\/wp-content\/uploads\/2019\/12\/4-scaled.jpg\" \/>\n\t<meta property=\"og:image:width\" content=\"1862\" \/>\n\t<meta property=\"og:image:height\" content=\"2560\" \/>\n\t<meta property=\"og:image:type\" content=\"image\/jpeg\" \/>\n<meta name=\"twitter:card\" content=\"summary_large_image\" \/>\n<meta name=\"twitter:label1\" content=\"Est. reading time\" \/>\n\t<meta name=\"twitter:data1\" content=\"1 minut\u0117\" \/>\n<script type=\"application\/ld+json\" class=\"yoast-schema-graph\">{\"@context\":\"https:\/\/schema.org\",\"@graph\":[{\"@type\":\"WebPage\",\"@id\":\"https:\/\/test.puhdasplus.ee\/lt\/tooted\/specialus-pasiulymai\/saccharomyces-boulardii-250-mg\/\",\"url\":\"https:\/\/test.puhdasplus.ee\/lt\/tooted\/specialus-pasiulymai\/saccharomyces-boulardii-250-mg\/\",\"name\":\"Saccharomyces Boulardii 250 mg - Puhdas+\",\"isPartOf\":{\"@id\":\"https:\/\/test.puhdasplus.ee\/lt\/#website\"},\"primaryImageOfPage\":{\"@id\":\"https:\/\/test.puhdasplus.ee\/lt\/tooted\/specialus-pasiulymai\/saccharomyces-boulardii-250-mg\/#primaryimage\"},\"image\":{\"@id\":\"https:\/\/test.puhdasplus.ee\/lt\/tooted\/specialus-pasiulymai\/saccharomyces-boulardii-250-mg\/#primaryimage\"},\"thumbnailUrl\":\"https:\/\/test.puhdasplus.ee\/wp-content\/uploads\/2019\/12\/4-scaled.jpg\",\"datePublished\":\"2019-12-05T21:50:44+00:00\",\"dateModified\":\"2026-03-10T12:38:14+00:00\",\"description\":\"Saccharomyces boulardii 250 mg \u2013 veiksmingas probiotinis miel\u0117s, palaikantis \u017earnyno mikrofloros pusiausvyr\u0105, skatinantis vir\u0161kinim\u0105 ir padedantis stiprinti imunitet\u0105.\",\"breadcrumb\":{\"@id\":\"https:\/\/test.puhdasplus.ee\/lt\/tooted\/specialus-pasiulymai\/saccharomyces-boulardii-250-mg\/#breadcrumb\"},\"inLanguage\":\"lt-LT\",\"potentialAction\":[{\"@type\":\"ReadAction\",\"target\":[\"https:\/\/test.puhdasplus.ee\/lt\/tooted\/specialus-pasiulymai\/saccharomyces-boulardii-250-mg\/\"]}]},{\"@type\":\"ImageObject\",\"inLanguage\":\"lt-LT\",\"@id\":\"https:\/\/test.puhdasplus.ee\/lt\/tooted\/specialus-pasiulymai\/saccharomyces-boulardii-250-mg\/#primaryimage\",\"url\":\"https:\/\/test.puhdasplus.ee\/wp-content\/uploads\/2019\/12\/4-scaled.jpg\",\"contentUrl\":\"https:\/\/test.puhdasplus.ee\/wp-content\/uploads\/2019\/12\/4-scaled.jpg\",\"width\":1862,\"height\":2560,\"caption\":\"Saccharomyces boulardii 250 mg\"},{\"@type\":\"BreadcrumbList\",\"@id\":\"https:\/\/test.puhdasplus.ee\/lt\/tooted\/specialus-pasiulymai\/saccharomyces-boulardii-250-mg\/#breadcrumb\",\"itemListElement\":[{\"@type\":\"ListItem\",\"position\":1,\"name\":\"Prad\u017eia\",\"item\":\"https:\/\/test.puhdasplus.ee\/lt\/\"},{\"@type\":\"ListItem\",\"position\":2,\"name\":\"Produktai\",\"item\":\"https:\/\/test.puhdasplus.ee\/lt\/parduotuve\/\"},{\"@type\":\"ListItem\",\"position\":3,\"name\":\"Saccharomyces Boulardii 250 mg\"}]},{\"@type\":\"WebSite\",\"@id\":\"https:\/\/test.puhdasplus.ee\/lt\/#website\",\"url\":\"https:\/\/test.puhdasplus.ee\/lt\/\",\"name\":\"Puhdas+\",\"description\":\"Vitamiinid, Toidulisandid, looduskosmeetika, tervis, sport\",\"publisher\":{\"@id\":\"https:\/\/test.puhdasplus.ee\/lt\/#organization\"},\"potentialAction\":[{\"@type\":\"SearchAction\",\"target\":{\"@type\":\"EntryPoint\",\"urlTemplate\":\"https:\/\/test.puhdasplus.ee\/lt\/?s={search_term_string}\"},\"query-input\":{\"@type\":\"PropertyValueSpecification\",\"valueRequired\":true,\"valueName\":\"search_term_string\"}}],\"inLanguage\":\"lt-LT\"},{\"@type\":\"Organization\",\"@id\":\"https:\/\/test.puhdasplus.ee\/lt\/#organization\",\"name\":\"Puhdas+\",\"alternateName\":\"Puhdasplus\",\"url\":\"https:\/\/test.puhdasplus.ee\/lt\/\",\"logo\":{\"@type\":\"ImageObject\",\"inLanguage\":\"lt-LT\",\"@id\":\"https:\/\/test.puhdasplus.ee\/lt\/#\/schema\/logo\/image\/\",\"url\":\"https:\/\/test.puhdasplus.ee\/\/wp-content\/uploads\/2019\/10\/puhdas_logo-arvele.png\",\"contentUrl\":\"https:\/\/test.puhdasplus.ee\/\/wp-content\/uploads\/2019\/10\/puhdas_logo-arvele.png\",\"width\":114,\"height\":94,\"caption\":\"Puhdas+\"},\"image\":{\"@id\":\"https:\/\/test.puhdasplus.ee\/lt\/#\/schema\/logo\/image\/\"},\"sameAs\":[\"https:\/\/www.facebook.com\/puhdasplus\",\"https:\/\/www.instagram.com\/puhdasplus_ee\/\"]}]}<\/script>\n<!-- \/ Yoast SEO plugin. -->","yoast_head_json":{"title":"Saccharomyces Boulardii 250 mg - Puhdas+","description":"Saccharomyces boulardii 250 mg \u2013 veiksmingas probiotinis miel\u0117s, palaikantis \u017earnyno mikrofloros pusiausvyr\u0105, skatinantis vir\u0161kinim\u0105 ir padedantis stiprinti imunitet\u0105.","robots":{"index":"noindex","follow":"follow","max-snippet":"max-snippet:-1","max-image-preview":"max-image-preview:large","max-video-preview":"max-video-preview:-1"},"og_locale":"lt_LT","og_type":"article","og_title":"Saccharomyces Boulardii 250 mg - Puhdas+","og_description":"Saccharomyces boulardii 250 mg \u2013 veiksmingas probiotinis miel\u0117s, palaikantis \u017earnyno mikrofloros pusiausvyr\u0105, skatinantis vir\u0161kinim\u0105 ir padedantis stiprinti imunitet\u0105.","og_url":"https:\/\/test.puhdasplus.ee\/lt\/tooted\/specialus-pasiulymai\/saccharomyces-boulardii-250-mg\/","og_site_name":"Puhdas+","article_publisher":"https:\/\/www.facebook.com\/puhdasplus","article_modified_time":"2026-03-10T12:38:14+00:00","og_image":[{"width":1862,"height":2560,"url":"https:\/\/test.puhdasplus.ee\/wp-content\/uploads\/2019\/12\/4-scaled.jpg","type":"image\/jpeg"}],"twitter_card":"summary_large_image","twitter_misc":{"Est. reading time":"1 minut\u0117"},"schema":{"@context":"https:\/\/schema.org","@graph":[{"@type":"WebPage","@id":"https:\/\/test.puhdasplus.ee\/lt\/tooted\/specialus-pasiulymai\/saccharomyces-boulardii-250-mg\/","url":"https:\/\/test.puhdasplus.ee\/lt\/tooted\/specialus-pasiulymai\/saccharomyces-boulardii-250-mg\/","name":"Saccharomyces Boulardii 250 mg - Puhdas+","isPartOf":{"@id":"https:\/\/test.puhdasplus.ee\/lt\/#website"},"primaryImageOfPage":{"@id":"https:\/\/test.puhdasplus.ee\/lt\/tooted\/specialus-pasiulymai\/saccharomyces-boulardii-250-mg\/#primaryimage"},"image":{"@id":"https:\/\/test.puhdasplus.ee\/lt\/tooted\/specialus-pasiulymai\/saccharomyces-boulardii-250-mg\/#primaryimage"},"thumbnailUrl":"https:\/\/test.puhdasplus.ee\/wp-content\/uploads\/2019\/12\/4-scaled.jpg","datePublished":"2019-12-05T21:50:44+00:00","dateModified":"2026-03-10T12:38:14+00:00","description":"Saccharomyces boulardii 250 mg \u2013 veiksmingas probiotinis miel\u0117s, palaikantis \u017earnyno mikrofloros pusiausvyr\u0105, skatinantis vir\u0161kinim\u0105 ir padedantis stiprinti imunitet\u0105.","breadcrumb":{"@id":"https:\/\/test.puhdasplus.ee\/lt\/tooted\/specialus-pasiulymai\/saccharomyces-boulardii-250-mg\/#breadcrumb"},"inLanguage":"lt-LT","potentialAction":[{"@type":"ReadAction","target":["https:\/\/test.puhdasplus.ee\/lt\/tooted\/specialus-pasiulymai\/saccharomyces-boulardii-250-mg\/"]}]},{"@type":"ImageObject","inLanguage":"lt-LT","@id":"https:\/\/test.puhdasplus.ee\/lt\/tooted\/specialus-pasiulymai\/saccharomyces-boulardii-250-mg\/#primaryimage","url":"https:\/\/test.puhdasplus.ee\/wp-content\/uploads\/2019\/12\/4-scaled.jpg","contentUrl":"https:\/\/test.puhdasplus.ee\/wp-content\/uploads\/2019\/12\/4-scaled.jpg","width":1862,"height":2560,"caption":"Saccharomyces boulardii 250 mg"},{"@type":"BreadcrumbList","@id":"https:\/\/test.puhdasplus.ee\/lt\/tooted\/specialus-pasiulymai\/saccharomyces-boulardii-250-mg\/#breadcrumb","itemListElement":[{"@type":"ListItem","position":1,"name":"Prad\u017eia","item":"https:\/\/test.puhdasplus.ee\/lt\/"},{"@type":"ListItem","position":2,"name":"Produktai","item":"https:\/\/test.puhdasplus.ee\/lt\/parduotuve\/"},{"@type":"ListItem","position":3,"name":"Saccharomyces Boulardii 250 mg"}]},{"@type":"WebSite","@id":"https:\/\/test.puhdasplus.ee\/lt\/#website","url":"https:\/\/test.puhdasplus.ee\/lt\/","name":"Puhdas+","description":"Vitamiinid, Toidulisandid, looduskosmeetika, tervis, sport","publisher":{"@id":"https:\/\/test.puhdasplus.ee\/lt\/#organization"},"potentialAction":[{"@type":"SearchAction","target":{"@type":"EntryPoint","urlTemplate":"https:\/\/test.puhdasplus.ee\/lt\/?s={search_term_string}"},"query-input":{"@type":"PropertyValueSpecification","valueRequired":true,"valueName":"search_term_string"}}],"inLanguage":"lt-LT"},{"@type":"Organization","@id":"https:\/\/test.puhdasplus.ee\/lt\/#organization","name":"Puhdas+","alternateName":"Puhdasplus","url":"https:\/\/test.puhdasplus.ee\/lt\/","logo":{"@type":"ImageObject","inLanguage":"lt-LT","@id":"https:\/\/test.puhdasplus.ee\/lt\/#\/schema\/logo\/image\/","url":"https:\/\/test.puhdasplus.ee\/\/wp-content\/uploads\/2019\/10\/puhdas_logo-arvele.png","contentUrl":"https:\/\/test.puhdasplus.ee\/\/wp-content\/uploads\/2019\/10\/puhdas_logo-arvele.png","width":114,"height":94,"caption":"Puhdas+"},"image":{"@id":"https:\/\/test.puhdasplus.ee\/lt\/#\/schema\/logo\/image\/"},"sameAs":["https:\/\/www.facebook.com\/puhdasplus","https:\/\/www.instagram.com\/puhdasplus_ee\/"]}]}},"_links":{"self":[{"href":"https:\/\/test.puhdasplus.ee\/lt\/wp-json\/wp\/v2\/product\/353250","targetHints":{"allow":["GET"]}}],"collection":[{"href":"https:\/\/test.puhdasplus.ee\/lt\/wp-json\/wp\/v2\/product"}],"about":[{"href":"https:\/\/test.puhdasplus.ee\/lt\/wp-json\/wp\/v2\/types\/product"}],"replies":[{"embeddable":true,"href":"https:\/\/test.puhdasplus.ee\/lt\/wp-json\/wp\/v2\/comments?post=353250"}],"wp:featuredmedia":[{"embeddable":true,"href":"https:\/\/test.puhdasplus.ee\/lt\/wp-json\/wp\/v2\/media\/353783"}],"wp:attachment":[{"href":"https:\/\/test.puhdasplus.ee\/lt\/wp-json\/wp\/v2\/media?parent=353250"}],"wp:term":[{"taxonomy":"product_brand","embeddable":true,"href":"https:\/\/test.puhdasplus.ee\/lt\/wp-json\/wp\/v2\/product_brand?post=353250"},{"taxonomy":"product_cat","embeddable":true,"href":"https:\/\/test.puhdasplus.ee\/lt\/wp-json\/wp\/v2\/product_cat?post=353250"},{"taxonomy":"product_tag","embeddable":true,"href":"https:\/\/test.puhdasplus.ee\/lt\/wp-json\/wp\/v2\/product_tag?post=353250"}],"curies":[{"name":"wp","href":"https:\/\/api.w.org\/{rel}","templated":true}]}}