{"id":353228,"date":"2019-12-06T00:17:18","date_gmt":"2019-12-05T22:17:18","guid":{"rendered":"https:\/\/test.puhdasplus.ee\/\/tooted\/be-kategorijos\/obuoliu-pektinas-150-g\/"},"modified":"2026-03-10T14:38:17","modified_gmt":"2026-03-10T12:38:17","slug":"obuoliu-pektinas-150-g","status":"publish","type":"product","link":"https:\/\/test.puhdasplus.ee\/lt\/tooted\/specialus-pasiulymai\/obuoliu-pektinas-150-g\/","title":{"rendered":"Obuoli\u0173 pektinas 150 g"},"content":{"rendered":"<h2 data-start=\"228\" data-end=\"251\">Kas yra obuoli\u0173 pektinas?<\/h2>\n<p data-start=\"137\" data-end=\"420\">Obuoli\u0173 pektinas yra vandenyje tirpi skaidula, nat\u016braliai gaunama i\u0161 obuoli\u0173. Tai nat\u016bralus angliavandenis, priklausantis polisacharidams ir turintis gelio pavidalo savybi\u0173. Sumai\u0161ytas su vandeniu, pektinas sudaro gel\u012f ir yra geras papildomos skaidulos \u0161altinis kasdien\u0117je mityboje.  <\/p>\n<p data-start=\"422\" data-end=\"644\">\u201ePure+\u201c obuoli\u0173 pektinas pagamintas i\u0161 100 % gryn\u0173 ingredient\u0173, be joki\u0173 pried\u0173, u\u017epild\u0173 ar dirbtini\u0173 konservant\u0173. Jis tinka veganams ir tiems, kurie ie\u0161ko skaidul\u0173 \u0161altinio be glitimo ir laktoz\u0117s. <\/p>\n<h2 data-start=\"1005\" data-end=\"1037\">Kod\u0117l obuoli\u0173 pektinas yra naudingas?<\/h2>\n<h3 data-start=\"1039\" data-end=\"1072\">1. Kasdienis skaidul\u0173 \u0161altinis<\/h3>\n<p class=\"\" data-start=\"1073\" data-end=\"1327\">Obuoli\u0173 pektinas yra koncentruotas tirpus pluo\u0161tas, kuris padeda padidinti skaidul\u0173 suvartojim\u0105 kaip subalansuotos mitybos dal\u012f.<\/p>\n<h3 data-start=\"1329\" data-end=\"1370\">2. Gelio pavidalo savyb\u0117s<\/h3>\n<p class=\"\" data-start=\"1371\" data-end=\"1653\">Pektinas susimai\u0161o su vandeniu ir sudaro gel\u012f, tod\u0117l j\u012f patogu \u012fmai\u0161yti \u012f \u012fvairius g\u0117rimus ar kokteilius.<\/p>\n<h3 data-start=\"1655\" data-end=\"1688\">3. Gryna sud\u0117tis<\/h3>\n<p class=\"\" data-start=\"1689\" data-end=\"1867\">Obuoli\u0173 pektinas yra 100 % nat\u016bralus, be dirbtini\u0173 pried\u0173 ar konservant\u0173.<\/p>\n<h3>4. Tinka \u012fvairioms dietoms<\/h3>\n<p class=\"\" data-start=\"1900\" data-end=\"2094\">Be laktoz\u0117s, glitimo ir mieli\u0173, taip pat tinka veganams ir vegetarams.<\/p>\n<h2 data-start=\"315\" data-end=\"330\">Ingredientai<\/h2>\n<p class=\"\" data-start=\"332\" data-end=\"410\"><span class=\"relative -mx-px my-[-0.2rem] rounded px-px py-[0.2rem] transition-colors duration-100 ease-in-out\">100 % obuoli\u0173 pektino.<\/span><\/p>\n<p class=\"\" data-start=\"412\" data-end=\"530\"><span class=\"relative -mx-px my-[-0.2rem] rounded px-px py-[0.2rem] transition-colors duration-100 ease-in-out\">Produkte n\u0117ra laktoz\u0117s, mieli\u0173, glitimo, druskos, kukur\u016bz\u0173, sojos ar saldikli\u0173.<\/span> <span class=\"relative -mx-px my-[-0.2rem] rounded px-px py-[0.2rem] transition-colors duration-100 ease-in-out\">Tinka vegetarams.<\/span><\/p>\n<h2 data-start=\"532\" data-end=\"548\">Maistin\u0117 vert\u0117<\/h2>\n<p class=\"\" data-start=\"550\" data-end=\"644\">Rekomenduojama paros doz\u0117 (1\/3 arbatinio \u0161auk\u0161telio) apima:<\/p>\n<ul data-start=\"646\" data-end=\"705\">\n<li class=\"\" data-start=\"646\" data-end=\"705\">\n<p class=\"\" data-start=\"648\" data-end=\"705\">Obuoli\u0173 pektinas: 1,5 g<\/p>\n<\/li>\n<\/ul>\n<h2 data-start=\"707\" data-end=\"721\">Naudojimas<\/h2>\n<p class=\"\" data-start=\"2117\" data-end=\"2144\">Rekomenduojama paros doz\u0117:<\/p>\n<ul data-start=\"2145\" data-end=\"2290\">\n<li class=\"\" data-start=\"2145\" data-end=\"2201\">\n<p class=\"\" data-start=\"2147\" data-end=\"2201\">Suaugusiesiems, 1\/3 arbatinio \u0161auk\u0161telio (apie 1,5 g) per dien\u0105.<\/p>\n<\/li>\n<li class=\"\" data-start=\"2202\" data-end=\"2245\">\n<p class=\"\" data-start=\"2204\" data-end=\"2245\">Sumai\u0161ykite su vandeniu, sultimis arba \u012fmai\u0161ykite \u012f kokteilius.<\/p>\n<\/li>\n<li class=\"\" data-start=\"2246\" data-end=\"2290\">\n<p class=\"\" data-start=\"2248\" data-end=\"2290\">Rekomenduojama vartoti 30 minu\u010di\u0173 prie\u0161 valg\u012f.<\/p>\n<\/li>\n<\/ul>\n<p class=\"\" data-start=\"2292\" data-end=\"2446\">Rekomenduojama \u012fvairinti skaidul\u0173 suvartojim\u0105. Pektin\u0105 galima vartoti kursais, kaitaliojant su kitais skaidul\u0173 \u0161altiniais, pavyzd\u017eiui, gyslo\u010dio ar akacijos skaidulomis. <\/p>\n<h2 data-start=\"923\" data-end=\"939\">Svarbi informacija<\/h2>\n<ul data-start=\"941\" data-end=\"1147\">\n<li class=\"\" data-start=\"941\" data-end=\"982\">\n<p class=\"\" data-start=\"943\" data-end=\"982\"><span class=\"relative -mx-px my-[-0.2rem] rounded px-px py-[0.2rem] transition-colors duration-100 ease-in-out\">Nevir\u0161ykite rekomenduojamos paros doz\u0117s.<\/span><\/p>\n<\/li>\n<li class=\"\" data-start=\"983\" data-end=\"1024\">\n<p class=\"\" data-start=\"985\" data-end=\"1024\"><span class=\"relative -mx-px my-[-0.2rem] rounded px-px py-[0.2rem] transition-colors duration-100 ease-in-out\">Maisto papildas nepakei\u010dia \u012fvairios ir subalansuotos mitybos ar sveiko gyvenimo b\u016bdo.<\/span><\/p>\n<\/li>\n<li class=\"\" data-start=\"1025\" data-end=\"1066\">\n<p class=\"\" data-start=\"1027\" data-end=\"1066\"><span class=\"relative -mx-px my-[-0.2rem] rounded px-px py-[0.2rem] transition-colors duration-100 ease-in-out\">Laikyti vaikams nepasiekiamoje vietoje.<\/span><\/p>\n<\/li>\n<li class=\"\" data-start=\"1067\" data-end=\"1147\">\n<p class=\"\" data-start=\"1069\" data-end=\"1147\"><span class=\"relative -mx-px my-[-0.2rem] rounded px-px py-[0.2rem] transition-colors duration-100 ease-in-out\">Laikyti sausoje ir v\u0117sioje vietoje, originalioje pakuot\u0117je.<\/span><\/p>\n<\/li>\n<\/ul>\n","protected":false},"excerpt":{"rendered":"<p data-start=\"392\" data-end=\"778\"><strong data-start=\"392\" data-end=\"487\">\u201ePure+\u201c obuoli\u0173 pektinas yra nat\u016bralus ir paprastas b\u016bdas padidinti dienos skaidul\u0173 suvartojim\u0105.<\/strong> Obuoli\u0173 pektinas yra vandenyje tirpios skaidulos, gaunamos i\u0161 obuoli\u0173, kurios sumai\u0161ytos su skys\u010diu pasi\u017eymi savybe suformuoti \u012f gel\u012f pana\u0161i\u0105 mas\u0119. D\u0117l \u0161ios prie\u017easties jis puikiai tinka kaip priedas \u012f kokteilius, sultis arba tiesiog mai\u0161yti su vandeniu, tod\u0117l kasdienis skaidul\u0173 vartojimas tampa patogus ir nat\u016bralus.<\/p>\n<p data-start=\"780\" data-end=\"1102\">Obuoli\u0173 pektinas vertinamas <strong data-start=\"808\" data-end=\"851\">d\u0117l \u0161velnaus poveikio ir nat\u016bralios kilm\u0117s<\/strong> . Tai 100 % grynas skaidul\u0173 \u0161altinis, be dirbtini\u0173 pried\u0173, glitimo, laktoz\u0117s, mieli\u0173 ar kukur\u016bz\u0173. Tod\u0117l jis tinka \u017emon\u0117ms su jautria vir\u0161kinimo sistema ir tiems, kurie nori padidinti augalini\u0173 skaidul\u0173 kiek\u012f savo mityboje.  <\/p>\n<p data-start=\"1104\" data-end=\"1383\"><strong data-start=\"1104\" data-end=\"1146\">Obuoli\u0173 pektinas praturtina kasdien\u012f meniu<\/strong> ir yra idealus pasirinkimas visiems, ie\u0161kantiems paprasto, i\u0161 \u0161vari\u0173 \u0161altini\u0173 gaunamo, veganams tinkamo maisto papildo. Reguliarus vartojimas padeda pa\u012fvairinti skaidul\u0173 suvartojim\u0105 ir palaikyti subalansuot\u0105 bei sveik\u0105 gyvenimo b\u016bd\u0105. <\/p>\n","protected":false},"featured_media":353232,"comment_status":"closed","ping_status":"closed","template":"","meta":{"_acf_changed":false},"product_brand":[],"product_cat":[3049,3318],"product_tag":[3320,3319,6406,4873,3941,6407],"class_list":{"0":"post-353228","1":"product","2":"type-product","3":"status-publish","4":"has-post-thumbnail","6":"product_cat-specialus-pasiulymai","7":"product_cat-virskinimas-ir-medziagu-apykaita","8":"product_tag-be-glitimo","9":"product_tag-be-laktozes","10":"product_tag-obuoliu-pektinas","11":"product_tag-pluostas-lt","12":"product_tag-virskinimas-ir-medziagu-apykaita-lt","13":"product_tag-zarna","15":"first","16":"instock","17":"sale","18":"taxable","19":"shipping-taxable","20":"purchasable","21":"product-type-simple"},"acf":[],"yoast_head":"<!-- This site is optimized with the Yoast SEO plugin v27.1.1 - https:\/\/yoast.com\/product\/yoast-seo-wordpress\/ -->\n<title>Obuoli\u0173 pektinas 150 g - Puhdas+<\/title>\n<meta name=\"description\" content=\"Obuoli\u0173 pektinas 150 g \u2013 nat\u016bralios skaidulos, i\u0161gaunamos i\u0161 obuoli\u0173, padedan\u010dios vir\u0161kinti. Be glitimo, be pried\u0173, tinka vegetarams.\" \/>\n<meta name=\"robots\" content=\"noindex, follow, max-snippet:-1, max-image-preview:large, max-video-preview:-1\" \/>\n<meta property=\"og:locale\" content=\"lt_LT\" \/>\n<meta property=\"og:type\" content=\"article\" \/>\n<meta property=\"og:title\" content=\"Obuoli\u0173 pektinas 150 g - Puhdas+\" \/>\n<meta property=\"og:description\" content=\"Obuoli\u0173 pektinas 150 g \u2013 nat\u016bralios skaidulos, i\u0161gaunamos i\u0161 obuoli\u0173, padedan\u010dios vir\u0161kinti. Be glitimo, be pried\u0173, tinka vegetarams.\" \/>\n<meta property=\"og:url\" content=\"https:\/\/test.puhdasplus.ee\/lt\/tooted\/specialus-pasiulymai\/obuoliu-pektinas-150-g\/\" \/>\n<meta property=\"og:site_name\" content=\"Puhdas+\" \/>\n<meta property=\"article:publisher\" content=\"https:\/\/www.facebook.com\/puhdasplus\" \/>\n<meta property=\"article:modified_time\" content=\"2026-03-10T12:38:17+00:00\" \/>\n<meta property=\"og:image\" content=\"https:\/\/test.puhdasplus.ee\/wp-content\/uploads\/2025\/03\/19.jpg\" \/>\n\t<meta property=\"og:image:width\" content=\"1862\" \/>\n\t<meta property=\"og:image:height\" content=\"2560\" \/>\n\t<meta property=\"og:image:type\" content=\"image\/jpeg\" \/>\n<meta name=\"twitter:card\" content=\"summary_large_image\" \/>\n<meta name=\"twitter:label1\" content=\"Est. reading time\" \/>\n\t<meta name=\"twitter:data1\" content=\"1 minut\u0117\" \/>\n<script type=\"application\/ld+json\" class=\"yoast-schema-graph\">{\"@context\":\"https:\/\/schema.org\",\"@graph\":[{\"@type\":\"WebPage\",\"@id\":\"https:\/\/test.puhdasplus.ee\/lt\/tooted\/specialus-pasiulymai\/obuoliu-pektinas-150-g\/\",\"url\":\"https:\/\/test.puhdasplus.ee\/lt\/tooted\/specialus-pasiulymai\/obuoliu-pektinas-150-g\/\",\"name\":\"Obuoli\u0173 pektinas 150 g - Puhdas+\",\"isPartOf\":{\"@id\":\"https:\/\/test.puhdasplus.ee\/lt\/#website\"},\"primaryImageOfPage\":{\"@id\":\"https:\/\/test.puhdasplus.ee\/lt\/tooted\/specialus-pasiulymai\/obuoliu-pektinas-150-g\/#primaryimage\"},\"image\":{\"@id\":\"https:\/\/test.puhdasplus.ee\/lt\/tooted\/specialus-pasiulymai\/obuoliu-pektinas-150-g\/#primaryimage\"},\"thumbnailUrl\":\"https:\/\/test.puhdasplus.ee\/wp-content\/uploads\/2025\/03\/19.jpg\",\"datePublished\":\"2019-12-05T22:17:18+00:00\",\"dateModified\":\"2026-03-10T12:38:17+00:00\",\"description\":\"Obuoli\u0173 pektinas 150 g \u2013 nat\u016bralios skaidulos, i\u0161gaunamos i\u0161 obuoli\u0173, padedan\u010dios vir\u0161kinti. Be glitimo, be pried\u0173, tinka vegetarams.\",\"breadcrumb\":{\"@id\":\"https:\/\/test.puhdasplus.ee\/lt\/tooted\/specialus-pasiulymai\/obuoliu-pektinas-150-g\/#breadcrumb\"},\"inLanguage\":\"lt-LT\",\"potentialAction\":[{\"@type\":\"ReadAction\",\"target\":[\"https:\/\/test.puhdasplus.ee\/lt\/tooted\/specialus-pasiulymai\/obuoliu-pektinas-150-g\/\"]}]},{\"@type\":\"ImageObject\",\"inLanguage\":\"lt-LT\",\"@id\":\"https:\/\/test.puhdasplus.ee\/lt\/tooted\/specialus-pasiulymai\/obuoliu-pektinas-150-g\/#primaryimage\",\"url\":\"https:\/\/test.puhdasplus.ee\/wp-content\/uploads\/2025\/03\/19.jpg\",\"contentUrl\":\"https:\/\/test.puhdasplus.ee\/wp-content\/uploads\/2025\/03\/19.jpg\",\"width\":1862,\"height\":2560,\"caption\":\"Obuoli\u0173 pektinas 150 g\"},{\"@type\":\"BreadcrumbList\",\"@id\":\"https:\/\/test.puhdasplus.ee\/lt\/tooted\/specialus-pasiulymai\/obuoliu-pektinas-150-g\/#breadcrumb\",\"itemListElement\":[{\"@type\":\"ListItem\",\"position\":1,\"name\":\"Prad\u017eia\",\"item\":\"https:\/\/test.puhdasplus.ee\/lt\/\"},{\"@type\":\"ListItem\",\"position\":2,\"name\":\"Produktai\",\"item\":\"https:\/\/test.puhdasplus.ee\/lt\/parduotuve\/\"},{\"@type\":\"ListItem\",\"position\":3,\"name\":\"Obuoli\u0173 pektinas 150 g\"}]},{\"@type\":\"WebSite\",\"@id\":\"https:\/\/test.puhdasplus.ee\/lt\/#website\",\"url\":\"https:\/\/test.puhdasplus.ee\/lt\/\",\"name\":\"Puhdas+\",\"description\":\"Vitamiinid, Toidulisandid, looduskosmeetika, tervis, sport\",\"publisher\":{\"@id\":\"https:\/\/test.puhdasplus.ee\/lt\/#organization\"},\"potentialAction\":[{\"@type\":\"SearchAction\",\"target\":{\"@type\":\"EntryPoint\",\"urlTemplate\":\"https:\/\/test.puhdasplus.ee\/lt\/?s={search_term_string}\"},\"query-input\":{\"@type\":\"PropertyValueSpecification\",\"valueRequired\":true,\"valueName\":\"search_term_string\"}}],\"inLanguage\":\"lt-LT\"},{\"@type\":\"Organization\",\"@id\":\"https:\/\/test.puhdasplus.ee\/lt\/#organization\",\"name\":\"Puhdas+\",\"alternateName\":\"Puhdasplus\",\"url\":\"https:\/\/test.puhdasplus.ee\/lt\/\",\"logo\":{\"@type\":\"ImageObject\",\"inLanguage\":\"lt-LT\",\"@id\":\"https:\/\/test.puhdasplus.ee\/lt\/#\/schema\/logo\/image\/\",\"url\":\"https:\/\/test.puhdasplus.ee\/\/wp-content\/uploads\/2019\/10\/puhdas_logo-arvele.png\",\"contentUrl\":\"https:\/\/test.puhdasplus.ee\/\/wp-content\/uploads\/2019\/10\/puhdas_logo-arvele.png\",\"width\":114,\"height\":94,\"caption\":\"Puhdas+\"},\"image\":{\"@id\":\"https:\/\/test.puhdasplus.ee\/lt\/#\/schema\/logo\/image\/\"},\"sameAs\":[\"https:\/\/www.facebook.com\/puhdasplus\",\"https:\/\/www.instagram.com\/puhdasplus_ee\/\"]}]}<\/script>\n<!-- \/ Yoast SEO plugin. -->","yoast_head_json":{"title":"Obuoli\u0173 pektinas 150 g - Puhdas+","description":"Obuoli\u0173 pektinas 150 g \u2013 nat\u016bralios skaidulos, i\u0161gaunamos i\u0161 obuoli\u0173, padedan\u010dios vir\u0161kinti. Be glitimo, be pried\u0173, tinka vegetarams.","robots":{"index":"noindex","follow":"follow","max-snippet":"max-snippet:-1","max-image-preview":"max-image-preview:large","max-video-preview":"max-video-preview:-1"},"og_locale":"lt_LT","og_type":"article","og_title":"Obuoli\u0173 pektinas 150 g - Puhdas+","og_description":"Obuoli\u0173 pektinas 150 g \u2013 nat\u016bralios skaidulos, i\u0161gaunamos i\u0161 obuoli\u0173, padedan\u010dios vir\u0161kinti. Be glitimo, be pried\u0173, tinka vegetarams.","og_url":"https:\/\/test.puhdasplus.ee\/lt\/tooted\/specialus-pasiulymai\/obuoliu-pektinas-150-g\/","og_site_name":"Puhdas+","article_publisher":"https:\/\/www.facebook.com\/puhdasplus","article_modified_time":"2026-03-10T12:38:17+00:00","og_image":[{"width":1862,"height":2560,"url":"https:\/\/test.puhdasplus.ee\/wp-content\/uploads\/2025\/03\/19.jpg","type":"image\/jpeg"}],"twitter_card":"summary_large_image","twitter_misc":{"Est. reading time":"1 minut\u0117"},"schema":{"@context":"https:\/\/schema.org","@graph":[{"@type":"WebPage","@id":"https:\/\/test.puhdasplus.ee\/lt\/tooted\/specialus-pasiulymai\/obuoliu-pektinas-150-g\/","url":"https:\/\/test.puhdasplus.ee\/lt\/tooted\/specialus-pasiulymai\/obuoliu-pektinas-150-g\/","name":"Obuoli\u0173 pektinas 150 g - Puhdas+","isPartOf":{"@id":"https:\/\/test.puhdasplus.ee\/lt\/#website"},"primaryImageOfPage":{"@id":"https:\/\/test.puhdasplus.ee\/lt\/tooted\/specialus-pasiulymai\/obuoliu-pektinas-150-g\/#primaryimage"},"image":{"@id":"https:\/\/test.puhdasplus.ee\/lt\/tooted\/specialus-pasiulymai\/obuoliu-pektinas-150-g\/#primaryimage"},"thumbnailUrl":"https:\/\/test.puhdasplus.ee\/wp-content\/uploads\/2025\/03\/19.jpg","datePublished":"2019-12-05T22:17:18+00:00","dateModified":"2026-03-10T12:38:17+00:00","description":"Obuoli\u0173 pektinas 150 g \u2013 nat\u016bralios skaidulos, i\u0161gaunamos i\u0161 obuoli\u0173, padedan\u010dios vir\u0161kinti. Be glitimo, be pried\u0173, tinka vegetarams.","breadcrumb":{"@id":"https:\/\/test.puhdasplus.ee\/lt\/tooted\/specialus-pasiulymai\/obuoliu-pektinas-150-g\/#breadcrumb"},"inLanguage":"lt-LT","potentialAction":[{"@type":"ReadAction","target":["https:\/\/test.puhdasplus.ee\/lt\/tooted\/specialus-pasiulymai\/obuoliu-pektinas-150-g\/"]}]},{"@type":"ImageObject","inLanguage":"lt-LT","@id":"https:\/\/test.puhdasplus.ee\/lt\/tooted\/specialus-pasiulymai\/obuoliu-pektinas-150-g\/#primaryimage","url":"https:\/\/test.puhdasplus.ee\/wp-content\/uploads\/2025\/03\/19.jpg","contentUrl":"https:\/\/test.puhdasplus.ee\/wp-content\/uploads\/2025\/03\/19.jpg","width":1862,"height":2560,"caption":"Obuoli\u0173 pektinas 150 g"},{"@type":"BreadcrumbList","@id":"https:\/\/test.puhdasplus.ee\/lt\/tooted\/specialus-pasiulymai\/obuoliu-pektinas-150-g\/#breadcrumb","itemListElement":[{"@type":"ListItem","position":1,"name":"Prad\u017eia","item":"https:\/\/test.puhdasplus.ee\/lt\/"},{"@type":"ListItem","position":2,"name":"Produktai","item":"https:\/\/test.puhdasplus.ee\/lt\/parduotuve\/"},{"@type":"ListItem","position":3,"name":"Obuoli\u0173 pektinas 150 g"}]},{"@type":"WebSite","@id":"https:\/\/test.puhdasplus.ee\/lt\/#website","url":"https:\/\/test.puhdasplus.ee\/lt\/","name":"Puhdas+","description":"Vitamiinid, Toidulisandid, looduskosmeetika, tervis, sport","publisher":{"@id":"https:\/\/test.puhdasplus.ee\/lt\/#organization"},"potentialAction":[{"@type":"SearchAction","target":{"@type":"EntryPoint","urlTemplate":"https:\/\/test.puhdasplus.ee\/lt\/?s={search_term_string}"},"query-input":{"@type":"PropertyValueSpecification","valueRequired":true,"valueName":"search_term_string"}}],"inLanguage":"lt-LT"},{"@type":"Organization","@id":"https:\/\/test.puhdasplus.ee\/lt\/#organization","name":"Puhdas+","alternateName":"Puhdasplus","url":"https:\/\/test.puhdasplus.ee\/lt\/","logo":{"@type":"ImageObject","inLanguage":"lt-LT","@id":"https:\/\/test.puhdasplus.ee\/lt\/#\/schema\/logo\/image\/","url":"https:\/\/test.puhdasplus.ee\/\/wp-content\/uploads\/2019\/10\/puhdas_logo-arvele.png","contentUrl":"https:\/\/test.puhdasplus.ee\/\/wp-content\/uploads\/2019\/10\/puhdas_logo-arvele.png","width":114,"height":94,"caption":"Puhdas+"},"image":{"@id":"https:\/\/test.puhdasplus.ee\/lt\/#\/schema\/logo\/image\/"},"sameAs":["https:\/\/www.facebook.com\/puhdasplus","https:\/\/www.instagram.com\/puhdasplus_ee\/"]}]}},"_links":{"self":[{"href":"https:\/\/test.puhdasplus.ee\/lt\/wp-json\/wp\/v2\/product\/353228","targetHints":{"allow":["GET"]}}],"collection":[{"href":"https:\/\/test.puhdasplus.ee\/lt\/wp-json\/wp\/v2\/product"}],"about":[{"href":"https:\/\/test.puhdasplus.ee\/lt\/wp-json\/wp\/v2\/types\/product"}],"replies":[{"embeddable":true,"href":"https:\/\/test.puhdasplus.ee\/lt\/wp-json\/wp\/v2\/comments?post=353228"}],"wp:featuredmedia":[{"embeddable":true,"href":"https:\/\/test.puhdasplus.ee\/lt\/wp-json\/wp\/v2\/media\/353232"}],"wp:attachment":[{"href":"https:\/\/test.puhdasplus.ee\/lt\/wp-json\/wp\/v2\/media?parent=353228"}],"wp:term":[{"taxonomy":"product_brand","embeddable":true,"href":"https:\/\/test.puhdasplus.ee\/lt\/wp-json\/wp\/v2\/product_brand?post=353228"},{"taxonomy":"product_cat","embeddable":true,"href":"https:\/\/test.puhdasplus.ee\/lt\/wp-json\/wp\/v2\/product_cat?post=353228"},{"taxonomy":"product_tag","embeddable":true,"href":"https:\/\/test.puhdasplus.ee\/lt\/wp-json\/wp\/v2\/product_tag?post=353228"}],"curies":[{"name":"wp","href":"https:\/\/api.w.org\/{rel}","templated":true}]}}