{"id":353213,"date":"2019-12-06T08:12:00","date_gmt":"2019-12-06T06:12:00","guid":{"rendered":"https:\/\/test.puhdasplus.ee\/\/tooted\/be-kategorijos\/gelezis-20-mg-b12-folio-rugstis-vitaminas-c-60-kapsuliu\/"},"modified":"2026-03-10T14:25:33","modified_gmt":"2026-03-10T12:25:33","slug":"gelezis-20-mg-b12-folio-rugstis-vitaminas-c-60-kapsuliu","status":"publish","type":"product","link":"https:\/\/test.puhdasplus.ee\/lt\/tooted\/vitaminai\/vitaminas-c\/gelezis-20-mg-b12-folio-rugstis-vitaminas-c-60-kapsuliu\/","title":{"rendered":"Gele\u017eis 20 mg + B12 + Folio r\u016bg\u0161tis + Vitaminas C 60 kapsuli\u0173"},"content":{"rendered":"<h2 data-start=\"0\" data-end=\"89\">Kas yra \u201ePure+ Iron 20 mg + B12 + Folatas + C\u201c?<\/h2>\n<p data-start=\"1645\" data-end=\"2067\">\u201ePure+ Iron 20 mg + B12 + Folio r\u016bg\u0161tis + Vitaminas C\u201c yra daugiakomponentis maisto papildas, kuriame yra gele\u017eies, vitamino B12, folio r\u016bg\u0161ties ir vitamino C, palaikan\u010di\u0173 normali\u0105 imunin\u0117s sistemos, nerv\u0173 sistemos ir kraujotakos veikl\u0105. Produkte yra gele\u017eies labai gerai \u012fsisavinamo gele\u017eies bisglicinato pavidalu, kuris yra draugi\u0161kas skrand\u017eiui ir gerai toleruojamas. Be to, jame yra bioaktyvios \u201eQuatrefolic\u00ae\u201c folio r\u016bg\u0161ties ir vitamino C, kurie skatina gele\u017eies \u012fsisavinim\u0105.  <\/p>\n<p data-start=\"2069\" data-end=\"2461\">Gele\u017eies, vitamino B12 ir vitamino C derinys padeda palaikyti normali\u0105 energijos apykait\u0105 ir ma\u017einti pavarg\u012f bei i\u0161sekim\u0105. Gele\u017eis ir folio r\u016bg\u0161tis padeda palaikyti normali\u0105 kraujodar\u0105, raudon\u0173j\u0173 kraujo k\u016bneli\u0173 ir hemoglobino gamyb\u0105. Vitaminas C didina gele\u017eies absorbcij\u0105 ir prisideda prie normalios imunin\u0117s sistemos funkcijos. Vitaminas B12 palaiko nerv\u0173 sistemos ir psichologines funkcijas.   <\/p>\n<h2 data-start=\"450\" data-end=\"494\">Kuo \u0161is gele\u017eies papildas ypatingas?<\/h2>\n<p data-start=\"2463\" data-end=\"2869\">\u201ePure+ Iron 20 mg + B12 + Folio r\u016bg\u0161tis + Vitaminas C\u201c apjungia keturias esmines maistines med\u017eiagas: gele\u017e\u012f (bisglicinato pavidalu), vitamin\u0105 B12, folio r\u016bg\u0161t\u012f (\u201eQuatrefolic\u00ae\u201c) ir vitamin\u0105 C. \u0160i\u0173 med\u017eiag\u0173 derinys palaiko organizmo funkcijas, kurioms gali prireikti padidinto gele\u017eies kiekio ir kraujodaros palaikymo, pavyzd\u017eiui, nuovargio ar aktyvaus gyvenimo b\u016bdo metu. <\/p>\n<h2 data-start=\"915\" data-end=\"958\">Kaip tai palaiko k\u016bn\u0105 ir energijos lyg\u012f?<\/h2>\n<p class=\"\" data-start=\"960\" data-end=\"1319\">Gele\u017eis padeda palaikyti normal\u0173 deguonies perne\u0161im\u0105 organizme ir normali\u0105 energijos apykait\u0105. Kartu su vitaminu B12 ir folio r\u016bg\u0161timi ji prisideda prie normalios kraujodaros*, o vitaminas C didina gele\u017eies absorbcij\u0105*. \u0160is derinys padeda suma\u017einti pavarg\u012f ir i\u0161sekim\u0105* bei palaiko normali\u0105 nerv\u0173 sistemos funkcij\u0105.  <\/p>\n<h2 data-start=\"1326\" data-end=\"1353\">Ar tai tinka skrand\u017eiui?<\/h2>\n<p data-start=\"3261\" data-end=\"3425\">Taip. Produkto sud\u0117tyje yra gele\u017eies <b>bisglicinato<\/b> pavidalu, kuris, palyginti su tradicin\u0117mis gele\u017eies formomis, yra gerai toleruojamas. <\/p>\n<h2 data-start=\"1622\" data-end=\"1656\">Kam tinka \u0161is produktas?<\/h2>\n<p class=\"\" data-start=\"1658\" data-end=\"1686\">\u0160is papildas tinka suaugusiesiems, norintiems palaikyti energijos lyg\u012f, imunin\u0119 sistem\u0105 ir normali\u0105 kraujotak\u0105. Jis taip pat tinka veganams ir vegetarams. Jis gali suteikti papildomos paramos, kai reikia, pavyzd\u017eiui, nuovargio metu arba gyvenant aktyv\u0173 gyvenimo b\u016bd\u0105.  <\/p>\n<p data-start=\"0\" data-end=\"89\"><span class=\"relative -mx-px my-[-0.2rem] rounded px-px py-[0.2rem] transition-colors duration-100 ease-in-out\">Produktas pagamintas Suomijoje, jame n\u0117ra laktoz\u0117s, glitimo, mieli\u0173, cukraus, sojos ar saldikli\u0173.<\/span> <span class=\"relative -mx-px my-[-0.2rem] rounded px-px py-[0.2rem] transition-colors duration-100 ease-in-out\">Tinka veganams.<\/span><\/p>\n<h2 data-start=\"0\" data-end=\"89\">Koks yra rekomenduojamas vartojimo b\u016bdas?<\/h2>\n<p data-start=\"0\" data-end=\"89\"><strong data-start=\"805\" data-end=\"823\">Vartojimo instrukcijos:<\/strong> <span class=\"relative -mx-px my-[-0.2rem] rounded px-px py-[0.2rem] transition-colors duration-100 ease-in-out\">Rekomenduojama doz\u0117 suaugusiesiems yra 1 kapsul\u0117 per dien\u0105.<\/span> <span class=\"relative -mx-px my-[-0.2rem] rounded px-px py-[0.2rem] transition-colors duration-100 ease-in-out\">Kapsul\u0119 nurykite u\u017egerdami vandeniu.<\/span> <span class=\"relative -mx-px my-[-0.2rem] rounded px-px py-[0.2rem] transition-colors duration-100 ease-in-out\">Rekomenduojamos paros doz\u0117s vir\u0161yti negalima.<\/span> <span class=\"relative -mx-px my-[-0.2rem] rounded px-px py-[0.2rem] transition-colors duration-100 ease-in-out\">Maisto papildas nepakei\u010dia \u012fvairios ir subalansuotos mitybos ar sveiko gyvenimo b\u016bdo.<\/span> <span class=\"relative -mx-px my-[-0.2rem] rounded px-px py-[0.2rem] transition-colors duration-100 ease-in-out\">Laikyti vaikams nepasiekiamoje vietoje.<\/span><\/p>\n<h2 data-start=\"0\" data-end=\"89\">Kokie yra ingredientai ir maistin\u0117 vert\u0117?<\/h2>\n<p data-start=\"0\" data-end=\"89\"><strong data-start=\"1071\" data-end=\"1087\">Sudedamosios dalys:<\/strong> <span class=\"relative -mx-px my-[-0.2rem] rounded px-px py-[0.2rem] transition-colors duration-100 ease-in-out\">L-askorbo r\u016bg\u0161tis (vitaminas C), gele\u017eies bisglicinatas, kapsul\u0117s apvalkalas (hidroksipropilmetilceliulioz\u0117, gelano derva), u\u017epildai (hidroksipropilmetilceliulioz\u0117, mikrokristalin\u0117 celiulioz\u0117), metilkobalaminas (vitaminas B12), (6S)-5-metiltetrahidrofolio r\u016bg\u0161ties gliukozamino druska (Quatrefolic\u00ae).<\/span><\/p>\n<p class=\"\" data-start=\"1175\" data-end=\"1202\"><strong data-start=\"1175\" data-end=\"1202\">Maistin\u0117 vert\u0117 1 kapsul\u0117je:<\/strong><\/p>\n<ul data-start=\"1203\" data-end=\"1416\">\n<li class=\"\" data-start=\"1203\" data-end=\"1244\">\n<p class=\"\" data-start=\"1205\" data-end=\"1244\"><span class=\"relative -mx-px my-[-0.2rem] rounded px-px py-[0.2rem] transition-colors duration-100 ease-in-out\">Gele\u017eies kiekis: 20 mg (143 % rekomenduojamos paros normos)<\/span><\/p>\n<\/li>\n<li class=\"\" data-start=\"1245\" data-end=\"1286\">\n<p class=\"\" data-start=\"1247\" data-end=\"1286\"><span class=\"relative -mx-px my-[-0.2rem] rounded px-px py-[0.2rem] transition-colors duration-100 ease-in-out\">Vitaminas C: 80 mg (100 % rekomenduojamos paros normos)<\/span><\/p>\n<\/li>\n<li class=\"\" data-start=\"1287\" data-end=\"1328\">\n<p class=\"\" data-start=\"1289\" data-end=\"1328\"><span class=\"relative -mx-px my-[-0.2rem] rounded px-px py-[0.2rem] transition-colors duration-100 ease-in-out\">Folat\u0173 kiekis: 400 \u00b5g (200 % rekomenduojamos paros normos)<\/span><\/p>\n<\/li>\n<li class=\"\" data-start=\"1329\" data-end=\"1416\">\n<p class=\"\" data-start=\"1331\" data-end=\"1416\"><span class=\"relative -mx-px my-[-0.2rem] rounded px-px py-[0.2rem] transition-colors duration-100 ease-in-out\">Vitaminas B12: 2,5 \u00b5g (100 % rekomenduojamos paros normos)<\/span><\/p>\n<\/li>\n<\/ul>\n<p class=\"\" data-start=\"1418\" data-end=\"1503\"><span class=\"relative -mx-px my-[-0.2rem] rounded px-px py-[0.2rem] transition-colors duration-100 ease-in-out\">Pakuot\u0117je yra 60 kapsuli\u0173, kuri\u0173 u\u017eteks dviem m\u0117nesiams.<\/span><\/p>\n<h2>Ar produktas tinka ir alergi\u0161kiems \u017emon\u0117ms bei besilaikantiems speciali\u0173 diet\u0173?<\/h2>\n<p class=\"\" data-start=\"2927\" data-end=\"3084\">Taip! Produkte n\u0117ra laktoz\u0117s, glitimo, mieli\u0173, sojos, cukraus ar dirbtini\u0173 saldikli\u0173. Tinka ir veganams. Pagaminta Suomijoje laikantis auk\u0161t\u0173 grynumo standart\u0173.   <\/p>\n","protected":false},"excerpt":{"rendered":"<p data-start=\"218\" data-end=\"570\"><strong data-start=\"218\" data-end=\"261\">\u201ePure+ Iron 20 mg + B12 + Folio r\u016bg\u0161tis + C\u201c<\/strong> yra skrand\u017eiui draugi\u0161kas ir kasdienis maisto papildas. Jame yra labai gerai \u012fsisavinamo gele\u017eies bisglicinato kartu su vitaminu C, vitaminu B12 ir folio r\u016bg\u0161timi aktyviojoje \u201eQuatrefolic\u00ae\u201c formoje. Vitaminas C padeda \u012fsisavinti gele\u017e\u012f, o folio r\u016bg\u0161tis ir vitaminas B12 palaiko normali\u0105 kraujodar\u0105.  <\/p>\n<p data-start=\"572\" data-end=\"757\">Kapsul\u0117s yra grynos sud\u0117ties \u2013 be dirbtini\u0173 pried\u0173, glitimo ar laktoz\u0117s \u2013 ir tinka veganams. Pakuot\u0117je yra 60 kapsuli\u0173 arba dviej\u0173 m\u0117nesi\u0173 tiekimas kasdieniam vartojimui. <\/p>\n<p data-start=\"515\" data-end=\"606\" data-is-last-node=\"\">\n","protected":false},"featured_media":354662,"comment_status":"closed","ping_status":"closed","template":"","meta":{"_acf_changed":false},"product_brand":[],"product_cat":[3048,3174,6396],"product_tag":[3176,3320,3319,6397,6398,5880,6399,4024,2967,4911,3125],"class_list":{"0":"post-353213","1":"product","2":"type-product","3":"status-publish","4":"has-post-thumbnail","6":"product_cat-imunine-sistema","7":"product_cat-vitaminai","8":"product_cat-vitaminas-c","9":"product_tag-b12-lt","10":"product_tag-be-glitimo","11":"product_tag-be-laktozes","12":"product_tag-energijos-lygis-lt","13":"product_tag-folatu-lt","14":"product_tag-folio-rugstis","15":"product_tag-gelezies-bisglicinatas","16":"product_tag-gelezis","17":"product_tag-veganas","18":"product_tag-vitaminas-b12","19":"product_tag-vitaminas-c-lt","21":"first","22":"instock","23":"taxable","24":"shipping-taxable","25":"purchasable","26":"product-type-simple"},"acf":[],"yoast_head":"<!-- This site is optimized with the Yoast SEO plugin v27.1.1 - https:\/\/yoast.com\/product\/yoast-seo-wordpress\/ -->\n<title>Gele\u017eis 20 mg + B12 + Folio r\u016bg\u0161tis + Vitaminas C 60 kapsuli\u0173 - Puhdas+<\/title>\n<meta name=\"description\" content=\"Gele\u017eis 20 mg + B12 + folio r\u016bg\u0161tis + vitaminas C \u2013 veiksmingas ir greitai \u012fsisavinamas gele\u017eies bisglicinatas! Palaiko energijos lyg\u012f, kraujotak\u0105 ir imunitet\u0105. Vegani\u0161kas, be glitimo.\" \/>\n<meta name=\"robots\" content=\"noindex, follow, max-snippet:-1, max-image-preview:large, max-video-preview:-1\" \/>\n<meta property=\"og:locale\" content=\"lt_LT\" \/>\n<meta property=\"og:type\" content=\"article\" \/>\n<meta property=\"og:title\" content=\"Gele\u017eis 20 mg + B12 + Folio r\u016bg\u0161tis + Vitaminas C 60 kapsuli\u0173 - Puhdas+\" \/>\n<meta property=\"og:description\" content=\"Gele\u017eis 20 mg + B12 + folio r\u016bg\u0161tis + vitaminas C \u2013 veiksmingas ir greitai \u012fsisavinamas gele\u017eies bisglicinatas! Palaiko energijos lyg\u012f, kraujotak\u0105 ir imunitet\u0105. Vegani\u0161kas, be glitimo.\" \/>\n<meta property=\"og:url\" content=\"https:\/\/test.puhdasplus.ee\/lt\/tooted\/vitaminai\/vitaminas-c\/gelezis-20-mg-b12-folio-rugstis-vitaminas-c-60-kapsuliu\/\" \/>\n<meta property=\"og:site_name\" content=\"Puhdas+\" \/>\n<meta property=\"article:publisher\" content=\"https:\/\/www.facebook.com\/puhdasplus\" \/>\n<meta property=\"article:modified_time\" content=\"2026-03-10T12:25:33+00:00\" \/>\n<meta property=\"og:image\" content=\"https:\/\/test.puhdasplus.ee\/wp-content\/uploads\/2019\/12\/tooted-ilma-taustata-scaled.jpg\" \/>\n\t<meta property=\"og:image:width\" content=\"1862\" \/>\n\t<meta property=\"og:image:height\" content=\"2560\" \/>\n\t<meta property=\"og:image:type\" content=\"image\/jpeg\" \/>\n<meta name=\"twitter:card\" content=\"summary_large_image\" \/>\n<meta name=\"twitter:label1\" content=\"Est. reading time\" \/>\n\t<meta name=\"twitter:data1\" content=\"3 minut\u0117\" \/>\n<script type=\"application\/ld+json\" class=\"yoast-schema-graph\">{\"@context\":\"https:\/\/schema.org\",\"@graph\":[{\"@type\":\"WebPage\",\"@id\":\"https:\/\/test.puhdasplus.ee\/lt\/tooted\/vitaminai\/vitaminas-c\/gelezis-20-mg-b12-folio-rugstis-vitaminas-c-60-kapsuliu\/\",\"url\":\"https:\/\/test.puhdasplus.ee\/lt\/tooted\/vitaminai\/vitaminas-c\/gelezis-20-mg-b12-folio-rugstis-vitaminas-c-60-kapsuliu\/\",\"name\":\"Gele\u017eis 20 mg + B12 + Folio r\u016bg\u0161tis + Vitaminas C 60 kapsuli\u0173 - Puhdas+\",\"isPartOf\":{\"@id\":\"https:\/\/test.puhdasplus.ee\/lt\/#website\"},\"primaryImageOfPage\":{\"@id\":\"https:\/\/test.puhdasplus.ee\/lt\/tooted\/vitaminai\/vitaminas-c\/gelezis-20-mg-b12-folio-rugstis-vitaminas-c-60-kapsuliu\/#primaryimage\"},\"image\":{\"@id\":\"https:\/\/test.puhdasplus.ee\/lt\/tooted\/vitaminai\/vitaminas-c\/gelezis-20-mg-b12-folio-rugstis-vitaminas-c-60-kapsuliu\/#primaryimage\"},\"thumbnailUrl\":\"https:\/\/test.puhdasplus.ee\/wp-content\/uploads\/2019\/12\/tooted-ilma-taustata-scaled.jpg\",\"datePublished\":\"2019-12-06T06:12:00+00:00\",\"dateModified\":\"2026-03-10T12:25:33+00:00\",\"description\":\"Gele\u017eis 20 mg + B12 + folio r\u016bg\u0161tis + vitaminas C \u2013 veiksmingas ir greitai \u012fsisavinamas gele\u017eies bisglicinatas! Palaiko energijos lyg\u012f, kraujotak\u0105 ir imunitet\u0105. Vegani\u0161kas, be glitimo.\",\"breadcrumb\":{\"@id\":\"https:\/\/test.puhdasplus.ee\/lt\/tooted\/vitaminai\/vitaminas-c\/gelezis-20-mg-b12-folio-rugstis-vitaminas-c-60-kapsuliu\/#breadcrumb\"},\"inLanguage\":\"lt-LT\",\"potentialAction\":[{\"@type\":\"ReadAction\",\"target\":[\"https:\/\/test.puhdasplus.ee\/lt\/tooted\/vitaminai\/vitaminas-c\/gelezis-20-mg-b12-folio-rugstis-vitaminas-c-60-kapsuliu\/\"]}]},{\"@type\":\"ImageObject\",\"inLanguage\":\"lt-LT\",\"@id\":\"https:\/\/test.puhdasplus.ee\/lt\/tooted\/vitaminai\/vitaminas-c\/gelezis-20-mg-b12-folio-rugstis-vitaminas-c-60-kapsuliu\/#primaryimage\",\"url\":\"https:\/\/test.puhdasplus.ee\/wp-content\/uploads\/2019\/12\/tooted-ilma-taustata-scaled.jpg\",\"contentUrl\":\"https:\/\/test.puhdasplus.ee\/wp-content\/uploads\/2019\/12\/tooted-ilma-taustata-scaled.jpg\",\"width\":1862,\"height\":2560,\"caption\":\"Gele\u017eis 20 mg + B12 + Folio r\u016bg\u0161tis + Vitaminas C 60 kapsuli\u0173\"},{\"@type\":\"BreadcrumbList\",\"@id\":\"https:\/\/test.puhdasplus.ee\/lt\/tooted\/vitaminai\/vitaminas-c\/gelezis-20-mg-b12-folio-rugstis-vitaminas-c-60-kapsuliu\/#breadcrumb\",\"itemListElement\":[{\"@type\":\"ListItem\",\"position\":1,\"name\":\"Prad\u017eia\",\"item\":\"https:\/\/test.puhdasplus.ee\/lt\/\"},{\"@type\":\"ListItem\",\"position\":2,\"name\":\"Produktai\",\"item\":\"https:\/\/test.puhdasplus.ee\/lt\/parduotuve\/\"},{\"@type\":\"ListItem\",\"position\":3,\"name\":\"Gele\u017eis 20 mg + B12 + Folio r\u016bg\u0161tis + Vitaminas C 60 kapsuli\u0173\"}]},{\"@type\":\"WebSite\",\"@id\":\"https:\/\/test.puhdasplus.ee\/lt\/#website\",\"url\":\"https:\/\/test.puhdasplus.ee\/lt\/\",\"name\":\"Puhdas+\",\"description\":\"Vitamiinid, Toidulisandid, looduskosmeetika, tervis, sport\",\"publisher\":{\"@id\":\"https:\/\/test.puhdasplus.ee\/lt\/#organization\"},\"potentialAction\":[{\"@type\":\"SearchAction\",\"target\":{\"@type\":\"EntryPoint\",\"urlTemplate\":\"https:\/\/test.puhdasplus.ee\/lt\/?s={search_term_string}\"},\"query-input\":{\"@type\":\"PropertyValueSpecification\",\"valueRequired\":true,\"valueName\":\"search_term_string\"}}],\"inLanguage\":\"lt-LT\"},{\"@type\":\"Organization\",\"@id\":\"https:\/\/test.puhdasplus.ee\/lt\/#organization\",\"name\":\"Puhdas+\",\"alternateName\":\"Puhdasplus\",\"url\":\"https:\/\/test.puhdasplus.ee\/lt\/\",\"logo\":{\"@type\":\"ImageObject\",\"inLanguage\":\"lt-LT\",\"@id\":\"https:\/\/test.puhdasplus.ee\/lt\/#\/schema\/logo\/image\/\",\"url\":\"https:\/\/test.puhdasplus.ee\/\/wp-content\/uploads\/2019\/10\/puhdas_logo-arvele.png\",\"contentUrl\":\"https:\/\/test.puhdasplus.ee\/\/wp-content\/uploads\/2019\/10\/puhdas_logo-arvele.png\",\"width\":114,\"height\":94,\"caption\":\"Puhdas+\"},\"image\":{\"@id\":\"https:\/\/test.puhdasplus.ee\/lt\/#\/schema\/logo\/image\/\"},\"sameAs\":[\"https:\/\/www.facebook.com\/puhdasplus\",\"https:\/\/www.instagram.com\/puhdasplus_ee\/\"]}]}<\/script>\n<!-- \/ Yoast SEO plugin. -->","yoast_head_json":{"title":"Gele\u017eis 20 mg + B12 + Folio r\u016bg\u0161tis + Vitaminas C 60 kapsuli\u0173 - Puhdas+","description":"Gele\u017eis 20 mg + B12 + folio r\u016bg\u0161tis + vitaminas C \u2013 veiksmingas ir greitai \u012fsisavinamas gele\u017eies bisglicinatas! Palaiko energijos lyg\u012f, kraujotak\u0105 ir imunitet\u0105. Vegani\u0161kas, be glitimo.","robots":{"index":"noindex","follow":"follow","max-snippet":"max-snippet:-1","max-image-preview":"max-image-preview:large","max-video-preview":"max-video-preview:-1"},"og_locale":"lt_LT","og_type":"article","og_title":"Gele\u017eis 20 mg + B12 + Folio r\u016bg\u0161tis + Vitaminas C 60 kapsuli\u0173 - Puhdas+","og_description":"Gele\u017eis 20 mg + B12 + folio r\u016bg\u0161tis + vitaminas C \u2013 veiksmingas ir greitai \u012fsisavinamas gele\u017eies bisglicinatas! Palaiko energijos lyg\u012f, kraujotak\u0105 ir imunitet\u0105. Vegani\u0161kas, be glitimo.","og_url":"https:\/\/test.puhdasplus.ee\/lt\/tooted\/vitaminai\/vitaminas-c\/gelezis-20-mg-b12-folio-rugstis-vitaminas-c-60-kapsuliu\/","og_site_name":"Puhdas+","article_publisher":"https:\/\/www.facebook.com\/puhdasplus","article_modified_time":"2026-03-10T12:25:33+00:00","og_image":[{"width":1862,"height":2560,"url":"https:\/\/test.puhdasplus.ee\/wp-content\/uploads\/2019\/12\/tooted-ilma-taustata-scaled.jpg","type":"image\/jpeg"}],"twitter_card":"summary_large_image","twitter_misc":{"Est. reading time":"3 minut\u0117"},"schema":{"@context":"https:\/\/schema.org","@graph":[{"@type":"WebPage","@id":"https:\/\/test.puhdasplus.ee\/lt\/tooted\/vitaminai\/vitaminas-c\/gelezis-20-mg-b12-folio-rugstis-vitaminas-c-60-kapsuliu\/","url":"https:\/\/test.puhdasplus.ee\/lt\/tooted\/vitaminai\/vitaminas-c\/gelezis-20-mg-b12-folio-rugstis-vitaminas-c-60-kapsuliu\/","name":"Gele\u017eis 20 mg + B12 + Folio r\u016bg\u0161tis + Vitaminas C 60 kapsuli\u0173 - Puhdas+","isPartOf":{"@id":"https:\/\/test.puhdasplus.ee\/lt\/#website"},"primaryImageOfPage":{"@id":"https:\/\/test.puhdasplus.ee\/lt\/tooted\/vitaminai\/vitaminas-c\/gelezis-20-mg-b12-folio-rugstis-vitaminas-c-60-kapsuliu\/#primaryimage"},"image":{"@id":"https:\/\/test.puhdasplus.ee\/lt\/tooted\/vitaminai\/vitaminas-c\/gelezis-20-mg-b12-folio-rugstis-vitaminas-c-60-kapsuliu\/#primaryimage"},"thumbnailUrl":"https:\/\/test.puhdasplus.ee\/wp-content\/uploads\/2019\/12\/tooted-ilma-taustata-scaled.jpg","datePublished":"2019-12-06T06:12:00+00:00","dateModified":"2026-03-10T12:25:33+00:00","description":"Gele\u017eis 20 mg + B12 + folio r\u016bg\u0161tis + vitaminas C \u2013 veiksmingas ir greitai \u012fsisavinamas gele\u017eies bisglicinatas! Palaiko energijos lyg\u012f, kraujotak\u0105 ir imunitet\u0105. Vegani\u0161kas, be glitimo.","breadcrumb":{"@id":"https:\/\/test.puhdasplus.ee\/lt\/tooted\/vitaminai\/vitaminas-c\/gelezis-20-mg-b12-folio-rugstis-vitaminas-c-60-kapsuliu\/#breadcrumb"},"inLanguage":"lt-LT","potentialAction":[{"@type":"ReadAction","target":["https:\/\/test.puhdasplus.ee\/lt\/tooted\/vitaminai\/vitaminas-c\/gelezis-20-mg-b12-folio-rugstis-vitaminas-c-60-kapsuliu\/"]}]},{"@type":"ImageObject","inLanguage":"lt-LT","@id":"https:\/\/test.puhdasplus.ee\/lt\/tooted\/vitaminai\/vitaminas-c\/gelezis-20-mg-b12-folio-rugstis-vitaminas-c-60-kapsuliu\/#primaryimage","url":"https:\/\/test.puhdasplus.ee\/wp-content\/uploads\/2019\/12\/tooted-ilma-taustata-scaled.jpg","contentUrl":"https:\/\/test.puhdasplus.ee\/wp-content\/uploads\/2019\/12\/tooted-ilma-taustata-scaled.jpg","width":1862,"height":2560,"caption":"Gele\u017eis 20 mg + B12 + Folio r\u016bg\u0161tis + Vitaminas C 60 kapsuli\u0173"},{"@type":"BreadcrumbList","@id":"https:\/\/test.puhdasplus.ee\/lt\/tooted\/vitaminai\/vitaminas-c\/gelezis-20-mg-b12-folio-rugstis-vitaminas-c-60-kapsuliu\/#breadcrumb","itemListElement":[{"@type":"ListItem","position":1,"name":"Prad\u017eia","item":"https:\/\/test.puhdasplus.ee\/lt\/"},{"@type":"ListItem","position":2,"name":"Produktai","item":"https:\/\/test.puhdasplus.ee\/lt\/parduotuve\/"},{"@type":"ListItem","position":3,"name":"Gele\u017eis 20 mg + B12 + Folio r\u016bg\u0161tis + Vitaminas C 60 kapsuli\u0173"}]},{"@type":"WebSite","@id":"https:\/\/test.puhdasplus.ee\/lt\/#website","url":"https:\/\/test.puhdasplus.ee\/lt\/","name":"Puhdas+","description":"Vitamiinid, Toidulisandid, looduskosmeetika, tervis, sport","publisher":{"@id":"https:\/\/test.puhdasplus.ee\/lt\/#organization"},"potentialAction":[{"@type":"SearchAction","target":{"@type":"EntryPoint","urlTemplate":"https:\/\/test.puhdasplus.ee\/lt\/?s={search_term_string}"},"query-input":{"@type":"PropertyValueSpecification","valueRequired":true,"valueName":"search_term_string"}}],"inLanguage":"lt-LT"},{"@type":"Organization","@id":"https:\/\/test.puhdasplus.ee\/lt\/#organization","name":"Puhdas+","alternateName":"Puhdasplus","url":"https:\/\/test.puhdasplus.ee\/lt\/","logo":{"@type":"ImageObject","inLanguage":"lt-LT","@id":"https:\/\/test.puhdasplus.ee\/lt\/#\/schema\/logo\/image\/","url":"https:\/\/test.puhdasplus.ee\/\/wp-content\/uploads\/2019\/10\/puhdas_logo-arvele.png","contentUrl":"https:\/\/test.puhdasplus.ee\/\/wp-content\/uploads\/2019\/10\/puhdas_logo-arvele.png","width":114,"height":94,"caption":"Puhdas+"},"image":{"@id":"https:\/\/test.puhdasplus.ee\/lt\/#\/schema\/logo\/image\/"},"sameAs":["https:\/\/www.facebook.com\/puhdasplus","https:\/\/www.instagram.com\/puhdasplus_ee\/"]}]}},"_links":{"self":[{"href":"https:\/\/test.puhdasplus.ee\/lt\/wp-json\/wp\/v2\/product\/353213","targetHints":{"allow":["GET"]}}],"collection":[{"href":"https:\/\/test.puhdasplus.ee\/lt\/wp-json\/wp\/v2\/product"}],"about":[{"href":"https:\/\/test.puhdasplus.ee\/lt\/wp-json\/wp\/v2\/types\/product"}],"replies":[{"embeddable":true,"href":"https:\/\/test.puhdasplus.ee\/lt\/wp-json\/wp\/v2\/comments?post=353213"}],"wp:featuredmedia":[{"embeddable":true,"href":"https:\/\/test.puhdasplus.ee\/lt\/wp-json\/wp\/v2\/media\/354662"}],"wp:attachment":[{"href":"https:\/\/test.puhdasplus.ee\/lt\/wp-json\/wp\/v2\/media?parent=353213"}],"wp:term":[{"taxonomy":"product_brand","embeddable":true,"href":"https:\/\/test.puhdasplus.ee\/lt\/wp-json\/wp\/v2\/product_brand?post=353213"},{"taxonomy":"product_cat","embeddable":true,"href":"https:\/\/test.puhdasplus.ee\/lt\/wp-json\/wp\/v2\/product_cat?post=353213"},{"taxonomy":"product_tag","embeddable":true,"href":"https:\/\/test.puhdasplus.ee\/lt\/wp-json\/wp\/v2\/product_tag?post=353213"}],"curies":[{"name":"wp","href":"https:\/\/api.w.org\/{rel}","templated":true}]}}