{"id":353211,"date":"2020-04-23T19:56:51","date_gmt":"2020-04-23T16:56:51","guid":{"rendered":"https:\/\/test.puhdasplus.ee\/\/tooted\/be-kategorijos\/ranku-dezinfekavimo-priemone-200-ml\/"},"modified":"2026-03-10T14:39:48","modified_gmt":"2026-03-10T12:39:48","slug":"ranku-dezinfekavimo-priemone-200-ml","status":"publish","type":"product","link":"https:\/\/test.puhdasplus.ee\/lt\/tooted\/kita\/ranku-dezinfekavimo-priemone-200-ml\/","title":{"rendered":"Rank\u0173 dezinfekavimo priemon\u0117 200 ml"},"content":{"rendered":"<p><b>Naudojimo instrukcijos<\/b><br \/>\n Produktas skirtas higieninei rank\u0173 dezinfekcijai. Ant nuplaut\u0173 ir nusausint\u0173 rank\u0173 u\u017etepkite ma\u017edaug 3 ml produkto.<br \/>\n Rekomenduojama naudoti po kiekvieno rank\u0173 plovimo ir po s\u0105ly\u010dio su u\u017eter\u0161tais pavir\u0161iais. Trinkite rankas, kol priemon\u0117 visi\u0161kai i\u0161d\u017eius.  <\/p>\n<p><strong>\u012esp\u0117jimai<\/strong> : Laikyti vaikams nepasiekiamoje vietoje. Tik i\u0161oriniam naudojimui. Venkite patekimo \u012f akis. Patekus \u012f akis, kelias minutes atsargiai plaukite vandeniu. Jei ne\u0161iojate kontaktinius l\u0119\u0161ius, i\u0161imkite juos ir dar kart\u0105 praplaukite akis.    <\/p>\n<p>Degus!<\/p>\n<p><strong>Galiojimo laikas:<\/strong> \u017er. ant pakuot\u0117s.<\/p>\n<p><b>Sudedamosios dalys: denat\u016bruotas alkoholis (70 %), vanduo (Aqua), propanediolis, t-butanolis, poliakrilato kry\u017eminis polimeras-6. <\/b><\/p>\n<p>Pakuot\u0117: 200 ml.<\/p>\n","protected":false},"excerpt":{"rendered":"<p>Paruo\u0161tas naudoti rank\u0173 dezinfekavimo priemon\u0117. Produktas be da\u017eikli\u0173 ir kvapikli\u0173. U\u017etepus ant rank\u0173, greitai d\u017ei\u016bsta, nereikia nuplauti!  <\/p>\n","protected":false},"featured_media":353212,"comment_status":"closed","ping_status":"closed","template":"","meta":{"_acf_changed":false},"product_brand":[],"product_cat":[2560],"product_tag":[4324,4454],"class_list":{"0":"post-353211","1":"product","2":"type-product","3":"status-publish","4":"has-post-thumbnail","6":"product_cat-kita","7":"product_tag-naturali-dezinfekcija","8":"product_tag-naturalus-kuno-prausiklis","10":"first","11":"onbackorder","12":"taxable","13":"shipping-taxable","14":"purchasable","15":"product-type-simple"},"acf":[],"yoast_head":"<!-- This site is optimized with the Yoast SEO plugin v27.1.1 - https:\/\/yoast.com\/product\/yoast-seo-wordpress\/ -->\n<title>Rank\u0173 dezinfekavimo priemon\u0117 200 ml - Puhdas+<\/title>\n<meta name=\"robots\" content=\"noindex, follow, max-snippet:-1, max-image-preview:large, max-video-preview:-1\" \/>\n<meta property=\"og:locale\" content=\"lt_LT\" \/>\n<meta property=\"og:type\" content=\"article\" \/>\n<meta property=\"og:title\" content=\"Rank\u0173 dezinfekavimo priemon\u0117 200 ml - Puhdas+\" \/>\n<meta property=\"og:description\" content=\"Paruo\u0161tas naudoti rank\u0173 dezinfekavimo priemon\u0117. Produktas be da\u017eikli\u0173 ir kvapikli\u0173. U\u017etepus ant rank\u0173, greitai d\u017ei\u016bsta, nereikia nuplauti!\" \/>\n<meta property=\"og:url\" content=\"https:\/\/test.puhdasplus.ee\/lt\/tooted\/kita\/ranku-dezinfekavimo-priemone-200-ml\/\" \/>\n<meta property=\"og:site_name\" content=\"Puhdas+\" \/>\n<meta property=\"article:publisher\" content=\"https:\/\/www.facebook.com\/puhdasplus\" \/>\n<meta property=\"article:modified_time\" content=\"2026-03-10T12:39:48+00:00\" \/>\n<meta property=\"og:image\" content=\"https:\/\/test.puhdasplus.ee\/wp-content\/uploads\/2020\/04\/K\u00e4sidesi.jpg\" \/>\n\t<meta property=\"og:image:width\" content=\"1435\" \/>\n\t<meta property=\"og:image:height\" content=\"1600\" \/>\n\t<meta property=\"og:image:type\" content=\"image\/jpeg\" \/>\n<meta name=\"twitter:card\" content=\"summary_large_image\" \/>\n<meta name=\"twitter:label1\" content=\"Est. reading time\" \/>\n\t<meta name=\"twitter:data1\" content=\"1 minut\u0117\" \/>\n<script type=\"application\/ld+json\" class=\"yoast-schema-graph\">{\"@context\":\"https:\/\/schema.org\",\"@graph\":[{\"@type\":\"WebPage\",\"@id\":\"https:\/\/test.puhdasplus.ee\/lt\/tooted\/kita\/ranku-dezinfekavimo-priemone-200-ml\/\",\"url\":\"https:\/\/test.puhdasplus.ee\/lt\/tooted\/kita\/ranku-dezinfekavimo-priemone-200-ml\/\",\"name\":\"Rank\u0173 dezinfekavimo priemon\u0117 200 ml - Puhdas+\",\"isPartOf\":{\"@id\":\"https:\/\/test.puhdasplus.ee\/lt\/#website\"},\"primaryImageOfPage\":{\"@id\":\"https:\/\/test.puhdasplus.ee\/lt\/tooted\/kita\/ranku-dezinfekavimo-priemone-200-ml\/#primaryimage\"},\"image\":{\"@id\":\"https:\/\/test.puhdasplus.ee\/lt\/tooted\/kita\/ranku-dezinfekavimo-priemone-200-ml\/#primaryimage\"},\"thumbnailUrl\":\"https:\/\/test.puhdasplus.ee\/wp-content\/uploads\/2020\/04\/K\u00e4sidesi.jpg\",\"datePublished\":\"2020-04-23T16:56:51+00:00\",\"dateModified\":\"2026-03-10T12:39:48+00:00\",\"breadcrumb\":{\"@id\":\"https:\/\/test.puhdasplus.ee\/lt\/tooted\/kita\/ranku-dezinfekavimo-priemone-200-ml\/#breadcrumb\"},\"inLanguage\":\"lt-LT\",\"potentialAction\":[{\"@type\":\"ReadAction\",\"target\":[\"https:\/\/test.puhdasplus.ee\/lt\/tooted\/kita\/ranku-dezinfekavimo-priemone-200-ml\/\"]}]},{\"@type\":\"ImageObject\",\"inLanguage\":\"lt-LT\",\"@id\":\"https:\/\/test.puhdasplus.ee\/lt\/tooted\/kita\/ranku-dezinfekavimo-priemone-200-ml\/#primaryimage\",\"url\":\"https:\/\/test.puhdasplus.ee\/wp-content\/uploads\/2020\/04\/K\u00e4sidesi.jpg\",\"contentUrl\":\"https:\/\/test.puhdasplus.ee\/wp-content\/uploads\/2020\/04\/K\u00e4sidesi.jpg\",\"width\":1435,\"height\":1600,\"caption\":\"Rank\u0173 dez. priemon\u0117\"},{\"@type\":\"BreadcrumbList\",\"@id\":\"https:\/\/test.puhdasplus.ee\/lt\/tooted\/kita\/ranku-dezinfekavimo-priemone-200-ml\/#breadcrumb\",\"itemListElement\":[{\"@type\":\"ListItem\",\"position\":1,\"name\":\"Prad\u017eia\",\"item\":\"https:\/\/test.puhdasplus.ee\/lt\/\"},{\"@type\":\"ListItem\",\"position\":2,\"name\":\"Produktai\",\"item\":\"https:\/\/test.puhdasplus.ee\/lt\/parduotuve\/\"},{\"@type\":\"ListItem\",\"position\":3,\"name\":\"Rank\u0173 dezinfekavimo priemon\u0117 200 ml\"}]},{\"@type\":\"WebSite\",\"@id\":\"https:\/\/test.puhdasplus.ee\/lt\/#website\",\"url\":\"https:\/\/test.puhdasplus.ee\/lt\/\",\"name\":\"Puhdas+\",\"description\":\"Vitamiinid, Toidulisandid, looduskosmeetika, tervis, sport\",\"publisher\":{\"@id\":\"https:\/\/test.puhdasplus.ee\/lt\/#organization\"},\"potentialAction\":[{\"@type\":\"SearchAction\",\"target\":{\"@type\":\"EntryPoint\",\"urlTemplate\":\"https:\/\/test.puhdasplus.ee\/lt\/?s={search_term_string}\"},\"query-input\":{\"@type\":\"PropertyValueSpecification\",\"valueRequired\":true,\"valueName\":\"search_term_string\"}}],\"inLanguage\":\"lt-LT\"},{\"@type\":\"Organization\",\"@id\":\"https:\/\/test.puhdasplus.ee\/lt\/#organization\",\"name\":\"Puhdas+\",\"alternateName\":\"Puhdasplus\",\"url\":\"https:\/\/test.puhdasplus.ee\/lt\/\",\"logo\":{\"@type\":\"ImageObject\",\"inLanguage\":\"lt-LT\",\"@id\":\"https:\/\/test.puhdasplus.ee\/lt\/#\/schema\/logo\/image\/\",\"url\":\"https:\/\/test.puhdasplus.ee\/\/wp-content\/uploads\/2019\/10\/puhdas_logo-arvele.png\",\"contentUrl\":\"https:\/\/test.puhdasplus.ee\/\/wp-content\/uploads\/2019\/10\/puhdas_logo-arvele.png\",\"width\":114,\"height\":94,\"caption\":\"Puhdas+\"},\"image\":{\"@id\":\"https:\/\/test.puhdasplus.ee\/lt\/#\/schema\/logo\/image\/\"},\"sameAs\":[\"https:\/\/www.facebook.com\/puhdasplus\",\"https:\/\/www.instagram.com\/puhdasplus_ee\/\"]}]}<\/script>\n<!-- \/ Yoast SEO plugin. -->","yoast_head_json":{"title":"Rank\u0173 dezinfekavimo priemon\u0117 200 ml - Puhdas+","robots":{"index":"noindex","follow":"follow","max-snippet":"max-snippet:-1","max-image-preview":"max-image-preview:large","max-video-preview":"max-video-preview:-1"},"og_locale":"lt_LT","og_type":"article","og_title":"Rank\u0173 dezinfekavimo priemon\u0117 200 ml - Puhdas+","og_description":"Paruo\u0161tas naudoti rank\u0173 dezinfekavimo priemon\u0117. Produktas be da\u017eikli\u0173 ir kvapikli\u0173. U\u017etepus ant rank\u0173, greitai d\u017ei\u016bsta, nereikia nuplauti!","og_url":"https:\/\/test.puhdasplus.ee\/lt\/tooted\/kita\/ranku-dezinfekavimo-priemone-200-ml\/","og_site_name":"Puhdas+","article_publisher":"https:\/\/www.facebook.com\/puhdasplus","article_modified_time":"2026-03-10T12:39:48+00:00","og_image":[{"width":1435,"height":1600,"url":"https:\/\/test.puhdasplus.ee\/wp-content\/uploads\/2020\/04\/K\u00e4sidesi.jpg","type":"image\/jpeg"}],"twitter_card":"summary_large_image","twitter_misc":{"Est. reading time":"1 minut\u0117"},"schema":{"@context":"https:\/\/schema.org","@graph":[{"@type":"WebPage","@id":"https:\/\/test.puhdasplus.ee\/lt\/tooted\/kita\/ranku-dezinfekavimo-priemone-200-ml\/","url":"https:\/\/test.puhdasplus.ee\/lt\/tooted\/kita\/ranku-dezinfekavimo-priemone-200-ml\/","name":"Rank\u0173 dezinfekavimo priemon\u0117 200 ml - Puhdas+","isPartOf":{"@id":"https:\/\/test.puhdasplus.ee\/lt\/#website"},"primaryImageOfPage":{"@id":"https:\/\/test.puhdasplus.ee\/lt\/tooted\/kita\/ranku-dezinfekavimo-priemone-200-ml\/#primaryimage"},"image":{"@id":"https:\/\/test.puhdasplus.ee\/lt\/tooted\/kita\/ranku-dezinfekavimo-priemone-200-ml\/#primaryimage"},"thumbnailUrl":"https:\/\/test.puhdasplus.ee\/wp-content\/uploads\/2020\/04\/K\u00e4sidesi.jpg","datePublished":"2020-04-23T16:56:51+00:00","dateModified":"2026-03-10T12:39:48+00:00","breadcrumb":{"@id":"https:\/\/test.puhdasplus.ee\/lt\/tooted\/kita\/ranku-dezinfekavimo-priemone-200-ml\/#breadcrumb"},"inLanguage":"lt-LT","potentialAction":[{"@type":"ReadAction","target":["https:\/\/test.puhdasplus.ee\/lt\/tooted\/kita\/ranku-dezinfekavimo-priemone-200-ml\/"]}]},{"@type":"ImageObject","inLanguage":"lt-LT","@id":"https:\/\/test.puhdasplus.ee\/lt\/tooted\/kita\/ranku-dezinfekavimo-priemone-200-ml\/#primaryimage","url":"https:\/\/test.puhdasplus.ee\/wp-content\/uploads\/2020\/04\/K\u00e4sidesi.jpg","contentUrl":"https:\/\/test.puhdasplus.ee\/wp-content\/uploads\/2020\/04\/K\u00e4sidesi.jpg","width":1435,"height":1600,"caption":"Rank\u0173 dez. priemon\u0117"},{"@type":"BreadcrumbList","@id":"https:\/\/test.puhdasplus.ee\/lt\/tooted\/kita\/ranku-dezinfekavimo-priemone-200-ml\/#breadcrumb","itemListElement":[{"@type":"ListItem","position":1,"name":"Prad\u017eia","item":"https:\/\/test.puhdasplus.ee\/lt\/"},{"@type":"ListItem","position":2,"name":"Produktai","item":"https:\/\/test.puhdasplus.ee\/lt\/parduotuve\/"},{"@type":"ListItem","position":3,"name":"Rank\u0173 dezinfekavimo priemon\u0117 200 ml"}]},{"@type":"WebSite","@id":"https:\/\/test.puhdasplus.ee\/lt\/#website","url":"https:\/\/test.puhdasplus.ee\/lt\/","name":"Puhdas+","description":"Vitamiinid, Toidulisandid, looduskosmeetika, tervis, sport","publisher":{"@id":"https:\/\/test.puhdasplus.ee\/lt\/#organization"},"potentialAction":[{"@type":"SearchAction","target":{"@type":"EntryPoint","urlTemplate":"https:\/\/test.puhdasplus.ee\/lt\/?s={search_term_string}"},"query-input":{"@type":"PropertyValueSpecification","valueRequired":true,"valueName":"search_term_string"}}],"inLanguage":"lt-LT"},{"@type":"Organization","@id":"https:\/\/test.puhdasplus.ee\/lt\/#organization","name":"Puhdas+","alternateName":"Puhdasplus","url":"https:\/\/test.puhdasplus.ee\/lt\/","logo":{"@type":"ImageObject","inLanguage":"lt-LT","@id":"https:\/\/test.puhdasplus.ee\/lt\/#\/schema\/logo\/image\/","url":"https:\/\/test.puhdasplus.ee\/\/wp-content\/uploads\/2019\/10\/puhdas_logo-arvele.png","contentUrl":"https:\/\/test.puhdasplus.ee\/\/wp-content\/uploads\/2019\/10\/puhdas_logo-arvele.png","width":114,"height":94,"caption":"Puhdas+"},"image":{"@id":"https:\/\/test.puhdasplus.ee\/lt\/#\/schema\/logo\/image\/"},"sameAs":["https:\/\/www.facebook.com\/puhdasplus","https:\/\/www.instagram.com\/puhdasplus_ee\/"]}]}},"_links":{"self":[{"href":"https:\/\/test.puhdasplus.ee\/lt\/wp-json\/wp\/v2\/product\/353211","targetHints":{"allow":["GET"]}}],"collection":[{"href":"https:\/\/test.puhdasplus.ee\/lt\/wp-json\/wp\/v2\/product"}],"about":[{"href":"https:\/\/test.puhdasplus.ee\/lt\/wp-json\/wp\/v2\/types\/product"}],"replies":[{"embeddable":true,"href":"https:\/\/test.puhdasplus.ee\/lt\/wp-json\/wp\/v2\/comments?post=353211"}],"wp:featuredmedia":[{"embeddable":true,"href":"https:\/\/test.puhdasplus.ee\/lt\/wp-json\/wp\/v2\/media\/353212"}],"wp:attachment":[{"href":"https:\/\/test.puhdasplus.ee\/lt\/wp-json\/wp\/v2\/media?parent=353211"}],"wp:term":[{"taxonomy":"product_brand","embeddable":true,"href":"https:\/\/test.puhdasplus.ee\/lt\/wp-json\/wp\/v2\/product_brand?post=353211"},{"taxonomy":"product_cat","embeddable":true,"href":"https:\/\/test.puhdasplus.ee\/lt\/wp-json\/wp\/v2\/product_cat?post=353211"},{"taxonomy":"product_tag","embeddable":true,"href":"https:\/\/test.puhdasplus.ee\/lt\/wp-json\/wp\/v2\/product_tag?post=353211"}],"curies":[{"name":"wp","href":"https:\/\/api.w.org\/{rel}","templated":true}]}}