{"id":353178,"date":"2020-04-27T19:31:38","date_gmt":"2020-04-27T16:31:38","guid":{"rendered":"https:\/\/test.puhdasplus.ee\/\/tooted\/be-kategorijos\/nac-n-acetilcisteinas-300-mg-60-kapsuliu\/"},"modified":"2026-03-10T14:24:28","modified_gmt":"2026-03-10T12:24:28","slug":"nac-n-acetilcisteinas-300-mg-60-kapsuliu","status":"publish","type":"product","link":"https:\/\/test.puhdasplus.ee\/lt\/tooted\/aminorugstys\/nac-n-acetilcisteinas-300-mg-60-kapsuliu\/","title":{"rendered":"NAC N-acetilcisteinas 300 mg 60 kapsuli\u0173"},"content":{"rendered":"<h2 data-start=\"225\" data-end=\"248\">Kas yra \u201ePure+ NAC\u201c?<\/h2>\n<p data-start=\"271\" data-end=\"606\"><strong data-start=\"271\" data-end=\"313\">\u201ePure+ NAC\u201c yra auk\u0161tos kokyb\u0117s maisto papildas,<\/strong> kurio sud\u0117tyje yra N-acetilcisteino (NAC) \u2013 stabilios cisteino formos, dalyvaujan\u010dios \u012fvairiuose organizmo med\u017eiag\u0173 apykaitos procesuose. NAC ypa\u010d gerai \u017einomas d\u0117l savo vaidmens gaminant glutation\u0105 \u2013 nat\u016braliai organizme esan\u010di\u0105 med\u017eiag\u0105. Glutationas yra svarbi organizmo vidin\u0117s gynybos sistemos dalis.  <\/p>\n<p data-start=\"608\" data-end=\"709\">Produktas pagamintas Suomijoje, laikantis grie\u017et\u0173 grynumo ir kokyb\u0117s standart\u0173, ir tinka veganams.<\/p>\n<h2 data-start=\"452\" data-end=\"476\">Kod\u0117l tai naudinga?<\/h2>\n<p data-start=\"754\" data-end=\"801\"><strong data-start=\"754\" data-end=\"801\">Palaikymas organizmo vidiniams valymo procesams<\/strong><\/p>\n<p data-start=\"803\" data-end=\"1070\">NAC padeda organizmui gaminti glutation\u0105 \u2013 med\u017eiag\u0105, kuri padeda apsaugoti l\u0105steles ir palaikyti nat\u016brali\u0105 organizmo pusiausvyr\u0105. Glutationas dalyvauja \u012fvairiuose med\u017eiag\u0173 apykaitos ir valymo procesuose organizme ir yra svarbi l\u0105steli\u0173 lygmens pusiausvyros palaikymo dalis. <\/p>\n<p data-start=\"1072\" data-end=\"1100\"><strong data-start=\"1072\" data-end=\"1100\">Kasdien\u0117 parama gerovei<\/strong><\/p>\n<p data-start=\"1102\" data-end=\"1391\">\u201ePure+ NAC\u201c yra tinkamas papildas \u017emon\u0117ms, norintiems palaikyti nat\u016bral\u0173 savo organizmo geb\u0117jim\u0105 kasdien susidoroti su \u012fvairiais vidiniais ir aplinkos veiksniais. NAC gali tikti tiems, kurie retkar\u010diais jau\u010diasi i\u0161sek\u0119, gyvena \u012ftempt\u0105 gyvenim\u0105 arba ie\u0161ko subalansuotos paramos atsigavimui. <\/p>\n<h2>Kam tai tinka?<\/h2>\n<ul>\n<li data-start=\"2222\" data-end=\"2290\">Tiems, kurie nori palaikyti <b>nat\u016brali\u0105 organizmo pusiausvyr\u0105 ir atsistatym\u0105<\/b><\/li>\n<li data-start=\"2293\" data-end=\"2379\">Tiems, kurie jau\u010dia poreik\u012f palaikyti kasdien\u012f <b>kv\u0117pavimo komfort\u0105 arba bendr\u0105 lengvumo poj\u016bt\u012f<\/b><\/li>\n<li data-start=\"2382\" data-end=\"2445\">Tiems, kuri\u0173 kasdienyb\u0117 gali b\u016bti susijusi su <b>greitu tempu, nuovargiu ar aplinkos poveikiu<\/b><\/li>\n<li data-start=\"2448\" data-end=\"2525\">\u017dmon\u0117ms, besir\u016bpinantiems <b>kepen\u0173 sveikata<\/b> ir norintiems s\u0105moningai palaikyti <b>organizmo valymo procesus<\/b><\/li>\n<li data-start=\"2528\" data-end=\"2608\">Visiems, ie\u0161kantiems gryno, be pried\u0173 ir veganams tinkamo maisto papildo<\/li>\n<\/ul>\n<h2 data-start=\"1112\" data-end=\"1126\">Naudojimas<\/h2>\n<p class=\"\" data-start=\"1128\" data-end=\"1213\"><span class=\"relative -mx-px my-[-0.2rem] rounded px-px py-[0.2rem] transition-colors duration-100 ease-in-out\"><strong data-start=\"0\" data-end=\"20\" data-is-only-node=\"\">Rekomenduojama doz\u0117<\/strong> : 1\u20132 kapsul\u0117s per dien\u0105, u\u017egeriant vandeniu.<\/span><\/p>\n<p class=\"\" data-start=\"1215\" data-end=\"1300\"><span class=\"relative -mx-px my-[-0.2rem] rounded px-px py-[0.2rem] transition-colors duration-100 ease-in-out\">Nevir\u0161ykite rekomenduojamos paros doz\u0117s. Maisto papildas n\u0117ra \u012fvairios ir subalansuotos mitybos ar sveiko gyvenimo b\u016bdo pakaitalas. Laikyti vaikams nepasiekiamoje vietoje.  <\/span>\u200b<\/p>\n<h2 data-start=\"1307\" data-end=\"1322\">Ingredientai<\/h2>\n<ul data-start=\"1324\" data-end=\"1495\">\n<li class=\"\" data-start=\"1324\" data-end=\"1365\">\n<p class=\"\" data-start=\"1326\" data-end=\"1365\"><span class=\"relative -mx-px my-[-0.2rem] rounded px-px py-[0.2rem] transition-colors duration-100 ease-in-out\">N-acetilcisteinas<\/span><\/p>\n<\/li>\n<li class=\"\" data-start=\"1366\" data-end=\"1407\">\n<p class=\"\" data-start=\"1368\" data-end=\"1407\"><span class=\"relative -mx-px my-[-0.2rem] rounded px-px py-[0.2rem] transition-colors duration-100 ease-in-out\">Kapsul\u0117s apvalkalas: hidroksipropilmetilceliulioz\u0117, gelano derva<\/span><\/p>\n<\/li>\n<li class=\"\" data-start=\"1408\" data-end=\"1495\">\n<p class=\"\" data-start=\"1410\" data-end=\"1495\"><span class=\"relative -mx-px my-[-0.2rem] rounded px-px py-[0.2rem] transition-colors duration-100 ease-in-out\">U\u017epildas: mikrokristalin\u0117 celiulioz\u0117<\/span><\/p>\n<\/li>\n<\/ul>\n<h2 data-start=\"1629\" data-end=\"1645\">Maistin\u0117 vert\u0117<\/h2>\n<p class=\"\" data-start=\"1647\" data-end=\"1732\"><span class=\"relative -mx-px my-[-0.2rem] rounded px-px py-[0.2rem] transition-colors duration-100 ease-in-out\"><strong data-start=\"0\" data-end=\"21\" data-is-only-node=\"\">1 kapsul\u0117je yra<\/strong> :<\/span><\/p>\n<ul data-start=\"1734\" data-end=\"1821\">\n<li class=\"\" data-start=\"1734\" data-end=\"1821\">\n<p class=\"\" data-start=\"1736\" data-end=\"1821\"><span class=\"relative -mx-px my-[-0.2rem] rounded px-px py-[0.2rem] transition-colors duration-100 ease-in-out\">N-acetilcisteinas: 300 mg<\/span><\/p>\n<\/li>\n<\/ul>\n","protected":false},"excerpt":{"rendered":"<p data-start=\"257\" data-end=\"407\"><strong data-start=\"261\" data-end=\"405\">\u201ePure+ NAC 300 mg\u201c<\/strong> kapsul\u0117se yra N-acetilcisteino \u2013 aminor\u016bg\u0161ties, kuri dalyvauja <strong data-start=\"261\" data-end=\"405\">nat\u016bralioje organizmo pusiausvyroje ir gynybos mechanizmuose.<\/strong><\/p>\n<p data-start=\"408\" data-end=\"581\">NAC yra junginys, gaunamas i\u0161 cisteino, kur\u012f organizmas naudoja glutationui gaminti \u2013 tai nat\u016braliai organizme esanti med\u017eiaga, padedanti l\u0105stel\u0117ms palaikyti vidin\u0119 pusiausvyr\u0105.<\/p>\n<p data-start=\"583\" data-end=\"843\">NAC gali b\u016bti tinkamas pasirinkimas tiems, kurie nori palaikyti savo k\u016bno veikl\u0105 streso, met\u0173 laik\u0173 kaitos ar padid\u0117jusio darbo kr\u016bvio metu. D\u0117l savo savybi\u0173 jis taip pat tinka \u017emon\u0117ms, kurie jau\u010dia poreik\u012f palaikyti bendr\u0105 organizmo savijaut\u0105 ir valymo procesus. <\/p>\n<p data-start=\"845\" data-end=\"1012\">Produktas yra <strong data-start=\"854\" data-end=\"938\">grynas, be laktoz\u0117s, glitimo, saldikli\u0173 ar dirbtini\u0173 pried\u0173<\/strong> , tinka veganams. Paprasta vartoti \u2013 1\u20132 kapsules per dien\u0105, u\u017egeriant vandeniu. <\/p>\n","protected":false},"featured_media":357385,"comment_status":"closed","ping_status":"closed","template":"","meta":{"_acf_changed":false},"product_brand":[],"product_cat":[3490],"product_tag":[4764,3050,3023,4651,6368,6366,6367,5543],"class_list":{"0":"post-353178","1":"product","2":"type-product","3":"status-publish","4":"has-post-thumbnail","6":"product_cat-aminorugstys","7":"product_tag-antioksidantas-lt","8":"product_tag-imunines-sistemos-palaikymas","9":"product_tag-imunitetas","10":"product_tag-kepenu-sveikata","11":"product_tag-kvepavimo-taku-sveikata","12":"product_tag-n-acetilcisteinas","13":"product_tag-siaures-airijos-regionas","14":"product_tag-veganiskas-maisto-papildas","16":"first","17":"instock","18":"featured","19":"taxable","20":"shipping-taxable","21":"purchasable","22":"product-type-simple"},"acf":[],"yoast_head":"<!-- This site is optimized with the Yoast SEO plugin v27.1.1 - https:\/\/yoast.com\/product\/yoast-seo-wordpress\/ -->\n<title>NAC N-acetilcisteinas 300 mg 60 kapsuli\u0173 - Puhdas+<\/title>\n<meta name=\"description\" content=\"Veiksmingas NAC papildas kepen\u0173, kv\u0117pavimo tak\u0173 ir antioksidacinei apsaugai. Glutationo palaikymas ir nat\u016bralus valymas i\u0161 vidaus. Taip pat tinka veganams.\" \/>\n<meta name=\"robots\" content=\"noindex, follow, max-snippet:-1, max-image-preview:large, max-video-preview:-1\" \/>\n<meta property=\"og:locale\" content=\"lt_LT\" \/>\n<meta property=\"og:type\" content=\"article\" \/>\n<meta property=\"og:title\" content=\"NAC N-acetilcisteinas 300 mg 60 kapsuli\u0173 - Puhdas+\" \/>\n<meta property=\"og:description\" content=\"Veiksmingas NAC papildas kepen\u0173, kv\u0117pavimo tak\u0173 ir antioksidacinei apsaugai. Glutationo palaikymas ir nat\u016bralus valymas i\u0161 vidaus. Taip pat tinka veganams.\" \/>\n<meta property=\"og:url\" content=\"https:\/\/test.puhdasplus.ee\/lt\/tooted\/aminorugstys\/nac-n-acetilcisteinas-300-mg-60-kapsuliu\/\" \/>\n<meta property=\"og:site_name\" content=\"Puhdas+\" \/>\n<meta property=\"article:publisher\" content=\"https:\/\/www.facebook.com\/puhdasplus\" \/>\n<meta property=\"article:modified_time\" content=\"2026-03-10T12:24:28+00:00\" \/>\n<meta property=\"og:image\" content=\"https:\/\/test.puhdasplus.ee\/wp-content\/uploads\/2020\/04\/NAC-60-KAPSLIT-puhdasPlus-scaled.jpg\" \/>\n\t<meta property=\"og:image:width\" content=\"1862\" \/>\n\t<meta property=\"og:image:height\" content=\"2560\" \/>\n\t<meta property=\"og:image:type\" content=\"image\/jpeg\" \/>\n<meta name=\"twitter:card\" content=\"summary_large_image\" \/>\n<meta name=\"twitter:label1\" content=\"Est. reading time\" \/>\n\t<meta name=\"twitter:data1\" content=\"1 minut\u0117\" \/>\n<script type=\"application\/ld+json\" class=\"yoast-schema-graph\">{\"@context\":\"https:\/\/schema.org\",\"@graph\":[{\"@type\":\"WebPage\",\"@id\":\"https:\/\/test.puhdasplus.ee\/lt\/tooted\/aminorugstys\/nac-n-acetilcisteinas-300-mg-60-kapsuliu\/\",\"url\":\"https:\/\/test.puhdasplus.ee\/lt\/tooted\/aminorugstys\/nac-n-acetilcisteinas-300-mg-60-kapsuliu\/\",\"name\":\"NAC N-acetilcisteinas 300 mg 60 kapsuli\u0173 - Puhdas+\",\"isPartOf\":{\"@id\":\"https:\/\/test.puhdasplus.ee\/lt\/#website\"},\"primaryImageOfPage\":{\"@id\":\"https:\/\/test.puhdasplus.ee\/lt\/tooted\/aminorugstys\/nac-n-acetilcisteinas-300-mg-60-kapsuliu\/#primaryimage\"},\"image\":{\"@id\":\"https:\/\/test.puhdasplus.ee\/lt\/tooted\/aminorugstys\/nac-n-acetilcisteinas-300-mg-60-kapsuliu\/#primaryimage\"},\"thumbnailUrl\":\"https:\/\/test.puhdasplus.ee\/wp-content\/uploads\/2020\/04\/NAC-60-KAPSLIT-puhdasPlus-scaled.jpg\",\"datePublished\":\"2020-04-27T16:31:38+00:00\",\"dateModified\":\"2026-03-10T12:24:28+00:00\",\"description\":\"Veiksmingas NAC papildas kepen\u0173, kv\u0117pavimo tak\u0173 ir antioksidacinei apsaugai. Glutationo palaikymas ir nat\u016bralus valymas i\u0161 vidaus. Taip pat tinka veganams.\",\"breadcrumb\":{\"@id\":\"https:\/\/test.puhdasplus.ee\/lt\/tooted\/aminorugstys\/nac-n-acetilcisteinas-300-mg-60-kapsuliu\/#breadcrumb\"},\"inLanguage\":\"lt-LT\",\"potentialAction\":[{\"@type\":\"ReadAction\",\"target\":[\"https:\/\/test.puhdasplus.ee\/lt\/tooted\/aminorugstys\/nac-n-acetilcisteinas-300-mg-60-kapsuliu\/\"]}]},{\"@type\":\"ImageObject\",\"inLanguage\":\"lt-LT\",\"@id\":\"https:\/\/test.puhdasplus.ee\/lt\/tooted\/aminorugstys\/nac-n-acetilcisteinas-300-mg-60-kapsuliu\/#primaryimage\",\"url\":\"https:\/\/test.puhdasplus.ee\/wp-content\/uploads\/2020\/04\/NAC-60-KAPSLIT-puhdasPlus-scaled.jpg\",\"contentUrl\":\"https:\/\/test.puhdasplus.ee\/wp-content\/uploads\/2020\/04\/NAC-60-KAPSLIT-puhdasPlus-scaled.jpg\",\"width\":1862,\"height\":2560,\"caption\":\"NAC 300 mg 60 kapsuli\u0173 PuhdasPlus\"},{\"@type\":\"BreadcrumbList\",\"@id\":\"https:\/\/test.puhdasplus.ee\/lt\/tooted\/aminorugstys\/nac-n-acetilcisteinas-300-mg-60-kapsuliu\/#breadcrumb\",\"itemListElement\":[{\"@type\":\"ListItem\",\"position\":1,\"name\":\"Prad\u017eia\",\"item\":\"https:\/\/test.puhdasplus.ee\/lt\/\"},{\"@type\":\"ListItem\",\"position\":2,\"name\":\"Produktai\",\"item\":\"https:\/\/test.puhdasplus.ee\/lt\/parduotuve\/\"},{\"@type\":\"ListItem\",\"position\":3,\"name\":\"NAC N-acetilcisteinas 300 mg 60 kapsuli\u0173\"}]},{\"@type\":\"WebSite\",\"@id\":\"https:\/\/test.puhdasplus.ee\/lt\/#website\",\"url\":\"https:\/\/test.puhdasplus.ee\/lt\/\",\"name\":\"Puhdas+\",\"description\":\"Vitamiinid, Toidulisandid, looduskosmeetika, tervis, sport\",\"publisher\":{\"@id\":\"https:\/\/test.puhdasplus.ee\/lt\/#organization\"},\"potentialAction\":[{\"@type\":\"SearchAction\",\"target\":{\"@type\":\"EntryPoint\",\"urlTemplate\":\"https:\/\/test.puhdasplus.ee\/lt\/?s={search_term_string}\"},\"query-input\":{\"@type\":\"PropertyValueSpecification\",\"valueRequired\":true,\"valueName\":\"search_term_string\"}}],\"inLanguage\":\"lt-LT\"},{\"@type\":\"Organization\",\"@id\":\"https:\/\/test.puhdasplus.ee\/lt\/#organization\",\"name\":\"Puhdas+\",\"alternateName\":\"Puhdasplus\",\"url\":\"https:\/\/test.puhdasplus.ee\/lt\/\",\"logo\":{\"@type\":\"ImageObject\",\"inLanguage\":\"lt-LT\",\"@id\":\"https:\/\/test.puhdasplus.ee\/lt\/#\/schema\/logo\/image\/\",\"url\":\"https:\/\/test.puhdasplus.ee\/\/wp-content\/uploads\/2019\/10\/puhdas_logo-arvele.png\",\"contentUrl\":\"https:\/\/test.puhdasplus.ee\/\/wp-content\/uploads\/2019\/10\/puhdas_logo-arvele.png\",\"width\":114,\"height\":94,\"caption\":\"Puhdas+\"},\"image\":{\"@id\":\"https:\/\/test.puhdasplus.ee\/lt\/#\/schema\/logo\/image\/\"},\"sameAs\":[\"https:\/\/www.facebook.com\/puhdasplus\",\"https:\/\/www.instagram.com\/puhdasplus_ee\/\"]}]}<\/script>\n<!-- \/ Yoast SEO plugin. -->","yoast_head_json":{"title":"NAC N-acetilcisteinas 300 mg 60 kapsuli\u0173 - Puhdas+","description":"Veiksmingas NAC papildas kepen\u0173, kv\u0117pavimo tak\u0173 ir antioksidacinei apsaugai. Glutationo palaikymas ir nat\u016bralus valymas i\u0161 vidaus. Taip pat tinka veganams.","robots":{"index":"noindex","follow":"follow","max-snippet":"max-snippet:-1","max-image-preview":"max-image-preview:large","max-video-preview":"max-video-preview:-1"},"og_locale":"lt_LT","og_type":"article","og_title":"NAC N-acetilcisteinas 300 mg 60 kapsuli\u0173 - Puhdas+","og_description":"Veiksmingas NAC papildas kepen\u0173, kv\u0117pavimo tak\u0173 ir antioksidacinei apsaugai. Glutationo palaikymas ir nat\u016bralus valymas i\u0161 vidaus. Taip pat tinka veganams.","og_url":"https:\/\/test.puhdasplus.ee\/lt\/tooted\/aminorugstys\/nac-n-acetilcisteinas-300-mg-60-kapsuliu\/","og_site_name":"Puhdas+","article_publisher":"https:\/\/www.facebook.com\/puhdasplus","article_modified_time":"2026-03-10T12:24:28+00:00","og_image":[{"width":1862,"height":2560,"url":"https:\/\/test.puhdasplus.ee\/wp-content\/uploads\/2020\/04\/NAC-60-KAPSLIT-puhdasPlus-scaled.jpg","type":"image\/jpeg"}],"twitter_card":"summary_large_image","twitter_misc":{"Est. reading time":"1 minut\u0117"},"schema":{"@context":"https:\/\/schema.org","@graph":[{"@type":"WebPage","@id":"https:\/\/test.puhdasplus.ee\/lt\/tooted\/aminorugstys\/nac-n-acetilcisteinas-300-mg-60-kapsuliu\/","url":"https:\/\/test.puhdasplus.ee\/lt\/tooted\/aminorugstys\/nac-n-acetilcisteinas-300-mg-60-kapsuliu\/","name":"NAC N-acetilcisteinas 300 mg 60 kapsuli\u0173 - Puhdas+","isPartOf":{"@id":"https:\/\/test.puhdasplus.ee\/lt\/#website"},"primaryImageOfPage":{"@id":"https:\/\/test.puhdasplus.ee\/lt\/tooted\/aminorugstys\/nac-n-acetilcisteinas-300-mg-60-kapsuliu\/#primaryimage"},"image":{"@id":"https:\/\/test.puhdasplus.ee\/lt\/tooted\/aminorugstys\/nac-n-acetilcisteinas-300-mg-60-kapsuliu\/#primaryimage"},"thumbnailUrl":"https:\/\/test.puhdasplus.ee\/wp-content\/uploads\/2020\/04\/NAC-60-KAPSLIT-puhdasPlus-scaled.jpg","datePublished":"2020-04-27T16:31:38+00:00","dateModified":"2026-03-10T12:24:28+00:00","description":"Veiksmingas NAC papildas kepen\u0173, kv\u0117pavimo tak\u0173 ir antioksidacinei apsaugai. Glutationo palaikymas ir nat\u016bralus valymas i\u0161 vidaus. Taip pat tinka veganams.","breadcrumb":{"@id":"https:\/\/test.puhdasplus.ee\/lt\/tooted\/aminorugstys\/nac-n-acetilcisteinas-300-mg-60-kapsuliu\/#breadcrumb"},"inLanguage":"lt-LT","potentialAction":[{"@type":"ReadAction","target":["https:\/\/test.puhdasplus.ee\/lt\/tooted\/aminorugstys\/nac-n-acetilcisteinas-300-mg-60-kapsuliu\/"]}]},{"@type":"ImageObject","inLanguage":"lt-LT","@id":"https:\/\/test.puhdasplus.ee\/lt\/tooted\/aminorugstys\/nac-n-acetilcisteinas-300-mg-60-kapsuliu\/#primaryimage","url":"https:\/\/test.puhdasplus.ee\/wp-content\/uploads\/2020\/04\/NAC-60-KAPSLIT-puhdasPlus-scaled.jpg","contentUrl":"https:\/\/test.puhdasplus.ee\/wp-content\/uploads\/2020\/04\/NAC-60-KAPSLIT-puhdasPlus-scaled.jpg","width":1862,"height":2560,"caption":"NAC 300 mg 60 kapsuli\u0173 PuhdasPlus"},{"@type":"BreadcrumbList","@id":"https:\/\/test.puhdasplus.ee\/lt\/tooted\/aminorugstys\/nac-n-acetilcisteinas-300-mg-60-kapsuliu\/#breadcrumb","itemListElement":[{"@type":"ListItem","position":1,"name":"Prad\u017eia","item":"https:\/\/test.puhdasplus.ee\/lt\/"},{"@type":"ListItem","position":2,"name":"Produktai","item":"https:\/\/test.puhdasplus.ee\/lt\/parduotuve\/"},{"@type":"ListItem","position":3,"name":"NAC N-acetilcisteinas 300 mg 60 kapsuli\u0173"}]},{"@type":"WebSite","@id":"https:\/\/test.puhdasplus.ee\/lt\/#website","url":"https:\/\/test.puhdasplus.ee\/lt\/","name":"Puhdas+","description":"Vitamiinid, Toidulisandid, looduskosmeetika, tervis, sport","publisher":{"@id":"https:\/\/test.puhdasplus.ee\/lt\/#organization"},"potentialAction":[{"@type":"SearchAction","target":{"@type":"EntryPoint","urlTemplate":"https:\/\/test.puhdasplus.ee\/lt\/?s={search_term_string}"},"query-input":{"@type":"PropertyValueSpecification","valueRequired":true,"valueName":"search_term_string"}}],"inLanguage":"lt-LT"},{"@type":"Organization","@id":"https:\/\/test.puhdasplus.ee\/lt\/#organization","name":"Puhdas+","alternateName":"Puhdasplus","url":"https:\/\/test.puhdasplus.ee\/lt\/","logo":{"@type":"ImageObject","inLanguage":"lt-LT","@id":"https:\/\/test.puhdasplus.ee\/lt\/#\/schema\/logo\/image\/","url":"https:\/\/test.puhdasplus.ee\/\/wp-content\/uploads\/2019\/10\/puhdas_logo-arvele.png","contentUrl":"https:\/\/test.puhdasplus.ee\/\/wp-content\/uploads\/2019\/10\/puhdas_logo-arvele.png","width":114,"height":94,"caption":"Puhdas+"},"image":{"@id":"https:\/\/test.puhdasplus.ee\/lt\/#\/schema\/logo\/image\/"},"sameAs":["https:\/\/www.facebook.com\/puhdasplus","https:\/\/www.instagram.com\/puhdasplus_ee\/"]}]}},"_links":{"self":[{"href":"https:\/\/test.puhdasplus.ee\/lt\/wp-json\/wp\/v2\/product\/353178","targetHints":{"allow":["GET"]}}],"collection":[{"href":"https:\/\/test.puhdasplus.ee\/lt\/wp-json\/wp\/v2\/product"}],"about":[{"href":"https:\/\/test.puhdasplus.ee\/lt\/wp-json\/wp\/v2\/types\/product"}],"replies":[{"embeddable":true,"href":"https:\/\/test.puhdasplus.ee\/lt\/wp-json\/wp\/v2\/comments?post=353178"}],"wp:featuredmedia":[{"embeddable":true,"href":"https:\/\/test.puhdasplus.ee\/lt\/wp-json\/wp\/v2\/media\/357385"}],"wp:attachment":[{"href":"https:\/\/test.puhdasplus.ee\/lt\/wp-json\/wp\/v2\/media?parent=353178"}],"wp:term":[{"taxonomy":"product_brand","embeddable":true,"href":"https:\/\/test.puhdasplus.ee\/lt\/wp-json\/wp\/v2\/product_brand?post=353178"},{"taxonomy":"product_cat","embeddable":true,"href":"https:\/\/test.puhdasplus.ee\/lt\/wp-json\/wp\/v2\/product_cat?post=353178"},{"taxonomy":"product_tag","embeddable":true,"href":"https:\/\/test.puhdasplus.ee\/lt\/wp-json\/wp\/v2\/product_tag?post=353178"}],"curies":[{"name":"wp","href":"https:\/\/api.w.org\/{rel}","templated":true}]}}