{"id":353145,"date":"2019-12-06T20:03:40","date_gmt":"2019-12-06T18:03:40","guid":{"rendered":"https:\/\/test.puhdasplus.ee\/\/tooted\/be-kategorijos\/akacijos-pluostas-200-g\/"},"modified":"2026-03-10T14:39:11","modified_gmt":"2026-03-10T12:39:11","slug":"akacijos-pluostas-200-g","status":"publish","type":"product","link":"https:\/\/test.puhdasplus.ee\/lt\/tooted\/specialus-pasiulymai\/akacijos-pluostas-200-g\/","title":{"rendered":"Akacijos pluo\u0161tas 200 g"},"content":{"rendered":"<h2 data-start=\"252\" data-end=\"364\"><span class=\"relative -mx-px my-[-0.2rem] rounded px-px py-[0.2rem] transition-colors duration-100 ease-in-out\">Kas yra<\/span> \u201ePure+\u201c akacij\u0173 pluo\u0161tas?<\/h2>\n<p class=\"\" data-start=\"252\" data-end=\"364\"><span class=\"relative -mx-px my-[-0.2rem] rounded px-px py-[0.2rem] transition-colors duration-100 ease-in-out\">\u201ePure+ Acacia Fiber\u201c yra 100 % nat\u016bralus, vandenyje tirpus pluo\u0161tas, gaunamas i\u0161 akacijos med\u017eio (Acacia senegal) dervos.  <\/span>\u0160is maisto papildas skirtas papildyti kasdien\u012f skaidul\u0173 suvartojim\u0105, kuris prisideda prie normalaus vir\u0161kinimo funkcionavimo.<\/p>\n<p class=\"\" data-start=\"366\" data-end=\"482\"><span class=\"relative -mx-px my-[-0.2rem] rounded px-px py-[0.2rem] transition-colors duration-100 ease-in-out\">Akacijos pluo\u0161tas yra \u0161velnaus skonio ir gerai mai\u0161osi su skys\u010diais, nei\u0161brinkdamas ir nekeisdamas g\u0117rimo tekst\u016bros.<\/span> <span class=\"relative -mx-px my-[-0.2rem] rounded px-px py-[0.2rem] transition-colors duration-100 ease-in-out\">D\u0117l \u0161ios savyb\u0117s jis idealiai tinka kokteiliams, sultims arba tiesiog mai\u0161yti su vandeniu.<\/span><\/p>\n<h2 class=\"\" data-start=\"148\" data-end=\"188\">Kod\u0117l \u201ePure+ Acacia Fiber\u201c yra naudingas?<\/h2>\n<h3 class=\"\" data-start=\"190\" data-end=\"233\">1. \u0160velni, bet veiksminga vir\u0161kinimo parama<\/h3>\n<p class=\"\" data-start=\"234\" data-end=\"640\">Akacijos pluo\u0161tas yra nat\u016braliai vandenyje tirpus pluo\u0161tas, kuris nedirgina vir\u0161kinamojo trakto ir nesukelia pilvo p\u016btimo, tod\u0117l puikiai tinka \u017emon\u0117ms su jautria vir\u0161kinimo sistema. Skirtingai nuo kai kuri\u0173 kit\u0173 pluo\u0161t\u0173, jis nebrinksta skrandyje ir nesukelia diskomforto. D\u0117l to akacijos pluo\u0161tas yra saugus ir lengvai toleruojamas kasdieniam vartojimui \u2013 net ir \u017emon\u0117ms, kurie tik pradeda \u012ftraukti skaidul\u0173 \u012f savo mityb\u0105.  <\/p>\n<h3 class=\"\" data-start=\"642\" data-end=\"708\">2. \u017darnyno mikrobiomo palaikymas (prebiotinis poveikis)<\/h3>\n<p class=\"p1\">Akacijos skaidulos veikia kaip prebiotikas, apr\u016bpinan\u010dios maistu naudingoms \u017earnyno bakterijoms. Reguliarus vartojimas padeda palaikyti mikrobiomo pusiausvyr\u0105 ir normali\u0105 vir\u0161kinimo funkcij\u0105. Keletas tyrim\u0173 parod\u0117, kad akacijos skaidulos gali pad\u0117ti padidinti, pavyzd\u017eiui, bifidobakterij\u0173 ir laktobacil\u0173 skai\u010di\u0173 \u017earnyne.  <\/p>\n<h3 class=\"\" data-start=\"1207\" data-end=\"1266\">3. Skaidul\u0173 \u0161altinis subalansuotai mitybai<\/h3>\n<p class=\"\" data-start=\"1267\" data-end=\"1553\">Daugelis \u017emoni\u0173 negauna pakankamai skaidul\u0173 su maistu. Akacij\u0173 skaidulos yra puikus, neutralaus skonio papildas, padedantis nat\u016braliai padidinti dienos skaidul\u0173 suvartojim\u0105. Jos puikiai tinka \u012fmai\u0161yti \u012f vanden\u012f, sultis, kokteilius ar maist\u0105, nekei\u010diant maisto skonio ar tekst\u016bros.  <\/p>\n<h3 class=\"\" data-start=\"1555\" data-end=\"1640\">4. Gali pad\u0117ti palaikyti normal\u0173 cholesterolio kiek\u012f ir cukraus kiek\u012f kraujyje<\/h3>\n<p class=\"p1\">Vandenyje tirpios skaidulos gali pad\u0117ti palaikyti normal\u0173 cholesterolio kiek\u012f, jei laikomasi subalansuotos mitybos. Nors tai n\u0117ra vaistas, tai naudingas papildas \u017emon\u0117ms, norintiems palaikyti med\u017eiag\u0173 apykait\u0105 ir \u0161irdies bei kraujagysli\u0173 sveikat\u0105, laikantis sveikos gyvensenos. <\/p>\n<h3 class=\"\" data-start=\"2005\" data-end=\"2080\">5. Taip pat tinka jautriam vir\u0161kinimui ir \u012fvairiems mitybos stiliams<\/h3>\n<p class=\"\" data-start=\"2081\" data-end=\"2411\">\u201ePure+ Acacia Fiber\u201c sud\u0117tyje n\u0117ra glitimo, laktoz\u0117s, saldikli\u0173 ar dirbtini\u0173 pried\u0173. Tinka veganams, vegetarams, besilaikantiems dietos su ma\u017eu FODMAP kiekiu, taip pat tiems, kurie netoleruoja tam tikr\u0173 maisto produkt\u0173 ar turi jautri\u0105 \u017earnyn\u0105. D\u0117l grynos ir \u0161velnios sud\u0117ties akacij\u0173 skaidulas galima vartoti ilg\u0105 laik\u0105 be \u0161alutinio poveikio.  <\/p>\n<h2 data-start=\"484\" data-end=\"499\">Ingredientai<\/h2>\n<p class=\"\" data-start=\"501\" data-end=\"579\"><span class=\"relative -mx-px my-[-0.2rem] rounded px-px py-[0.2rem] transition-colors duration-100 ease-in-out\">100 % akacijos pluo\u0161to.<\/span><\/p>\n<p class=\"\" data-start=\"581\" data-end=\"699\"><span class=\"relative -mx-px my-[-0.2rem] rounded px-px py-[0.2rem] transition-colors duration-100 ease-in-out\">Produkte n\u0117ra laktoz\u0117s, mieli\u0173, glitimo, druskos, kukur\u016bz\u0173, sojos ar saldikli\u0173.<\/span> <span class=\"relative -mx-px my-[-0.2rem] rounded px-px py-[0.2rem] transition-colors duration-100 ease-in-out\">Tinka vegetarams ir veganams.<\/span><\/p>\n<h2 data-start=\"701\" data-end=\"717\">Maistin\u0117 vert\u0117<\/h2>\n<p class=\"\" data-start=\"719\" data-end=\"797\"><span class=\"relative -mx-px my-[-0.2rem] rounded px-px py-[0.2rem] transition-colors duration-100 ease-in-out\">Rekomenduojama paros doz\u0117 (1 valgomasis \u0161auk\u0161tas) apima:<\/span><\/p>\n<ul data-start=\"799\" data-end=\"923\">\n<li class=\"\" data-start=\"799\" data-end=\"923\">\n<p class=\"\" data-start=\"801\" data-end=\"840\"><span class=\"relative -mx-px my-[-0.2rem] rounded px-px py-[0.2rem] transition-colors duration-100 ease-in-out\">Akacijos pluo\u0161tas: 6,5 g<\/span><\/p>\n<ul data-start=\"843\" data-end=\"923\">\n<li class=\"\" data-start=\"843\" data-end=\"923\">\n<p class=\"\" data-start=\"845\" data-end=\"923\"><span class=\"relative -mx-px my-[-0.2rem] rounded px-px py-[0.2rem] transition-colors duration-100 ease-in-out\">i\u0161 kuri\u0173 skaidul\u0173: 6 g<\/span><\/p>\n<\/li>\n<\/ul>\n<\/li>\n<\/ul>\n<h2 data-start=\"925\" data-end=\"939\">Naudojimas<\/h2>\n<p class=\"\" data-start=\"941\" data-end=\"1139\"><span class=\"relative -mx-px my-[-0.2rem] rounded px-px py-[0.2rem] transition-colors duration-100 ease-in-out\">Suaugusiesiems: 1 valgomasis \u0161auk\u0161tas per dien\u0105.<\/span> <span class=\"relative -mx-px my-[-0.2rem] rounded px-px py-[0.2rem] transition-colors duration-100 ease-in-out\">\u012emai\u0161ykite \u012f nedidel\u012f kiek\u012f vandens arba \u012fmai\u0161ykite \u012f kokteil\u012f.<\/span> <span class=\"relative -mx-px my-[-0.2rem] rounded px-px py-[0.2rem] transition-colors duration-100 ease-in-out\">Rekomenduojama produkt\u0105 vartoti ma\u017edaug 30 minu\u010di\u0173 prie\u0161 valg\u012f.<\/span> <span class=\"relative -mx-px my-[-0.2rem] rounded px-px py-[0.2rem] transition-colors duration-100 ease-in-out\">Rekomenduojama skaidul\u0173 suvartojim\u0105 keisti kiekvien\u0105 savait\u0119, naudojant papildomus papildus, tokius kaip obuoli\u0173 pektinas ar gyslotis.<\/span><\/p>\n<h2 data-start=\"1141\" data-end=\"1157\">Svarbi informacija<\/h2>\n<ul data-start=\"1159\" data-end=\"1365\">\n<li class=\"\" data-start=\"1159\" data-end=\"1200\">\n<p class=\"\" data-start=\"1161\" data-end=\"1200\"><span class=\"relative -mx-px my-[-0.2rem] rounded px-px py-[0.2rem] transition-colors duration-100 ease-in-out\">Nevir\u0161ykite rekomenduojamos paros doz\u0117s.<\/span><\/p>\n<\/li>\n<li class=\"\" data-start=\"1201\" data-end=\"1242\">\n<p class=\"\" data-start=\"1203\" data-end=\"1242\"><span class=\"relative -mx-px my-[-0.2rem] rounded px-px py-[0.2rem] transition-colors duration-100 ease-in-out\">Maisto papildas nepakei\u010dia \u012fvairios ir subalansuotos mitybos ar sveiko gyvenimo b\u016bdo.<\/span><\/p>\n<\/li>\n<li class=\"\" data-start=\"1243\" data-end=\"1284\">\n<p class=\"\" data-start=\"1245\" data-end=\"1284\"><span class=\"relative -mx-px my-[-0.2rem] rounded px-px py-[0.2rem] transition-colors duration-100 ease-in-out\">Laikyti vaikams nepasiekiamoje vietoje.<\/span><\/p>\n<\/li>\n<li class=\"\" data-start=\"1285\" data-end=\"1365\">\n<p class=\"\" data-start=\"1287\" data-end=\"1365\"><span class=\"relative -mx-px my-[-0.2rem] rounded px-px py-[0.2rem] transition-colors duration-100 ease-in-out\">Laikyti sausoje ir v\u0117sioje vietoje, originalioje pakuot\u0117je.<\/span><\/p>\n<\/li>\n<\/ul>\n<h2 data-start=\"1367\" data-end=\"1385\">Pakuot\u0117s dydis<\/h2>\n<p class=\"\" data-start=\"1387\" data-end=\"1431\">200 g<\/p>\n","protected":false},"excerpt":{"rendered":"<p class=\"p1\"><b>\u201ePure+ Acacia Fiber\u201c \u2013 puikus pasirinkimas \u017emon\u0117ms, norintiems nat\u016braliai ir \u0161velniai r\u016bpintis savo vir\u0161kinimu ir bendra savijauta. Tai 100 % nat\u016brali, vandenyje tirpi skaidula, gauta i\u0161 akacijos med\u017eio (Acacia senegal) dervos. \u0160i skaidula ypa\u010d vertinama d\u0117l \u0161velnaus poveikio ir puikaus toleravimo \u2013 skirtingai nei kai kurie kiti skaidul\u0173 \u0161altiniai, ji nesukelia viduri\u0173 p\u016btimo ar diskomforto, tod\u0117l puikiai tinka \u017emon\u0117ms, turintiems jautri\u0105 vir\u0161kinim\u0105.  <\/b><b><\/b><\/p>\n<p class=\"p3\">Akacijos skaidulos veikia kaip prebiotikas, apr\u016bpinan\u010dios maistu naudingoms \u017earnyno bakterijoms ir padedan\u010dios palaikyti subalansuot\u0105 mikrobiom\u0105. Subalansuota mikrobioma yra svarbi vir\u0161kinimui ir bendrai gerovei. Reguliarus akacijos skaidul\u0173 vartojimas gali palaikyti nauding\u0173 \u017earnyno bakterij\u0173 pusiausvyr\u0105.  <\/p>\n<p class=\"p3\">Akacij\u0173 skaidulos padeda palaikyti normal\u0173 vir\u0161kinim\u0105 ir reguliari\u0105 tu\u0161tinim\u0105si. Vandenyje tirpios skaidulos, laikantis sveikos mitybos, gali pad\u0117ti palaikyti normal\u0173 cholesterolio kiek\u012f. <\/p>\n<p class=\"p1\"><b>\u201ePure+ Acacia Fiber\u201c yra neutralaus skonio ir lengvai \u012fmai\u0161omas \u012f vanden\u012f, sultis ar kokteilius \u2013 jis nekei\u010dia maisto skonio ar tekst\u016bros, tod\u0117l j\u012f lengva \u012ftraukti \u012f savo kasdien\u0119 mityb\u0105. Kadangi produkte n\u0117ra glitimo, laktoz\u0117s, mieli\u0173, cukraus ar kit\u0173 dirbtini\u0173 med\u017eiag\u0173, jis taip pat tinka alergi\u0161kiems \u017emon\u0117ms, veganams ir \u017emon\u0117ms, besilaikantiems jautrios ar ribojan\u010dios dietos (pvz., FODMAP dietos). <\/b><b><\/b><\/p>\n<p>&nbsp;<\/p>\n","protected":false},"featured_media":353148,"comment_status":"closed","ping_status":"closed","template":"","meta":{"_acf_changed":false},"product_brand":[],"product_cat":[3049,3318],"product_tag":[6349,3320,4873,2967,3858,3941,3323],"class_list":{"0":"post-353145","1":"product","2":"type-product","3":"status-publish","4":"has-post-thumbnail","6":"product_cat-specialus-pasiulymai","7":"product_cat-virskinimas-ir-medziagu-apykaita","8":"product_tag-akacijos-pluostai","9":"product_tag-be-glitimo","10":"product_tag-pluostas-lt","11":"product_tag-veganas","12":"product_tag-virskinimas","13":"product_tag-virskinimas-ir-medziagu-apykaita-lt","14":"product_tag-virskinimo-trakto-sveikata","16":"first","17":"instock","18":"sale","19":"featured","20":"taxable","21":"shipping-taxable","22":"purchasable","23":"product-type-simple"},"acf":[],"yoast_head":"<!-- This site is optimized with the Yoast SEO plugin v27.1.1 - https:\/\/yoast.com\/product\/yoast-seo-wordpress\/ -->\n<title>Akacijos pluo\u0161tas 200 g - Puhdas+<\/title>\n<meta name=\"description\" content=\"Akacijos skaidulos 200 g \u2013 nat\u016bralios begliuten\u0117s skaidulos vir\u0161kinimui palaikyti. Neutralaus skonio, lengvai mai\u0161omos, tinka veganams.\" \/>\n<meta name=\"robots\" content=\"noindex, follow, max-snippet:-1, max-image-preview:large, max-video-preview:-1\" \/>\n<meta property=\"og:locale\" content=\"lt_LT\" \/>\n<meta property=\"og:type\" content=\"article\" \/>\n<meta property=\"og:title\" content=\"Akacijos pluo\u0161tas 200 g - Puhdas+\" \/>\n<meta property=\"og:description\" content=\"Akacijos skaidulos 200 g \u2013 nat\u016bralios begliuten\u0117s skaidulos vir\u0161kinimui palaikyti. Neutralaus skonio, lengvai mai\u0161omos, tinka veganams.\" \/>\n<meta property=\"og:url\" content=\"https:\/\/test.puhdasplus.ee\/lt\/tooted\/specialus-pasiulymai\/akacijos-pluostas-200-g\/\" \/>\n<meta property=\"og:site_name\" content=\"Puhdas+\" \/>\n<meta property=\"article:publisher\" content=\"https:\/\/www.facebook.com\/puhdasplus\" \/>\n<meta property=\"article:modified_time\" content=\"2026-03-10T12:39:11+00:00\" \/>\n<meta property=\"og:image\" content=\"https:\/\/test.puhdasplus.ee\/wp-content\/uploads\/2025\/03\/45.jpg\" \/>\n\t<meta property=\"og:image:width\" content=\"1862\" \/>\n\t<meta property=\"og:image:height\" content=\"2560\" \/>\n\t<meta property=\"og:image:type\" content=\"image\/jpeg\" \/>\n<meta name=\"twitter:card\" content=\"summary_large_image\" \/>\n<meta name=\"twitter:label1\" content=\"Est. reading time\" \/>\n\t<meta name=\"twitter:data1\" content=\"2 minut\u0117\" \/>\n<script type=\"application\/ld+json\" class=\"yoast-schema-graph\">{\"@context\":\"https:\/\/schema.org\",\"@graph\":[{\"@type\":\"WebPage\",\"@id\":\"https:\/\/test.puhdasplus.ee\/lt\/tooted\/specialus-pasiulymai\/akacijos-pluostas-200-g\/\",\"url\":\"https:\/\/test.puhdasplus.ee\/lt\/tooted\/specialus-pasiulymai\/akacijos-pluostas-200-g\/\",\"name\":\"Akacijos pluo\u0161tas 200 g - Puhdas+\",\"isPartOf\":{\"@id\":\"https:\/\/test.puhdasplus.ee\/lt\/#website\"},\"primaryImageOfPage\":{\"@id\":\"https:\/\/test.puhdasplus.ee\/lt\/tooted\/specialus-pasiulymai\/akacijos-pluostas-200-g\/#primaryimage\"},\"image\":{\"@id\":\"https:\/\/test.puhdasplus.ee\/lt\/tooted\/specialus-pasiulymai\/akacijos-pluostas-200-g\/#primaryimage\"},\"thumbnailUrl\":\"https:\/\/test.puhdasplus.ee\/wp-content\/uploads\/2025\/03\/45.jpg\",\"datePublished\":\"2019-12-06T18:03:40+00:00\",\"dateModified\":\"2026-03-10T12:39:11+00:00\",\"description\":\"Akacijos skaidulos 200 g \u2013 nat\u016bralios begliuten\u0117s skaidulos vir\u0161kinimui palaikyti. Neutralaus skonio, lengvai mai\u0161omos, tinka veganams.\",\"breadcrumb\":{\"@id\":\"https:\/\/test.puhdasplus.ee\/lt\/tooted\/specialus-pasiulymai\/akacijos-pluostas-200-g\/#breadcrumb\"},\"inLanguage\":\"lt-LT\",\"potentialAction\":[{\"@type\":\"ReadAction\",\"target\":[\"https:\/\/test.puhdasplus.ee\/lt\/tooted\/specialus-pasiulymai\/akacijos-pluostas-200-g\/\"]}]},{\"@type\":\"ImageObject\",\"inLanguage\":\"lt-LT\",\"@id\":\"https:\/\/test.puhdasplus.ee\/lt\/tooted\/specialus-pasiulymai\/akacijos-pluostas-200-g\/#primaryimage\",\"url\":\"https:\/\/test.puhdasplus.ee\/wp-content\/uploads\/2025\/03\/45.jpg\",\"contentUrl\":\"https:\/\/test.puhdasplus.ee\/wp-content\/uploads\/2025\/03\/45.jpg\",\"width\":1862,\"height\":2560,\"caption\":\"Akacijos pluo\u0161tas (Acacia seyal) 200g\"},{\"@type\":\"BreadcrumbList\",\"@id\":\"https:\/\/test.puhdasplus.ee\/lt\/tooted\/specialus-pasiulymai\/akacijos-pluostas-200-g\/#breadcrumb\",\"itemListElement\":[{\"@type\":\"ListItem\",\"position\":1,\"name\":\"Prad\u017eia\",\"item\":\"https:\/\/test.puhdasplus.ee\/lt\/\"},{\"@type\":\"ListItem\",\"position\":2,\"name\":\"Produktai\",\"item\":\"https:\/\/test.puhdasplus.ee\/lt\/parduotuve\/\"},{\"@type\":\"ListItem\",\"position\":3,\"name\":\"Akacijos pluo\u0161tas 200 g\"}]},{\"@type\":\"WebSite\",\"@id\":\"https:\/\/test.puhdasplus.ee\/lt\/#website\",\"url\":\"https:\/\/test.puhdasplus.ee\/lt\/\",\"name\":\"Puhdas+\",\"description\":\"Vitamiinid, Toidulisandid, looduskosmeetika, tervis, sport\",\"publisher\":{\"@id\":\"https:\/\/test.puhdasplus.ee\/lt\/#organization\"},\"potentialAction\":[{\"@type\":\"SearchAction\",\"target\":{\"@type\":\"EntryPoint\",\"urlTemplate\":\"https:\/\/test.puhdasplus.ee\/lt\/?s={search_term_string}\"},\"query-input\":{\"@type\":\"PropertyValueSpecification\",\"valueRequired\":true,\"valueName\":\"search_term_string\"}}],\"inLanguage\":\"lt-LT\"},{\"@type\":\"Organization\",\"@id\":\"https:\/\/test.puhdasplus.ee\/lt\/#organization\",\"name\":\"Puhdas+\",\"alternateName\":\"Puhdasplus\",\"url\":\"https:\/\/test.puhdasplus.ee\/lt\/\",\"logo\":{\"@type\":\"ImageObject\",\"inLanguage\":\"lt-LT\",\"@id\":\"https:\/\/test.puhdasplus.ee\/lt\/#\/schema\/logo\/image\/\",\"url\":\"https:\/\/test.puhdasplus.ee\/\/wp-content\/uploads\/2019\/10\/puhdas_logo-arvele.png\",\"contentUrl\":\"https:\/\/test.puhdasplus.ee\/\/wp-content\/uploads\/2019\/10\/puhdas_logo-arvele.png\",\"width\":114,\"height\":94,\"caption\":\"Puhdas+\"},\"image\":{\"@id\":\"https:\/\/test.puhdasplus.ee\/lt\/#\/schema\/logo\/image\/\"},\"sameAs\":[\"https:\/\/www.facebook.com\/puhdasplus\",\"https:\/\/www.instagram.com\/puhdasplus_ee\/\"]}]}<\/script>\n<!-- \/ Yoast SEO plugin. -->","yoast_head_json":{"title":"Akacijos pluo\u0161tas 200 g - Puhdas+","description":"Akacijos skaidulos 200 g \u2013 nat\u016bralios begliuten\u0117s skaidulos vir\u0161kinimui palaikyti. Neutralaus skonio, lengvai mai\u0161omos, tinka veganams.","robots":{"index":"noindex","follow":"follow","max-snippet":"max-snippet:-1","max-image-preview":"max-image-preview:large","max-video-preview":"max-video-preview:-1"},"og_locale":"lt_LT","og_type":"article","og_title":"Akacijos pluo\u0161tas 200 g - Puhdas+","og_description":"Akacijos skaidulos 200 g \u2013 nat\u016bralios begliuten\u0117s skaidulos vir\u0161kinimui palaikyti. Neutralaus skonio, lengvai mai\u0161omos, tinka veganams.","og_url":"https:\/\/test.puhdasplus.ee\/lt\/tooted\/specialus-pasiulymai\/akacijos-pluostas-200-g\/","og_site_name":"Puhdas+","article_publisher":"https:\/\/www.facebook.com\/puhdasplus","article_modified_time":"2026-03-10T12:39:11+00:00","og_image":[{"width":1862,"height":2560,"url":"https:\/\/test.puhdasplus.ee\/wp-content\/uploads\/2025\/03\/45.jpg","type":"image\/jpeg"}],"twitter_card":"summary_large_image","twitter_misc":{"Est. reading time":"2 minut\u0117"},"schema":{"@context":"https:\/\/schema.org","@graph":[{"@type":"WebPage","@id":"https:\/\/test.puhdasplus.ee\/lt\/tooted\/specialus-pasiulymai\/akacijos-pluostas-200-g\/","url":"https:\/\/test.puhdasplus.ee\/lt\/tooted\/specialus-pasiulymai\/akacijos-pluostas-200-g\/","name":"Akacijos pluo\u0161tas 200 g - Puhdas+","isPartOf":{"@id":"https:\/\/test.puhdasplus.ee\/lt\/#website"},"primaryImageOfPage":{"@id":"https:\/\/test.puhdasplus.ee\/lt\/tooted\/specialus-pasiulymai\/akacijos-pluostas-200-g\/#primaryimage"},"image":{"@id":"https:\/\/test.puhdasplus.ee\/lt\/tooted\/specialus-pasiulymai\/akacijos-pluostas-200-g\/#primaryimage"},"thumbnailUrl":"https:\/\/test.puhdasplus.ee\/wp-content\/uploads\/2025\/03\/45.jpg","datePublished":"2019-12-06T18:03:40+00:00","dateModified":"2026-03-10T12:39:11+00:00","description":"Akacijos skaidulos 200 g \u2013 nat\u016bralios begliuten\u0117s skaidulos vir\u0161kinimui palaikyti. Neutralaus skonio, lengvai mai\u0161omos, tinka veganams.","breadcrumb":{"@id":"https:\/\/test.puhdasplus.ee\/lt\/tooted\/specialus-pasiulymai\/akacijos-pluostas-200-g\/#breadcrumb"},"inLanguage":"lt-LT","potentialAction":[{"@type":"ReadAction","target":["https:\/\/test.puhdasplus.ee\/lt\/tooted\/specialus-pasiulymai\/akacijos-pluostas-200-g\/"]}]},{"@type":"ImageObject","inLanguage":"lt-LT","@id":"https:\/\/test.puhdasplus.ee\/lt\/tooted\/specialus-pasiulymai\/akacijos-pluostas-200-g\/#primaryimage","url":"https:\/\/test.puhdasplus.ee\/wp-content\/uploads\/2025\/03\/45.jpg","contentUrl":"https:\/\/test.puhdasplus.ee\/wp-content\/uploads\/2025\/03\/45.jpg","width":1862,"height":2560,"caption":"Akacijos pluo\u0161tas (Acacia seyal) 200g"},{"@type":"BreadcrumbList","@id":"https:\/\/test.puhdasplus.ee\/lt\/tooted\/specialus-pasiulymai\/akacijos-pluostas-200-g\/#breadcrumb","itemListElement":[{"@type":"ListItem","position":1,"name":"Prad\u017eia","item":"https:\/\/test.puhdasplus.ee\/lt\/"},{"@type":"ListItem","position":2,"name":"Produktai","item":"https:\/\/test.puhdasplus.ee\/lt\/parduotuve\/"},{"@type":"ListItem","position":3,"name":"Akacijos pluo\u0161tas 200 g"}]},{"@type":"WebSite","@id":"https:\/\/test.puhdasplus.ee\/lt\/#website","url":"https:\/\/test.puhdasplus.ee\/lt\/","name":"Puhdas+","description":"Vitamiinid, Toidulisandid, looduskosmeetika, tervis, sport","publisher":{"@id":"https:\/\/test.puhdasplus.ee\/lt\/#organization"},"potentialAction":[{"@type":"SearchAction","target":{"@type":"EntryPoint","urlTemplate":"https:\/\/test.puhdasplus.ee\/lt\/?s={search_term_string}"},"query-input":{"@type":"PropertyValueSpecification","valueRequired":true,"valueName":"search_term_string"}}],"inLanguage":"lt-LT"},{"@type":"Organization","@id":"https:\/\/test.puhdasplus.ee\/lt\/#organization","name":"Puhdas+","alternateName":"Puhdasplus","url":"https:\/\/test.puhdasplus.ee\/lt\/","logo":{"@type":"ImageObject","inLanguage":"lt-LT","@id":"https:\/\/test.puhdasplus.ee\/lt\/#\/schema\/logo\/image\/","url":"https:\/\/test.puhdasplus.ee\/\/wp-content\/uploads\/2019\/10\/puhdas_logo-arvele.png","contentUrl":"https:\/\/test.puhdasplus.ee\/\/wp-content\/uploads\/2019\/10\/puhdas_logo-arvele.png","width":114,"height":94,"caption":"Puhdas+"},"image":{"@id":"https:\/\/test.puhdasplus.ee\/lt\/#\/schema\/logo\/image\/"},"sameAs":["https:\/\/www.facebook.com\/puhdasplus","https:\/\/www.instagram.com\/puhdasplus_ee\/"]}]}},"_links":{"self":[{"href":"https:\/\/test.puhdasplus.ee\/lt\/wp-json\/wp\/v2\/product\/353145","targetHints":{"allow":["GET"]}}],"collection":[{"href":"https:\/\/test.puhdasplus.ee\/lt\/wp-json\/wp\/v2\/product"}],"about":[{"href":"https:\/\/test.puhdasplus.ee\/lt\/wp-json\/wp\/v2\/types\/product"}],"replies":[{"embeddable":true,"href":"https:\/\/test.puhdasplus.ee\/lt\/wp-json\/wp\/v2\/comments?post=353145"}],"wp:featuredmedia":[{"embeddable":true,"href":"https:\/\/test.puhdasplus.ee\/lt\/wp-json\/wp\/v2\/media\/353148"}],"wp:attachment":[{"href":"https:\/\/test.puhdasplus.ee\/lt\/wp-json\/wp\/v2\/media?parent=353145"}],"wp:term":[{"taxonomy":"product_brand","embeddable":true,"href":"https:\/\/test.puhdasplus.ee\/lt\/wp-json\/wp\/v2\/product_brand?post=353145"},{"taxonomy":"product_cat","embeddable":true,"href":"https:\/\/test.puhdasplus.ee\/lt\/wp-json\/wp\/v2\/product_cat?post=353145"},{"taxonomy":"product_tag","embeddable":true,"href":"https:\/\/test.puhdasplus.ee\/lt\/wp-json\/wp\/v2\/product_tag?post=353145"}],"curies":[{"name":"wp","href":"https:\/\/api.w.org\/{rel}","templated":true}]}}