{"id":353123,"date":"2020-11-03T12:44:27","date_gmt":"2020-11-03T10:44:27","guid":{"rendered":"https:\/\/test.puhdasplus.ee\/\/tooted\/be-kategorijos\/sportinis-kolagenas-su-vitaminu-c-ir-optimsm-260-g-maisto-papildas\/"},"modified":"2026-03-10T14:36:55","modified_gmt":"2026-03-10T12:36:55","slug":"sportinis-kolagenas-su-vitaminu-c-ir-optimsm-260-g-maisto-papildas","status":"publish","type":"product","link":"https:\/\/test.puhdasplus.ee\/lt\/tooted\/sportas\/sportinis-kolagenas-su-vitaminu-c-ir-optimsm-260-g-maisto-papildas\/","title":{"rendered":"Sportinis kolagenas su vitaminu C ir OptiMSM 260 g"},"content":{"rendered":"<p data-start=\"279\" data-end=\"647\"><strong>\u201ePuhdas+ Sport Collagen\u201c<\/strong> \u2013 tai maisto papild\u0173 milteliai, sudaryti i\u0161 trij\u0173 veiksming\u0173 ingredient\u0173, kurie palaiko nat\u016brali\u0105 k\u016bno strukt\u016br\u0105 ir i\u0161tverm\u0119 aktyvaus gyvenimo b\u016bdo metu. Hidrolizuotas kolagenas (Peptan\u00ae), vitaminas C ir OptiMSM\u00ae (metilsulfonilmetanas) sudaro galing\u0105 derin\u012f, kuris padeda i\u0161laikyti s\u0105nari\u0173 judrum\u0105, odos elastingum\u0105, skatina raumen\u0173 atsistatym\u0105 ir bendr\u0105 savijaut\u0105. <\/p>\n<p data-start=\"649\" data-end=\"954\"><strong>Kolagenas<\/strong> yra svarbus jungiamojo audinio ir odos strukt\u016brinis baltymas, kurio gamyba organizme su am\u017eiumi ma\u017e\u0117ja.<br data-start=\"741\" data-end=\"744\"> <strong>Vitaminas C<\/strong> padeda palaikyti normal\u0173 kolageno, kuris b\u016btinas normaliai odos, kremzli\u0173 ir kaul\u0173 funkcijai, susidarym\u0105.<br data-start=\"868\" data-end=\"871\"> <strong>\u201eOptiMSM\u00ae\u201c<\/strong> yra nat\u016bralus sieros junginys, padedantis i\u0161laikyti k\u016bn\u0105 lankst\u0173 ir atspar\u0173.<\/p>\n<p data-start=\"956\" data-end=\"1085\">Produktas tinka aktyviems \u017emon\u0117ms ir sportininkams, norintiems palaikyti normali\u0105 s\u0105nari\u0173, odos ir raumen\u0173 funkcij\u0105.<\/p>\n<h3 data-start=\"213\" data-end=\"231\">Sudedamosios dalys:<\/h3>\n<ul>\n<li style=\"list-style-type: none;\">\n<ul data-start=\"268\" data-end=\"387\">\n<li data-start=\"268\" data-end=\"301\">\n<p data-start=\"270\" data-end=\"301\">hidrolizuotas galvij\u0173 kolagenas (Peptan\u00ae)<\/p>\n<\/li>\n<li data-start=\"304\" data-end=\"345\">\n<p data-start=\"306\" data-end=\"345\">stabilizatorius: metilsulfonilmetanas (OptiMSM\u00ae)<\/p>\n<\/li>\n<li data-start=\"348\" data-end=\"387\">\n<p data-start=\"350\" data-end=\"387\"><span class=\"relative -mx-px my-[-0.2rem] rounded px-px py-[0.2rem] transition-colors duration-100 ease-in-out\">L-askorbo r\u016bg\u0161tis (vitaminas C).<\/span><\/p>\n<\/li>\n<\/ul>\n<\/li>\n<\/ul>\n<h3 data-start=\"389\" data-end=\"440\">Grynasis kiekis:<\/h3>\n<p data-start=\"389\" data-end=\"440\">260 g (\u224840 porcij\u0173)<\/p>\n<h3 data-start=\"442\" data-end=\"525\">Rekomenduojama paros norma (1\u20132 valgomieji \u0161auk\u0161tai) apima:<\/h3>\n<ul>\n<li data-start=\"442\" data-end=\"525\">Hidrolizuotas galvij\u0173 kolagenas: 5\u201310 g<\/li>\n<li data-start=\"442\" data-end=\"525\">Vitaminas C: 200\u2013400 mg (250\u2013500 % RMV)<\/li>\n<li data-start=\"442\" data-end=\"525\">Metilsulfonilmetanas (MSM): 1\u20132 g<\/li>\n<\/ul>\n<p data-start=\"1111\" data-end=\"1193\">* <span class=\"relative -mx-px my-[-0.2rem] rounded px-px py-[0.2rem] transition-colors duration-100 ease-in-out\">RMV \u2013 referencin\u0117 paros norma suaugusiesiems<\/span><\/p>\n<h3 data-start=\"1200\" data-end=\"1222\">Naudotojo vadovas<\/h3>\n<p data-start=\"1223\" data-end=\"1262\"><span class=\"relative -mx-px my-[-0.2rem] rounded px-px py-[0.2rem] transition-colors duration-100 ease-in-out\">\u012emai\u0161ykite 1\u20132 valgomuosius \u0161auk\u0161tus milteli\u0173 \u012f vanden\u012f, sultis arba kokteil\u012f ir vartokite vien\u0105 kart\u0105 per dien\u0105. Nevir\u0161ykite rekomenduojamos paros doz\u0117s. <\/span><\/p>\n<h3 data-start=\"1269\" data-end=\"1287\">\u012esp\u0117jimai<\/h3>\n<p data-start=\"1288\" data-end=\"1327\"><span class=\"relative -mx-px my-[-0.2rem] rounded px-px py-[0.2rem] transition-colors duration-100 ease-in-out\">Maisto papildas nepakei\u010dia \u012fvairios ir subalansuotos mitybos ar sveiko gyvenimo b\u016bdo. Laikyti vaikams nepasiekiamoje vietoje.<\/span><\/p>\n<h3 data-start=\"1334\" data-end=\"1355\">Sand\u0117liavimas<\/h3>\n<p data-start=\"1356\" data-end=\"1395\"><span class=\"relative -mx-px my-[-0.2rem] rounded px-px py-[0.2rem] transition-colors duration-100 ease-in-out\">Laikyti sausoje ir v\u0117sioje vietoje, apsaugotoje nuo tiesiogini\u0173 saul\u0117s spinduli\u0173.<\/span><\/p>\n<h3 data-start=\"1402\" data-end=\"1428\"><\/h3>\n<p data-start=\"1432\" data-end=\"1473\"><strong data-start=\"126\" data-end=\"137\">Gamintojas:<\/strong> New Organics Oy, \u00c4yritie 8 A, 01510 Vantaa, Suomija. <strong data-start=\"189\" data-end=\"210\" data-is-only-node=\"\">Importuotojas<\/strong> <strong data-start=\"189\" data-end=\"210\" data-is-only-node=\"\">Estijoje:<\/strong> NordenBio O\u00dc, Narva mnt 7, 10117 Talinas, Estija.<\/p>\n","protected":false},"excerpt":{"rendered":"<p><strong data-start=\"198\" data-end=\"293\">Bioaktyv\u016bs kolageno milteliai aktyviam k\u016bnui \u2013 atsistatymui, i\u0161tvermei ir gerovei.<\/strong><br data-start=\"293\" data-end=\"296\"> \u201ePuhdas+ Sport Collagen\u201c sud\u0117tyje yra auk\u0161tos kokyb\u0117s hidrolizuoto galvij\u0173 kolageno \u201ePeptan\u00ae\u201c, vitamino C ir nat\u016bralaus OptiMSM\u00ae. \u0160is veiksmingas derinys palaiko normali\u0105 s\u0105nari\u0173, odos ir raumen\u0173 funkcij\u0105 ir puikiai tinka vartoti prie\u0161 treniruot\u0119 arba atsistatymui po fizinio kr\u016bvio. Miltelius galima berti \u012f vanden\u012f, sultis ar kokteilius \u2013 tai paprastas b\u016bdas sustiprinti nat\u016brali\u0105 organizmo strukt\u016br\u0105 ir i\u0161tverm\u0119. Jie gerai veikia kartu su baltym\u0173 preparatais ar kitais papildais.   <\/p>\n","protected":false},"featured_media":353126,"comment_status":"closed","ping_status":"closed","template":"","meta":{"_acf_changed":false},"product_brand":[],"product_cat":[3282,3461,3016],"product_tag":[6329,6328,6327,6326,3463,6323,6324,6335,6330,6333,6332,3707,3144,6334,5362,3569,6325,6331],"class_list":{"0":"post-353123","1":"product","2":"type-product","3":"status-publish","4":"has-post-thumbnail","6":"product_cat-oda-plaukai-nagai","7":"product_cat-sanariai-raumenys-ir-kaulai","8":"product_cat-sportas","9":"product_tag-aukstos-kokybes-kolagenas","10":"product_tag-beskoniai-kolageno-milteliai","11":"product_tag-gryno-kolageno-papildai","12":"product_tag-jungiamojo-audinio-palaikymas","13":"product_tag-kolagenas","14":"product_tag-kolageno-milteliai","15":"product_tag-kolageno-papildas","16":"product_tag-kolageno-sportas","17":"product_tag-msm-papildas","18":"product_tag-optimsm-metilsulfonilmetanas","19":"product_tag-peptan-hidrolizuotas-galviju-kolagenas","20":"product_tag-raumenu-atsistatymas","21":"product_tag-raumenys-ir-sanariai","22":"product_tag-sanariu-skausmo-malsinimas","23":"product_tag-sanariu-sveikata","24":"product_tag-sportas","25":"product_tag-sporto-papildai","26":"product_tag-vitamino-c-papildas","28":"first","29":"instock","30":"featured","31":"taxable","32":"shipping-taxable","33":"purchasable","34":"product-type-simple"},"acf":[],"yoast_head":"<!-- This site is optimized with the Yoast SEO plugin v27.1.1 - https:\/\/yoast.com\/product\/yoast-seo-wordpress\/ -->\n<title>Sportinis kolagenas su vitaminu C ir OptiMSM 260 g - Puhdas+<\/title>\n<meta name=\"description\" content=\"Sportinis kolagenas su vitaminu C ir OptiMSM \u2013 260 g milteliai aktyviems \u017emon\u0117ms. Sud\u0117tyje yra \u201ePeptan\u00ae\u201c kolageno, OptiMSM ir vitamino C, kurie padeda palaikyti s\u0105nari\u0173, raumen\u0173 ir odos sveikat\u0105.\" \/>\n<meta name=\"robots\" content=\"noindex, follow, max-snippet:-1, max-image-preview:large, max-video-preview:-1\" \/>\n<meta property=\"og:locale\" content=\"lt_LT\" \/>\n<meta property=\"og:type\" content=\"article\" \/>\n<meta property=\"og:title\" content=\"Sportinis kolagenas su vitaminu C ir OptiMSM 260 g - Puhdas+\" \/>\n<meta property=\"og:description\" content=\"Sportinis kolagenas su vitaminu C ir OptiMSM \u2013 260 g milteliai aktyviems \u017emon\u0117ms. Sud\u0117tyje yra \u201ePeptan\u00ae\u201c kolageno, OptiMSM ir vitamino C, kurie padeda palaikyti s\u0105nari\u0173, raumen\u0173 ir odos sveikat\u0105.\" \/>\n<meta property=\"og:url\" content=\"https:\/\/test.puhdasplus.ee\/lt\/tooted\/sportas\/sportinis-kolagenas-su-vitaminu-c-ir-optimsm-260-g-maisto-papildas\/\" \/>\n<meta property=\"og:site_name\" content=\"Puhdas+\" \/>\n<meta property=\"article:publisher\" content=\"https:\/\/www.facebook.com\/puhdasplus\" \/>\n<meta property=\"article:modified_time\" content=\"2026-03-10T12:36:55+00:00\" \/>\n<meta property=\"og:image\" content=\"https:\/\/test.puhdasplus.ee\/wp-content\/uploads\/2025\/03\/35.jpg\" \/>\n\t<meta property=\"og:image:width\" content=\"1862\" \/>\n\t<meta property=\"og:image:height\" content=\"2560\" \/>\n\t<meta property=\"og:image:type\" content=\"image\/jpeg\" \/>\n<meta name=\"twitter:card\" content=\"summary_large_image\" \/>\n<meta name=\"twitter:label1\" content=\"Est. reading time\" \/>\n\t<meta name=\"twitter:data1\" content=\"1 minut\u0117\" \/>\n<script type=\"application\/ld+json\" class=\"yoast-schema-graph\">{\"@context\":\"https:\/\/schema.org\",\"@graph\":[{\"@type\":\"WebPage\",\"@id\":\"https:\/\/test.puhdasplus.ee\/lt\/tooted\/sportas\/sportinis-kolagenas-su-vitaminu-c-ir-optimsm-260-g-maisto-papildas\/\",\"url\":\"https:\/\/test.puhdasplus.ee\/lt\/tooted\/sportas\/sportinis-kolagenas-su-vitaminu-c-ir-optimsm-260-g-maisto-papildas\/\",\"name\":\"Sportinis kolagenas su vitaminu C ir OptiMSM 260 g - Puhdas+\",\"isPartOf\":{\"@id\":\"https:\/\/test.puhdasplus.ee\/lt\/#website\"},\"primaryImageOfPage\":{\"@id\":\"https:\/\/test.puhdasplus.ee\/lt\/tooted\/sportas\/sportinis-kolagenas-su-vitaminu-c-ir-optimsm-260-g-maisto-papildas\/#primaryimage\"},\"image\":{\"@id\":\"https:\/\/test.puhdasplus.ee\/lt\/tooted\/sportas\/sportinis-kolagenas-su-vitaminu-c-ir-optimsm-260-g-maisto-papildas\/#primaryimage\"},\"thumbnailUrl\":\"https:\/\/test.puhdasplus.ee\/wp-content\/uploads\/2025\/03\/35.jpg\",\"datePublished\":\"2020-11-03T10:44:27+00:00\",\"dateModified\":\"2026-03-10T12:36:55+00:00\",\"description\":\"Sportinis kolagenas su vitaminu C ir OptiMSM \u2013 260 g milteliai aktyviems \u017emon\u0117ms. Sud\u0117tyje yra \u201ePeptan\u00ae\u201c kolageno, OptiMSM ir vitamino C, kurie padeda palaikyti s\u0105nari\u0173, raumen\u0173 ir odos sveikat\u0105.\",\"breadcrumb\":{\"@id\":\"https:\/\/test.puhdasplus.ee\/lt\/tooted\/sportas\/sportinis-kolagenas-su-vitaminu-c-ir-optimsm-260-g-maisto-papildas\/#breadcrumb\"},\"inLanguage\":\"lt-LT\",\"potentialAction\":[{\"@type\":\"ReadAction\",\"target\":[\"https:\/\/test.puhdasplus.ee\/lt\/tooted\/sportas\/sportinis-kolagenas-su-vitaminu-c-ir-optimsm-260-g-maisto-papildas\/\"]}]},{\"@type\":\"ImageObject\",\"inLanguage\":\"lt-LT\",\"@id\":\"https:\/\/test.puhdasplus.ee\/lt\/tooted\/sportas\/sportinis-kolagenas-su-vitaminu-c-ir-optimsm-260-g-maisto-papildas\/#primaryimage\",\"url\":\"https:\/\/test.puhdasplus.ee\/wp-content\/uploads\/2025\/03\/35.jpg\",\"contentUrl\":\"https:\/\/test.puhdasplus.ee\/wp-content\/uploads\/2025\/03\/35.jpg\",\"width\":1862,\"height\":2560,\"caption\":\"Sportinis kolagenas su vitaminu C ir OptiMSM 260 g\"},{\"@type\":\"BreadcrumbList\",\"@id\":\"https:\/\/test.puhdasplus.ee\/lt\/tooted\/sportas\/sportinis-kolagenas-su-vitaminu-c-ir-optimsm-260-g-maisto-papildas\/#breadcrumb\",\"itemListElement\":[{\"@type\":\"ListItem\",\"position\":1,\"name\":\"Prad\u017eia\",\"item\":\"https:\/\/test.puhdasplus.ee\/lt\/\"},{\"@type\":\"ListItem\",\"position\":2,\"name\":\"Produktai\",\"item\":\"https:\/\/test.puhdasplus.ee\/lt\/parduotuve\/\"},{\"@type\":\"ListItem\",\"position\":3,\"name\":\"Sportinis kolagenas su vitaminu C ir OptiMSM 260 g\"}]},{\"@type\":\"WebSite\",\"@id\":\"https:\/\/test.puhdasplus.ee\/lt\/#website\",\"url\":\"https:\/\/test.puhdasplus.ee\/lt\/\",\"name\":\"Puhdas+\",\"description\":\"Vitamiinid, Toidulisandid, looduskosmeetika, tervis, sport\",\"publisher\":{\"@id\":\"https:\/\/test.puhdasplus.ee\/lt\/#organization\"},\"potentialAction\":[{\"@type\":\"SearchAction\",\"target\":{\"@type\":\"EntryPoint\",\"urlTemplate\":\"https:\/\/test.puhdasplus.ee\/lt\/?s={search_term_string}\"},\"query-input\":{\"@type\":\"PropertyValueSpecification\",\"valueRequired\":true,\"valueName\":\"search_term_string\"}}],\"inLanguage\":\"lt-LT\"},{\"@type\":\"Organization\",\"@id\":\"https:\/\/test.puhdasplus.ee\/lt\/#organization\",\"name\":\"Puhdas+\",\"alternateName\":\"Puhdasplus\",\"url\":\"https:\/\/test.puhdasplus.ee\/lt\/\",\"logo\":{\"@type\":\"ImageObject\",\"inLanguage\":\"lt-LT\",\"@id\":\"https:\/\/test.puhdasplus.ee\/lt\/#\/schema\/logo\/image\/\",\"url\":\"https:\/\/test.puhdasplus.ee\/\/wp-content\/uploads\/2019\/10\/puhdas_logo-arvele.png\",\"contentUrl\":\"https:\/\/test.puhdasplus.ee\/\/wp-content\/uploads\/2019\/10\/puhdas_logo-arvele.png\",\"width\":114,\"height\":94,\"caption\":\"Puhdas+\"},\"image\":{\"@id\":\"https:\/\/test.puhdasplus.ee\/lt\/#\/schema\/logo\/image\/\"},\"sameAs\":[\"https:\/\/www.facebook.com\/puhdasplus\",\"https:\/\/www.instagram.com\/puhdasplus_ee\/\"]}]}<\/script>\n<!-- \/ Yoast SEO plugin. -->","yoast_head_json":{"title":"Sportinis kolagenas su vitaminu C ir OptiMSM 260 g - Puhdas+","description":"Sportinis kolagenas su vitaminu C ir OptiMSM \u2013 260 g milteliai aktyviems \u017emon\u0117ms. Sud\u0117tyje yra \u201ePeptan\u00ae\u201c kolageno, OptiMSM ir vitamino C, kurie padeda palaikyti s\u0105nari\u0173, raumen\u0173 ir odos sveikat\u0105.","robots":{"index":"noindex","follow":"follow","max-snippet":"max-snippet:-1","max-image-preview":"max-image-preview:large","max-video-preview":"max-video-preview:-1"},"og_locale":"lt_LT","og_type":"article","og_title":"Sportinis kolagenas su vitaminu C ir OptiMSM 260 g - Puhdas+","og_description":"Sportinis kolagenas su vitaminu C ir OptiMSM \u2013 260 g milteliai aktyviems \u017emon\u0117ms. Sud\u0117tyje yra \u201ePeptan\u00ae\u201c kolageno, OptiMSM ir vitamino C, kurie padeda palaikyti s\u0105nari\u0173, raumen\u0173 ir odos sveikat\u0105.","og_url":"https:\/\/test.puhdasplus.ee\/lt\/tooted\/sportas\/sportinis-kolagenas-su-vitaminu-c-ir-optimsm-260-g-maisto-papildas\/","og_site_name":"Puhdas+","article_publisher":"https:\/\/www.facebook.com\/puhdasplus","article_modified_time":"2026-03-10T12:36:55+00:00","og_image":[{"width":1862,"height":2560,"url":"https:\/\/test.puhdasplus.ee\/wp-content\/uploads\/2025\/03\/35.jpg","type":"image\/jpeg"}],"twitter_card":"summary_large_image","twitter_misc":{"Est. reading time":"1 minut\u0117"},"schema":{"@context":"https:\/\/schema.org","@graph":[{"@type":"WebPage","@id":"https:\/\/test.puhdasplus.ee\/lt\/tooted\/sportas\/sportinis-kolagenas-su-vitaminu-c-ir-optimsm-260-g-maisto-papildas\/","url":"https:\/\/test.puhdasplus.ee\/lt\/tooted\/sportas\/sportinis-kolagenas-su-vitaminu-c-ir-optimsm-260-g-maisto-papildas\/","name":"Sportinis kolagenas su vitaminu C ir OptiMSM 260 g - Puhdas+","isPartOf":{"@id":"https:\/\/test.puhdasplus.ee\/lt\/#website"},"primaryImageOfPage":{"@id":"https:\/\/test.puhdasplus.ee\/lt\/tooted\/sportas\/sportinis-kolagenas-su-vitaminu-c-ir-optimsm-260-g-maisto-papildas\/#primaryimage"},"image":{"@id":"https:\/\/test.puhdasplus.ee\/lt\/tooted\/sportas\/sportinis-kolagenas-su-vitaminu-c-ir-optimsm-260-g-maisto-papildas\/#primaryimage"},"thumbnailUrl":"https:\/\/test.puhdasplus.ee\/wp-content\/uploads\/2025\/03\/35.jpg","datePublished":"2020-11-03T10:44:27+00:00","dateModified":"2026-03-10T12:36:55+00:00","description":"Sportinis kolagenas su vitaminu C ir OptiMSM \u2013 260 g milteliai aktyviems \u017emon\u0117ms. Sud\u0117tyje yra \u201ePeptan\u00ae\u201c kolageno, OptiMSM ir vitamino C, kurie padeda palaikyti s\u0105nari\u0173, raumen\u0173 ir odos sveikat\u0105.","breadcrumb":{"@id":"https:\/\/test.puhdasplus.ee\/lt\/tooted\/sportas\/sportinis-kolagenas-su-vitaminu-c-ir-optimsm-260-g-maisto-papildas\/#breadcrumb"},"inLanguage":"lt-LT","potentialAction":[{"@type":"ReadAction","target":["https:\/\/test.puhdasplus.ee\/lt\/tooted\/sportas\/sportinis-kolagenas-su-vitaminu-c-ir-optimsm-260-g-maisto-papildas\/"]}]},{"@type":"ImageObject","inLanguage":"lt-LT","@id":"https:\/\/test.puhdasplus.ee\/lt\/tooted\/sportas\/sportinis-kolagenas-su-vitaminu-c-ir-optimsm-260-g-maisto-papildas\/#primaryimage","url":"https:\/\/test.puhdasplus.ee\/wp-content\/uploads\/2025\/03\/35.jpg","contentUrl":"https:\/\/test.puhdasplus.ee\/wp-content\/uploads\/2025\/03\/35.jpg","width":1862,"height":2560,"caption":"Sportinis kolagenas su vitaminu C ir OptiMSM 260 g"},{"@type":"BreadcrumbList","@id":"https:\/\/test.puhdasplus.ee\/lt\/tooted\/sportas\/sportinis-kolagenas-su-vitaminu-c-ir-optimsm-260-g-maisto-papildas\/#breadcrumb","itemListElement":[{"@type":"ListItem","position":1,"name":"Prad\u017eia","item":"https:\/\/test.puhdasplus.ee\/lt\/"},{"@type":"ListItem","position":2,"name":"Produktai","item":"https:\/\/test.puhdasplus.ee\/lt\/parduotuve\/"},{"@type":"ListItem","position":3,"name":"Sportinis kolagenas su vitaminu C ir OptiMSM 260 g"}]},{"@type":"WebSite","@id":"https:\/\/test.puhdasplus.ee\/lt\/#website","url":"https:\/\/test.puhdasplus.ee\/lt\/","name":"Puhdas+","description":"Vitamiinid, Toidulisandid, looduskosmeetika, tervis, sport","publisher":{"@id":"https:\/\/test.puhdasplus.ee\/lt\/#organization"},"potentialAction":[{"@type":"SearchAction","target":{"@type":"EntryPoint","urlTemplate":"https:\/\/test.puhdasplus.ee\/lt\/?s={search_term_string}"},"query-input":{"@type":"PropertyValueSpecification","valueRequired":true,"valueName":"search_term_string"}}],"inLanguage":"lt-LT"},{"@type":"Organization","@id":"https:\/\/test.puhdasplus.ee\/lt\/#organization","name":"Puhdas+","alternateName":"Puhdasplus","url":"https:\/\/test.puhdasplus.ee\/lt\/","logo":{"@type":"ImageObject","inLanguage":"lt-LT","@id":"https:\/\/test.puhdasplus.ee\/lt\/#\/schema\/logo\/image\/","url":"https:\/\/test.puhdasplus.ee\/\/wp-content\/uploads\/2019\/10\/puhdas_logo-arvele.png","contentUrl":"https:\/\/test.puhdasplus.ee\/\/wp-content\/uploads\/2019\/10\/puhdas_logo-arvele.png","width":114,"height":94,"caption":"Puhdas+"},"image":{"@id":"https:\/\/test.puhdasplus.ee\/lt\/#\/schema\/logo\/image\/"},"sameAs":["https:\/\/www.facebook.com\/puhdasplus","https:\/\/www.instagram.com\/puhdasplus_ee\/"]}]}},"_links":{"self":[{"href":"https:\/\/test.puhdasplus.ee\/lt\/wp-json\/wp\/v2\/product\/353123","targetHints":{"allow":["GET"]}}],"collection":[{"href":"https:\/\/test.puhdasplus.ee\/lt\/wp-json\/wp\/v2\/product"}],"about":[{"href":"https:\/\/test.puhdasplus.ee\/lt\/wp-json\/wp\/v2\/types\/product"}],"replies":[{"embeddable":true,"href":"https:\/\/test.puhdasplus.ee\/lt\/wp-json\/wp\/v2\/comments?post=353123"}],"wp:featuredmedia":[{"embeddable":true,"href":"https:\/\/test.puhdasplus.ee\/lt\/wp-json\/wp\/v2\/media\/353126"}],"wp:attachment":[{"href":"https:\/\/test.puhdasplus.ee\/lt\/wp-json\/wp\/v2\/media?parent=353123"}],"wp:term":[{"taxonomy":"product_brand","embeddable":true,"href":"https:\/\/test.puhdasplus.ee\/lt\/wp-json\/wp\/v2\/product_brand?post=353123"},{"taxonomy":"product_cat","embeddable":true,"href":"https:\/\/test.puhdasplus.ee\/lt\/wp-json\/wp\/v2\/product_cat?post=353123"},{"taxonomy":"product_tag","embeddable":true,"href":"https:\/\/test.puhdasplus.ee\/lt\/wp-json\/wp\/v2\/product_tag?post=353123"}],"curies":[{"name":"wp","href":"https:\/\/api.w.org\/{rel}","templated":true}]}}