{"id":353111,"date":"2020-11-05T06:49:02","date_gmt":"2020-11-05T04:49:02","guid":{"rendered":"https:\/\/test.puhdasplus.ee\/\/tooted\/be-kategorijos\/kalis-300-mg-60-kapsuliu\/"},"modified":"2026-03-10T14:36:56","modified_gmt":"2026-03-10T12:36:56","slug":"kalis-300-mg-60-kapsuliu","status":"publish","type":"product","link":"https:\/\/test.puhdasplus.ee\/lt\/tooted\/specialus-pasiulymai\/kalis-300-mg-60-kapsuliu\/","title":{"rendered":"Kalis 300 mg 60 kapsuli\u0173"},"content":{"rendered":"<h3 data-start=\"176\" data-end=\"532\"><strong data-start=\"176\" data-end=\"202\">Palaiko kraujosp\u016bd\u012f, nerv\u0173 sistemos ir raumen\u0173 funkcij\u0105<\/strong><\/h3>\n<p data-start=\"176\" data-end=\"532\"><strong data-start=\"176\" data-end=\"202\">Kalis 300 mg<\/strong> yra auk\u0161tos kokyb\u0117s maisto papildas, padedantis palaikyti <strong data-start=\"259\" data-end=\"283\">normal\u0173 kraujosp\u016bd\u012f<\/strong> , stiprina <strong data-start=\"292\" data-end=\"310\">\u0161irdies sveikat\u0105<\/strong> , <strong data-start=\"312\" data-end=\"350\">nerv\u0173 sistemos ir raumen\u0173 funkcij\u0105<\/strong> . Kalis yra vienas svarbiausi\u0173 mineral\u0173 organizme, padedantis palaikyti <strong data-start=\"415\" data-end=\"456\">skys\u010di\u0173 ir elektrolit\u0173 pusiausvyr\u0105<\/strong> bei dalyvaujantis <strong data-start=\"471\" data-end=\"529\">nervini\u0173 impuls\u0173 perdavime ir raumen\u0173 susitraukimuose<\/strong> . <\/p>\n<h3><b>Kod\u0117l kalis yra naudingas kaip kasdienis papildas?<\/b><\/h3>\n<ul>\n<li data-start=\"717\" data-end=\"1024\"><strong data-start=\"719\" data-end=\"771\">Padeda palaikyti normal\u0173 kraujosp\u016bd\u012f ir \u0161irdies ritm\u0105<\/strong><\/li>\n<li data-start=\"717\" data-end=\"1024\"><strong data-start=\"776\" data-end=\"840\">Palaiko normali\u0105 nerv\u0173 sistemos ir raumen\u0173 veikl\u0105<\/strong><\/li>\n<li data-start=\"717\" data-end=\"1024\"><strong data-start=\"845\" data-end=\"895\">Padeda palaikyti elektrolit\u0173 pusiausvyr\u0105 organizme<\/strong><\/li>\n<li data-start=\"717\" data-end=\"1024\"><strong data-start=\"900\" data-end=\"955\">Vegani\u0161kas, be glitimo ir laktoz\u0117s \u2013 i\u0161 gryn\u0173 ingredient\u0173<\/strong><\/li>\n<li data-start=\"717\" data-end=\"1024\"><strong data-start=\"960\" data-end=\"1022\">Pagaminta Suomijoje, laikantis auk\u0161\u010diausi\u0173 kokyb\u0117s standart\u0173<\/strong><\/li>\n<\/ul>\n<p data-start=\"1026\" data-end=\"1140\"><strong data-start=\"1026\" data-end=\"1041\">Naudojimas:<\/strong><br data-start=\"1041\" data-end=\"1044\"> Suaugusiesiems gerti po 2 kapsules per dien\u0105, u\u017egeriant stikline vandens. <strong data-start=\"1095\" data-end=\"1138\">Nevir\u0161yti rekomenduojamos paros doz\u0117s.<\/strong><\/p>\n<p data-start=\"1142\" data-end=\"1282\"><strong data-start=\"1142\" data-end=\"1158\">Sudedamosios dalys:<\/strong><br data-start=\"1158\" data-end=\"1161\"> Kalio citratas, augalin\u0117 kapsul\u0117 (stabilizatorius: hidroksipropilmetilceliulioz\u0117), u\u017epildas (mikrokristalin\u0117 celiulioz\u0117).<\/p>\n<p data-start=\"1284\" data-end=\"1411\"><strong data-start=\"1284\" data-end=\"1299\">Sud\u0117tyje n\u0117ra:<\/strong> laktoz\u0117s, mieli\u0173, glitimo, cukraus, druskos, kukur\u016bz\u0173, sojos ar saldikli\u0173. Tinka veganams ir vegetarams. <\/p>\n<p data-start=\"1413\" data-end=\"1450\"><strong data-start=\"1413\" data-end=\"1448\">Maistin\u0117 informacija (2 kapsul\u0117s):<\/strong> Kalis: 300 mg (15 % rekomenduojamos paros normos)<\/p>\n","protected":false},"excerpt":{"rendered":"<p><span class=\"s1\">Kalis prisideda<\/span> <b>prie normalios raumen\u0173 funkcijos<\/b> <span class=\"s1\">, per kuri\u0105 jis taip pat palaiko<\/span> <b>raumen\u0173 atsipalaidavim\u0105 ir susitraukim\u0105<\/b> <span class=\"s1\">.<\/span> <span class=\"s1\">Pakankamas kalio kiekis yra svarbus<\/span> <b>raumen\u0173 funkcijai palaikyti ir nervini\u0173 impuls\u0173 perdavimui.<\/b> <span class=\"s1\">Subalansuotas kalio kiekis organizme padeda palaikyti<\/span> <b>normali\u0105 raumen\u0173 ir nerv\u0173 sistemos funkcij\u0105<\/b> <span class=\"s1\">.<\/span><\/p>\n","protected":false},"featured_media":357380,"comment_status":"closed","ping_status":"closed","template":"","meta":{"_acf_changed":false},"product_brand":[],"product_cat":[3120,3461,3049,3318],"product_tag":[6306,3028,3137,6304,5445,3133,6305,3144,3706,2967],"class_list":{"0":"post-353111","1":"product","2":"type-product","3":"status-publish","4":"has-post-thumbnail","6":"product_cat-mineralai","7":"product_cat-sanariai-raumenys-ir-kaulai","8":"product_cat-specialus-pasiulymai","9":"product_cat-virskinimas-ir-medziagu-apykaita","10":"product_tag-elektrolitu-balansas","11":"product_tag-energija-ir-nuovargis","12":"product_tag-kalis","13":"product_tag-kraujospudis","14":"product_tag-nervu-sistema","15":"product_tag-nuovargis","16":"product_tag-raumenys","17":"product_tag-raumenys-ir-sanariai","18":"product_tag-sirdies-sveikata","19":"product_tag-veganas","21":"first","22":"instock","23":"sale","24":"taxable","25":"shipping-taxable","26":"purchasable","27":"product-type-simple"},"acf":[],"yoast_head":"<!-- This site is optimized with the Yoast SEO plugin v27.1.1 - https:\/\/yoast.com\/product\/yoast-seo-wordpress\/ -->\n<title>Kalis 300 mg 60 kapsuli\u0173 - Puhdas+<\/title>\n<meta name=\"description\" content=\"\u012esigykite \u201ePure+ Potassium 300 mg\u201c \u2013 maisto papild\u0105, kuris palaiko normal\u0173 kraujosp\u016bd\u012f, nerv\u0173 sistemos ir raumen\u0173 funkcij\u0105. Gryna sud\u0117tis, tinka veganams.\" \/>\n<meta name=\"robots\" content=\"noindex, follow, max-snippet:-1, max-image-preview:large, max-video-preview:-1\" \/>\n<meta property=\"og:locale\" content=\"lt_LT\" \/>\n<meta property=\"og:type\" content=\"article\" \/>\n<meta property=\"og:title\" content=\"Kalis 300 mg 60 kapsuli\u0173 - Puhdas+\" \/>\n<meta property=\"og:description\" content=\"\u012esigykite \u201ePure+ Potassium 300 mg\u201c \u2013 maisto papild\u0105, kuris palaiko normal\u0173 kraujosp\u016bd\u012f, nerv\u0173 sistemos ir raumen\u0173 funkcij\u0105. Gryna sud\u0117tis, tinka veganams.\" \/>\n<meta property=\"og:url\" content=\"https:\/\/test.puhdasplus.ee\/lt\/tooted\/specialus-pasiulymai\/kalis-300-mg-60-kapsuliu\/\" \/>\n<meta property=\"og:site_name\" content=\"Puhdas+\" \/>\n<meta property=\"article:publisher\" content=\"https:\/\/www.facebook.com\/puhdasplus\" \/>\n<meta property=\"article:modified_time\" content=\"2026-03-10T12:36:56+00:00\" \/>\n<meta property=\"og:image\" content=\"https:\/\/test.puhdasplus.ee\/wp-content\/uploads\/2020\/11\/Kaalium-PuhdasPlus-scaled.jpg\" \/>\n\t<meta property=\"og:image:width\" content=\"1862\" \/>\n\t<meta property=\"og:image:height\" content=\"2560\" \/>\n\t<meta property=\"og:image:type\" content=\"image\/jpeg\" \/>\n<meta name=\"twitter:card\" content=\"summary_large_image\" \/>\n<meta name=\"twitter:label1\" content=\"Est. reading time\" \/>\n\t<meta name=\"twitter:data1\" content=\"1 minut\u0117\" \/>\n<script type=\"application\/ld+json\" class=\"yoast-schema-graph\">{\"@context\":\"https:\/\/schema.org\",\"@graph\":[{\"@type\":\"WebPage\",\"@id\":\"https:\/\/test.puhdasplus.ee\/lt\/tooted\/specialus-pasiulymai\/kalis-300-mg-60-kapsuliu\/\",\"url\":\"https:\/\/test.puhdasplus.ee\/lt\/tooted\/specialus-pasiulymai\/kalis-300-mg-60-kapsuliu\/\",\"name\":\"Kalis 300 mg 60 kapsuli\u0173 - Puhdas+\",\"isPartOf\":{\"@id\":\"https:\/\/test.puhdasplus.ee\/lt\/#website\"},\"primaryImageOfPage\":{\"@id\":\"https:\/\/test.puhdasplus.ee\/lt\/tooted\/specialus-pasiulymai\/kalis-300-mg-60-kapsuliu\/#primaryimage\"},\"image\":{\"@id\":\"https:\/\/test.puhdasplus.ee\/lt\/tooted\/specialus-pasiulymai\/kalis-300-mg-60-kapsuliu\/#primaryimage\"},\"thumbnailUrl\":\"https:\/\/test.puhdasplus.ee\/wp-content\/uploads\/2020\/11\/Kaalium-PuhdasPlus-scaled.jpg\",\"datePublished\":\"2020-11-05T04:49:02+00:00\",\"dateModified\":\"2026-03-10T12:36:56+00:00\",\"description\":\"\u012esigykite \u201ePure+ Potassium 300 mg\u201c \u2013 maisto papild\u0105, kuris palaiko normal\u0173 kraujosp\u016bd\u012f, nerv\u0173 sistemos ir raumen\u0173 funkcij\u0105. Gryna sud\u0117tis, tinka veganams.\",\"breadcrumb\":{\"@id\":\"https:\/\/test.puhdasplus.ee\/lt\/tooted\/specialus-pasiulymai\/kalis-300-mg-60-kapsuliu\/#breadcrumb\"},\"inLanguage\":\"lt-LT\",\"potentialAction\":[{\"@type\":\"ReadAction\",\"target\":[\"https:\/\/test.puhdasplus.ee\/lt\/tooted\/specialus-pasiulymai\/kalis-300-mg-60-kapsuliu\/\"]}]},{\"@type\":\"ImageObject\",\"inLanguage\":\"lt-LT\",\"@id\":\"https:\/\/test.puhdasplus.ee\/lt\/tooted\/specialus-pasiulymai\/kalis-300-mg-60-kapsuliu\/#primaryimage\",\"url\":\"https:\/\/test.puhdasplus.ee\/wp-content\/uploads\/2020\/11\/Kaalium-PuhdasPlus-scaled.jpg\",\"contentUrl\":\"https:\/\/test.puhdasplus.ee\/wp-content\/uploads\/2020\/11\/Kaalium-PuhdasPlus-scaled.jpg\",\"width\":1862,\"height\":2560,\"caption\":\"Kalis PuhdasPlus\"},{\"@type\":\"BreadcrumbList\",\"@id\":\"https:\/\/test.puhdasplus.ee\/lt\/tooted\/specialus-pasiulymai\/kalis-300-mg-60-kapsuliu\/#breadcrumb\",\"itemListElement\":[{\"@type\":\"ListItem\",\"position\":1,\"name\":\"Prad\u017eia\",\"item\":\"https:\/\/test.puhdasplus.ee\/lt\/\"},{\"@type\":\"ListItem\",\"position\":2,\"name\":\"Produktai\",\"item\":\"https:\/\/test.puhdasplus.ee\/lt\/parduotuve\/\"},{\"@type\":\"ListItem\",\"position\":3,\"name\":\"Kalis 300 mg 60 kapsuli\u0173\"}]},{\"@type\":\"WebSite\",\"@id\":\"https:\/\/test.puhdasplus.ee\/lt\/#website\",\"url\":\"https:\/\/test.puhdasplus.ee\/lt\/\",\"name\":\"Puhdas+\",\"description\":\"Vitamiinid, Toidulisandid, looduskosmeetika, tervis, sport\",\"publisher\":{\"@id\":\"https:\/\/test.puhdasplus.ee\/lt\/#organization\"},\"potentialAction\":[{\"@type\":\"SearchAction\",\"target\":{\"@type\":\"EntryPoint\",\"urlTemplate\":\"https:\/\/test.puhdasplus.ee\/lt\/?s={search_term_string}\"},\"query-input\":{\"@type\":\"PropertyValueSpecification\",\"valueRequired\":true,\"valueName\":\"search_term_string\"}}],\"inLanguage\":\"lt-LT\"},{\"@type\":\"Organization\",\"@id\":\"https:\/\/test.puhdasplus.ee\/lt\/#organization\",\"name\":\"Puhdas+\",\"alternateName\":\"Puhdasplus\",\"url\":\"https:\/\/test.puhdasplus.ee\/lt\/\",\"logo\":{\"@type\":\"ImageObject\",\"inLanguage\":\"lt-LT\",\"@id\":\"https:\/\/test.puhdasplus.ee\/lt\/#\/schema\/logo\/image\/\",\"url\":\"https:\/\/test.puhdasplus.ee\/\/wp-content\/uploads\/2019\/10\/puhdas_logo-arvele.png\",\"contentUrl\":\"https:\/\/test.puhdasplus.ee\/\/wp-content\/uploads\/2019\/10\/puhdas_logo-arvele.png\",\"width\":114,\"height\":94,\"caption\":\"Puhdas+\"},\"image\":{\"@id\":\"https:\/\/test.puhdasplus.ee\/lt\/#\/schema\/logo\/image\/\"},\"sameAs\":[\"https:\/\/www.facebook.com\/puhdasplus\",\"https:\/\/www.instagram.com\/puhdasplus_ee\/\"]}]}<\/script>\n<!-- \/ Yoast SEO plugin. -->","yoast_head_json":{"title":"Kalis 300 mg 60 kapsuli\u0173 - Puhdas+","description":"\u012esigykite \u201ePure+ Potassium 300 mg\u201c \u2013 maisto papild\u0105, kuris palaiko normal\u0173 kraujosp\u016bd\u012f, nerv\u0173 sistemos ir raumen\u0173 funkcij\u0105. Gryna sud\u0117tis, tinka veganams.","robots":{"index":"noindex","follow":"follow","max-snippet":"max-snippet:-1","max-image-preview":"max-image-preview:large","max-video-preview":"max-video-preview:-1"},"og_locale":"lt_LT","og_type":"article","og_title":"Kalis 300 mg 60 kapsuli\u0173 - Puhdas+","og_description":"\u012esigykite \u201ePure+ Potassium 300 mg\u201c \u2013 maisto papild\u0105, kuris palaiko normal\u0173 kraujosp\u016bd\u012f, nerv\u0173 sistemos ir raumen\u0173 funkcij\u0105. Gryna sud\u0117tis, tinka veganams.","og_url":"https:\/\/test.puhdasplus.ee\/lt\/tooted\/specialus-pasiulymai\/kalis-300-mg-60-kapsuliu\/","og_site_name":"Puhdas+","article_publisher":"https:\/\/www.facebook.com\/puhdasplus","article_modified_time":"2026-03-10T12:36:56+00:00","og_image":[{"width":1862,"height":2560,"url":"https:\/\/test.puhdasplus.ee\/wp-content\/uploads\/2020\/11\/Kaalium-PuhdasPlus-scaled.jpg","type":"image\/jpeg"}],"twitter_card":"summary_large_image","twitter_misc":{"Est. reading time":"1 minut\u0117"},"schema":{"@context":"https:\/\/schema.org","@graph":[{"@type":"WebPage","@id":"https:\/\/test.puhdasplus.ee\/lt\/tooted\/specialus-pasiulymai\/kalis-300-mg-60-kapsuliu\/","url":"https:\/\/test.puhdasplus.ee\/lt\/tooted\/specialus-pasiulymai\/kalis-300-mg-60-kapsuliu\/","name":"Kalis 300 mg 60 kapsuli\u0173 - Puhdas+","isPartOf":{"@id":"https:\/\/test.puhdasplus.ee\/lt\/#website"},"primaryImageOfPage":{"@id":"https:\/\/test.puhdasplus.ee\/lt\/tooted\/specialus-pasiulymai\/kalis-300-mg-60-kapsuliu\/#primaryimage"},"image":{"@id":"https:\/\/test.puhdasplus.ee\/lt\/tooted\/specialus-pasiulymai\/kalis-300-mg-60-kapsuliu\/#primaryimage"},"thumbnailUrl":"https:\/\/test.puhdasplus.ee\/wp-content\/uploads\/2020\/11\/Kaalium-PuhdasPlus-scaled.jpg","datePublished":"2020-11-05T04:49:02+00:00","dateModified":"2026-03-10T12:36:56+00:00","description":"\u012esigykite \u201ePure+ Potassium 300 mg\u201c \u2013 maisto papild\u0105, kuris palaiko normal\u0173 kraujosp\u016bd\u012f, nerv\u0173 sistemos ir raumen\u0173 funkcij\u0105. Gryna sud\u0117tis, tinka veganams.","breadcrumb":{"@id":"https:\/\/test.puhdasplus.ee\/lt\/tooted\/specialus-pasiulymai\/kalis-300-mg-60-kapsuliu\/#breadcrumb"},"inLanguage":"lt-LT","potentialAction":[{"@type":"ReadAction","target":["https:\/\/test.puhdasplus.ee\/lt\/tooted\/specialus-pasiulymai\/kalis-300-mg-60-kapsuliu\/"]}]},{"@type":"ImageObject","inLanguage":"lt-LT","@id":"https:\/\/test.puhdasplus.ee\/lt\/tooted\/specialus-pasiulymai\/kalis-300-mg-60-kapsuliu\/#primaryimage","url":"https:\/\/test.puhdasplus.ee\/wp-content\/uploads\/2020\/11\/Kaalium-PuhdasPlus-scaled.jpg","contentUrl":"https:\/\/test.puhdasplus.ee\/wp-content\/uploads\/2020\/11\/Kaalium-PuhdasPlus-scaled.jpg","width":1862,"height":2560,"caption":"Kalis PuhdasPlus"},{"@type":"BreadcrumbList","@id":"https:\/\/test.puhdasplus.ee\/lt\/tooted\/specialus-pasiulymai\/kalis-300-mg-60-kapsuliu\/#breadcrumb","itemListElement":[{"@type":"ListItem","position":1,"name":"Prad\u017eia","item":"https:\/\/test.puhdasplus.ee\/lt\/"},{"@type":"ListItem","position":2,"name":"Produktai","item":"https:\/\/test.puhdasplus.ee\/lt\/parduotuve\/"},{"@type":"ListItem","position":3,"name":"Kalis 300 mg 60 kapsuli\u0173"}]},{"@type":"WebSite","@id":"https:\/\/test.puhdasplus.ee\/lt\/#website","url":"https:\/\/test.puhdasplus.ee\/lt\/","name":"Puhdas+","description":"Vitamiinid, Toidulisandid, looduskosmeetika, tervis, sport","publisher":{"@id":"https:\/\/test.puhdasplus.ee\/lt\/#organization"},"potentialAction":[{"@type":"SearchAction","target":{"@type":"EntryPoint","urlTemplate":"https:\/\/test.puhdasplus.ee\/lt\/?s={search_term_string}"},"query-input":{"@type":"PropertyValueSpecification","valueRequired":true,"valueName":"search_term_string"}}],"inLanguage":"lt-LT"},{"@type":"Organization","@id":"https:\/\/test.puhdasplus.ee\/lt\/#organization","name":"Puhdas+","alternateName":"Puhdasplus","url":"https:\/\/test.puhdasplus.ee\/lt\/","logo":{"@type":"ImageObject","inLanguage":"lt-LT","@id":"https:\/\/test.puhdasplus.ee\/lt\/#\/schema\/logo\/image\/","url":"https:\/\/test.puhdasplus.ee\/\/wp-content\/uploads\/2019\/10\/puhdas_logo-arvele.png","contentUrl":"https:\/\/test.puhdasplus.ee\/\/wp-content\/uploads\/2019\/10\/puhdas_logo-arvele.png","width":114,"height":94,"caption":"Puhdas+"},"image":{"@id":"https:\/\/test.puhdasplus.ee\/lt\/#\/schema\/logo\/image\/"},"sameAs":["https:\/\/www.facebook.com\/puhdasplus","https:\/\/www.instagram.com\/puhdasplus_ee\/"]}]}},"_links":{"self":[{"href":"https:\/\/test.puhdasplus.ee\/lt\/wp-json\/wp\/v2\/product\/353111","targetHints":{"allow":["GET"]}}],"collection":[{"href":"https:\/\/test.puhdasplus.ee\/lt\/wp-json\/wp\/v2\/product"}],"about":[{"href":"https:\/\/test.puhdasplus.ee\/lt\/wp-json\/wp\/v2\/types\/product"}],"replies":[{"embeddable":true,"href":"https:\/\/test.puhdasplus.ee\/lt\/wp-json\/wp\/v2\/comments?post=353111"}],"wp:featuredmedia":[{"embeddable":true,"href":"https:\/\/test.puhdasplus.ee\/lt\/wp-json\/wp\/v2\/media\/357380"}],"wp:attachment":[{"href":"https:\/\/test.puhdasplus.ee\/lt\/wp-json\/wp\/v2\/media?parent=353111"}],"wp:term":[{"taxonomy":"product_brand","embeddable":true,"href":"https:\/\/test.puhdasplus.ee\/lt\/wp-json\/wp\/v2\/product_brand?post=353111"},{"taxonomy":"product_cat","embeddable":true,"href":"https:\/\/test.puhdasplus.ee\/lt\/wp-json\/wp\/v2\/product_cat?post=353111"},{"taxonomy":"product_tag","embeddable":true,"href":"https:\/\/test.puhdasplus.ee\/lt\/wp-json\/wp\/v2\/product_tag?post=353111"}],"curies":[{"name":"wp","href":"https:\/\/api.w.org\/{rel}","templated":true}]}}