{"id":35196,"date":"2021-03-24T13:51:57","date_gmt":"2021-03-24T11:51:57","guid":{"rendered":"https:\/\/test.puhdasplus.ee\/\/tooted\/be-kategorijos\/difuzorius-drekintuvas-oro-aromatizatorius-white-ad-9-200-ml\/"},"modified":"2026-03-10T14:37:34","modified_gmt":"2026-03-10T12:37:34","slug":"difuzorius-drekintuvas-oro-aromatizatorius-white-ad-9-200-ml","status":"publish","type":"product","link":"https:\/\/test.puhdasplus.ee\/lt\/tooted\/difuzoriai\/difuzorius-drekintuvas-oro-aromatizatorius-white-ad-9-200-ml\/","title":{"rendered":"Difuzorius-dr\u0117kintuvas-oro aromatizatorius \u201eWhite AD 9\u201c &#8211; 200 ml"},"content":{"rendered":"<p>Naudojimas: Atidarykite difuzoriaus korpus\u0105 ir pripildykite j\u012f vandens (daugiausia 200 ml) \u2013 \u012fla\u0161inkite 1\u20132 la\u0161us eterinio aliejaus. Prijunkite gamin\u012f prie elektros tinklo ir paspauskite ON mygtuk\u0105. Gaminys paruo\u0161tas naudoti.  <\/p>\n<p>Aromaterapija yra \u0161velnus, bet veiksmingas b\u016bdas gydyti ir maitinti siel\u0105, k\u016bn\u0105 ir prot\u0105. Difuzorius yra vienas efektyviausi\u0173 ir saugiausi\u0173 b\u016bd\u0173 paskirstyti eterini\u0173 aliej\u0173 molekules namuose, SPA centre ar vie\u0161ose erdv\u0117se. <\/p>\n<p>Produkto privalumas yra tas, kad eteriniai aliejai neu\u017everda ir nepridega. Produkt\u0105 lengva ir patogu naudoti. I\u0161 produkto sklindantis v\u0117sus r\u016bkas sukuria maloni\u0105 atmosfer\u0105.  <\/p>\n<p>Difuzoriuje tinka naudoti auk\u0161tos kokyb\u0117s nat\u016bral\u016bs eteriniai aliejai, kurie turi sveik\u0105 poveik\u012f. Galite pasirinkti jums tinkamus eterinius aliejus pagal savo poreikius. <\/p>\n<ul>\n<li>Ultragarsas \u2013 garina vanden\u012f ir eterinius aliejus be deginimo.<\/li>\n<li>\u2022 7 skirting\u0173 spalv\u0173 LED ap\u0161vietimas.<\/li>\n<li>Automatinis i\u0161sijungimas, kai baigiasi vanduo<\/li>\n<li>Laikmatis 1, 3 arba 6 valandos<\/li>\n<li>Smulkus pur\u0161kimas<\/li>\n<li>Spalva: baltas marmuras<\/li>\n<\/ul>\n","protected":false},"excerpt":{"rendered":"<h4>Difuzorius \u2013 dr\u0117kintuvas \u2013 oro aromatizatorius (200 ml)<\/h4>\n<p>Paprasto ir eleganti\u0161ko dizaino dr\u0117kintuvas. Dvi pagrindin\u0117s funkcijos: dr\u0117kinimas ir kvap\u0173 \u0161alinimas. Skirtingos \u0161viesos ir oro dr\u0117kinimo programos. Dr\u0117kindami galite rinktis i\u0161 nuolatinio garo, garo su pertr\u016bkiais arba i\u0161jungti gar\u0105. Galite rinktis i\u0161 keli\u0173 skirting\u0173 ap\u0161vietimo spalv\u0173. \u0160viesos ir oro dr\u0117kinimo programas galima derinti \u012fvairiais b\u016bdais. Dr\u0117kindami taip pat galite \u012fpilti gryn\u0173 eterini\u0173 aliej\u0173 pagal savo pageidavimus.     <\/p>\n","protected":false},"featured_media":35198,"comment_status":"closed","ping_status":"closed","template":"","meta":{"_acf_changed":false},"product_brand":[],"product_cat":[2799,3049],"product_tag":[6131,6137,6145,6136,6155,6133,6138,6129,6132,6146,6139,6141,6135,6143,6142,6144,6147,6130,6134,6140],"class_list":{"0":"post-35196","1":"product","2":"type-product","3":"status-publish","4":"has-post-thumbnail","6":"product_cat-difuzoriai","7":"product_cat-specialus-pasiulymai","8":"product_tag-aroma-difuzorius-200-ml","9":"product_tag-aromaterapijos-difuzorius","10":"product_tag-atpalaiduojantis-aromaterapijos-prietaisas","11":"product_tag-daugiafunkcis-drekintuvas","12":"product_tag-difuzorius-baltas-ad-9","13":"product_tag-difuzorius-su-eteriniais-aliejais","14":"product_tag-drekinamasis-aromatu-difuzorius","15":"product_tag-drekintuvas-baltas-ad-9","16":"product_tag-drekintuvas-ir-aromaterapinis-difuzorius","17":"product_tag-drekintuvas-stresui-malsinti","18":"product_tag-drekintuvas-su-eteriniais-aliejais","19":"product_tag-drekintuvas-su-led-lempute","20":"product_tag-elektrinis-aromatu-difuzorius","21":"product_tag-eteriniu-alieju-difuzorius-200-ml","22":"product_tag-geriausias-drekintuvo-difuzorius","23":"product_tag-kompaktiskas-oro-aromatizatorius","24":"product_tag-namu-drekintuvas-ir-oro-gaiviklis","25":"product_tag-oro-gaiviklis-baltas-ad-9","26":"product_tag-oro-gaiviklis-ir-drekintuvas","27":"product_tag-tylus-difuzorius-namams","29":"first","30":"instock","31":"sale","32":"taxable","33":"shipping-taxable","34":"purchasable","35":"product-type-simple"},"acf":[],"yoast_head":"<!-- This site is optimized with the Yoast SEO plugin v27.1.1 - https:\/\/yoast.com\/product\/yoast-seo-wordpress\/ -->\n<title>Difuzorius-dr\u0117kintuvas-oro aromatizatorius \u201eWhite AD 9\u201c - 200 ml - Puhdas+<\/title>\n<meta name=\"description\" content=\"Difuzorius-dr\u0117kintuvas-oro aromatizatorius \u201eWhite AD 9\u201c (200 ml) dr\u0117kina or\u0105, skleid\u017eia eterini\u0173 aliej\u0173 aromatus ir sukuria atpalaiduojan\u010di\u0105 atmosfer\u0105.\" \/>\n<meta name=\"robots\" content=\"noindex, follow, max-snippet:-1, max-image-preview:large, max-video-preview:-1\" \/>\n<meta property=\"og:locale\" content=\"lt_LT\" \/>\n<meta property=\"og:type\" content=\"article\" \/>\n<meta property=\"og:title\" content=\"Difuzorius-dr\u0117kintuvas-oro aromatizatorius \u201eWhite AD 9\u201c - 200 ml - Puhdas+\" \/>\n<meta property=\"og:description\" content=\"Difuzorius-dr\u0117kintuvas-oro aromatizatorius \u201eWhite AD 9\u201c (200 ml) dr\u0117kina or\u0105, skleid\u017eia eterini\u0173 aliej\u0173 aromatus ir sukuria atpalaiduojan\u010di\u0105 atmosfer\u0105.\" \/>\n<meta property=\"og:url\" content=\"https:\/\/test.puhdasplus.ee\/lt\/tooted\/difuzoriai\/difuzorius-drekintuvas-oro-aromatizatorius-white-ad-9-200-ml\/\" \/>\n<meta property=\"og:site_name\" content=\"Puhdas+\" \/>\n<meta property=\"article:publisher\" content=\"https:\/\/www.facebook.com\/puhdasplus\" \/>\n<meta property=\"article:modified_time\" content=\"2026-03-10T12:37:34+00:00\" \/>\n<meta property=\"og:image\" content=\"https:\/\/test.puhdasplus.ee\/wp-content\/uploads\/2021\/03\/Puhdasplus.ee-diffuuseru_AD-09D-1-700x700-1.jpg\" \/>\n\t<meta property=\"og:image:width\" content=\"700\" \/>\n\t<meta property=\"og:image:height\" content=\"700\" \/>\n\t<meta property=\"og:image:type\" content=\"image\/jpeg\" \/>\n<meta name=\"twitter:card\" content=\"summary_large_image\" \/>\n<meta name=\"twitter:label1\" content=\"Est. reading time\" \/>\n\t<meta name=\"twitter:data1\" content=\"1 minut\u0117\" \/>\n<script type=\"application\/ld+json\" class=\"yoast-schema-graph\">{\"@context\":\"https:\/\/schema.org\",\"@graph\":[{\"@type\":\"WebPage\",\"@id\":\"https:\/\/test.puhdasplus.ee\/lt\/tooted\/difuzoriai\/difuzorius-drekintuvas-oro-aromatizatorius-white-ad-9-200-ml\/\",\"url\":\"https:\/\/test.puhdasplus.ee\/lt\/tooted\/difuzoriai\/difuzorius-drekintuvas-oro-aromatizatorius-white-ad-9-200-ml\/\",\"name\":\"Difuzorius-dr\u0117kintuvas-oro aromatizatorius \u201eWhite AD 9\u201c - 200 ml - Puhdas+\",\"isPartOf\":{\"@id\":\"https:\/\/test.puhdasplus.ee\/lt\/#website\"},\"primaryImageOfPage\":{\"@id\":\"https:\/\/test.puhdasplus.ee\/lt\/tooted\/difuzoriai\/difuzorius-drekintuvas-oro-aromatizatorius-white-ad-9-200-ml\/#primaryimage\"},\"image\":{\"@id\":\"https:\/\/test.puhdasplus.ee\/lt\/tooted\/difuzoriai\/difuzorius-drekintuvas-oro-aromatizatorius-white-ad-9-200-ml\/#primaryimage\"},\"thumbnailUrl\":\"https:\/\/test.puhdasplus.ee\/wp-content\/uploads\/2021\/03\/Puhdasplus.ee-diffuuseru_AD-09D-1-700x700-1.jpg\",\"datePublished\":\"2021-03-24T11:51:57+00:00\",\"dateModified\":\"2026-03-10T12:37:34+00:00\",\"description\":\"Difuzorius-dr\u0117kintuvas-oro aromatizatorius \u201eWhite AD 9\u201c (200 ml) dr\u0117kina or\u0105, skleid\u017eia eterini\u0173 aliej\u0173 aromatus ir sukuria atpalaiduojan\u010di\u0105 atmosfer\u0105.\",\"breadcrumb\":{\"@id\":\"https:\/\/test.puhdasplus.ee\/lt\/tooted\/difuzoriai\/difuzorius-drekintuvas-oro-aromatizatorius-white-ad-9-200-ml\/#breadcrumb\"},\"inLanguage\":\"lt-LT\",\"potentialAction\":[{\"@type\":\"ReadAction\",\"target\":[\"https:\/\/test.puhdasplus.ee\/lt\/tooted\/difuzoriai\/difuzorius-drekintuvas-oro-aromatizatorius-white-ad-9-200-ml\/\"]}]},{\"@type\":\"ImageObject\",\"inLanguage\":\"lt-LT\",\"@id\":\"https:\/\/test.puhdasplus.ee\/lt\/tooted\/difuzoriai\/difuzorius-drekintuvas-oro-aromatizatorius-white-ad-9-200-ml\/#primaryimage\",\"url\":\"https:\/\/test.puhdasplus.ee\/wp-content\/uploads\/2021\/03\/Puhdasplus.ee-diffuuseru_AD-09D-1-700x700-1.jpg\",\"contentUrl\":\"https:\/\/test.puhdasplus.ee\/wp-content\/uploads\/2021\/03\/Puhdasplus.ee-diffuuseru_AD-09D-1-700x700-1.jpg\",\"width\":700,\"height\":700,\"caption\":\"Oro valytuvas ir dr\u0117kintuvas\"},{\"@type\":\"BreadcrumbList\",\"@id\":\"https:\/\/test.puhdasplus.ee\/lt\/tooted\/difuzoriai\/difuzorius-drekintuvas-oro-aromatizatorius-white-ad-9-200-ml\/#breadcrumb\",\"itemListElement\":[{\"@type\":\"ListItem\",\"position\":1,\"name\":\"Prad\u017eia\",\"item\":\"https:\/\/test.puhdasplus.ee\/lt\/\"},{\"@type\":\"ListItem\",\"position\":2,\"name\":\"Produktai\",\"item\":\"https:\/\/test.puhdasplus.ee\/lt\/parduotuve\/\"},{\"@type\":\"ListItem\",\"position\":3,\"name\":\"Difuzorius-dr\u0117kintuvas-oro aromatizatorius \u201eWhite AD 9\u201c &#8211; 200 ml\"}]},{\"@type\":\"WebSite\",\"@id\":\"https:\/\/test.puhdasplus.ee\/lt\/#website\",\"url\":\"https:\/\/test.puhdasplus.ee\/lt\/\",\"name\":\"Puhdas+\",\"description\":\"Vitamiinid, Toidulisandid, looduskosmeetika, tervis, sport\",\"publisher\":{\"@id\":\"https:\/\/test.puhdasplus.ee\/lt\/#organization\"},\"potentialAction\":[{\"@type\":\"SearchAction\",\"target\":{\"@type\":\"EntryPoint\",\"urlTemplate\":\"https:\/\/test.puhdasplus.ee\/lt\/?s={search_term_string}\"},\"query-input\":{\"@type\":\"PropertyValueSpecification\",\"valueRequired\":true,\"valueName\":\"search_term_string\"}}],\"inLanguage\":\"lt-LT\"},{\"@type\":\"Organization\",\"@id\":\"https:\/\/test.puhdasplus.ee\/lt\/#organization\",\"name\":\"Puhdas+\",\"alternateName\":\"Puhdasplus\",\"url\":\"https:\/\/test.puhdasplus.ee\/lt\/\",\"logo\":{\"@type\":\"ImageObject\",\"inLanguage\":\"lt-LT\",\"@id\":\"https:\/\/test.puhdasplus.ee\/lt\/#\/schema\/logo\/image\/\",\"url\":\"https:\/\/test.puhdasplus.ee\/\/wp-content\/uploads\/2019\/10\/puhdas_logo-arvele.png\",\"contentUrl\":\"https:\/\/test.puhdasplus.ee\/\/wp-content\/uploads\/2019\/10\/puhdas_logo-arvele.png\",\"width\":114,\"height\":94,\"caption\":\"Puhdas+\"},\"image\":{\"@id\":\"https:\/\/test.puhdasplus.ee\/lt\/#\/schema\/logo\/image\/\"},\"sameAs\":[\"https:\/\/www.facebook.com\/puhdasplus\",\"https:\/\/www.instagram.com\/puhdasplus_ee\/\"]}]}<\/script>\n<!-- \/ Yoast SEO plugin. -->","yoast_head_json":{"title":"Difuzorius-dr\u0117kintuvas-oro aromatizatorius \u201eWhite AD 9\u201c - 200 ml - Puhdas+","description":"Difuzorius-dr\u0117kintuvas-oro aromatizatorius \u201eWhite AD 9\u201c (200 ml) dr\u0117kina or\u0105, skleid\u017eia eterini\u0173 aliej\u0173 aromatus ir sukuria atpalaiduojan\u010di\u0105 atmosfer\u0105.","robots":{"index":"noindex","follow":"follow","max-snippet":"max-snippet:-1","max-image-preview":"max-image-preview:large","max-video-preview":"max-video-preview:-1"},"og_locale":"lt_LT","og_type":"article","og_title":"Difuzorius-dr\u0117kintuvas-oro aromatizatorius \u201eWhite AD 9\u201c - 200 ml - Puhdas+","og_description":"Difuzorius-dr\u0117kintuvas-oro aromatizatorius \u201eWhite AD 9\u201c (200 ml) dr\u0117kina or\u0105, skleid\u017eia eterini\u0173 aliej\u0173 aromatus ir sukuria atpalaiduojan\u010di\u0105 atmosfer\u0105.","og_url":"https:\/\/test.puhdasplus.ee\/lt\/tooted\/difuzoriai\/difuzorius-drekintuvas-oro-aromatizatorius-white-ad-9-200-ml\/","og_site_name":"Puhdas+","article_publisher":"https:\/\/www.facebook.com\/puhdasplus","article_modified_time":"2026-03-10T12:37:34+00:00","og_image":[{"width":700,"height":700,"url":"https:\/\/test.puhdasplus.ee\/wp-content\/uploads\/2021\/03\/Puhdasplus.ee-diffuuseru_AD-09D-1-700x700-1.jpg","type":"image\/jpeg"}],"twitter_card":"summary_large_image","twitter_misc":{"Est. reading time":"1 minut\u0117"},"schema":{"@context":"https:\/\/schema.org","@graph":[{"@type":"WebPage","@id":"https:\/\/test.puhdasplus.ee\/lt\/tooted\/difuzoriai\/difuzorius-drekintuvas-oro-aromatizatorius-white-ad-9-200-ml\/","url":"https:\/\/test.puhdasplus.ee\/lt\/tooted\/difuzoriai\/difuzorius-drekintuvas-oro-aromatizatorius-white-ad-9-200-ml\/","name":"Difuzorius-dr\u0117kintuvas-oro aromatizatorius \u201eWhite AD 9\u201c - 200 ml - Puhdas+","isPartOf":{"@id":"https:\/\/test.puhdasplus.ee\/lt\/#website"},"primaryImageOfPage":{"@id":"https:\/\/test.puhdasplus.ee\/lt\/tooted\/difuzoriai\/difuzorius-drekintuvas-oro-aromatizatorius-white-ad-9-200-ml\/#primaryimage"},"image":{"@id":"https:\/\/test.puhdasplus.ee\/lt\/tooted\/difuzoriai\/difuzorius-drekintuvas-oro-aromatizatorius-white-ad-9-200-ml\/#primaryimage"},"thumbnailUrl":"https:\/\/test.puhdasplus.ee\/wp-content\/uploads\/2021\/03\/Puhdasplus.ee-diffuuseru_AD-09D-1-700x700-1.jpg","datePublished":"2021-03-24T11:51:57+00:00","dateModified":"2026-03-10T12:37:34+00:00","description":"Difuzorius-dr\u0117kintuvas-oro aromatizatorius \u201eWhite AD 9\u201c (200 ml) dr\u0117kina or\u0105, skleid\u017eia eterini\u0173 aliej\u0173 aromatus ir sukuria atpalaiduojan\u010di\u0105 atmosfer\u0105.","breadcrumb":{"@id":"https:\/\/test.puhdasplus.ee\/lt\/tooted\/difuzoriai\/difuzorius-drekintuvas-oro-aromatizatorius-white-ad-9-200-ml\/#breadcrumb"},"inLanguage":"lt-LT","potentialAction":[{"@type":"ReadAction","target":["https:\/\/test.puhdasplus.ee\/lt\/tooted\/difuzoriai\/difuzorius-drekintuvas-oro-aromatizatorius-white-ad-9-200-ml\/"]}]},{"@type":"ImageObject","inLanguage":"lt-LT","@id":"https:\/\/test.puhdasplus.ee\/lt\/tooted\/difuzoriai\/difuzorius-drekintuvas-oro-aromatizatorius-white-ad-9-200-ml\/#primaryimage","url":"https:\/\/test.puhdasplus.ee\/wp-content\/uploads\/2021\/03\/Puhdasplus.ee-diffuuseru_AD-09D-1-700x700-1.jpg","contentUrl":"https:\/\/test.puhdasplus.ee\/wp-content\/uploads\/2021\/03\/Puhdasplus.ee-diffuuseru_AD-09D-1-700x700-1.jpg","width":700,"height":700,"caption":"Oro valytuvas ir dr\u0117kintuvas"},{"@type":"BreadcrumbList","@id":"https:\/\/test.puhdasplus.ee\/lt\/tooted\/difuzoriai\/difuzorius-drekintuvas-oro-aromatizatorius-white-ad-9-200-ml\/#breadcrumb","itemListElement":[{"@type":"ListItem","position":1,"name":"Prad\u017eia","item":"https:\/\/test.puhdasplus.ee\/lt\/"},{"@type":"ListItem","position":2,"name":"Produktai","item":"https:\/\/test.puhdasplus.ee\/lt\/parduotuve\/"},{"@type":"ListItem","position":3,"name":"Difuzorius-dr\u0117kintuvas-oro aromatizatorius \u201eWhite AD 9\u201c &#8211; 200 ml"}]},{"@type":"WebSite","@id":"https:\/\/test.puhdasplus.ee\/lt\/#website","url":"https:\/\/test.puhdasplus.ee\/lt\/","name":"Puhdas+","description":"Vitamiinid, Toidulisandid, looduskosmeetika, tervis, sport","publisher":{"@id":"https:\/\/test.puhdasplus.ee\/lt\/#organization"},"potentialAction":[{"@type":"SearchAction","target":{"@type":"EntryPoint","urlTemplate":"https:\/\/test.puhdasplus.ee\/lt\/?s={search_term_string}"},"query-input":{"@type":"PropertyValueSpecification","valueRequired":true,"valueName":"search_term_string"}}],"inLanguage":"lt-LT"},{"@type":"Organization","@id":"https:\/\/test.puhdasplus.ee\/lt\/#organization","name":"Puhdas+","alternateName":"Puhdasplus","url":"https:\/\/test.puhdasplus.ee\/lt\/","logo":{"@type":"ImageObject","inLanguage":"lt-LT","@id":"https:\/\/test.puhdasplus.ee\/lt\/#\/schema\/logo\/image\/","url":"https:\/\/test.puhdasplus.ee\/\/wp-content\/uploads\/2019\/10\/puhdas_logo-arvele.png","contentUrl":"https:\/\/test.puhdasplus.ee\/\/wp-content\/uploads\/2019\/10\/puhdas_logo-arvele.png","width":114,"height":94,"caption":"Puhdas+"},"image":{"@id":"https:\/\/test.puhdasplus.ee\/lt\/#\/schema\/logo\/image\/"},"sameAs":["https:\/\/www.facebook.com\/puhdasplus","https:\/\/www.instagram.com\/puhdasplus_ee\/"]}]}},"_links":{"self":[{"href":"https:\/\/test.puhdasplus.ee\/lt\/wp-json\/wp\/v2\/product\/35196","targetHints":{"allow":["GET"]}}],"collection":[{"href":"https:\/\/test.puhdasplus.ee\/lt\/wp-json\/wp\/v2\/product"}],"about":[{"href":"https:\/\/test.puhdasplus.ee\/lt\/wp-json\/wp\/v2\/types\/product"}],"replies":[{"embeddable":true,"href":"https:\/\/test.puhdasplus.ee\/lt\/wp-json\/wp\/v2\/comments?post=35196"}],"wp:featuredmedia":[{"embeddable":true,"href":"https:\/\/test.puhdasplus.ee\/lt\/wp-json\/wp\/v2\/media\/35198"}],"wp:attachment":[{"href":"https:\/\/test.puhdasplus.ee\/lt\/wp-json\/wp\/v2\/media?parent=35196"}],"wp:term":[{"taxonomy":"product_brand","embeddable":true,"href":"https:\/\/test.puhdasplus.ee\/lt\/wp-json\/wp\/v2\/product_brand?post=35196"},{"taxonomy":"product_cat","embeddable":true,"href":"https:\/\/test.puhdasplus.ee\/lt\/wp-json\/wp\/v2\/product_cat?post=35196"},{"taxonomy":"product_tag","embeddable":true,"href":"https:\/\/test.puhdasplus.ee\/lt\/wp-json\/wp\/v2\/product_tag?post=35196"}],"curies":[{"name":"wp","href":"https:\/\/api.w.org\/{rel}","templated":true}]}}