{"id":35186,"date":"2021-03-12T16:27:32","date_gmt":"2021-03-12T14:27:32","guid":{"rendered":"https:\/\/test.puhdasplus.ee\/\/tooted\/be-kategorijos\/eteriniu-alieju-difuzorius-200-ml-ad-9-naturali-aromaterapija-ir-drekinimas\/"},"modified":"2026-03-10T14:37:26","modified_gmt":"2026-03-10T12:37:26","slug":"eteriniu-alieju-difuzorius-200-ml-ad-9-naturali-aromaterapija-ir-drekinimas","status":"publish","type":"product","link":"https:\/\/test.puhdasplus.ee\/lt\/tooted\/difuzoriai\/eteriniu-alieju-difuzorius-200-ml-ad-9-naturali-aromaterapija-ir-drekinimas\/","title":{"rendered":"Eterini\u0173 aliej\u0173 difuzorius 200 ml (AD-9) \u2013 nat\u016brali aromaterapija ir dr\u0117kinimas"},"content":{"rendered":"<p data-start=\"103\" data-end=\"469\">Eterini\u0173 aliej\u0173 difuzorius su med\u017eio ra\u0161tu, 200 ml (AD-9) \u2013 tai <strong data-start=\"171\" data-end=\"208\">kompakti\u0161kas ir stilingas difuzorius<\/strong> , skleid\u017eiantis <strong data-start=\"222\" data-end=\"265\">eterini\u0173 aliej\u0173 aromat\u0105 ir dr\u0117kinantis or\u0105<\/strong> , pad\u0117damas sukurti <strong data-start=\"280\" data-end=\"320\">atpalaiduojan\u010di\u0105 ir gaivinan\u010di\u0105 atmosfer\u0105<\/strong> . <strong data-start=\"322\" data-end=\"340\">200 ml vandens bakelis<\/strong> u\u017etikrina vidutin\u012f naudojimo laik\u0105, tod\u0117l idealiai tinka ma\u017eesn\u0117ms erdv\u0117ms, tokioms kaip miegamieji, biurai ar meditacijos kampeliai.<\/p>\n<p data-start=\"471\" data-end=\"734\"><strong data-start=\"471\" data-end=\"496\">Ultragarsin\u0117 technologija<\/strong> leid\u017eia \u0161velniai garinti eterinius aliejus nenaudojant \u0161ilumos, i\u0161saugant j\u0173 nat\u016bralias savybes. <strong data-start=\"605\" data-end=\"658\">\u012evairiaspalvis LED ap\u0161vietimas ir laikma\u010dio funkcija<\/strong> taip pat puikiai tinka nuotaikai sukurti arba naudoti nakt\u012f.<\/p>\n<h4 data-start=\"905\" data-end=\"934\"><strong data-start=\"910\" data-end=\"932\">Naudojimo instrukcijos:<\/strong><\/h4>\n<ol data-start=\"935\" data-end=\"1275\">\n<li data-start=\"935\" data-end=\"1023\"><strong data-start=\"938\" data-end=\"974\">Nuimkite dangtel\u012f ir pripildykite vandens bakel\u012f<\/strong> \u0161variu vandeniu iki maksimalios \u017eymos (200 ml).<\/li>\n<li data-start=\"1024\" data-end=\"1105\"><strong data-start=\"1027\" data-end=\"1062\">\u012ela\u0161inkite 3\u20135 la\u0161us eterinio aliejaus,<\/strong> kad gal\u0117tum\u0117te m\u0117gautis atpalaiduojan\u010dia aromaterapija.<\/li>\n<li data-start=\"1106\" data-end=\"1195\"><strong data-start=\"1109\" data-end=\"1163\">Pasirinkite norim\u0105 veikimo re\u017eim\u0105 ir LED ap\u0161vietimo spalv\u0105<\/strong> naudodami intuityv\u0173 valdymo skydel\u012f.<\/li>\n<li data-start=\"1196\" data-end=\"1275\"><strong data-start=\"1199\" data-end=\"1236\">Difuzorius automati\u0161kai i\u0161sijungia,<\/strong> kai baigiasi vanduo, taip u\u017etikrinant saugum\u0105.<\/li>\n<\/ol>\n<h4 data-start=\"1277\" data-end=\"1312\"><strong data-start=\"1282\" data-end=\"1310\">Savyb\u0117s ir privalumai:<\/strong><\/h4>\n<ul data-start=\"1313\" data-end=\"1743\">\n<li data-start=\"1313\" data-end=\"1387\"><strong data-start=\"1315\" data-end=\"1340\">Ultragarsin\u0117 technologija<\/strong> \u2013 tylus ir efektyvus i\u0161sklaidymas be kar\u0161\u010dio.<\/li>\n<li data-start=\"1388\" data-end=\"1464\"><strong data-start=\"1390\" data-end=\"1408\">200 ml vandens bakas<\/strong> \u2013 vidutinis veikimo laikas, idealiai tinka ma\u017eesn\u0117ms erdv\u0117ms.<\/li>\n<li data-start=\"1465\" data-end=\"1535\"><strong data-start=\"1467\" data-end=\"1494\">Automatinis i\u0161sijungimas<\/strong> \u2013 saugi ir energij\u0105 taupanti funkcija.<\/li>\n<li data-start=\"1536\" data-end=\"1599\"><strong data-start=\"1538\" data-end=\"1561\">LED foninis ap\u0161vietimas<\/strong> \u2013 kelios spalvos nuotaikai sukurti.<\/li>\n<li data-start=\"1600\" data-end=\"1654\"><strong data-start=\"1602\" data-end=\"1651\">Dr\u0117kina or\u0105 ir pa\u0161alina nemalonius kvapus<\/strong> .<\/li>\n<li data-start=\"1655\" data-end=\"1743\"><strong data-start=\"1657\" data-end=\"1695\">Tinka naudoti eterinius aliejus<\/strong> atsipalaidavimui, susikaupimui ar miegui palaikyti.<\/li>\n<\/ul>\n<p>&nbsp;<\/p>\n<p>Aromaterapija yra \u0161velnus, bet veiksmingas b\u016bdas gydyti ir maitinti siel\u0105, k\u016bn\u0105 ir prot\u0105. Difuzorius yra vienas efektyviausi\u0173 ir saugiausi\u0173 b\u016bd\u0173 paskirstyti eterini\u0173 aliej\u0173 molekules namuose, SPA centre ar vie\u0161ose erdv\u0117se. <\/p>\n<p>Produkto privalumas yra tas, kad eteriniai aliejai neu\u017everda ir nepridega. Produkt\u0105 lengva ir patogu naudoti. I\u0161 produkto sklindantis v\u0117sus r\u016bkas sukuria maloni\u0105 atmosfer\u0105.  <\/p>\n<p>Difuzoriuje tinka naudoti auk\u0161tos kokyb\u0117s nat\u016bral\u016bs eteriniai aliejai, kurie turi sveik\u0105 poveik\u012f. Galite pasirinkti jums tinkamus eterinius aliejus pagal savo poreikius. <\/p>\n<ul>\n<li>Ultragarsas \u2013 garina vanden\u012f ir eterinius aliejus be deginimo.<\/li>\n<li>\u2022 7 skirting\u0173 spalv\u0173 LED lemput\u0117s.<\/li>\n<li>Automatinis i\u0161sijungimas, kai baigiasi vanduo<\/li>\n<li>Laikmatis 1, 3 arba 6 valandos<\/li>\n<li>Smulkus pur\u0161kimas<\/li>\n<li>Spalva: nat\u016brali mediena<\/li>\n<\/ul>\n","protected":false},"excerpt":{"rendered":"<h4>Kompakti\u0161kas ir stilingas aromaterapinis difuzorius, kuris <strong data-start=\"801\" data-end=\"851\">dr\u0117kina or\u0105 ir skleid\u017eia eterini\u0173 aliej\u0173 kvap\u0105<\/strong> , pad\u0117damas sukurti raminan\u010di\u0105 ir gaivinan\u010di\u0105 aplink\u0105.<\/h4>\n","protected":false},"featured_media":35190,"comment_status":"closed","ping_status":"closed","template":"","meta":{"_acf_changed":false},"product_brand":[],"product_cat":[2799],"product_tag":[6131,6137,6072,6076,6145,6136,6083,6148,6133,6138,6073,6129,6132,6146,6139,6141,6135,2782,6143,6142,6144,6078,6127,6075,6147,6079,6081,6130,6134,2753,6140,6074],"class_list":{"0":"post-35186","1":"product","2":"type-product","3":"status-publish","4":"has-post-thumbnail","6":"product_cat-difuzoriai","7":"product_tag-aroma-difuzorius-200-ml","8":"product_tag-aromaterapijos-difuzorius","9":"product_tag-aromatu-difuzorius","10":"product_tag-atpalaiduojanti-aromaterapija","11":"product_tag-atpalaiduojantis-aromaterapijos-prietaisas","12":"product_tag-daugiafunkcis-drekintuvas","13":"product_tag-difuzorius","14":"product_tag-difuzorius-ad-9","15":"product_tag-difuzorius-su-eteriniais-aliejais","16":"product_tag-drekinamasis-aromatu-difuzorius","17":"product_tag-drekintuvas","18":"product_tag-drekintuvas-baltas-ad-9","19":"product_tag-drekintuvas-ir-aromaterapinis-difuzorius","20":"product_tag-drekintuvas-stresui-malsinti","21":"product_tag-drekintuvas-su-eteriniais-aliejais","22":"product_tag-drekintuvas-su-led-lempute","23":"product_tag-elektrinis-aromatu-difuzorius","24":"product_tag-eterinio-aliejaus-difuzorius","25":"product_tag-eteriniu-alieju-difuzorius-200-ml","26":"product_tag-geriausias-drekintuvo-difuzorius","27":"product_tag-kompaktiskas-oro-aromatizatorius","28":"product_tag-led-sviesos-difuzorius","29":"product_tag-meditacijos-difuzorius","30":"product_tag-medzio-rasto-difuzorius","31":"product_tag-namu-drekintuvas-ir-oro-gaiviklis","32":"product_tag-namu-spa","33":"product_tag-naturalus-difuzorius","34":"product_tag-oro-gaiviklis-baltas-ad-9","35":"product_tag-oro-gaiviklis-ir-drekintuvas","36":"product_tag-streso-mazinimas","37":"product_tag-tylus-difuzorius-namams","38":"product_tag-ultragarsinis-difuzorius","40":"first","41":"outofstock","42":"taxable","43":"shipping-taxable","44":"purchasable","45":"product-type-simple"},"acf":[],"yoast_head":"<!-- This site is optimized with the Yoast SEO plugin v27.1.1 - https:\/\/yoast.com\/product\/yoast-seo-wordpress\/ -->\n<title>Eterini\u0173 aliej\u0173 difuzorius 200 ml (AD-9) \u2013 nat\u016brali aromaterapija ir dr\u0117kinimas - Puhdas+<\/title>\n<meta name=\"description\" content=\"Eterini\u0173 aliej\u0173 difuzorius su med\u017eio ra\u0161tu 200 ml (AD-9) sukuria raminan\u010di\u0105 atmosfer\u0105, dr\u0117kina or\u0105 ir skleid\u017eia eterini\u0173 aliej\u0173 kvap\u0105.\" \/>\n<meta name=\"robots\" content=\"noindex, follow, max-snippet:-1, max-image-preview:large, max-video-preview:-1\" \/>\n<meta property=\"og:locale\" content=\"lt_LT\" \/>\n<meta property=\"og:type\" content=\"article\" \/>\n<meta property=\"og:title\" content=\"Eterini\u0173 aliej\u0173 difuzorius 200 ml (AD-9) \u2013 nat\u016brali aromaterapija ir dr\u0117kinimas - Puhdas+\" \/>\n<meta property=\"og:description\" content=\"Eterini\u0173 aliej\u0173 difuzorius su med\u017eio ra\u0161tu 200 ml (AD-9) sukuria raminan\u010di\u0105 atmosfer\u0105, dr\u0117kina or\u0105 ir skleid\u017eia eterini\u0173 aliej\u0173 kvap\u0105.\" \/>\n<meta property=\"og:url\" content=\"https:\/\/test.puhdasplus.ee\/lt\/tooted\/difuzoriai\/eteriniu-alieju-difuzorius-200-ml-ad-9-naturali-aromaterapija-ir-drekinimas\/\" \/>\n<meta property=\"og:site_name\" content=\"Puhdas+\" \/>\n<meta property=\"article:publisher\" content=\"https:\/\/www.facebook.com\/puhdasplus\" \/>\n<meta property=\"article:modified_time\" content=\"2026-03-10T12:37:26+00:00\" \/>\n<meta property=\"og:image\" content=\"https:\/\/test.puhdasplus.ee\/wp-content\/uploads\/2021\/03\/puhdas-aroma-diffuser-ad-9-wood.jpg\" \/>\n\t<meta property=\"og:image:width\" content=\"600\" \/>\n\t<meta property=\"og:image:height\" content=\"600\" \/>\n\t<meta property=\"og:image:type\" content=\"image\/jpeg\" \/>\n<meta name=\"twitter:card\" content=\"summary_large_image\" \/>\n<meta name=\"twitter:label1\" content=\"Est. reading time\" \/>\n\t<meta name=\"twitter:data1\" content=\"2 minut\u0117\" \/>\n<script type=\"application\/ld+json\" class=\"yoast-schema-graph\">{\"@context\":\"https:\/\/schema.org\",\"@graph\":[{\"@type\":\"WebPage\",\"@id\":\"https:\/\/test.puhdasplus.ee\/lt\/tooted\/difuzoriai\/eteriniu-alieju-difuzorius-200-ml-ad-9-naturali-aromaterapija-ir-drekinimas\/\",\"url\":\"https:\/\/test.puhdasplus.ee\/lt\/tooted\/difuzoriai\/eteriniu-alieju-difuzorius-200-ml-ad-9-naturali-aromaterapija-ir-drekinimas\/\",\"name\":\"Eterini\u0173 aliej\u0173 difuzorius 200 ml (AD-9) \u2013 nat\u016brali aromaterapija ir dr\u0117kinimas - Puhdas+\",\"isPartOf\":{\"@id\":\"https:\/\/test.puhdasplus.ee\/lt\/#website\"},\"primaryImageOfPage\":{\"@id\":\"https:\/\/test.puhdasplus.ee\/lt\/tooted\/difuzoriai\/eteriniu-alieju-difuzorius-200-ml-ad-9-naturali-aromaterapija-ir-drekinimas\/#primaryimage\"},\"image\":{\"@id\":\"https:\/\/test.puhdasplus.ee\/lt\/tooted\/difuzoriai\/eteriniu-alieju-difuzorius-200-ml-ad-9-naturali-aromaterapija-ir-drekinimas\/#primaryimage\"},\"thumbnailUrl\":\"https:\/\/test.puhdasplus.ee\/wp-content\/uploads\/2021\/03\/puhdas-aroma-diffuser-ad-9-wood.jpg\",\"datePublished\":\"2021-03-12T14:27:32+00:00\",\"dateModified\":\"2026-03-10T12:37:26+00:00\",\"description\":\"Eterini\u0173 aliej\u0173 difuzorius su med\u017eio ra\u0161tu 200 ml (AD-9) sukuria raminan\u010di\u0105 atmosfer\u0105, dr\u0117kina or\u0105 ir skleid\u017eia eterini\u0173 aliej\u0173 kvap\u0105.\",\"breadcrumb\":{\"@id\":\"https:\/\/test.puhdasplus.ee\/lt\/tooted\/difuzoriai\/eteriniu-alieju-difuzorius-200-ml-ad-9-naturali-aromaterapija-ir-drekinimas\/#breadcrumb\"},\"inLanguage\":\"lt-LT\",\"potentialAction\":[{\"@type\":\"ReadAction\",\"target\":[\"https:\/\/test.puhdasplus.ee\/lt\/tooted\/difuzoriai\/eteriniu-alieju-difuzorius-200-ml-ad-9-naturali-aromaterapija-ir-drekinimas\/\"]}]},{\"@type\":\"ImageObject\",\"inLanguage\":\"lt-LT\",\"@id\":\"https:\/\/test.puhdasplus.ee\/lt\/tooted\/difuzoriai\/eteriniu-alieju-difuzorius-200-ml-ad-9-naturali-aromaterapija-ir-drekinimas\/#primaryimage\",\"url\":\"https:\/\/test.puhdasplus.ee\/wp-content\/uploads\/2021\/03\/puhdas-aroma-diffuser-ad-9-wood.jpg\",\"contentUrl\":\"https:\/\/test.puhdasplus.ee\/wp-content\/uploads\/2021\/03\/puhdas-aroma-diffuser-ad-9-wood.jpg\",\"width\":600,\"height\":600,\"caption\":\"puhdusplus aromaterapinis difuzorius, dr\u0117kintuvas\"},{\"@type\":\"BreadcrumbList\",\"@id\":\"https:\/\/test.puhdasplus.ee\/lt\/tooted\/difuzoriai\/eteriniu-alieju-difuzorius-200-ml-ad-9-naturali-aromaterapija-ir-drekinimas\/#breadcrumb\",\"itemListElement\":[{\"@type\":\"ListItem\",\"position\":1,\"name\":\"Prad\u017eia\",\"item\":\"https:\/\/test.puhdasplus.ee\/lt\/\"},{\"@type\":\"ListItem\",\"position\":2,\"name\":\"Produktai\",\"item\":\"https:\/\/test.puhdasplus.ee\/lt\/parduotuve\/\"},{\"@type\":\"ListItem\",\"position\":3,\"name\":\"Eterini\u0173 aliej\u0173 difuzorius 200 ml (AD-9) \u2013 nat\u016brali aromaterapija ir dr\u0117kinimas\"}]},{\"@type\":\"WebSite\",\"@id\":\"https:\/\/test.puhdasplus.ee\/lt\/#website\",\"url\":\"https:\/\/test.puhdasplus.ee\/lt\/\",\"name\":\"Puhdas+\",\"description\":\"Vitamiinid, Toidulisandid, looduskosmeetika, tervis, sport\",\"publisher\":{\"@id\":\"https:\/\/test.puhdasplus.ee\/lt\/#organization\"},\"potentialAction\":[{\"@type\":\"SearchAction\",\"target\":{\"@type\":\"EntryPoint\",\"urlTemplate\":\"https:\/\/test.puhdasplus.ee\/lt\/?s={search_term_string}\"},\"query-input\":{\"@type\":\"PropertyValueSpecification\",\"valueRequired\":true,\"valueName\":\"search_term_string\"}}],\"inLanguage\":\"lt-LT\"},{\"@type\":\"Organization\",\"@id\":\"https:\/\/test.puhdasplus.ee\/lt\/#organization\",\"name\":\"Puhdas+\",\"alternateName\":\"Puhdasplus\",\"url\":\"https:\/\/test.puhdasplus.ee\/lt\/\",\"logo\":{\"@type\":\"ImageObject\",\"inLanguage\":\"lt-LT\",\"@id\":\"https:\/\/test.puhdasplus.ee\/lt\/#\/schema\/logo\/image\/\",\"url\":\"https:\/\/test.puhdasplus.ee\/\/wp-content\/uploads\/2019\/10\/puhdas_logo-arvele.png\",\"contentUrl\":\"https:\/\/test.puhdasplus.ee\/\/wp-content\/uploads\/2019\/10\/puhdas_logo-arvele.png\",\"width\":114,\"height\":94,\"caption\":\"Puhdas+\"},\"image\":{\"@id\":\"https:\/\/test.puhdasplus.ee\/lt\/#\/schema\/logo\/image\/\"},\"sameAs\":[\"https:\/\/www.facebook.com\/puhdasplus\",\"https:\/\/www.instagram.com\/puhdasplus_ee\/\"]}]}<\/script>\n<!-- \/ Yoast SEO plugin. -->","yoast_head_json":{"title":"Eterini\u0173 aliej\u0173 difuzorius 200 ml (AD-9) \u2013 nat\u016brali aromaterapija ir dr\u0117kinimas - Puhdas+","description":"Eterini\u0173 aliej\u0173 difuzorius su med\u017eio ra\u0161tu 200 ml (AD-9) sukuria raminan\u010di\u0105 atmosfer\u0105, dr\u0117kina or\u0105 ir skleid\u017eia eterini\u0173 aliej\u0173 kvap\u0105.","robots":{"index":"noindex","follow":"follow","max-snippet":"max-snippet:-1","max-image-preview":"max-image-preview:large","max-video-preview":"max-video-preview:-1"},"og_locale":"lt_LT","og_type":"article","og_title":"Eterini\u0173 aliej\u0173 difuzorius 200 ml (AD-9) \u2013 nat\u016brali aromaterapija ir dr\u0117kinimas - Puhdas+","og_description":"Eterini\u0173 aliej\u0173 difuzorius su med\u017eio ra\u0161tu 200 ml (AD-9) sukuria raminan\u010di\u0105 atmosfer\u0105, dr\u0117kina or\u0105 ir skleid\u017eia eterini\u0173 aliej\u0173 kvap\u0105.","og_url":"https:\/\/test.puhdasplus.ee\/lt\/tooted\/difuzoriai\/eteriniu-alieju-difuzorius-200-ml-ad-9-naturali-aromaterapija-ir-drekinimas\/","og_site_name":"Puhdas+","article_publisher":"https:\/\/www.facebook.com\/puhdasplus","article_modified_time":"2026-03-10T12:37:26+00:00","og_image":[{"width":600,"height":600,"url":"https:\/\/test.puhdasplus.ee\/wp-content\/uploads\/2021\/03\/puhdas-aroma-diffuser-ad-9-wood.jpg","type":"image\/jpeg"}],"twitter_card":"summary_large_image","twitter_misc":{"Est. reading time":"2 minut\u0117"},"schema":{"@context":"https:\/\/schema.org","@graph":[{"@type":"WebPage","@id":"https:\/\/test.puhdasplus.ee\/lt\/tooted\/difuzoriai\/eteriniu-alieju-difuzorius-200-ml-ad-9-naturali-aromaterapija-ir-drekinimas\/","url":"https:\/\/test.puhdasplus.ee\/lt\/tooted\/difuzoriai\/eteriniu-alieju-difuzorius-200-ml-ad-9-naturali-aromaterapija-ir-drekinimas\/","name":"Eterini\u0173 aliej\u0173 difuzorius 200 ml (AD-9) \u2013 nat\u016brali aromaterapija ir dr\u0117kinimas - Puhdas+","isPartOf":{"@id":"https:\/\/test.puhdasplus.ee\/lt\/#website"},"primaryImageOfPage":{"@id":"https:\/\/test.puhdasplus.ee\/lt\/tooted\/difuzoriai\/eteriniu-alieju-difuzorius-200-ml-ad-9-naturali-aromaterapija-ir-drekinimas\/#primaryimage"},"image":{"@id":"https:\/\/test.puhdasplus.ee\/lt\/tooted\/difuzoriai\/eteriniu-alieju-difuzorius-200-ml-ad-9-naturali-aromaterapija-ir-drekinimas\/#primaryimage"},"thumbnailUrl":"https:\/\/test.puhdasplus.ee\/wp-content\/uploads\/2021\/03\/puhdas-aroma-diffuser-ad-9-wood.jpg","datePublished":"2021-03-12T14:27:32+00:00","dateModified":"2026-03-10T12:37:26+00:00","description":"Eterini\u0173 aliej\u0173 difuzorius su med\u017eio ra\u0161tu 200 ml (AD-9) sukuria raminan\u010di\u0105 atmosfer\u0105, dr\u0117kina or\u0105 ir skleid\u017eia eterini\u0173 aliej\u0173 kvap\u0105.","breadcrumb":{"@id":"https:\/\/test.puhdasplus.ee\/lt\/tooted\/difuzoriai\/eteriniu-alieju-difuzorius-200-ml-ad-9-naturali-aromaterapija-ir-drekinimas\/#breadcrumb"},"inLanguage":"lt-LT","potentialAction":[{"@type":"ReadAction","target":["https:\/\/test.puhdasplus.ee\/lt\/tooted\/difuzoriai\/eteriniu-alieju-difuzorius-200-ml-ad-9-naturali-aromaterapija-ir-drekinimas\/"]}]},{"@type":"ImageObject","inLanguage":"lt-LT","@id":"https:\/\/test.puhdasplus.ee\/lt\/tooted\/difuzoriai\/eteriniu-alieju-difuzorius-200-ml-ad-9-naturali-aromaterapija-ir-drekinimas\/#primaryimage","url":"https:\/\/test.puhdasplus.ee\/wp-content\/uploads\/2021\/03\/puhdas-aroma-diffuser-ad-9-wood.jpg","contentUrl":"https:\/\/test.puhdasplus.ee\/wp-content\/uploads\/2021\/03\/puhdas-aroma-diffuser-ad-9-wood.jpg","width":600,"height":600,"caption":"puhdusplus aromaterapinis difuzorius, dr\u0117kintuvas"},{"@type":"BreadcrumbList","@id":"https:\/\/test.puhdasplus.ee\/lt\/tooted\/difuzoriai\/eteriniu-alieju-difuzorius-200-ml-ad-9-naturali-aromaterapija-ir-drekinimas\/#breadcrumb","itemListElement":[{"@type":"ListItem","position":1,"name":"Prad\u017eia","item":"https:\/\/test.puhdasplus.ee\/lt\/"},{"@type":"ListItem","position":2,"name":"Produktai","item":"https:\/\/test.puhdasplus.ee\/lt\/parduotuve\/"},{"@type":"ListItem","position":3,"name":"Eterini\u0173 aliej\u0173 difuzorius 200 ml (AD-9) \u2013 nat\u016brali aromaterapija ir dr\u0117kinimas"}]},{"@type":"WebSite","@id":"https:\/\/test.puhdasplus.ee\/lt\/#website","url":"https:\/\/test.puhdasplus.ee\/lt\/","name":"Puhdas+","description":"Vitamiinid, Toidulisandid, looduskosmeetika, tervis, sport","publisher":{"@id":"https:\/\/test.puhdasplus.ee\/lt\/#organization"},"potentialAction":[{"@type":"SearchAction","target":{"@type":"EntryPoint","urlTemplate":"https:\/\/test.puhdasplus.ee\/lt\/?s={search_term_string}"},"query-input":{"@type":"PropertyValueSpecification","valueRequired":true,"valueName":"search_term_string"}}],"inLanguage":"lt-LT"},{"@type":"Organization","@id":"https:\/\/test.puhdasplus.ee\/lt\/#organization","name":"Puhdas+","alternateName":"Puhdasplus","url":"https:\/\/test.puhdasplus.ee\/lt\/","logo":{"@type":"ImageObject","inLanguage":"lt-LT","@id":"https:\/\/test.puhdasplus.ee\/lt\/#\/schema\/logo\/image\/","url":"https:\/\/test.puhdasplus.ee\/\/wp-content\/uploads\/2019\/10\/puhdas_logo-arvele.png","contentUrl":"https:\/\/test.puhdasplus.ee\/\/wp-content\/uploads\/2019\/10\/puhdas_logo-arvele.png","width":114,"height":94,"caption":"Puhdas+"},"image":{"@id":"https:\/\/test.puhdasplus.ee\/lt\/#\/schema\/logo\/image\/"},"sameAs":["https:\/\/www.facebook.com\/puhdasplus","https:\/\/www.instagram.com\/puhdasplus_ee\/"]}]}},"_links":{"self":[{"href":"https:\/\/test.puhdasplus.ee\/lt\/wp-json\/wp\/v2\/product\/35186","targetHints":{"allow":["GET"]}}],"collection":[{"href":"https:\/\/test.puhdasplus.ee\/lt\/wp-json\/wp\/v2\/product"}],"about":[{"href":"https:\/\/test.puhdasplus.ee\/lt\/wp-json\/wp\/v2\/types\/product"}],"replies":[{"embeddable":true,"href":"https:\/\/test.puhdasplus.ee\/lt\/wp-json\/wp\/v2\/comments?post=35186"}],"wp:featuredmedia":[{"embeddable":true,"href":"https:\/\/test.puhdasplus.ee\/lt\/wp-json\/wp\/v2\/media\/35190"}],"wp:attachment":[{"href":"https:\/\/test.puhdasplus.ee\/lt\/wp-json\/wp\/v2\/media?parent=35186"}],"wp:term":[{"taxonomy":"product_brand","embeddable":true,"href":"https:\/\/test.puhdasplus.ee\/lt\/wp-json\/wp\/v2\/product_brand?post=35186"},{"taxonomy":"product_cat","embeddable":true,"href":"https:\/\/test.puhdasplus.ee\/lt\/wp-json\/wp\/v2\/product_cat?post=35186"},{"taxonomy":"product_tag","embeddable":true,"href":"https:\/\/test.puhdasplus.ee\/lt\/wp-json\/wp\/v2\/product_tag?post=35186"}],"curies":[{"name":"wp","href":"https:\/\/api.w.org\/{rel}","templated":true}]}}