{"id":35178,"date":"2021-01-21T17:22:44","date_gmt":"2021-01-21T15:22:44","guid":{"rendered":"https:\/\/test.puhdasplus.ee\/\/tooted\/be-kategorijos\/sakotosios-grandines-aminorugstys-225-g-maisto-papildas\/"},"modified":"2026-02-20T01:10:58","modified_gmt":"2026-02-19T23:10:58","slug":"sakotosios-grandines-aminorugstys-225-g-maisto-papildas","status":"publish","type":"product","link":"https:\/\/test.puhdasplus.ee\/lt\/tooted\/sportas\/sakotosios-grandines-aminorugstys-225-g-maisto-papildas\/","title":{"rendered":"\u0160akotosios grandin\u0117s aminor\u016bg\u0161tys 225 g &#8211; maisto papildas"},"content":{"rendered":"<p><strong data-start=\"58\" data-end=\"73\">Maisto papildas.<\/strong> Labai tirp\u016bs BCAA milteliai, kuri\u0173 sud\u0117tyje yra trys \u0161akotos grandin\u0117s aminor\u016bg\u0161tys santykiu 2:1:1 (leucinas:izoleucinas:valinas).<\/p>\n<h2 data-start=\"344\" data-end=\"362\">Sudedamosios dalys:<\/h2>\n<p data-start=\"344\" data-end=\"362\">L-leucinas, L-izoleucinas, L-valinas.<\/p>\n<h2 data-start=\"401\" data-end=\"417\">Grynasis kiekis:<\/h2>\n<h4 data-start=\"401\" data-end=\"417\">225 g<\/h4>\n<h2 data-start=\"425\" data-end=\"470\">Rekomenduojama paros norma (1 arbatinis \u0161auk\u0161telis = 6 g) apima:<\/h2>\n<p>&nbsp;<\/p>\n<div class=\"_tableContainer_80l1q_1\">\n<div class=\"_tableWrapper_80l1q_14 group flex w-fit flex-col-reverse\" tabindex=\"-1\">\n<table class=\"w-fit min-w-(--thread-content-width)\" data-start=\"526\" data-end=\"699\">\n<thead data-start=\"526\" data-end=\"575\">\n<tr data-start=\"526\" data-end=\"575\">\n<th data-start=\"526\" data-end=\"562\" data-col-size=\"sm\"><strong data-start=\"528\" data-end=\"561\">Paros doz\u0117je (6 g) yra<\/strong><\/th>\n<th data-start=\"562\" data-end=\"575\" data-col-size=\"sm\"><strong data-start=\"564\" data-end=\"573\">Kiekis<\/strong><\/th>\n<\/tr>\n<\/thead>\n<tbody data-start=\"586\" data-end=\"699\">\n<tr data-start=\"586\" data-end=\"610\">\n<td data-start=\"586\" data-end=\"599\" data-col-size=\"sm\">L-leucinas<\/td>\n<td data-col-size=\"sm\" data-start=\"599\" data-end=\"610\">3000 mg<\/td>\n<\/tr>\n<tr data-start=\"611\" data-end=\"638\">\n<td data-start=\"611\" data-end=\"627\" data-col-size=\"sm\">L-izoleucinas<\/td>\n<td data-col-size=\"sm\" data-start=\"627\" data-end=\"638\">1500 mg<\/td>\n<\/tr>\n<tr data-start=\"639\" data-end=\"699\">\n<td data-start=\"639\" data-end=\"650\" data-col-size=\"sm\">L-valinas<\/td>\n<td data-col-size=\"sm\" data-start=\"650\" data-end=\"660\">1500 mg<\/td>\n<\/tr>\n<\/tbody>\n<\/table>\n<\/div>\n<h2 data-start=\"701\" data-end=\"723\">Naudojimo instrukcijos:<\/h2>\n<p data-start=\"701\" data-end=\"723\">Sumai\u0161ykite 1 arbatin\u012f \u0161auk\u0161tel\u012f milteli\u0173 su ma\u017edaug 2 dl skys\u010dio ir vartokite prie\u0161 arba po treniruot\u0117s. Nevir\u0161ykite rekomenduojamos paros normos. <\/p>\n<h2 data-start=\"844\" data-end=\"860\">\u012esp\u0117jimai:<\/h2>\n<p data-start=\"844\" data-end=\"860\">Maisto papildas nepakei\u010dia \u012fvairios ir subalansuotos mitybos ar sveiko gyvenimo b\u016bdo. Laikyti vaikams nepasiekiamoje vietoje. Jei esate n\u0117\u0161\u010dia, \u017eindote k\u016bdik\u012f ar vartojate vaistus, pasitarkite su gydytoju.<\/p>\n<h2 data-start=\"1058\" data-end=\"1076\">Sand\u0117liavimas:<\/h2>\n<p data-start=\"1058\" data-end=\"1076\">Laikyti sandariai u\u017edaryt\u0105 sausoje ir v\u0117sioje vietoje, toliau nuo tiesiogini\u0173 saul\u0117s spinduli\u0173.<\/p>\n<p><strong data-start=\"126\" data-end=\"137\">Gamintojas:<\/strong> New Organics Oy, \u00c4yritie 8 A, 01510 Vantaa, Suomija. <strong data-start=\"189\" data-end=\"210\" data-is-only-node=\"\">Importuotojas<\/strong> <strong data-start=\"189\" data-end=\"210\" data-is-only-node=\"\">Estijoje:<\/strong> NordenBio O\u00dc, Narva mnt 7, 10117 Talinas, Estija.<\/p>\n<\/div>\n","protected":false},"excerpt":{"rendered":"<h3>Didelio grynumo BCAA milteliai (leucinas, izoleucinas, valinas) santykiu 2:1:1. Lengvai tirpsta, tinka vartoti prie\u0161 arba po treniruot\u0117s. <\/h3>\n","protected":false},"featured_media":35182,"comment_status":"closed","ping_status":"closed","template":"","meta":{"_acf_changed":false},"product_brand":[],"product_cat":[3490,3461,3016],"product_tag":[6110,6111,6105,6113,6112,6108,3707,6104,6109,3144,6103,6106,6101,3708,6107],"class_list":{"0":"post-35178","1":"product","2":"type-product","3":"status-publish","4":"has-post-thumbnail","6":"product_cat-aminorugstys","7":"product_cat-sanariai-raumenys-ir-kaulai","8":"product_cat-sportas","9":"product_tag-bcaa-211-santykis","10":"product_tag-bcaa-milteliai-veganams","11":"product_tag-bcaa-papildas","12":"product_tag-bcaa-po-treniruotes","13":"product_tag-bcaa-treniruotems","14":"product_tag-bcaa-treniruotes-metu","15":"product_tag-raumenu-atsistatymas","16":"product_tag-raumenu-augimas-lt","17":"product_tag-raumenu-mases-ir-augimo-palaikymas","18":"product_tag-raumenys-ir-sanariai","19":"product_tag-sakotos-grandines-aminorugstys","20":"product_tag-sakotosios-grandines-aminorugstys","21":"product_tag-sakotosios-grandines-aminorugstys-bcaa","22":"product_tag-sporto-papildas","23":"product_tag-veganiskas-bcaa","25":"first","26":"instock","27":"taxable","28":"shipping-taxable","29":"purchasable","30":"product-type-simple"},"acf":[],"yoast_head":"<!-- This site is optimized with the Yoast SEO plugin v27.1.1 - https:\/\/yoast.com\/product\/yoast-seo-wordpress\/ -->\n<title>\u0160akotosios grandin\u0117s aminor\u016bg\u0161tys 225 g - maisto papildas - Puhdas+<\/title>\n<meta name=\"description\" content=\"Instantios BCAA aminor\u016bg\u0161tys, 100 % vegani\u0161kos, padeda palaikyti raumen\u0173 atsistatym\u0105, augim\u0105 ir na\u0161um\u0105. Optimalus 2:1:1 santykis, idealiai tinka treniruot\u0117s metu ir po jos.\" \/>\n<meta name=\"robots\" content=\"noindex, follow, max-snippet:-1, max-image-preview:large, max-video-preview:-1\" \/>\n<meta property=\"og:locale\" content=\"lt_LT\" \/>\n<meta property=\"og:type\" content=\"article\" \/>\n<meta property=\"og:title\" content=\"\u0160akotosios grandin\u0117s aminor\u016bg\u0161tys 225 g - maisto papildas - Puhdas+\" \/>\n<meta property=\"og:description\" content=\"Instantios BCAA aminor\u016bg\u0161tys, 100 % vegani\u0161kos, padeda palaikyti raumen\u0173 atsistatym\u0105, augim\u0105 ir na\u0161um\u0105. Optimalus 2:1:1 santykis, idealiai tinka treniruot\u0117s metu ir po jos.\" \/>\n<meta property=\"og:url\" content=\"https:\/\/test.puhdasplus.ee\/lt\/tooted\/sportas\/sakotosios-grandines-aminorugstys-225-g-maisto-papildas\/\" \/>\n<meta property=\"og:site_name\" content=\"Puhdas+\" \/>\n<meta property=\"article:publisher\" content=\"https:\/\/www.facebook.com\/puhdasplus\" \/>\n<meta property=\"article:modified_time\" content=\"2026-02-19T23:10:58+00:00\" \/>\n<meta property=\"og:image\" content=\"https:\/\/test.puhdasplus.ee\/wp-content\/uploads\/2025\/03\/72.jpg\" \/>\n\t<meta property=\"og:image:width\" content=\"1862\" \/>\n\t<meta property=\"og:image:height\" content=\"2560\" \/>\n\t<meta property=\"og:image:type\" content=\"image\/jpeg\" \/>\n<meta name=\"twitter:card\" content=\"summary_large_image\" \/>\n<meta name=\"twitter:label1\" content=\"Est. reading time\" \/>\n\t<meta name=\"twitter:data1\" content=\"1 minut\u0117\" \/>\n<script type=\"application\/ld+json\" class=\"yoast-schema-graph\">{\"@context\":\"https:\/\/schema.org\",\"@graph\":[{\"@type\":\"WebPage\",\"@id\":\"https:\/\/test.puhdasplus.ee\/lt\/tooted\/sportas\/sakotosios-grandines-aminorugstys-225-g-maisto-papildas\/\",\"url\":\"https:\/\/test.puhdasplus.ee\/lt\/tooted\/sportas\/sakotosios-grandines-aminorugstys-225-g-maisto-papildas\/\",\"name\":\"\u0160akotosios grandin\u0117s aminor\u016bg\u0161tys 225 g - maisto papildas - Puhdas+\",\"isPartOf\":{\"@id\":\"https:\/\/test.puhdasplus.ee\/lt\/#website\"},\"primaryImageOfPage\":{\"@id\":\"https:\/\/test.puhdasplus.ee\/lt\/tooted\/sportas\/sakotosios-grandines-aminorugstys-225-g-maisto-papildas\/#primaryimage\"},\"image\":{\"@id\":\"https:\/\/test.puhdasplus.ee\/lt\/tooted\/sportas\/sakotosios-grandines-aminorugstys-225-g-maisto-papildas\/#primaryimage\"},\"thumbnailUrl\":\"https:\/\/test.puhdasplus.ee\/wp-content\/uploads\/2025\/03\/72.jpg\",\"datePublished\":\"2021-01-21T15:22:44+00:00\",\"dateModified\":\"2026-02-19T23:10:58+00:00\",\"description\":\"Instantios BCAA aminor\u016bg\u0161tys, 100 % vegani\u0161kos, padeda palaikyti raumen\u0173 atsistatym\u0105, augim\u0105 ir na\u0161um\u0105. Optimalus 2:1:1 santykis, idealiai tinka treniruot\u0117s metu ir po jos.\",\"breadcrumb\":{\"@id\":\"https:\/\/test.puhdasplus.ee\/lt\/tooted\/sportas\/sakotosios-grandines-aminorugstys-225-g-maisto-papildas\/#breadcrumb\"},\"inLanguage\":\"lt-LT\",\"potentialAction\":[{\"@type\":\"ReadAction\",\"target\":[\"https:\/\/test.puhdasplus.ee\/lt\/tooted\/sportas\/sakotosios-grandines-aminorugstys-225-g-maisto-papildas\/\"]}]},{\"@type\":\"ImageObject\",\"inLanguage\":\"lt-LT\",\"@id\":\"https:\/\/test.puhdasplus.ee\/lt\/tooted\/sportas\/sakotosios-grandines-aminorugstys-225-g-maisto-papildas\/#primaryimage\",\"url\":\"https:\/\/test.puhdasplus.ee\/wp-content\/uploads\/2025\/03\/72.jpg\",\"contentUrl\":\"https:\/\/test.puhdasplus.ee\/wp-content\/uploads\/2025\/03\/72.jpg\",\"width\":1862,\"height\":2560,\"caption\":\"Instantizuotos BCAA aminor\u016bg\u0161tys 225 g\"},{\"@type\":\"BreadcrumbList\",\"@id\":\"https:\/\/test.puhdasplus.ee\/lt\/tooted\/sportas\/sakotosios-grandines-aminorugstys-225-g-maisto-papildas\/#breadcrumb\",\"itemListElement\":[{\"@type\":\"ListItem\",\"position\":1,\"name\":\"Prad\u017eia\",\"item\":\"https:\/\/test.puhdasplus.ee\/lt\/\"},{\"@type\":\"ListItem\",\"position\":2,\"name\":\"Produktai\",\"item\":\"https:\/\/test.puhdasplus.ee\/lt\/parduotuve\/\"},{\"@type\":\"ListItem\",\"position\":3,\"name\":\"\u0160akotosios grandin\u0117s aminor\u016bg\u0161tys 225 g &#8211; maisto papildas\"}]},{\"@type\":\"WebSite\",\"@id\":\"https:\/\/test.puhdasplus.ee\/lt\/#website\",\"url\":\"https:\/\/test.puhdasplus.ee\/lt\/\",\"name\":\"Puhdas+\",\"description\":\"Vitamiinid, Toidulisandid, looduskosmeetika, tervis, sport\",\"publisher\":{\"@id\":\"https:\/\/test.puhdasplus.ee\/lt\/#organization\"},\"potentialAction\":[{\"@type\":\"SearchAction\",\"target\":{\"@type\":\"EntryPoint\",\"urlTemplate\":\"https:\/\/test.puhdasplus.ee\/lt\/?s={search_term_string}\"},\"query-input\":{\"@type\":\"PropertyValueSpecification\",\"valueRequired\":true,\"valueName\":\"search_term_string\"}}],\"inLanguage\":\"lt-LT\"},{\"@type\":\"Organization\",\"@id\":\"https:\/\/test.puhdasplus.ee\/lt\/#organization\",\"name\":\"Puhdas+\",\"alternateName\":\"Puhdasplus\",\"url\":\"https:\/\/test.puhdasplus.ee\/lt\/\",\"logo\":{\"@type\":\"ImageObject\",\"inLanguage\":\"lt-LT\",\"@id\":\"https:\/\/test.puhdasplus.ee\/lt\/#\/schema\/logo\/image\/\",\"url\":\"https:\/\/test.puhdasplus.ee\/\/wp-content\/uploads\/2019\/10\/puhdas_logo-arvele.png\",\"contentUrl\":\"https:\/\/test.puhdasplus.ee\/\/wp-content\/uploads\/2019\/10\/puhdas_logo-arvele.png\",\"width\":114,\"height\":94,\"caption\":\"Puhdas+\"},\"image\":{\"@id\":\"https:\/\/test.puhdasplus.ee\/lt\/#\/schema\/logo\/image\/\"},\"sameAs\":[\"https:\/\/www.facebook.com\/puhdasplus\",\"https:\/\/www.instagram.com\/puhdasplus_ee\/\"]}]}<\/script>\n<!-- \/ Yoast SEO plugin. -->","yoast_head_json":{"title":"\u0160akotosios grandin\u0117s aminor\u016bg\u0161tys 225 g - maisto papildas - Puhdas+","description":"Instantios BCAA aminor\u016bg\u0161tys, 100 % vegani\u0161kos, padeda palaikyti raumen\u0173 atsistatym\u0105, augim\u0105 ir na\u0161um\u0105. Optimalus 2:1:1 santykis, idealiai tinka treniruot\u0117s metu ir po jos.","robots":{"index":"noindex","follow":"follow","max-snippet":"max-snippet:-1","max-image-preview":"max-image-preview:large","max-video-preview":"max-video-preview:-1"},"og_locale":"lt_LT","og_type":"article","og_title":"\u0160akotosios grandin\u0117s aminor\u016bg\u0161tys 225 g - maisto papildas - Puhdas+","og_description":"Instantios BCAA aminor\u016bg\u0161tys, 100 % vegani\u0161kos, padeda palaikyti raumen\u0173 atsistatym\u0105, augim\u0105 ir na\u0161um\u0105. Optimalus 2:1:1 santykis, idealiai tinka treniruot\u0117s metu ir po jos.","og_url":"https:\/\/test.puhdasplus.ee\/lt\/tooted\/sportas\/sakotosios-grandines-aminorugstys-225-g-maisto-papildas\/","og_site_name":"Puhdas+","article_publisher":"https:\/\/www.facebook.com\/puhdasplus","article_modified_time":"2026-02-19T23:10:58+00:00","og_image":[{"width":1862,"height":2560,"url":"https:\/\/test.puhdasplus.ee\/wp-content\/uploads\/2025\/03\/72.jpg","type":"image\/jpeg"}],"twitter_card":"summary_large_image","twitter_misc":{"Est. reading time":"1 minut\u0117"},"schema":{"@context":"https:\/\/schema.org","@graph":[{"@type":"WebPage","@id":"https:\/\/test.puhdasplus.ee\/lt\/tooted\/sportas\/sakotosios-grandines-aminorugstys-225-g-maisto-papildas\/","url":"https:\/\/test.puhdasplus.ee\/lt\/tooted\/sportas\/sakotosios-grandines-aminorugstys-225-g-maisto-papildas\/","name":"\u0160akotosios grandin\u0117s aminor\u016bg\u0161tys 225 g - maisto papildas - Puhdas+","isPartOf":{"@id":"https:\/\/test.puhdasplus.ee\/lt\/#website"},"primaryImageOfPage":{"@id":"https:\/\/test.puhdasplus.ee\/lt\/tooted\/sportas\/sakotosios-grandines-aminorugstys-225-g-maisto-papildas\/#primaryimage"},"image":{"@id":"https:\/\/test.puhdasplus.ee\/lt\/tooted\/sportas\/sakotosios-grandines-aminorugstys-225-g-maisto-papildas\/#primaryimage"},"thumbnailUrl":"https:\/\/test.puhdasplus.ee\/wp-content\/uploads\/2025\/03\/72.jpg","datePublished":"2021-01-21T15:22:44+00:00","dateModified":"2026-02-19T23:10:58+00:00","description":"Instantios BCAA aminor\u016bg\u0161tys, 100 % vegani\u0161kos, padeda palaikyti raumen\u0173 atsistatym\u0105, augim\u0105 ir na\u0161um\u0105. Optimalus 2:1:1 santykis, idealiai tinka treniruot\u0117s metu ir po jos.","breadcrumb":{"@id":"https:\/\/test.puhdasplus.ee\/lt\/tooted\/sportas\/sakotosios-grandines-aminorugstys-225-g-maisto-papildas\/#breadcrumb"},"inLanguage":"lt-LT","potentialAction":[{"@type":"ReadAction","target":["https:\/\/test.puhdasplus.ee\/lt\/tooted\/sportas\/sakotosios-grandines-aminorugstys-225-g-maisto-papildas\/"]}]},{"@type":"ImageObject","inLanguage":"lt-LT","@id":"https:\/\/test.puhdasplus.ee\/lt\/tooted\/sportas\/sakotosios-grandines-aminorugstys-225-g-maisto-papildas\/#primaryimage","url":"https:\/\/test.puhdasplus.ee\/wp-content\/uploads\/2025\/03\/72.jpg","contentUrl":"https:\/\/test.puhdasplus.ee\/wp-content\/uploads\/2025\/03\/72.jpg","width":1862,"height":2560,"caption":"Instantizuotos BCAA aminor\u016bg\u0161tys 225 g"},{"@type":"BreadcrumbList","@id":"https:\/\/test.puhdasplus.ee\/lt\/tooted\/sportas\/sakotosios-grandines-aminorugstys-225-g-maisto-papildas\/#breadcrumb","itemListElement":[{"@type":"ListItem","position":1,"name":"Prad\u017eia","item":"https:\/\/test.puhdasplus.ee\/lt\/"},{"@type":"ListItem","position":2,"name":"Produktai","item":"https:\/\/test.puhdasplus.ee\/lt\/parduotuve\/"},{"@type":"ListItem","position":3,"name":"\u0160akotosios grandin\u0117s aminor\u016bg\u0161tys 225 g &#8211; maisto papildas"}]},{"@type":"WebSite","@id":"https:\/\/test.puhdasplus.ee\/lt\/#website","url":"https:\/\/test.puhdasplus.ee\/lt\/","name":"Puhdas+","description":"Vitamiinid, Toidulisandid, looduskosmeetika, tervis, sport","publisher":{"@id":"https:\/\/test.puhdasplus.ee\/lt\/#organization"},"potentialAction":[{"@type":"SearchAction","target":{"@type":"EntryPoint","urlTemplate":"https:\/\/test.puhdasplus.ee\/lt\/?s={search_term_string}"},"query-input":{"@type":"PropertyValueSpecification","valueRequired":true,"valueName":"search_term_string"}}],"inLanguage":"lt-LT"},{"@type":"Organization","@id":"https:\/\/test.puhdasplus.ee\/lt\/#organization","name":"Puhdas+","alternateName":"Puhdasplus","url":"https:\/\/test.puhdasplus.ee\/lt\/","logo":{"@type":"ImageObject","inLanguage":"lt-LT","@id":"https:\/\/test.puhdasplus.ee\/lt\/#\/schema\/logo\/image\/","url":"https:\/\/test.puhdasplus.ee\/\/wp-content\/uploads\/2019\/10\/puhdas_logo-arvele.png","contentUrl":"https:\/\/test.puhdasplus.ee\/\/wp-content\/uploads\/2019\/10\/puhdas_logo-arvele.png","width":114,"height":94,"caption":"Puhdas+"},"image":{"@id":"https:\/\/test.puhdasplus.ee\/lt\/#\/schema\/logo\/image\/"},"sameAs":["https:\/\/www.facebook.com\/puhdasplus","https:\/\/www.instagram.com\/puhdasplus_ee\/"]}]}},"_links":{"self":[{"href":"https:\/\/test.puhdasplus.ee\/lt\/wp-json\/wp\/v2\/product\/35178","targetHints":{"allow":["GET"]}}],"collection":[{"href":"https:\/\/test.puhdasplus.ee\/lt\/wp-json\/wp\/v2\/product"}],"about":[{"href":"https:\/\/test.puhdasplus.ee\/lt\/wp-json\/wp\/v2\/types\/product"}],"replies":[{"embeddable":true,"href":"https:\/\/test.puhdasplus.ee\/lt\/wp-json\/wp\/v2\/comments?post=35178"}],"wp:featuredmedia":[{"embeddable":true,"href":"https:\/\/test.puhdasplus.ee\/lt\/wp-json\/wp\/v2\/media\/35182"}],"wp:attachment":[{"href":"https:\/\/test.puhdasplus.ee\/lt\/wp-json\/wp\/v2\/media?parent=35178"}],"wp:term":[{"taxonomy":"product_brand","embeddable":true,"href":"https:\/\/test.puhdasplus.ee\/lt\/wp-json\/wp\/v2\/product_brand?post=35178"},{"taxonomy":"product_cat","embeddable":true,"href":"https:\/\/test.puhdasplus.ee\/lt\/wp-json\/wp\/v2\/product_cat?post=35178"},{"taxonomy":"product_tag","embeddable":true,"href":"https:\/\/test.puhdasplus.ee\/lt\/wp-json\/wp\/v2\/product_tag?post=35178"}],"curies":[{"name":"wp","href":"https:\/\/api.w.org\/{rel}","templated":true}]}}