{"id":35147,"date":"2021-01-16T16:05:52","date_gmt":"2021-01-16T14:05:52","guid":{"rendered":"https:\/\/test.puhdasplus.ee\/\/tooted\/be-kategorijos\/l-triptofano-milteliai-100-g\/"},"modified":"2026-02-20T01:11:00","modified_gmt":"2026-02-19T23:11:00","slug":"l-triptofano-milteliai-100-g","status":"publish","type":"product","link":"https:\/\/test.puhdasplus.ee\/lt\/tooted\/stresas-ir-miegas\/l-triptofano-milteliai-100-g\/","title":{"rendered":"L-triptofanas 100 g"},"content":{"rendered":"<h2 data-start=\"170\" data-end=\"202\">Kas yra \u201ePure+\u201c L-triptofanas?<\/h2>\n<p class=\"\" data-start=\"204\" data-end=\"323\"><span class=\"relative -mx-px my-[-0.2rem] rounded px-px py-[0.2rem] transition-colors duration-100 ease-in-out\">\u201ePure+ L-triptofanas\u201c yra 100 % grynas ir auk\u0161tos kokyb\u0117s maisto papildas, kurio sud\u0117tyje yra tik L-triptofano \u2013 nepakei\u010diamos aminor\u016bg\u0161ties, kurios organizmui reikia serotoninui ir melatoninui gaminti.<\/span> <span class=\"relative -mx-px my-[-0.2rem] rounded px-px py-[0.2rem] transition-colors duration-100 ease-in-out\">Produktas pagamintas Suomijoje, laikantis auk\u0161t\u0173 kokyb\u0117s standart\u0173, ir jame n\u0117ra konservant\u0173, da\u017eikli\u0173 ar kit\u0173 pried\u0173.<\/span> <span class=\"relative -mx-px my-[-0.2rem] rounded px-px py-[0.2rem] transition-colors duration-100 ease-in-out\"><strong>Gryna ir nat\u016brali aminor\u016bg\u0161tis, palaikanti k\u016bno ir proto pusiausvyr\u0105.<\/strong><\/span><\/p>\n<h2 class=\"\" data-start=\"224\" data-end=\"271\">Kod\u0117l \u201ePure+\u201c L-triptofanas yra naudingas?<\/h2>\n<p data-start=\"724\" data-end=\"1008\">L-triptofanas dalyvauja keliuose svarbiuose organizmo procesuose. \u0160i med\u017eiaga yra nat\u016braliai organizme susidaran\u010di\u0173 jungini\u0173, susijusi\u0173 su gerov\u0117s jausmu, atsipalaidavimu ir cirkadinio ritmo reguliavimu, pirmtakas. Tod\u0117l L-triptofanas atlieka svarb\u0173 vaidmen\u012f palaikant tiek fizin\u0119, tiek psichin\u0119 pusiausvyr\u0105.  <\/p>\n<p data-start=\"1010\" data-end=\"1261\">Jis puikiai tinka naudoti laikotarpiais, kai sutrinka susikaupimas, ramyb\u0117 ar poilsis \u2013 pavyzd\u017eiui, esant greitam gyvenimo tempui, stresui ar miego sutrikimams. Milteli\u0173 forma leid\u017eia patogiai dozuoti ir mai\u0161yti su vandeniu, sultimis ar kokteiliais. <\/p>\n<h3 class=\"\" data-start=\"614\" data-end=\"655\">Serotoninas \u2013 raktas \u012f nuotaik\u0105 ir ramyb\u0119<\/h3>\n<p class=\"\" data-start=\"657\" data-end=\"1029\">L-triptofanas yra <strong data-start=\"673\" data-end=\"688\">serotonino<\/strong> gamybos pagrindas. Serotoninas yra neuromediatorius, kuris reguliuoja nuotaik\u0105, ramyb\u0119, apetit\u0105 ir net vir\u0161kinim\u0105. Kai serotonino lygis yra \u017eemas, \u017emogus gali jaustis neramus, pavarg\u0119s, apati\u0161kas arba nemotyvuotas.<\/p>\n<h3 class=\"\" data-start=\"1194\" data-end=\"1240\">Melatoninas \u2013 ramus miegas ir cirkadinis ritmas<\/h3>\n<p class=\"\" data-start=\"1242\" data-end=\"1550\">L-triptofanas organizme paver\u010diamas serotoninu, o v\u0117liau \u2013 <strong data-start=\"1302\" data-end=\"1319\">melatoninu<\/strong> \u2013 hormonu, kuris reguliuoja m\u016bs\u0173 vidin\u012f laikrod\u012f arba cirkadin\u012f ritm\u0105. Melatoninas yra atsakingas u\u017e tai, kad jaustum\u0117m\u0117s mieguisti ir gal\u0117tume u\u017emigti. Kai melatonino lygis yra \u017eemas, gali kilti sunkum\u0173 u\u017emiegant arba pasireik\u0161ti pavir\u0161utinis miegas.<\/p>\n<h3 class=\"\" data-start=\"1747\" data-end=\"1785\">Apetitas ir svorio pusiausvyra<\/h3>\n<p class=\"\" data-start=\"1787\" data-end=\"2115\">L-triptofanas taip pat atlieka svarb\u0173 vaidmen\u012f reguliuojant apetit\u0105. Kadangi serotoninas veikia sotumo ir pasitenkinimo jausm\u0105 po valgio, pakankamas triptofano kiekis organizme gali pad\u0117ti i\u0161vengti per didelio potraukio maistui ar emocinio valgymo. <\/p>\n<h3 class=\"\" data-start=\"2117\" data-end=\"2153\">K\u016bno ir proto pusiausvyra<\/h3>\n<p class=\"\" data-start=\"2155\" data-end=\"2411\">Kadangi triptofanas yra susij\u0119s tiek su hormon\u0173 pusiausvyra, tiek su psichine gerove, \u0161i aminor\u016bg\u0161tis yra <strong data-start=\"2248\" data-end=\"2296\">ypa\u010d vertinga stresiniais laikotarpiais<\/strong> , esant miego sutrikimams arba tiesiog kai jau\u010diate, kad kasdieniame gyvenime reikia daugiau ramyb\u0117s, stabilumo ir pusiausvyros.<\/p>\n<p class=\"\" data-start=\"356\" data-end=\"513\"><span class=\"relative -mx-px my-[-0.2rem] rounded px-px py-[0.2rem] transition-colors duration-100 ease-in-out\">L-triptofanas yra svarbus serotonino ir melatonino sintez\u0117s komponentas.<\/span> <span class=\"relative -mx-px my-[-0.2rem] rounded px-px py-[0.2rem] transition-colors duration-100 ease-in-out\">Serotoninas yra neuromediatorius, kuris veikia nuotaikos, miego ir apetito reguliavim\u0105, o melatoninas yra hormonas, reguliuojantis miego ir pabudimo cikl\u0105.<\/span><\/p>\n<h2 data-start=\"733\" data-end=\"755\">Kam tai tinka?<\/h2>\n<p class=\"\" data-start=\"757\" data-end=\"842\"><span class=\"relative -mx-px my-[-0.2rem] rounded px-px py-[0.2rem] transition-colors duration-100 ease-in-out\">\u201ePure+ L-triptofanas\u201c tinka:<\/span><\/p>\n<ul data-start=\"844\" data-end=\"1057\">\n<li class=\"\" data-start=\"844\" data-end=\"885\">\n<p class=\"\" data-start=\"846\" data-end=\"885\"><span class=\"relative -mx-px my-[-0.2rem] rounded px-px py-[0.2rem] transition-colors duration-100 ease-in-out\">Tiems, kurie nori palaikyti savo psichin\u0119 pusiausvyr\u0105 ir gerov\u0117s jausm\u0105<\/span><\/p>\n<\/li>\n<li class=\"\" data-start=\"886\" data-end=\"927\">\n<p class=\"\" data-start=\"888\" data-end=\"927\"><span class=\"relative -mx-px my-[-0.2rem] rounded px-px py-[0.2rem] transition-colors duration-100 ease-in-out\">Tiems, kuri\u0173 gyvenimo b\u016bdas ar \u012fpro\u010diai veikia miego ir budrumo ritm\u0105 ir nori pagerinti miego kokyb\u0119 bei u\u017emigim\u0105.<\/span><\/p>\n<\/li>\n<li class=\"\" data-start=\"928\" data-end=\"969\">\n<p class=\"\" data-start=\"930\" data-end=\"969\"><span class=\"relative -mx-px my-[-0.2rem] rounded px-px py-[0.2rem] transition-colors duration-100 ease-in-out\">Tiems, kurie nori paremti informuotus mitybos pasirinkimus ir sveikus \u012fpro\u010dius.<\/span><\/p>\n<\/li>\n<li class=\"\" data-start=\"970\" data-end=\"1057\">\n<p class=\"\" data-start=\"972\" data-end=\"1057\"><span class=\"relative -mx-px my-[-0.2rem] rounded px-px py-[0.2rem] transition-colors duration-100 ease-in-out\">Ie\u0161kantiems nat\u016bralaus ir be pried\u0173 maisto papildo<\/span><\/p>\n<\/li>\n<\/ul>\n<h2 data-start=\"1064\" data-end=\"1078\">Naudojimas<\/h2>\n<p class=\"\" data-start=\"1080\" data-end=\"1205\"><span class=\"relative -mx-px my-[-0.2rem] rounded px-px py-[0.2rem] transition-colors duration-100 ease-in-out\"><strong data-start=\"0\" data-end=\"20\" data-is-only-node=\"\">Rekomenduojama doz\u0117<\/strong> : 1 samtelis (1 ml) per dien\u0105.<\/span> <span class=\"relative -mx-px my-[-0.2rem] rounded px-px py-[0.2rem] transition-colors duration-100 ease-in-out\">Miltelius sumai\u0161ykite su vandeniu, sultimis arba kokteiliu.<\/span><\/p>\n<p class=\"\" data-start=\"1207\" data-end=\"1292\"><span class=\"relative -mx-px my-[-0.2rem] rounded px-px py-[0.2rem] transition-colors duration-100 ease-in-out\">Nevir\u0161ykite rekomenduojamos paros doz\u0117s. Maisto papildas n\u0117ra \u012fvairios ir subalansuotos mitybos ar sveiko gyvenimo b\u016bdo pakaitalas. Laikyti vaikams nepasiekiamoje vietoje.  <\/span>\u200b<\/p>\n<h2 data-start=\"1299\" data-end=\"1314\">Ingredientai<\/h2>\n<ul data-start=\"1316\" data-end=\"1403\">\n<li class=\"\" data-start=\"1316\" data-end=\"1403\">\n<p class=\"\" data-start=\"1318\" data-end=\"1403\"><span class=\"relative -mx-px my-[-0.2rem] rounded px-px py-[0.2rem] transition-colors duration-100 ease-in-out\">L-triptofanas<\/span><\/p>\n<\/li>\n<\/ul>\n<p class=\"\" data-start=\"1405\" data-end=\"1530\"><span class=\"relative -mx-px my-[-0.2rem] rounded px-px py-[0.2rem] transition-colors duration-100 ease-in-out\"><strong data-start=\"0\" data-end=\"14\" data-is-only-node=\"\">Sud\u0117tyje n\u0117ra<\/strong> : laktoz\u0117s, glitimo, mieli\u0173, cukraus, druskos, sojos ar saldikli\u0173.<\/span> <span class=\"relative -mx-px my-[-0.2rem] rounded px-px py-[0.2rem] transition-colors duration-100 ease-in-out\">Tinka veganams ir vegetarams.<\/span><\/p>\n<h2 data-start=\"1537\" data-end=\"1553\">Maistin\u0117 vert\u0117<\/h2>\n<p class=\"\" data-start=\"1555\" data-end=\"1640\"><span class=\"relative -mx-px my-[-0.2rem] rounded px-px py-[0.2rem] transition-colors duration-100 ease-in-out\"><strong data-start=\"0\" data-end=\"37\" data-is-only-node=\"\">1 matavimo \u0161auk\u0161telyje (1 ml) yra<\/strong> :<\/span><\/p>\n<ul data-start=\"1642\" data-end=\"1729\">\n<li class=\"\" data-start=\"1642\" data-end=\"1729\">\n<p class=\"\" data-start=\"1644\" data-end=\"1729\"><span class=\"relative -mx-px my-[-0.2rem] rounded px-px py-[0.2rem] transition-colors duration-100 ease-in-out\">L-triptofanas: 300 mg<\/span><\/p>\n<\/li>\n<\/ul>\n","protected":false},"excerpt":{"rendered":"<p><strong data-start=\"641\" data-end=\"759\">\u201ePure+ L-triptofanas\u201c yra 100 % gryna aminor\u016bg\u0161tis, padedanti palaikyti organizmo vidin\u0119 pusiausvyr\u0105 ir gerov\u0117s poj\u016bt\u012f.<\/strong>  L-triptofanas yra svarbus serotonino ir melatonino pirmtakas, kurie dalyvauja nat\u016braliuose organizmo procesuose, tokiuose kaip nuotaikos reguliavimas ir miego bei budrumo ritmas. Jis puikiai tinka tiems, kurie nori s\u0105moningai maitintis, gyventi subalansuot\u0105 gyvenimo b\u016bd\u0105 ir siekti vidin\u0117s ramyb\u0117s. Milteliai yra neutralaus skonio ir gali b\u016bti lengvai mai\u0161omi su vandeniu arba sultimis. Tinka veganams, sud\u0117tyje n\u0117ra glitimo, laktoz\u0117s ar kit\u0173 pried\u0173 \u2013 idealus pasirinkimas \u017emon\u0117ms, turintiems jautri\u0105 vir\u0161kinim\u0105, arba tiems, kurie vertina \u0161var\u0105.   <\/p>\n","protected":false},"featured_media":35150,"comment_status":"closed","ping_status":"closed","template":"","meta":{"_acf_changed":false},"product_brand":[],"product_cat":[3490,3049,3013],"product_tag":[3465,6028,3131,5444,3503,3539,6029,2753],"class_list":{"0":"post-35147","1":"product","2":"type-product","3":"status-publish","4":"has-post-thumbnail","6":"product_cat-aminorugstys","7":"product_cat-specialus-pasiulymai","8":"product_cat-stresas-ir-miegas","9":"product_tag-aminorugstis","10":"product_tag-l-triptofanas","11":"product_tag-maisto-papildas","12":"product_tag-miegas","13":"product_tag-miegas-ir-stresas","14":"product_tag-nuotaika","15":"product_tag-serotonino","16":"product_tag-streso-mazinimas","18":"first","19":"instock","20":"sale","21":"taxable","22":"shipping-taxable","23":"purchasable","24":"product-type-simple"},"acf":[],"yoast_head":"<!-- This site is optimized with the Yoast SEO plugin v27.1.1 - https:\/\/yoast.com\/product\/yoast-seo-wordpress\/ -->\n<title>L-triptofanas 100 g - Puhdas+<\/title>\n<meta name=\"description\" content=\"L-triptofano milteliai 100 g yra grynas aminor\u016bg\u0161\u010di\u0173 papildas, kuris palaiko serotonino gamyb\u0105, gerina nuotaik\u0105 ir miego kokyb\u0119.\" \/>\n<meta name=\"robots\" content=\"noindex, follow, max-snippet:-1, max-image-preview:large, max-video-preview:-1\" \/>\n<meta property=\"og:locale\" content=\"lt_LT\" \/>\n<meta property=\"og:type\" content=\"article\" \/>\n<meta property=\"og:title\" content=\"L-triptofanas 100 g - Puhdas+\" \/>\n<meta property=\"og:description\" content=\"L-triptofano milteliai 100 g yra grynas aminor\u016bg\u0161\u010di\u0173 papildas, kuris palaiko serotonino gamyb\u0105, gerina nuotaik\u0105 ir miego kokyb\u0119.\" \/>\n<meta property=\"og:url\" content=\"https:\/\/test.puhdasplus.ee\/lt\/tooted\/stresas-ir-miegas\/l-triptofano-milteliai-100-g\/\" \/>\n<meta property=\"og:site_name\" content=\"Puhdas+\" \/>\n<meta property=\"article:publisher\" content=\"https:\/\/www.facebook.com\/puhdasplus\" \/>\n<meta property=\"article:modified_time\" content=\"2026-02-19T23:11:00+00:00\" \/>\n<meta property=\"og:image\" content=\"https:\/\/test.puhdasplus.ee\/wp-content\/uploads\/2025\/03\/32.jpg\" \/>\n\t<meta property=\"og:image:width\" content=\"1862\" \/>\n\t<meta property=\"og:image:height\" content=\"2560\" \/>\n\t<meta property=\"og:image:type\" content=\"image\/jpeg\" \/>\n<meta name=\"twitter:card\" content=\"summary_large_image\" \/>\n<meta name=\"twitter:label1\" content=\"Est. reading time\" \/>\n\t<meta name=\"twitter:data1\" content=\"2 minut\u0117\" \/>\n<script type=\"application\/ld+json\" class=\"yoast-schema-graph\">{\"@context\":\"https:\/\/schema.org\",\"@graph\":[{\"@type\":\"WebPage\",\"@id\":\"https:\/\/test.puhdasplus.ee\/lt\/tooted\/stresas-ir-miegas\/l-triptofano-milteliai-100-g\/\",\"url\":\"https:\/\/test.puhdasplus.ee\/lt\/tooted\/stresas-ir-miegas\/l-triptofano-milteliai-100-g\/\",\"name\":\"L-triptofanas 100 g - Puhdas+\",\"isPartOf\":{\"@id\":\"https:\/\/test.puhdasplus.ee\/lt\/#website\"},\"primaryImageOfPage\":{\"@id\":\"https:\/\/test.puhdasplus.ee\/lt\/tooted\/stresas-ir-miegas\/l-triptofano-milteliai-100-g\/#primaryimage\"},\"image\":{\"@id\":\"https:\/\/test.puhdasplus.ee\/lt\/tooted\/stresas-ir-miegas\/l-triptofano-milteliai-100-g\/#primaryimage\"},\"thumbnailUrl\":\"https:\/\/test.puhdasplus.ee\/wp-content\/uploads\/2025\/03\/32.jpg\",\"datePublished\":\"2021-01-16T14:05:52+00:00\",\"dateModified\":\"2026-02-19T23:11:00+00:00\",\"description\":\"L-triptofano milteliai 100 g yra grynas aminor\u016bg\u0161\u010di\u0173 papildas, kuris palaiko serotonino gamyb\u0105, gerina nuotaik\u0105 ir miego kokyb\u0119.\",\"breadcrumb\":{\"@id\":\"https:\/\/test.puhdasplus.ee\/lt\/tooted\/stresas-ir-miegas\/l-triptofano-milteliai-100-g\/#breadcrumb\"},\"inLanguage\":\"lt-LT\",\"potentialAction\":[{\"@type\":\"ReadAction\",\"target\":[\"https:\/\/test.puhdasplus.ee\/lt\/tooted\/stresas-ir-miegas\/l-triptofano-milteliai-100-g\/\"]}]},{\"@type\":\"ImageObject\",\"inLanguage\":\"lt-LT\",\"@id\":\"https:\/\/test.puhdasplus.ee\/lt\/tooted\/stresas-ir-miegas\/l-triptofano-milteliai-100-g\/#primaryimage\",\"url\":\"https:\/\/test.puhdasplus.ee\/wp-content\/uploads\/2025\/03\/32.jpg\",\"contentUrl\":\"https:\/\/test.puhdasplus.ee\/wp-content\/uploads\/2025\/03\/32.jpg\",\"width\":1862,\"height\":2560,\"caption\":\"L-triptofano milteliai 100 g\"},{\"@type\":\"BreadcrumbList\",\"@id\":\"https:\/\/test.puhdasplus.ee\/lt\/tooted\/stresas-ir-miegas\/l-triptofano-milteliai-100-g\/#breadcrumb\",\"itemListElement\":[{\"@type\":\"ListItem\",\"position\":1,\"name\":\"Prad\u017eia\",\"item\":\"https:\/\/test.puhdasplus.ee\/lt\/\"},{\"@type\":\"ListItem\",\"position\":2,\"name\":\"Produktai\",\"item\":\"https:\/\/test.puhdasplus.ee\/lt\/parduotuve\/\"},{\"@type\":\"ListItem\",\"position\":3,\"name\":\"L-triptofanas 100 g\"}]},{\"@type\":\"WebSite\",\"@id\":\"https:\/\/test.puhdasplus.ee\/lt\/#website\",\"url\":\"https:\/\/test.puhdasplus.ee\/lt\/\",\"name\":\"Puhdas+\",\"description\":\"Vitamiinid, Toidulisandid, looduskosmeetika, tervis, sport\",\"publisher\":{\"@id\":\"https:\/\/test.puhdasplus.ee\/lt\/#organization\"},\"potentialAction\":[{\"@type\":\"SearchAction\",\"target\":{\"@type\":\"EntryPoint\",\"urlTemplate\":\"https:\/\/test.puhdasplus.ee\/lt\/?s={search_term_string}\"},\"query-input\":{\"@type\":\"PropertyValueSpecification\",\"valueRequired\":true,\"valueName\":\"search_term_string\"}}],\"inLanguage\":\"lt-LT\"},{\"@type\":\"Organization\",\"@id\":\"https:\/\/test.puhdasplus.ee\/lt\/#organization\",\"name\":\"Puhdas+\",\"alternateName\":\"Puhdasplus\",\"url\":\"https:\/\/test.puhdasplus.ee\/lt\/\",\"logo\":{\"@type\":\"ImageObject\",\"inLanguage\":\"lt-LT\",\"@id\":\"https:\/\/test.puhdasplus.ee\/lt\/#\/schema\/logo\/image\/\",\"url\":\"https:\/\/test.puhdasplus.ee\/\/wp-content\/uploads\/2019\/10\/puhdas_logo-arvele.png\",\"contentUrl\":\"https:\/\/test.puhdasplus.ee\/\/wp-content\/uploads\/2019\/10\/puhdas_logo-arvele.png\",\"width\":114,\"height\":94,\"caption\":\"Puhdas+\"},\"image\":{\"@id\":\"https:\/\/test.puhdasplus.ee\/lt\/#\/schema\/logo\/image\/\"},\"sameAs\":[\"https:\/\/www.facebook.com\/puhdasplus\",\"https:\/\/www.instagram.com\/puhdasplus_ee\/\"]}]}<\/script>\n<!-- \/ Yoast SEO plugin. -->","yoast_head_json":{"title":"L-triptofanas 100 g - Puhdas+","description":"L-triptofano milteliai 100 g yra grynas aminor\u016bg\u0161\u010di\u0173 papildas, kuris palaiko serotonino gamyb\u0105, gerina nuotaik\u0105 ir miego kokyb\u0119.","robots":{"index":"noindex","follow":"follow","max-snippet":"max-snippet:-1","max-image-preview":"max-image-preview:large","max-video-preview":"max-video-preview:-1"},"og_locale":"lt_LT","og_type":"article","og_title":"L-triptofanas 100 g - Puhdas+","og_description":"L-triptofano milteliai 100 g yra grynas aminor\u016bg\u0161\u010di\u0173 papildas, kuris palaiko serotonino gamyb\u0105, gerina nuotaik\u0105 ir miego kokyb\u0119.","og_url":"https:\/\/test.puhdasplus.ee\/lt\/tooted\/stresas-ir-miegas\/l-triptofano-milteliai-100-g\/","og_site_name":"Puhdas+","article_publisher":"https:\/\/www.facebook.com\/puhdasplus","article_modified_time":"2026-02-19T23:11:00+00:00","og_image":[{"width":1862,"height":2560,"url":"https:\/\/test.puhdasplus.ee\/wp-content\/uploads\/2025\/03\/32.jpg","type":"image\/jpeg"}],"twitter_card":"summary_large_image","twitter_misc":{"Est. reading time":"2 minut\u0117"},"schema":{"@context":"https:\/\/schema.org","@graph":[{"@type":"WebPage","@id":"https:\/\/test.puhdasplus.ee\/lt\/tooted\/stresas-ir-miegas\/l-triptofano-milteliai-100-g\/","url":"https:\/\/test.puhdasplus.ee\/lt\/tooted\/stresas-ir-miegas\/l-triptofano-milteliai-100-g\/","name":"L-triptofanas 100 g - Puhdas+","isPartOf":{"@id":"https:\/\/test.puhdasplus.ee\/lt\/#website"},"primaryImageOfPage":{"@id":"https:\/\/test.puhdasplus.ee\/lt\/tooted\/stresas-ir-miegas\/l-triptofano-milteliai-100-g\/#primaryimage"},"image":{"@id":"https:\/\/test.puhdasplus.ee\/lt\/tooted\/stresas-ir-miegas\/l-triptofano-milteliai-100-g\/#primaryimage"},"thumbnailUrl":"https:\/\/test.puhdasplus.ee\/wp-content\/uploads\/2025\/03\/32.jpg","datePublished":"2021-01-16T14:05:52+00:00","dateModified":"2026-02-19T23:11:00+00:00","description":"L-triptofano milteliai 100 g yra grynas aminor\u016bg\u0161\u010di\u0173 papildas, kuris palaiko serotonino gamyb\u0105, gerina nuotaik\u0105 ir miego kokyb\u0119.","breadcrumb":{"@id":"https:\/\/test.puhdasplus.ee\/lt\/tooted\/stresas-ir-miegas\/l-triptofano-milteliai-100-g\/#breadcrumb"},"inLanguage":"lt-LT","potentialAction":[{"@type":"ReadAction","target":["https:\/\/test.puhdasplus.ee\/lt\/tooted\/stresas-ir-miegas\/l-triptofano-milteliai-100-g\/"]}]},{"@type":"ImageObject","inLanguage":"lt-LT","@id":"https:\/\/test.puhdasplus.ee\/lt\/tooted\/stresas-ir-miegas\/l-triptofano-milteliai-100-g\/#primaryimage","url":"https:\/\/test.puhdasplus.ee\/wp-content\/uploads\/2025\/03\/32.jpg","contentUrl":"https:\/\/test.puhdasplus.ee\/wp-content\/uploads\/2025\/03\/32.jpg","width":1862,"height":2560,"caption":"L-triptofano milteliai 100 g"},{"@type":"BreadcrumbList","@id":"https:\/\/test.puhdasplus.ee\/lt\/tooted\/stresas-ir-miegas\/l-triptofano-milteliai-100-g\/#breadcrumb","itemListElement":[{"@type":"ListItem","position":1,"name":"Prad\u017eia","item":"https:\/\/test.puhdasplus.ee\/lt\/"},{"@type":"ListItem","position":2,"name":"Produktai","item":"https:\/\/test.puhdasplus.ee\/lt\/parduotuve\/"},{"@type":"ListItem","position":3,"name":"L-triptofanas 100 g"}]},{"@type":"WebSite","@id":"https:\/\/test.puhdasplus.ee\/lt\/#website","url":"https:\/\/test.puhdasplus.ee\/lt\/","name":"Puhdas+","description":"Vitamiinid, Toidulisandid, looduskosmeetika, tervis, sport","publisher":{"@id":"https:\/\/test.puhdasplus.ee\/lt\/#organization"},"potentialAction":[{"@type":"SearchAction","target":{"@type":"EntryPoint","urlTemplate":"https:\/\/test.puhdasplus.ee\/lt\/?s={search_term_string}"},"query-input":{"@type":"PropertyValueSpecification","valueRequired":true,"valueName":"search_term_string"}}],"inLanguage":"lt-LT"},{"@type":"Organization","@id":"https:\/\/test.puhdasplus.ee\/lt\/#organization","name":"Puhdas+","alternateName":"Puhdasplus","url":"https:\/\/test.puhdasplus.ee\/lt\/","logo":{"@type":"ImageObject","inLanguage":"lt-LT","@id":"https:\/\/test.puhdasplus.ee\/lt\/#\/schema\/logo\/image\/","url":"https:\/\/test.puhdasplus.ee\/\/wp-content\/uploads\/2019\/10\/puhdas_logo-arvele.png","contentUrl":"https:\/\/test.puhdasplus.ee\/\/wp-content\/uploads\/2019\/10\/puhdas_logo-arvele.png","width":114,"height":94,"caption":"Puhdas+"},"image":{"@id":"https:\/\/test.puhdasplus.ee\/lt\/#\/schema\/logo\/image\/"},"sameAs":["https:\/\/www.facebook.com\/puhdasplus","https:\/\/www.instagram.com\/puhdasplus_ee\/"]}]}},"_links":{"self":[{"href":"https:\/\/test.puhdasplus.ee\/lt\/wp-json\/wp\/v2\/product\/35147","targetHints":{"allow":["GET"]}}],"collection":[{"href":"https:\/\/test.puhdasplus.ee\/lt\/wp-json\/wp\/v2\/product"}],"about":[{"href":"https:\/\/test.puhdasplus.ee\/lt\/wp-json\/wp\/v2\/types\/product"}],"replies":[{"embeddable":true,"href":"https:\/\/test.puhdasplus.ee\/lt\/wp-json\/wp\/v2\/comments?post=35147"}],"wp:featuredmedia":[{"embeddable":true,"href":"https:\/\/test.puhdasplus.ee\/lt\/wp-json\/wp\/v2\/media\/35150"}],"wp:attachment":[{"href":"https:\/\/test.puhdasplus.ee\/lt\/wp-json\/wp\/v2\/media?parent=35147"}],"wp:term":[{"taxonomy":"product_brand","embeddable":true,"href":"https:\/\/test.puhdasplus.ee\/lt\/wp-json\/wp\/v2\/product_brand?post=35147"},{"taxonomy":"product_cat","embeddable":true,"href":"https:\/\/test.puhdasplus.ee\/lt\/wp-json\/wp\/v2\/product_cat?post=35147"},{"taxonomy":"product_tag","embeddable":true,"href":"https:\/\/test.puhdasplus.ee\/lt\/wp-json\/wp\/v2\/product_tag?post=35147"}],"curies":[{"name":"wp","href":"https:\/\/api.w.org\/{rel}","templated":true}]}}