{"id":35135,"date":"2021-01-20T17:20:51","date_gmt":"2021-01-20T15:20:51","guid":{"rendered":"https:\/\/test.puhdasplus.ee\/\/tooted\/be-kategorijos\/quattro-magnis\/"},"modified":"2026-03-10T14:37:16","modified_gmt":"2026-03-10T12:37:16","slug":"quattro-magnis","status":"publish","type":"product","link":"https:\/\/test.puhdasplus.ee\/lt\/tooted\/mineralai\/magnis\/quattro-magnis\/","title":{"rendered":"Quattro magnis"},"content":{"rendered":"<h2 data-start=\"197\" data-end=\"234\">Kas yra \u201ePure+ Quattro\u201c magnis?<\/h2>\n<p class=\"\" data-start=\"396\" data-end=\"815\">\u201ePure+ Quattro Magnesium\u201c yra universalus ir veiksmingas magnio papildas, kuriame sujungtos <strong data-start=\"483\" data-end=\"517\">keturios skirtingos magnio formos<\/strong> \u2013 j\u016brinis magnis (magnio hidroksidas), magnio citratas, magnio tauratas ir magnio malatas. \u0160is derinys leid\u017eia organizmui geriau \u012fsisavinti magn\u012f ir panaudoti j\u012f ten, kur jo labiausiai reikia \u2013 pavyzd\u017eiui, raumenims, nerv\u0173 sistemai ir energijos apykaitai palaikyti. <\/p>\n<p class=\"\" data-start=\"817\" data-end=\"945\">Magnis yra vienas svarbiausi\u0173 organizmo mineral\u0173. Jis dalyvauja daugiau nei 300 fermentini\u0173 reakcij\u0173 ir prisideda prie: <\/p>\n<ul data-start=\"946\" data-end=\"1314\">\n<li class=\"\" data-start=\"946\" data-end=\"1038\">\n<p class=\"\" data-start=\"948\" data-end=\"1038\"><strong data-start=\"948\" data-end=\"985\">normali\u0105 raumen\u0173 funkcij\u0105<\/strong> , \u012fskaitant raumen\u0173 \u012ftampos ir m\u0117\u0161lungio prevencij\u0105,<\/p>\n<\/li>\n<li class=\"\" data-start=\"1039\" data-end=\"1123\">\n<p class=\"\" data-start=\"1041\" data-end=\"1123\"><strong data-start=\"1041\" data-end=\"1082\">normaliam nerv\u0173 sistemos veikimui  <\/strong><\/p>\n<\/li>\n<li class=\"\" data-start=\"1124\" data-end=\"1213\">\n<p class=\"\" data-start=\"1126\" data-end=\"1213\"><strong data-start=\"1126\" data-end=\"1165\">ma\u017einant nuovarg\u012f ir i\u0161sekim\u0105<\/strong> , prisidedant prie normalios energijos apykaitos,<\/p>\n<\/li>\n<li class=\"\" data-start=\"1214\" data-end=\"1268\">\n<p class=\"\" data-start=\"1216\" data-end=\"1268\"><strong data-start=\"1216\" data-end=\"1260\">normaliai kaul\u0173 ir dant\u0173 b\u016bklei palaikyti<\/strong> ,<\/p>\n<\/li>\n<li class=\"\" data-start=\"1269\" data-end=\"1314\">\n<p class=\"\" data-start=\"1271\" data-end=\"1314\"><strong data-start=\"1271\" data-end=\"1313\">palaikant elektrolit\u0173 pusiausvyr\u0105<\/strong> .<\/p>\n<\/li>\n<\/ul>\n<p class=\"\" data-start=\"1316\" data-end=\"1497\">Kadangi organizmas kasdien praranda magnio prakaituodamas, patirdamas stres\u0105, sportuodamas ar net vartodamas tam tikrus vaistus, jo atsarg\u0173 papildymas gali b\u016bti labai svarbus kasdieniame gyvenime.<\/p>\n<h2 data-start=\"1504\" data-end=\"1567\">Kod\u0117l reikia naudoti keturias magnio formas, o ne tik vien\u0105?<\/h2>\n<p class=\"\" data-start=\"1569\" data-end=\"1669\">Skirtingos magnio formos organizme pasisavinamos ir veikia skirtingai. \u201ePure+ Quattro Magnesium\u201c apjungia: <\/p>\n<ul data-start=\"1670\" data-end=\"2013\">\n<li class=\"\" data-start=\"1670\" data-end=\"1740\">\n<p class=\"\" data-start=\"1672\" data-end=\"1740\"><strong data-start=\"1672\" data-end=\"1694\">Magnio citratas<\/strong> \u2013 gerai absorbuojama, \u012fprasta, da\u017enai vartojama forma.<\/p>\n<\/li>\n<li class=\"\" data-start=\"1741\" data-end=\"1834\">\n<p class=\"\" data-start=\"1743\" data-end=\"1834\"><strong data-start=\"1743\" data-end=\"1764\">Magnio tauratas<\/strong> \u2013 susijung\u0119s su taurinu, naudingas nerv\u0173 sistemai ir \u0161ird\u017eiai palaikyti.<\/p>\n<\/li>\n<li class=\"\" data-start=\"1835\" data-end=\"1927\">\n<p class=\"\" data-start=\"1837\" data-end=\"1927\"><strong data-start=\"1837\" data-end=\"1858\">Magnio malatas<\/strong> \u2013 susij\u0119s su obuoli\u0173 r\u016bg\u0161timi, kuri yra susijusi su energijos gamyba l\u0105stel\u0117se.<\/p>\n<\/li>\n<li class=\"\" data-start=\"1928\" data-end=\"2013\">\n<p class=\"\" data-start=\"1930\" data-end=\"2013\"><strong data-start=\"1930\" data-end=\"1971\">Magnio hidroksidas (j\u016brinis magnis)<\/strong> \u2013 mineralas, gaunamas i\u0161 nat\u016bralaus j\u016bros vandens.<\/p>\n<\/li>\n<\/ul>\n<p class=\"\" data-start=\"2015\" data-end=\"2144\">\u0160is derinys u\u017etikrina geresn\u012f ir daugiapakop\u012f \u012fsisavinim\u0105, palaikydamas normal\u0173 organizmo funkcionavim\u0105.<\/p>\n<h2 data-start=\"362\" data-end=\"384\">Kam tinka magnis?<\/h2>\n<p class=\"p1\">Produktas tinka suaugusiesiems, norintiems papildyti magnio atsargas, ypa\u010d fizi\u0161kai aktyviems \u017emon\u0117ms, sportininkams arba tiems, kuriems magnio gali prireikti d\u0117l padid\u0117jusio streso.<\/p>\n<h2 data-start=\"474\" data-end=\"494\">Kaip vartoti magn\u012f?<\/h2>\n<p class=\"\" data-start=\"496\" data-end=\"695\"><span class=\"relative -mx-px my-[-0.2rem] rounded px-px py-[0.2rem] transition-colors duration-100 ease-in-out\">Rekomenduojama doz\u0117 yra 1\u20133 kapsul\u0117s per dien\u0105.<\/span> <span class=\"relative -mx-px my-[-0.2rem] rounded px-px py-[0.2rem] transition-colors duration-100 ease-in-out\">Rekomenduojamos paros doz\u0117s vir\u0161yti negalima.<\/span> <span class=\"relative -mx-px my-[-0.2rem] rounded px-px py-[0.2rem] transition-colors duration-100 ease-in-out\">Maisto papildas nepakei\u010dia \u012fvairios ir subalansuotos mitybos ar sveiko gyvenimo b\u016bdo.<\/span> <span class=\"relative -mx-px my-[-0.2rem] rounded px-px py-[0.2rem] transition-colors duration-100 ease-in-out\">Laikyti vaikams nepasiekiamoje vietoje.<\/span><\/p>\n<h2 data-start=\"702\" data-end=\"717\">1-3 kapsul\u0117se yra magnio<\/h2>\n<p class=\"\" data-start=\"719\" data-end=\"804\">Magnis 140\u2013420 mg (37\u2013112 % RMV*), magnio hidroksidas (i\u0161 j\u016bros vandens), magnio citratas, magnio tauratas, magnio malatas, mikrokristalin\u0117 celiulioz\u0117, kapsul\u0117 (hidroksipropilmetilceliulioz\u0117, gelano derva).<br \/>\n *RMV \u2013 referencin\u0117 paros norma suaugusiam \u017emogui<br \/>\n Sud\u0117tyje n\u0117ra laktoz\u0117s, glitimo, cukraus, druskos, sojos ar saldikli\u0173.<\/p>\n<h2 data-start=\"2735\" data-end=\"2785\">Kod\u0117l verta rinktis \u201ePure+ Quattro Magnesium\u201c?<\/h2>\n<ul data-start=\"2787\" data-end=\"3089\">\n<li class=\"\" data-start=\"2787\" data-end=\"2858\">\n<p class=\"\" data-start=\"2789\" data-end=\"2858\">Sud\u0117tyje yra 4 magnio formos \u2013 geresnis \u012fsisavinimas ir universalus poveikis<\/p>\n<\/li>\n<li class=\"\" data-start=\"2859\" data-end=\"2914\">\n<p class=\"\" data-start=\"2861\" data-end=\"2914\">Palaiko raumenis, nerv\u0173 sistem\u0105 ir energijos lyg\u012f<\/p>\n<\/li>\n<li class=\"\" data-start=\"2915\" data-end=\"2966\">\n<p class=\"\" data-start=\"2917\" data-end=\"2966\">Gryna sud\u0117tis \u2013 tinka ir jautriam vir\u0161kinimui<\/p>\n<\/li>\n<li class=\"\" data-start=\"2967\" data-end=\"3027\">\n<p class=\"\" data-start=\"2969\" data-end=\"3027\">Pagaminta Suomijoje \u2013 auk\u0161tos kokyb\u0117s, patikima ir saugi<\/p>\n<\/li>\n<li class=\"\" data-start=\"3028\" data-end=\"3089\">\n<p class=\"\" data-start=\"3030\" data-end=\"3089\">Tinka kasdieniam naudojimui tiek jauniems, tiek seniems<\/p>\n<\/li>\n<\/ul>\n","protected":false},"excerpt":{"rendered":"<p class=\"p1\"><b>\u201ePuhdas+ Quattro Magnesium\u201c yra kasdienis papildas, padedantis organizmui efektyviai ir universaliai patenkinti magnio poreikius. Produkte yra keturios skirtingos magnio formos \u2013 j\u016brinis magnis, citratas, tauratas ir malatas \u2013 kurios organizme pasisavinamos skirtingai ir palaiko normali\u0105 raumen\u0173, nerv\u0173 sistemos veikl\u0105 bei energijos apykait\u0105. \u0160is derinys puikiai tinka fizi\u0161kai aktyviems \u017emon\u0117ms ir tiems, kuri\u0173 magnio poreikis gali padid\u0117ti d\u0117l padid\u0117jusio fizinio kr\u016bvio.  <\/b><b><\/b><\/p>\n<p class=\"p3\">Magnis padeda palaikyti normali\u0105 raumen\u0173 funkcij\u0105, nerv\u0173 sistemos veikl\u0105 ir elektrolit\u0173 pusiausvyr\u0105, taip pat padeda suma\u017einti nuovarg\u012f ir palaikyti normali\u0105 energij\u0105 teikian\u010di\u0105 med\u017eiag\u0173 apykait\u0105. \u201eQuattro Magnesium\u201c kapsul\u0117s pagamintos i\u0161 grynos, be pried\u0173 formul\u0117s ir taip pat tinka veganams bei \u017emon\u0117ms su jautria vir\u0161kinimo sistema. <\/p>\n","protected":false},"featured_media":32088,"comment_status":"closed","ping_status":"closed","template":"","meta":{"_acf_changed":false},"product_brand":[],"product_cat":[3265,3120,3461,3049],"product_tag":[6017,6014,4955,6019,3503,6015,3140,6016,3144,6018,2753,2967],"class_list":{"0":"post-35135","1":"product","2":"type-product","3":"status-publish","4":"has-post-thumbnail","6":"product_cat-magnis","7":"product_cat-mineralai","8":"product_cat-sanariai-raumenys-ir-kaulai","9":"product_cat-specialus-pasiulymai","10":"product_tag-magnio-bisglicinatas","11":"product_tag-magnio-citratas","12":"product_tag-magnio-kompleksas","13":"product_tag-magnis-sirdziai","14":"product_tag-miegas-ir-stresas","15":"product_tag-miego-kokybe","16":"product_tag-nuovargio-mazinimas","17":"product_tag-raumenu-ir-nervu-sistemos-palaikymas","18":"product_tag-raumenys-ir-sanariai","19":"product_tag-sportininkams","20":"product_tag-streso-mazinimas","21":"product_tag-veganas","23":"first","24":"instock","25":"sale","26":"featured","27":"taxable","28":"shipping-taxable","29":"purchasable","30":"product-type-variable","31":"has-default-attributes"},"acf":[],"yoast_head":"<!-- This site is optimized with the Yoast SEO plugin v27.1.1 - https:\/\/yoast.com\/product\/yoast-seo-wordpress\/ -->\n<title>Quattro magnis - Puhdas+<\/title>\n<meta name=\"description\" content=\"\u201eQuattro Magnesium\u201c \u2013 tai keturi\u0173 skirting\u0173 magnio form\u0173 derinys, palaikantis raumenis, nerv\u0173 sistem\u0105 ir energijos lyg\u012f. Tinka veganams!\" \/>\n<meta name=\"robots\" content=\"noindex, follow, max-snippet:-1, max-image-preview:large, max-video-preview:-1\" \/>\n<meta property=\"og:locale\" content=\"lt_LT\" \/>\n<meta property=\"og:type\" content=\"article\" \/>\n<meta property=\"og:title\" content=\"Quattro magnis - Puhdas+\" \/>\n<meta property=\"og:description\" content=\"\u201eQuattro Magnesium\u201c \u2013 tai keturi\u0173 skirting\u0173 magnio form\u0173 derinys, palaikantis raumenis, nerv\u0173 sistem\u0105 ir energijos lyg\u012f. Tinka veganams!\" \/>\n<meta property=\"og:url\" content=\"https:\/\/test.puhdasplus.ee\/lt\/tooted\/mineralai\/magnis\/quattro-magnis\/\" \/>\n<meta property=\"og:site_name\" content=\"Puhdas+\" \/>\n<meta property=\"article:publisher\" content=\"https:\/\/www.facebook.com\/puhdasplus\" \/>\n<meta property=\"article:modified_time\" content=\"2026-03-10T12:37:16+00:00\" \/>\n<meta property=\"og:image\" content=\"https:\/\/test.puhdasplus.ee\/wp-content\/uploads\/2021\/01\/1-scaled.png\" \/>\n\t<meta property=\"og:image:width\" content=\"1862\" \/>\n\t<meta property=\"og:image:height\" content=\"2560\" \/>\n\t<meta property=\"og:image:type\" content=\"image\/png\" \/>\n<meta name=\"twitter:card\" content=\"summary_large_image\" \/>\n<meta name=\"twitter:label1\" content=\"Est. reading time\" \/>\n\t<meta name=\"twitter:data1\" content=\"2 minut\u0117\" \/>\n<script type=\"application\/ld+json\" class=\"yoast-schema-graph\">{\"@context\":\"https:\/\/schema.org\",\"@graph\":[{\"@type\":\"WebPage\",\"@id\":\"https:\/\/test.puhdasplus.ee\/lt\/tooted\/mineralai\/magnis\/quattro-magnis\/\",\"url\":\"https:\/\/test.puhdasplus.ee\/lt\/tooted\/mineralai\/magnis\/quattro-magnis\/\",\"name\":\"Quattro magnis - Puhdas+\",\"isPartOf\":{\"@id\":\"https:\/\/test.puhdasplus.ee\/lt\/#website\"},\"primaryImageOfPage\":{\"@id\":\"https:\/\/test.puhdasplus.ee\/lt\/tooted\/mineralai\/magnis\/quattro-magnis\/#primaryimage\"},\"image\":{\"@id\":\"https:\/\/test.puhdasplus.ee\/lt\/tooted\/mineralai\/magnis\/quattro-magnis\/#primaryimage\"},\"thumbnailUrl\":\"https:\/\/test.puhdasplus.ee\/wp-content\/uploads\/2021\/01\/1-scaled.png\",\"datePublished\":\"2021-01-20T15:20:51+00:00\",\"dateModified\":\"2026-03-10T12:37:16+00:00\",\"description\":\"\u201eQuattro Magnesium\u201c \u2013 tai keturi\u0173 skirting\u0173 magnio form\u0173 derinys, palaikantis raumenis, nerv\u0173 sistem\u0105 ir energijos lyg\u012f. Tinka veganams!\",\"breadcrumb\":{\"@id\":\"https:\/\/test.puhdasplus.ee\/lt\/tooted\/mineralai\/magnis\/quattro-magnis\/#breadcrumb\"},\"inLanguage\":\"lt-LT\",\"potentialAction\":[{\"@type\":\"ReadAction\",\"target\":[\"https:\/\/test.puhdasplus.ee\/lt\/tooted\/mineralai\/magnis\/quattro-magnis\/\"]}]},{\"@type\":\"ImageObject\",\"inLanguage\":\"lt-LT\",\"@id\":\"https:\/\/test.puhdasplus.ee\/lt\/tooted\/mineralai\/magnis\/quattro-magnis\/#primaryimage\",\"url\":\"https:\/\/test.puhdasplus.ee\/wp-content\/uploads\/2021\/01\/1-scaled.png\",\"contentUrl\":\"https:\/\/test.puhdasplus.ee\/wp-content\/uploads\/2021\/01\/1-scaled.png\",\"width\":1862,\"height\":2560,\"caption\":\"Quattro magnis\"},{\"@type\":\"BreadcrumbList\",\"@id\":\"https:\/\/test.puhdasplus.ee\/lt\/tooted\/mineralai\/magnis\/quattro-magnis\/#breadcrumb\",\"itemListElement\":[{\"@type\":\"ListItem\",\"position\":1,\"name\":\"Prad\u017eia\",\"item\":\"https:\/\/test.puhdasplus.ee\/lt\/\"},{\"@type\":\"ListItem\",\"position\":2,\"name\":\"Produktai\",\"item\":\"https:\/\/test.puhdasplus.ee\/lt\/parduotuve\/\"},{\"@type\":\"ListItem\",\"position\":3,\"name\":\"Quattro magnis\"}]},{\"@type\":\"WebSite\",\"@id\":\"https:\/\/test.puhdasplus.ee\/lt\/#website\",\"url\":\"https:\/\/test.puhdasplus.ee\/lt\/\",\"name\":\"Puhdas+\",\"description\":\"Vitamiinid, Toidulisandid, looduskosmeetika, tervis, sport\",\"publisher\":{\"@id\":\"https:\/\/test.puhdasplus.ee\/lt\/#organization\"},\"potentialAction\":[{\"@type\":\"SearchAction\",\"target\":{\"@type\":\"EntryPoint\",\"urlTemplate\":\"https:\/\/test.puhdasplus.ee\/lt\/?s={search_term_string}\"},\"query-input\":{\"@type\":\"PropertyValueSpecification\",\"valueRequired\":true,\"valueName\":\"search_term_string\"}}],\"inLanguage\":\"lt-LT\"},{\"@type\":\"Organization\",\"@id\":\"https:\/\/test.puhdasplus.ee\/lt\/#organization\",\"name\":\"Puhdas+\",\"alternateName\":\"Puhdasplus\",\"url\":\"https:\/\/test.puhdasplus.ee\/lt\/\",\"logo\":{\"@type\":\"ImageObject\",\"inLanguage\":\"lt-LT\",\"@id\":\"https:\/\/test.puhdasplus.ee\/lt\/#\/schema\/logo\/image\/\",\"url\":\"https:\/\/test.puhdasplus.ee\/\/wp-content\/uploads\/2019\/10\/puhdas_logo-arvele.png\",\"contentUrl\":\"https:\/\/test.puhdasplus.ee\/\/wp-content\/uploads\/2019\/10\/puhdas_logo-arvele.png\",\"width\":114,\"height\":94,\"caption\":\"Puhdas+\"},\"image\":{\"@id\":\"https:\/\/test.puhdasplus.ee\/lt\/#\/schema\/logo\/image\/\"},\"sameAs\":[\"https:\/\/www.facebook.com\/puhdasplus\",\"https:\/\/www.instagram.com\/puhdasplus_ee\/\"]}]}<\/script>\n<!-- \/ Yoast SEO plugin. -->","yoast_head_json":{"title":"Quattro magnis - Puhdas+","description":"\u201eQuattro Magnesium\u201c \u2013 tai keturi\u0173 skirting\u0173 magnio form\u0173 derinys, palaikantis raumenis, nerv\u0173 sistem\u0105 ir energijos lyg\u012f. Tinka veganams!","robots":{"index":"noindex","follow":"follow","max-snippet":"max-snippet:-1","max-image-preview":"max-image-preview:large","max-video-preview":"max-video-preview:-1"},"og_locale":"lt_LT","og_type":"article","og_title":"Quattro magnis - Puhdas+","og_description":"\u201eQuattro Magnesium\u201c \u2013 tai keturi\u0173 skirting\u0173 magnio form\u0173 derinys, palaikantis raumenis, nerv\u0173 sistem\u0105 ir energijos lyg\u012f. Tinka veganams!","og_url":"https:\/\/test.puhdasplus.ee\/lt\/tooted\/mineralai\/magnis\/quattro-magnis\/","og_site_name":"Puhdas+","article_publisher":"https:\/\/www.facebook.com\/puhdasplus","article_modified_time":"2026-03-10T12:37:16+00:00","og_image":[{"width":1862,"height":2560,"url":"https:\/\/test.puhdasplus.ee\/wp-content\/uploads\/2021\/01\/1-scaled.png","type":"image\/png"}],"twitter_card":"summary_large_image","twitter_misc":{"Est. reading time":"2 minut\u0117"},"schema":{"@context":"https:\/\/schema.org","@graph":[{"@type":"WebPage","@id":"https:\/\/test.puhdasplus.ee\/lt\/tooted\/mineralai\/magnis\/quattro-magnis\/","url":"https:\/\/test.puhdasplus.ee\/lt\/tooted\/mineralai\/magnis\/quattro-magnis\/","name":"Quattro magnis - Puhdas+","isPartOf":{"@id":"https:\/\/test.puhdasplus.ee\/lt\/#website"},"primaryImageOfPage":{"@id":"https:\/\/test.puhdasplus.ee\/lt\/tooted\/mineralai\/magnis\/quattro-magnis\/#primaryimage"},"image":{"@id":"https:\/\/test.puhdasplus.ee\/lt\/tooted\/mineralai\/magnis\/quattro-magnis\/#primaryimage"},"thumbnailUrl":"https:\/\/test.puhdasplus.ee\/wp-content\/uploads\/2021\/01\/1-scaled.png","datePublished":"2021-01-20T15:20:51+00:00","dateModified":"2026-03-10T12:37:16+00:00","description":"\u201eQuattro Magnesium\u201c \u2013 tai keturi\u0173 skirting\u0173 magnio form\u0173 derinys, palaikantis raumenis, nerv\u0173 sistem\u0105 ir energijos lyg\u012f. Tinka veganams!","breadcrumb":{"@id":"https:\/\/test.puhdasplus.ee\/lt\/tooted\/mineralai\/magnis\/quattro-magnis\/#breadcrumb"},"inLanguage":"lt-LT","potentialAction":[{"@type":"ReadAction","target":["https:\/\/test.puhdasplus.ee\/lt\/tooted\/mineralai\/magnis\/quattro-magnis\/"]}]},{"@type":"ImageObject","inLanguage":"lt-LT","@id":"https:\/\/test.puhdasplus.ee\/lt\/tooted\/mineralai\/magnis\/quattro-magnis\/#primaryimage","url":"https:\/\/test.puhdasplus.ee\/wp-content\/uploads\/2021\/01\/1-scaled.png","contentUrl":"https:\/\/test.puhdasplus.ee\/wp-content\/uploads\/2021\/01\/1-scaled.png","width":1862,"height":2560,"caption":"Quattro magnis"},{"@type":"BreadcrumbList","@id":"https:\/\/test.puhdasplus.ee\/lt\/tooted\/mineralai\/magnis\/quattro-magnis\/#breadcrumb","itemListElement":[{"@type":"ListItem","position":1,"name":"Prad\u017eia","item":"https:\/\/test.puhdasplus.ee\/lt\/"},{"@type":"ListItem","position":2,"name":"Produktai","item":"https:\/\/test.puhdasplus.ee\/lt\/parduotuve\/"},{"@type":"ListItem","position":3,"name":"Quattro magnis"}]},{"@type":"WebSite","@id":"https:\/\/test.puhdasplus.ee\/lt\/#website","url":"https:\/\/test.puhdasplus.ee\/lt\/","name":"Puhdas+","description":"Vitamiinid, Toidulisandid, looduskosmeetika, tervis, sport","publisher":{"@id":"https:\/\/test.puhdasplus.ee\/lt\/#organization"},"potentialAction":[{"@type":"SearchAction","target":{"@type":"EntryPoint","urlTemplate":"https:\/\/test.puhdasplus.ee\/lt\/?s={search_term_string}"},"query-input":{"@type":"PropertyValueSpecification","valueRequired":true,"valueName":"search_term_string"}}],"inLanguage":"lt-LT"},{"@type":"Organization","@id":"https:\/\/test.puhdasplus.ee\/lt\/#organization","name":"Puhdas+","alternateName":"Puhdasplus","url":"https:\/\/test.puhdasplus.ee\/lt\/","logo":{"@type":"ImageObject","inLanguage":"lt-LT","@id":"https:\/\/test.puhdasplus.ee\/lt\/#\/schema\/logo\/image\/","url":"https:\/\/test.puhdasplus.ee\/\/wp-content\/uploads\/2019\/10\/puhdas_logo-arvele.png","contentUrl":"https:\/\/test.puhdasplus.ee\/\/wp-content\/uploads\/2019\/10\/puhdas_logo-arvele.png","width":114,"height":94,"caption":"Puhdas+"},"image":{"@id":"https:\/\/test.puhdasplus.ee\/lt\/#\/schema\/logo\/image\/"},"sameAs":["https:\/\/www.facebook.com\/puhdasplus","https:\/\/www.instagram.com\/puhdasplus_ee\/"]}]}},"_links":{"self":[{"href":"https:\/\/test.puhdasplus.ee\/lt\/wp-json\/wp\/v2\/product\/35135","targetHints":{"allow":["GET"]}}],"collection":[{"href":"https:\/\/test.puhdasplus.ee\/lt\/wp-json\/wp\/v2\/product"}],"about":[{"href":"https:\/\/test.puhdasplus.ee\/lt\/wp-json\/wp\/v2\/types\/product"}],"replies":[{"embeddable":true,"href":"https:\/\/test.puhdasplus.ee\/lt\/wp-json\/wp\/v2\/comments?post=35135"}],"wp:featuredmedia":[{"embeddable":true,"href":"https:\/\/test.puhdasplus.ee\/lt\/wp-json\/wp\/v2\/media\/32088"}],"wp:attachment":[{"href":"https:\/\/test.puhdasplus.ee\/lt\/wp-json\/wp\/v2\/media?parent=35135"}],"wp:term":[{"taxonomy":"product_brand","embeddable":true,"href":"https:\/\/test.puhdasplus.ee\/lt\/wp-json\/wp\/v2\/product_brand?post=35135"},{"taxonomy":"product_cat","embeddable":true,"href":"https:\/\/test.puhdasplus.ee\/lt\/wp-json\/wp\/v2\/product_cat?post=35135"},{"taxonomy":"product_tag","embeddable":true,"href":"https:\/\/test.puhdasplus.ee\/lt\/wp-json\/wp\/v2\/product_tag?post=35135"}],"curies":[{"name":"wp","href":"https:\/\/api.w.org\/{rel}","templated":true}]}}