{"id":35127,"date":"2020-12-11T21:53:26","date_gmt":"2020-12-11T19:53:26","guid":{"rendered":"https:\/\/test.puhdasplus.ee\/\/tooted\/be-kategorijos\/inozitolio-milteliai-200-g\/"},"modified":"2026-02-20T01:11:04","modified_gmt":"2026-02-19T23:11:04","slug":"inozitolio-milteliai-200-g","status":"publish","type":"product","link":"https:\/\/test.puhdasplus.ee\/lt\/tooted\/vitaminai\/vitaminas-b\/inozitolio-milteliai-200-g\/","title":{"rendered":"Inozitolis 200 g"},"content":{"rendered":"<h2 data-start=\"357\" data-end=\"401\">Kas yra inozitolis ir kod\u0117l jis svarbus?<\/h2>\n<p class=\"p1\"><span class=\"s1\"><b>\u201ePure+ Inositol 200 g\u201c<\/b><\/span> yra 100 % gryni ir be pried\u0173 inozitolio milteliai, tinkami vartoti kasdien. Inozitolis (mioinozitolis) yra nat\u016brali med\u017eiaga, randama \u012fvairiuose maisto produktuose, tokiuose kaip vaisiai, ank\u0161tiniai augalai ir neskaldyti gr\u016bdai. Organizmas taip pat j\u012f gamina nedideliais kiekiais. Inozitolis dalyvauja tarpl\u0105steliniame signal\u0173 perdavime ir med\u017eiag\u0173 apykaitos procesuose.   <\/p>\n<p class=\"p1\">\u0160is papildas puikiai tinka s\u0105moningam vartotojui, norin\u010diam palaikyti bendr\u0105 savijaut\u0105, \u012fskaitant energijos gamyb\u0105 ir med\u017eiag\u0173 apykait\u0105.<\/p>\n<h2 data-start=\"1282\" data-end=\"1318\"><b>Kod\u0117l vartoti inozitol\u012f?<\/b><\/h2>\n<ul>\n<li>\n<p class=\"p1\">Prisideda prie normalios nerv\u0173 sistemos veiklos<\/p>\n<\/li>\n<li>\n<p class=\"p1\">Dalyvauja riebal\u0173 apykaitoje<\/p>\n<\/li>\n<li>\n<p class=\"p1\">Tinka kaip komponentas, palaikantis protin\u012f ai\u0161kum\u0105 ir pusiausvyr\u0105<\/p>\n<\/li>\n<\/ul>\n<h2 data-start=\"1282\" data-end=\"1318\">Kam tinka \u201ePuhdas+ Inozitolis\u201c?<\/h2>\n<ul>\n<li>\n<p class=\"p1\">Tiems, kurie nori palaikyti nerv\u0173 sistemos veikl\u0105<\/p>\n<\/li>\n<li>\n<p class=\"p1\">\u017dmon\u0117ms, gyvenantiems greit\u0105 gyvenimo temp\u0105 ir patiriantiems stres\u0105<\/p>\n<\/li>\n<li>\n<p class=\"p1\">Vegetarams ir veganams<\/p>\n<\/li>\n<li>\n<p class=\"p1\">\u017dmon\u0117ms, turintiems jautr\u0173 vir\u0161kinim\u0105<\/p>\n<\/li>\n<li>\n<p class=\"p1\">Tiems, kurie renkasi produkt\u0105 be pried\u0173<\/p>\n<\/li>\n<\/ul>\n<h2 data-start=\"884\" data-end=\"923\">Kokie yra ingredientai ir maistin\u0117 vert\u0117?<\/h2>\n<p data-start=\"925\" data-end=\"1107\"><strong data-start=\"925\" data-end=\"941\">Sudedamosios dalys:<\/strong> <span class=\"relative -mx-px my-[-0.2rem] rounded px-px py-[0.2rem] transition-colors duration-100 ease-in-out\">100 % inozitolis.<\/span> <span class=\"relative -mx-px my-[-0.2rem] rounded px-px py-[0.2rem] transition-colors duration-100 ease-in-out\">Produkte n\u0117ra laktoz\u0117s, glitimo, mieli\u0173, cukraus, druskos, krakmolo, kukur\u016bz\u0173, sojos ar saldikli\u0173.<\/span> <span class=\"relative -mx-px my-[-0.2rem] rounded px-px py-[0.2rem] transition-colors duration-100 ease-in-out\">Tinka veganams.<\/span><\/p>\n<p data-start=\"1109\" data-end=\"1212\"><strong data-start=\"1109\" data-end=\"1126\">Maistin\u0117 vert\u0117:<\/strong> <span class=\"relative -mx-px my-[-0.2rem] rounded px-px py-[0.2rem] transition-colors duration-100 ease-in-out\">1 samtelyje (650 mg) yra 650 mg inozitolio.<\/span><\/p>\n<h2 data-start=\"576\" data-end=\"611\">Kaip ir kada j\u012f naudoti?<\/h2>\n<p><strong data-start=\"613\" data-end=\"631\">Vartojimo instrukcijos:<\/strong> <span class=\"relative -mx-px my-[-0.2rem] rounded px-px py-[0.2rem] transition-colors duration-100 ease-in-out\">Rekomenduojama doz\u0117 suaugusiesiems yra 1 samtelis (650 mg) per dien\u0105.<\/span> <span class=\"relative -mx-px my-[-0.2rem] rounded px-px py-[0.2rem] transition-colors duration-100 ease-in-out\">Miltelius sumai\u0161ykite su stikline vandens, sul\u010di\u0173 ar kokteilio.<\/span> <span class=\"relative -mx-px my-[-0.2rem] rounded px-px py-[0.2rem] transition-colors duration-100 ease-in-out\">Rekomenduojamos paros doz\u0117s vir\u0161yti negalima.<\/span> <span class=\"relative -mx-px my-[-0.2rem] rounded px-px py-[0.2rem] transition-colors duration-100 ease-in-out\">Maisto papildas nepakei\u010dia \u012fvairios ir subalansuotos mitybos ar sveiko gyvenimo b\u016bdo.<\/span> <span class=\"relative -mx-px my-[-0.2rem] rounded px-px py-[0.2rem] transition-colors duration-100 ease-in-out\">Laikyti vaikams nepasiekiamoje vietoje.<\/span><\/p>\n<h2 data-start=\"2369\" data-end=\"2397\">Ekonomi\u0161kas ir patogus pasirinkimas<\/h2>\n<p class=\"\" data-start=\"2399\" data-end=\"2619\">Pakuot\u0117je yra 200 gram\u0173 gryno inozitolio milteli\u0173. Vos 650 mg paros doz\u0117s pakaks daugiau nei 300 dien\u0173, tod\u0117l tai itin ekonomi\u0161kas ir ilgalaikis kasdienio vartojimo b\u016bdas. <\/p>\n<p data-start=\"2228\" data-end=\"2538\">\n","protected":false},"excerpt":{"rendered":"<p class=\"p1\"><b>\u201ePure+ Inositol\u201c (mioinozitolis) yra 100 % grynas milteli\u0173 pavidalo maisto papildas, padedantis palaikyti normali\u0105 nerv\u0173 sistemos veikl\u0105 ir tarpl\u0105stelin\u012f signalizavim\u0105.<\/b><b><\/b><\/p>\n<p class=\"p2\">Inozitolis dalyvauja nat\u016braliuose organizmo med\u017eiag\u0173 apykaitos procesuose ir gali palaikyti protin\u012f susikaupim\u0105 bei vidin\u0119 pusiausvyr\u0105 greito tempo kasdienio gyvenimo situacijose.<\/p>\n<p class=\"p2\">Produktas be pried\u0173, tinka veganams ir yra neutralaus skonio \u2013 j\u012f lengva mai\u0161yti su vandeniu, sultimis ar kokteiliais.<\/p>\n<p class=\"p1\"><b>Vienos pakuot\u0117s (200 g) pakanka daugiau nei 300 panaudojim\u0173 \u2013 prakti\u0161kas ir ekonomi\u0161kas pasirinkimas.<\/b><\/p>\n","protected":false},"featured_media":35132,"comment_status":"closed","ping_status":"closed","template":"","meta":{"_acf_changed":false},"product_brand":[],"product_cat":[3490,3282,3049,3016,3013,3174,3175],"product_tag":[3561,6004,3131,3503,6005,5445],"class_list":{"0":"post-35127","1":"product","2":"type-product","3":"status-publish","4":"has-post-thumbnail","6":"product_cat-aminorugstys","7":"product_cat-oda-plaukai-nagai","8":"product_cat-specialus-pasiulymai","9":"product_cat-sportas","10":"product_cat-stresas-ir-miegas","11":"product_cat-vitaminai","12":"product_cat-vitaminas-b","13":"product_tag-hormonu-pusiausvyra","14":"product_tag-inozitolis","15":"product_tag-maisto-papildas","16":"product_tag-miegas-ir-stresas","17":"product_tag-mioinozitolis","18":"product_tag-nervu-sistema","20":"first","21":"instock","22":"sale","23":"featured","24":"taxable","25":"shipping-taxable","26":"purchasable","27":"product-type-simple"},"acf":[],"yoast_head":"<!-- This site is optimized with the Yoast SEO plugin v27.1.1 - https:\/\/yoast.com\/product\/yoast-seo-wordpress\/ -->\n<title>Inozitolis 200 g - Puhdas+<\/title>\n<meta name=\"description\" content=\"Inozitolio milteliai 200 g yra maisto papildas, kurio sud\u0117tyje yra gryno mioinozitolio, kuris palaiko nerv\u0173 sistemos funkcij\u0105 ir hormon\u0173 pusiausvyr\u0105.\" \/>\n<meta name=\"robots\" content=\"noindex, follow, max-snippet:-1, max-image-preview:large, max-video-preview:-1\" \/>\n<meta property=\"og:locale\" content=\"lt_LT\" \/>\n<meta property=\"og:type\" content=\"article\" \/>\n<meta property=\"og:title\" content=\"Inozitolis 200 g - Puhdas+\" \/>\n<meta property=\"og:description\" content=\"Inozitolio milteliai 200 g yra maisto papildas, kurio sud\u0117tyje yra gryno mioinozitolio, kuris palaiko nerv\u0173 sistemos funkcij\u0105 ir hormon\u0173 pusiausvyr\u0105.\" \/>\n<meta property=\"og:url\" content=\"https:\/\/test.puhdasplus.ee\/lt\/tooted\/vitaminai\/vitaminas-b\/inozitolio-milteliai-200-g\/\" \/>\n<meta property=\"og:site_name\" content=\"Puhdas+\" \/>\n<meta property=\"article:publisher\" content=\"https:\/\/www.facebook.com\/puhdasplus\" \/>\n<meta property=\"article:modified_time\" content=\"2026-02-19T23:11:04+00:00\" \/>\n<meta property=\"og:image\" content=\"https:\/\/test.puhdasplus.ee\/wp-content\/uploads\/2020\/12\/7.jpg\" \/>\n\t<meta property=\"og:image:width\" content=\"1862\" \/>\n\t<meta property=\"og:image:height\" content=\"2560\" \/>\n\t<meta property=\"og:image:type\" content=\"image\/jpeg\" \/>\n<meta name=\"twitter:card\" content=\"summary_large_image\" \/>\n<meta name=\"twitter:label1\" content=\"Est. reading time\" \/>\n\t<meta name=\"twitter:data1\" content=\"1 minut\u0117\" \/>\n<script type=\"application\/ld+json\" class=\"yoast-schema-graph\">{\"@context\":\"https:\/\/schema.org\",\"@graph\":[{\"@type\":\"WebPage\",\"@id\":\"https:\/\/test.puhdasplus.ee\/lt\/tooted\/vitaminai\/vitaminas-b\/inozitolio-milteliai-200-g\/\",\"url\":\"https:\/\/test.puhdasplus.ee\/lt\/tooted\/vitaminai\/vitaminas-b\/inozitolio-milteliai-200-g\/\",\"name\":\"Inozitolis 200 g - Puhdas+\",\"isPartOf\":{\"@id\":\"https:\/\/test.puhdasplus.ee\/lt\/#website\"},\"primaryImageOfPage\":{\"@id\":\"https:\/\/test.puhdasplus.ee\/lt\/tooted\/vitaminai\/vitaminas-b\/inozitolio-milteliai-200-g\/#primaryimage\"},\"image\":{\"@id\":\"https:\/\/test.puhdasplus.ee\/lt\/tooted\/vitaminai\/vitaminas-b\/inozitolio-milteliai-200-g\/#primaryimage\"},\"thumbnailUrl\":\"https:\/\/test.puhdasplus.ee\/wp-content\/uploads\/2020\/12\/7.jpg\",\"datePublished\":\"2020-12-11T19:53:26+00:00\",\"dateModified\":\"2026-02-19T23:11:04+00:00\",\"description\":\"Inozitolio milteliai 200 g yra maisto papildas, kurio sud\u0117tyje yra gryno mioinozitolio, kuris palaiko nerv\u0173 sistemos funkcij\u0105 ir hormon\u0173 pusiausvyr\u0105.\",\"breadcrumb\":{\"@id\":\"https:\/\/test.puhdasplus.ee\/lt\/tooted\/vitaminai\/vitaminas-b\/inozitolio-milteliai-200-g\/#breadcrumb\"},\"inLanguage\":\"lt-LT\",\"potentialAction\":[{\"@type\":\"ReadAction\",\"target\":[\"https:\/\/test.puhdasplus.ee\/lt\/tooted\/vitaminai\/vitaminas-b\/inozitolio-milteliai-200-g\/\"]}]},{\"@type\":\"ImageObject\",\"inLanguage\":\"lt-LT\",\"@id\":\"https:\/\/test.puhdasplus.ee\/lt\/tooted\/vitaminai\/vitaminas-b\/inozitolio-milteliai-200-g\/#primaryimage\",\"url\":\"https:\/\/test.puhdasplus.ee\/wp-content\/uploads\/2020\/12\/7.jpg\",\"contentUrl\":\"https:\/\/test.puhdasplus.ee\/wp-content\/uploads\/2020\/12\/7.jpg\",\"width\":1862,\"height\":2560,\"caption\":\"Inozitolio milteliai\"},{\"@type\":\"BreadcrumbList\",\"@id\":\"https:\/\/test.puhdasplus.ee\/lt\/tooted\/vitaminai\/vitaminas-b\/inozitolio-milteliai-200-g\/#breadcrumb\",\"itemListElement\":[{\"@type\":\"ListItem\",\"position\":1,\"name\":\"Prad\u017eia\",\"item\":\"https:\/\/test.puhdasplus.ee\/lt\/\"},{\"@type\":\"ListItem\",\"position\":2,\"name\":\"Produktai\",\"item\":\"https:\/\/test.puhdasplus.ee\/lt\/parduotuve\/\"},{\"@type\":\"ListItem\",\"position\":3,\"name\":\"Inozitolis 200 g\"}]},{\"@type\":\"WebSite\",\"@id\":\"https:\/\/test.puhdasplus.ee\/lt\/#website\",\"url\":\"https:\/\/test.puhdasplus.ee\/lt\/\",\"name\":\"Puhdas+\",\"description\":\"Vitamiinid, Toidulisandid, looduskosmeetika, tervis, sport\",\"publisher\":{\"@id\":\"https:\/\/test.puhdasplus.ee\/lt\/#organization\"},\"potentialAction\":[{\"@type\":\"SearchAction\",\"target\":{\"@type\":\"EntryPoint\",\"urlTemplate\":\"https:\/\/test.puhdasplus.ee\/lt\/?s={search_term_string}\"},\"query-input\":{\"@type\":\"PropertyValueSpecification\",\"valueRequired\":true,\"valueName\":\"search_term_string\"}}],\"inLanguage\":\"lt-LT\"},{\"@type\":\"Organization\",\"@id\":\"https:\/\/test.puhdasplus.ee\/lt\/#organization\",\"name\":\"Puhdas+\",\"alternateName\":\"Puhdasplus\",\"url\":\"https:\/\/test.puhdasplus.ee\/lt\/\",\"logo\":{\"@type\":\"ImageObject\",\"inLanguage\":\"lt-LT\",\"@id\":\"https:\/\/test.puhdasplus.ee\/lt\/#\/schema\/logo\/image\/\",\"url\":\"https:\/\/test.puhdasplus.ee\/\/wp-content\/uploads\/2019\/10\/puhdas_logo-arvele.png\",\"contentUrl\":\"https:\/\/test.puhdasplus.ee\/\/wp-content\/uploads\/2019\/10\/puhdas_logo-arvele.png\",\"width\":114,\"height\":94,\"caption\":\"Puhdas+\"},\"image\":{\"@id\":\"https:\/\/test.puhdasplus.ee\/lt\/#\/schema\/logo\/image\/\"},\"sameAs\":[\"https:\/\/www.facebook.com\/puhdasplus\",\"https:\/\/www.instagram.com\/puhdasplus_ee\/\"]}]}<\/script>\n<!-- \/ Yoast SEO plugin. -->","yoast_head_json":{"title":"Inozitolis 200 g - Puhdas+","description":"Inozitolio milteliai 200 g yra maisto papildas, kurio sud\u0117tyje yra gryno mioinozitolio, kuris palaiko nerv\u0173 sistemos funkcij\u0105 ir hormon\u0173 pusiausvyr\u0105.","robots":{"index":"noindex","follow":"follow","max-snippet":"max-snippet:-1","max-image-preview":"max-image-preview:large","max-video-preview":"max-video-preview:-1"},"og_locale":"lt_LT","og_type":"article","og_title":"Inozitolis 200 g - Puhdas+","og_description":"Inozitolio milteliai 200 g yra maisto papildas, kurio sud\u0117tyje yra gryno mioinozitolio, kuris palaiko nerv\u0173 sistemos funkcij\u0105 ir hormon\u0173 pusiausvyr\u0105.","og_url":"https:\/\/test.puhdasplus.ee\/lt\/tooted\/vitaminai\/vitaminas-b\/inozitolio-milteliai-200-g\/","og_site_name":"Puhdas+","article_publisher":"https:\/\/www.facebook.com\/puhdasplus","article_modified_time":"2026-02-19T23:11:04+00:00","og_image":[{"width":1862,"height":2560,"url":"https:\/\/test.puhdasplus.ee\/wp-content\/uploads\/2020\/12\/7.jpg","type":"image\/jpeg"}],"twitter_card":"summary_large_image","twitter_misc":{"Est. reading time":"1 minut\u0117"},"schema":{"@context":"https:\/\/schema.org","@graph":[{"@type":"WebPage","@id":"https:\/\/test.puhdasplus.ee\/lt\/tooted\/vitaminai\/vitaminas-b\/inozitolio-milteliai-200-g\/","url":"https:\/\/test.puhdasplus.ee\/lt\/tooted\/vitaminai\/vitaminas-b\/inozitolio-milteliai-200-g\/","name":"Inozitolis 200 g - Puhdas+","isPartOf":{"@id":"https:\/\/test.puhdasplus.ee\/lt\/#website"},"primaryImageOfPage":{"@id":"https:\/\/test.puhdasplus.ee\/lt\/tooted\/vitaminai\/vitaminas-b\/inozitolio-milteliai-200-g\/#primaryimage"},"image":{"@id":"https:\/\/test.puhdasplus.ee\/lt\/tooted\/vitaminai\/vitaminas-b\/inozitolio-milteliai-200-g\/#primaryimage"},"thumbnailUrl":"https:\/\/test.puhdasplus.ee\/wp-content\/uploads\/2020\/12\/7.jpg","datePublished":"2020-12-11T19:53:26+00:00","dateModified":"2026-02-19T23:11:04+00:00","description":"Inozitolio milteliai 200 g yra maisto papildas, kurio sud\u0117tyje yra gryno mioinozitolio, kuris palaiko nerv\u0173 sistemos funkcij\u0105 ir hormon\u0173 pusiausvyr\u0105.","breadcrumb":{"@id":"https:\/\/test.puhdasplus.ee\/lt\/tooted\/vitaminai\/vitaminas-b\/inozitolio-milteliai-200-g\/#breadcrumb"},"inLanguage":"lt-LT","potentialAction":[{"@type":"ReadAction","target":["https:\/\/test.puhdasplus.ee\/lt\/tooted\/vitaminai\/vitaminas-b\/inozitolio-milteliai-200-g\/"]}]},{"@type":"ImageObject","inLanguage":"lt-LT","@id":"https:\/\/test.puhdasplus.ee\/lt\/tooted\/vitaminai\/vitaminas-b\/inozitolio-milteliai-200-g\/#primaryimage","url":"https:\/\/test.puhdasplus.ee\/wp-content\/uploads\/2020\/12\/7.jpg","contentUrl":"https:\/\/test.puhdasplus.ee\/wp-content\/uploads\/2020\/12\/7.jpg","width":1862,"height":2560,"caption":"Inozitolio milteliai"},{"@type":"BreadcrumbList","@id":"https:\/\/test.puhdasplus.ee\/lt\/tooted\/vitaminai\/vitaminas-b\/inozitolio-milteliai-200-g\/#breadcrumb","itemListElement":[{"@type":"ListItem","position":1,"name":"Prad\u017eia","item":"https:\/\/test.puhdasplus.ee\/lt\/"},{"@type":"ListItem","position":2,"name":"Produktai","item":"https:\/\/test.puhdasplus.ee\/lt\/parduotuve\/"},{"@type":"ListItem","position":3,"name":"Inozitolis 200 g"}]},{"@type":"WebSite","@id":"https:\/\/test.puhdasplus.ee\/lt\/#website","url":"https:\/\/test.puhdasplus.ee\/lt\/","name":"Puhdas+","description":"Vitamiinid, Toidulisandid, looduskosmeetika, tervis, sport","publisher":{"@id":"https:\/\/test.puhdasplus.ee\/lt\/#organization"},"potentialAction":[{"@type":"SearchAction","target":{"@type":"EntryPoint","urlTemplate":"https:\/\/test.puhdasplus.ee\/lt\/?s={search_term_string}"},"query-input":{"@type":"PropertyValueSpecification","valueRequired":true,"valueName":"search_term_string"}}],"inLanguage":"lt-LT"},{"@type":"Organization","@id":"https:\/\/test.puhdasplus.ee\/lt\/#organization","name":"Puhdas+","alternateName":"Puhdasplus","url":"https:\/\/test.puhdasplus.ee\/lt\/","logo":{"@type":"ImageObject","inLanguage":"lt-LT","@id":"https:\/\/test.puhdasplus.ee\/lt\/#\/schema\/logo\/image\/","url":"https:\/\/test.puhdasplus.ee\/\/wp-content\/uploads\/2019\/10\/puhdas_logo-arvele.png","contentUrl":"https:\/\/test.puhdasplus.ee\/\/wp-content\/uploads\/2019\/10\/puhdas_logo-arvele.png","width":114,"height":94,"caption":"Puhdas+"},"image":{"@id":"https:\/\/test.puhdasplus.ee\/lt\/#\/schema\/logo\/image\/"},"sameAs":["https:\/\/www.facebook.com\/puhdasplus","https:\/\/www.instagram.com\/puhdasplus_ee\/"]}]}},"_links":{"self":[{"href":"https:\/\/test.puhdasplus.ee\/lt\/wp-json\/wp\/v2\/product\/35127","targetHints":{"allow":["GET"]}}],"collection":[{"href":"https:\/\/test.puhdasplus.ee\/lt\/wp-json\/wp\/v2\/product"}],"about":[{"href":"https:\/\/test.puhdasplus.ee\/lt\/wp-json\/wp\/v2\/types\/product"}],"replies":[{"embeddable":true,"href":"https:\/\/test.puhdasplus.ee\/lt\/wp-json\/wp\/v2\/comments?post=35127"}],"wp:featuredmedia":[{"embeddable":true,"href":"https:\/\/test.puhdasplus.ee\/lt\/wp-json\/wp\/v2\/media\/35132"}],"wp:attachment":[{"href":"https:\/\/test.puhdasplus.ee\/lt\/wp-json\/wp\/v2\/media?parent=35127"}],"wp:term":[{"taxonomy":"product_brand","embeddable":true,"href":"https:\/\/test.puhdasplus.ee\/lt\/wp-json\/wp\/v2\/product_brand?post=35127"},{"taxonomy":"product_cat","embeddable":true,"href":"https:\/\/test.puhdasplus.ee\/lt\/wp-json\/wp\/v2\/product_cat?post=35127"},{"taxonomy":"product_tag","embeddable":true,"href":"https:\/\/test.puhdasplus.ee\/lt\/wp-json\/wp\/v2\/product_tag?post=35127"}],"curies":[{"name":"wp","href":"https:\/\/api.w.org\/{rel}","templated":true}]}}