{"id":35102,"date":"2021-10-13T20:20:25","date_gmt":"2021-10-13T17:20:25","guid":{"rendered":"https:\/\/test.puhdasplus.ee\/\/tooted\/be-kategorijos\/taurino-milteliai-200-g\/"},"modified":"2026-03-10T14:22:54","modified_gmt":"2026-03-10T12:22:54","slug":"taurino-milteliai-200-g","status":"publish","type":"product","link":"https:\/\/test.puhdasplus.ee\/lt\/tooted\/virskinimas-ir-medziagu-apykaita\/detoksikacija-lt\/taurino-milteliai-200-g\/","title":{"rendered":"Taurino milteliai 200 g"},"content":{"rendered":"<h2 data-start=\"218\" data-end=\"246\">Kas yra \u201ePure+\u201c taurinas?<\/h2>\n<p data-start=\"281\" data-end=\"501\">\u201ePuhdas+\u201c taurino milteliai yra auk\u0161tos kokyb\u0117s maisto papildas, kurio sud\u0117tyje yra 100 % gryno taurino be joki\u0173 pried\u0173. Taurinas yra aminor\u016bg\u0161tis, nat\u016braliai randama organizme ir dalyvaujanti daugelyje organizmo fiziologini\u0173 proces\u0173. <\/p>\n<p data-start=\"503\" data-end=\"720\">Taurino ypa\u010d gausu \u0161irdyje, raumenyse, smegenyse ir nerv\u0173 sistemoje. Nors organizmas tam tikr\u0105 kiek\u012f taurino gali susintetinti pats, jis da\u017enai vartojamas kaip maisto papildas, ypa\u010d tarp aktyv\u0173 gyvenimo b\u016bd\u0105 propaguojan\u010di\u0173 \u017emoni\u0173. <\/p>\n<p data-start=\"722\" data-end=\"867\">\u201ePuhdas+\u201c taurino milteliai gaminami Suomijoje pagal auk\u0161tus kokyb\u0117s standartus, j\u0173 sud\u0117tyje n\u0117ra konservant\u0173, da\u017eikli\u0173 ar kit\u0173 pried\u0173.<\/p>\n<h2 data-start=\"374\" data-end=\"398\">Kod\u0117l verta vartoti taurin\u0105?<\/h2>\n<p data-start=\"899\" data-end=\"1112\">Taurinas yra viena i\u0161 pla\u010diausiai organizme paplitusi\u0173 aminor\u016bg\u0161\u010di\u0173, dalyvaujanti daugelyje biologini\u0173 proces\u0173. Jis tiriamas d\u0117l s\u0105saj\u0173 su normalia l\u0105steli\u0173 veikla, elektrolit\u0173 pusiausvyra ir organizmo med\u017eiag\u0173 apykaita. <\/p>\n<p data-start=\"1114\" data-end=\"1302\">Taurinas taip pat da\u017enai naudojamas sportininkams ir aktyviems \u017emon\u0117ms skirtuose maisto papilduose. Milteli\u0173 forma leid\u017eia lengvai reguliuoti doz\u0119 ir mai\u0161yti juos, pavyzd\u017eiui, su vandeniu, sultimis ar kokteiliais. <\/p>\n<p data-start=\"1304\" data-end=\"1453\">\u201ePuhdas+\u201c taurino milteli\u0173 sud\u0117tyje yra tik grynas taurinas, be u\u017epild\u0173 ar kit\u0173 pried\u0173, tod\u0117l jie puikiai tinka kasdieniam vartojimui.<\/p>\n<h2 data-start=\"2251\" data-end=\"2298\">Kam tinka \u201ePuhdas+\u201c taurino milteliai?<\/h2>\n<ul data-start=\"2300\" data-end=\"2681\">\n<li class=\"\" data-start=\"2300\" data-end=\"2364\">\n<p class=\"\" data-start=\"2302\" data-end=\"2364\">Aktyv\u0173 gyvenimo b\u016bd\u0105 gyvenantiems \u017emon\u0117ms ir sportuojantiems<\/p>\n<\/li>\n<li class=\"\" data-start=\"2365\" data-end=\"2449\">\n<p class=\"\" data-start=\"2367\" data-end=\"2449\">Tiems, kurie teikia pirmenyb\u0119 milteli\u0173 pavidalo ir lengvai dozuojamiems maisto papildams<\/p>\n<\/li>\n<li class=\"\" data-start=\"2450\" data-end=\"2538\">\n<p class=\"\" data-start=\"2452\" data-end=\"2538\">\u017dmon\u0117ms, norintiems papildyti savo kasdien\u012f racion\u0105 aminor\u016bg\u0161timis<\/p>\n<\/li>\n<li class=\"\" data-start=\"2539\" data-end=\"2614\">\n<p class=\"\" data-start=\"2541\" data-end=\"2614\">Veganams ir vegetarams<\/p>\n<\/li>\n<li class=\"\" data-start=\"2539\" data-end=\"2614\">\n<p class=\"\" data-start=\"2541\" data-end=\"2614\">Taurino milteliai puikiai tinka \u017emon\u0117ms, norintiems papildyti savo kasdien\u0119 mityb\u0105 aminor\u016bg\u0161timis.<\/p>\n<\/li>\n<\/ul>\n<h2 data-start=\"1070\" data-end=\"1084\">Naudojimas<\/h2>\n<p class=\"\" data-start=\"1086\" data-end=\"1211\"><span class=\"relative -mx-px my-[-0.2rem] rounded px-px py-[0.2rem] transition-colors duration-100 ease-in-out\"><strong data-start=\"0\" data-end=\"20\" data-is-only-node=\"\">Rekomenduojama doz\u0117<\/strong> : 1\u20132 arbatiniai \u0161auk\u0161teliai (ma\u017edaug 2\u20134 g) per dien\u0105.<\/span> <span class=\"relative -mx-px my-[-0.2rem] rounded px-px py-[0.2rem] transition-colors duration-100 ease-in-out\">Milteliai sumai\u0161omi su vandeniu, sultimis arba kokteiliais.<\/span><\/p>\n<p class=\"\" data-start=\"1086\" data-end=\"1211\">D\u0117l neutralaus skonio miltelius lengva d\u0117ti \u012f \u012fvairius g\u0117rimus.<\/p>\n<p class=\"\" data-start=\"1213\" data-end=\"1298\"><span class=\"relative -mx-px my-[-0.2rem] rounded px-px py-[0.2rem] transition-colors duration-100 ease-in-out\">Nevir\u0161ykite rekomenduojamos paros doz\u0117s. Maisto papildas n\u0117ra \u012fvairios ir subalansuotos mitybos ar sveiko gyvenimo b\u016bdo pakaitalas. Laikyti vaikams nepasiekiamoje vietoje.  <\/span>\u200b<\/p>\n<h2 data-start=\"1305\" data-end=\"1320\">Ingredientai<\/h2>\n<ul data-start=\"1322\" data-end=\"1409\">\n<li class=\"\" data-start=\"1322\" data-end=\"1409\">\n<p class=\"\" data-start=\"1324\" data-end=\"1409\"><span class=\"relative -mx-px my-[-0.2rem] rounded px-px py-[0.2rem] transition-colors duration-100 ease-in-out\">Taurinas<\/span><\/p>\n<\/li>\n<\/ul>\n<p class=\"\" data-start=\"1411\" data-end=\"1536\"><span class=\"relative -mx-px my-[-0.2rem] rounded px-px py-[0.2rem] transition-colors duration-100 ease-in-out\"><strong data-start=\"0\" data-end=\"14\" data-is-only-node=\"\">Sud\u0117tyje n\u0117ra<\/strong>: laktoz\u0117s, glitimo, mieli\u0173, cukraus, druskos, krakmolo, kukur\u016bz\u0173 ar sojos.<\/span><\/p>\n<h2 data-start=\"1543\" data-end=\"1559\">Maistin\u0117 vert\u0117<\/h2>\n<p class=\"\" data-start=\"1561\" data-end=\"1646\"><span class=\"relative -mx-px my-[-0.2rem] rounded px-px py-[0.2rem] transition-colors duration-100 ease-in-out\"><strong data-start=\"0\" data-end=\"38\" data-is-only-node=\"\">1\u20132 arbatiniuose \u0161auk\u0161teliuose (2\u20134 g) yra<\/strong> :<\/span><\/p>\n<ul data-start=\"1648\" data-end=\"1735\">\n<li class=\"\" data-start=\"1648\" data-end=\"1735\">\n<p class=\"\" data-start=\"1650\" data-end=\"1735\"><span class=\"relative -mx-px my-[-0.2rem] rounded px-px py-[0.2rem] transition-colors duration-100 ease-in-out\">Taurinas: 2\u20134 g<\/span><\/p>\n<\/li>\n<\/ul>\n","protected":false},"excerpt":{"rendered":"<p data-start=\"0\" data-end=\"289\">\u201ePuhdas+ Tauriini\u201c 200 g \u2013 tai 100 % gryni taurino milteliai, tinkami kasdieniam vartojimui kaip aminor\u016bg\u0161\u010di\u0173 papildas. Taurinas yra nat\u016braliai organizme randama aminor\u016bg\u0161tis, kurios ypa\u010d gausu \u0161irdyje, raumenyse, smegenyse bei nerv\u0173 sistemoje ir kuri dalyvauja daugelyje organizmo fiziologini\u0173 proces\u0173. <\/p>\n<p data-start=\"291\" data-end=\"559\">Taurinas da\u017enai vartojamas kaip maisto papildas aktyviai gyvenantiems \u017emon\u0117ms ir sportininkams, nes milteli\u0173 forma leid\u017eia patogiai reguliuoti doz\u0119 ir lengvai \u012fmai\u0161yti \u012f kasdienius g\u0117rimus. D\u0117l neutralaus skonio taurinas puikiai tinka vartoti su vandeniu, sultimis ar kokteiliais. <\/p>\n<p data-start=\"561\" data-end=\"881\" data-is-last-node=\"\" data-is-only-node=\"\">\u201ePuhdas+\u201c taurino milteli\u0173 sud\u0117tyje yra tik grynas taurinas be joki\u0173 pried\u0173. Produktas pagamintas Suomijoje pagal auk\u0161tus kokyb\u0117s standartus, jame n\u0117ra glitimo, laktoz\u0117s ar dirbtini\u0173 pried\u0173. Puikiai tinka veganams ir vegetarams, norintiems papildyti savo kasdien\u0119 mityb\u0105 auk\u0161tos kokyb\u0117s aminor\u016bg\u0161timi.  <\/p>\n","protected":false},"featured_media":35106,"comment_status":"closed","ping_status":"closed","template":"","meta":{"_acf_changed":false},"product_brand":[],"product_cat":[3490,5986,3412,3049],"product_tag":[3465,3503,5445,3139,3144,3706,3708,5987],"class_list":{"0":"post-35102","1":"product","2":"type-product","3":"status-publish","4":"has-post-thumbnail","6":"product_cat-aminorugstys","7":"product_cat-detoksikacija-lt","8":"product_cat-sirdies-sveikata","9":"product_cat-specialus-pasiulymai","10":"product_tag-aminorugstis","11":"product_tag-miegas-ir-stresas","12":"product_tag-nervu-sistema","13":"product_tag-raumenu-funkcija","14":"product_tag-raumenys-ir-sanariai","15":"product_tag-sirdies-sveikata","16":"product_tag-sporto-papildas","17":"product_tag-taurinas","19":"first","20":"instock","21":"sale","22":"taxable","23":"shipping-taxable","24":"purchasable","25":"product-type-simple"},"acf":[],"yoast_head":"<!-- This site is optimized with the Yoast SEO plugin v27.1.1 - https:\/\/yoast.com\/product\/yoast-seo-wordpress\/ -->\n<title>Taurino milteliai 200 g - Puhdas+<\/title>\n<meta name=\"description\" content=\"Gryni taurino milteliai \u0161irdies, nerv\u0173 sistemos ir atsigavimo palaikymui. Padeda ma\u017einti stres\u0105 ir nuovarg\u012f. Be pried\u0173, tinka ir veganams.\" \/>\n<meta name=\"robots\" content=\"noindex, follow, max-snippet:-1, max-image-preview:large, max-video-preview:-1\" \/>\n<meta property=\"og:locale\" content=\"lt_LT\" \/>\n<meta property=\"og:type\" content=\"article\" \/>\n<meta property=\"og:title\" content=\"Taurino milteliai 200 g - Puhdas+\" \/>\n<meta property=\"og:description\" content=\"Gryni taurino milteliai \u0161irdies, nerv\u0173 sistemos ir atsigavimo palaikymui. Padeda ma\u017einti stres\u0105 ir nuovarg\u012f. Be pried\u0173, tinka ir veganams.\" \/>\n<meta property=\"og:url\" content=\"https:\/\/test.puhdasplus.ee\/lt\/tooted\/virskinimas-ir-medziagu-apykaita\/detoksikacija-lt\/taurino-milteliai-200-g\/\" \/>\n<meta property=\"og:site_name\" content=\"Puhdas+\" \/>\n<meta property=\"article:publisher\" content=\"https:\/\/www.facebook.com\/puhdasplus\" \/>\n<meta property=\"article:modified_time\" content=\"2026-03-10T12:22:54+00:00\" \/>\n<meta property=\"og:image\" content=\"https:\/\/test.puhdasplus.ee\/wp-content\/uploads\/2025\/03\/25.jpg\" \/>\n\t<meta property=\"og:image:width\" content=\"1862\" \/>\n\t<meta property=\"og:image:height\" content=\"2560\" \/>\n\t<meta property=\"og:image:type\" content=\"image\/jpeg\" \/>\n<meta name=\"twitter:card\" content=\"summary_large_image\" \/>\n<meta name=\"twitter:label1\" content=\"Est. reading time\" \/>\n\t<meta name=\"twitter:data1\" content=\"2 minut\u0117\" \/>\n<script type=\"application\/ld+json\" class=\"yoast-schema-graph\">{\"@context\":\"https:\/\/schema.org\",\"@graph\":[{\"@type\":\"WebPage\",\"@id\":\"https:\/\/test.puhdasplus.ee\/lt\/tooted\/virskinimas-ir-medziagu-apykaita\/detoksikacija-lt\/taurino-milteliai-200-g\/\",\"url\":\"https:\/\/test.puhdasplus.ee\/lt\/tooted\/virskinimas-ir-medziagu-apykaita\/detoksikacija-lt\/taurino-milteliai-200-g\/\",\"name\":\"Taurino milteliai 200 g - Puhdas+\",\"isPartOf\":{\"@id\":\"https:\/\/test.puhdasplus.ee\/lt\/#website\"},\"primaryImageOfPage\":{\"@id\":\"https:\/\/test.puhdasplus.ee\/lt\/tooted\/virskinimas-ir-medziagu-apykaita\/detoksikacija-lt\/taurino-milteliai-200-g\/#primaryimage\"},\"image\":{\"@id\":\"https:\/\/test.puhdasplus.ee\/lt\/tooted\/virskinimas-ir-medziagu-apykaita\/detoksikacija-lt\/taurino-milteliai-200-g\/#primaryimage\"},\"thumbnailUrl\":\"https:\/\/test.puhdasplus.ee\/wp-content\/uploads\/2025\/03\/25.jpg\",\"datePublished\":\"2021-10-13T17:20:25+00:00\",\"dateModified\":\"2026-03-10T12:22:54+00:00\",\"description\":\"Gryni taurino milteliai \u0161irdies, nerv\u0173 sistemos ir atsigavimo palaikymui. Padeda ma\u017einti stres\u0105 ir nuovarg\u012f. Be pried\u0173, tinka ir veganams.\",\"breadcrumb\":{\"@id\":\"https:\/\/test.puhdasplus.ee\/lt\/tooted\/virskinimas-ir-medziagu-apykaita\/detoksikacija-lt\/taurino-milteliai-200-g\/#breadcrumb\"},\"inLanguage\":\"lt-LT\",\"potentialAction\":[{\"@type\":\"ReadAction\",\"target\":[\"https:\/\/test.puhdasplus.ee\/lt\/tooted\/virskinimas-ir-medziagu-apykaita\/detoksikacija-lt\/taurino-milteliai-200-g\/\"]}]},{\"@type\":\"ImageObject\",\"inLanguage\":\"lt-LT\",\"@id\":\"https:\/\/test.puhdasplus.ee\/lt\/tooted\/virskinimas-ir-medziagu-apykaita\/detoksikacija-lt\/taurino-milteliai-200-g\/#primaryimage\",\"url\":\"https:\/\/test.puhdasplus.ee\/wp-content\/uploads\/2025\/03\/25.jpg\",\"contentUrl\":\"https:\/\/test.puhdasplus.ee\/wp-content\/uploads\/2025\/03\/25.jpg\",\"width\":1862,\"height\":2560,\"caption\":\"Taurino milteliai 200 g\"},{\"@type\":\"BreadcrumbList\",\"@id\":\"https:\/\/test.puhdasplus.ee\/lt\/tooted\/virskinimas-ir-medziagu-apykaita\/detoksikacija-lt\/taurino-milteliai-200-g\/#breadcrumb\",\"itemListElement\":[{\"@type\":\"ListItem\",\"position\":1,\"name\":\"Prad\u017eia\",\"item\":\"https:\/\/test.puhdasplus.ee\/lt\/\"},{\"@type\":\"ListItem\",\"position\":2,\"name\":\"Produktai\",\"item\":\"https:\/\/test.puhdasplus.ee\/lt\/parduotuve\/\"},{\"@type\":\"ListItem\",\"position\":3,\"name\":\"Taurino milteliai 200 g\"}]},{\"@type\":\"WebSite\",\"@id\":\"https:\/\/test.puhdasplus.ee\/lt\/#website\",\"url\":\"https:\/\/test.puhdasplus.ee\/lt\/\",\"name\":\"Puhdas+\",\"description\":\"Vitamiinid, Toidulisandid, looduskosmeetika, tervis, sport\",\"publisher\":{\"@id\":\"https:\/\/test.puhdasplus.ee\/lt\/#organization\"},\"potentialAction\":[{\"@type\":\"SearchAction\",\"target\":{\"@type\":\"EntryPoint\",\"urlTemplate\":\"https:\/\/test.puhdasplus.ee\/lt\/?s={search_term_string}\"},\"query-input\":{\"@type\":\"PropertyValueSpecification\",\"valueRequired\":true,\"valueName\":\"search_term_string\"}}],\"inLanguage\":\"lt-LT\"},{\"@type\":\"Organization\",\"@id\":\"https:\/\/test.puhdasplus.ee\/lt\/#organization\",\"name\":\"Puhdas+\",\"alternateName\":\"Puhdasplus\",\"url\":\"https:\/\/test.puhdasplus.ee\/lt\/\",\"logo\":{\"@type\":\"ImageObject\",\"inLanguage\":\"lt-LT\",\"@id\":\"https:\/\/test.puhdasplus.ee\/lt\/#\/schema\/logo\/image\/\",\"url\":\"https:\/\/test.puhdasplus.ee\/\/wp-content\/uploads\/2019\/10\/puhdas_logo-arvele.png\",\"contentUrl\":\"https:\/\/test.puhdasplus.ee\/\/wp-content\/uploads\/2019\/10\/puhdas_logo-arvele.png\",\"width\":114,\"height\":94,\"caption\":\"Puhdas+\"},\"image\":{\"@id\":\"https:\/\/test.puhdasplus.ee\/lt\/#\/schema\/logo\/image\/\"},\"sameAs\":[\"https:\/\/www.facebook.com\/puhdasplus\",\"https:\/\/www.instagram.com\/puhdasplus_ee\/\"]}]}<\/script>\n<!-- \/ Yoast SEO plugin. -->","yoast_head_json":{"title":"Taurino milteliai 200 g - Puhdas+","description":"Gryni taurino milteliai \u0161irdies, nerv\u0173 sistemos ir atsigavimo palaikymui. Padeda ma\u017einti stres\u0105 ir nuovarg\u012f. Be pried\u0173, tinka ir veganams.","robots":{"index":"noindex","follow":"follow","max-snippet":"max-snippet:-1","max-image-preview":"max-image-preview:large","max-video-preview":"max-video-preview:-1"},"og_locale":"lt_LT","og_type":"article","og_title":"Taurino milteliai 200 g - Puhdas+","og_description":"Gryni taurino milteliai \u0161irdies, nerv\u0173 sistemos ir atsigavimo palaikymui. Padeda ma\u017einti stres\u0105 ir nuovarg\u012f. Be pried\u0173, tinka ir veganams.","og_url":"https:\/\/test.puhdasplus.ee\/lt\/tooted\/virskinimas-ir-medziagu-apykaita\/detoksikacija-lt\/taurino-milteliai-200-g\/","og_site_name":"Puhdas+","article_publisher":"https:\/\/www.facebook.com\/puhdasplus","article_modified_time":"2026-03-10T12:22:54+00:00","og_image":[{"width":1862,"height":2560,"url":"https:\/\/test.puhdasplus.ee\/wp-content\/uploads\/2025\/03\/25.jpg","type":"image\/jpeg"}],"twitter_card":"summary_large_image","twitter_misc":{"Est. reading time":"2 minut\u0117"},"schema":{"@context":"https:\/\/schema.org","@graph":[{"@type":"WebPage","@id":"https:\/\/test.puhdasplus.ee\/lt\/tooted\/virskinimas-ir-medziagu-apykaita\/detoksikacija-lt\/taurino-milteliai-200-g\/","url":"https:\/\/test.puhdasplus.ee\/lt\/tooted\/virskinimas-ir-medziagu-apykaita\/detoksikacija-lt\/taurino-milteliai-200-g\/","name":"Taurino milteliai 200 g - Puhdas+","isPartOf":{"@id":"https:\/\/test.puhdasplus.ee\/lt\/#website"},"primaryImageOfPage":{"@id":"https:\/\/test.puhdasplus.ee\/lt\/tooted\/virskinimas-ir-medziagu-apykaita\/detoksikacija-lt\/taurino-milteliai-200-g\/#primaryimage"},"image":{"@id":"https:\/\/test.puhdasplus.ee\/lt\/tooted\/virskinimas-ir-medziagu-apykaita\/detoksikacija-lt\/taurino-milteliai-200-g\/#primaryimage"},"thumbnailUrl":"https:\/\/test.puhdasplus.ee\/wp-content\/uploads\/2025\/03\/25.jpg","datePublished":"2021-10-13T17:20:25+00:00","dateModified":"2026-03-10T12:22:54+00:00","description":"Gryni taurino milteliai \u0161irdies, nerv\u0173 sistemos ir atsigavimo palaikymui. Padeda ma\u017einti stres\u0105 ir nuovarg\u012f. Be pried\u0173, tinka ir veganams.","breadcrumb":{"@id":"https:\/\/test.puhdasplus.ee\/lt\/tooted\/virskinimas-ir-medziagu-apykaita\/detoksikacija-lt\/taurino-milteliai-200-g\/#breadcrumb"},"inLanguage":"lt-LT","potentialAction":[{"@type":"ReadAction","target":["https:\/\/test.puhdasplus.ee\/lt\/tooted\/virskinimas-ir-medziagu-apykaita\/detoksikacija-lt\/taurino-milteliai-200-g\/"]}]},{"@type":"ImageObject","inLanguage":"lt-LT","@id":"https:\/\/test.puhdasplus.ee\/lt\/tooted\/virskinimas-ir-medziagu-apykaita\/detoksikacija-lt\/taurino-milteliai-200-g\/#primaryimage","url":"https:\/\/test.puhdasplus.ee\/wp-content\/uploads\/2025\/03\/25.jpg","contentUrl":"https:\/\/test.puhdasplus.ee\/wp-content\/uploads\/2025\/03\/25.jpg","width":1862,"height":2560,"caption":"Taurino milteliai 200 g"},{"@type":"BreadcrumbList","@id":"https:\/\/test.puhdasplus.ee\/lt\/tooted\/virskinimas-ir-medziagu-apykaita\/detoksikacija-lt\/taurino-milteliai-200-g\/#breadcrumb","itemListElement":[{"@type":"ListItem","position":1,"name":"Prad\u017eia","item":"https:\/\/test.puhdasplus.ee\/lt\/"},{"@type":"ListItem","position":2,"name":"Produktai","item":"https:\/\/test.puhdasplus.ee\/lt\/parduotuve\/"},{"@type":"ListItem","position":3,"name":"Taurino milteliai 200 g"}]},{"@type":"WebSite","@id":"https:\/\/test.puhdasplus.ee\/lt\/#website","url":"https:\/\/test.puhdasplus.ee\/lt\/","name":"Puhdas+","description":"Vitamiinid, Toidulisandid, looduskosmeetika, tervis, sport","publisher":{"@id":"https:\/\/test.puhdasplus.ee\/lt\/#organization"},"potentialAction":[{"@type":"SearchAction","target":{"@type":"EntryPoint","urlTemplate":"https:\/\/test.puhdasplus.ee\/lt\/?s={search_term_string}"},"query-input":{"@type":"PropertyValueSpecification","valueRequired":true,"valueName":"search_term_string"}}],"inLanguage":"lt-LT"},{"@type":"Organization","@id":"https:\/\/test.puhdasplus.ee\/lt\/#organization","name":"Puhdas+","alternateName":"Puhdasplus","url":"https:\/\/test.puhdasplus.ee\/lt\/","logo":{"@type":"ImageObject","inLanguage":"lt-LT","@id":"https:\/\/test.puhdasplus.ee\/lt\/#\/schema\/logo\/image\/","url":"https:\/\/test.puhdasplus.ee\/\/wp-content\/uploads\/2019\/10\/puhdas_logo-arvele.png","contentUrl":"https:\/\/test.puhdasplus.ee\/\/wp-content\/uploads\/2019\/10\/puhdas_logo-arvele.png","width":114,"height":94,"caption":"Puhdas+"},"image":{"@id":"https:\/\/test.puhdasplus.ee\/lt\/#\/schema\/logo\/image\/"},"sameAs":["https:\/\/www.facebook.com\/puhdasplus","https:\/\/www.instagram.com\/puhdasplus_ee\/"]}]}},"_links":{"self":[{"href":"https:\/\/test.puhdasplus.ee\/lt\/wp-json\/wp\/v2\/product\/35102","targetHints":{"allow":["GET"]}}],"collection":[{"href":"https:\/\/test.puhdasplus.ee\/lt\/wp-json\/wp\/v2\/product"}],"about":[{"href":"https:\/\/test.puhdasplus.ee\/lt\/wp-json\/wp\/v2\/types\/product"}],"replies":[{"embeddable":true,"href":"https:\/\/test.puhdasplus.ee\/lt\/wp-json\/wp\/v2\/comments?post=35102"}],"wp:featuredmedia":[{"embeddable":true,"href":"https:\/\/test.puhdasplus.ee\/lt\/wp-json\/wp\/v2\/media\/35106"}],"wp:attachment":[{"href":"https:\/\/test.puhdasplus.ee\/lt\/wp-json\/wp\/v2\/media?parent=35102"}],"wp:term":[{"taxonomy":"product_brand","embeddable":true,"href":"https:\/\/test.puhdasplus.ee\/lt\/wp-json\/wp\/v2\/product_brand?post=35102"},{"taxonomy":"product_cat","embeddable":true,"href":"https:\/\/test.puhdasplus.ee\/lt\/wp-json\/wp\/v2\/product_cat?post=35102"},{"taxonomy":"product_tag","embeddable":true,"href":"https:\/\/test.puhdasplus.ee\/lt\/wp-json\/wp\/v2\/product_tag?post=35102"}],"curies":[{"name":"wp","href":"https:\/\/api.w.org\/{rel}","templated":true}]}}