{"id":34807,"date":"2021-12-25T16:34:45","date_gmt":"2021-12-25T14:34:45","guid":{"rendered":"https:\/\/test.puhdasplus.ee\/\/tooted\/be-kategorijos\/magnio-purskalas-75-ml\/"},"modified":"2026-02-27T13:13:19","modified_gmt":"2026-02-27T11:13:19","slug":"magnio-purskalas-75-ml","status":"publish","type":"product","link":"https:\/\/test.puhdasplus.ee\/lt\/tooted\/mineralai\/magnis\/magnio-purskalas-75-ml\/","title":{"rendered":"Magnio pur\u0161kalas 150 ml"},"content":{"rendered":"<h2>Kas yra \u201ePuhdas+ Magnesium Spray Strong\u201c ir kod\u0117l jis naudingas?<\/h2>\n<p class=\"\" data-start=\"358\" data-end=\"797\">\u201ePuhdas+ Magnesium Spray Strong\u201c \u2013 tai stiprus ir grynas magnio pur\u0161kalas, skirtas i\u0161oriniam naudojimui. Tai nat\u016brali prie\u017ei\u016bros priemon\u0117, kurios sud\u0117tyje yra tik vienas veiksmingas ingredientas \u2013 <strong data-start=\"573\" data-end=\"595\">magnio chlorido tirpalas<\/strong> . Pur\u0161kalas tepamas tiesiai ant odos ir ypa\u010d tinka \u012fsitempusi\u0173 viet\u0173 ir raumen\u0173 prie\u017ei\u016brai.  <\/p>\n<p data-start=\"632\" data-end=\"857\">Magnio pur\u0161kalas \u2013 tai paprastas b\u016bdas atgaivinti od\u0105 ir pad\u0117ti k\u016bnui atsipalaiduoti po sporto, fizinio darbo ar ilgos dienos. Produktas taip pat tinka kasdieniam naudojimui, norint suteikti mineralin\u0119 prie\u017ei\u016br\u0105 j\u016bs\u0173 odai. <\/p>\n<p class=\"\" data-start=\"1114\" data-end=\"1530\"><strong data-start=\"1114\" data-end=\"1152\">Transderminis magnis<\/strong> yra alternatyva geriamiesiems papildams ir tinka tiems, kuri\u0173 vir\u0161kinimo traktas yra jautrus arba kurie pageidauja greito, vietinio tirpalo. Pur\u0161kalas idealiai tinka naudoti po sporto, fizinio darbo ar ilgos dienos, kai raumenims reikia atsigauti ir atsipalaiduoti. Jis taip pat tinka kasdieniam naudojimui, siekiant palaikyti organizmo mineral\u0173 pusiausvyr\u0105.  <\/p>\n<p class=\"\" data-start=\"1532\" data-end=\"1566\">\u201ePure+\u201c stiprus magnio pur\u0161kiklis yra:<\/p>\n<ul data-start=\"1567\" data-end=\"1907\">\n<li class=\"\" data-start=\"1567\" data-end=\"1633\">\n<p class=\"\" data-start=\"1569\" data-end=\"1633\"><strong data-start=\"1569\" data-end=\"1594\">100 % gryna sud\u0117tis<\/strong> \u2013 sud\u0117tyje yra tik magnio chlorido tirpalas<\/p>\n<\/li>\n<li class=\"\" data-start=\"1634\" data-end=\"1705\">\n<p class=\"\" data-start=\"1636\" data-end=\"1705\"><strong data-start=\"1636\" data-end=\"1659\">lengva purk\u0161ti<\/strong> \u2013 prakti\u0161ka naudoti bet kur ir bet kada<\/p>\n<\/li>\n<li class=\"\" data-start=\"1706\" data-end=\"1763\">\n<p class=\"\" data-start=\"1708\" data-end=\"1763\"><strong data-start=\"1708\" data-end=\"1728\">greitai \u012fsigeria<\/strong> \u2013 nepalieka lipnaus sluoksnio ant odos<\/p>\n<\/li>\n<li class=\"\" data-start=\"1764\" data-end=\"1843\">\n<p class=\"\" data-start=\"1766\" data-end=\"1843\"><strong data-start=\"1766\" data-end=\"1801\">tinka kasdieniam naudojimui<\/strong><\/p>\n<\/li>\n<li class=\"\" data-start=\"1844\" data-end=\"1907\">\n<p class=\"\" data-start=\"1846\" data-end=\"1907\"><strong data-start=\"1846\" data-end=\"1907\">veiksmingas raumen\u0173, nerv\u0173 sistemos ir bendros savijautos palaikymui<\/strong><\/p>\n<\/li>\n<\/ul>\n<p class=\"\" data-start=\"1909\" data-end=\"2122\">D\u0117l stiprios koncentracijos \u0161is pur\u0161kiklis ypa\u010d populiarus tarp sportinink\u0173, fizin\u012f darb\u0105 dirban\u010di\u0173 \u017emoni\u0173 ir t\u0173, kurie nori veiksmingesn\u0117s odos ir raumen\u0173 prie\u017ei\u016bros.<\/p>\n<h2 data-start=\"359\" data-end=\"381\">Kam tai tinka?<\/h2>\n<p class=\"\" data-start=\"383\" data-end=\"502\">Produktas tinka suaugusiesiems, norintiems r\u016bpintis savo oda ir raumen\u0173 \u012ftampa.<\/p>\n<h2 data-start=\"509\" data-end=\"529\">Kaip naudoti?<\/h2>\n<p class=\"\" data-start=\"531\" data-end=\"772\">Pur\u0161kalas tur\u0117t\u0173 b\u016bti tepamas ant \u0161varios odos norimoje vietoje, pavyzd\u017eiui, raumenyse. Rekomenduojama produkt\u0105 purk\u0161ti 4\u20135 kartus i\u0161 ma\u017edaug 10 cm atstumo. Pirm\u0105 kart\u0105 naudojant jautriai odai gali pasireik\u0161ti nedidelis dilg\u010diojimas ar paraudimas, kuris paprastai i\u0161nyksta reguliariai naudojant.  <\/p>\n<p data-start=\"531\" data-end=\"772\">Grynasis kiekis: 150 ml<\/p>\n<h3 data-start=\"779\" data-end=\"794\">Ingredientai<\/h3>\n<p class=\"\" data-start=\"796\" data-end=\"881\">Vanduo, magnio chloridas<\/p>\n","protected":false},"excerpt":{"rendered":"<p data-start=\"475\" data-end=\"839\"><strong data-start=\"475\" data-end=\"837\">\u201ePuhdas+ Magnesium Spray Strong\u201c<\/strong> \u2013 tai veiksmingas ir koncentruotas magnio pur\u0161kalas <strong>, skirtas i\u0161oriniam naudojimui<\/strong> . Jis puikiai tinka pavargusiems, \u012fsitempusiems ar patemptiems raumenims gydyti, suteikia odai gaivumo ir atpalaidavimo. Magnio chlorido tirpalas tepamas tiesiai ant odos, padedant pri\u017ei\u016br\u0117ti ir atgaivinti b\u016btent tas sritis, kurias reikia stimuliuoti.  <\/p>\n<p data-start=\"841\" data-end=\"1220\">Produktas tinka naudoti kasdien \u2013 pavyzd\u017eiui, po mank\u0161tos, darbo dienos pabaigoje arba kai k\u016bnui reikia atsipalaidavimo. Kadangi jame yra tik vienas grynas ingredientas \u2013 magnio chloridas, pur\u0161kiklis yra \u0161velnus odai ir be pried\u0173, da\u017eikli\u0173 ar kvapikli\u0173. Paprastas, greitas ir efektyvus b\u016bdas pasir\u016bpinti mineralais praturtinta oda, skirta aktyviam ir \u012ftemptam gyvenimo b\u016bdui.  <\/p>\n","protected":false},"featured_media":34812,"comment_status":"closed","ping_status":"closed","template":"","meta":{"_acf_changed":false},"product_brand":[],"product_cat":[3265,3120,3461,3049],"product_tag":[3599,5852,3127,3503,5850,3144,3569],"class_list":{"0":"post-34807","1":"product","2":"type-product","3":"status-publish","4":"has-post-thumbnail","6":"product_cat-magnis","7":"product_cat-mineralai","8":"product_cat-sanariai-raumenys-ir-kaulai","9":"product_cat-specialus-pasiulymai","10":"product_tag-atsigavimas","11":"product_tag-magnio-purskalas","12":"product_tag-magnis","13":"product_tag-miegas-ir-stresas","14":"product_tag-naturalus","15":"product_tag-raumenys-ir-sanariai","16":"product_tag-sportas","18":"first","19":"instock","20":"sale","21":"taxable","22":"shipping-taxable","23":"purchasable","24":"product-type-simple"},"acf":[],"yoast_head":"<!-- This site is optimized with the Yoast SEO plugin v27.1.1 - https:\/\/yoast.com\/product\/yoast-seo-wordpress\/ -->\n<title>Magnio pur\u0161kalas 150 ml - Puhdas+<\/title>\n<meta name=\"description\" content=\"Magnio pur\u0161kalas \u2013 greitas ir efektyvus \u012fsisavinimas tiesiai nuo odos! Padeda suma\u017einti raumen\u0173 \u012ftamp\u0105, skatina atsipalaidavim\u0105 ir ger\u0105 savijaut\u0105. Be d\u0117mi\u0173, nat\u016bralus ir be pried\u0173.\" \/>\n<meta name=\"robots\" content=\"noindex, follow, max-snippet:-1, max-image-preview:large, max-video-preview:-1\" \/>\n<meta property=\"og:locale\" content=\"lt_LT\" \/>\n<meta property=\"og:type\" content=\"article\" \/>\n<meta property=\"og:title\" content=\"Magnio pur\u0161kalas 150 ml - Puhdas+\" \/>\n<meta property=\"og:description\" content=\"Magnio pur\u0161kalas \u2013 greitas ir efektyvus \u012fsisavinimas tiesiai nuo odos! Padeda suma\u017einti raumen\u0173 \u012ftamp\u0105, skatina atsipalaidavim\u0105 ir ger\u0105 savijaut\u0105. Be d\u0117mi\u0173, nat\u016bralus ir be pried\u0173.\" \/>\n<meta property=\"og:url\" content=\"https:\/\/test.puhdasplus.ee\/lt\/tooted\/mineralai\/magnis\/magnio-purskalas-75-ml\/\" \/>\n<meta property=\"og:site_name\" content=\"Puhdas+\" \/>\n<meta property=\"article:publisher\" content=\"https:\/\/www.facebook.com\/puhdasplus\" \/>\n<meta property=\"article:modified_time\" content=\"2026-02-27T11:13:19+00:00\" \/>\n<meta property=\"og:image\" content=\"https:\/\/test.puhdasplus.ee\/wp-content\/uploads\/2025\/03\/51.jpg\" \/>\n\t<meta property=\"og:image:width\" content=\"1862\" \/>\n\t<meta property=\"og:image:height\" content=\"2560\" \/>\n\t<meta property=\"og:image:type\" content=\"image\/jpeg\" \/>\n<meta name=\"twitter:card\" content=\"summary_large_image\" \/>\n<meta name=\"twitter:label1\" content=\"Est. reading time\" \/>\n\t<meta name=\"twitter:data1\" content=\"1 minut\u0117\" \/>\n<script type=\"application\/ld+json\" class=\"yoast-schema-graph\">{\"@context\":\"https:\/\/schema.org\",\"@graph\":[{\"@type\":\"WebPage\",\"@id\":\"https:\/\/test.puhdasplus.ee\/lt\/tooted\/mineralai\/magnis\/magnio-purskalas-75-ml\/\",\"url\":\"https:\/\/test.puhdasplus.ee\/lt\/tooted\/mineralai\/magnis\/magnio-purskalas-75-ml\/\",\"name\":\"Magnio pur\u0161kalas 150 ml - Puhdas+\",\"isPartOf\":{\"@id\":\"https:\/\/test.puhdasplus.ee\/lt\/#website\"},\"primaryImageOfPage\":{\"@id\":\"https:\/\/test.puhdasplus.ee\/lt\/tooted\/mineralai\/magnis\/magnio-purskalas-75-ml\/#primaryimage\"},\"image\":{\"@id\":\"https:\/\/test.puhdasplus.ee\/lt\/tooted\/mineralai\/magnis\/magnio-purskalas-75-ml\/#primaryimage\"},\"thumbnailUrl\":\"https:\/\/test.puhdasplus.ee\/wp-content\/uploads\/2025\/03\/51.jpg\",\"datePublished\":\"2021-12-25T14:34:45+00:00\",\"dateModified\":\"2026-02-27T11:13:19+00:00\",\"description\":\"Magnio pur\u0161kalas \u2013 greitas ir efektyvus \u012fsisavinimas tiesiai nuo odos! Padeda suma\u017einti raumen\u0173 \u012ftamp\u0105, skatina atsipalaidavim\u0105 ir ger\u0105 savijaut\u0105. Be d\u0117mi\u0173, nat\u016bralus ir be pried\u0173.\",\"breadcrumb\":{\"@id\":\"https:\/\/test.puhdasplus.ee\/lt\/tooted\/mineralai\/magnis\/magnio-purskalas-75-ml\/#breadcrumb\"},\"inLanguage\":\"lt-LT\",\"potentialAction\":[{\"@type\":\"ReadAction\",\"target\":[\"https:\/\/test.puhdasplus.ee\/lt\/tooted\/mineralai\/magnis\/magnio-purskalas-75-ml\/\"]}]},{\"@type\":\"ImageObject\",\"inLanguage\":\"lt-LT\",\"@id\":\"https:\/\/test.puhdasplus.ee\/lt\/tooted\/mineralai\/magnis\/magnio-purskalas-75-ml\/#primaryimage\",\"url\":\"https:\/\/test.puhdasplus.ee\/wp-content\/uploads\/2025\/03\/51.jpg\",\"contentUrl\":\"https:\/\/test.puhdasplus.ee\/wp-content\/uploads\/2025\/03\/51.jpg\",\"width\":1862,\"height\":2560,\"caption\":\"Magnio pur\u0161kalas 150 ml\"},{\"@type\":\"BreadcrumbList\",\"@id\":\"https:\/\/test.puhdasplus.ee\/lt\/tooted\/mineralai\/magnis\/magnio-purskalas-75-ml\/#breadcrumb\",\"itemListElement\":[{\"@type\":\"ListItem\",\"position\":1,\"name\":\"Prad\u017eia\",\"item\":\"https:\/\/test.puhdasplus.ee\/lt\/\"},{\"@type\":\"ListItem\",\"position\":2,\"name\":\"Produktai\",\"item\":\"https:\/\/test.puhdasplus.ee\/lt\/parduotuve\/\"},{\"@type\":\"ListItem\",\"position\":3,\"name\":\"Magnio pur\u0161kalas 150 ml\"}]},{\"@type\":\"WebSite\",\"@id\":\"https:\/\/test.puhdasplus.ee\/lt\/#website\",\"url\":\"https:\/\/test.puhdasplus.ee\/lt\/\",\"name\":\"Puhdas+\",\"description\":\"Vitamiinid, Toidulisandid, looduskosmeetika, tervis, sport\",\"publisher\":{\"@id\":\"https:\/\/test.puhdasplus.ee\/lt\/#organization\"},\"potentialAction\":[{\"@type\":\"SearchAction\",\"target\":{\"@type\":\"EntryPoint\",\"urlTemplate\":\"https:\/\/test.puhdasplus.ee\/lt\/?s={search_term_string}\"},\"query-input\":{\"@type\":\"PropertyValueSpecification\",\"valueRequired\":true,\"valueName\":\"search_term_string\"}}],\"inLanguage\":\"lt-LT\"},{\"@type\":\"Organization\",\"@id\":\"https:\/\/test.puhdasplus.ee\/lt\/#organization\",\"name\":\"Puhdas+\",\"alternateName\":\"Puhdasplus\",\"url\":\"https:\/\/test.puhdasplus.ee\/lt\/\",\"logo\":{\"@type\":\"ImageObject\",\"inLanguage\":\"lt-LT\",\"@id\":\"https:\/\/test.puhdasplus.ee\/lt\/#\/schema\/logo\/image\/\",\"url\":\"https:\/\/test.puhdasplus.ee\/\/wp-content\/uploads\/2019\/10\/puhdas_logo-arvele.png\",\"contentUrl\":\"https:\/\/test.puhdasplus.ee\/\/wp-content\/uploads\/2019\/10\/puhdas_logo-arvele.png\",\"width\":114,\"height\":94,\"caption\":\"Puhdas+\"},\"image\":{\"@id\":\"https:\/\/test.puhdasplus.ee\/lt\/#\/schema\/logo\/image\/\"},\"sameAs\":[\"https:\/\/www.facebook.com\/puhdasplus\",\"https:\/\/www.instagram.com\/puhdasplus_ee\/\"]}]}<\/script>\n<!-- \/ Yoast SEO plugin. -->","yoast_head_json":{"title":"Magnio pur\u0161kalas 150 ml - Puhdas+","description":"Magnio pur\u0161kalas \u2013 greitas ir efektyvus \u012fsisavinimas tiesiai nuo odos! Padeda suma\u017einti raumen\u0173 \u012ftamp\u0105, skatina atsipalaidavim\u0105 ir ger\u0105 savijaut\u0105. Be d\u0117mi\u0173, nat\u016bralus ir be pried\u0173.","robots":{"index":"noindex","follow":"follow","max-snippet":"max-snippet:-1","max-image-preview":"max-image-preview:large","max-video-preview":"max-video-preview:-1"},"og_locale":"lt_LT","og_type":"article","og_title":"Magnio pur\u0161kalas 150 ml - Puhdas+","og_description":"Magnio pur\u0161kalas \u2013 greitas ir efektyvus \u012fsisavinimas tiesiai nuo odos! Padeda suma\u017einti raumen\u0173 \u012ftamp\u0105, skatina atsipalaidavim\u0105 ir ger\u0105 savijaut\u0105. Be d\u0117mi\u0173, nat\u016bralus ir be pried\u0173.","og_url":"https:\/\/test.puhdasplus.ee\/lt\/tooted\/mineralai\/magnis\/magnio-purskalas-75-ml\/","og_site_name":"Puhdas+","article_publisher":"https:\/\/www.facebook.com\/puhdasplus","article_modified_time":"2026-02-27T11:13:19+00:00","og_image":[{"width":1862,"height":2560,"url":"https:\/\/test.puhdasplus.ee\/wp-content\/uploads\/2025\/03\/51.jpg","type":"image\/jpeg"}],"twitter_card":"summary_large_image","twitter_misc":{"Est. reading time":"1 minut\u0117"},"schema":{"@context":"https:\/\/schema.org","@graph":[{"@type":"WebPage","@id":"https:\/\/test.puhdasplus.ee\/lt\/tooted\/mineralai\/magnis\/magnio-purskalas-75-ml\/","url":"https:\/\/test.puhdasplus.ee\/lt\/tooted\/mineralai\/magnis\/magnio-purskalas-75-ml\/","name":"Magnio pur\u0161kalas 150 ml - Puhdas+","isPartOf":{"@id":"https:\/\/test.puhdasplus.ee\/lt\/#website"},"primaryImageOfPage":{"@id":"https:\/\/test.puhdasplus.ee\/lt\/tooted\/mineralai\/magnis\/magnio-purskalas-75-ml\/#primaryimage"},"image":{"@id":"https:\/\/test.puhdasplus.ee\/lt\/tooted\/mineralai\/magnis\/magnio-purskalas-75-ml\/#primaryimage"},"thumbnailUrl":"https:\/\/test.puhdasplus.ee\/wp-content\/uploads\/2025\/03\/51.jpg","datePublished":"2021-12-25T14:34:45+00:00","dateModified":"2026-02-27T11:13:19+00:00","description":"Magnio pur\u0161kalas \u2013 greitas ir efektyvus \u012fsisavinimas tiesiai nuo odos! Padeda suma\u017einti raumen\u0173 \u012ftamp\u0105, skatina atsipalaidavim\u0105 ir ger\u0105 savijaut\u0105. Be d\u0117mi\u0173, nat\u016bralus ir be pried\u0173.","breadcrumb":{"@id":"https:\/\/test.puhdasplus.ee\/lt\/tooted\/mineralai\/magnis\/magnio-purskalas-75-ml\/#breadcrumb"},"inLanguage":"lt-LT","potentialAction":[{"@type":"ReadAction","target":["https:\/\/test.puhdasplus.ee\/lt\/tooted\/mineralai\/magnis\/magnio-purskalas-75-ml\/"]}]},{"@type":"ImageObject","inLanguage":"lt-LT","@id":"https:\/\/test.puhdasplus.ee\/lt\/tooted\/mineralai\/magnis\/magnio-purskalas-75-ml\/#primaryimage","url":"https:\/\/test.puhdasplus.ee\/wp-content\/uploads\/2025\/03\/51.jpg","contentUrl":"https:\/\/test.puhdasplus.ee\/wp-content\/uploads\/2025\/03\/51.jpg","width":1862,"height":2560,"caption":"Magnio pur\u0161kalas 150 ml"},{"@type":"BreadcrumbList","@id":"https:\/\/test.puhdasplus.ee\/lt\/tooted\/mineralai\/magnis\/magnio-purskalas-75-ml\/#breadcrumb","itemListElement":[{"@type":"ListItem","position":1,"name":"Prad\u017eia","item":"https:\/\/test.puhdasplus.ee\/lt\/"},{"@type":"ListItem","position":2,"name":"Produktai","item":"https:\/\/test.puhdasplus.ee\/lt\/parduotuve\/"},{"@type":"ListItem","position":3,"name":"Magnio pur\u0161kalas 150 ml"}]},{"@type":"WebSite","@id":"https:\/\/test.puhdasplus.ee\/lt\/#website","url":"https:\/\/test.puhdasplus.ee\/lt\/","name":"Puhdas+","description":"Vitamiinid, Toidulisandid, looduskosmeetika, tervis, sport","publisher":{"@id":"https:\/\/test.puhdasplus.ee\/lt\/#organization"},"potentialAction":[{"@type":"SearchAction","target":{"@type":"EntryPoint","urlTemplate":"https:\/\/test.puhdasplus.ee\/lt\/?s={search_term_string}"},"query-input":{"@type":"PropertyValueSpecification","valueRequired":true,"valueName":"search_term_string"}}],"inLanguage":"lt-LT"},{"@type":"Organization","@id":"https:\/\/test.puhdasplus.ee\/lt\/#organization","name":"Puhdas+","alternateName":"Puhdasplus","url":"https:\/\/test.puhdasplus.ee\/lt\/","logo":{"@type":"ImageObject","inLanguage":"lt-LT","@id":"https:\/\/test.puhdasplus.ee\/lt\/#\/schema\/logo\/image\/","url":"https:\/\/test.puhdasplus.ee\/\/wp-content\/uploads\/2019\/10\/puhdas_logo-arvele.png","contentUrl":"https:\/\/test.puhdasplus.ee\/\/wp-content\/uploads\/2019\/10\/puhdas_logo-arvele.png","width":114,"height":94,"caption":"Puhdas+"},"image":{"@id":"https:\/\/test.puhdasplus.ee\/lt\/#\/schema\/logo\/image\/"},"sameAs":["https:\/\/www.facebook.com\/puhdasplus","https:\/\/www.instagram.com\/puhdasplus_ee\/"]}]}},"_links":{"self":[{"href":"https:\/\/test.puhdasplus.ee\/lt\/wp-json\/wp\/v2\/product\/34807","targetHints":{"allow":["GET"]}}],"collection":[{"href":"https:\/\/test.puhdasplus.ee\/lt\/wp-json\/wp\/v2\/product"}],"about":[{"href":"https:\/\/test.puhdasplus.ee\/lt\/wp-json\/wp\/v2\/types\/product"}],"replies":[{"embeddable":true,"href":"https:\/\/test.puhdasplus.ee\/lt\/wp-json\/wp\/v2\/comments?post=34807"}],"wp:featuredmedia":[{"embeddable":true,"href":"https:\/\/test.puhdasplus.ee\/lt\/wp-json\/wp\/v2\/media\/34812"}],"wp:attachment":[{"href":"https:\/\/test.puhdasplus.ee\/lt\/wp-json\/wp\/v2\/media?parent=34807"}],"wp:term":[{"taxonomy":"product_brand","embeddable":true,"href":"https:\/\/test.puhdasplus.ee\/lt\/wp-json\/wp\/v2\/product_brand?post=34807"},{"taxonomy":"product_cat","embeddable":true,"href":"https:\/\/test.puhdasplus.ee\/lt\/wp-json\/wp\/v2\/product_cat?post=34807"},{"taxonomy":"product_tag","embeddable":true,"href":"https:\/\/test.puhdasplus.ee\/lt\/wp-json\/wp\/v2\/product_tag?post=34807"}],"curies":[{"name":"wp","href":"https:\/\/api.w.org\/{rel}","templated":true}]}}