{"id":34769,"date":"2021-12-03T09:50:48","date_gmt":"2021-12-03T07:50:48","guid":{"rendered":"https:\/\/test.puhdasplus.ee\/\/tooted\/be-kategorijos\/apelsinu-eterinis-aliejus\/"},"modified":"2026-02-27T13:13:18","modified_gmt":"2026-02-27T11:13:18","slug":"apelsinu-eterinis-aliejus","status":"publish","type":"product","link":"https:\/\/test.puhdasplus.ee\/lt\/tooted\/eteriniai-aliejai\/apelsinu-eterinis-aliejus\/","title":{"rendered":"Apelsin\u0173 eterinis aliejus"},"content":{"rendered":"<h3>  Nat\u016bralus nuotaikos gerintojas<\/h3>\n<p>Apelsin\u0173 eterinis aliejus yra 100 % grynas nat\u016bralus aliejus, i\u0161gaunamas i\u0161 apelsino (Citrus aurantium dulcis) \u017eievel\u0117s. Jo saldus ir gaivus aromatas pakelia nuotaik\u0105, ma\u017eina stres\u0105 ir sukuria maloni\u0105 atmosfer\u0105 namuose. <\/p>\n<p data-start=\"483\" data-end=\"937\">Apelsin\u0173 eterinis aliejus i\u0161gaunamas i\u0161 kruop\u0161\u010diai atrinkt\u0173 apelsin\u0173 \u017eieveli\u0173, u\u017etikrinant auk\u0161t\u0105 kokyb\u0119 ir veiksmingum\u0105. Saldus ir gaivus \u0161io aliejaus kvapas padeda pakelti nuotaik\u0105, suma\u017einti stres\u0105, padidinti k\u016brybi\u0161kum\u0105 ir pasitik\u0117jim\u0105 savimi. Apelsin\u0173 eterinis aliejus yra \u017einomas d\u0117l savo raminam\u0173j\u0173 ir tonizuojam\u0173j\u0173 savybi\u0173, kurios prisideda prie bendros savijautos. Aliej\u0173 galima naudoti aromatin\u0117se lempose, difuzoriuose, pirtyje arba praskiest\u0105 kaip masa\u017eo aliej\u0173.   <\/p>\n<p data-start=\"939\" data-end=\"960\"><strong data-start=\"939\" data-end=\"960\">Pagrindiniai privalumai:<\/strong><\/p>\n<ul data-start=\"961\" data-end=\"1442\">\n<li data-start=\"961\" data-end=\"1067\"><strong data-start=\"963\" data-end=\"985\">Nuotaikos gerinimas:<\/strong> Saldus ir gaivus aromatas padeda pagerinti nuotaik\u0105 ir sustiprinti teigiamas emocijas.<\/li>\n<li data-start=\"1068\" data-end=\"1157\"><strong data-start=\"1070\" data-end=\"1095\">Streso ma\u017einimas:<\/strong> padeda suma\u017einti stres\u0105 ir nerim\u0105, skatindamas atsipalaidavim\u0105.<\/li>\n<li data-start=\"1158\" data-end=\"1245\"><strong data-start=\"1160\" data-end=\"1202\">K\u016brybi\u0161kumo ir pasitik\u0117jimo savimi didinimas:<\/strong> skatina protin\u0119 veikl\u0105 ir dr\u0105s\u0105.<\/li>\n<li data-start=\"1246\" data-end=\"1356\"><strong data-start=\"1248\" data-end=\"1272\">Universalus naudojimas:<\/strong> tinka aromaterapijai, masa\u017eui, pir\u010diai ir nam\u0173 oro gaivikliui.<\/li>\n<li data-start=\"1357\" data-end=\"1442\"><strong data-start=\"1359\" data-end=\"1387\">100 % grynas ir nat\u016bralus:<\/strong> Be sintetini\u0173 pried\u0173 ar konservant\u0173.<\/li>\n<\/ul>\n<p data-start=\"1444\" data-end=\"1489\"><strong data-start=\"1444\" data-end=\"1460\">Sud\u0117tis:<\/strong> Citrus Aurantium Dulcis aliejus.<\/p>\n<p data-start=\"1491\" data-end=\"1511\"><strong data-start=\"1491\" data-end=\"1511\">Naudojimo instrukcijos:<\/strong><\/p>\n<ul data-start=\"1512\" data-end=\"2166\">\n<li data-start=\"1512\" data-end=\"1639\"><strong data-start=\"1514\" data-end=\"1533\">Aromaterapija:<\/strong> \u012ela\u0161inkite 3\u20137 la\u0161us eterinio aliejaus \u012f aromatin\u0119 lemp\u0105 arba difuzori\u0173, kad kambaryje sukurtum\u0117te malon\u0173 ir gaiv\u0173 aromat\u0105.<\/li>\n<li data-start=\"1640\" data-end=\"1801\"><strong data-start=\"1642\" data-end=\"1654\">Masa\u017eas:<\/strong> 1\u20132 la\u0161us eterinio aliejaus praskieskite 10 ml bazinio aliejaus (pvz., migdol\u0173 arba simondsij\u0173 aliejaus) ir \u012fmasa\u017euokite \u012f od\u0105, kad suma\u017eintum\u0117te \u012ftamp\u0105 ir pagerintum\u0117te kraujotak\u0105.<\/li>\n<li data-start=\"1802\" data-end=\"1903\"><strong data-start=\"1804\" data-end=\"1813\">Pirtis:<\/strong> \u012ela\u0161inkite 1\u20133 la\u0161us eterinio aliejaus \u012f garin\u012f vanden\u012f, kad sukurtum\u0117te gaivinant\u012f ir atpalaiduojant\u012f pirties poj\u016bt\u012f.<\/li>\n<li data-start=\"1904\" data-end=\"2042\"><strong data-start=\"1906\" data-end=\"1915\">Vonia:<\/strong> sumai\u0161ykite 3\u20135 la\u0161us eterinio aliejaus su medumi arba skystu muilu ir \u012fla\u0161inkite \u012f vonios vanden\u012f, kad vonia atpalaiduot\u0173 ir pakyl\u0117t\u0173.<\/li>\n<li data-start=\"2043\" data-end=\"2166\"><strong data-start=\"2045\" data-end=\"2075\">Kvapnus audini\u0173 mink\u0161tiklis:<\/strong> \u012ela\u0161inkite kelis la\u0161us eterinio aliejaus \u012f bekvap\u012f audini\u0173 mink\u0161tikl\u012f, kad skalbiniai duot\u0173 nuostabiai kvap\u0173.<\/li>\n<\/ul>\n<p data-start=\"2168\" data-end=\"2475\"><strong data-start=\"2168\" data-end=\"2186\">Saugos instrukcijos:<\/strong> Tik i\u0161oriniam naudojimui. Netepkite neskiesto aliejaus tiesiai ant odos. Venkite patekimo \u012f akis ir ant gleivini\u0173.   Laikyti vaikams nepasiekiamoje vietoje. N\u0117\u0161\u010dios moterys, maitinan\u010dios motinos, vaikai, pagyven\u0119 \u017emon\u0117s ir \u017emon\u0117s, sergantys l\u0117tin\u0117mis ligomis, prie\u0161 vartojim\u0105 tur\u0117t\u0173 pasitarti su sveikatos prie\u017ei\u016bros specialistu.<\/p>\n","protected":false},"excerpt":{"rendered":"<p>100 % grynas apelsin\u0173 eterinis aliejus, pasi\u017eymintis sald\u017eiu ir gaiviu aromatu, universaliu panaudojimu aromaterapijoje, masa\u017ee ir namuose.<\/p>\n","protected":false},"featured_media":34774,"comment_status":"closed","ping_status":"closed","template":"","meta":{"_acf_changed":false},"product_brand":[],"product_cat":[2752],"product_tag":[5838,2754,5839,2755,2756,2753],"class_list":{"0":"post-34769","1":"product","2":"type-product","3":"status-publish","4":"has-post-thumbnail","6":"product_cat-eteriniai-aliejai","7":"product_tag-apelsinu-eterinis-aliejus","8":"product_tag-aromaterapija","9":"product_tag-didejantis-kurybiskumas","10":"product_tag-naturalus-oro-gaiviklis","11":"product_tag-nuotaikos-pakilimas","12":"product_tag-streso-mazinimas","14":"first","15":"onbackorder","16":"taxable","17":"shipping-taxable","18":"purchasable","19":"product-type-variable","20":"has-default-attributes"},"acf":[],"yoast_head":"<!-- This site is optimized with the Yoast SEO plugin v27.1.1 - https:\/\/yoast.com\/product\/yoast-seo-wordpress\/ -->\n<title>Apelsin\u0173 eterinis aliejus - Puhdas+<\/title>\n<meta name=\"description\" content=\"\u201eAelsin\u201c eterinis aliejus (10 ml) yra 100 % grynas nat\u016bralus aliejus, kur\u012f galima naudoti \u012fvairiai: aromaterapijoje, masa\u017ee ir nam\u0173 aplinkoje.\" \/>\n<meta name=\"robots\" content=\"noindex, follow, max-snippet:-1, max-image-preview:large, max-video-preview:-1\" \/>\n<meta property=\"og:locale\" content=\"lt_LT\" \/>\n<meta property=\"og:type\" content=\"article\" \/>\n<meta property=\"og:title\" content=\"Apelsin\u0173 eterinis aliejus - Puhdas+\" \/>\n<meta property=\"og:description\" content=\"\u201eAelsin\u201c eterinis aliejus (10 ml) yra 100 % grynas nat\u016bralus aliejus, kur\u012f galima naudoti \u012fvairiai: aromaterapijoje, masa\u017ee ir nam\u0173 aplinkoje.\" \/>\n<meta property=\"og:url\" content=\"https:\/\/test.puhdasplus.ee\/lt\/tooted\/eteriniai-aliejai\/apelsinu-eterinis-aliejus\/\" \/>\n<meta property=\"og:site_name\" content=\"Puhdas+\" \/>\n<meta property=\"article:publisher\" content=\"https:\/\/www.facebook.com\/puhdasplus\" \/>\n<meta property=\"article:modified_time\" content=\"2026-02-27T11:13:18+00:00\" \/>\n<meta property=\"og:image\" content=\"https:\/\/test.puhdasplus.ee\/wp-content\/uploads\/2021\/12\/222.jpg\" \/>\n\t<meta property=\"og:image:width\" content=\"1862\" \/>\n\t<meta property=\"og:image:height\" content=\"2560\" \/>\n\t<meta property=\"og:image:type\" content=\"image\/jpeg\" \/>\n<meta name=\"twitter:card\" content=\"summary_large_image\" \/>\n<meta name=\"twitter:label1\" content=\"Est. reading time\" \/>\n\t<meta name=\"twitter:data1\" content=\"2 minut\u0117\" \/>\n<script type=\"application\/ld+json\" class=\"yoast-schema-graph\">{\"@context\":\"https:\/\/schema.org\",\"@graph\":[{\"@type\":\"WebPage\",\"@id\":\"https:\/\/test.puhdasplus.ee\/lt\/tooted\/eteriniai-aliejai\/apelsinu-eterinis-aliejus\/\",\"url\":\"https:\/\/test.puhdasplus.ee\/lt\/tooted\/eteriniai-aliejai\/apelsinu-eterinis-aliejus\/\",\"name\":\"Apelsin\u0173 eterinis aliejus - Puhdas+\",\"isPartOf\":{\"@id\":\"https:\/\/test.puhdasplus.ee\/lt\/#website\"},\"primaryImageOfPage\":{\"@id\":\"https:\/\/test.puhdasplus.ee\/lt\/tooted\/eteriniai-aliejai\/apelsinu-eterinis-aliejus\/#primaryimage\"},\"image\":{\"@id\":\"https:\/\/test.puhdasplus.ee\/lt\/tooted\/eteriniai-aliejai\/apelsinu-eterinis-aliejus\/#primaryimage\"},\"thumbnailUrl\":\"https:\/\/test.puhdasplus.ee\/wp-content\/uploads\/2021\/12\/222.jpg\",\"datePublished\":\"2021-12-03T07:50:48+00:00\",\"dateModified\":\"2026-02-27T11:13:18+00:00\",\"description\":\"\u201eAelsin\u201c eterinis aliejus (10 ml) yra 100 % grynas nat\u016bralus aliejus, kur\u012f galima naudoti \u012fvairiai: aromaterapijoje, masa\u017ee ir nam\u0173 aplinkoje.\",\"breadcrumb\":{\"@id\":\"https:\/\/test.puhdasplus.ee\/lt\/tooted\/eteriniai-aliejai\/apelsinu-eterinis-aliejus\/#breadcrumb\"},\"inLanguage\":\"lt-LT\",\"potentialAction\":[{\"@type\":\"ReadAction\",\"target\":[\"https:\/\/test.puhdasplus.ee\/lt\/tooted\/eteriniai-aliejai\/apelsinu-eterinis-aliejus\/\"]}]},{\"@type\":\"ImageObject\",\"inLanguage\":\"lt-LT\",\"@id\":\"https:\/\/test.puhdasplus.ee\/lt\/tooted\/eteriniai-aliejai\/apelsinu-eterinis-aliejus\/#primaryimage\",\"url\":\"https:\/\/test.puhdasplus.ee\/wp-content\/uploads\/2021\/12\/222.jpg\",\"contentUrl\":\"https:\/\/test.puhdasplus.ee\/wp-content\/uploads\/2021\/12\/222.jpg\",\"width\":1862,\"height\":2560,\"caption\":\"Apelsin\u0173 eterinis aliejus\"},{\"@type\":\"BreadcrumbList\",\"@id\":\"https:\/\/test.puhdasplus.ee\/lt\/tooted\/eteriniai-aliejai\/apelsinu-eterinis-aliejus\/#breadcrumb\",\"itemListElement\":[{\"@type\":\"ListItem\",\"position\":1,\"name\":\"Prad\u017eia\",\"item\":\"https:\/\/test.puhdasplus.ee\/lt\/\"},{\"@type\":\"ListItem\",\"position\":2,\"name\":\"Produktai\",\"item\":\"https:\/\/test.puhdasplus.ee\/lt\/parduotuve\/\"},{\"@type\":\"ListItem\",\"position\":3,\"name\":\"Apelsin\u0173 eterinis aliejus\"}]},{\"@type\":\"WebSite\",\"@id\":\"https:\/\/test.puhdasplus.ee\/lt\/#website\",\"url\":\"https:\/\/test.puhdasplus.ee\/lt\/\",\"name\":\"Puhdas+\",\"description\":\"Vitamiinid, Toidulisandid, looduskosmeetika, tervis, sport\",\"publisher\":{\"@id\":\"https:\/\/test.puhdasplus.ee\/lt\/#organization\"},\"potentialAction\":[{\"@type\":\"SearchAction\",\"target\":{\"@type\":\"EntryPoint\",\"urlTemplate\":\"https:\/\/test.puhdasplus.ee\/lt\/?s={search_term_string}\"},\"query-input\":{\"@type\":\"PropertyValueSpecification\",\"valueRequired\":true,\"valueName\":\"search_term_string\"}}],\"inLanguage\":\"lt-LT\"},{\"@type\":\"Organization\",\"@id\":\"https:\/\/test.puhdasplus.ee\/lt\/#organization\",\"name\":\"Puhdas+\",\"alternateName\":\"Puhdasplus\",\"url\":\"https:\/\/test.puhdasplus.ee\/lt\/\",\"logo\":{\"@type\":\"ImageObject\",\"inLanguage\":\"lt-LT\",\"@id\":\"https:\/\/test.puhdasplus.ee\/lt\/#\/schema\/logo\/image\/\",\"url\":\"https:\/\/test.puhdasplus.ee\/\/wp-content\/uploads\/2019\/10\/puhdas_logo-arvele.png\",\"contentUrl\":\"https:\/\/test.puhdasplus.ee\/\/wp-content\/uploads\/2019\/10\/puhdas_logo-arvele.png\",\"width\":114,\"height\":94,\"caption\":\"Puhdas+\"},\"image\":{\"@id\":\"https:\/\/test.puhdasplus.ee\/lt\/#\/schema\/logo\/image\/\"},\"sameAs\":[\"https:\/\/www.facebook.com\/puhdasplus\",\"https:\/\/www.instagram.com\/puhdasplus_ee\/\"]}]}<\/script>\n<!-- \/ Yoast SEO plugin. -->","yoast_head_json":{"title":"Apelsin\u0173 eterinis aliejus - Puhdas+","description":"\u201eAelsin\u201c eterinis aliejus (10 ml) yra 100 % grynas nat\u016bralus aliejus, kur\u012f galima naudoti \u012fvairiai: aromaterapijoje, masa\u017ee ir nam\u0173 aplinkoje.","robots":{"index":"noindex","follow":"follow","max-snippet":"max-snippet:-1","max-image-preview":"max-image-preview:large","max-video-preview":"max-video-preview:-1"},"og_locale":"lt_LT","og_type":"article","og_title":"Apelsin\u0173 eterinis aliejus - Puhdas+","og_description":"\u201eAelsin\u201c eterinis aliejus (10 ml) yra 100 % grynas nat\u016bralus aliejus, kur\u012f galima naudoti \u012fvairiai: aromaterapijoje, masa\u017ee ir nam\u0173 aplinkoje.","og_url":"https:\/\/test.puhdasplus.ee\/lt\/tooted\/eteriniai-aliejai\/apelsinu-eterinis-aliejus\/","og_site_name":"Puhdas+","article_publisher":"https:\/\/www.facebook.com\/puhdasplus","article_modified_time":"2026-02-27T11:13:18+00:00","og_image":[{"width":1862,"height":2560,"url":"https:\/\/test.puhdasplus.ee\/wp-content\/uploads\/2021\/12\/222.jpg","type":"image\/jpeg"}],"twitter_card":"summary_large_image","twitter_misc":{"Est. reading time":"2 minut\u0117"},"schema":{"@context":"https:\/\/schema.org","@graph":[{"@type":"WebPage","@id":"https:\/\/test.puhdasplus.ee\/lt\/tooted\/eteriniai-aliejai\/apelsinu-eterinis-aliejus\/","url":"https:\/\/test.puhdasplus.ee\/lt\/tooted\/eteriniai-aliejai\/apelsinu-eterinis-aliejus\/","name":"Apelsin\u0173 eterinis aliejus - Puhdas+","isPartOf":{"@id":"https:\/\/test.puhdasplus.ee\/lt\/#website"},"primaryImageOfPage":{"@id":"https:\/\/test.puhdasplus.ee\/lt\/tooted\/eteriniai-aliejai\/apelsinu-eterinis-aliejus\/#primaryimage"},"image":{"@id":"https:\/\/test.puhdasplus.ee\/lt\/tooted\/eteriniai-aliejai\/apelsinu-eterinis-aliejus\/#primaryimage"},"thumbnailUrl":"https:\/\/test.puhdasplus.ee\/wp-content\/uploads\/2021\/12\/222.jpg","datePublished":"2021-12-03T07:50:48+00:00","dateModified":"2026-02-27T11:13:18+00:00","description":"\u201eAelsin\u201c eterinis aliejus (10 ml) yra 100 % grynas nat\u016bralus aliejus, kur\u012f galima naudoti \u012fvairiai: aromaterapijoje, masa\u017ee ir nam\u0173 aplinkoje.","breadcrumb":{"@id":"https:\/\/test.puhdasplus.ee\/lt\/tooted\/eteriniai-aliejai\/apelsinu-eterinis-aliejus\/#breadcrumb"},"inLanguage":"lt-LT","potentialAction":[{"@type":"ReadAction","target":["https:\/\/test.puhdasplus.ee\/lt\/tooted\/eteriniai-aliejai\/apelsinu-eterinis-aliejus\/"]}]},{"@type":"ImageObject","inLanguage":"lt-LT","@id":"https:\/\/test.puhdasplus.ee\/lt\/tooted\/eteriniai-aliejai\/apelsinu-eterinis-aliejus\/#primaryimage","url":"https:\/\/test.puhdasplus.ee\/wp-content\/uploads\/2021\/12\/222.jpg","contentUrl":"https:\/\/test.puhdasplus.ee\/wp-content\/uploads\/2021\/12\/222.jpg","width":1862,"height":2560,"caption":"Apelsin\u0173 eterinis aliejus"},{"@type":"BreadcrumbList","@id":"https:\/\/test.puhdasplus.ee\/lt\/tooted\/eteriniai-aliejai\/apelsinu-eterinis-aliejus\/#breadcrumb","itemListElement":[{"@type":"ListItem","position":1,"name":"Prad\u017eia","item":"https:\/\/test.puhdasplus.ee\/lt\/"},{"@type":"ListItem","position":2,"name":"Produktai","item":"https:\/\/test.puhdasplus.ee\/lt\/parduotuve\/"},{"@type":"ListItem","position":3,"name":"Apelsin\u0173 eterinis aliejus"}]},{"@type":"WebSite","@id":"https:\/\/test.puhdasplus.ee\/lt\/#website","url":"https:\/\/test.puhdasplus.ee\/lt\/","name":"Puhdas+","description":"Vitamiinid, Toidulisandid, looduskosmeetika, tervis, sport","publisher":{"@id":"https:\/\/test.puhdasplus.ee\/lt\/#organization"},"potentialAction":[{"@type":"SearchAction","target":{"@type":"EntryPoint","urlTemplate":"https:\/\/test.puhdasplus.ee\/lt\/?s={search_term_string}"},"query-input":{"@type":"PropertyValueSpecification","valueRequired":true,"valueName":"search_term_string"}}],"inLanguage":"lt-LT"},{"@type":"Organization","@id":"https:\/\/test.puhdasplus.ee\/lt\/#organization","name":"Puhdas+","alternateName":"Puhdasplus","url":"https:\/\/test.puhdasplus.ee\/lt\/","logo":{"@type":"ImageObject","inLanguage":"lt-LT","@id":"https:\/\/test.puhdasplus.ee\/lt\/#\/schema\/logo\/image\/","url":"https:\/\/test.puhdasplus.ee\/\/wp-content\/uploads\/2019\/10\/puhdas_logo-arvele.png","contentUrl":"https:\/\/test.puhdasplus.ee\/\/wp-content\/uploads\/2019\/10\/puhdas_logo-arvele.png","width":114,"height":94,"caption":"Puhdas+"},"image":{"@id":"https:\/\/test.puhdasplus.ee\/lt\/#\/schema\/logo\/image\/"},"sameAs":["https:\/\/www.facebook.com\/puhdasplus","https:\/\/www.instagram.com\/puhdasplus_ee\/"]}]}},"_links":{"self":[{"href":"https:\/\/test.puhdasplus.ee\/lt\/wp-json\/wp\/v2\/product\/34769","targetHints":{"allow":["GET"]}}],"collection":[{"href":"https:\/\/test.puhdasplus.ee\/lt\/wp-json\/wp\/v2\/product"}],"about":[{"href":"https:\/\/test.puhdasplus.ee\/lt\/wp-json\/wp\/v2\/types\/product"}],"replies":[{"embeddable":true,"href":"https:\/\/test.puhdasplus.ee\/lt\/wp-json\/wp\/v2\/comments?post=34769"}],"wp:featuredmedia":[{"embeddable":true,"href":"https:\/\/test.puhdasplus.ee\/lt\/wp-json\/wp\/v2\/media\/34774"}],"wp:attachment":[{"href":"https:\/\/test.puhdasplus.ee\/lt\/wp-json\/wp\/v2\/media?parent=34769"}],"wp:term":[{"taxonomy":"product_brand","embeddable":true,"href":"https:\/\/test.puhdasplus.ee\/lt\/wp-json\/wp\/v2\/product_brand?post=34769"},{"taxonomy":"product_cat","embeddable":true,"href":"https:\/\/test.puhdasplus.ee\/lt\/wp-json\/wp\/v2\/product_cat?post=34769"},{"taxonomy":"product_tag","embeddable":true,"href":"https:\/\/test.puhdasplus.ee\/lt\/wp-json\/wp\/v2\/product_tag?post=34769"}],"curies":[{"name":"wp","href":"https:\/\/api.w.org\/{rel}","templated":true}]}}