{"id":34762,"date":"2021-11-11T20:22:03","date_gmt":"2021-11-11T18:22:03","guid":{"rendered":"https:\/\/test.puhdasplus.ee\/\/tooted\/be-kategorijos\/auksciausios-kokybes-omega-7\/"},"modified":"2026-03-04T22:03:37","modified_gmt":"2026-03-04T20:03:37","slug":"auksciausios-kokybes-omega-7","status":"publish","type":"product","link":"https:\/\/test.puhdasplus.ee\/lt\/tooted\/specialus-pasiulymai\/auksciausios-kokybes-omega-7\/","title":{"rendered":"Auk\u0161\u010diausios kokyb\u0117s Omega-7"},"content":{"rendered":"<p><span class=\"relative -mx-px my-[-0.2rem] rounded px-px py-[0.2rem] transition-colors duration-100 ease-in-out\">\u201ePuhdas+ Premium Omega-7\u201c yra auk\u0161tos kokyb\u0117s maisto papildas, kurio sud\u0117tyje yra omega-7 riebal\u0173 r\u016bg\u0161\u010di\u0173 i\u0161 gryno \u0161altalanki\u0173 aliejaus, biotino ir vitamino E.<\/span> <span class=\"relative -mx-px my-[-0.2rem] rounded px-px py-[0.2rem] transition-colors duration-100 ease-in-out\">\u0160is derinys palaiko odos, gleivini\u0173 ir vir\u0161kinamojo trakto sveikat\u0105, padeda palaikyti dr\u0117gm\u0117s pusiausvyr\u0105 ir gyvybingum\u0105.<\/span><\/p>\n<h2 data-start=\"1014\" data-end=\"1093\">Omega-7 riebal\u0173 r\u016bg\u0161tys \u2013 naudingos gleivin\u0117ms ir odai?<\/h2>\n<p class=\"\" data-start=\"1094\" data-end=\"1428\">Omega-7 (palmitoleino r\u016bg\u0161tis), nat\u016braliai randama \u0161altalanki\u0173 aliejuje, yra riebal\u0173 r\u016bg\u0161tis, padedanti palaikyti gleivini\u0173 ir odos dr\u0117gm\u0117s pusiausvyr\u0105. Ji ypa\u010d naudinga \u017emon\u0117ms, kuriuos vargina burnos, aki\u0173 ar vir\u0161kinamojo trakto sausumas. Nors omega-7 n\u0117ra nepakei\u010diamoji riebal\u0173 r\u016bg\u0161tis, kaip apibr\u0117\u017eia EFSA, d\u0117l savo savybi\u0173 ji padeda organizmui.  <\/p>\n<h2 data-start=\"396\" data-end=\"473\">Vitaminas E \u2013 ar jis padeda apsaugoti l\u0105steles nuo oksidacinio streso?<\/h2>\n<p class=\"\" data-start=\"474\" data-end=\"706\">Taip. Vitaminas E yra antioksidantas, padedantis apsaugoti l\u0105steles nuo oksidacinio streso. Tai rei\u0161kia, kad \u0161is vitaminas padeda neutralizuoti laisv\u0173j\u0173 radikal\u0173, kurie gali pa\u017eeisti l\u0105steles ir paveikti odos bei gleivini\u0173 b\u016bkl\u0119, poveik\u012f.  <\/p>\n<h2 data-start=\"713\" data-end=\"768\">Biotinas \u2013 ar jis palaiko od\u0105 ir gleivines?<\/h2>\n<p class=\"\" data-start=\"769\" data-end=\"1007\">Biotinas padeda palaikyti normali\u0105 odos ir gleivini\u0173 funkcij\u0105, taip pat palaiko normali\u0105 plauk\u0173 ir nerv\u0173 sistemos veikl\u0105. Tod\u0117l jis tinka \u017emon\u0117ms, norintiems palaikyti gleivini\u0173 dr\u0117gm\u0117s pusiausvyr\u0105 ir bendr\u0105 odos b\u016bkl\u0119. <\/p>\n<h2>Kam naudingas \u201ePremium Omega-7\u201c?<\/h2>\n<p class=\"\" data-start=\"807\" data-end=\"892\"><span class=\"relative -mx-px my-[-0.2rem] rounded px-px py-[0.2rem] transition-colors duration-100 ease-in-out\">\u201ePure+ Premium Omega-7\u201c tinka:<\/span><\/p>\n<ul data-start=\"894\" data-end=\"1248\">\n<li class=\"\" data-start=\"894\" data-end=\"981\">\n<p class=\"\" data-start=\"896\" data-end=\"981\"><span class=\"relative -mx-px my-[-0.2rem] rounded px-px py-[0.2rem] transition-colors duration-100 ease-in-out\">\u017dmon\u0117ms, norintiems palaikyti odos ir gleivini\u0173 sveikat\u0105 bei dr\u0117gm\u0117s balans\u0105.<\/span><\/p>\n<\/li>\n<li class=\"\" data-start=\"983\" data-end=\"1070\">\n<p class=\"\" data-start=\"985\" data-end=\"1070\"><span class=\"relative -mx-px my-[-0.2rem] rounded px-px py-[0.2rem] transition-colors duration-100 ease-in-out\">Tiems, kurie<\/span> nori palaikyti odos ir gleivini\u0173 dr\u0117gm\u0117s balans\u0105.<\/p>\n<\/li>\n<li class=\"\" data-start=\"1161\" data-end=\"1248\">\n<p class=\"\" data-start=\"1163\" data-end=\"1248\"><span class=\"relative -mx-px my-[-0.2rem] rounded px-px py-[0.2rem] transition-colors duration-100 ease-in-out\">Ie\u0161kantiems nat\u016bralaus ir gryno maisto papildo be dirbtini\u0173 pried\u0173.<\/span><\/p>\n<\/li>\n<\/ul>\n<h2 data-start=\"1255\" data-end=\"1292\">\u201ePure+ Premium Omega-7\u201c privalumai<\/h2>\n<ul data-start=\"1294\" data-end=\"1648\">\n<li class=\"\" data-start=\"1294\" data-end=\"1381\">\n<p class=\"\" data-start=\"1296\" data-end=\"1381\"><span class=\"relative -mx-px my-[-0.2rem] rounded px-px py-[0.2rem] transition-colors duration-100 ease-in-out\">Du kartus ekstrahuotas \u0161altalanki\u0173 aliejus, kuriame yra verting\u0173 ingredient\u0173 tiek i\u0161 s\u0117kl\u0173, tiek i\u0161 vaisi\u0173.<\/span><\/p>\n<\/li>\n<li class=\"\" data-start=\"1383\" data-end=\"1470\">\n<p class=\"\" data-start=\"1385\" data-end=\"1470\"><span class=\"relative -mx-px my-[-0.2rem] rounded px-px py-[0.2rem] transition-colors duration-100 ease-in-out\">Pagaminta \u0161velnios anglies dioksido ekstrakcijos b\u016bdu, u\u017etikrinant 100 % nat\u016bral\u0173 ir auk\u0161tos kokyb\u0117s aliej\u0173.<\/span><\/p>\n<\/li>\n<li class=\"\" data-start=\"1472\" data-end=\"1559\">\n<p class=\"\" data-start=\"1474\" data-end=\"1559\"><span class=\"relative -mx-px my-[-0.2rem] rounded px-px py-[0.2rem] transition-colors duration-100 ease-in-out\">Sud\u0117tyje n\u0117ra karagenino, dirbtini\u0173 da\u017eikli\u0173 ar gyv\u016bnin\u0117s kilm\u0117s \u017eelatinos.<\/span><\/p>\n<\/li>\n<li class=\"\" data-start=\"1561\" data-end=\"1648\">\n<p class=\"\" data-start=\"1563\" data-end=\"1648\"><span class=\"relative -mx-px my-[-0.2rem] rounded px-px py-[0.2rem] bg-[#FCECC1] dark:bg-[#64572A] transition-colors duration-100 ease-in-out\">Be laktoz\u0117s, glitimo, mieli\u0173, cukraus ir sojos.<\/span><\/p>\n<\/li>\n<\/ul>\n<h2 data-start=\"1655\" data-end=\"1672\">Naudojimas<\/h2>\n<p class=\"\" data-start=\"1674\" data-end=\"1759\"><span class=\"relative -mx-px my-[-0.2rem] rounded px-px py-[0.2rem] transition-colors duration-100 ease-in-out\"><strong data-start=\"0\" data-end=\"16\" data-is-only-node=\"\">Dozavimas:<\/strong> suaugusiesiems 2 kapsul\u0117s per dien\u0105.<\/span><\/p>\n<h3 data-start=\"416\" data-end=\"443\"><strong data-start=\"420\" data-end=\"441\">Maistini\u0173 med\u017eiag\u0173 kiekis:<\/strong><\/h3>\n<p data-start=\"444\" data-end=\"614\">2 kapsul\u0117s: \u0161altalanki\u0173 aliejus 1000 mg, i\u0161 kuri\u0173 omega-7 riebal\u0173 r\u016bg\u0161\u010di\u0173 400 mg, biotinas 200 \u00b5g (400 % RMV), vitaminas E 20 mg (167 % RMV).  <strong data-start=\"569\" data-end=\"614\">RMV \u2013 referencin\u0117 paros norma suaugusiam \u017emogui.<\/strong><\/p>\n<p class=\"\" data-start=\"1761\" data-end=\"1846\"><span class=\"relative -mx-px my-[-0.2rem] rounded px-px py-[0.2rem] transition-colors duration-100 ease-in-out\"><strong data-start=\"0\" data-end=\"11\" data-is-only-node=\"\">Pakuot\u0117:<\/strong> 60 kapsuli\u0173.<\/span><\/p>\n<p class=\"\" data-start=\"1848\" data-end=\"1933\"><span class=\"relative -mx-px my-[-0.2rem] rounded px-px py-[0.2rem] transition-colors duration-100 ease-in-out\">Nevir\u0161ykite rekomenduojamos paros doz\u0117s. Maisto papildas nepakei\u010dia \u012fvairios ir subalansuotos mitybos ar sveiko gyvenimo b\u016bdo. Laikyti vaikams nepasiekiamoje vietoje.  <\/span><\/p>\n","protected":false},"excerpt":{"rendered":"<p class=\"p1\"><span class=\"s1\"><b>\u201ePuhdas+ Premium Omega-7\u201c<\/b><\/span> yra auk\u0161tos kokyb\u0117s maisto papildas, palaikantis nat\u016brali\u0105 odos ir gleivini\u0173 dr\u0117gm\u0117s pusiausvyr\u0105.<\/p>\n<p class=\"p1\">Produkte esan\u010dios omega-7 riebal\u0173 r\u016bg\u0161tys i\u0161gaunamos i\u0161 gryno \u0161altalanki\u0173 aliejaus ir yra derinamos su biotinu bei vitaminu E.<\/p>\n<p class=\"p1\">\u0160is derinys padeda palaikyti normali\u0105 odos ir gleivini\u0173 b\u016bkl\u0119 bei apsaugoti l\u0105steles nuo oksidacinio streso.<\/p>\n<p class=\"p1\">\u201ePremium Omega\u20117\u201c tinka \u017emon\u0117ms, norintiems r\u016bpintis savo odos ir gleivini\u0173 gerove ir teikiantiems pirmenyb\u0119 nat\u016braliam bei be pried\u0173 maisto papildui.<\/p>\n<p class=\"p1\">D\u0117l grynos sud\u0117ties \u2013 be karagenino, dirbtini\u0173 pried\u0173 ir gyv\u016bnin\u0117s kilm\u0117s \u017eelatinos \u2013 produktas tinka ir veganams bei tiems, kurie vertina auk\u0161tus gamybos standartus.<\/p>\n","protected":false},"featured_media":32260,"comment_status":"closed","ping_status":"closed","template":"","meta":{"_acf_changed":false},"product_brand":[],"product_cat":[3282,3412,3049],"product_tag":[3284,2577,3023,7643,5834,2561],"class_list":{"0":"post-34762","1":"product","2":"type-product","3":"status-publish","4":"has-post-thumbnail","6":"product_cat-oda-plaukai-nagai","7":"product_cat-sirdies-sveikata","8":"product_cat-specialus-pasiulymai","9":"product_tag-biotinas","10":"product_tag-grynas-grozis","11":"product_tag-imunitetas","12":"product_tag-omega-7","13":"product_tag-saltalankiu-aliejus","14":"product_tag-vitaminas-e","16":"first","17":"instock","18":"sale","19":"taxable","20":"shipping-taxable","21":"purchasable","22":"product-type-variable","23":"has-default-attributes"},"acf":[],"yoast_head":"<!-- This site is optimized with the Yoast SEO plugin v27.1.1 - https:\/\/yoast.com\/product\/yoast-seo-wordpress\/ -->\n<title>Auk\u0161\u010diausios kokyb\u0117s Omega-7 - Puhdas+<\/title>\n<meta name=\"description\" content=\"Auk\u0161\u010diausios kokyb\u0117s Omega-7 \u2013 grynas \u0161altalanki\u0173 aliejus kapsul\u0117se, skirtas odos ir gleivini\u0173 sveikatai palaikyti. Sud\u0117tyje yra omega-7 riebal\u0173 r\u016bg\u0161\u010di\u0173, biotino ir vitamino E.\" \/>\n<meta name=\"robots\" content=\"noindex, follow, max-snippet:-1, max-image-preview:large, max-video-preview:-1\" \/>\n<meta property=\"og:locale\" content=\"lt_LT\" \/>\n<meta property=\"og:type\" content=\"article\" \/>\n<meta property=\"og:title\" content=\"Auk\u0161\u010diausios kokyb\u0117s Omega-7 - Puhdas+\" \/>\n<meta property=\"og:description\" content=\"Auk\u0161\u010diausios kokyb\u0117s Omega-7 \u2013 grynas \u0161altalanki\u0173 aliejus kapsul\u0117se, skirtas odos ir gleivini\u0173 sveikatai palaikyti. Sud\u0117tyje yra omega-7 riebal\u0173 r\u016bg\u0161\u010di\u0173, biotino ir vitamino E.\" \/>\n<meta property=\"og:url\" content=\"https:\/\/test.puhdasplus.ee\/lt\/tooted\/specialus-pasiulymai\/auksciausios-kokybes-omega-7\/\" \/>\n<meta property=\"og:site_name\" content=\"Puhdas+\" \/>\n<meta property=\"article:publisher\" content=\"https:\/\/www.facebook.com\/puhdasplus\" \/>\n<meta property=\"article:modified_time\" content=\"2026-03-04T20:03:37+00:00\" \/>\n<meta property=\"og:image\" content=\"https:\/\/test.puhdasplus.ee\/wp-content\/uploads\/2025\/03\/55.jpg\" \/>\n\t<meta property=\"og:image:width\" content=\"1862\" \/>\n\t<meta property=\"og:image:height\" content=\"2560\" \/>\n\t<meta property=\"og:image:type\" content=\"image\/jpeg\" \/>\n<meta name=\"twitter:card\" content=\"summary_large_image\" \/>\n<meta name=\"twitter:label1\" content=\"Est. reading time\" \/>\n\t<meta name=\"twitter:data1\" content=\"2 minut\u0117\" \/>\n<script type=\"application\/ld+json\" class=\"yoast-schema-graph\">{\"@context\":\"https:\/\/schema.org\",\"@graph\":[{\"@type\":\"WebPage\",\"@id\":\"https:\/\/test.puhdasplus.ee\/lt\/tooted\/specialus-pasiulymai\/auksciausios-kokybes-omega-7\/\",\"url\":\"https:\/\/test.puhdasplus.ee\/lt\/tooted\/specialus-pasiulymai\/auksciausios-kokybes-omega-7\/\",\"name\":\"Auk\u0161\u010diausios kokyb\u0117s Omega-7 - Puhdas+\",\"isPartOf\":{\"@id\":\"https:\/\/test.puhdasplus.ee\/lt\/#website\"},\"primaryImageOfPage\":{\"@id\":\"https:\/\/test.puhdasplus.ee\/lt\/tooted\/specialus-pasiulymai\/auksciausios-kokybes-omega-7\/#primaryimage\"},\"image\":{\"@id\":\"https:\/\/test.puhdasplus.ee\/lt\/tooted\/specialus-pasiulymai\/auksciausios-kokybes-omega-7\/#primaryimage\"},\"thumbnailUrl\":\"https:\/\/test.puhdasplus.ee\/wp-content\/uploads\/2025\/03\/55.jpg\",\"datePublished\":\"2021-11-11T18:22:03+00:00\",\"dateModified\":\"2026-03-04T20:03:37+00:00\",\"description\":\"Auk\u0161\u010diausios kokyb\u0117s Omega-7 \u2013 grynas \u0161altalanki\u0173 aliejus kapsul\u0117se, skirtas odos ir gleivini\u0173 sveikatai palaikyti. Sud\u0117tyje yra omega-7 riebal\u0173 r\u016bg\u0161\u010di\u0173, biotino ir vitamino E.\",\"breadcrumb\":{\"@id\":\"https:\/\/test.puhdasplus.ee\/lt\/tooted\/specialus-pasiulymai\/auksciausios-kokybes-omega-7\/#breadcrumb\"},\"inLanguage\":\"lt-LT\",\"potentialAction\":[{\"@type\":\"ReadAction\",\"target\":[\"https:\/\/test.puhdasplus.ee\/lt\/tooted\/specialus-pasiulymai\/auksciausios-kokybes-omega-7\/\"]}]},{\"@type\":\"ImageObject\",\"inLanguage\":\"lt-LT\",\"@id\":\"https:\/\/test.puhdasplus.ee\/lt\/tooted\/specialus-pasiulymai\/auksciausios-kokybes-omega-7\/#primaryimage\",\"url\":\"https:\/\/test.puhdasplus.ee\/wp-content\/uploads\/2025\/03\/55.jpg\",\"contentUrl\":\"https:\/\/test.puhdasplus.ee\/wp-content\/uploads\/2025\/03\/55.jpg\",\"width\":1862,\"height\":2560,\"caption\":\"Auk\u0161\u010diausios kokyb\u0117s Omega-7\"},{\"@type\":\"BreadcrumbList\",\"@id\":\"https:\/\/test.puhdasplus.ee\/lt\/tooted\/specialus-pasiulymai\/auksciausios-kokybes-omega-7\/#breadcrumb\",\"itemListElement\":[{\"@type\":\"ListItem\",\"position\":1,\"name\":\"Prad\u017eia\",\"item\":\"https:\/\/test.puhdasplus.ee\/lt\/\"},{\"@type\":\"ListItem\",\"position\":2,\"name\":\"Produktai\",\"item\":\"https:\/\/test.puhdasplus.ee\/lt\/parduotuve\/\"},{\"@type\":\"ListItem\",\"position\":3,\"name\":\"Auk\u0161\u010diausios kokyb\u0117s Omega-7\"}]},{\"@type\":\"WebSite\",\"@id\":\"https:\/\/test.puhdasplus.ee\/lt\/#website\",\"url\":\"https:\/\/test.puhdasplus.ee\/lt\/\",\"name\":\"Puhdas+\",\"description\":\"Vitamiinid, Toidulisandid, looduskosmeetika, tervis, sport\",\"publisher\":{\"@id\":\"https:\/\/test.puhdasplus.ee\/lt\/#organization\"},\"potentialAction\":[{\"@type\":\"SearchAction\",\"target\":{\"@type\":\"EntryPoint\",\"urlTemplate\":\"https:\/\/test.puhdasplus.ee\/lt\/?s={search_term_string}\"},\"query-input\":{\"@type\":\"PropertyValueSpecification\",\"valueRequired\":true,\"valueName\":\"search_term_string\"}}],\"inLanguage\":\"lt-LT\"},{\"@type\":\"Organization\",\"@id\":\"https:\/\/test.puhdasplus.ee\/lt\/#organization\",\"name\":\"Puhdas+\",\"alternateName\":\"Puhdasplus\",\"url\":\"https:\/\/test.puhdasplus.ee\/lt\/\",\"logo\":{\"@type\":\"ImageObject\",\"inLanguage\":\"lt-LT\",\"@id\":\"https:\/\/test.puhdasplus.ee\/lt\/#\/schema\/logo\/image\/\",\"url\":\"https:\/\/test.puhdasplus.ee\/\/wp-content\/uploads\/2019\/10\/puhdas_logo-arvele.png\",\"contentUrl\":\"https:\/\/test.puhdasplus.ee\/\/wp-content\/uploads\/2019\/10\/puhdas_logo-arvele.png\",\"width\":114,\"height\":94,\"caption\":\"Puhdas+\"},\"image\":{\"@id\":\"https:\/\/test.puhdasplus.ee\/lt\/#\/schema\/logo\/image\/\"},\"sameAs\":[\"https:\/\/www.facebook.com\/puhdasplus\",\"https:\/\/www.instagram.com\/puhdasplus_ee\/\"]}]}<\/script>\n<!-- \/ Yoast SEO plugin. -->","yoast_head_json":{"title":"Auk\u0161\u010diausios kokyb\u0117s Omega-7 - Puhdas+","description":"Auk\u0161\u010diausios kokyb\u0117s Omega-7 \u2013 grynas \u0161altalanki\u0173 aliejus kapsul\u0117se, skirtas odos ir gleivini\u0173 sveikatai palaikyti. Sud\u0117tyje yra omega-7 riebal\u0173 r\u016bg\u0161\u010di\u0173, biotino ir vitamino E.","robots":{"index":"noindex","follow":"follow","max-snippet":"max-snippet:-1","max-image-preview":"max-image-preview:large","max-video-preview":"max-video-preview:-1"},"og_locale":"lt_LT","og_type":"article","og_title":"Auk\u0161\u010diausios kokyb\u0117s Omega-7 - Puhdas+","og_description":"Auk\u0161\u010diausios kokyb\u0117s Omega-7 \u2013 grynas \u0161altalanki\u0173 aliejus kapsul\u0117se, skirtas odos ir gleivini\u0173 sveikatai palaikyti. Sud\u0117tyje yra omega-7 riebal\u0173 r\u016bg\u0161\u010di\u0173, biotino ir vitamino E.","og_url":"https:\/\/test.puhdasplus.ee\/lt\/tooted\/specialus-pasiulymai\/auksciausios-kokybes-omega-7\/","og_site_name":"Puhdas+","article_publisher":"https:\/\/www.facebook.com\/puhdasplus","article_modified_time":"2026-03-04T20:03:37+00:00","og_image":[{"width":1862,"height":2560,"url":"https:\/\/test.puhdasplus.ee\/wp-content\/uploads\/2025\/03\/55.jpg","type":"image\/jpeg"}],"twitter_card":"summary_large_image","twitter_misc":{"Est. reading time":"2 minut\u0117"},"schema":{"@context":"https:\/\/schema.org","@graph":[{"@type":"WebPage","@id":"https:\/\/test.puhdasplus.ee\/lt\/tooted\/specialus-pasiulymai\/auksciausios-kokybes-omega-7\/","url":"https:\/\/test.puhdasplus.ee\/lt\/tooted\/specialus-pasiulymai\/auksciausios-kokybes-omega-7\/","name":"Auk\u0161\u010diausios kokyb\u0117s Omega-7 - Puhdas+","isPartOf":{"@id":"https:\/\/test.puhdasplus.ee\/lt\/#website"},"primaryImageOfPage":{"@id":"https:\/\/test.puhdasplus.ee\/lt\/tooted\/specialus-pasiulymai\/auksciausios-kokybes-omega-7\/#primaryimage"},"image":{"@id":"https:\/\/test.puhdasplus.ee\/lt\/tooted\/specialus-pasiulymai\/auksciausios-kokybes-omega-7\/#primaryimage"},"thumbnailUrl":"https:\/\/test.puhdasplus.ee\/wp-content\/uploads\/2025\/03\/55.jpg","datePublished":"2021-11-11T18:22:03+00:00","dateModified":"2026-03-04T20:03:37+00:00","description":"Auk\u0161\u010diausios kokyb\u0117s Omega-7 \u2013 grynas \u0161altalanki\u0173 aliejus kapsul\u0117se, skirtas odos ir gleivini\u0173 sveikatai palaikyti. Sud\u0117tyje yra omega-7 riebal\u0173 r\u016bg\u0161\u010di\u0173, biotino ir vitamino E.","breadcrumb":{"@id":"https:\/\/test.puhdasplus.ee\/lt\/tooted\/specialus-pasiulymai\/auksciausios-kokybes-omega-7\/#breadcrumb"},"inLanguage":"lt-LT","potentialAction":[{"@type":"ReadAction","target":["https:\/\/test.puhdasplus.ee\/lt\/tooted\/specialus-pasiulymai\/auksciausios-kokybes-omega-7\/"]}]},{"@type":"ImageObject","inLanguage":"lt-LT","@id":"https:\/\/test.puhdasplus.ee\/lt\/tooted\/specialus-pasiulymai\/auksciausios-kokybes-omega-7\/#primaryimage","url":"https:\/\/test.puhdasplus.ee\/wp-content\/uploads\/2025\/03\/55.jpg","contentUrl":"https:\/\/test.puhdasplus.ee\/wp-content\/uploads\/2025\/03\/55.jpg","width":1862,"height":2560,"caption":"Auk\u0161\u010diausios kokyb\u0117s Omega-7"},{"@type":"BreadcrumbList","@id":"https:\/\/test.puhdasplus.ee\/lt\/tooted\/specialus-pasiulymai\/auksciausios-kokybes-omega-7\/#breadcrumb","itemListElement":[{"@type":"ListItem","position":1,"name":"Prad\u017eia","item":"https:\/\/test.puhdasplus.ee\/lt\/"},{"@type":"ListItem","position":2,"name":"Produktai","item":"https:\/\/test.puhdasplus.ee\/lt\/parduotuve\/"},{"@type":"ListItem","position":3,"name":"Auk\u0161\u010diausios kokyb\u0117s Omega-7"}]},{"@type":"WebSite","@id":"https:\/\/test.puhdasplus.ee\/lt\/#website","url":"https:\/\/test.puhdasplus.ee\/lt\/","name":"Puhdas+","description":"Vitamiinid, Toidulisandid, looduskosmeetika, tervis, sport","publisher":{"@id":"https:\/\/test.puhdasplus.ee\/lt\/#organization"},"potentialAction":[{"@type":"SearchAction","target":{"@type":"EntryPoint","urlTemplate":"https:\/\/test.puhdasplus.ee\/lt\/?s={search_term_string}"},"query-input":{"@type":"PropertyValueSpecification","valueRequired":true,"valueName":"search_term_string"}}],"inLanguage":"lt-LT"},{"@type":"Organization","@id":"https:\/\/test.puhdasplus.ee\/lt\/#organization","name":"Puhdas+","alternateName":"Puhdasplus","url":"https:\/\/test.puhdasplus.ee\/lt\/","logo":{"@type":"ImageObject","inLanguage":"lt-LT","@id":"https:\/\/test.puhdasplus.ee\/lt\/#\/schema\/logo\/image\/","url":"https:\/\/test.puhdasplus.ee\/\/wp-content\/uploads\/2019\/10\/puhdas_logo-arvele.png","contentUrl":"https:\/\/test.puhdasplus.ee\/\/wp-content\/uploads\/2019\/10\/puhdas_logo-arvele.png","width":114,"height":94,"caption":"Puhdas+"},"image":{"@id":"https:\/\/test.puhdasplus.ee\/lt\/#\/schema\/logo\/image\/"},"sameAs":["https:\/\/www.facebook.com\/puhdasplus","https:\/\/www.instagram.com\/puhdasplus_ee\/"]}]}},"_links":{"self":[{"href":"https:\/\/test.puhdasplus.ee\/lt\/wp-json\/wp\/v2\/product\/34762","targetHints":{"allow":["GET"]}}],"collection":[{"href":"https:\/\/test.puhdasplus.ee\/lt\/wp-json\/wp\/v2\/product"}],"about":[{"href":"https:\/\/test.puhdasplus.ee\/lt\/wp-json\/wp\/v2\/types\/product"}],"replies":[{"embeddable":true,"href":"https:\/\/test.puhdasplus.ee\/lt\/wp-json\/wp\/v2\/comments?post=34762"}],"wp:featuredmedia":[{"embeddable":true,"href":"https:\/\/test.puhdasplus.ee\/lt\/wp-json\/wp\/v2\/media\/32260"}],"wp:attachment":[{"href":"https:\/\/test.puhdasplus.ee\/lt\/wp-json\/wp\/v2\/media?parent=34762"}],"wp:term":[{"taxonomy":"product_brand","embeddable":true,"href":"https:\/\/test.puhdasplus.ee\/lt\/wp-json\/wp\/v2\/product_brand?post=34762"},{"taxonomy":"product_cat","embeddable":true,"href":"https:\/\/test.puhdasplus.ee\/lt\/wp-json\/wp\/v2\/product_cat?post=34762"},{"taxonomy":"product_tag","embeddable":true,"href":"https:\/\/test.puhdasplus.ee\/lt\/wp-json\/wp\/v2\/product_tag?post=34762"}],"curies":[{"name":"wp","href":"https:\/\/api.w.org\/{rel}","templated":true}]}}