{"id":34743,"date":"2021-11-04T11:00:53","date_gmt":"2021-11-04T09:00:53","guid":{"rendered":"https:\/\/test.puhdasplus.ee\/\/tooted\/be-kategorijos\/paciuliu-eterinis-aliejus-10-ml\/"},"modified":"2026-03-10T14:37:52","modified_gmt":"2026-03-10T12:37:52","slug":"paciuliu-eterinis-aliejus-10-ml","status":"publish","type":"product","link":"https:\/\/test.puhdasplus.ee\/lt\/tooted\/eteriniai-aliejai\/paciuliu-eterinis-aliejus-10-ml\/","title":{"rendered":"Pa\u010diuli\u0173 eterinis aliejus 10 ml"},"content":{"rendered":"<h3>Nat\u016bralus raminamasis ir nuotaik\u0105 balansuojantis vaistas<\/h3>\n<p>Pa\u010diuli\u0173 eterinis aliejus yra 100 % grynas nat\u016bralus aliejus, i\u0161gaunamas i\u0161 pa\u010diuli\u0173 augalo (Pogostemon cablin) lap\u0173. Jo gilus, \u017eemi\u0161kas aromatas padeda nuraminti poj\u016b\u010dius, suma\u017einti stres\u0105 ir sukurti atpalaiduojan\u010di\u0105 atmosfer\u0105. <\/p>\n<p data-start=\"502\" data-end=\"973\">Pa\u010diuli\u0173 eterinis aliejus i\u0161gaunamas i\u0161 kruop\u0161\u010diai atrinkt\u0173 pa\u010diuli\u0173 augalo lap\u0173, u\u017etikrinant auk\u0161t\u0105 kokyb\u0119 ir veiksmingum\u0105. Gilus, \u017eemi\u0161kas \u0161io aliejaus kvapas padeda nuraminti poj\u016b\u010dius, suma\u017einti nerim\u0105 ir sukurti atpalaiduojan\u010di\u0105 atmosfer\u0105. Pa\u010diuli\u0173 eterinis aliejus yra \u017einomas d\u0117l savo raminam\u0173j\u0173 ir emocin\u012f balans\u0105 palaikan\u010di\u0173j\u0173 savybi\u0173, kurios prisideda prie bendros savijautos. Aliej\u0173 galima naudoti aromatin\u0117se lempose, difuzoriuose, pirtyje arba praskiest\u0105 kaip masa\u017eo aliej\u0173.   <\/p>\n<p data-start=\"975\" data-end=\"996\"><strong data-start=\"975\" data-end=\"996\">Pagrindiniai privalumai:<\/strong><\/p>\n<ul data-start=\"997\" data-end=\"1530\">\n<li data-start=\"997\" data-end=\"1103\"><strong data-start=\"999\" data-end=\"1029\">Nuotaikos balansavimas:<\/strong> Gilus aromatas padeda suma\u017einti stres\u0105 ir nerim\u0105, skatina atsipalaidavim\u0105.<\/li>\n<li data-start=\"1104\" data-end=\"1231\"><strong data-start=\"1106\" data-end=\"1139\">Odos problem\u0173 palengvinimas:<\/strong> Tinka naudoti spuog\u0173, egzemos ir sausos odos prie\u017ei\u016brai, padeda pagerinti odos b\u016bkl\u0119.<\/li>\n<li data-start=\"1232\" data-end=\"1333\"><strong data-start=\"1234\" data-end=\"1258\">Vabzd\u017ei\u0173 repelentas:<\/strong> tradici\u0161kai naudojamas vabzd\u017eiams atbaidyti ir audiniams apsaugoti.<\/li>\n<li data-start=\"1334\" data-end=\"1444\"><strong data-start=\"1336\" data-end=\"1360\">Universalus naudojimas:<\/strong> tinka aromaterapijai, masa\u017eui, pir\u010diai ir nam\u0173 oro gaivikliui.<\/li>\n<li data-start=\"1445\" data-end=\"1530\"><strong data-start=\"1447\" data-end=\"1475\">100 % grynas ir nat\u016bralus:<\/strong> Be sintetini\u0173 pried\u0173 ar konservant\u0173.<\/li>\n<\/ul>\n<p data-start=\"1532\" data-end=\"1576\"><strong data-start=\"1532\" data-end=\"1548\">Sud\u0117tis:<\/strong> Pogostemon Cablin Leaf Oil.<\/p>\n<p data-start=\"1578\" data-end=\"1598\"><strong data-start=\"1578\" data-end=\"1598\">Naudojimo instrukcijos:<\/strong><\/p>\n<ul data-start=\"1599\" data-end=\"2126\">\n<li data-start=\"1599\" data-end=\"1724\"><strong data-start=\"1601\" data-end=\"1620\">Aromaterapija:<\/strong> \u012ela\u0161inkite 3\u20137 la\u0161us eterinio aliejaus \u012f aromatin\u0119 lemp\u0105 arba difuzori\u0173, kad kambaryje sukurtum\u0117te malon\u0173 ir raminant\u012f aromat\u0105.<\/li>\n<li data-start=\"1725\" data-end=\"1889\"><strong data-start=\"1727\" data-end=\"1739\">Masa\u017eas:<\/strong> 1\u20132 la\u0161us eterinio aliejaus praskieskite 10 ml bazinio aliejaus (pvz., migdol\u0173 arba simondsij\u0173 aliejaus) ir \u012fmasa\u017euokite \u012f od\u0105, kad atsipalaiduotum\u0117te ir pagerintum\u0117te nuotaik\u0105.<\/li>\n<li data-start=\"1890\" data-end=\"1993\"><strong data-start=\"1892\" data-end=\"1901\">Pirtis:<\/strong> \u012ela\u0161inkite 1\u20133 la\u0161us eterinio aliejaus \u012f garin\u012f vanden\u012f, kad sukurtum\u0117te atpalaiduojan\u010di\u0105 ir pakyl\u0117jan\u010di\u0105 pirties patirt\u012f.<\/li>\n<li data-start=\"1994\" data-end=\"2126\"><strong data-start=\"1996\" data-end=\"2005\">Vonia:<\/strong> sumai\u0161ykite 3\u20135 la\u0161us eterinio aliejaus su medumi arba skystu muilu ir \u012fla\u0161inkite \u012f vonios vanden\u012f, kad m\u0117gautum\u0117t\u0117s atpalaiduojan\u010dia ir raminan\u010dia vonia.<\/li>\n<\/ul>\n<p data-start=\"2128\" data-end=\"2435\"><strong data-start=\"2128\" data-end=\"2146\">Saugos instrukcijos:<\/strong> Tik i\u0161oriniam naudojimui. Netepkite neskiesto aliejaus tiesiai ant odos. Venkite patekimo \u012f akis ir ant gleivini\u0173.   Laikyti vaikams nepasiekiamoje vietoje. N\u0117\u0161\u010dios moterys, maitinan\u010dios motinos, vaikai, pagyven\u0119 \u017emon\u0117s ir \u017emon\u0117s, sergantys l\u0117tin\u0117mis ligomis, prie\u0161 vartojim\u0105 tur\u0117t\u0173 pasitarti su sveikatos prie\u017ei\u016bros specialistu.<\/p>\n","protected":false},"excerpt":{"rendered":"<p class=\"product_title entry-title\">Pa\u010diuli\u0173 aliejus \u201ePogostemon\u201c 100 %. \u0160is aliejus yra nat\u016bralus, 100 % grynas eterinis aliejus: tai raminantis, jausmingas, egzoti\u0161kas, lengvas romanti\u0161kas aromatas. Pa\u010diuli\u0173 eterinis aliejus yra \u017einomas d\u0117l savo raminan\u010dio ir raminan\u010dio poveikio. Raminantis pa\u010diuli\u0173 aliejaus kvapas mal\u0161ina stres\u0105, nerim\u0105 ir depresij\u0105 bei yra veiksminga priemon\u0117 atsipalaidavimo jausmui pasiekti. 100 % grynas pa\u010diuli\u0173 eterinis aliejus, pasi\u017eymintis giliu ir \u017eemi\u0161ku aromatu, yra universalus panaudojimo b\u016bdas aromaterapijoje, masa\u017ee ir nam\u0173 aplinkoje.   <\/p>\n","protected":false},"featured_media":34747,"comment_status":"closed","ping_status":"closed","template":"","meta":{"_acf_changed":false},"product_brand":[],"product_cat":[2752],"product_tag":[2754,2577,5805,2755,5806,5807,2753],"class_list":{"0":"post-34743","1":"product","2":"type-product","3":"status-publish","4":"has-post-thumbnail","6":"product_cat-eteriniai-aliejai","7":"product_tag-aromaterapija","8":"product_tag-grynas-grozis","9":"product_tag-mados-balansas","10":"product_tag-naturalus-oro-gaiviklis","11":"product_tag-odos-prieziura-lt-2","12":"product_tag-paciuliu-eterinis-aliejus","13":"product_tag-streso-mazinimas","15":"first","16":"onbackorder","17":"taxable","18":"shipping-taxable","19":"purchasable","20":"product-type-simple"},"acf":[],"yoast_head":"<!-- This site is optimized with the Yoast SEO plugin v27.1.1 - https:\/\/yoast.com\/product\/yoast-seo-wordpress\/ -->\n<title>Pa\u010diuli\u0173 eterinis aliejus 10 ml - Puhdas+<\/title>\n<meta name=\"description\" content=\"Pa\u010diuli\u0173 eterinis aliejus (10 ml) yra 100 % grynas nat\u016bralus aliejus, kur\u012f galima naudoti \u012fvairiai aromaterapijoje, masa\u017ee ir nam\u0173 aplinkoje.\" \/>\n<meta name=\"robots\" content=\"noindex, follow, max-snippet:-1, max-image-preview:large, max-video-preview:-1\" \/>\n<meta property=\"og:locale\" content=\"lt_LT\" \/>\n<meta property=\"og:type\" content=\"article\" \/>\n<meta property=\"og:title\" content=\"Pa\u010diuli\u0173 eterinis aliejus 10 ml - Puhdas+\" \/>\n<meta property=\"og:description\" content=\"Pa\u010diuli\u0173 eterinis aliejus (10 ml) yra 100 % grynas nat\u016bralus aliejus, kur\u012f galima naudoti \u012fvairiai aromaterapijoje, masa\u017ee ir nam\u0173 aplinkoje.\" \/>\n<meta property=\"og:url\" content=\"https:\/\/test.puhdasplus.ee\/lt\/tooted\/eteriniai-aliejai\/paciuliu-eterinis-aliejus-10-ml\/\" \/>\n<meta property=\"og:site_name\" content=\"Puhdas+\" \/>\n<meta property=\"article:publisher\" content=\"https:\/\/www.facebook.com\/puhdasplus\" \/>\n<meta property=\"article:modified_time\" content=\"2026-03-10T12:37:52+00:00\" \/>\n<meta property=\"og:image\" content=\"https:\/\/test.puhdasplus.ee\/wp-content\/uploads\/2021\/11\/226.jpg\" \/>\n\t<meta property=\"og:image:width\" content=\"1862\" \/>\n\t<meta property=\"og:image:height\" content=\"2560\" \/>\n\t<meta property=\"og:image:type\" content=\"image\/jpeg\" \/>\n<meta name=\"twitter:card\" content=\"summary_large_image\" \/>\n<meta name=\"twitter:label1\" content=\"Est. reading time\" \/>\n\t<meta name=\"twitter:data1\" content=\"2 minut\u0117\" \/>\n<script type=\"application\/ld+json\" class=\"yoast-schema-graph\">{\"@context\":\"https:\/\/schema.org\",\"@graph\":[{\"@type\":\"WebPage\",\"@id\":\"https:\/\/test.puhdasplus.ee\/lt\/tooted\/eteriniai-aliejai\/paciuliu-eterinis-aliejus-10-ml\/\",\"url\":\"https:\/\/test.puhdasplus.ee\/lt\/tooted\/eteriniai-aliejai\/paciuliu-eterinis-aliejus-10-ml\/\",\"name\":\"Pa\u010diuli\u0173 eterinis aliejus 10 ml - Puhdas+\",\"isPartOf\":{\"@id\":\"https:\/\/test.puhdasplus.ee\/lt\/#website\"},\"primaryImageOfPage\":{\"@id\":\"https:\/\/test.puhdasplus.ee\/lt\/tooted\/eteriniai-aliejai\/paciuliu-eterinis-aliejus-10-ml\/#primaryimage\"},\"image\":{\"@id\":\"https:\/\/test.puhdasplus.ee\/lt\/tooted\/eteriniai-aliejai\/paciuliu-eterinis-aliejus-10-ml\/#primaryimage\"},\"thumbnailUrl\":\"https:\/\/test.puhdasplus.ee\/wp-content\/uploads\/2021\/11\/226.jpg\",\"datePublished\":\"2021-11-04T09:00:53+00:00\",\"dateModified\":\"2026-03-10T12:37:52+00:00\",\"description\":\"Pa\u010diuli\u0173 eterinis aliejus (10 ml) yra 100 % grynas nat\u016bralus aliejus, kur\u012f galima naudoti \u012fvairiai aromaterapijoje, masa\u017ee ir nam\u0173 aplinkoje.\",\"breadcrumb\":{\"@id\":\"https:\/\/test.puhdasplus.ee\/lt\/tooted\/eteriniai-aliejai\/paciuliu-eterinis-aliejus-10-ml\/#breadcrumb\"},\"inLanguage\":\"lt-LT\",\"potentialAction\":[{\"@type\":\"ReadAction\",\"target\":[\"https:\/\/test.puhdasplus.ee\/lt\/tooted\/eteriniai-aliejai\/paciuliu-eterinis-aliejus-10-ml\/\"]}]},{\"@type\":\"ImageObject\",\"inLanguage\":\"lt-LT\",\"@id\":\"https:\/\/test.puhdasplus.ee\/lt\/tooted\/eteriniai-aliejai\/paciuliu-eterinis-aliejus-10-ml\/#primaryimage\",\"url\":\"https:\/\/test.puhdasplus.ee\/wp-content\/uploads\/2021\/11\/226.jpg\",\"contentUrl\":\"https:\/\/test.puhdasplus.ee\/wp-content\/uploads\/2021\/11\/226.jpg\",\"width\":1862,\"height\":2560,\"caption\":\"Pa\u010diuli\u0173 eterinis aliejus 10 ml\"},{\"@type\":\"BreadcrumbList\",\"@id\":\"https:\/\/test.puhdasplus.ee\/lt\/tooted\/eteriniai-aliejai\/paciuliu-eterinis-aliejus-10-ml\/#breadcrumb\",\"itemListElement\":[{\"@type\":\"ListItem\",\"position\":1,\"name\":\"Prad\u017eia\",\"item\":\"https:\/\/test.puhdasplus.ee\/lt\/\"},{\"@type\":\"ListItem\",\"position\":2,\"name\":\"Produktai\",\"item\":\"https:\/\/test.puhdasplus.ee\/lt\/parduotuve\/\"},{\"@type\":\"ListItem\",\"position\":3,\"name\":\"Pa\u010diuli\u0173 eterinis aliejus 10 ml\"}]},{\"@type\":\"WebSite\",\"@id\":\"https:\/\/test.puhdasplus.ee\/lt\/#website\",\"url\":\"https:\/\/test.puhdasplus.ee\/lt\/\",\"name\":\"Puhdas+\",\"description\":\"Vitamiinid, Toidulisandid, looduskosmeetika, tervis, sport\",\"publisher\":{\"@id\":\"https:\/\/test.puhdasplus.ee\/lt\/#organization\"},\"potentialAction\":[{\"@type\":\"SearchAction\",\"target\":{\"@type\":\"EntryPoint\",\"urlTemplate\":\"https:\/\/test.puhdasplus.ee\/lt\/?s={search_term_string}\"},\"query-input\":{\"@type\":\"PropertyValueSpecification\",\"valueRequired\":true,\"valueName\":\"search_term_string\"}}],\"inLanguage\":\"lt-LT\"},{\"@type\":\"Organization\",\"@id\":\"https:\/\/test.puhdasplus.ee\/lt\/#organization\",\"name\":\"Puhdas+\",\"alternateName\":\"Puhdasplus\",\"url\":\"https:\/\/test.puhdasplus.ee\/lt\/\",\"logo\":{\"@type\":\"ImageObject\",\"inLanguage\":\"lt-LT\",\"@id\":\"https:\/\/test.puhdasplus.ee\/lt\/#\/schema\/logo\/image\/\",\"url\":\"https:\/\/test.puhdasplus.ee\/\/wp-content\/uploads\/2019\/10\/puhdas_logo-arvele.png\",\"contentUrl\":\"https:\/\/test.puhdasplus.ee\/\/wp-content\/uploads\/2019\/10\/puhdas_logo-arvele.png\",\"width\":114,\"height\":94,\"caption\":\"Puhdas+\"},\"image\":{\"@id\":\"https:\/\/test.puhdasplus.ee\/lt\/#\/schema\/logo\/image\/\"},\"sameAs\":[\"https:\/\/www.facebook.com\/puhdasplus\",\"https:\/\/www.instagram.com\/puhdasplus_ee\/\"]}]}<\/script>\n<!-- \/ Yoast SEO plugin. -->","yoast_head_json":{"title":"Pa\u010diuli\u0173 eterinis aliejus 10 ml - Puhdas+","description":"Pa\u010diuli\u0173 eterinis aliejus (10 ml) yra 100 % grynas nat\u016bralus aliejus, kur\u012f galima naudoti \u012fvairiai aromaterapijoje, masa\u017ee ir nam\u0173 aplinkoje.","robots":{"index":"noindex","follow":"follow","max-snippet":"max-snippet:-1","max-image-preview":"max-image-preview:large","max-video-preview":"max-video-preview:-1"},"og_locale":"lt_LT","og_type":"article","og_title":"Pa\u010diuli\u0173 eterinis aliejus 10 ml - Puhdas+","og_description":"Pa\u010diuli\u0173 eterinis aliejus (10 ml) yra 100 % grynas nat\u016bralus aliejus, kur\u012f galima naudoti \u012fvairiai aromaterapijoje, masa\u017ee ir nam\u0173 aplinkoje.","og_url":"https:\/\/test.puhdasplus.ee\/lt\/tooted\/eteriniai-aliejai\/paciuliu-eterinis-aliejus-10-ml\/","og_site_name":"Puhdas+","article_publisher":"https:\/\/www.facebook.com\/puhdasplus","article_modified_time":"2026-03-10T12:37:52+00:00","og_image":[{"width":1862,"height":2560,"url":"https:\/\/test.puhdasplus.ee\/wp-content\/uploads\/2021\/11\/226.jpg","type":"image\/jpeg"}],"twitter_card":"summary_large_image","twitter_misc":{"Est. reading time":"2 minut\u0117"},"schema":{"@context":"https:\/\/schema.org","@graph":[{"@type":"WebPage","@id":"https:\/\/test.puhdasplus.ee\/lt\/tooted\/eteriniai-aliejai\/paciuliu-eterinis-aliejus-10-ml\/","url":"https:\/\/test.puhdasplus.ee\/lt\/tooted\/eteriniai-aliejai\/paciuliu-eterinis-aliejus-10-ml\/","name":"Pa\u010diuli\u0173 eterinis aliejus 10 ml - Puhdas+","isPartOf":{"@id":"https:\/\/test.puhdasplus.ee\/lt\/#website"},"primaryImageOfPage":{"@id":"https:\/\/test.puhdasplus.ee\/lt\/tooted\/eteriniai-aliejai\/paciuliu-eterinis-aliejus-10-ml\/#primaryimage"},"image":{"@id":"https:\/\/test.puhdasplus.ee\/lt\/tooted\/eteriniai-aliejai\/paciuliu-eterinis-aliejus-10-ml\/#primaryimage"},"thumbnailUrl":"https:\/\/test.puhdasplus.ee\/wp-content\/uploads\/2021\/11\/226.jpg","datePublished":"2021-11-04T09:00:53+00:00","dateModified":"2026-03-10T12:37:52+00:00","description":"Pa\u010diuli\u0173 eterinis aliejus (10 ml) yra 100 % grynas nat\u016bralus aliejus, kur\u012f galima naudoti \u012fvairiai aromaterapijoje, masa\u017ee ir nam\u0173 aplinkoje.","breadcrumb":{"@id":"https:\/\/test.puhdasplus.ee\/lt\/tooted\/eteriniai-aliejai\/paciuliu-eterinis-aliejus-10-ml\/#breadcrumb"},"inLanguage":"lt-LT","potentialAction":[{"@type":"ReadAction","target":["https:\/\/test.puhdasplus.ee\/lt\/tooted\/eteriniai-aliejai\/paciuliu-eterinis-aliejus-10-ml\/"]}]},{"@type":"ImageObject","inLanguage":"lt-LT","@id":"https:\/\/test.puhdasplus.ee\/lt\/tooted\/eteriniai-aliejai\/paciuliu-eterinis-aliejus-10-ml\/#primaryimage","url":"https:\/\/test.puhdasplus.ee\/wp-content\/uploads\/2021\/11\/226.jpg","contentUrl":"https:\/\/test.puhdasplus.ee\/wp-content\/uploads\/2021\/11\/226.jpg","width":1862,"height":2560,"caption":"Pa\u010diuli\u0173 eterinis aliejus 10 ml"},{"@type":"BreadcrumbList","@id":"https:\/\/test.puhdasplus.ee\/lt\/tooted\/eteriniai-aliejai\/paciuliu-eterinis-aliejus-10-ml\/#breadcrumb","itemListElement":[{"@type":"ListItem","position":1,"name":"Prad\u017eia","item":"https:\/\/test.puhdasplus.ee\/lt\/"},{"@type":"ListItem","position":2,"name":"Produktai","item":"https:\/\/test.puhdasplus.ee\/lt\/parduotuve\/"},{"@type":"ListItem","position":3,"name":"Pa\u010diuli\u0173 eterinis aliejus 10 ml"}]},{"@type":"WebSite","@id":"https:\/\/test.puhdasplus.ee\/lt\/#website","url":"https:\/\/test.puhdasplus.ee\/lt\/","name":"Puhdas+","description":"Vitamiinid, Toidulisandid, looduskosmeetika, tervis, sport","publisher":{"@id":"https:\/\/test.puhdasplus.ee\/lt\/#organization"},"potentialAction":[{"@type":"SearchAction","target":{"@type":"EntryPoint","urlTemplate":"https:\/\/test.puhdasplus.ee\/lt\/?s={search_term_string}"},"query-input":{"@type":"PropertyValueSpecification","valueRequired":true,"valueName":"search_term_string"}}],"inLanguage":"lt-LT"},{"@type":"Organization","@id":"https:\/\/test.puhdasplus.ee\/lt\/#organization","name":"Puhdas+","alternateName":"Puhdasplus","url":"https:\/\/test.puhdasplus.ee\/lt\/","logo":{"@type":"ImageObject","inLanguage":"lt-LT","@id":"https:\/\/test.puhdasplus.ee\/lt\/#\/schema\/logo\/image\/","url":"https:\/\/test.puhdasplus.ee\/\/wp-content\/uploads\/2019\/10\/puhdas_logo-arvele.png","contentUrl":"https:\/\/test.puhdasplus.ee\/\/wp-content\/uploads\/2019\/10\/puhdas_logo-arvele.png","width":114,"height":94,"caption":"Puhdas+"},"image":{"@id":"https:\/\/test.puhdasplus.ee\/lt\/#\/schema\/logo\/image\/"},"sameAs":["https:\/\/www.facebook.com\/puhdasplus","https:\/\/www.instagram.com\/puhdasplus_ee\/"]}]}},"_links":{"self":[{"href":"https:\/\/test.puhdasplus.ee\/lt\/wp-json\/wp\/v2\/product\/34743","targetHints":{"allow":["GET"]}}],"collection":[{"href":"https:\/\/test.puhdasplus.ee\/lt\/wp-json\/wp\/v2\/product"}],"about":[{"href":"https:\/\/test.puhdasplus.ee\/lt\/wp-json\/wp\/v2\/types\/product"}],"replies":[{"embeddable":true,"href":"https:\/\/test.puhdasplus.ee\/lt\/wp-json\/wp\/v2\/comments?post=34743"}],"wp:featuredmedia":[{"embeddable":true,"href":"https:\/\/test.puhdasplus.ee\/lt\/wp-json\/wp\/v2\/media\/34747"}],"wp:attachment":[{"href":"https:\/\/test.puhdasplus.ee\/lt\/wp-json\/wp\/v2\/media?parent=34743"}],"wp:term":[{"taxonomy":"product_brand","embeddable":true,"href":"https:\/\/test.puhdasplus.ee\/lt\/wp-json\/wp\/v2\/product_brand?post=34743"},{"taxonomy":"product_cat","embeddable":true,"href":"https:\/\/test.puhdasplus.ee\/lt\/wp-json\/wp\/v2\/product_cat?post=34743"},{"taxonomy":"product_tag","embeddable":true,"href":"https:\/\/test.puhdasplus.ee\/lt\/wp-json\/wp\/v2\/product_tag?post=34743"}],"curies":[{"name":"wp","href":"https:\/\/api.w.org\/{rel}","templated":true}]}}