{"id":34734,"date":"2021-11-10T22:39:47","date_gmt":"2021-11-10T20:39:47","guid":{"rendered":"https:\/\/test.puhdasplus.ee\/\/tooted\/be-kategorijos\/5-htp-100-mg-60-kapsuliu\/"},"modified":"2026-03-04T22:03:43","modified_gmt":"2026-03-04T20:03:43","slug":"5-htp-100-mg-60-kapsuliu","status":"publish","type":"product","link":"https:\/\/test.puhdasplus.ee\/lt\/tooted\/stresas-ir-miegas\/5-htp-100-mg-60-kapsuliu\/","title":{"rendered":"5-HTP 100 mg 60 kapsuli\u0173"},"content":{"rendered":"<h2><span class=\"relative -mx-px my-[-0.2rem] rounded px-px py-[0.2rem] transition-colors duration-100 ease-in-out\">Kas yra \u201ePure+ 5-HTP 100 mg\u201c?<\/span><\/h2>\n<p><span class=\"relative -mx-px my-[-0.2rem] rounded px-px py-[0.2rem] transition-colors duration-100 ease-in-out\"> <strong data-start=\"0\" data-end=\"24\" data-is-only-node=\"\">\u201ePuhdas+ 5-HTP 100 mg\u201c<\/strong> yra Suomijoje pagamintas \u017eolinis papildas, kurio sud\u0117tyje yra 5-hidroksitriptofano (5-HTP), nat\u016braliai i\u0161gaunamo i\u0161 Griffonia simplicifolia augalo s\u0117kl\u0173. 5-HTP yra aminor\u016bg\u0161tis, kuri organizme paver\u010diama serotoninu ir melatoninu. Serotoninas ir melatoninas yra vidiniai junginiai, atliekantys svarb\u0173 vaidmen\u012f daugelyje organizmo proces\u0173.  <\/span><\/p>\n<h2 data-start=\"319\" data-end=\"358\">Kod\u0117l \u201ePure+ 5-HTP\u201c gali b\u016bti geras pasirinkimas?<\/h2>\n<p data-start=\"649\" data-end=\"888\">5-HTP kapsul\u0117se yra <strong>tarpinis junginys, susidarantis L-triptofano metabolizmo metu<\/strong> . Organizmas naudoja 5-HTP nat\u016bralioje med\u017eiag\u0173 apykaitos grandin\u0117je sintetindamas junginius, kurie dalyvauja, pavyzd\u017eiui, nerv\u0173 sistemos veikloje ir miego bei pabudimo ritmo reguliavime. <\/p>\n<p data-start=\"890\" data-end=\"1078\">5-HTP, naudojamas kaip maisto papildas, nat\u016braliai gaunamas i\u0161 <strong>Griffonia simplicifolia<\/strong> augalo s\u0117kl\u0173 ekstrakto. Tai augalin\u0117s kilm\u0117s ingredientas, tinkantis veganams ir vegetarams. <\/p>\n<p data-start=\"1080\" data-end=\"1219\">5-HTP kapsul\u0117s gali b\u016bti tinkamas pasirinkimas suaugusiesiems, norintiems papildyti savo kasdien\u0119 mityb\u0105 nat\u016braliai susidaran\u010dia aminor\u016bg\u0161timi.<\/p>\n<h3 data-start=\"237\" data-end=\"253\">Sudedamosios dalys:<\/h3>\n<ul data-start=\"254\" data-end=\"417\">\n<li class=\"\" data-start=\"254\" data-end=\"293\">\n<p class=\"\" data-start=\"256\" data-end=\"293\"><span class=\"relative -mx-px my-[-0.2rem] rounded px-px py-[0.2rem] transition-colors duration-100 ease-in-out\">Griffonia simplicifolia s\u0117kl\u0173 ekstraktas (ekstrahavimo santykis 4:1, 5-HTP kiekis 30 %)<\/span><\/p>\n<\/li>\n<li class=\"\" data-start=\"294\" data-end=\"333\">\n<p class=\"\" data-start=\"296\" data-end=\"333\"><span class=\"relative -mx-px my-[-0.2rem] rounded px-px py-[0.2rem] transition-colors duration-100 ease-in-out\">Kapsul\u0117s apvalkalas: hidroksipropilmetilceliulioz\u0117, gelano derva<\/span><\/p>\n<\/li>\n<li class=\"\" data-start=\"334\" data-end=\"417\">\n<p class=\"\" data-start=\"336\" data-end=\"417\"><span class=\"relative -mx-px my-[-0.2rem] rounded px-px py-[0.2rem] transition-colors duration-100 ease-in-out\">U\u017epildas: mikrokristalin\u0117 celiulioz\u0117<\/span><\/p>\n<\/li>\n<\/ul>\n<p><span class=\"relative -mx-px my-[-0.2rem] rounded px-px py-[0.2rem] transition-colors duration-100 ease-in-out\">Produkte n\u0117ra laktoz\u0117s, glitimo, mieli\u0173, cukraus, druskos, kukur\u016bz\u0173 ar sojos.<\/span> <span class=\"relative -mx-px my-[-0.2rem] rounded px-px py-[0.2rem] transition-colors duration-100 ease-in-out\">Tinka veganams ir vegetarams.<\/span><\/p>\n<h3 data-start=\"419\" data-end=\"464\">Maistin\u0117 vert\u0117 vienoje paros doz\u0117je (1 kapsul\u0117je):<\/h3>\n<ul data-start=\"465\" data-end=\"552\">\n<li class=\"\" data-start=\"465\" data-end=\"552\">\n<p class=\"\" data-start=\"467\" data-end=\"552\"><span class=\"relative -mx-px my-[-0.2rem] rounded px-px py-[0.2rem] transition-colors duration-100 ease-in-out\">5-hidroksitriptofanas (5-HTP) \u2013 100 mg<\/span><\/p>\n<\/li>\n<\/ul>\n<h3 data-start=\"554\" data-end=\"782\">Si\u016blomas naudojimas:<\/h3>\n<p class=\"\" data-start=\"554\" data-end=\"782\"><span class=\"relative -mx-px my-[-0.2rem] rounded px-px py-[0.2rem] transition-colors duration-100 ease-in-out\">Suaugusiesiems: 1 kapsul\u0117 per dien\u0105.<\/span> <span class=\"relative -mx-px my-[-0.2rem] rounded px-px py-[0.2rem] transition-colors duration-100 ease-in-out\">Nevir\u0161ykite rekomenduojamos paros doz\u0117s.<\/span> <span class=\"relative -mx-px my-[-0.2rem] rounded px-px py-[0.2rem] transition-colors duration-100 ease-in-out\">\u0160is maisto papildas nepakei\u010dia \u012fvairios ir subalansuotos mitybos ar sveiko gyvenimo b\u016bdo.<\/span> <span class=\"relative -mx-px my-[-0.2rem] rounded px-px py-[0.2rem] transition-colors duration-100 ease-in-out\">Laikyti vaikams nepasiekiamoje vietoje.<\/span><\/p>\n<h3>Svarbu \u017einoti<\/h3>\n<ul data-start=\"1125\" data-end=\"1317\">\n<li class=\"\" data-start=\"1125\" data-end=\"1217\">\n<p class=\"\" data-start=\"1127\" data-end=\"1217\">Maisto papildas nepakei\u010dia \u012fvairios ir subalansuotos mitybos ar sveiko gyvenimo b\u016bdo.<\/p>\n<\/li>\n<li class=\"\" data-start=\"1218\" data-end=\"1277\">\n<p class=\"\" data-start=\"1220\" data-end=\"1277\">Rekomenduojamos paros doz\u0117s (1 kapsul\u0117s) vir\u0161yti negalima.<\/p>\n<\/li>\n<li class=\"\" data-start=\"1278\" data-end=\"1317\">\n<p class=\"\" data-start=\"1280\" data-end=\"1317\">Laikyti vaikams nepasiekiamoje vietoje.<\/p>\n<\/li>\n<\/ul>\n","protected":false},"excerpt":{"rendered":"<div class=\"adn ads\" data-message-id=\"#msg-a:r-1765066734316227731\" data-legacy-message-id=\"171272f3ad9ad3cf\">\n<div class=\"aju\">\n<p data-start=\"2694\" data-end=\"2929\">Mums visiems retkar\u010diais pasitaiko dien\u0173, kai m\u016bs\u0173 nuotaika svyruoja, susikaupimas ma\u017e\u0117ja arba mums sunku gerai i\u0161simiegoti. Gyvenimo tempas, stresas ir \u012fvairios mitybos stoka gali paveikti organizmo pusiausvyr\u0105 labiau, nei atrodo i\u0161 pirmo \u017evilgsnio. <\/p>\n<p data-start=\"2934\" data-end=\"3069\">\u010cia \u012f pagalb\u0105 ateina Puhdas+ <strong>5-HTP<\/strong> 100 mg \u2013 nat\u016bralios kilm\u0117s maisto papildas, kuriame yra aminor\u016bg\u0161ties, vadinamos 5-hidroksitriptofanu, arba 5-HTP.<\/p>\n<p data-start=\"3074\" data-end=\"3286\"><strong>5-HTP<\/strong> yra L-triptofano metabolitas ir organizme yra serotonino bei melatonino sintez\u0117s tarpinis junginys. Puhdas+ 5-HTP yra gaunamas i\u0161 <strong>Griffonia simplicifolia<\/strong> augalo s\u0117kl\u0173, yra visi\u0161kai augalinis ir tinka veganams. <\/p>\n<p data-start=\"3291\" data-end=\"3557\">Produktas tinka tiems, kurie nori papildyti savo mityb\u0105 nat\u016braliu junginiu, kuris yra organizmo aminor\u016bg\u0161\u010di\u0173 metabolizmo dalis. Kapsul\u0117s forma yra patogi ir tiksliai dozuojama, o produkte n\u0117ra dirbtini\u0173 pried\u0173, laktoz\u0117s, glitimo ar kit\u0173 \u012fprast\u0173 alergen\u0173. <\/p>\n<p data-start=\"3562\" data-end=\"3726\">Jei vertinate paprastus ir grynus ingredientus ir norite nat\u016braliu b\u016bdu palaikyti savo kasdien\u0119 savijaut\u0105, \u201ePure+ 5-HTP\u201c gali b\u016bti pagr\u012fstas ir subalansuotas pasirinkimas.<\/p>\n<\/div>\n<\/div>\n","protected":false},"featured_media":357370,"comment_status":"closed","ping_status":"closed","template":"","meta":{"_acf_changed":false},"product_brand":[],"product_cat":[3049,3013],"product_tag":[5804,5789,5783,5784,5792,5801,5263,5803,5786,5788,3395,4703,5787,3503,5800,3394,5799,3391,5791,5793,3003,5796,5802,5785,2753,5794,3393],"class_list":{"0":"post-34734","1":"product","2":"type-product","3":"status-publish","4":"has-post-thumbnail","6":"product_cat-specialus-pasiulymai","7":"product_cat-stresas-ir-miegas","8":"product_tag-5-htp-lt-2","9":"product_tag-5-hidroksitriptofanas","10":"product_tag-5-htp-lt","11":"product_tag-5-htp-papildas","12":"product_tag-depresijos-palengvinimas","13":"product_tag-didejantis-serotonino-kiekis","14":"product_tag-gerinant-miego-kokybe","15":"product_tag-gerinant-psichine-savijauta","16":"product_tag-griffonia-simplicifolia-ekstraktas","17":"product_tag-griffonia-simplicifolia-seklu-ekstraktas","18":"product_tag-hidroksipropilmetilceliulioze","19":"product_tag-melatoninas","20":"product_tag-melatonino-pirmtakas","21":"product_tag-miegas-ir-stresas","22":"product_tag-miego-sutrikimu-palengvinimas","23":"product_tag-mikrokristaline-celiulioze","24":"product_tag-naturalus-nuotaikos-palaikymas","25":"product_tag-naturalus-papildai","26":"product_tag-nerimo-mazinimas","27":"product_tag-nuo-nemigos","28":"product_tag-nuotaikos-pagerejimas","29":"product_tag-palaikant-emocine-pusiausvyra","30":"product_tag-palaiko-melatonino-gamyba","31":"product_tag-serotonino-palaikymas","32":"product_tag-streso-mazinimas","33":"product_tag-streso-valdymas","34":"product_tag-veganiski-papildai","36":"first","37":"instock","38":"sale","39":"featured","40":"taxable","41":"shipping-taxable","42":"purchasable","43":"product-type-simple"},"acf":[],"yoast_head":"<!-- This site is optimized with the Yoast SEO plugin v27.1.1 - https:\/\/yoast.com\/product\/yoast-seo-wordpress\/ -->\n<title>5-HTP 100 mg \u2013 60 kapsuli\u0173 | Stresas ir miegas | Puhdas+<\/title>\n<meta name=\"description\" content=\"Puhdas+ 5-HTP 100 mg \u2013 augalinis maisto papildas i\u0161 grifonijos s\u0117kl\u0173. Palaiko ger\u0105 savijaut\u0105, padeda valdyti stres\u0105 ir mieg\u0105. Tinka veganams. 60 kapsuli\u0173.\" \/>\n<meta name=\"robots\" content=\"noindex, follow, max-snippet:-1, max-image-preview:large, max-video-preview:-1\" \/>\n<meta property=\"og:locale\" content=\"lt_LT\" \/>\n<meta property=\"og:type\" content=\"article\" \/>\n<meta property=\"og:title\" content=\"5-HTP 100 mg \u2013 60 kapsuli\u0173 | Stresas ir miegas | Puhdas+\" \/>\n<meta property=\"og:description\" content=\"Puhdas+ 5-HTP 100 mg \u2013 augalinis maisto papildas i\u0161 grifonijos s\u0117kl\u0173. Palaiko ger\u0105 savijaut\u0105, padeda valdyti stres\u0105 ir mieg\u0105. Tinka veganams. 60 kapsuli\u0173.\" \/>\n<meta property=\"og:url\" content=\"https:\/\/test.puhdasplus.ee\/lt\/tooted\/stresas-ir-miegas\/5-htp-100-mg-60-kapsuliu\/\" \/>\n<meta property=\"og:site_name\" content=\"Puhdas+\" \/>\n<meta property=\"article:publisher\" content=\"https:\/\/www.facebook.com\/puhdasplus\" \/>\n<meta property=\"article:modified_time\" content=\"2026-03-04T20:03:43+00:00\" \/>\n<meta property=\"og:image\" content=\"https:\/\/test.puhdasplus.ee\/wp-content\/uploads\/2021\/11\/5-htp-1-scaled.jpg\" \/>\n\t<meta property=\"og:image:width\" content=\"1862\" \/>\n\t<meta property=\"og:image:height\" content=\"2560\" \/>\n\t<meta property=\"og:image:type\" content=\"image\/jpeg\" \/>\n<meta name=\"twitter:card\" content=\"summary_large_image\" \/>\n<meta name=\"twitter:label1\" content=\"Est. reading time\" \/>\n\t<meta name=\"twitter:data1\" content=\"1 minut\u0117\" \/>\n<script type=\"application\/ld+json\" class=\"yoast-schema-graph\">{\"@context\":\"https:\/\/schema.org\",\"@graph\":[{\"@type\":\"WebPage\",\"@id\":\"https:\/\/test.puhdasplus.ee\/lt\/tooted\/stresas-ir-miegas\/5-htp-100-mg-60-kapsuliu\/\",\"url\":\"https:\/\/test.puhdasplus.ee\/lt\/tooted\/stresas-ir-miegas\/5-htp-100-mg-60-kapsuliu\/\",\"name\":\"5-HTP 100 mg \u2013 60 kapsuli\u0173 | Stresas ir miegas | Puhdas+\",\"isPartOf\":{\"@id\":\"https:\/\/test.puhdasplus.ee\/lt\/#website\"},\"primaryImageOfPage\":{\"@id\":\"https:\/\/test.puhdasplus.ee\/lt\/tooted\/stresas-ir-miegas\/5-htp-100-mg-60-kapsuliu\/#primaryimage\"},\"image\":{\"@id\":\"https:\/\/test.puhdasplus.ee\/lt\/tooted\/stresas-ir-miegas\/5-htp-100-mg-60-kapsuliu\/#primaryimage\"},\"thumbnailUrl\":\"https:\/\/test.puhdasplus.ee\/wp-content\/uploads\/2021\/11\/5-htp-1-scaled.jpg\",\"datePublished\":\"2021-11-10T20:39:47+00:00\",\"dateModified\":\"2026-03-04T20:03:43+00:00\",\"description\":\"Puhdas+ 5-HTP 100 mg \u2013 augalinis maisto papildas i\u0161 grifonijos s\u0117kl\u0173. Palaiko ger\u0105 savijaut\u0105, padeda valdyti stres\u0105 ir mieg\u0105. Tinka veganams. 60 kapsuli\u0173.\",\"breadcrumb\":{\"@id\":\"https:\/\/test.puhdasplus.ee\/lt\/tooted\/stresas-ir-miegas\/5-htp-100-mg-60-kapsuliu\/#breadcrumb\"},\"inLanguage\":\"lt-LT\",\"potentialAction\":[{\"@type\":\"ReadAction\",\"target\":[\"https:\/\/test.puhdasplus.ee\/lt\/tooted\/stresas-ir-miegas\/5-htp-100-mg-60-kapsuliu\/\"]}]},{\"@type\":\"ImageObject\",\"inLanguage\":\"lt-LT\",\"@id\":\"https:\/\/test.puhdasplus.ee\/lt\/tooted\/stresas-ir-miegas\/5-htp-100-mg-60-kapsuliu\/#primaryimage\",\"url\":\"https:\/\/test.puhdasplus.ee\/wp-content\/uploads\/2021\/11\/5-htp-1-scaled.jpg\",\"contentUrl\":\"https:\/\/test.puhdasplus.ee\/wp-content\/uploads\/2021\/11\/5-htp-1-scaled.jpg\",\"width\":1862,\"height\":2560,\"caption\":\"5-HTP\"},{\"@type\":\"BreadcrumbList\",\"@id\":\"https:\/\/test.puhdasplus.ee\/lt\/tooted\/stresas-ir-miegas\/5-htp-100-mg-60-kapsuliu\/#breadcrumb\",\"itemListElement\":[{\"@type\":\"ListItem\",\"position\":1,\"name\":\"Prad\u017eia\",\"item\":\"https:\/\/test.puhdasplus.ee\/lt\/\"},{\"@type\":\"ListItem\",\"position\":2,\"name\":\"Produktai\",\"item\":\"https:\/\/test.puhdasplus.ee\/lt\/parduotuve\/\"},{\"@type\":\"ListItem\",\"position\":3,\"name\":\"5-HTP 100 mg 60 kapsuli\u0173\"}]},{\"@type\":\"WebSite\",\"@id\":\"https:\/\/test.puhdasplus.ee\/lt\/#website\",\"url\":\"https:\/\/test.puhdasplus.ee\/lt\/\",\"name\":\"Puhdas+\",\"description\":\"Vitamiinid, Toidulisandid, looduskosmeetika, tervis, sport\",\"publisher\":{\"@id\":\"https:\/\/test.puhdasplus.ee\/lt\/#organization\"},\"potentialAction\":[{\"@type\":\"SearchAction\",\"target\":{\"@type\":\"EntryPoint\",\"urlTemplate\":\"https:\/\/test.puhdasplus.ee\/lt\/?s={search_term_string}\"},\"query-input\":{\"@type\":\"PropertyValueSpecification\",\"valueRequired\":true,\"valueName\":\"search_term_string\"}}],\"inLanguage\":\"lt-LT\"},{\"@type\":\"Organization\",\"@id\":\"https:\/\/test.puhdasplus.ee\/lt\/#organization\",\"name\":\"Puhdas+\",\"alternateName\":\"Puhdasplus\",\"url\":\"https:\/\/test.puhdasplus.ee\/lt\/\",\"logo\":{\"@type\":\"ImageObject\",\"inLanguage\":\"lt-LT\",\"@id\":\"https:\/\/test.puhdasplus.ee\/lt\/#\/schema\/logo\/image\/\",\"url\":\"https:\/\/test.puhdasplus.ee\/\/wp-content\/uploads\/2019\/10\/puhdas_logo-arvele.png\",\"contentUrl\":\"https:\/\/test.puhdasplus.ee\/\/wp-content\/uploads\/2019\/10\/puhdas_logo-arvele.png\",\"width\":114,\"height\":94,\"caption\":\"Puhdas+\"},\"image\":{\"@id\":\"https:\/\/test.puhdasplus.ee\/lt\/#\/schema\/logo\/image\/\"},\"sameAs\":[\"https:\/\/www.facebook.com\/puhdasplus\",\"https:\/\/www.instagram.com\/puhdasplus_ee\/\"]}]}<\/script>\n<!-- \/ Yoast SEO plugin. -->","yoast_head_json":{"title":"5-HTP 100 mg \u2013 60 kapsuli\u0173 | Stresas ir miegas | Puhdas+","description":"Puhdas+ 5-HTP 100 mg \u2013 augalinis maisto papildas i\u0161 grifonijos s\u0117kl\u0173. Palaiko ger\u0105 savijaut\u0105, padeda valdyti stres\u0105 ir mieg\u0105. Tinka veganams. 60 kapsuli\u0173.","robots":{"index":"noindex","follow":"follow","max-snippet":"max-snippet:-1","max-image-preview":"max-image-preview:large","max-video-preview":"max-video-preview:-1"},"og_locale":"lt_LT","og_type":"article","og_title":"5-HTP 100 mg \u2013 60 kapsuli\u0173 | Stresas ir miegas | Puhdas+","og_description":"Puhdas+ 5-HTP 100 mg \u2013 augalinis maisto papildas i\u0161 grifonijos s\u0117kl\u0173. Palaiko ger\u0105 savijaut\u0105, padeda valdyti stres\u0105 ir mieg\u0105. Tinka veganams. 60 kapsuli\u0173.","og_url":"https:\/\/test.puhdasplus.ee\/lt\/tooted\/stresas-ir-miegas\/5-htp-100-mg-60-kapsuliu\/","og_site_name":"Puhdas+","article_publisher":"https:\/\/www.facebook.com\/puhdasplus","article_modified_time":"2026-03-04T20:03:43+00:00","og_image":[{"width":1862,"height":2560,"url":"https:\/\/test.puhdasplus.ee\/wp-content\/uploads\/2021\/11\/5-htp-1-scaled.jpg","type":"image\/jpeg"}],"twitter_card":"summary_large_image","twitter_misc":{"Est. reading time":"1 minut\u0117"},"schema":{"@context":"https:\/\/schema.org","@graph":[{"@type":"WebPage","@id":"https:\/\/test.puhdasplus.ee\/lt\/tooted\/stresas-ir-miegas\/5-htp-100-mg-60-kapsuliu\/","url":"https:\/\/test.puhdasplus.ee\/lt\/tooted\/stresas-ir-miegas\/5-htp-100-mg-60-kapsuliu\/","name":"5-HTP 100 mg \u2013 60 kapsuli\u0173 | Stresas ir miegas | Puhdas+","isPartOf":{"@id":"https:\/\/test.puhdasplus.ee\/lt\/#website"},"primaryImageOfPage":{"@id":"https:\/\/test.puhdasplus.ee\/lt\/tooted\/stresas-ir-miegas\/5-htp-100-mg-60-kapsuliu\/#primaryimage"},"image":{"@id":"https:\/\/test.puhdasplus.ee\/lt\/tooted\/stresas-ir-miegas\/5-htp-100-mg-60-kapsuliu\/#primaryimage"},"thumbnailUrl":"https:\/\/test.puhdasplus.ee\/wp-content\/uploads\/2021\/11\/5-htp-1-scaled.jpg","datePublished":"2021-11-10T20:39:47+00:00","dateModified":"2026-03-04T20:03:43+00:00","description":"Puhdas+ 5-HTP 100 mg \u2013 augalinis maisto papildas i\u0161 grifonijos s\u0117kl\u0173. Palaiko ger\u0105 savijaut\u0105, padeda valdyti stres\u0105 ir mieg\u0105. Tinka veganams. 60 kapsuli\u0173.","breadcrumb":{"@id":"https:\/\/test.puhdasplus.ee\/lt\/tooted\/stresas-ir-miegas\/5-htp-100-mg-60-kapsuliu\/#breadcrumb"},"inLanguage":"lt-LT","potentialAction":[{"@type":"ReadAction","target":["https:\/\/test.puhdasplus.ee\/lt\/tooted\/stresas-ir-miegas\/5-htp-100-mg-60-kapsuliu\/"]}]},{"@type":"ImageObject","inLanguage":"lt-LT","@id":"https:\/\/test.puhdasplus.ee\/lt\/tooted\/stresas-ir-miegas\/5-htp-100-mg-60-kapsuliu\/#primaryimage","url":"https:\/\/test.puhdasplus.ee\/wp-content\/uploads\/2021\/11\/5-htp-1-scaled.jpg","contentUrl":"https:\/\/test.puhdasplus.ee\/wp-content\/uploads\/2021\/11\/5-htp-1-scaled.jpg","width":1862,"height":2560,"caption":"5-HTP"},{"@type":"BreadcrumbList","@id":"https:\/\/test.puhdasplus.ee\/lt\/tooted\/stresas-ir-miegas\/5-htp-100-mg-60-kapsuliu\/#breadcrumb","itemListElement":[{"@type":"ListItem","position":1,"name":"Prad\u017eia","item":"https:\/\/test.puhdasplus.ee\/lt\/"},{"@type":"ListItem","position":2,"name":"Produktai","item":"https:\/\/test.puhdasplus.ee\/lt\/parduotuve\/"},{"@type":"ListItem","position":3,"name":"5-HTP 100 mg 60 kapsuli\u0173"}]},{"@type":"WebSite","@id":"https:\/\/test.puhdasplus.ee\/lt\/#website","url":"https:\/\/test.puhdasplus.ee\/lt\/","name":"Puhdas+","description":"Vitamiinid, Toidulisandid, looduskosmeetika, tervis, sport","publisher":{"@id":"https:\/\/test.puhdasplus.ee\/lt\/#organization"},"potentialAction":[{"@type":"SearchAction","target":{"@type":"EntryPoint","urlTemplate":"https:\/\/test.puhdasplus.ee\/lt\/?s={search_term_string}"},"query-input":{"@type":"PropertyValueSpecification","valueRequired":true,"valueName":"search_term_string"}}],"inLanguage":"lt-LT"},{"@type":"Organization","@id":"https:\/\/test.puhdasplus.ee\/lt\/#organization","name":"Puhdas+","alternateName":"Puhdasplus","url":"https:\/\/test.puhdasplus.ee\/lt\/","logo":{"@type":"ImageObject","inLanguage":"lt-LT","@id":"https:\/\/test.puhdasplus.ee\/lt\/#\/schema\/logo\/image\/","url":"https:\/\/test.puhdasplus.ee\/\/wp-content\/uploads\/2019\/10\/puhdas_logo-arvele.png","contentUrl":"https:\/\/test.puhdasplus.ee\/\/wp-content\/uploads\/2019\/10\/puhdas_logo-arvele.png","width":114,"height":94,"caption":"Puhdas+"},"image":{"@id":"https:\/\/test.puhdasplus.ee\/lt\/#\/schema\/logo\/image\/"},"sameAs":["https:\/\/www.facebook.com\/puhdasplus","https:\/\/www.instagram.com\/puhdasplus_ee\/"]}]}},"_links":{"self":[{"href":"https:\/\/test.puhdasplus.ee\/lt\/wp-json\/wp\/v2\/product\/34734","targetHints":{"allow":["GET"]}}],"collection":[{"href":"https:\/\/test.puhdasplus.ee\/lt\/wp-json\/wp\/v2\/product"}],"about":[{"href":"https:\/\/test.puhdasplus.ee\/lt\/wp-json\/wp\/v2\/types\/product"}],"replies":[{"embeddable":true,"href":"https:\/\/test.puhdasplus.ee\/lt\/wp-json\/wp\/v2\/comments?post=34734"}],"wp:featuredmedia":[{"embeddable":true,"href":"https:\/\/test.puhdasplus.ee\/lt\/wp-json\/wp\/v2\/media\/357370"}],"wp:attachment":[{"href":"https:\/\/test.puhdasplus.ee\/lt\/wp-json\/wp\/v2\/media?parent=34734"}],"wp:term":[{"taxonomy":"product_brand","embeddable":true,"href":"https:\/\/test.puhdasplus.ee\/lt\/wp-json\/wp\/v2\/product_brand?post=34734"},{"taxonomy":"product_cat","embeddable":true,"href":"https:\/\/test.puhdasplus.ee\/lt\/wp-json\/wp\/v2\/product_cat?post=34734"},{"taxonomy":"product_tag","embeddable":true,"href":"https:\/\/test.puhdasplus.ee\/lt\/wp-json\/wp\/v2\/product_tag?post=34734"}],"curies":[{"name":"wp","href":"https:\/\/api.w.org\/{rel}","templated":true}]}}