{"id":34714,"date":"2021-10-05T18:03:08","date_gmt":"2021-10-05T15:03:08","guid":{"rendered":"https:\/\/test.puhdasplus.ee\/\/tooted\/be-kategorijos\/pusu-eterinis-aliejus-10-ml\/"},"modified":"2026-03-10T14:21:20","modified_gmt":"2026-03-10T12:21:20","slug":"pusu-eterinis-aliejus-10-ml","status":"publish","type":"product","link":"https:\/\/test.puhdasplus.ee\/lt\/tooted\/eteriniai-aliejai\/pusu-eterinis-aliejus-10-ml\/","title":{"rendered":"Pu\u0161\u0173 eterinis aliejus 10 ml"},"content":{"rendered":"<h3>Nat\u016bralus gaivumas ir energija<\/h3>\n<h3>Pu\u0161\u0173 eterinis aliejus yra 100 % grynas nat\u016bralus aliejus, gaunamas i\u0161 paprastosios pu\u0161ies (Pinus sylvestris) spygli\u0173.<\/h3>\n<p>Jis turi gaiv\u0173 ir mi\u0161ko aromat\u0105, kuris padeda atverti kv\u0117pavimo takus, gerina koncentracij\u0105 ir suteikia energijos.<\/p>\n<p data-start=\"486\" data-end=\"960\">Pu\u0161\u0173 eterinis aliejus i\u0161gaunamas i\u0161 kruop\u0161\u010diai atrinkt\u0173 paprast\u0173j\u0173 pu\u0161\u0173 spygli\u0173, u\u017etikrinant auk\u0161t\u0105 kokyb\u0119 ir veiksmingum\u0105. Gaivus, medienos kvapas padeda atverti kv\u0117pavimo takus, pagerinti susikaupim\u0105 ir suteikti energijos. Pu\u0161\u0173 eterinis aliejus yra \u017einomas d\u0117l savo antibakterini\u0173 ir antiseptini\u0173 savybi\u0173, padedan\u010di\u0173 i\u0161valyti or\u0105 ir palaikyti bendr\u0105 savijaut\u0105. Aliej\u0173 galima naudoti aromatin\u0117se lempose, difuzoriuose, pirtyje arba praskiest\u0105 kaip masa\u017eo aliej\u0173.   <\/p>\n<p data-start=\"962\" data-end=\"983\"><strong data-start=\"962\" data-end=\"983\">Pagrindiniai privalumai:<\/strong><\/p>\n<ul data-start=\"984\" data-end=\"1491\">\n<li data-start=\"984\" data-end=\"1089\"><strong data-start=\"986\" data-end=\"1012\">Atveria kv\u0117pavimo takus:<\/strong> gaivus aromatas padeda palengvinti kv\u0117pavimo tak\u0173 ligas ir palengvina kv\u0117pavim\u0105.<\/li>\n<li data-start=\"1090\" data-end=\"1197\"><strong data-start=\"1092\" data-end=\"1125\">Gerina koncentracij\u0105:<\/strong> stimuliuojantis kvapas padeda padidinti protin\u012f ai\u0161kum\u0105 ir susikaupim\u0105.<\/li>\n<li data-start=\"1198\" data-end=\"1294\"><strong data-start=\"1200\" data-end=\"1231\">Antibakterin\u0117s savyb\u0117s:<\/strong> padeda i\u0161valyti or\u0105 ir suma\u017einti aplinkoje esan\u010di\u0173 mikrob\u0173 skai\u010di\u0173.<\/li>\n<li data-start=\"1295\" data-end=\"1405\"><strong data-start=\"1297\" data-end=\"1321\">Universalus naudojimas:<\/strong> tinka aromaterapijai, pir\u010diai, nam\u0173 oro gaivikliui ir masa\u017eui.<\/li>\n<li data-start=\"1406\" data-end=\"1491\"><strong data-start=\"1408\" data-end=\"1436\">100 % grynas ir nat\u016bralus:<\/strong> Be sintetini\u0173 pried\u0173 ar konservant\u0173.<\/li>\n<\/ul>\n<p data-start=\"1493\" data-end=\"1536\"><strong data-start=\"1493\" data-end=\"1509\">Sud\u0117tis:<\/strong> pu\u0161\u0173 (Pinus sylvestris) lap\u0173 aliejus.<\/p>\n<p data-start=\"1538\" data-end=\"1558\"><strong data-start=\"1538\" data-end=\"1558\">Naudojimo instrukcijos:<\/strong><\/p>\n<ul data-start=\"1559\" data-end=\"2226\">\n<li data-start=\"1559\" data-end=\"1668\"><strong data-start=\"1561\" data-end=\"1570\">Pirtis:<\/strong> \u012ela\u0161inkite 1\u20133 la\u0161us eterinio aliejaus \u012f garin\u012f vanden\u012f, kad sukurtum\u0117te gaivinant\u012f ir kv\u0117pavim\u0105 atveriant\u012f pirties poj\u016bt\u012f.<\/li>\n<li data-start=\"1669\" data-end=\"1829\"><strong data-start=\"1671\" data-end=\"1689\">Pur\u0161kimo buteliukas:<\/strong> \u012ela\u0161inkite kelis la\u0161us aliejaus \u012f pur\u0161kimo buteliuk\u0105, pripildyt\u0105 vandens, ir apipurk\u0161kite kambario or\u0105 arba nam\u0173 tekstil\u0119, kad oras b\u016bt\u0173 gaivesnis ir sukurtum\u0117te malon\u0173 aromat\u0105.<\/li>\n<li data-start=\"1830\" data-end=\"1964\"><strong data-start=\"1832\" data-end=\"1841\">Vonia:<\/strong> sumai\u0161ykite 3\u20135 la\u0161us eterinio aliejaus su medumi arba skystu muilu ir \u012fla\u0161inkite \u012f vonios vanden\u012f, kad vonia b\u016bt\u0173 atpalaiduojanti ir gaivinanti.<\/li>\n<li data-start=\"1965\" data-end=\"2094\"><strong data-start=\"1967\" data-end=\"1986\">Aromaterapija:<\/strong> \u012e difuzori\u0173 \u012fla\u0161inkite 3\u20137 la\u0161us eterinio aliejaus, kad kambaryje paskleistum\u0117te malon\u0173 aromat\u0105 ir sukurtum\u0117te raminan\u010di\u0105 atmosfer\u0105.<\/li>\n<li data-start=\"2095\" data-end=\"2226\"><strong data-start=\"2097\" data-end=\"2112\">Aromatin\u0117 lempa:<\/strong> \u012e vandeniu pripildyt\u0105 aromatin\u0119 lemp\u0105 \u012fla\u0161inkite 3\u20137 la\u0161us eterinio aliejaus ir u\u017edekite \u017evak\u0119, kad kambaryje pasklist\u0173 malonus kvapas.<\/li>\n<\/ul>\n<p data-start=\"2228\" data-end=\"2535\"><strong data-start=\"2228\" data-end=\"2246\">Saugos instrukcijos:<\/strong> Tik i\u0161oriniam naudojimui. Netepkite neskiesto aliejaus tiesiai ant odos. Venkite patekimo \u012f akis ir ant gleivini\u0173.   Laikyti vaikams nepasiekiamoje vietoje. N\u0117\u0161\u010dios moterys, maitinan\u010dios motinos, vaikai, pagyven\u0119 \u017emon\u0117s ir \u017emon\u0117s, sergantys l\u0117tin\u0117mis ligomis, prie\u0161 vartojim\u0105 tur\u0117t\u0173 pasitarti su sveikatos prie\u017ei\u016bros specialistu.<\/p>\n","protected":false},"excerpt":{"rendered":"<p>100 % grynas pu\u0161\u0173 eterinis aliejus, pasi\u017eymintis gaiviu mi\u0161ko aromatu ir universaliu panaudojimu aromaterapijoje, pirtyse ir namuose.<\/p>\n","protected":false},"featured_media":34719,"comment_status":"closed","ping_status":"closed","template":"","meta":{"_acf_changed":false},"product_brand":[],"product_cat":[2752,3049],"product_tag":[5758,2754,5755,2757,2755,5754],"class_list":{"0":"post-34714","1":"product","2":"type-product","3":"status-publish","4":"has-post-thumbnail","6":"product_cat-eteriniai-aliejai","7":"product_cat-specialus-pasiulymai","8":"product_tag-antibakterines-savybes","9":"product_tag-aromaterapija","10":"product_tag-atveriant-kvepavimo-takus","11":"product_tag-gerinant-koncentracija","12":"product_tag-naturalus-oro-gaiviklis","13":"product_tag-pusu-eterinis-aliejus","15":"first","16":"instock","17":"sale","18":"taxable","19":"shipping-taxable","20":"purchasable","21":"product-type-simple"},"acf":[],"yoast_head":"<!-- This site is optimized with the Yoast SEO plugin v27.1.1 - https:\/\/yoast.com\/product\/yoast-seo-wordpress\/ -->\n<title>Pu\u0161\u0173 eterinis aliejus 10 ml - Puhdas+<\/title>\n<meta name=\"description\" content=\"Pu\u0161\u0173 eterinis aliejus (10 ml) yra 100 % grynas nat\u016bralus aliejus, kur\u012f galima naudoti \u012fvairiai: aromaterapijoje, pirtyse ir namuose.\" \/>\n<meta name=\"robots\" content=\"noindex, follow, max-snippet:-1, max-image-preview:large, max-video-preview:-1\" \/>\n<meta property=\"og:locale\" content=\"lt_LT\" \/>\n<meta property=\"og:type\" content=\"article\" \/>\n<meta property=\"og:title\" content=\"Pu\u0161\u0173 eterinis aliejus 10 ml - Puhdas+\" \/>\n<meta property=\"og:description\" content=\"Pu\u0161\u0173 eterinis aliejus (10 ml) yra 100 % grynas nat\u016bralus aliejus, kur\u012f galima naudoti \u012fvairiai: aromaterapijoje, pirtyse ir namuose.\" \/>\n<meta property=\"og:url\" content=\"https:\/\/test.puhdasplus.ee\/lt\/tooted\/eteriniai-aliejai\/pusu-eterinis-aliejus-10-ml\/\" \/>\n<meta property=\"og:site_name\" content=\"Puhdas+\" \/>\n<meta property=\"article:publisher\" content=\"https:\/\/www.facebook.com\/puhdasplus\" \/>\n<meta property=\"article:modified_time\" content=\"2026-03-10T12:21:20+00:00\" \/>\n<meta property=\"og:image\" content=\"https:\/\/test.puhdasplus.ee\/wp-content\/uploads\/2021\/10\/Untitled-design-45.jpg\" \/>\n\t<meta property=\"og:image:width\" content=\"1862\" \/>\n\t<meta property=\"og:image:height\" content=\"2560\" \/>\n\t<meta property=\"og:image:type\" content=\"image\/jpeg\" \/>\n<meta name=\"twitter:card\" content=\"summary_large_image\" \/>\n<meta name=\"twitter:label1\" content=\"Est. reading time\" \/>\n\t<meta name=\"twitter:data1\" content=\"2 minut\u0117\" \/>\n<script type=\"application\/ld+json\" class=\"yoast-schema-graph\">{\"@context\":\"https:\/\/schema.org\",\"@graph\":[{\"@type\":\"WebPage\",\"@id\":\"https:\/\/test.puhdasplus.ee\/lt\/tooted\/eteriniai-aliejai\/pusu-eterinis-aliejus-10-ml\/\",\"url\":\"https:\/\/test.puhdasplus.ee\/lt\/tooted\/eteriniai-aliejai\/pusu-eterinis-aliejus-10-ml\/\",\"name\":\"Pu\u0161\u0173 eterinis aliejus 10 ml - Puhdas+\",\"isPartOf\":{\"@id\":\"https:\/\/test.puhdasplus.ee\/lt\/#website\"},\"primaryImageOfPage\":{\"@id\":\"https:\/\/test.puhdasplus.ee\/lt\/tooted\/eteriniai-aliejai\/pusu-eterinis-aliejus-10-ml\/#primaryimage\"},\"image\":{\"@id\":\"https:\/\/test.puhdasplus.ee\/lt\/tooted\/eteriniai-aliejai\/pusu-eterinis-aliejus-10-ml\/#primaryimage\"},\"thumbnailUrl\":\"https:\/\/test.puhdasplus.ee\/wp-content\/uploads\/2021\/10\/Untitled-design-45.jpg\",\"datePublished\":\"2021-10-05T15:03:08+00:00\",\"dateModified\":\"2026-03-10T12:21:20+00:00\",\"description\":\"Pu\u0161\u0173 eterinis aliejus (10 ml) yra 100 % grynas nat\u016bralus aliejus, kur\u012f galima naudoti \u012fvairiai: aromaterapijoje, pirtyse ir namuose.\",\"breadcrumb\":{\"@id\":\"https:\/\/test.puhdasplus.ee\/lt\/tooted\/eteriniai-aliejai\/pusu-eterinis-aliejus-10-ml\/#breadcrumb\"},\"inLanguage\":\"lt-LT\",\"potentialAction\":[{\"@type\":\"ReadAction\",\"target\":[\"https:\/\/test.puhdasplus.ee\/lt\/tooted\/eteriniai-aliejai\/pusu-eterinis-aliejus-10-ml\/\"]}]},{\"@type\":\"ImageObject\",\"inLanguage\":\"lt-LT\",\"@id\":\"https:\/\/test.puhdasplus.ee\/lt\/tooted\/eteriniai-aliejai\/pusu-eterinis-aliejus-10-ml\/#primaryimage\",\"url\":\"https:\/\/test.puhdasplus.ee\/wp-content\/uploads\/2021\/10\/Untitled-design-45.jpg\",\"contentUrl\":\"https:\/\/test.puhdasplus.ee\/wp-content\/uploads\/2021\/10\/Untitled-design-45.jpg\",\"width\":1862,\"height\":2560,\"caption\":\"Pu\u0161\u0173 eterinis aliejus 10 ml\"},{\"@type\":\"BreadcrumbList\",\"@id\":\"https:\/\/test.puhdasplus.ee\/lt\/tooted\/eteriniai-aliejai\/pusu-eterinis-aliejus-10-ml\/#breadcrumb\",\"itemListElement\":[{\"@type\":\"ListItem\",\"position\":1,\"name\":\"Prad\u017eia\",\"item\":\"https:\/\/test.puhdasplus.ee\/lt\/\"},{\"@type\":\"ListItem\",\"position\":2,\"name\":\"Produktai\",\"item\":\"https:\/\/test.puhdasplus.ee\/lt\/parduotuve\/\"},{\"@type\":\"ListItem\",\"position\":3,\"name\":\"Pu\u0161\u0173 eterinis aliejus 10 ml\"}]},{\"@type\":\"WebSite\",\"@id\":\"https:\/\/test.puhdasplus.ee\/lt\/#website\",\"url\":\"https:\/\/test.puhdasplus.ee\/lt\/\",\"name\":\"Puhdas+\",\"description\":\"Vitamiinid, Toidulisandid, looduskosmeetika, tervis, sport\",\"publisher\":{\"@id\":\"https:\/\/test.puhdasplus.ee\/lt\/#organization\"},\"potentialAction\":[{\"@type\":\"SearchAction\",\"target\":{\"@type\":\"EntryPoint\",\"urlTemplate\":\"https:\/\/test.puhdasplus.ee\/lt\/?s={search_term_string}\"},\"query-input\":{\"@type\":\"PropertyValueSpecification\",\"valueRequired\":true,\"valueName\":\"search_term_string\"}}],\"inLanguage\":\"lt-LT\"},{\"@type\":\"Organization\",\"@id\":\"https:\/\/test.puhdasplus.ee\/lt\/#organization\",\"name\":\"Puhdas+\",\"alternateName\":\"Puhdasplus\",\"url\":\"https:\/\/test.puhdasplus.ee\/lt\/\",\"logo\":{\"@type\":\"ImageObject\",\"inLanguage\":\"lt-LT\",\"@id\":\"https:\/\/test.puhdasplus.ee\/lt\/#\/schema\/logo\/image\/\",\"url\":\"https:\/\/test.puhdasplus.ee\/\/wp-content\/uploads\/2019\/10\/puhdas_logo-arvele.png\",\"contentUrl\":\"https:\/\/test.puhdasplus.ee\/\/wp-content\/uploads\/2019\/10\/puhdas_logo-arvele.png\",\"width\":114,\"height\":94,\"caption\":\"Puhdas+\"},\"image\":{\"@id\":\"https:\/\/test.puhdasplus.ee\/lt\/#\/schema\/logo\/image\/\"},\"sameAs\":[\"https:\/\/www.facebook.com\/puhdasplus\",\"https:\/\/www.instagram.com\/puhdasplus_ee\/\"]}]}<\/script>\n<!-- \/ Yoast SEO plugin. -->","yoast_head_json":{"title":"Pu\u0161\u0173 eterinis aliejus 10 ml - Puhdas+","description":"Pu\u0161\u0173 eterinis aliejus (10 ml) yra 100 % grynas nat\u016bralus aliejus, kur\u012f galima naudoti \u012fvairiai: aromaterapijoje, pirtyse ir namuose.","robots":{"index":"noindex","follow":"follow","max-snippet":"max-snippet:-1","max-image-preview":"max-image-preview:large","max-video-preview":"max-video-preview:-1"},"og_locale":"lt_LT","og_type":"article","og_title":"Pu\u0161\u0173 eterinis aliejus 10 ml - Puhdas+","og_description":"Pu\u0161\u0173 eterinis aliejus (10 ml) yra 100 % grynas nat\u016bralus aliejus, kur\u012f galima naudoti \u012fvairiai: aromaterapijoje, pirtyse ir namuose.","og_url":"https:\/\/test.puhdasplus.ee\/lt\/tooted\/eteriniai-aliejai\/pusu-eterinis-aliejus-10-ml\/","og_site_name":"Puhdas+","article_publisher":"https:\/\/www.facebook.com\/puhdasplus","article_modified_time":"2026-03-10T12:21:20+00:00","og_image":[{"width":1862,"height":2560,"url":"https:\/\/test.puhdasplus.ee\/wp-content\/uploads\/2021\/10\/Untitled-design-45.jpg","type":"image\/jpeg"}],"twitter_card":"summary_large_image","twitter_misc":{"Est. reading time":"2 minut\u0117"},"schema":{"@context":"https:\/\/schema.org","@graph":[{"@type":"WebPage","@id":"https:\/\/test.puhdasplus.ee\/lt\/tooted\/eteriniai-aliejai\/pusu-eterinis-aliejus-10-ml\/","url":"https:\/\/test.puhdasplus.ee\/lt\/tooted\/eteriniai-aliejai\/pusu-eterinis-aliejus-10-ml\/","name":"Pu\u0161\u0173 eterinis aliejus 10 ml - Puhdas+","isPartOf":{"@id":"https:\/\/test.puhdasplus.ee\/lt\/#website"},"primaryImageOfPage":{"@id":"https:\/\/test.puhdasplus.ee\/lt\/tooted\/eteriniai-aliejai\/pusu-eterinis-aliejus-10-ml\/#primaryimage"},"image":{"@id":"https:\/\/test.puhdasplus.ee\/lt\/tooted\/eteriniai-aliejai\/pusu-eterinis-aliejus-10-ml\/#primaryimage"},"thumbnailUrl":"https:\/\/test.puhdasplus.ee\/wp-content\/uploads\/2021\/10\/Untitled-design-45.jpg","datePublished":"2021-10-05T15:03:08+00:00","dateModified":"2026-03-10T12:21:20+00:00","description":"Pu\u0161\u0173 eterinis aliejus (10 ml) yra 100 % grynas nat\u016bralus aliejus, kur\u012f galima naudoti \u012fvairiai: aromaterapijoje, pirtyse ir namuose.","breadcrumb":{"@id":"https:\/\/test.puhdasplus.ee\/lt\/tooted\/eteriniai-aliejai\/pusu-eterinis-aliejus-10-ml\/#breadcrumb"},"inLanguage":"lt-LT","potentialAction":[{"@type":"ReadAction","target":["https:\/\/test.puhdasplus.ee\/lt\/tooted\/eteriniai-aliejai\/pusu-eterinis-aliejus-10-ml\/"]}]},{"@type":"ImageObject","inLanguage":"lt-LT","@id":"https:\/\/test.puhdasplus.ee\/lt\/tooted\/eteriniai-aliejai\/pusu-eterinis-aliejus-10-ml\/#primaryimage","url":"https:\/\/test.puhdasplus.ee\/wp-content\/uploads\/2021\/10\/Untitled-design-45.jpg","contentUrl":"https:\/\/test.puhdasplus.ee\/wp-content\/uploads\/2021\/10\/Untitled-design-45.jpg","width":1862,"height":2560,"caption":"Pu\u0161\u0173 eterinis aliejus 10 ml"},{"@type":"BreadcrumbList","@id":"https:\/\/test.puhdasplus.ee\/lt\/tooted\/eteriniai-aliejai\/pusu-eterinis-aliejus-10-ml\/#breadcrumb","itemListElement":[{"@type":"ListItem","position":1,"name":"Prad\u017eia","item":"https:\/\/test.puhdasplus.ee\/lt\/"},{"@type":"ListItem","position":2,"name":"Produktai","item":"https:\/\/test.puhdasplus.ee\/lt\/parduotuve\/"},{"@type":"ListItem","position":3,"name":"Pu\u0161\u0173 eterinis aliejus 10 ml"}]},{"@type":"WebSite","@id":"https:\/\/test.puhdasplus.ee\/lt\/#website","url":"https:\/\/test.puhdasplus.ee\/lt\/","name":"Puhdas+","description":"Vitamiinid, Toidulisandid, looduskosmeetika, tervis, sport","publisher":{"@id":"https:\/\/test.puhdasplus.ee\/lt\/#organization"},"potentialAction":[{"@type":"SearchAction","target":{"@type":"EntryPoint","urlTemplate":"https:\/\/test.puhdasplus.ee\/lt\/?s={search_term_string}"},"query-input":{"@type":"PropertyValueSpecification","valueRequired":true,"valueName":"search_term_string"}}],"inLanguage":"lt-LT"},{"@type":"Organization","@id":"https:\/\/test.puhdasplus.ee\/lt\/#organization","name":"Puhdas+","alternateName":"Puhdasplus","url":"https:\/\/test.puhdasplus.ee\/lt\/","logo":{"@type":"ImageObject","inLanguage":"lt-LT","@id":"https:\/\/test.puhdasplus.ee\/lt\/#\/schema\/logo\/image\/","url":"https:\/\/test.puhdasplus.ee\/\/wp-content\/uploads\/2019\/10\/puhdas_logo-arvele.png","contentUrl":"https:\/\/test.puhdasplus.ee\/\/wp-content\/uploads\/2019\/10\/puhdas_logo-arvele.png","width":114,"height":94,"caption":"Puhdas+"},"image":{"@id":"https:\/\/test.puhdasplus.ee\/lt\/#\/schema\/logo\/image\/"},"sameAs":["https:\/\/www.facebook.com\/puhdasplus","https:\/\/www.instagram.com\/puhdasplus_ee\/"]}]}},"_links":{"self":[{"href":"https:\/\/test.puhdasplus.ee\/lt\/wp-json\/wp\/v2\/product\/34714","targetHints":{"allow":["GET"]}}],"collection":[{"href":"https:\/\/test.puhdasplus.ee\/lt\/wp-json\/wp\/v2\/product"}],"about":[{"href":"https:\/\/test.puhdasplus.ee\/lt\/wp-json\/wp\/v2\/types\/product"}],"replies":[{"embeddable":true,"href":"https:\/\/test.puhdasplus.ee\/lt\/wp-json\/wp\/v2\/comments?post=34714"}],"wp:featuredmedia":[{"embeddable":true,"href":"https:\/\/test.puhdasplus.ee\/lt\/wp-json\/wp\/v2\/media\/34719"}],"wp:attachment":[{"href":"https:\/\/test.puhdasplus.ee\/lt\/wp-json\/wp\/v2\/media?parent=34714"}],"wp:term":[{"taxonomy":"product_brand","embeddable":true,"href":"https:\/\/test.puhdasplus.ee\/lt\/wp-json\/wp\/v2\/product_brand?post=34714"},{"taxonomy":"product_cat","embeddable":true,"href":"https:\/\/test.puhdasplus.ee\/lt\/wp-json\/wp\/v2\/product_cat?post=34714"},{"taxonomy":"product_tag","embeddable":true,"href":"https:\/\/test.puhdasplus.ee\/lt\/wp-json\/wp\/v2\/product_tag?post=34714"}],"curies":[{"name":"wp","href":"https:\/\/api.w.org\/{rel}","templated":true}]}}