{"id":34673,"date":"2025-04-12T16:29:26","date_gmt":"2025-04-12T13:29:26","guid":{"rendered":"https:\/\/test.puhdasplus.ee\/\/tooted\/be-kategorijos\/vegan-vitaminas-d3-100-%c2%b5g-60-kapsuliu\/"},"modified":"2026-02-22T22:46:23","modified_gmt":"2026-02-22T20:46:23","slug":"vegan-vitaminas-d3-100-%c2%b5g-60-kapsuliu","status":"publish","type":"product","link":"https:\/\/test.puhdasplus.ee\/lt\/tooted\/vitaminai\/vitaminas-d\/vegan-vitaminas-d3-100-%c2%b5g-60-kapsuliu\/","title":{"rendered":"Vegan vitaminas D3 100 \u00b5g 60 kapsuli\u0173"},"content":{"rendered":"<h2 data-start=\"40\" data-end=\"79\">Labai gerai \u012fsisavinamas augalin\u0117s kilm\u0117s vitaminas D3!<\/h2>\n<p class=\"\" data-start=\"81\" data-end=\"410\">\u201ePure+\u201c vitamino D3 papildas sud\u0117tyje turi augalin\u0117s kilm\u0117s vitamino D3, i\u0161gauto i\u0161 dumbli\u0173. Auk\u0161tos kokyb\u0117s vitaminas D3, i\u0161gautas i\u0161 dumbli\u0173, yra nat\u016bralios bioaktyvios formos. Vitaminas D padeda palaikyti normali\u0105 imunin\u0117s sistemos funkcij\u0105 ir normali\u0105 kaul\u0173 bei dant\u0173 b\u016bkl\u0119.   Pagaminta Suomijoje.<\/p>\n<p data-start=\"81\" data-end=\"410\">Unikalus augalin\u0117s kilm\u0117s ir auk\u0161tos kokyb\u0117s vitaminas D3, naudojamas \u201ePure+ Vegan D3\u201c produktuose, yra i\u0161gaunamas i\u0161 dumbli\u0173.<br data-start=\"161\" data-end=\"164\"> Produkto gamyboje nenaudojami jokie nereikalingi priedai, tokie kaip konservantai, da\u017eikliai ar dangos.<\/p>\n<h2 data-start=\"81\" data-end=\"410\">Naudotojo vadovas<\/h2>\n<p data-start=\"81\" data-end=\"410\">Suaugusiesiems, 1 kapsul\u0117 per dien\u0105. Rekomenduojamos paros doz\u0117s vir\u0161yti negalima. Maisto papildas nepakei\u010dia \u012fvairios ir subalansuotos mitybos ar sveiko gyvenimo b\u016bdo. Laikyti vaikams nepasiekiamoje vietoje.   <\/p>\n<h2 data-start=\"81\" data-end=\"410\">Ingredientai<\/h2>\n<p data-start=\"81\" data-end=\"410\">U\u017epildo med\u017eiagos (hidroksipropilmetilceliulioz\u0117, mikrokristalin\u0117 celiulioz\u0117), kapsul\u0117 (stabilizatoriai: hidroksipropilmetilceliulioz\u0117, gelano derva), cholekalciferolio preparatas.<br data-start=\"239\" data-end=\"242\"> Be laktoz\u0117s, mieli\u0173 ar glitimo. Be druskos, sojos ar saldikli\u0173.  Tinka vegetarams. Maisto papildas.<\/p>\n<h2 data-start=\"81\" data-end=\"410\">Maistin\u0117 vert\u0117<\/h2>\n<p data-start=\"81\" data-end=\"410\">1 kapsul\u0117:<br data-start=\"77\" data-end=\"80\"> <strong data-start=\"80\" data-end=\"95\">Vitaminas D3<\/strong> \u2013 100 \u00b5g (*2000 % referencin\u0117s paros normos)<\/p>\n<p class=\"\" data-start=\"39\" data-end=\"78\">*% rekomenduojamos paros normos.<\/p>\n<p class=\"\" data-start=\"80\" data-end=\"133\">Pagaminta Suomijoje. Vitaminas D3 n\u0117ra kil\u0119s i\u0161 Suomijos. <\/p>\n","protected":false},"excerpt":{"rendered":"<p class=\"\" data-start=\"187\" data-end=\"472\">\u201ePure+ Vegan\u201c vitaminas D3 100 \u00b5g yra augalin\u0117s kilm\u0117s, auk\u0161tos kokyb\u0117s maisto papildas, kurio sud\u0117tyje yra vitamino D3, i\u0161gauto i\u0161 dumbli\u0173 (cholekalciferolio). Vitaminas D3 padeda palaikyti normali\u0105 imunin\u0117s sistemos veikl\u0105, normali\u0105 kaul\u0173 ir raumen\u0173 funkcij\u0105 bei normali\u0105 dant\u0173 b\u016bkl\u0119. Produktas taip pat tinka veganams.  <\/p>\n","protected":false},"featured_media":34675,"comment_status":"closed","ping_status":"closed","template":"","meta":{"_acf_changed":false},"product_brand":[],"product_cat":[3174,4532],"product_tag":[2967,4533,4536],"class_list":{"0":"post-34673","1":"product","2":"type-product","3":"status-publish","4":"has-post-thumbnail","6":"product_cat-vitaminai","7":"product_cat-vitaminas-d","8":"product_tag-veganas","9":"product_tag-vitaminas-d3","10":"product_tag-vitamino-d3-papildas","12":"first","13":"instock","14":"taxable","15":"shipping-taxable","16":"purchasable","17":"product-type-simple"},"acf":[],"yoast_head":"<!-- This site is optimized with the Yoast SEO plugin v27.1.1 - https:\/\/yoast.com\/product\/yoast-seo-wordpress\/ -->\n<title>Vegan vitaminas D3 100 \u00b5g 60 kapsuli\u0173 - Puhdas+<\/title>\n<meta name=\"description\" content=\"\u201ePure+ Vegan\u201c vitaminas D3 100 \u00b5g \u2013 augalin\u0117s kilm\u0117s vitamino D\u2083 papildas, i\u0161gaunamas i\u0161 dumbli\u0173. Tinka veganams, sud\u0117tyje n\u0117ra konservant\u0173, laktoz\u0117s ar glitimo.\" \/>\n<meta name=\"robots\" content=\"noindex, follow, max-snippet:-1, max-image-preview:large, max-video-preview:-1\" \/>\n<meta property=\"og:locale\" content=\"lt_LT\" \/>\n<meta property=\"og:type\" content=\"article\" \/>\n<meta property=\"og:title\" content=\"Vegan vitaminas D3 100 \u00b5g 60 kapsuli\u0173 - Puhdas+\" \/>\n<meta property=\"og:description\" content=\"\u201ePure+ Vegan\u201c vitaminas D3 100 \u00b5g \u2013 augalin\u0117s kilm\u0117s vitamino D\u2083 papildas, i\u0161gaunamas i\u0161 dumbli\u0173. Tinka veganams, sud\u0117tyje n\u0117ra konservant\u0173, laktoz\u0117s ar glitimo.\" \/>\n<meta property=\"og:url\" content=\"https:\/\/test.puhdasplus.ee\/lt\/tooted\/vitaminai\/vitaminas-d\/vegan-vitaminas-d3-100-%c2%b5g-60-kapsuliu\/\" \/>\n<meta property=\"og:site_name\" content=\"Puhdas+\" \/>\n<meta property=\"article:publisher\" content=\"https:\/\/www.facebook.com\/puhdasplus\" \/>\n<meta property=\"article:modified_time\" content=\"2026-02-22T20:46:23+00:00\" \/>\n<meta property=\"og:image\" content=\"https:\/\/test.puhdasplus.ee\/wp-content\/uploads\/2025\/04\/Vegan-D3-vitamiin-100-\u00b5g-60-kapslit-scaled.jpg\" \/>\n\t<meta property=\"og:image:width\" content=\"1862\" \/>\n\t<meta property=\"og:image:height\" content=\"2560\" \/>\n\t<meta property=\"og:image:type\" content=\"image\/jpeg\" \/>\n<meta name=\"twitter:card\" content=\"summary_large_image\" \/>\n<meta name=\"twitter:label1\" content=\"Est. reading time\" \/>\n\t<meta name=\"twitter:data1\" content=\"1 minut\u0117\" \/>\n<script type=\"application\/ld+json\" class=\"yoast-schema-graph\">{\"@context\":\"https:\/\/schema.org\",\"@graph\":[{\"@type\":\"WebPage\",\"@id\":\"https:\/\/test.puhdasplus.ee\/lt\/tooted\/vitaminai\/vitaminas-d\/vegan-vitaminas-d3-100-%c2%b5g-60-kapsuliu\/\",\"url\":\"https:\/\/test.puhdasplus.ee\/lt\/tooted\/vitaminai\/vitaminas-d\/vegan-vitaminas-d3-100-%c2%b5g-60-kapsuliu\/\",\"name\":\"Vegan vitaminas D3 100 \u00b5g 60 kapsuli\u0173 - Puhdas+\",\"isPartOf\":{\"@id\":\"https:\/\/test.puhdasplus.ee\/lt\/#website\"},\"primaryImageOfPage\":{\"@id\":\"https:\/\/test.puhdasplus.ee\/lt\/tooted\/vitaminai\/vitaminas-d\/vegan-vitaminas-d3-100-%c2%b5g-60-kapsuliu\/#primaryimage\"},\"image\":{\"@id\":\"https:\/\/test.puhdasplus.ee\/lt\/tooted\/vitaminai\/vitaminas-d\/vegan-vitaminas-d3-100-%c2%b5g-60-kapsuliu\/#primaryimage\"},\"thumbnailUrl\":\"https:\/\/test.puhdasplus.ee\/wp-content\/uploads\/2025\/04\/Vegan-D3-vitamiin-100-\u00b5g-60-kapslit-scaled.jpg\",\"datePublished\":\"2025-04-12T13:29:26+00:00\",\"dateModified\":\"2026-02-22T20:46:23+00:00\",\"description\":\"\u201ePure+ Vegan\u201c vitaminas D3 100 \u00b5g \u2013 augalin\u0117s kilm\u0117s vitamino D\u2083 papildas, i\u0161gaunamas i\u0161 dumbli\u0173. Tinka veganams, sud\u0117tyje n\u0117ra konservant\u0173, laktoz\u0117s ar glitimo.\",\"breadcrumb\":{\"@id\":\"https:\/\/test.puhdasplus.ee\/lt\/tooted\/vitaminai\/vitaminas-d\/vegan-vitaminas-d3-100-%c2%b5g-60-kapsuliu\/#breadcrumb\"},\"inLanguage\":\"lt-LT\",\"potentialAction\":[{\"@type\":\"ReadAction\",\"target\":[\"https:\/\/test.puhdasplus.ee\/lt\/tooted\/vitaminai\/vitaminas-d\/vegan-vitaminas-d3-100-%c2%b5g-60-kapsuliu\/\"]}]},{\"@type\":\"ImageObject\",\"inLanguage\":\"lt-LT\",\"@id\":\"https:\/\/test.puhdasplus.ee\/lt\/tooted\/vitaminai\/vitaminas-d\/vegan-vitaminas-d3-100-%c2%b5g-60-kapsuliu\/#primaryimage\",\"url\":\"https:\/\/test.puhdasplus.ee\/wp-content\/uploads\/2025\/04\/Vegan-D3-vitamiin-100-\u00b5g-60-kapslit-scaled.jpg\",\"contentUrl\":\"https:\/\/test.puhdasplus.ee\/wp-content\/uploads\/2025\/04\/Vegan-D3-vitamiin-100-\u00b5g-60-kapslit-scaled.jpg\",\"width\":1862,\"height\":2560,\"caption\":\"Vegan vitaminas D3 100 \u00b5g 60 kapsuli\u0173\"},{\"@type\":\"BreadcrumbList\",\"@id\":\"https:\/\/test.puhdasplus.ee\/lt\/tooted\/vitaminai\/vitaminas-d\/vegan-vitaminas-d3-100-%c2%b5g-60-kapsuliu\/#breadcrumb\",\"itemListElement\":[{\"@type\":\"ListItem\",\"position\":1,\"name\":\"Prad\u017eia\",\"item\":\"https:\/\/test.puhdasplus.ee\/lt\/\"},{\"@type\":\"ListItem\",\"position\":2,\"name\":\"Produktai\",\"item\":\"https:\/\/test.puhdasplus.ee\/lt\/parduotuve\/\"},{\"@type\":\"ListItem\",\"position\":3,\"name\":\"Vegan vitaminas D3 100 \u00b5g 60 kapsuli\u0173\"}]},{\"@type\":\"WebSite\",\"@id\":\"https:\/\/test.puhdasplus.ee\/lt\/#website\",\"url\":\"https:\/\/test.puhdasplus.ee\/lt\/\",\"name\":\"Puhdas+\",\"description\":\"Vitamiinid, Toidulisandid, looduskosmeetika, tervis, sport\",\"publisher\":{\"@id\":\"https:\/\/test.puhdasplus.ee\/lt\/#organization\"},\"potentialAction\":[{\"@type\":\"SearchAction\",\"target\":{\"@type\":\"EntryPoint\",\"urlTemplate\":\"https:\/\/test.puhdasplus.ee\/lt\/?s={search_term_string}\"},\"query-input\":{\"@type\":\"PropertyValueSpecification\",\"valueRequired\":true,\"valueName\":\"search_term_string\"}}],\"inLanguage\":\"lt-LT\"},{\"@type\":\"Organization\",\"@id\":\"https:\/\/test.puhdasplus.ee\/lt\/#organization\",\"name\":\"Puhdas+\",\"alternateName\":\"Puhdasplus\",\"url\":\"https:\/\/test.puhdasplus.ee\/lt\/\",\"logo\":{\"@type\":\"ImageObject\",\"inLanguage\":\"lt-LT\",\"@id\":\"https:\/\/test.puhdasplus.ee\/lt\/#\/schema\/logo\/image\/\",\"url\":\"https:\/\/test.puhdasplus.ee\/\/wp-content\/uploads\/2019\/10\/puhdas_logo-arvele.png\",\"contentUrl\":\"https:\/\/test.puhdasplus.ee\/\/wp-content\/uploads\/2019\/10\/puhdas_logo-arvele.png\",\"width\":114,\"height\":94,\"caption\":\"Puhdas+\"},\"image\":{\"@id\":\"https:\/\/test.puhdasplus.ee\/lt\/#\/schema\/logo\/image\/\"},\"sameAs\":[\"https:\/\/www.facebook.com\/puhdasplus\",\"https:\/\/www.instagram.com\/puhdasplus_ee\/\"]}]}<\/script>\n<!-- \/ Yoast SEO plugin. -->","yoast_head_json":{"title":"Vegan vitaminas D3 100 \u00b5g 60 kapsuli\u0173 - Puhdas+","description":"\u201ePure+ Vegan\u201c vitaminas D3 100 \u00b5g \u2013 augalin\u0117s kilm\u0117s vitamino D\u2083 papildas, i\u0161gaunamas i\u0161 dumbli\u0173. Tinka veganams, sud\u0117tyje n\u0117ra konservant\u0173, laktoz\u0117s ar glitimo.","robots":{"index":"noindex","follow":"follow","max-snippet":"max-snippet:-1","max-image-preview":"max-image-preview:large","max-video-preview":"max-video-preview:-1"},"og_locale":"lt_LT","og_type":"article","og_title":"Vegan vitaminas D3 100 \u00b5g 60 kapsuli\u0173 - Puhdas+","og_description":"\u201ePure+ Vegan\u201c vitaminas D3 100 \u00b5g \u2013 augalin\u0117s kilm\u0117s vitamino D\u2083 papildas, i\u0161gaunamas i\u0161 dumbli\u0173. Tinka veganams, sud\u0117tyje n\u0117ra konservant\u0173, laktoz\u0117s ar glitimo.","og_url":"https:\/\/test.puhdasplus.ee\/lt\/tooted\/vitaminai\/vitaminas-d\/vegan-vitaminas-d3-100-%c2%b5g-60-kapsuliu\/","og_site_name":"Puhdas+","article_publisher":"https:\/\/www.facebook.com\/puhdasplus","article_modified_time":"2026-02-22T20:46:23+00:00","og_image":[{"width":1862,"height":2560,"url":"https:\/\/test.puhdasplus.ee\/wp-content\/uploads\/2025\/04\/Vegan-D3-vitamiin-100-\u00b5g-60-kapslit-scaled.jpg","type":"image\/jpeg"}],"twitter_card":"summary_large_image","twitter_misc":{"Est. reading time":"1 minut\u0117"},"schema":{"@context":"https:\/\/schema.org","@graph":[{"@type":"WebPage","@id":"https:\/\/test.puhdasplus.ee\/lt\/tooted\/vitaminai\/vitaminas-d\/vegan-vitaminas-d3-100-%c2%b5g-60-kapsuliu\/","url":"https:\/\/test.puhdasplus.ee\/lt\/tooted\/vitaminai\/vitaminas-d\/vegan-vitaminas-d3-100-%c2%b5g-60-kapsuliu\/","name":"Vegan vitaminas D3 100 \u00b5g 60 kapsuli\u0173 - Puhdas+","isPartOf":{"@id":"https:\/\/test.puhdasplus.ee\/lt\/#website"},"primaryImageOfPage":{"@id":"https:\/\/test.puhdasplus.ee\/lt\/tooted\/vitaminai\/vitaminas-d\/vegan-vitaminas-d3-100-%c2%b5g-60-kapsuliu\/#primaryimage"},"image":{"@id":"https:\/\/test.puhdasplus.ee\/lt\/tooted\/vitaminai\/vitaminas-d\/vegan-vitaminas-d3-100-%c2%b5g-60-kapsuliu\/#primaryimage"},"thumbnailUrl":"https:\/\/test.puhdasplus.ee\/wp-content\/uploads\/2025\/04\/Vegan-D3-vitamiin-100-\u00b5g-60-kapslit-scaled.jpg","datePublished":"2025-04-12T13:29:26+00:00","dateModified":"2026-02-22T20:46:23+00:00","description":"\u201ePure+ Vegan\u201c vitaminas D3 100 \u00b5g \u2013 augalin\u0117s kilm\u0117s vitamino D\u2083 papildas, i\u0161gaunamas i\u0161 dumbli\u0173. Tinka veganams, sud\u0117tyje n\u0117ra konservant\u0173, laktoz\u0117s ar glitimo.","breadcrumb":{"@id":"https:\/\/test.puhdasplus.ee\/lt\/tooted\/vitaminai\/vitaminas-d\/vegan-vitaminas-d3-100-%c2%b5g-60-kapsuliu\/#breadcrumb"},"inLanguage":"lt-LT","potentialAction":[{"@type":"ReadAction","target":["https:\/\/test.puhdasplus.ee\/lt\/tooted\/vitaminai\/vitaminas-d\/vegan-vitaminas-d3-100-%c2%b5g-60-kapsuliu\/"]}]},{"@type":"ImageObject","inLanguage":"lt-LT","@id":"https:\/\/test.puhdasplus.ee\/lt\/tooted\/vitaminai\/vitaminas-d\/vegan-vitaminas-d3-100-%c2%b5g-60-kapsuliu\/#primaryimage","url":"https:\/\/test.puhdasplus.ee\/wp-content\/uploads\/2025\/04\/Vegan-D3-vitamiin-100-\u00b5g-60-kapslit-scaled.jpg","contentUrl":"https:\/\/test.puhdasplus.ee\/wp-content\/uploads\/2025\/04\/Vegan-D3-vitamiin-100-\u00b5g-60-kapslit-scaled.jpg","width":1862,"height":2560,"caption":"Vegan vitaminas D3 100 \u00b5g 60 kapsuli\u0173"},{"@type":"BreadcrumbList","@id":"https:\/\/test.puhdasplus.ee\/lt\/tooted\/vitaminai\/vitaminas-d\/vegan-vitaminas-d3-100-%c2%b5g-60-kapsuliu\/#breadcrumb","itemListElement":[{"@type":"ListItem","position":1,"name":"Prad\u017eia","item":"https:\/\/test.puhdasplus.ee\/lt\/"},{"@type":"ListItem","position":2,"name":"Produktai","item":"https:\/\/test.puhdasplus.ee\/lt\/parduotuve\/"},{"@type":"ListItem","position":3,"name":"Vegan vitaminas D3 100 \u00b5g 60 kapsuli\u0173"}]},{"@type":"WebSite","@id":"https:\/\/test.puhdasplus.ee\/lt\/#website","url":"https:\/\/test.puhdasplus.ee\/lt\/","name":"Puhdas+","description":"Vitamiinid, Toidulisandid, looduskosmeetika, tervis, sport","publisher":{"@id":"https:\/\/test.puhdasplus.ee\/lt\/#organization"},"potentialAction":[{"@type":"SearchAction","target":{"@type":"EntryPoint","urlTemplate":"https:\/\/test.puhdasplus.ee\/lt\/?s={search_term_string}"},"query-input":{"@type":"PropertyValueSpecification","valueRequired":true,"valueName":"search_term_string"}}],"inLanguage":"lt-LT"},{"@type":"Organization","@id":"https:\/\/test.puhdasplus.ee\/lt\/#organization","name":"Puhdas+","alternateName":"Puhdasplus","url":"https:\/\/test.puhdasplus.ee\/lt\/","logo":{"@type":"ImageObject","inLanguage":"lt-LT","@id":"https:\/\/test.puhdasplus.ee\/lt\/#\/schema\/logo\/image\/","url":"https:\/\/test.puhdasplus.ee\/\/wp-content\/uploads\/2019\/10\/puhdas_logo-arvele.png","contentUrl":"https:\/\/test.puhdasplus.ee\/\/wp-content\/uploads\/2019\/10\/puhdas_logo-arvele.png","width":114,"height":94,"caption":"Puhdas+"},"image":{"@id":"https:\/\/test.puhdasplus.ee\/lt\/#\/schema\/logo\/image\/"},"sameAs":["https:\/\/www.facebook.com\/puhdasplus","https:\/\/www.instagram.com\/puhdasplus_ee\/"]}]}},"_links":{"self":[{"href":"https:\/\/test.puhdasplus.ee\/lt\/wp-json\/wp\/v2\/product\/34673","targetHints":{"allow":["GET"]}}],"collection":[{"href":"https:\/\/test.puhdasplus.ee\/lt\/wp-json\/wp\/v2\/product"}],"about":[{"href":"https:\/\/test.puhdasplus.ee\/lt\/wp-json\/wp\/v2\/types\/product"}],"replies":[{"embeddable":true,"href":"https:\/\/test.puhdasplus.ee\/lt\/wp-json\/wp\/v2\/comments?post=34673"}],"wp:featuredmedia":[{"embeddable":true,"href":"https:\/\/test.puhdasplus.ee\/lt\/wp-json\/wp\/v2\/media\/34675"}],"wp:attachment":[{"href":"https:\/\/test.puhdasplus.ee\/lt\/wp-json\/wp\/v2\/media?parent=34673"}],"wp:term":[{"taxonomy":"product_brand","embeddable":true,"href":"https:\/\/test.puhdasplus.ee\/lt\/wp-json\/wp\/v2\/product_brand?post=34673"},{"taxonomy":"product_cat","embeddable":true,"href":"https:\/\/test.puhdasplus.ee\/lt\/wp-json\/wp\/v2\/product_cat?post=34673"},{"taxonomy":"product_tag","embeddable":true,"href":"https:\/\/test.puhdasplus.ee\/lt\/wp-json\/wp\/v2\/product_tag?post=34673"}],"curies":[{"name":"wp","href":"https:\/\/api.w.org\/{rel}","templated":true}]}}