{"id":34665,"date":"2025-05-21T15:51:27","date_gmt":"2025-05-21T12:51:27","guid":{"rendered":"https:\/\/test.puhdasplus.ee\/\/tooted\/be-kategorijos\/nuo-zilu-plauku-60-kapsuliu\/"},"modified":"2026-03-06T07:44:23","modified_gmt":"2026-03-06T05:44:23","slug":"nuo-zilu-plauku-60-kapsuliu","status":"publish","type":"product","link":"https:\/\/test.puhdasplus.ee\/lt\/tooted\/oda-plaukai-nagai\/nuo-zilu-plauku-60-kapsuliu\/","title":{"rendered":"Nat\u016bralios plauk\u0173 spalvos palaikymo kapsul\u0117s, 60 vnt."},"content":{"rendered":"<h2 class=\"\" data-start=\"152\" data-end=\"235\">\u201ePuhdas+ Anti Gray Hair\u201c \u2013 nat\u016brali priemon\u0117 plauk\u0173 pigmentacijai palaikyti<\/h2>\n<p class=\"\" data-start=\"237\" data-end=\"330\">Maisto papildas, padedantis sul\u0117tinti plauk\u0173 \u017eilim\u0105 ir palaikantis nat\u016brali\u0105 plauk\u0173 sveikat\u0105.<\/p>\n<h2 data-start=\"337\" data-end=\"377\">Veiksminga formul\u0117 nuo \u017eil\u0173 plauk\u0173<\/h2>\n<p class=\"\" data-start=\"379\" data-end=\"633\">\u201ePuhdas+\u201c kapsul\u0117s nuo \u017eil\u0173 plauk\u0173 yra skirtos \u017emon\u0117ms, norintiems palaikyti nat\u016brali\u0105 plauk\u0173 spalv\u0105 ir bendr\u0105 b\u016bkl\u0119. Produkto sud\u0117tyje yra mokslu pagr\u012fst\u0173 ingredient\u0173, kurie padeda palaikyti nat\u016brali\u0105 plauk\u0173 pigmentacij\u0105 ir palaiko normal\u0173 plauk\u0173 augim\u0105. <\/p>\n<h2 data-start=\"379\" data-end=\"633\">Kas yra <span class=\"relative -mx-px my-[-0.2rem] rounded px-px py-[0.2rem] transition-colors duration-100 ease-in-out\">\u201ePure+ Anti Gray Hair\u201c?<\/span><\/h2>\n<p data-start=\"379\" data-end=\"633\"> <span class=\"relative -mx-px my-[-0.2rem] rounded px-px py-[0.2rem] transition-colors duration-100 ease-in-out\">\u201ePuhdas+ Anti Gray Hair\u201c yra Suomijoje pagamintas maisto papildas,<\/span> skirtas palaikyti nat\u016brali\u0105 plauk\u0173 pigmentacij\u0105 ir stiprinti plauk\u0173 sveikat\u0105.<\/p>\n<p data-start=\"379\" data-end=\"633\"> <span class=\"relative -mx-px my-[-0.2rem] rounded px-px py-[0.2rem] transition-colors duration-100 ease-in-out\">Produkto sud\u0117tyje yra kruop\u0161\u010diai atrinkt\u0173 vitamin\u0173, mineral\u0173 ir \u017eoleli\u0173 ekstrakt\u0173, kurie palaiko plauk\u0173 sveikat\u0105 i\u0161 vidaus.<\/span><\/p>\n<h2 data-start=\"105\" data-end=\"152\">Kod\u0117l naudingas \u201eClean+ Anti Gray Hair\u201c?<\/h2>\n<p class=\"\" data-start=\"154\" data-end=\"522\">\u201ePuhdas+ Anti Gray Hair\u201c sukurtas palaikyti nat\u016brali\u0105 plauk\u0173 spalv\u0105 ir bendr\u0105 sveikat\u0105 i\u0161 vidaus. Sen\u0117jimas, stresas, mitybos tr\u016bkumai ir genetika gali sukelti prie\u0161laikin\u012f plauk\u0173 \u017eilim\u0105. \u0160io maisto papildo sudedamosios dalys, tokios kaip varis, biotinas, cinkas ir silicis, padeda apsaugoti plaukus nuo \u0161i\u0173 poky\u010di\u0173 ir i\u0161laikyti nat\u016brali\u0105 j\u0173 pigmentacij\u0105.  <\/p>\n<p class=\"\" data-start=\"524\" data-end=\"700\">Be to, vitaminas B12, folio r\u016bg\u0161tis ir L-cisteinas palaiko l\u0105steli\u0173 atsinaujinim\u0105 ir normal\u0173 plauk\u0173 folikul\u0173 funkcionavim\u0105, o biotinas ir cinkas prisideda prie normalaus plauk\u0173 augimo ir stiprumo.<\/p>\n<p class=\"\" data-start=\"702\" data-end=\"859\">Produktas tinka naudoti \u012fvairaus am\u017eiaus suaugusiesiems, norintiems palaikyti plauk\u0173 sveikat\u0105, u\u017ekirsti keli\u0105 \u017eilimui ir nat\u016braliai sustiprinti plaukus.<\/p>\n<h2 data-start=\"702\" data-end=\"859\">Nat\u016brali nat\u016bralios plauk\u0173 spalvos palaikymas<\/h2>\n<p data-start=\"702\" data-end=\"859\">Produkte yra vario, kuris padeda palaikyti normali\u0105 pigmentacij\u0105, arba melanino kiek\u012f, plaukuose \u2013 tai pagrindinis veiksnys, padedantis i\u0161laikyti nat\u016brali\u0105 plauk\u0173 spalv\u0105.<\/p>\n<h2>Plauk\u0173 stiprinimas i\u0161 vidaus<\/h2>\n<p>Biotinas, cinkas ir L-cisteinas palaiko keratino, plauk\u0173 strukt\u016bros pagrindo, gamyb\u0105. Reguliarus naudojimas padeda suma\u017einti plauk\u0173 trapum\u0105, l\u016b\u017ein\u0117jim\u0105 ir sausum\u0105. <\/p>\n<h2>Galvos odos ir plauk\u0173 folikul\u0173 palaikymas<\/h2>\n<p>Vitaminas B12 ir folio r\u016bg\u0161tis prisideda prie l\u0105steli\u0173 atsinaujinimo ir normalios kraujotakos galvos odoje, sudarydami palankias s\u0105lygas nauj\u0173 ir sveik\u0173 plauk\u0173 augimui.<\/p>\n<h2>Silicio ir o\u017erag\u0117s ekstraktas \u2013 nat\u016bralus stiprumas<\/h2>\n<p>Silicis ir \u017eolinis o\u017erag\u0117s ekstraktas tradici\u0161kai buvo naudojami plaukams ir nagams stiprinti bei odos elastingumui palaikyti.<\/p>\n<h2 data-start=\"640\" data-end=\"688\">Pagrindiniai ingredientai ir j\u0173 nauda<\/h2>\n<ul data-start=\"690\" data-end=\"1235\">\n<li class=\"\" data-start=\"690\" data-end=\"782\">\n<p class=\"\" data-start=\"692\" data-end=\"782\"><strong data-start=\"692\" data-end=\"700\">Varis<\/strong> \u2013 padeda palaikyti normali\u0105 plauk\u0173 pigmentacij\u0105, skatindamas melanino gamyb\u0105.<\/p>\n<\/li>\n<li class=\"\" data-start=\"783\" data-end=\"870\">\n<p class=\"\" data-start=\"785\" data-end=\"870\"><strong data-start=\"785\" data-end=\"805\">Biotinas ir cinkas<\/strong> \u2013 padeda palaikyti normali\u0105 plauk\u0173, odos ir nag\u0173 b\u016bkl\u0119.<\/p>\n<\/li>\n<li class=\"\" data-start=\"871\" data-end=\"1000\">\n<p class=\"\" data-start=\"873\" data-end=\"1000\"><strong data-start=\"873\" data-end=\"901\">Vitaminas B12 ir folio r\u016bg\u0161tis<\/strong> \u2013 palaiko l\u0105steli\u0173 dalijim\u0105si ir energijos gamyb\u0105, o tai taip pat svarbu plauk\u0173 folikul\u0173 funkcionavimui.<\/p>\n<\/li>\n<li class=\"\" data-start=\"1001\" data-end=\"1144\">\n<p class=\"\" data-start=\"1003\" data-end=\"1144\"><strong data-start=\"1003\" data-end=\"1026\">Silicio dioksidas (i\u0161 diatomito)<\/strong> ir <strong data-start=\"1030\" data-end=\"1051\">o\u017erag\u0117s ekstraktas<\/strong> \u2013 nat\u016bral\u016bs ingredientai, stiprinantys plauk\u0173 strukt\u016br\u0105 ir gerinantys galvos odos b\u016bkl\u0119.<\/p>\n<\/li>\n<li class=\"\" data-start=\"1145\" data-end=\"1235\">\n<p class=\"\" data-start=\"1147\" data-end=\"1235\"><strong data-start=\"1147\" data-end=\"1162\">L-cisteinas<\/strong> \u2013 aminor\u016bg\u0161tis, kuri yra keratino (pagrindinio plauk\u0173 strukt\u016brinio baltymo) statybin\u0117 med\u017eiaga.<\/p>\n<\/li>\n<\/ul>\n<h2 data-start=\"583\" data-end=\"606\">Sudedamosios dalys:<\/h2>\n<p class=\"\" data-start=\"607\" data-end=\"939\">Diatomitas (nuos\u0117din\u0117 uoliena, kurioje yra silicio r\u016bg\u0161ties), augalin\u0117 kapsul\u0117 (hidroksipropilmetilceliulioz\u0117, gelano derva), mikrokristalin\u0117 celiulioz\u0117 (u\u017epildas), cinko bisglicinatas, L-cisteinas, dirvinio asi\u016bklio (Equisetum arvense) ekstraktas, vario gliukonatas, metilkobalaminas (vitaminas B12), folio r\u016bg\u0161tis (pterioilmonoglutamino r\u016bg\u0161tis), natrio selenatas, D-biotinas.<\/p>\n<ul>\n<li class=\"\" data-start=\"2150\" data-end=\"2202\">\n<p class=\"\" data-start=\"2152\" data-end=\"2202\"><strong data-start=\"2152\" data-end=\"2200\">Be laktoz\u0117s, glitimo ir cukraus<\/strong><\/p>\n<\/li>\n<li class=\"\" data-start=\"2203\" data-end=\"2274\">\n<p class=\"\" data-start=\"2205\" data-end=\"2274\"><strong data-start=\"2205\" data-end=\"2274\">Be mieli\u0173, sojos, dirbtini\u0173 saldikli\u0173 ar konservant\u0173<\/strong><\/p>\n<\/li>\n<\/ul>\n<h2 data-start=\"946\" data-end=\"1006\">Maistin\u0117 vert\u0117 1 kapsul\u0117je \/ paros doz\u0117je:<\/h2>\n<div class=\"_tableContainer_16hzy_1\">\n<div class=\"_tableWrapper_16hzy_14 group flex w-fit flex-col-reverse\" tabindex=\"-1\">\n<table class=\"w-fit min-w-(--thread-content-width)\" data-start=\"1008\" data-end=\"1646\">\n<thead data-start=\"1008\" data-end=\"1066\">\n<tr data-start=\"1008\" data-end=\"1066\">\n<th data-start=\"1008\" data-end=\"1036\" data-col-size=\"sm\">Veiklioji med\u017eiaga<\/th>\n<th data-start=\"1036\" data-end=\"1050\" data-col-size=\"sm\">Kiekis<\/th>\n<th data-start=\"1050\" data-end=\"1066\" data-col-size=\"sm\">% RMV*<\/th>\n<\/tr>\n<\/thead>\n<tbody data-start=\"1125\" data-end=\"1646\">\n<tr data-start=\"1125\" data-end=\"1182\">\n<td data-start=\"1125\" data-end=\"1152\" data-col-size=\"sm\">Silicio dioksidas (i\u0161 diatomito)<\/td>\n<td data-col-size=\"sm\" data-start=\"1152\" data-end=\"1166\">50 mg<\/td>\n<td data-col-size=\"sm\" data-start=\"1166\" data-end=\"1182\">&#8211;<\/td>\n<\/tr>\n<tr data-start=\"1183\" data-end=\"1240\">\n<td data-start=\"1183\" data-end=\"1210\" data-col-size=\"sm\">Cinkas<\/td>\n<td data-col-size=\"sm\" data-start=\"1210\" data-end=\"1224\">10 mg<\/td>\n<td data-col-size=\"sm\" data-start=\"1224\" data-end=\"1240\">100%<\/td>\n<\/tr>\n<tr data-start=\"1241\" data-end=\"1298\">\n<td data-start=\"1241\" data-end=\"1268\" data-col-size=\"sm\">L-cisteinas<\/td>\n<td data-col-size=\"sm\" data-start=\"1268\" data-end=\"1282\">20 mg<\/td>\n<td data-col-size=\"sm\" data-start=\"1282\" data-end=\"1298\">&#8211;<\/td>\n<\/tr>\n<tr data-start=\"1299\" data-end=\"1356\">\n<td data-start=\"1299\" data-end=\"1326\" data-col-size=\"sm\">Laukini\u0173 medetk\u0173 ekstraktas<\/td>\n<td data-col-size=\"sm\" data-start=\"1326\" data-end=\"1340\">10 mg<\/td>\n<td data-col-size=\"sm\" data-start=\"1340\" data-end=\"1356\">&#8211;<\/td>\n<\/tr>\n<tr data-start=\"1357\" data-end=\"1414\">\n<td data-start=\"1357\" data-end=\"1384\" data-col-size=\"sm\">Varis<\/td>\n<td data-start=\"1384\" data-end=\"1398\" data-col-size=\"sm\">1 mg<\/td>\n<td data-col-size=\"sm\" data-start=\"1398\" data-end=\"1414\">100%<\/td>\n<\/tr>\n<tr data-start=\"1415\" data-end=\"1472\">\n<td data-start=\"1415\" data-end=\"1442\" data-col-size=\"sm\">Vitaminas B12<\/td>\n<td data-col-size=\"sm\" data-start=\"1442\" data-end=\"1456\">2,5 \u00b5g<\/td>\n<td data-col-size=\"sm\" data-start=\"1456\" data-end=\"1472\">100%<\/td>\n<\/tr>\n<tr data-start=\"1473\" data-end=\"1530\">\n<td data-start=\"1473\" data-end=\"1500\" data-col-size=\"sm\">Folio r\u016bg\u0161tis<\/td>\n<td data-start=\"1500\" data-end=\"1514\" data-col-size=\"sm\">200 \u00b5g<\/td>\n<td data-col-size=\"sm\" data-start=\"1514\" data-end=\"1530\">100%<\/td>\n<\/tr>\n<tr data-start=\"1531\" data-end=\"1588\">\n<td data-start=\"1531\" data-end=\"1558\" data-col-size=\"sm\">Selenas<\/td>\n<td data-start=\"1558\" data-end=\"1572\" data-col-size=\"sm\">55 \u00b5g<\/td>\n<td data-col-size=\"sm\" data-start=\"1572\" data-end=\"1588\">100%<\/td>\n<\/tr>\n<tr data-start=\"1589\" data-end=\"1646\">\n<td data-start=\"1589\" data-end=\"1616\" data-col-size=\"sm\">Biotinas<\/td>\n<td data-start=\"1616\" data-end=\"1630\" data-col-size=\"sm\">100 \u00b5g<\/td>\n<td data-start=\"1630\" data-end=\"1646\" data-col-size=\"sm\">200%<\/td>\n<\/tr>\n<\/tbody>\n<\/table>\n<div class=\"sticky end-(--thread-content-margin) h-0 self-end select-none\">\n<div class=\"absolute end-0 flex items-end\"><\/div>\n<\/div>\n<\/div>\n<\/div>\n<p class=\"\" data-start=\"1648\" data-end=\"1693\">*RMV \u2013 referencin\u0117 paros norma suaugusiesiems.<\/p>\n<h2 data-start=\"1700\" data-end=\"1727\">Naudojimo instrukcijos:<\/h2>\n<p class=\"\" data-start=\"1728\" data-end=\"1799\">1 kapsul\u0119 per dien\u0105, u\u017egeriant vandeniu.<br data-start=\"1755\" data-end=\"1758\">Nevir\u0161ykite rekomenduojamos paros doz\u0117s.<\/p>\n<h2 data-start=\"1806\" data-end=\"1827\">\u012esp\u0117jimai:<\/h2>\n<ul data-start=\"1828\" data-end=\"2026\">\n<li class=\"\" data-start=\"1828\" data-end=\"1920\">\n<p class=\"\" data-start=\"1830\" data-end=\"1920\">Maisto papildas nepakei\u010dia subalansuotos ir \u012fvairios mitybos ar sveiko gyvenimo b\u016bdo.<\/p>\n<\/li>\n<li class=\"\" data-start=\"1921\" data-end=\"1962\">\n<p class=\"\" data-start=\"1923\" data-end=\"1962\">Laikyti vaikams nepasiekiamoje vietoje.<\/p>\n<\/li>\n<li class=\"\" data-start=\"1963\" data-end=\"2026\">\n<p class=\"\" data-start=\"1965\" data-end=\"2026\">Nenaudokite, jei esate alergi\u0161kas bet kuriai i\u0161 sudedam\u0173j\u0173 dali\u0173.<\/p>\n<\/li>\n<\/ul>\n<h2 data-start=\"2033\" data-end=\"2056\">Sand\u0117liavimas:<\/h2>\n<p class=\"\" data-start=\"2057\" data-end=\"2119\">Laikyti sausoje ir v\u0117sioje vietoje, toliau nuo tiesiogini\u0173 saul\u0117s spinduli\u0173.<\/p>\n<p>&nbsp;<\/p>\n","protected":false},"excerpt":{"rendered":"<p class=\"p1\">J\u016bs\u0173 plauk\u0173 sveikata ir i\u0161vaizda vaidina svarb\u0173 vaidmen\u012f, kaip jau\u010diat\u0117s ir kiek pasitikite savimi. Jei pasteb\u0117jote pirmuosius \u017eilus plaukus arba norite palaikyti nat\u016brali\u0105 plauk\u0173 pigmentacij\u0105, verta atkreipti d\u0117mes\u012f \u012f tai, kas vyksta j\u016bs\u0173 k\u016bno viduje \u2013 kur prasideda plauk\u0173 sen\u0117jimo procesas. <\/p>\n<p class=\"p1\"><strong>\u201ePuhdas+ Anti Gray Hair\u201c<\/strong> skirtas tiems, kurie nori palaikyti nat\u016brali\u0105 plauk\u0173 pigmentacij\u0105 ir i\u0161laikyti juos stiprius bei gyvybingus. Tai auk\u0161tos kokyb\u0117s papildas, pagamintas Suomijoje, kuriame derinamas <strong>varis, biotinas, cinkas, vitaminas B12, folio r\u016bg\u0161tis, L-cisteinas, silicis ir o\u017erag\u0117s ekstraktas<\/strong> \u2013 visa tai atlieka svarb\u0173 vaidmen\u012f palaikant plauk\u0173 sveikat\u0105 ir spalv\u0105. <\/p>\n<p class=\"p1\">Varis padeda organizmui gaminti melanin\u0105 \u2013 pigment\u0105, suteikiant\u012f plaukams nat\u016brali\u0105 spalv\u0105. Biotinas ir cinkas padeda i\u0161laikyti plaukus stiprius ir palaiko normali\u0105 j\u0173 b\u016bkl\u0119. L-cisteinas palaiko keratino, pagrindinio plauk\u0173 strukt\u016bros komponento, gamyb\u0105. Vitaminas B12 ir folio r\u016bg\u0161tis skatina l\u0105steli\u0173 atsinaujinim\u0105, kuris yra svarbus normaliam galvos odos ir plauk\u0173 folikul\u0173 funkcionavimui. Be to, silicis ir o\u017erag\u0117s ekstraktas suteikia plaukams papildomo stiprumo ir elastingumo.    <\/p>\n<p class=\"p1\">Tai n\u0117ra greitas sprendimas ar i\u0161orin\u0117s problemos priedanga \u2013 tai ilgalaik\u0117 ir s\u0105moninga vidin\u0117 parama, padedanti <strong>i\u0161laikyti plaukus sveikus ir gyvybingus.<\/strong><\/p>\n<p class=\"p1\">Jei norite i\u0161 ties\u0173 palaikyti savo plaukus, prad\u0117kite nuo vidaus \u2013 nat\u016braliai, \u0161variai ir efektyviai. \u201ePuhdas+ Anti Gray Hair\u201c \u2013 tai paprastas \u017eingsnis sveikesni\u0173 ir \u017evilgesni\u0173 plauk\u0173 link. <\/p>\n","protected":false},"featured_media":34667,"comment_status":"closed","ping_status":"closed","template":"","meta":{"_acf_changed":false},"product_brand":[],"product_cat":[5551,3282,5603],"product_tag":[3831,5643,5640,5638,5641,5652,5639,5645,5650,5636,5637,2807,5642,5644,5654,5647],"class_list":{"0":"post-34665","1":"product","2":"type-product","3":"status-publish","4":"has-post-thumbnail","6":"product_cat-moterims","7":"product_cat-oda-plaukai-nagai","8":"product_cat-vyrui","9":"product_tag-biotinas-plaukams","10":"product_tag-cinkas-plaukams","11":"product_tag-naturalus-plauku-papildas","12":"product_tag-papildas-nuo-zilu-plauku","13":"product_tag-plauku-augimo-vitaminai","14":"product_tag-plauku-papildas","15":"product_tag-plauku-pigmentacija","16":"product_tag-plauku-priauginimas-is-suomijos","17":"product_tag-plauku-prieziura-is-vidaus","18":"product_tag-plauku-sveikata","19":"product_tag-pries-zilus-plaukus","20":"product_tag-svarus","21":"product_tag-varis-plaukams","22":"product_tag-vitaminai-nuo-pilku-plauku","23":"product_tag-zili-plaukai","24":"product_tag-zilu-plauku-prevencija","26":"first","27":"onbackorder","28":"taxable","29":"shipping-taxable","30":"purchasable","31":"product-type-simple"},"acf":[],"yoast_head":"<!-- This site is optimized with the Yoast SEO plugin v27.1.1 - https:\/\/yoast.com\/product\/yoast-seo-wordpress\/ -->\n<title>Nat\u016bralios plauk\u0173 spalvos palaikymo kapsul\u0117s, 60 vnt. - Puhdas+<\/title>\n<meta name=\"description\" content=\"\u201ePuhdas+ Anti Gray Hair\u201c yra veiksmingas maisto papildas, padedantis sul\u0117tinti \u017eil\u0173 plauk\u0173 vystym\u0105si ir palaikantis nat\u016brali\u0105 plauk\u0173 spalv\u0105.\" \/>\n<meta name=\"robots\" content=\"noindex, follow, max-snippet:-1, max-image-preview:large, max-video-preview:-1\" \/>\n<meta property=\"og:locale\" content=\"lt_LT\" \/>\n<meta property=\"og:type\" content=\"article\" \/>\n<meta property=\"og:title\" content=\"Nat\u016bralios plauk\u0173 spalvos palaikymo kapsul\u0117s, 60 vnt. - Puhdas+\" \/>\n<meta property=\"og:description\" content=\"\u201ePuhdas+ Anti Gray Hair\u201c yra veiksmingas maisto papildas, padedantis sul\u0117tinti \u017eil\u0173 plauk\u0173 vystym\u0105si ir palaikantis nat\u016brali\u0105 plauk\u0173 spalv\u0105.\" \/>\n<meta property=\"og:url\" content=\"https:\/\/test.puhdasplus.ee\/lt\/tooted\/oda-plaukai-nagai\/nuo-zilu-plauku-60-kapsuliu\/\" \/>\n<meta property=\"og:site_name\" content=\"Puhdas+\" \/>\n<meta property=\"article:publisher\" content=\"https:\/\/www.facebook.com\/puhdasplus\" \/>\n<meta property=\"article:modified_time\" content=\"2026-03-06T05:44:23+00:00\" \/>\n<meta property=\"og:image\" content=\"https:\/\/test.puhdasplus.ee\/wp-content\/uploads\/2025\/05\/44ewa-scaled.jpg\" \/>\n\t<meta property=\"og:image:width\" content=\"1862\" \/>\n\t<meta property=\"og:image:height\" content=\"2560\" \/>\n\t<meta property=\"og:image:type\" content=\"image\/jpeg\" \/>\n<meta name=\"twitter:card\" content=\"summary_large_image\" \/>\n<meta name=\"twitter:label1\" content=\"Est. reading time\" \/>\n\t<meta name=\"twitter:data1\" content=\"3 minut\u0117\" \/>\n<script type=\"application\/ld+json\" class=\"yoast-schema-graph\">{\"@context\":\"https:\/\/schema.org\",\"@graph\":[{\"@type\":\"WebPage\",\"@id\":\"https:\/\/test.puhdasplus.ee\/lt\/tooted\/oda-plaukai-nagai\/nuo-zilu-plauku-60-kapsuliu\/\",\"url\":\"https:\/\/test.puhdasplus.ee\/lt\/tooted\/oda-plaukai-nagai\/nuo-zilu-plauku-60-kapsuliu\/\",\"name\":\"Nat\u016bralios plauk\u0173 spalvos palaikymo kapsul\u0117s, 60 vnt. - Puhdas+\",\"isPartOf\":{\"@id\":\"https:\/\/test.puhdasplus.ee\/lt\/#website\"},\"primaryImageOfPage\":{\"@id\":\"https:\/\/test.puhdasplus.ee\/lt\/tooted\/oda-plaukai-nagai\/nuo-zilu-plauku-60-kapsuliu\/#primaryimage\"},\"image\":{\"@id\":\"https:\/\/test.puhdasplus.ee\/lt\/tooted\/oda-plaukai-nagai\/nuo-zilu-plauku-60-kapsuliu\/#primaryimage\"},\"thumbnailUrl\":\"https:\/\/test.puhdasplus.ee\/wp-content\/uploads\/2025\/05\/44ewa-scaled.jpg\",\"datePublished\":\"2025-05-21T12:51:27+00:00\",\"dateModified\":\"2026-03-06T05:44:23+00:00\",\"description\":\"\u201ePuhdas+ Anti Gray Hair\u201c yra veiksmingas maisto papildas, padedantis sul\u0117tinti \u017eil\u0173 plauk\u0173 vystym\u0105si ir palaikantis nat\u016brali\u0105 plauk\u0173 spalv\u0105.\",\"breadcrumb\":{\"@id\":\"https:\/\/test.puhdasplus.ee\/lt\/tooted\/oda-plaukai-nagai\/nuo-zilu-plauku-60-kapsuliu\/#breadcrumb\"},\"inLanguage\":\"lt-LT\",\"potentialAction\":[{\"@type\":\"ReadAction\",\"target\":[\"https:\/\/test.puhdasplus.ee\/lt\/tooted\/oda-plaukai-nagai\/nuo-zilu-plauku-60-kapsuliu\/\"]}]},{\"@type\":\"ImageObject\",\"inLanguage\":\"lt-LT\",\"@id\":\"https:\/\/test.puhdasplus.ee\/lt\/tooted\/oda-plaukai-nagai\/nuo-zilu-plauku-60-kapsuliu\/#primaryimage\",\"url\":\"https:\/\/test.puhdasplus.ee\/wp-content\/uploads\/2025\/05\/44ewa-scaled.jpg\",\"contentUrl\":\"https:\/\/test.puhdasplus.ee\/wp-content\/uploads\/2025\/05\/44ewa-scaled.jpg\",\"width\":1862,\"height\":2560,\"caption\":\"Prie\u0161 \u017eilus plaukus\"},{\"@type\":\"BreadcrumbList\",\"@id\":\"https:\/\/test.puhdasplus.ee\/lt\/tooted\/oda-plaukai-nagai\/nuo-zilu-plauku-60-kapsuliu\/#breadcrumb\",\"itemListElement\":[{\"@type\":\"ListItem\",\"position\":1,\"name\":\"Prad\u017eia\",\"item\":\"https:\/\/test.puhdasplus.ee\/lt\/\"},{\"@type\":\"ListItem\",\"position\":2,\"name\":\"Produktai\",\"item\":\"https:\/\/test.puhdasplus.ee\/lt\/parduotuve\/\"},{\"@type\":\"ListItem\",\"position\":3,\"name\":\"Nat\u016bralios plauk\u0173 spalvos palaikymo kapsul\u0117s, 60 vnt.\"}]},{\"@type\":\"WebSite\",\"@id\":\"https:\/\/test.puhdasplus.ee\/lt\/#website\",\"url\":\"https:\/\/test.puhdasplus.ee\/lt\/\",\"name\":\"Puhdas+\",\"description\":\"Vitamiinid, Toidulisandid, looduskosmeetika, tervis, sport\",\"publisher\":{\"@id\":\"https:\/\/test.puhdasplus.ee\/lt\/#organization\"},\"potentialAction\":[{\"@type\":\"SearchAction\",\"target\":{\"@type\":\"EntryPoint\",\"urlTemplate\":\"https:\/\/test.puhdasplus.ee\/lt\/?s={search_term_string}\"},\"query-input\":{\"@type\":\"PropertyValueSpecification\",\"valueRequired\":true,\"valueName\":\"search_term_string\"}}],\"inLanguage\":\"lt-LT\"},{\"@type\":\"Organization\",\"@id\":\"https:\/\/test.puhdasplus.ee\/lt\/#organization\",\"name\":\"Puhdas+\",\"alternateName\":\"Puhdasplus\",\"url\":\"https:\/\/test.puhdasplus.ee\/lt\/\",\"logo\":{\"@type\":\"ImageObject\",\"inLanguage\":\"lt-LT\",\"@id\":\"https:\/\/test.puhdasplus.ee\/lt\/#\/schema\/logo\/image\/\",\"url\":\"https:\/\/test.puhdasplus.ee\/\/wp-content\/uploads\/2019\/10\/puhdas_logo-arvele.png\",\"contentUrl\":\"https:\/\/test.puhdasplus.ee\/\/wp-content\/uploads\/2019\/10\/puhdas_logo-arvele.png\",\"width\":114,\"height\":94,\"caption\":\"Puhdas+\"},\"image\":{\"@id\":\"https:\/\/test.puhdasplus.ee\/lt\/#\/schema\/logo\/image\/\"},\"sameAs\":[\"https:\/\/www.facebook.com\/puhdasplus\",\"https:\/\/www.instagram.com\/puhdasplus_ee\/\"]}]}<\/script>\n<!-- \/ Yoast SEO plugin. -->","yoast_head_json":{"title":"Nat\u016bralios plauk\u0173 spalvos palaikymo kapsul\u0117s, 60 vnt. - Puhdas+","description":"\u201ePuhdas+ Anti Gray Hair\u201c yra veiksmingas maisto papildas, padedantis sul\u0117tinti \u017eil\u0173 plauk\u0173 vystym\u0105si ir palaikantis nat\u016brali\u0105 plauk\u0173 spalv\u0105.","robots":{"index":"noindex","follow":"follow","max-snippet":"max-snippet:-1","max-image-preview":"max-image-preview:large","max-video-preview":"max-video-preview:-1"},"og_locale":"lt_LT","og_type":"article","og_title":"Nat\u016bralios plauk\u0173 spalvos palaikymo kapsul\u0117s, 60 vnt. - Puhdas+","og_description":"\u201ePuhdas+ Anti Gray Hair\u201c yra veiksmingas maisto papildas, padedantis sul\u0117tinti \u017eil\u0173 plauk\u0173 vystym\u0105si ir palaikantis nat\u016brali\u0105 plauk\u0173 spalv\u0105.","og_url":"https:\/\/test.puhdasplus.ee\/lt\/tooted\/oda-plaukai-nagai\/nuo-zilu-plauku-60-kapsuliu\/","og_site_name":"Puhdas+","article_publisher":"https:\/\/www.facebook.com\/puhdasplus","article_modified_time":"2026-03-06T05:44:23+00:00","og_image":[{"width":1862,"height":2560,"url":"https:\/\/test.puhdasplus.ee\/wp-content\/uploads\/2025\/05\/44ewa-scaled.jpg","type":"image\/jpeg"}],"twitter_card":"summary_large_image","twitter_misc":{"Est. reading time":"3 minut\u0117"},"schema":{"@context":"https:\/\/schema.org","@graph":[{"@type":"WebPage","@id":"https:\/\/test.puhdasplus.ee\/lt\/tooted\/oda-plaukai-nagai\/nuo-zilu-plauku-60-kapsuliu\/","url":"https:\/\/test.puhdasplus.ee\/lt\/tooted\/oda-plaukai-nagai\/nuo-zilu-plauku-60-kapsuliu\/","name":"Nat\u016bralios plauk\u0173 spalvos palaikymo kapsul\u0117s, 60 vnt. - Puhdas+","isPartOf":{"@id":"https:\/\/test.puhdasplus.ee\/lt\/#website"},"primaryImageOfPage":{"@id":"https:\/\/test.puhdasplus.ee\/lt\/tooted\/oda-plaukai-nagai\/nuo-zilu-plauku-60-kapsuliu\/#primaryimage"},"image":{"@id":"https:\/\/test.puhdasplus.ee\/lt\/tooted\/oda-plaukai-nagai\/nuo-zilu-plauku-60-kapsuliu\/#primaryimage"},"thumbnailUrl":"https:\/\/test.puhdasplus.ee\/wp-content\/uploads\/2025\/05\/44ewa-scaled.jpg","datePublished":"2025-05-21T12:51:27+00:00","dateModified":"2026-03-06T05:44:23+00:00","description":"\u201ePuhdas+ Anti Gray Hair\u201c yra veiksmingas maisto papildas, padedantis sul\u0117tinti \u017eil\u0173 plauk\u0173 vystym\u0105si ir palaikantis nat\u016brali\u0105 plauk\u0173 spalv\u0105.","breadcrumb":{"@id":"https:\/\/test.puhdasplus.ee\/lt\/tooted\/oda-plaukai-nagai\/nuo-zilu-plauku-60-kapsuliu\/#breadcrumb"},"inLanguage":"lt-LT","potentialAction":[{"@type":"ReadAction","target":["https:\/\/test.puhdasplus.ee\/lt\/tooted\/oda-plaukai-nagai\/nuo-zilu-plauku-60-kapsuliu\/"]}]},{"@type":"ImageObject","inLanguage":"lt-LT","@id":"https:\/\/test.puhdasplus.ee\/lt\/tooted\/oda-plaukai-nagai\/nuo-zilu-plauku-60-kapsuliu\/#primaryimage","url":"https:\/\/test.puhdasplus.ee\/wp-content\/uploads\/2025\/05\/44ewa-scaled.jpg","contentUrl":"https:\/\/test.puhdasplus.ee\/wp-content\/uploads\/2025\/05\/44ewa-scaled.jpg","width":1862,"height":2560,"caption":"Prie\u0161 \u017eilus plaukus"},{"@type":"BreadcrumbList","@id":"https:\/\/test.puhdasplus.ee\/lt\/tooted\/oda-plaukai-nagai\/nuo-zilu-plauku-60-kapsuliu\/#breadcrumb","itemListElement":[{"@type":"ListItem","position":1,"name":"Prad\u017eia","item":"https:\/\/test.puhdasplus.ee\/lt\/"},{"@type":"ListItem","position":2,"name":"Produktai","item":"https:\/\/test.puhdasplus.ee\/lt\/parduotuve\/"},{"@type":"ListItem","position":3,"name":"Nat\u016bralios plauk\u0173 spalvos palaikymo kapsul\u0117s, 60 vnt."}]},{"@type":"WebSite","@id":"https:\/\/test.puhdasplus.ee\/lt\/#website","url":"https:\/\/test.puhdasplus.ee\/lt\/","name":"Puhdas+","description":"Vitamiinid, Toidulisandid, looduskosmeetika, tervis, sport","publisher":{"@id":"https:\/\/test.puhdasplus.ee\/lt\/#organization"},"potentialAction":[{"@type":"SearchAction","target":{"@type":"EntryPoint","urlTemplate":"https:\/\/test.puhdasplus.ee\/lt\/?s={search_term_string}"},"query-input":{"@type":"PropertyValueSpecification","valueRequired":true,"valueName":"search_term_string"}}],"inLanguage":"lt-LT"},{"@type":"Organization","@id":"https:\/\/test.puhdasplus.ee\/lt\/#organization","name":"Puhdas+","alternateName":"Puhdasplus","url":"https:\/\/test.puhdasplus.ee\/lt\/","logo":{"@type":"ImageObject","inLanguage":"lt-LT","@id":"https:\/\/test.puhdasplus.ee\/lt\/#\/schema\/logo\/image\/","url":"https:\/\/test.puhdasplus.ee\/\/wp-content\/uploads\/2019\/10\/puhdas_logo-arvele.png","contentUrl":"https:\/\/test.puhdasplus.ee\/\/wp-content\/uploads\/2019\/10\/puhdas_logo-arvele.png","width":114,"height":94,"caption":"Puhdas+"},"image":{"@id":"https:\/\/test.puhdasplus.ee\/lt\/#\/schema\/logo\/image\/"},"sameAs":["https:\/\/www.facebook.com\/puhdasplus","https:\/\/www.instagram.com\/puhdasplus_ee\/"]}]}},"_links":{"self":[{"href":"https:\/\/test.puhdasplus.ee\/lt\/wp-json\/wp\/v2\/product\/34665","targetHints":{"allow":["GET"]}}],"collection":[{"href":"https:\/\/test.puhdasplus.ee\/lt\/wp-json\/wp\/v2\/product"}],"about":[{"href":"https:\/\/test.puhdasplus.ee\/lt\/wp-json\/wp\/v2\/types\/product"}],"replies":[{"embeddable":true,"href":"https:\/\/test.puhdasplus.ee\/lt\/wp-json\/wp\/v2\/comments?post=34665"}],"wp:featuredmedia":[{"embeddable":true,"href":"https:\/\/test.puhdasplus.ee\/lt\/wp-json\/wp\/v2\/media\/34667"}],"wp:attachment":[{"href":"https:\/\/test.puhdasplus.ee\/lt\/wp-json\/wp\/v2\/media?parent=34665"}],"wp:term":[{"taxonomy":"product_brand","embeddable":true,"href":"https:\/\/test.puhdasplus.ee\/lt\/wp-json\/wp\/v2\/product_brand?post=34665"},{"taxonomy":"product_cat","embeddable":true,"href":"https:\/\/test.puhdasplus.ee\/lt\/wp-json\/wp\/v2\/product_cat?post=34665"},{"taxonomy":"product_tag","embeddable":true,"href":"https:\/\/test.puhdasplus.ee\/lt\/wp-json\/wp\/v2\/product_tag?post=34665"}],"curies":[{"name":"wp","href":"https:\/\/api.w.org\/{rel}","templated":true}]}}