{"id":34662,"date":"2025-02-28T10:55:43","date_gmt":"2025-02-28T08:55:43","guid":{"rendered":"https:\/\/test.puhdasplus.ee\/\/tooted\/be-kategorijos\/zali-milteliai-200-g\/"},"modified":"2026-03-04T22:04:02","modified_gmt":"2026-03-04T20:04:02","slug":"zali-milteliai-200-g","status":"publish","type":"product","link":"https:\/\/test.puhdasplus.ee\/lt\/tooted\/supermaistas\/zali-milteliai-200-g\/","title":{"rendered":"\u017dali milteliai 200 g"},"content":{"rendered":"<h2 data-start=\"279\" data-end=\"313\"><strong data-start=\"283\" data-end=\"313\">Kas yra \u201ePure+ Green\u201c milteliai?<\/strong><\/h2>\n<p data-start=\"315\" data-end=\"498\">\u201ePuhdas+ Rohepulber\u201c yra <strong data-start=\"337\" data-end=\"352\">maisto papildas<\/strong>, apjungiantis \u0161e\u0161i\u0173 maisting\u0173 augal\u0173 \u2013 \u0161pinat\u0173, brokoli\u0173, spirulinos, mie\u017ei\u0173 \u017eol\u0117s, kvie\u010di\u0173 germen\u0173 ir garbanot\u0173j\u0173 kop\u016bst\u0173 \u2013 savybes \u012f vien\u0105 nat\u016bral\u0173 milteli\u0173 mi\u0161in\u012f.<\/p>\n<p data-start=\"500\" data-end=\"660\">\u0160is augalinis mi\u0161inys suteikia organizmui plat\u0173 nat\u016brali\u0173 maistini\u0173 med\u017eiag\u0173 pasirinkim\u0105 ir yra paprastas b\u016bdas praturtinti kasdien\u0119 mityb\u0105 \u017eali\u0173j\u0173 augal\u0173 nauda.<\/p>\n<p data-start=\"662\" data-end=\"787\">Milteliai yra <strong data-start=\"672\" data-end=\"707\">100 % nat\u016bral\u016bs ir be pried\u0173<\/strong>, juose n\u0117ra dirbtini\u0173 da\u017eikli\u0173, aromatini\u0173 med\u017eiag\u0173 ar konservant\u0173, jie tinka veganams.<\/p>\n<h2 data-start=\"794\" data-end=\"825\"><strong data-start=\"798\" data-end=\"825\">Kod\u0117l verta vartoti \u017ealiuosius miltelius?<\/strong><\/h2>\n<p data-start=\"827\" data-end=\"980\">\u017daliuosiuose augaluose nat\u016braliai gausu vitamin\u0173, mineral\u0173, skaidul\u0173 ir bioaktyvi\u0173 jungini\u0173, kurie palaiko subalansuot\u0105 mityb\u0105.<\/p>\n<p data-start=\"982\" data-end=\"1130\">\u017dalieji milteliai yra patogus b\u016bdas \u012f kasdien\u012f valgiara\u0161t\u012f \u012ftraukti daugiau augalini\u0173 ingredient\u0173, ypa\u010d jei ne visada pavyksta suvartoti pakankamai \u0161vie\u017ei\u0173 dar\u017eovi\u0173.<\/p>\n<p data-start=\"1132\" data-end=\"1317\">\u017dalieji augalai, tokie kaip \u0161pinatai, brokoliai ir garbanotieji kop\u016bstai, gars\u0117ja savo <strong data-start=\"1198\" data-end=\"1234\">maistinga sud\u0117timi<\/strong>, o spirulinoje ir mie\u017ei\u0173 \u017eol\u0117je gausu nat\u016brali\u0173 augalini\u0173 jungini\u0173.<\/p>\n<h2 data-start=\"1324\" data-end=\"1346\"><strong data-start=\"1328\" data-end=\"1346\">Kam tai tinka?<\/strong><\/h2>\n<p data-start=\"1348\" data-end=\"1379\">\u201ePuhdas+ Rohepulber\u201c puikiai tinka:<\/p>\n<ul data-start=\"1381\" data-end=\"1676\">\n<li data-start=\"1381\" data-end=\"1477\">\n<p data-start=\"1383\" data-end=\"1477\">\u017emon\u0117ms, norintiems <strong data-start=\"1408\" data-end=\"1477\">praturtinti kasdien\u0119 mityb\u0105 \u017eali\u0173j\u0173 augal\u0173 maistin\u0117mis med\u017eiagomis<\/strong><\/p>\n<\/li>\n<li data-start=\"1478\" data-end=\"1512\">\n<p data-start=\"1480\" data-end=\"1512\">aktyv\u0173 gyvenimo b\u016bd\u0105 propaguojantiems asmenims<\/p>\n<\/li>\n<li data-start=\"1513\" data-end=\"1579\">\n<p data-start=\"1515\" data-end=\"1579\">tiems, kurie teikia pirmenyb\u0119 <strong data-start=\"1537\" data-end=\"1579\">augaliniams ir nat\u016braliems maisto papildams<\/strong><\/p>\n<\/li>\n<li data-start=\"1580\" data-end=\"1676\">\n<p data-start=\"1582\" data-end=\"1676\">\u017emon\u0117ms, ie\u0161kantiems patogaus b\u016bdo \u012f kokteilius ar g\u0117rimus \u012ftraukti daugiau \u017eali\u0173j\u0173 augal\u0173<\/p>\n<\/li>\n<\/ul>\n<p data-start=\"1678\" data-end=\"1739\">Produktas tinka <strong data-start=\"1690\" data-end=\"1738\">veganams, jame n\u0117ra glitimo ir laktoz\u0117s<\/strong>.<\/p>\n<h2 data-start=\"1964\" data-end=\"1983\"><strong data-start=\"1968\" data-end=\"1983\">Ingredientai<\/strong><\/h2>\n<p data-start=\"1985\" data-end=\"2199\">\u0160pinatai (Spinacia oleracea), brokoliai (Brassica oleracea), spirulina (Arthrospira platensis), mie\u017ei\u0173 \u017eol\u0117 (Hordeum vulgare), kvie\u010di\u0173 germenai (Triticum aestivum), garbanotieji kop\u016bstai (Brassica oleracea var. sabellica).<\/p>\n<h2 data-start=\"2206\" data-end=\"2240\"><strong data-start=\"2210\" data-end=\"2240\">Maistin\u0117 vert\u0117 (100 g)<\/strong><\/h2>\n<p data-start=\"2242\" data-end=\"2457\">Energija \u2013 1266 kJ \/ 301 kcal<br data-start=\"2270\" data-end=\"2273\">Riebalai \u2013 4,2 g<br data-start=\"2285\" data-end=\"2288\">\u2013 i\u0161 kuri\u0173 so\u010di\u0173j\u0173 riebal\u0173 r\u016bg\u0161\u010di\u0173 \u2013 0,4 g<br data-start=\"2328\" data-end=\"2331\">Angliavandeniai \u2013 34,4 g<br data-start=\"2351\" data-end=\"2354\">\u2013 i\u0161 kuri\u0173 cukr\u0173 \u2013 18,3 g<br data-start=\"2380\" data-end=\"2383\">Skaidulin\u0117s med\u017eiagos \u2013 22,1 g<br data-start=\"2401\" data-end=\"2404\">Baltymai \u2013 28,1 g<br data-start=\"2419\" data-end=\"2422\">Druska \u2013 2,8 g<br data-start=\"2434\" data-end=\"2437\">Gele\u017eis \u2013 59 mg (420 %*)<\/p>\n<p data-start=\"2459\" data-end=\"2489\">*nuo referencin\u0117s maistin\u0117s vert\u0117s.<\/p>\n<p data-start=\"1332\" data-end=\"1377\"><strong>100 % nat\u016brali ir be pried\u0173 sud\u0117tis<\/strong><\/p>\n<p class=\"\" data-start=\"1379\" data-end=\"1600\">Produkto sud\u0117tyje yra tik gryni, nat\u016bral\u016bs ingredientai \u2013 be prid\u0117tinio cukraus, dirbtini\u0173 da\u017eikli\u0173, saldikli\u0173 ar konservant\u0173.<br data-start=\"1513\" data-end=\"1516\">\u201ePuhdas+ Rohepulber\u201c idealiai tinka veganams, jame n\u0117ra glitimo ir laktoz\u0117s.<\/p>\n<h2 data-start=\"1746\" data-end=\"1770\"><strong data-start=\"1750\" data-end=\"1770\">Kaip naudoti?<\/strong><\/h2>\n<p data-start=\"1772\" data-end=\"1851\">Suaugusiesiems rekomenduojama vartoti <strong data-start=\"1807\" data-end=\"1850\">1\u20132 arbatinius \u0161auk\u0161telius (apie 5\u201310 g) per dien\u0105<\/strong>.<\/p>\n<p>Sumai\u0161ykite su vandeniu, kokteiliais ar sultimis arba \u012fd\u0117kite, pavyzd\u017eiui, \u012f jogurt\u0105 ar pusry\u010di\u0173 duben\u0117l\u012f.<\/p>\n<p class=\"\" data-start=\"2021\" data-end=\"2164\"><strong data-start=\"2021\" data-end=\"2032\">Pastaba:<\/strong> Rekomenduojamos paros doz\u0117s vir\u0161yti negalima. Maisto papildas nepakei\u010dia \u012fvairios ir subalansuotos mitybos ar sveiko gyvenimo b\u016bdo. <\/p>\n<p class=\"\" data-start=\"1847\" data-end=\"1877\">\n","protected":false},"excerpt":{"rendered":"<p data-start=\"586\" data-end=\"788\"><strong>\u201ePuhdas+ Rohepulber\u201c 200 g<\/strong> yra universalus augalinis maisto papildas, apjungiantis \u0161e\u0161i\u0173 maisting\u0173 augal\u0173 \u2013 \u0161pinat\u0173, brokoli\u0173, spirulinos, mie\u017ei\u0173 \u017eol\u0117s, kvie\u010di\u0173 germen\u0173 ir garbanot\u0173j\u0173 kop\u016bst\u0173 \u2013 savybes \u012f vien\u0105 nat\u016bral\u0173 milteli\u0173 mi\u0161in\u012f.<\/p>\n<p data-start=\"790\" data-end=\"1071\">\u0160iame \u017eali\u0173j\u0173 augal\u0173 mi\u0161inyje nat\u016braliai gausu \u012fvairi\u0173 vitamin\u0173, mineral\u0173, aminor\u016bg\u0161\u010di\u0173 ir antioksidant\u0173, kurie b\u016bdingi \u0161iems augalams ir padeda praturtinti kasdien\u0119 mityb\u0105. D\u0117l savo \u012fvairiapus\u0117s sud\u0117ties tai paprastas b\u016bdas \u012f valgiara\u0161t\u012f \u012ftraukti daugiau \u017ealumyn\u0173. <\/p>\n<p data-start=\"1073\" data-end=\"1314\">\u201ePuhdas+ Rohepulber\u201c puikiai tinka aktyviai gyvenantiems \u017emon\u0117ms ir visiems, norintiems pa\u012fvairinti savo mityb\u0105 nat\u016braliais augaliniais ingredientais. Miltelius patogu d\u0117ti \u012f kokteilius, g\u0117rimus ar \u012fvairius patiekalus. <\/p>\n<p class=\"\" data-start=\"860\" data-end=\"1020\">Produktas yra 100 % grynas \u2013 be dirbtini\u0173 pried\u0173, saldikli\u0173, da\u017eikli\u0173 ar konservant\u0173 \u2013 ir tinka veganams bei \u017emon\u0117ms, netoleruojantiems glitimo.<\/p>\n<p class=\"\" data-start=\"1022\" data-end=\"1143\">Reguliariai vartojant palaikoma bendra k\u016bno savijauta, padedama subalansuoti energijos lyg\u012f ir i\u0161likti gyvybingiems kasdieniame gyvenime.<\/p>\n","protected":false},"featured_media":34664,"comment_status":"closed","ping_status":"closed","template":"","meta":{"_acf_changed":false},"product_brand":[],"product_cat":[3049,3019],"product_tag":[5630,5635,5634,5632,5633,5631,4774,5629,5627,3026,4773,5628],"class_list":{"0":"post-34662","1":"product","2":"type-product","3":"status-publish","4":"has-post-thumbnail","6":"product_cat-specialus-pasiulymai","7":"product_cat-supermaistas","8":"product_tag-brokoliai","9":"product_tag-daug-skaidulu","10":"product_tag-kokteilio-milteliai","11":"product_tag-kvieciu-gemalai","12":"product_tag-lapiniai-kopustai","13":"product_tag-mieziu-laukas","14":"product_tag-naturalus-maisto-papildas","15":"product_tag-spinatai","16":"product_tag-spirulina-lt","17":"product_tag-supermaistas","18":"product_tag-sveika-mityba","19":"product_tag-zali-augalai","21":"first","22":"instock","23":"sale","24":"taxable","25":"shipping-taxable","26":"purchasable","27":"product-type-simple"},"acf":[],"yoast_head":"<!-- This site is optimized with the Yoast SEO plugin v27.1.1 - https:\/\/yoast.com\/product\/yoast-seo-wordpress\/ -->\n<title>\u017dali milteliai 200 g - Puhdas+<\/title>\n<meta name=\"description\" content=\"\u012esigykite \u201ePure+ Green Powder\u201c \u2013 nat\u016bral\u0173 spirulinos, \u0161pinat\u0173, brokoli\u0173 ir kit\u0173 supermaisto produkt\u0173 mi\u0161in\u012f. Puikiai tinka kokteiliams ir kasdieniams patiekalams.\" \/>\n<meta name=\"robots\" content=\"noindex, follow, max-snippet:-1, max-image-preview:large, max-video-preview:-1\" \/>\n<meta property=\"og:locale\" content=\"lt_LT\" \/>\n<meta property=\"og:type\" content=\"article\" \/>\n<meta property=\"og:title\" content=\"\u017dali milteliai 200 g - Puhdas+\" \/>\n<meta property=\"og:description\" content=\"\u012esigykite \u201ePure+ Green Powder\u201c \u2013 nat\u016bral\u0173 spirulinos, \u0161pinat\u0173, brokoli\u0173 ir kit\u0173 supermaisto produkt\u0173 mi\u0161in\u012f. Puikiai tinka kokteiliams ir kasdieniams patiekalams.\" \/>\n<meta property=\"og:url\" content=\"https:\/\/test.puhdasplus.ee\/lt\/tooted\/supermaistas\/zali-milteliai-200-g\/\" \/>\n<meta property=\"og:site_name\" content=\"Puhdas+\" \/>\n<meta property=\"article:publisher\" content=\"https:\/\/www.facebook.com\/puhdasplus\" \/>\n<meta property=\"article:modified_time\" content=\"2026-03-04T20:04:02+00:00\" \/>\n<meta property=\"og:image\" content=\"https:\/\/test.puhdasplus.ee\/wp-content\/uploads\/2025\/03\/123.jpg\" \/>\n\t<meta property=\"og:image:width\" content=\"1862\" \/>\n\t<meta property=\"og:image:height\" content=\"2560\" \/>\n\t<meta property=\"og:image:type\" content=\"image\/jpeg\" \/>\n<meta name=\"twitter:card\" content=\"summary_large_image\" \/>\n<meta name=\"twitter:label1\" content=\"Est. reading time\" \/>\n\t<meta name=\"twitter:data1\" content=\"2 minut\u0117\" \/>\n<script type=\"application\/ld+json\" class=\"yoast-schema-graph\">{\"@context\":\"https:\/\/schema.org\",\"@graph\":[{\"@type\":\"WebPage\",\"@id\":\"https:\/\/test.puhdasplus.ee\/lt\/tooted\/supermaistas\/zali-milteliai-200-g\/\",\"url\":\"https:\/\/test.puhdasplus.ee\/lt\/tooted\/supermaistas\/zali-milteliai-200-g\/\",\"name\":\"\u017dali milteliai 200 g - Puhdas+\",\"isPartOf\":{\"@id\":\"https:\/\/test.puhdasplus.ee\/lt\/#website\"},\"primaryImageOfPage\":{\"@id\":\"https:\/\/test.puhdasplus.ee\/lt\/tooted\/supermaistas\/zali-milteliai-200-g\/#primaryimage\"},\"image\":{\"@id\":\"https:\/\/test.puhdasplus.ee\/lt\/tooted\/supermaistas\/zali-milteliai-200-g\/#primaryimage\"},\"thumbnailUrl\":\"https:\/\/test.puhdasplus.ee\/wp-content\/uploads\/2025\/03\/123.jpg\",\"datePublished\":\"2025-02-28T08:55:43+00:00\",\"dateModified\":\"2026-03-04T20:04:02+00:00\",\"description\":\"\u012esigykite \u201ePure+ Green Powder\u201c \u2013 nat\u016bral\u0173 spirulinos, \u0161pinat\u0173, brokoli\u0173 ir kit\u0173 supermaisto produkt\u0173 mi\u0161in\u012f. Puikiai tinka kokteiliams ir kasdieniams patiekalams.\",\"breadcrumb\":{\"@id\":\"https:\/\/test.puhdasplus.ee\/lt\/tooted\/supermaistas\/zali-milteliai-200-g\/#breadcrumb\"},\"inLanguage\":\"lt-LT\",\"potentialAction\":[{\"@type\":\"ReadAction\",\"target\":[\"https:\/\/test.puhdasplus.ee\/lt\/tooted\/supermaistas\/zali-milteliai-200-g\/\"]}]},{\"@type\":\"ImageObject\",\"inLanguage\":\"lt-LT\",\"@id\":\"https:\/\/test.puhdasplus.ee\/lt\/tooted\/supermaistas\/zali-milteliai-200-g\/#primaryimage\",\"url\":\"https:\/\/test.puhdasplus.ee\/wp-content\/uploads\/2025\/03\/123.jpg\",\"contentUrl\":\"https:\/\/test.puhdasplus.ee\/wp-content\/uploads\/2025\/03\/123.jpg\",\"width\":1862,\"height\":2560,\"caption\":\"\u017eali milteliai\"},{\"@type\":\"BreadcrumbList\",\"@id\":\"https:\/\/test.puhdasplus.ee\/lt\/tooted\/supermaistas\/zali-milteliai-200-g\/#breadcrumb\",\"itemListElement\":[{\"@type\":\"ListItem\",\"position\":1,\"name\":\"Prad\u017eia\",\"item\":\"https:\/\/test.puhdasplus.ee\/lt\/\"},{\"@type\":\"ListItem\",\"position\":2,\"name\":\"Produktai\",\"item\":\"https:\/\/test.puhdasplus.ee\/lt\/parduotuve\/\"},{\"@type\":\"ListItem\",\"position\":3,\"name\":\"\u017dali milteliai 200 g\"}]},{\"@type\":\"WebSite\",\"@id\":\"https:\/\/test.puhdasplus.ee\/lt\/#website\",\"url\":\"https:\/\/test.puhdasplus.ee\/lt\/\",\"name\":\"Puhdas+\",\"description\":\"Vitamiinid, Toidulisandid, looduskosmeetika, tervis, sport\",\"publisher\":{\"@id\":\"https:\/\/test.puhdasplus.ee\/lt\/#organization\"},\"potentialAction\":[{\"@type\":\"SearchAction\",\"target\":{\"@type\":\"EntryPoint\",\"urlTemplate\":\"https:\/\/test.puhdasplus.ee\/lt\/?s={search_term_string}\"},\"query-input\":{\"@type\":\"PropertyValueSpecification\",\"valueRequired\":true,\"valueName\":\"search_term_string\"}}],\"inLanguage\":\"lt-LT\"},{\"@type\":\"Organization\",\"@id\":\"https:\/\/test.puhdasplus.ee\/lt\/#organization\",\"name\":\"Puhdas+\",\"alternateName\":\"Puhdasplus\",\"url\":\"https:\/\/test.puhdasplus.ee\/lt\/\",\"logo\":{\"@type\":\"ImageObject\",\"inLanguage\":\"lt-LT\",\"@id\":\"https:\/\/test.puhdasplus.ee\/lt\/#\/schema\/logo\/image\/\",\"url\":\"https:\/\/test.puhdasplus.ee\/\/wp-content\/uploads\/2019\/10\/puhdas_logo-arvele.png\",\"contentUrl\":\"https:\/\/test.puhdasplus.ee\/\/wp-content\/uploads\/2019\/10\/puhdas_logo-arvele.png\",\"width\":114,\"height\":94,\"caption\":\"Puhdas+\"},\"image\":{\"@id\":\"https:\/\/test.puhdasplus.ee\/lt\/#\/schema\/logo\/image\/\"},\"sameAs\":[\"https:\/\/www.facebook.com\/puhdasplus\",\"https:\/\/www.instagram.com\/puhdasplus_ee\/\"]}]}<\/script>\n<!-- \/ Yoast SEO plugin. -->","yoast_head_json":{"title":"\u017dali milteliai 200 g - Puhdas+","description":"\u012esigykite \u201ePure+ Green Powder\u201c \u2013 nat\u016bral\u0173 spirulinos, \u0161pinat\u0173, brokoli\u0173 ir kit\u0173 supermaisto produkt\u0173 mi\u0161in\u012f. Puikiai tinka kokteiliams ir kasdieniams patiekalams.","robots":{"index":"noindex","follow":"follow","max-snippet":"max-snippet:-1","max-image-preview":"max-image-preview:large","max-video-preview":"max-video-preview:-1"},"og_locale":"lt_LT","og_type":"article","og_title":"\u017dali milteliai 200 g - Puhdas+","og_description":"\u012esigykite \u201ePure+ Green Powder\u201c \u2013 nat\u016bral\u0173 spirulinos, \u0161pinat\u0173, brokoli\u0173 ir kit\u0173 supermaisto produkt\u0173 mi\u0161in\u012f. Puikiai tinka kokteiliams ir kasdieniams patiekalams.","og_url":"https:\/\/test.puhdasplus.ee\/lt\/tooted\/supermaistas\/zali-milteliai-200-g\/","og_site_name":"Puhdas+","article_publisher":"https:\/\/www.facebook.com\/puhdasplus","article_modified_time":"2026-03-04T20:04:02+00:00","og_image":[{"width":1862,"height":2560,"url":"https:\/\/test.puhdasplus.ee\/wp-content\/uploads\/2025\/03\/123.jpg","type":"image\/jpeg"}],"twitter_card":"summary_large_image","twitter_misc":{"Est. reading time":"2 minut\u0117"},"schema":{"@context":"https:\/\/schema.org","@graph":[{"@type":"WebPage","@id":"https:\/\/test.puhdasplus.ee\/lt\/tooted\/supermaistas\/zali-milteliai-200-g\/","url":"https:\/\/test.puhdasplus.ee\/lt\/tooted\/supermaistas\/zali-milteliai-200-g\/","name":"\u017dali milteliai 200 g - Puhdas+","isPartOf":{"@id":"https:\/\/test.puhdasplus.ee\/lt\/#website"},"primaryImageOfPage":{"@id":"https:\/\/test.puhdasplus.ee\/lt\/tooted\/supermaistas\/zali-milteliai-200-g\/#primaryimage"},"image":{"@id":"https:\/\/test.puhdasplus.ee\/lt\/tooted\/supermaistas\/zali-milteliai-200-g\/#primaryimage"},"thumbnailUrl":"https:\/\/test.puhdasplus.ee\/wp-content\/uploads\/2025\/03\/123.jpg","datePublished":"2025-02-28T08:55:43+00:00","dateModified":"2026-03-04T20:04:02+00:00","description":"\u012esigykite \u201ePure+ Green Powder\u201c \u2013 nat\u016bral\u0173 spirulinos, \u0161pinat\u0173, brokoli\u0173 ir kit\u0173 supermaisto produkt\u0173 mi\u0161in\u012f. Puikiai tinka kokteiliams ir kasdieniams patiekalams.","breadcrumb":{"@id":"https:\/\/test.puhdasplus.ee\/lt\/tooted\/supermaistas\/zali-milteliai-200-g\/#breadcrumb"},"inLanguage":"lt-LT","potentialAction":[{"@type":"ReadAction","target":["https:\/\/test.puhdasplus.ee\/lt\/tooted\/supermaistas\/zali-milteliai-200-g\/"]}]},{"@type":"ImageObject","inLanguage":"lt-LT","@id":"https:\/\/test.puhdasplus.ee\/lt\/tooted\/supermaistas\/zali-milteliai-200-g\/#primaryimage","url":"https:\/\/test.puhdasplus.ee\/wp-content\/uploads\/2025\/03\/123.jpg","contentUrl":"https:\/\/test.puhdasplus.ee\/wp-content\/uploads\/2025\/03\/123.jpg","width":1862,"height":2560,"caption":"\u017eali milteliai"},{"@type":"BreadcrumbList","@id":"https:\/\/test.puhdasplus.ee\/lt\/tooted\/supermaistas\/zali-milteliai-200-g\/#breadcrumb","itemListElement":[{"@type":"ListItem","position":1,"name":"Prad\u017eia","item":"https:\/\/test.puhdasplus.ee\/lt\/"},{"@type":"ListItem","position":2,"name":"Produktai","item":"https:\/\/test.puhdasplus.ee\/lt\/parduotuve\/"},{"@type":"ListItem","position":3,"name":"\u017dali milteliai 200 g"}]},{"@type":"WebSite","@id":"https:\/\/test.puhdasplus.ee\/lt\/#website","url":"https:\/\/test.puhdasplus.ee\/lt\/","name":"Puhdas+","description":"Vitamiinid, Toidulisandid, looduskosmeetika, tervis, sport","publisher":{"@id":"https:\/\/test.puhdasplus.ee\/lt\/#organization"},"potentialAction":[{"@type":"SearchAction","target":{"@type":"EntryPoint","urlTemplate":"https:\/\/test.puhdasplus.ee\/lt\/?s={search_term_string}"},"query-input":{"@type":"PropertyValueSpecification","valueRequired":true,"valueName":"search_term_string"}}],"inLanguage":"lt-LT"},{"@type":"Organization","@id":"https:\/\/test.puhdasplus.ee\/lt\/#organization","name":"Puhdas+","alternateName":"Puhdasplus","url":"https:\/\/test.puhdasplus.ee\/lt\/","logo":{"@type":"ImageObject","inLanguage":"lt-LT","@id":"https:\/\/test.puhdasplus.ee\/lt\/#\/schema\/logo\/image\/","url":"https:\/\/test.puhdasplus.ee\/\/wp-content\/uploads\/2019\/10\/puhdas_logo-arvele.png","contentUrl":"https:\/\/test.puhdasplus.ee\/\/wp-content\/uploads\/2019\/10\/puhdas_logo-arvele.png","width":114,"height":94,"caption":"Puhdas+"},"image":{"@id":"https:\/\/test.puhdasplus.ee\/lt\/#\/schema\/logo\/image\/"},"sameAs":["https:\/\/www.facebook.com\/puhdasplus","https:\/\/www.instagram.com\/puhdasplus_ee\/"]}]}},"_links":{"self":[{"href":"https:\/\/test.puhdasplus.ee\/lt\/wp-json\/wp\/v2\/product\/34662","targetHints":{"allow":["GET"]}}],"collection":[{"href":"https:\/\/test.puhdasplus.ee\/lt\/wp-json\/wp\/v2\/product"}],"about":[{"href":"https:\/\/test.puhdasplus.ee\/lt\/wp-json\/wp\/v2\/types\/product"}],"replies":[{"embeddable":true,"href":"https:\/\/test.puhdasplus.ee\/lt\/wp-json\/wp\/v2\/comments?post=34662"}],"wp:featuredmedia":[{"embeddable":true,"href":"https:\/\/test.puhdasplus.ee\/lt\/wp-json\/wp\/v2\/media\/34664"}],"wp:attachment":[{"href":"https:\/\/test.puhdasplus.ee\/lt\/wp-json\/wp\/v2\/media?parent=34662"}],"wp:term":[{"taxonomy":"product_brand","embeddable":true,"href":"https:\/\/test.puhdasplus.ee\/lt\/wp-json\/wp\/v2\/product_brand?post=34662"},{"taxonomy":"product_cat","embeddable":true,"href":"https:\/\/test.puhdasplus.ee\/lt\/wp-json\/wp\/v2\/product_cat?post=34662"},{"taxonomy":"product_tag","embeddable":true,"href":"https:\/\/test.puhdasplus.ee\/lt\/wp-json\/wp\/v2\/product_tag?post=34662"}],"curies":[{"name":"wp","href":"https:\/\/api.w.org\/{rel}","templated":true}]}}