{"id":34656,"date":"2025-02-28T10:19:09","date_gmt":"2025-02-28T08:19:09","guid":{"rendered":"https:\/\/test.puhdasplus.ee\/\/tooted\/be-kategorijos\/testosterono-stipriklis-60-kapsuliu\/"},"modified":"2026-02-22T22:46:32","modified_gmt":"2026-02-22T20:46:32","slug":"testosterono-stipriklis-60-kapsuliu","status":"publish","type":"product","link":"https:\/\/test.puhdasplus.ee\/lt\/tooted\/sportas\/testosterono-stipriklis-60-kapsuliu\/","title":{"rendered":"Testobooster 60 kapsuli\u0173"},"content":{"rendered":"<h1><b>Kas yra \u201ePure+ TestoBooster\u201c?<\/b><\/h1>\n<p class=\"p3\">\u201ePure+ TestoBooster\u201c yra auk\u0161tos kokyb\u0117s maisto papildas vyrams, kuriame derinami nat\u016bral\u016bs augal\u0173 ekstraktai, aminor\u016bg\u0161tis L-argininas, mineralas cinkas ir vitaminai B6, C bei E. Tai gryna ir subalansuota sud\u0117tis, tinkama vartoti kasdien ir apr\u016bpinanti organizm\u0105 b\u016btinomis maistin\u0117mis med\u017eiagomis.<\/p>\n<p class=\"p3\">Produkte n\u0117ra laktoz\u0117s, glitimo, mieli\u0173, sojos, kukur\u016bz\u0173 ar dirbtini\u0173 saldikli\u0173, tod\u0117l jis tinka vyrams, kurie vertina \u0161varias ir nat\u016bralias alternatyvas.<\/p>\n<h1><b>Kod\u0117l verta rinktis \u201ePure+ TestoBooster\u201c?<\/b><\/h1>\n<p class=\"p4\"><b>Cinkas<\/b><b><\/b><\/p>\n<ul>\n<li>\n<p class=\"p1\"><span class=\"s1\">padeda palaikyti<\/span> <b>normal\u0173 testosterono kiek\u012f kraujyje<\/b><b><\/b><\/p>\n<\/li>\n<li>\n<p class=\"p1\"><span class=\"s1\">palaiko<\/span> <b>normal\u0173 vaisingum\u0105 ir reprodukcin\u0119 funkcij\u0105<\/b><\/p>\n<\/li>\n<\/ul>\n<p class=\"p4\"><b>Vitaminas C<\/b><b><\/b><\/p>\n<ul>\n<li>\n<p class=\"p1\"><span class=\"s1\">padeda<\/span> <b>suma\u017einti nuovarg\u012f ir i\u0161sekim\u0105<\/b><b><\/b><\/p>\n<\/li>\n<li>\n<p class=\"p1\">palaiko normali\u0105 imunin\u0117s sistemos veikl\u0105<\/p>\n<\/li>\n<li>\n<p class=\"p1\">padeda apsaugoti l\u0105steles nuo oksidacinio streso<\/p>\n<\/li>\n<\/ul>\n<p class=\"p4\"><b>Vitaminas B6<\/b><b><\/b><\/p>\n<ul>\n<li>\n<p class=\"p1\"><span class=\"s1\">prisideda prie<\/span> <b>normalios energijos apykaitos<\/b><\/p>\n<\/li>\n<\/ul>\n<p class=\"p4\"><b>Vitaminas E<\/b><b><\/b><\/p>\n<ul>\n<li>\n<p class=\"p1\"><span class=\"s1\">padeda apsaugoti l\u0105steles<\/span> <b>nuo oksidacinio streso<\/b><\/p>\n<\/li>\n<\/ul>\n<p class=\"p3\">Produkte taip pat yra \u017een\u0161enio (Panax ginseng) ir tribulus terrestris ekstrakto, taip pat aminor\u016bg\u0161ties L-arginino \u2013 tai populiar\u016bs ingredientai vyr\u0173 maisto papilduose ir tradici\u0161kai naudojami vyrams skirtuose vaista\u017eoli\u0173 preparatuose.<\/p>\n<h1><b>Kam tinka \u201eTestoBooster\u201c?<\/b><\/h1>\n<ul>\n<li>\n<p class=\"p1\">Vyrams, norintiems vartoti <span class=\"s1\"><b>cink\u0105<\/b><\/span> , kuris padeda palaikyti normal\u0173 testosterono kiek\u012f kraujyje<\/p>\n<\/li>\n<li>\n<p class=\"p1\">Tiems, kurie nori papildyti savo kasdien\u0119 mityb\u0105 vitaminais, mineralais ir augal\u0173 ekstraktais<\/p>\n<\/li>\n<li>\n<p class=\"p1\">Vyrams, kuri\u0173 mityba nereguliari arba monotoni\u0161ka.<\/p>\n<\/li>\n<li>\n<p class=\"p1\">Tiems, kurie gyvena aktyv\u0173 gyvenimo b\u016bd\u0105 ir nori \u012f savo valgiara\u0161t\u012f \u012ftraukti prakti\u0161k\u0105 ir gryn\u0105 maisto papild\u0105<\/p>\n<\/li>\n<\/ul>\n<h1><b>Ingredientai<\/b><\/h1>\n<p class=\"p3\">Kalcio karbonatas, kapsul\u0117 (hidroksipropilmetilceliulioz\u0117, gelano derva), Tribulus terrestris ekstraktas, L-askorbo r\u016bg\u0161tis (vitaminas C), L-argininas, m\u0117lyni\u0173 milteliai, DL-alfa-tokoferilo acetatas (vitaminas E), cinko citratas, \u017een\u0161enio ekstraktas (Panax ginseng), piridoksino hidrochloridas (vitaminas B6).<\/p>\n<p class=\"p3\">Sud\u0117tyje n\u0117ra laktoz\u0117s, mieli\u0173, glitimo, druskos, sojos, kukur\u016bz\u0173 ar saldikli\u0173.<\/p>\n<h1><b>Maistin\u0117 vert\u0117 \u2013 2 kapsul\u0117s<\/b><\/h1>\n<ul>\n<li>\n<p class=\"p1\">Tribulus terrestris ekstraktas \u2014 150 mg<\/p>\n<\/li>\n<li>\n<p class=\"p1\">L-argininas \u2014 100 mg<\/p>\n<\/li>\n<li>\n<p class=\"p1\">\u017den\u0161enio ekstraktas \u2014 20 mg<\/p>\n<\/li>\n<li>\n<p class=\"p1\">Vitaminas B6 \u2013 2,8 mg (200 % NRV)<\/p>\n<\/li>\n<li>\n<p class=\"p1\">Vitaminas E \u2014 12 mg (100 % RMV)<\/p>\n<\/li>\n<li>\n<p class=\"p1\">Cinkas \u2014 10 mg (100 % RMV)<\/p>\n<\/li>\n<li>\n<p class=\"p1\">Kalcis \u2014 130 mg (16 % RMV)<\/p>\n<\/li>\n<li>\n<p class=\"p1\">Vitaminas C \u2014 120 mg (150 % RMV)<\/p>\n<\/li>\n<\/ul>\n<h1><b>Naudojimas<\/b><\/h1>\n<p class=\"p3\">2 kapsul\u0117s per dien\u0105, u\u017egeriant vandeniu.<\/p>\n<p class=\"p3\">Nevir\u0161ykite rekomenduojamos paros doz\u0117s.<\/p>\n<p class=\"p3\">Maisto papildas nepakei\u010dia \u012fvairios ir subalansuotos mitybos ar sveiko gyvenimo b\u016bdo.<\/p>\n<p class=\"p3\">Laikyti vaikams nepasiekiamoje vietoje.<\/p>\n","protected":false},"excerpt":{"rendered":"<p class=\"p1\"><b>\u201ePure+ TestoBooster\u201c sud\u0117tyje yra nat\u016brali\u0173 augal\u0173 ekstrakt\u0173, vitamin\u0173 ir mineral\u0173.<\/b><span class=\"s1\">  Produkto sud\u0117tyje yra Tribulus terrestris ekstrakto, \u017een\u0161enio, L-arginino, cinko ir vitamino C.  <\/span><b>Cinkas padeda palaikyti normal\u0173 testosterono kiek\u012f kraujyje ir palaiko normal\u0173 vaisingum\u0105 bei reprodukcin\u0119 funkcij\u0105.<\/b><span class=\"s1\">  Tribulus terrestris ir \u017een\u0161enis yra tradici\u0161kai naudojami \u017eoleli\u0173 ekstraktai.<\/span><\/p>\n","protected":false},"featured_media":34660,"comment_status":"closed","ping_status":"closed","template":"","meta":{"_acf_changed":false},"product_brand":[],"product_cat":[3049,3016,5603],"product_tag":[4048,5606,5611,3705,5609,5605,5604,5607,5612,3125,5610,5608],"class_list":{"0":"post-34656","1":"product","2":"type-product","3":"status-publish","4":"has-post-thumbnail","6":"product_cat-specialus-pasiulymai","7":"product_cat-sportas","8":"product_cat-vyrui","9":"product_tag-cinkas","10":"product_tag-didejantis-testosterono-lygis","11":"product_tag-energija-ir-istverme","12":"product_tag-l-argininas","13":"product_tag-naturalus-testosterono-stipriklis","14":"product_tag-testosterono-palaikymas","15":"product_tag-testosterono-stipriklis","16":"product_tag-tribulus-terrestris-lt","17":"product_tag-vaisingumas","18":"product_tag-vitaminas-c-lt","19":"product_tag-vyru-sveikata","20":"product_tag-zensenis","22":"first","23":"instock","24":"sale","25":"taxable","26":"shipping-taxable","27":"purchasable","28":"product-type-simple"},"acf":[],"yoast_head":"<!-- This site is optimized with the Yoast SEO plugin v27.1.1 - https:\/\/yoast.com\/product\/yoast-seo-wordpress\/ -->\n<title>Testobooster 60 kapsuli\u0173 - Puhdas+<\/title>\n<meta name=\"description\" content=\"\u201ePure+ TestoBooster\u201c palaiko normal\u0173 testosterono lyg\u012f ir vaisingum\u0105. Nat\u016bral\u016bs veikliosios med\u017eiagos padeda pagerinti energijos lyg\u012f ir fizin\u012f paj\u0117gum\u0105!\" \/>\n<meta name=\"robots\" content=\"noindex, follow, max-snippet:-1, max-image-preview:large, max-video-preview:-1\" \/>\n<meta property=\"og:locale\" content=\"lt_LT\" \/>\n<meta property=\"og:type\" content=\"article\" \/>\n<meta property=\"og:title\" content=\"Testobooster 60 kapsuli\u0173 - Puhdas+\" \/>\n<meta property=\"og:description\" content=\"\u201ePure+ TestoBooster\u201c palaiko normal\u0173 testosterono lyg\u012f ir vaisingum\u0105. Nat\u016bral\u016bs veikliosios med\u017eiagos padeda pagerinti energijos lyg\u012f ir fizin\u012f paj\u0117gum\u0105!\" \/>\n<meta property=\"og:url\" content=\"https:\/\/test.puhdasplus.ee\/lt\/tooted\/sportas\/testosterono-stipriklis-60-kapsuliu\/\" \/>\n<meta property=\"og:site_name\" content=\"Puhdas+\" \/>\n<meta property=\"article:publisher\" content=\"https:\/\/www.facebook.com\/puhdasplus\" \/>\n<meta property=\"article:modified_time\" content=\"2026-02-22T20:46:32+00:00\" \/>\n<meta property=\"og:image\" content=\"https:\/\/test.puhdasplus.ee\/wp-content\/uploads\/2025\/03\/126.jpg\" \/>\n\t<meta property=\"og:image:width\" content=\"1862\" \/>\n\t<meta property=\"og:image:height\" content=\"2560\" \/>\n\t<meta property=\"og:image:type\" content=\"image\/jpeg\" \/>\n<meta name=\"twitter:card\" content=\"summary_large_image\" \/>\n<meta name=\"twitter:label1\" content=\"Est. reading time\" \/>\n\t<meta name=\"twitter:data1\" content=\"2 minut\u0117\" \/>\n<script type=\"application\/ld+json\" class=\"yoast-schema-graph\">{\"@context\":\"https:\/\/schema.org\",\"@graph\":[{\"@type\":\"WebPage\",\"@id\":\"https:\/\/test.puhdasplus.ee\/lt\/tooted\/sportas\/testosterono-stipriklis-60-kapsuliu\/\",\"url\":\"https:\/\/test.puhdasplus.ee\/lt\/tooted\/sportas\/testosterono-stipriklis-60-kapsuliu\/\",\"name\":\"Testobooster 60 kapsuli\u0173 - Puhdas+\",\"isPartOf\":{\"@id\":\"https:\/\/test.puhdasplus.ee\/lt\/#website\"},\"primaryImageOfPage\":{\"@id\":\"https:\/\/test.puhdasplus.ee\/lt\/tooted\/sportas\/testosterono-stipriklis-60-kapsuliu\/#primaryimage\"},\"image\":{\"@id\":\"https:\/\/test.puhdasplus.ee\/lt\/tooted\/sportas\/testosterono-stipriklis-60-kapsuliu\/#primaryimage\"},\"thumbnailUrl\":\"https:\/\/test.puhdasplus.ee\/wp-content\/uploads\/2025\/03\/126.jpg\",\"datePublished\":\"2025-02-28T08:19:09+00:00\",\"dateModified\":\"2026-02-22T20:46:32+00:00\",\"description\":\"\u201ePure+ TestoBooster\u201c palaiko normal\u0173 testosterono lyg\u012f ir vaisingum\u0105. Nat\u016bral\u016bs veikliosios med\u017eiagos padeda pagerinti energijos lyg\u012f ir fizin\u012f paj\u0117gum\u0105!\",\"breadcrumb\":{\"@id\":\"https:\/\/test.puhdasplus.ee\/lt\/tooted\/sportas\/testosterono-stipriklis-60-kapsuliu\/#breadcrumb\"},\"inLanguage\":\"lt-LT\",\"potentialAction\":[{\"@type\":\"ReadAction\",\"target\":[\"https:\/\/test.puhdasplus.ee\/lt\/tooted\/sportas\/testosterono-stipriklis-60-kapsuliu\/\"]}]},{\"@type\":\"ImageObject\",\"inLanguage\":\"lt-LT\",\"@id\":\"https:\/\/test.puhdasplus.ee\/lt\/tooted\/sportas\/testosterono-stipriklis-60-kapsuliu\/#primaryimage\",\"url\":\"https:\/\/test.puhdasplus.ee\/wp-content\/uploads\/2025\/03\/126.jpg\",\"contentUrl\":\"https:\/\/test.puhdasplus.ee\/wp-content\/uploads\/2025\/03\/126.jpg\",\"width\":1862,\"height\":2560,\"caption\":\"Testosterono stipriklis\"},{\"@type\":\"BreadcrumbList\",\"@id\":\"https:\/\/test.puhdasplus.ee\/lt\/tooted\/sportas\/testosterono-stipriklis-60-kapsuliu\/#breadcrumb\",\"itemListElement\":[{\"@type\":\"ListItem\",\"position\":1,\"name\":\"Prad\u017eia\",\"item\":\"https:\/\/test.puhdasplus.ee\/lt\/\"},{\"@type\":\"ListItem\",\"position\":2,\"name\":\"Produktai\",\"item\":\"https:\/\/test.puhdasplus.ee\/lt\/parduotuve\/\"},{\"@type\":\"ListItem\",\"position\":3,\"name\":\"Testobooster 60 kapsuli\u0173\"}]},{\"@type\":\"WebSite\",\"@id\":\"https:\/\/test.puhdasplus.ee\/lt\/#website\",\"url\":\"https:\/\/test.puhdasplus.ee\/lt\/\",\"name\":\"Puhdas+\",\"description\":\"Vitamiinid, Toidulisandid, looduskosmeetika, tervis, sport\",\"publisher\":{\"@id\":\"https:\/\/test.puhdasplus.ee\/lt\/#organization\"},\"potentialAction\":[{\"@type\":\"SearchAction\",\"target\":{\"@type\":\"EntryPoint\",\"urlTemplate\":\"https:\/\/test.puhdasplus.ee\/lt\/?s={search_term_string}\"},\"query-input\":{\"@type\":\"PropertyValueSpecification\",\"valueRequired\":true,\"valueName\":\"search_term_string\"}}],\"inLanguage\":\"lt-LT\"},{\"@type\":\"Organization\",\"@id\":\"https:\/\/test.puhdasplus.ee\/lt\/#organization\",\"name\":\"Puhdas+\",\"alternateName\":\"Puhdasplus\",\"url\":\"https:\/\/test.puhdasplus.ee\/lt\/\",\"logo\":{\"@type\":\"ImageObject\",\"inLanguage\":\"lt-LT\",\"@id\":\"https:\/\/test.puhdasplus.ee\/lt\/#\/schema\/logo\/image\/\",\"url\":\"https:\/\/test.puhdasplus.ee\/\/wp-content\/uploads\/2019\/10\/puhdas_logo-arvele.png\",\"contentUrl\":\"https:\/\/test.puhdasplus.ee\/\/wp-content\/uploads\/2019\/10\/puhdas_logo-arvele.png\",\"width\":114,\"height\":94,\"caption\":\"Puhdas+\"},\"image\":{\"@id\":\"https:\/\/test.puhdasplus.ee\/lt\/#\/schema\/logo\/image\/\"},\"sameAs\":[\"https:\/\/www.facebook.com\/puhdasplus\",\"https:\/\/www.instagram.com\/puhdasplus_ee\/\"]}]}<\/script>\n<!-- \/ Yoast SEO plugin. -->","yoast_head_json":{"title":"Testobooster 60 kapsuli\u0173 - Puhdas+","description":"\u201ePure+ TestoBooster\u201c palaiko normal\u0173 testosterono lyg\u012f ir vaisingum\u0105. Nat\u016bral\u016bs veikliosios med\u017eiagos padeda pagerinti energijos lyg\u012f ir fizin\u012f paj\u0117gum\u0105!","robots":{"index":"noindex","follow":"follow","max-snippet":"max-snippet:-1","max-image-preview":"max-image-preview:large","max-video-preview":"max-video-preview:-1"},"og_locale":"lt_LT","og_type":"article","og_title":"Testobooster 60 kapsuli\u0173 - Puhdas+","og_description":"\u201ePure+ TestoBooster\u201c palaiko normal\u0173 testosterono lyg\u012f ir vaisingum\u0105. Nat\u016bral\u016bs veikliosios med\u017eiagos padeda pagerinti energijos lyg\u012f ir fizin\u012f paj\u0117gum\u0105!","og_url":"https:\/\/test.puhdasplus.ee\/lt\/tooted\/sportas\/testosterono-stipriklis-60-kapsuliu\/","og_site_name":"Puhdas+","article_publisher":"https:\/\/www.facebook.com\/puhdasplus","article_modified_time":"2026-02-22T20:46:32+00:00","og_image":[{"width":1862,"height":2560,"url":"https:\/\/test.puhdasplus.ee\/wp-content\/uploads\/2025\/03\/126.jpg","type":"image\/jpeg"}],"twitter_card":"summary_large_image","twitter_misc":{"Est. reading time":"2 minut\u0117"},"schema":{"@context":"https:\/\/schema.org","@graph":[{"@type":"WebPage","@id":"https:\/\/test.puhdasplus.ee\/lt\/tooted\/sportas\/testosterono-stipriklis-60-kapsuliu\/","url":"https:\/\/test.puhdasplus.ee\/lt\/tooted\/sportas\/testosterono-stipriklis-60-kapsuliu\/","name":"Testobooster 60 kapsuli\u0173 - Puhdas+","isPartOf":{"@id":"https:\/\/test.puhdasplus.ee\/lt\/#website"},"primaryImageOfPage":{"@id":"https:\/\/test.puhdasplus.ee\/lt\/tooted\/sportas\/testosterono-stipriklis-60-kapsuliu\/#primaryimage"},"image":{"@id":"https:\/\/test.puhdasplus.ee\/lt\/tooted\/sportas\/testosterono-stipriklis-60-kapsuliu\/#primaryimage"},"thumbnailUrl":"https:\/\/test.puhdasplus.ee\/wp-content\/uploads\/2025\/03\/126.jpg","datePublished":"2025-02-28T08:19:09+00:00","dateModified":"2026-02-22T20:46:32+00:00","description":"\u201ePure+ TestoBooster\u201c palaiko normal\u0173 testosterono lyg\u012f ir vaisingum\u0105. Nat\u016bral\u016bs veikliosios med\u017eiagos padeda pagerinti energijos lyg\u012f ir fizin\u012f paj\u0117gum\u0105!","breadcrumb":{"@id":"https:\/\/test.puhdasplus.ee\/lt\/tooted\/sportas\/testosterono-stipriklis-60-kapsuliu\/#breadcrumb"},"inLanguage":"lt-LT","potentialAction":[{"@type":"ReadAction","target":["https:\/\/test.puhdasplus.ee\/lt\/tooted\/sportas\/testosterono-stipriklis-60-kapsuliu\/"]}]},{"@type":"ImageObject","inLanguage":"lt-LT","@id":"https:\/\/test.puhdasplus.ee\/lt\/tooted\/sportas\/testosterono-stipriklis-60-kapsuliu\/#primaryimage","url":"https:\/\/test.puhdasplus.ee\/wp-content\/uploads\/2025\/03\/126.jpg","contentUrl":"https:\/\/test.puhdasplus.ee\/wp-content\/uploads\/2025\/03\/126.jpg","width":1862,"height":2560,"caption":"Testosterono stipriklis"},{"@type":"BreadcrumbList","@id":"https:\/\/test.puhdasplus.ee\/lt\/tooted\/sportas\/testosterono-stipriklis-60-kapsuliu\/#breadcrumb","itemListElement":[{"@type":"ListItem","position":1,"name":"Prad\u017eia","item":"https:\/\/test.puhdasplus.ee\/lt\/"},{"@type":"ListItem","position":2,"name":"Produktai","item":"https:\/\/test.puhdasplus.ee\/lt\/parduotuve\/"},{"@type":"ListItem","position":3,"name":"Testobooster 60 kapsuli\u0173"}]},{"@type":"WebSite","@id":"https:\/\/test.puhdasplus.ee\/lt\/#website","url":"https:\/\/test.puhdasplus.ee\/lt\/","name":"Puhdas+","description":"Vitamiinid, Toidulisandid, looduskosmeetika, tervis, sport","publisher":{"@id":"https:\/\/test.puhdasplus.ee\/lt\/#organization"},"potentialAction":[{"@type":"SearchAction","target":{"@type":"EntryPoint","urlTemplate":"https:\/\/test.puhdasplus.ee\/lt\/?s={search_term_string}"},"query-input":{"@type":"PropertyValueSpecification","valueRequired":true,"valueName":"search_term_string"}}],"inLanguage":"lt-LT"},{"@type":"Organization","@id":"https:\/\/test.puhdasplus.ee\/lt\/#organization","name":"Puhdas+","alternateName":"Puhdasplus","url":"https:\/\/test.puhdasplus.ee\/lt\/","logo":{"@type":"ImageObject","inLanguage":"lt-LT","@id":"https:\/\/test.puhdasplus.ee\/lt\/#\/schema\/logo\/image\/","url":"https:\/\/test.puhdasplus.ee\/\/wp-content\/uploads\/2019\/10\/puhdas_logo-arvele.png","contentUrl":"https:\/\/test.puhdasplus.ee\/\/wp-content\/uploads\/2019\/10\/puhdas_logo-arvele.png","width":114,"height":94,"caption":"Puhdas+"},"image":{"@id":"https:\/\/test.puhdasplus.ee\/lt\/#\/schema\/logo\/image\/"},"sameAs":["https:\/\/www.facebook.com\/puhdasplus","https:\/\/www.instagram.com\/puhdasplus_ee\/"]}]}},"_links":{"self":[{"href":"https:\/\/test.puhdasplus.ee\/lt\/wp-json\/wp\/v2\/product\/34656","targetHints":{"allow":["GET"]}}],"collection":[{"href":"https:\/\/test.puhdasplus.ee\/lt\/wp-json\/wp\/v2\/product"}],"about":[{"href":"https:\/\/test.puhdasplus.ee\/lt\/wp-json\/wp\/v2\/types\/product"}],"replies":[{"embeddable":true,"href":"https:\/\/test.puhdasplus.ee\/lt\/wp-json\/wp\/v2\/comments?post=34656"}],"wp:featuredmedia":[{"embeddable":true,"href":"https:\/\/test.puhdasplus.ee\/lt\/wp-json\/wp\/v2\/media\/34660"}],"wp:attachment":[{"href":"https:\/\/test.puhdasplus.ee\/lt\/wp-json\/wp\/v2\/media?parent=34656"}],"wp:term":[{"taxonomy":"product_brand","embeddable":true,"href":"https:\/\/test.puhdasplus.ee\/lt\/wp-json\/wp\/v2\/product_brand?post=34656"},{"taxonomy":"product_cat","embeddable":true,"href":"https:\/\/test.puhdasplus.ee\/lt\/wp-json\/wp\/v2\/product_cat?post=34656"},{"taxonomy":"product_tag","embeddable":true,"href":"https:\/\/test.puhdasplus.ee\/lt\/wp-json\/wp\/v2\/product_tag?post=34656"}],"curies":[{"name":"wp","href":"https:\/\/api.w.org\/{rel}","templated":true}]}}