{"id":34640,"date":"2025-02-15T14:41:54","date_gmt":"2025-02-15T12:41:54","guid":{"rendered":"https:\/\/test.puhdasplus.ee\/\/tooted\/be-kategorijos\/efektyvi-hialurono-rugstis-100-mg-veganiska\/"},"modified":"2026-03-04T22:03:56","modified_gmt":"2026-03-04T20:03:56","slug":"efektyvi-hialurono-rugstis-100-mg-veganiska","status":"publish","type":"product","link":"https:\/\/test.puhdasplus.ee\/lt\/tooted\/oda-plaukai-nagai\/efektyvi-hialurono-rugstis-100-mg-veganiska\/","title":{"rendered":"Efektyvi hialurono r\u016bg\u0161tis 100 mg"},"content":{"rendered":"<h2 data-start=\"145\" data-end=\"532\"><strong>Efektyvi hialurono r\u016bg\u0161tis \u2013 kasdieniam naudojimui!<\/strong><\/h2>\n<p data-start=\"145\" data-end=\"532\">Papildykite savo mityb\u0105 hialurono r\u016bg\u0161timi \u2013 nat\u016braliai organizme esan\u010dia med\u017eiaga, randama odoje ir jungiamuosiuose audiniuose. Patogi kapsuli\u0173 forma puikiai tinka kasdieniam naudojimui. <\/p>\n<h2 data-start=\"534\" data-end=\"556\"><strong data-start=\"534\" data-end=\"556\">Pagrindin\u0117s savyb\u0117s<\/strong><\/h2>\n<ul>\n<li data-start=\"1992\" data-end=\"2099\"><strong data-start=\"1992\" data-end=\"2009\">Hialurono r\u016bg\u0161tis<\/strong><br data-start=\"2009\" data-end=\"2012\">Hialurono r\u016bg\u0161tis yra nat\u016braliai organizme esanti med\u017eiaga, randama odoje ir jungiamuosiuose audiniuose.<\/li>\n<li data-start=\"2101\" data-end=\"2207\"><strong data-start=\"2101\" data-end=\"2122\">Grynumas ir sud\u0117tis<\/strong><br data-start=\"2122\" data-end=\"2125\">Be pieno, laktoz\u0117s, mieli\u0173, glitimo, cukraus, druskos, sojos ir saldikli\u0173.<\/li>\n<li data-start=\"2209\" data-end=\"2269\"><strong data-start=\"2209\" data-end=\"2231\">Veikliosios med\u017eiagos kiekis<\/strong><br data-start=\"2231\" data-end=\"2234\">100 mg hialurono r\u016bg\u0161ties vienoje kapsul\u0117je.<\/li>\n<\/ul>\n<h2 data-start=\"1001\" data-end=\"1228\"><strong>Naudojimas<\/strong><\/h2>\n<p data-start=\"1001\" data-end=\"1228\">Rekomenduojama doz\u0117 \u2013 1 kapsul\u0117 per dien\u0105 u\u017esigeriant vandeniu.<\/p>\n<h2 data-start=\"437\" data-end=\"457\"><strong data-start=\"441\" data-end=\"455\">\u012esp\u0117jimai<\/strong><\/h2>\n<ul data-start=\"458\" data-end=\"679\">\n<li data-start=\"504\" data-end=\"547\">Nevir\u0161ykite rekomenduojamos paros doz\u0117s.<\/li>\n<li data-start=\"548\" data-end=\"640\">Maisto papildas nepakei\u010dia \u012fvairios ir subalansuotos mitybos ar sveiko gyvenimo b\u016bdo.<\/li>\n<li data-start=\"641\" data-end=\"679\">Laikyti vaikams nepasiekiamoje vietoje.<\/li>\n<\/ul>\n<h2 data-start=\"681\" data-end=\"703\"><strong data-start=\"685\" data-end=\"701\">Sand\u0117liavimas<\/strong><\/h2>\n<p data-start=\"681\" data-end=\"703\">Laikyti sausoje vietoje, kambario temperat\u016broje.<\/p>\n<h2 data-start=\"681\" data-end=\"703\"><strong data-start=\"685\" data-end=\"701\">Mitybos informacija<\/strong><\/h2>\n<p data-start=\"1563\" data-end=\"1598\"><strong data-start=\"1563\" data-end=\"1598\">1 kapsul\u0117je yra: <\/strong>Hialurono r\u016bg\u0161tis 100 mg<\/p>\n<p><strong data-start=\"110\" data-end=\"133\">Sudedamosios dalys: <\/strong>Hialurono r\u016bg\u0161tis, augalinis kapsul\u0117s apvalkalas (HPMC)<\/p>\n<p data-start=\"1563\" data-end=\"1598\"><strong data-start=\"145\" data-end=\"176\">Sud\u0117tyje n\u0117ra:<\/strong> cukraus, druskos, mieli\u0173, pieno, laktoz\u0117s, krakmolo, kukur\u016bz\u0173, sojos, saldikli\u0173, laktoz\u0117s ar glitimo.<\/p>\n<p data-start=\"1563\" data-end=\"1598\">\n<p data-start=\"1563\" data-end=\"1598\"><strong data-start=\"145\" data-end=\"176\">Tinka veganams ir vegetarams<\/strong><\/p>\n<p data-start=\"2882\" data-end=\"2920\"><strong data-start=\"2882\" data-end=\"2893\">Gamintojas:<\/strong><br data-start=\"2893\" data-end=\"2896\">\u201eNew Organics Oy\u201c, Suomija<\/p>\n<p data-start=\"2922\" data-end=\"2987\"><strong data-start=\"2922\" data-end=\"2937\">Importuotojas:<\/strong><br data-start=\"2937\" data-end=\"2940\">\u201eNordenBio O\u00dc\u201c, Narva mnt 7, 10117 Talinas, Estija<\/p>\n","protected":false},"excerpt":{"rendered":"<p data-start=\"69\" data-end=\"397\"><strong>\u201ePuhdas+\u201c efektyvi hialurono r\u016bg\u0161tis<\/strong> 100 mg yra maisto papildas kapsul\u0117mis, kurio sud\u0117tyje yra hialurono r\u016bg\u0161ties \u2013 nat\u016braliai organizme esan\u010dios med\u017eiagos, randamos odos ir jungiam\u0173j\u0173 audini\u0173 sud\u0117tyje. Patogi kapsuli\u0173 forma tinka kasdieniam naudojimui tiems, kurie nori papildyti savo mityb\u0105 hialurono r\u016bg\u0161timi. <\/p>\n","protected":false},"featured_media":32433,"comment_status":"closed","ping_status":"closed","template":"","meta":{"_acf_changed":false},"product_brand":[],"product_cat":[3282],"product_tag":[5549,2577,5545,5538,5537,2690,5548,5540,5547,5534,2595,5550,2885,3144,5362,2967,5546,5543],"class_list":{"0":"post-34640","1":"product","2":"type-product","3":"status-publish","4":"has-post-thumbnail","6":"product_cat-oda-plaukai-nagai","7":"product_tag-geriausia-hialurono-rugstis","8":"product_tag-grynas-grozis","9":"product_tag-hialurono-rugsties-kapsules-lt","10":"product_tag-hialurono-rugsties-kapsules","11":"product_tag-hialurono-rugsties-maisto-papildas","12":"product_tag-hialurono-rugstis","13":"product_tag-hialurono-rugstis-odai","14":"product_tag-hialurono-rugstis-plaukams-ir-nagams","15":"product_tag-maisto-papildas-sanariams","16":"product_tag-natrio-hialuronatas","17":"product_tag-odos-drekinimas","18":"product_tag-odos-elastingumas-ir-dregme","19":"product_tag-rauksliu-mazinimas","20":"product_tag-raumenys-ir-sanariai","21":"product_tag-sanariu-sveikata","22":"product_tag-veganas","23":"product_tag-veganiska-hialurono-rugstis","24":"product_tag-veganiskas-maisto-papildas","26":"first","27":"onbackorder","28":"taxable","29":"shipping-taxable","30":"purchasable","31":"product-type-variable","32":"has-default-attributes"},"acf":[],"yoast_head":"<!-- This site is optimized with the Yoast SEO plugin v27.1.1 - https:\/\/yoast.com\/product\/yoast-seo-wordpress\/ -->\n<title>Efektyvi hialurono r\u016bg\u0161tis 100 mg - Puhdas+<\/title>\n<meta name=\"description\" content=\"Efektyvi hialurono r\u016bg\u0161tis \u2013 100 mg grynos hialurono r\u016bg\u0161ties kapsul\u0117se, skirtos odos dr\u0117kinimui ir elastingumo palaikymui. Tinka veganams.\" \/>\n<meta name=\"robots\" content=\"noindex, follow, max-snippet:-1, max-image-preview:large, max-video-preview:-1\" \/>\n<meta property=\"og:locale\" content=\"lt_LT\" \/>\n<meta property=\"og:type\" content=\"article\" \/>\n<meta property=\"og:title\" content=\"Efektyvi hialurono r\u016bg\u0161tis 100 mg - Puhdas+\" \/>\n<meta property=\"og:description\" content=\"Efektyvi hialurono r\u016bg\u0161tis \u2013 100 mg grynos hialurono r\u016bg\u0161ties kapsul\u0117se, skirtos odos dr\u0117kinimui ir elastingumo palaikymui. Tinka veganams.\" \/>\n<meta property=\"og:url\" content=\"https:\/\/test.puhdasplus.ee\/lt\/tooted\/oda-plaukai-nagai\/efektyvi-hialurono-rugstis-100-mg-veganiska\/\" \/>\n<meta property=\"og:site_name\" content=\"Puhdas+\" \/>\n<meta property=\"article:publisher\" content=\"https:\/\/www.facebook.com\/puhdasplus\" \/>\n<meta property=\"article:modified_time\" content=\"2026-03-04T20:03:56+00:00\" \/>\n<meta property=\"og:image\" content=\"https:\/\/test.puhdasplus.ee\/wp-content\/uploads\/2025\/02\/Hyaluronihappo_60kapstaustalla.jpg.webp\" \/>\n\t<meta property=\"og:image:width\" content=\"1100\" \/>\n\t<meta property=\"og:image:height\" content=\"1513\" \/>\n\t<meta property=\"og:image:type\" content=\"image\/webp\" \/>\n<meta name=\"twitter:card\" content=\"summary_large_image\" \/>\n<meta name=\"twitter:label1\" content=\"Est. reading time\" \/>\n\t<meta name=\"twitter:data1\" content=\"1 minut\u0117\" \/>\n<script type=\"application\/ld+json\" class=\"yoast-schema-graph\">{\"@context\":\"https:\/\/schema.org\",\"@graph\":[{\"@type\":\"WebPage\",\"@id\":\"https:\/\/test.puhdasplus.ee\/lt\/tooted\/oda-plaukai-nagai\/efektyvi-hialurono-rugstis-100-mg-veganiska\/\",\"url\":\"https:\/\/test.puhdasplus.ee\/lt\/tooted\/oda-plaukai-nagai\/efektyvi-hialurono-rugstis-100-mg-veganiska\/\",\"name\":\"Efektyvi hialurono r\u016bg\u0161tis 100 mg - Puhdas+\",\"isPartOf\":{\"@id\":\"https:\/\/test.puhdasplus.ee\/lt\/#website\"},\"primaryImageOfPage\":{\"@id\":\"https:\/\/test.puhdasplus.ee\/lt\/tooted\/oda-plaukai-nagai\/efektyvi-hialurono-rugstis-100-mg-veganiska\/#primaryimage\"},\"image\":{\"@id\":\"https:\/\/test.puhdasplus.ee\/lt\/tooted\/oda-plaukai-nagai\/efektyvi-hialurono-rugstis-100-mg-veganiska\/#primaryimage\"},\"thumbnailUrl\":\"https:\/\/test.puhdasplus.ee\/wp-content\/uploads\/2025\/02\/Hyaluronihappo_60kapstaustalla.jpg.webp\",\"datePublished\":\"2025-02-15T12:41:54+00:00\",\"dateModified\":\"2026-03-04T20:03:56+00:00\",\"description\":\"Efektyvi hialurono r\u016bg\u0161tis \u2013 100 mg grynos hialurono r\u016bg\u0161ties kapsul\u0117se, skirtos odos dr\u0117kinimui ir elastingumo palaikymui. Tinka veganams.\",\"breadcrumb\":{\"@id\":\"https:\/\/test.puhdasplus.ee\/lt\/tooted\/oda-plaukai-nagai\/efektyvi-hialurono-rugstis-100-mg-veganiska\/#breadcrumb\"},\"inLanguage\":\"lt-LT\",\"potentialAction\":[{\"@type\":\"ReadAction\",\"target\":[\"https:\/\/test.puhdasplus.ee\/lt\/tooted\/oda-plaukai-nagai\/efektyvi-hialurono-rugstis-100-mg-veganiska\/\"]}]},{\"@type\":\"ImageObject\",\"inLanguage\":\"lt-LT\",\"@id\":\"https:\/\/test.puhdasplus.ee\/lt\/tooted\/oda-plaukai-nagai\/efektyvi-hialurono-rugstis-100-mg-veganiska\/#primaryimage\",\"url\":\"https:\/\/test.puhdasplus.ee\/wp-content\/uploads\/2025\/02\/Hyaluronihappo_60kapstaustalla.jpg.webp\",\"contentUrl\":\"https:\/\/test.puhdasplus.ee\/wp-content\/uploads\/2025\/02\/Hyaluronihappo_60kapstaustalla.jpg.webp\",\"width\":1100,\"height\":1513,\"caption\":\"Hialurono r\u016bg\u0161tis\"},{\"@type\":\"BreadcrumbList\",\"@id\":\"https:\/\/test.puhdasplus.ee\/lt\/tooted\/oda-plaukai-nagai\/efektyvi-hialurono-rugstis-100-mg-veganiska\/#breadcrumb\",\"itemListElement\":[{\"@type\":\"ListItem\",\"position\":1,\"name\":\"Prad\u017eia\",\"item\":\"https:\/\/test.puhdasplus.ee\/lt\/\"},{\"@type\":\"ListItem\",\"position\":2,\"name\":\"Produktai\",\"item\":\"https:\/\/test.puhdasplus.ee\/lt\/parduotuve\/\"},{\"@type\":\"ListItem\",\"position\":3,\"name\":\"Efektyvi hialurono r\u016bg\u0161tis 100 mg\"}]},{\"@type\":\"WebSite\",\"@id\":\"https:\/\/test.puhdasplus.ee\/lt\/#website\",\"url\":\"https:\/\/test.puhdasplus.ee\/lt\/\",\"name\":\"Puhdas+\",\"description\":\"Vitamiinid, Toidulisandid, looduskosmeetika, tervis, sport\",\"publisher\":{\"@id\":\"https:\/\/test.puhdasplus.ee\/lt\/#organization\"},\"potentialAction\":[{\"@type\":\"SearchAction\",\"target\":{\"@type\":\"EntryPoint\",\"urlTemplate\":\"https:\/\/test.puhdasplus.ee\/lt\/?s={search_term_string}\"},\"query-input\":{\"@type\":\"PropertyValueSpecification\",\"valueRequired\":true,\"valueName\":\"search_term_string\"}}],\"inLanguage\":\"lt-LT\"},{\"@type\":\"Organization\",\"@id\":\"https:\/\/test.puhdasplus.ee\/lt\/#organization\",\"name\":\"Puhdas+\",\"alternateName\":\"Puhdasplus\",\"url\":\"https:\/\/test.puhdasplus.ee\/lt\/\",\"logo\":{\"@type\":\"ImageObject\",\"inLanguage\":\"lt-LT\",\"@id\":\"https:\/\/test.puhdasplus.ee\/lt\/#\/schema\/logo\/image\/\",\"url\":\"https:\/\/test.puhdasplus.ee\/\/wp-content\/uploads\/2019\/10\/puhdas_logo-arvele.png\",\"contentUrl\":\"https:\/\/test.puhdasplus.ee\/\/wp-content\/uploads\/2019\/10\/puhdas_logo-arvele.png\",\"width\":114,\"height\":94,\"caption\":\"Puhdas+\"},\"image\":{\"@id\":\"https:\/\/test.puhdasplus.ee\/lt\/#\/schema\/logo\/image\/\"},\"sameAs\":[\"https:\/\/www.facebook.com\/puhdasplus\",\"https:\/\/www.instagram.com\/puhdasplus_ee\/\"]}]}<\/script>\n<!-- \/ Yoast SEO plugin. -->","yoast_head_json":{"title":"Efektyvi hialurono r\u016bg\u0161tis 100 mg - Puhdas+","description":"Efektyvi hialurono r\u016bg\u0161tis \u2013 100 mg grynos hialurono r\u016bg\u0161ties kapsul\u0117se, skirtos odos dr\u0117kinimui ir elastingumo palaikymui. Tinka veganams.","robots":{"index":"noindex","follow":"follow","max-snippet":"max-snippet:-1","max-image-preview":"max-image-preview:large","max-video-preview":"max-video-preview:-1"},"og_locale":"lt_LT","og_type":"article","og_title":"Efektyvi hialurono r\u016bg\u0161tis 100 mg - Puhdas+","og_description":"Efektyvi hialurono r\u016bg\u0161tis \u2013 100 mg grynos hialurono r\u016bg\u0161ties kapsul\u0117se, skirtos odos dr\u0117kinimui ir elastingumo palaikymui. Tinka veganams.","og_url":"https:\/\/test.puhdasplus.ee\/lt\/tooted\/oda-plaukai-nagai\/efektyvi-hialurono-rugstis-100-mg-veganiska\/","og_site_name":"Puhdas+","article_publisher":"https:\/\/www.facebook.com\/puhdasplus","article_modified_time":"2026-03-04T20:03:56+00:00","og_image":[{"width":1100,"height":1513,"url":"https:\/\/test.puhdasplus.ee\/wp-content\/uploads\/2025\/02\/Hyaluronihappo_60kapstaustalla.jpg.webp","type":"image\/webp"}],"twitter_card":"summary_large_image","twitter_misc":{"Est. reading time":"1 minut\u0117"},"schema":{"@context":"https:\/\/schema.org","@graph":[{"@type":"WebPage","@id":"https:\/\/test.puhdasplus.ee\/lt\/tooted\/oda-plaukai-nagai\/efektyvi-hialurono-rugstis-100-mg-veganiska\/","url":"https:\/\/test.puhdasplus.ee\/lt\/tooted\/oda-plaukai-nagai\/efektyvi-hialurono-rugstis-100-mg-veganiska\/","name":"Efektyvi hialurono r\u016bg\u0161tis 100 mg - Puhdas+","isPartOf":{"@id":"https:\/\/test.puhdasplus.ee\/lt\/#website"},"primaryImageOfPage":{"@id":"https:\/\/test.puhdasplus.ee\/lt\/tooted\/oda-plaukai-nagai\/efektyvi-hialurono-rugstis-100-mg-veganiska\/#primaryimage"},"image":{"@id":"https:\/\/test.puhdasplus.ee\/lt\/tooted\/oda-plaukai-nagai\/efektyvi-hialurono-rugstis-100-mg-veganiska\/#primaryimage"},"thumbnailUrl":"https:\/\/test.puhdasplus.ee\/wp-content\/uploads\/2025\/02\/Hyaluronihappo_60kapstaustalla.jpg.webp","datePublished":"2025-02-15T12:41:54+00:00","dateModified":"2026-03-04T20:03:56+00:00","description":"Efektyvi hialurono r\u016bg\u0161tis \u2013 100 mg grynos hialurono r\u016bg\u0161ties kapsul\u0117se, skirtos odos dr\u0117kinimui ir elastingumo palaikymui. Tinka veganams.","breadcrumb":{"@id":"https:\/\/test.puhdasplus.ee\/lt\/tooted\/oda-plaukai-nagai\/efektyvi-hialurono-rugstis-100-mg-veganiska\/#breadcrumb"},"inLanguage":"lt-LT","potentialAction":[{"@type":"ReadAction","target":["https:\/\/test.puhdasplus.ee\/lt\/tooted\/oda-plaukai-nagai\/efektyvi-hialurono-rugstis-100-mg-veganiska\/"]}]},{"@type":"ImageObject","inLanguage":"lt-LT","@id":"https:\/\/test.puhdasplus.ee\/lt\/tooted\/oda-plaukai-nagai\/efektyvi-hialurono-rugstis-100-mg-veganiska\/#primaryimage","url":"https:\/\/test.puhdasplus.ee\/wp-content\/uploads\/2025\/02\/Hyaluronihappo_60kapstaustalla.jpg.webp","contentUrl":"https:\/\/test.puhdasplus.ee\/wp-content\/uploads\/2025\/02\/Hyaluronihappo_60kapstaustalla.jpg.webp","width":1100,"height":1513,"caption":"Hialurono r\u016bg\u0161tis"},{"@type":"BreadcrumbList","@id":"https:\/\/test.puhdasplus.ee\/lt\/tooted\/oda-plaukai-nagai\/efektyvi-hialurono-rugstis-100-mg-veganiska\/#breadcrumb","itemListElement":[{"@type":"ListItem","position":1,"name":"Prad\u017eia","item":"https:\/\/test.puhdasplus.ee\/lt\/"},{"@type":"ListItem","position":2,"name":"Produktai","item":"https:\/\/test.puhdasplus.ee\/lt\/parduotuve\/"},{"@type":"ListItem","position":3,"name":"Efektyvi hialurono r\u016bg\u0161tis 100 mg"}]},{"@type":"WebSite","@id":"https:\/\/test.puhdasplus.ee\/lt\/#website","url":"https:\/\/test.puhdasplus.ee\/lt\/","name":"Puhdas+","description":"Vitamiinid, Toidulisandid, looduskosmeetika, tervis, sport","publisher":{"@id":"https:\/\/test.puhdasplus.ee\/lt\/#organization"},"potentialAction":[{"@type":"SearchAction","target":{"@type":"EntryPoint","urlTemplate":"https:\/\/test.puhdasplus.ee\/lt\/?s={search_term_string}"},"query-input":{"@type":"PropertyValueSpecification","valueRequired":true,"valueName":"search_term_string"}}],"inLanguage":"lt-LT"},{"@type":"Organization","@id":"https:\/\/test.puhdasplus.ee\/lt\/#organization","name":"Puhdas+","alternateName":"Puhdasplus","url":"https:\/\/test.puhdasplus.ee\/lt\/","logo":{"@type":"ImageObject","inLanguage":"lt-LT","@id":"https:\/\/test.puhdasplus.ee\/lt\/#\/schema\/logo\/image\/","url":"https:\/\/test.puhdasplus.ee\/\/wp-content\/uploads\/2019\/10\/puhdas_logo-arvele.png","contentUrl":"https:\/\/test.puhdasplus.ee\/\/wp-content\/uploads\/2019\/10\/puhdas_logo-arvele.png","width":114,"height":94,"caption":"Puhdas+"},"image":{"@id":"https:\/\/test.puhdasplus.ee\/lt\/#\/schema\/logo\/image\/"},"sameAs":["https:\/\/www.facebook.com\/puhdasplus","https:\/\/www.instagram.com\/puhdasplus_ee\/"]}]}},"_links":{"self":[{"href":"https:\/\/test.puhdasplus.ee\/lt\/wp-json\/wp\/v2\/product\/34640","targetHints":{"allow":["GET"]}}],"collection":[{"href":"https:\/\/test.puhdasplus.ee\/lt\/wp-json\/wp\/v2\/product"}],"about":[{"href":"https:\/\/test.puhdasplus.ee\/lt\/wp-json\/wp\/v2\/types\/product"}],"replies":[{"embeddable":true,"href":"https:\/\/test.puhdasplus.ee\/lt\/wp-json\/wp\/v2\/comments?post=34640"}],"wp:featuredmedia":[{"embeddable":true,"href":"https:\/\/test.puhdasplus.ee\/lt\/wp-json\/wp\/v2\/media\/32433"}],"wp:attachment":[{"href":"https:\/\/test.puhdasplus.ee\/lt\/wp-json\/wp\/v2\/media?parent=34640"}],"wp:term":[{"taxonomy":"product_brand","embeddable":true,"href":"https:\/\/test.puhdasplus.ee\/lt\/wp-json\/wp\/v2\/product_brand?post=34640"},{"taxonomy":"product_cat","embeddable":true,"href":"https:\/\/test.puhdasplus.ee\/lt\/wp-json\/wp\/v2\/product_cat?post=34640"},{"taxonomy":"product_tag","embeddable":true,"href":"https:\/\/test.puhdasplus.ee\/lt\/wp-json\/wp\/v2\/product_tag?post=34640"}],"curies":[{"name":"wp","href":"https:\/\/api.w.org\/{rel}","templated":true}]}}