{"id":34620,"date":"2025-02-15T14:08:33","date_gmt":"2025-02-15T12:08:33","guid":{"rendered":"https:\/\/test.puhdasplus.ee\/\/tooted\/be-kategorijos\/kolageno-ir-saltalankiu-120-kapsuliu\/"},"modified":"2026-02-22T22:47:01","modified_gmt":"2026-02-22T20:47:01","slug":"kolageno-ir-saltalankiu-120-kapsuliu","status":"publish","type":"product","link":"https:\/\/test.puhdasplus.ee\/lt\/tooted\/oda-plaukai-nagai\/kolagenas\/kolageno-ir-saltalankiu-120-kapsuliu\/","title":{"rendered":"Kolageno ir \u0161altalanki\u0173 120 kapsuli\u0173"},"content":{"rendered":"<h3 data-start=\"286\" data-end=\"323\"><strong>Kolagenas ir \u0161altalankis \u2013 120 kapsuli\u0173 | Palaiko od\u0105, plaukus ir s\u0105narius  <\/strong><\/h3>\n<p data-start=\"364\" data-end=\"676\">Gro\u017eis ir gerov\u0117 prasideda viduje \u2013 <strong>kolageno ir \u0161altalanki\u0173<\/strong> maisto papildas sukurtas palaikyti normali\u0105 odos, plauk\u0173 ir s\u0105nari\u0173 b\u016bkl\u0119. \u0160is nat\u016bralus ingredient\u0173 derinys tinka kasdieniam naudojimui tiems, kurie nori palaikyti nat\u016bralius savo organizmo procesus ir prisid\u0117ti prie gyvybingumo bet kuriame am\u017eiuje. <\/p>\n<p data-start=\"678\" data-end=\"961\"><strong>Kolagenas<\/strong> yra vienas i\u0161 pagrindini\u0173 \u017emogaus organizmo baltym\u0173, dalyvaujantis odos, plauk\u0173, nag\u0173, s\u0105nari\u0173 ir kaul\u0173 strukt\u016broje. Nat\u016bralus kolageno kiekis organizme ma\u017e\u0117ja su am\u017eiumi. Hidrolizuotas kolagenas yra suskaidomas \u012f ma\u017eesnes dalis, tod\u0117l lengvai absorbuojamas, palaikydamas organizmo baltym\u0173 \u012fsisavinim\u0105.  <\/p>\n<p data-start=\"963\" data-end=\"1350\"><strong>\u0160altalanki\u0173<\/strong> uog\u0173 milteliai yra nat\u016bralus vitamino C \u0161altinis, kuris prisideda prie normalaus kolageno susidarymo odoje, kremzl\u0117se ir kraujagysl\u0117se. Vitaminas C padeda apsaugoti l\u0105steles nuo oksidacinio streso ir palaiko imunin\u0117s sistemos funkcij\u0105 bei energijos apykait\u0105. \u0160altalankiuose taip pat yra \u012fvairi\u0173 nat\u016brali\u0173 bioaktyvi\u0173j\u0173 jungini\u0173, kurie, kaip \u017einoma, palaiko odos gerov\u0119.  <\/p>\n<p data-start=\"1352\" data-end=\"1548\">Diatomito \u017eem\u0117je yra nat\u016bralaus silicio, kuris padeda i\u0161laikyti stiprius plaukus ir nagus. Vitaminas B3, arba niacinas, padeda palaikyti normali\u0105 gleivini\u0173 ir odos b\u016bkl\u0119 bei palaiko energijos apykait\u0105. <\/p>\n<p data-start=\"1094\" data-end=\"1116\"><strong data-start=\"1098\" data-end=\"1114\">Sudedamosios dalys:<\/strong><\/p>\n<ul data-start=\"1117\" data-end=\"1426\">\n<li data-start=\"1117\" data-end=\"1149\">Hidrolizuotas galvij\u0173 kolagenas<\/li>\n<li data-start=\"1150\" data-end=\"1226\">Kapsul\u0117 (stabilizatoriai: hidroksipropilmetilceliulioz\u0117, gelano derva)<\/li>\n<li data-start=\"1227\" data-end=\"1244\">Diatomito \u017eem\u0117<\/li>\n<li data-start=\"1245\" data-end=\"1264\">\u0160altalanki\u0173 milteliai<\/li>\n<li data-start=\"1265\" data-end=\"1306\">U\u017epildas (mikrokristalin\u0117 celiulioz\u0117)<\/li>\n<li data-start=\"1307\" data-end=\"1426\">Nikotinamidas (vitaminas B3)<br data-start=\"1336\" data-end=\"1339\"> <strong data-start=\"866\" data-end=\"881\">Sud\u0117tyje n\u0117ra:<\/strong> cukraus, druskos, krakmolo, saldikli\u0173 ar glitimo.<\/li>\n<\/ul>\n<p data-start=\"849\" data-end=\"871\"><strong data-start=\"853\" data-end=\"869\">Vartojimas:<\/strong> 1\u20134 kapsul\u0117s per dien\u0105. Nevir\u0161ykite rekomenduojamos paros doz\u0117s. <\/p>\n<p data-start=\"849\" data-end=\"871\"><strong data-start=\"90\" data-end=\"104\">Grynasis svoris:<\/strong> 72 g \/ 120 kapsuli\u0173<\/p>\n<p data-start=\"1485\" data-end=\"1529\"><strong data-start=\"1489\" data-end=\"1527\">Maistin\u0117 informacija (1-4 kapsul\u0117s):<\/strong><\/p>\n<ul data-start=\"1530\" data-end=\"1753\">\n<li data-start=\"1530\" data-end=\"1565\"><strong data-start=\"1532\" data-end=\"1546\">Kolagenas:<\/strong> 250 mg \u2013 1000 mg<\/li>\n<li data-start=\"1566\" data-end=\"1598\"><strong data-start=\"1568\" data-end=\"1582\">\u0160altalankis:<\/strong> 10 mg\u201340 mg<\/li>\n<li data-start=\"1599\" data-end=\"1669\"><strong data-start=\"1601\" data-end=\"1619\">Diatomito \u017eem\u0117:<\/strong> 23,8 mg \u2013 95,2 mg (i\u0161 kuri\u0173 silicio: 10 mg \u2013 40 mg)<\/li>\n<li data-start=\"1670\" data-end=\"1753\"><strong data-start=\"1672\" data-end=\"1699\">Vitaminas B3 (niacinas):<\/strong> 4 mg\u201316 mg (25\u2013100 % rekomenduojamos paros normos)<\/li>\n<\/ul>\n<p data-start=\"935\" data-end=\"956\">D\u0117mesio: Maisto papildai nepakei\u010dia \u012fvairios ir subalansuotos mitybos ar sveiko gyvenimo b\u016bdo. Laikyti vaikams nepasiekiamoje vietoje.<\/p>\n","protected":false},"excerpt":{"rendered":"<h3 data-start=\"208\" data-end=\"285\"><strong data-start=\"212\" data-end=\"283\">KOLAGENAS IR GLUOSNIS \u2013 GRO\u017dIS, ENERGIJA IR I\u0160SAUGOTA GEROV\u0116 VIENOJE KAPSUL\u0116JE!<\/strong><\/h3>\n<p data-start=\"287\" data-end=\"642\">Palaikykite nat\u016brali\u0105 odos, plauk\u0173, nag\u0173 ir s\u0105nari\u0173 b\u016bkl\u0119 greitai \u012fsisavinamu hidrolizuotu kolagenu. \u0160altalanki\u0173 uog\u0173 milteliai apr\u016bpina organizm\u0105 nat\u016braliu vitaminu C, kuris prisideda prie kolageno susidarymo ir palaiko imunin\u0117s sistemos veikl\u0105. \u0160is galingas derinys skirtas jums, kurie nori jaustis gyvybingais, i\u0161laikyti spindes\u012f ir judrum\u0105 \u2013 bet kuriame am\u017eiuje!  <\/p>\n","protected":false},"featured_media":34627,"comment_status":"closed","ping_status":"closed","template":"","meta":{"_acf_changed":false},"product_brand":[],"product_cat":[4066,3049],"product_tag":[3985,3320,3319,5486,3463,5490,5485,5487,5482,3131,5489,5488,5491,3986,5483,5360,5362],"class_list":{"0":"post-34620","1":"product","2":"type-product","3":"status-publish","4":"has-post-thumbnail","6":"product_cat-kolagenas","7":"product_cat-specialus-pasiulymai","8":"product_tag-ant-odos","9":"product_tag-be-glitimo","10":"product_tag-be-laktozes","11":"product_tag-geriausias-kolagenas","12":"product_tag-kolagenas","13":"product_tag-kolagenas-kapsulese","14":"product_tag-kolagenas-plaukams-ir-odai","15":"product_tag-kolagenas-su-vitaminu-c","16":"product_tag-kolageno-kapsules","17":"product_tag-maisto-papildas","18":"product_tag-naturalus-kolagenas","19":"product_tag-odos-jaunyste","20":"product_tag-palaikant-imuniteta","21":"product_tag-plaukams","22":"product_tag-saltalankiu-papildas","23":"product_tag-sanariams","24":"product_tag-sanariu-sveikata","26":"first","27":"instock","28":"sale","29":"taxable","30":"shipping-taxable","31":"purchasable","32":"product-type-simple"},"acf":[],"yoast_head":"<!-- This site is optimized with the Yoast SEO plugin v27.1.1 - https:\/\/yoast.com\/product\/yoast-seo-wordpress\/ -->\n<title>Kolageno ir \u0161altalanki\u0173 120 kapsuli\u0173 - Puhdas+<\/title>\n<meta name=\"description\" content=\"Nat\u016bralus kolageno ir \u0161altalanki\u0173 papildas palaiko odos elastingum\u0105, stiprina plaukus ir nagus, gerina s\u0105nari\u0173 judrum\u0105.\" \/>\n<meta name=\"robots\" content=\"noindex, follow, max-snippet:-1, max-image-preview:large, max-video-preview:-1\" \/>\n<meta property=\"og:locale\" content=\"lt_LT\" \/>\n<meta property=\"og:type\" content=\"article\" \/>\n<meta property=\"og:title\" content=\"Kolageno ir \u0161altalanki\u0173 120 kapsuli\u0173 - Puhdas+\" \/>\n<meta property=\"og:description\" content=\"Nat\u016bralus kolageno ir \u0161altalanki\u0173 papildas palaiko odos elastingum\u0105, stiprina plaukus ir nagus, gerina s\u0105nari\u0173 judrum\u0105.\" \/>\n<meta property=\"og:url\" content=\"https:\/\/test.puhdasplus.ee\/lt\/tooted\/oda-plaukai-nagai\/kolagenas\/kolageno-ir-saltalankiu-120-kapsuliu\/\" \/>\n<meta property=\"og:site_name\" content=\"Puhdas+\" \/>\n<meta property=\"article:publisher\" content=\"https:\/\/www.facebook.com\/puhdasplus\" \/>\n<meta property=\"article:modified_time\" content=\"2026-02-22T20:47:01+00:00\" \/>\n<meta property=\"og:image\" content=\"https:\/\/test.puhdasplus.ee\/wp-content\/uploads\/2025\/03\/194.jpg\" \/>\n\t<meta property=\"og:image:width\" content=\"1862\" \/>\n\t<meta property=\"og:image:height\" content=\"2560\" \/>\n\t<meta property=\"og:image:type\" content=\"image\/jpeg\" \/>\n<meta name=\"twitter:card\" content=\"summary_large_image\" \/>\n<meta name=\"twitter:label1\" content=\"Est. reading time\" \/>\n\t<meta name=\"twitter:data1\" content=\"1 minut\u0117\" \/>\n<script type=\"application\/ld+json\" class=\"yoast-schema-graph\">{\"@context\":\"https:\/\/schema.org\",\"@graph\":[{\"@type\":\"WebPage\",\"@id\":\"https:\/\/test.puhdasplus.ee\/lt\/tooted\/oda-plaukai-nagai\/kolagenas\/kolageno-ir-saltalankiu-120-kapsuliu\/\",\"url\":\"https:\/\/test.puhdasplus.ee\/lt\/tooted\/oda-plaukai-nagai\/kolagenas\/kolageno-ir-saltalankiu-120-kapsuliu\/\",\"name\":\"Kolageno ir \u0161altalanki\u0173 120 kapsuli\u0173 - Puhdas+\",\"isPartOf\":{\"@id\":\"https:\/\/test.puhdasplus.ee\/lt\/#website\"},\"primaryImageOfPage\":{\"@id\":\"https:\/\/test.puhdasplus.ee\/lt\/tooted\/oda-plaukai-nagai\/kolagenas\/kolageno-ir-saltalankiu-120-kapsuliu\/#primaryimage\"},\"image\":{\"@id\":\"https:\/\/test.puhdasplus.ee\/lt\/tooted\/oda-plaukai-nagai\/kolagenas\/kolageno-ir-saltalankiu-120-kapsuliu\/#primaryimage\"},\"thumbnailUrl\":\"https:\/\/test.puhdasplus.ee\/wp-content\/uploads\/2025\/03\/194.jpg\",\"datePublished\":\"2025-02-15T12:08:33+00:00\",\"dateModified\":\"2026-02-22T20:47:01+00:00\",\"description\":\"Nat\u016bralus kolageno ir \u0161altalanki\u0173 papildas palaiko odos elastingum\u0105, stiprina plaukus ir nagus, gerina s\u0105nari\u0173 judrum\u0105.\",\"breadcrumb\":{\"@id\":\"https:\/\/test.puhdasplus.ee\/lt\/tooted\/oda-plaukai-nagai\/kolagenas\/kolageno-ir-saltalankiu-120-kapsuliu\/#breadcrumb\"},\"inLanguage\":\"lt-LT\",\"potentialAction\":[{\"@type\":\"ReadAction\",\"target\":[\"https:\/\/test.puhdasplus.ee\/lt\/tooted\/oda-plaukai-nagai\/kolagenas\/kolageno-ir-saltalankiu-120-kapsuliu\/\"]}]},{\"@type\":\"ImageObject\",\"inLanguage\":\"lt-LT\",\"@id\":\"https:\/\/test.puhdasplus.ee\/lt\/tooted\/oda-plaukai-nagai\/kolagenas\/kolageno-ir-saltalankiu-120-kapsuliu\/#primaryimage\",\"url\":\"https:\/\/test.puhdasplus.ee\/wp-content\/uploads\/2025\/03\/194.jpg\",\"contentUrl\":\"https:\/\/test.puhdasplus.ee\/wp-content\/uploads\/2025\/03\/194.jpg\",\"width\":1862,\"height\":2560,\"caption\":\"Kolagenas ir \u0161altalankis\"},{\"@type\":\"BreadcrumbList\",\"@id\":\"https:\/\/test.puhdasplus.ee\/lt\/tooted\/oda-plaukai-nagai\/kolagenas\/kolageno-ir-saltalankiu-120-kapsuliu\/#breadcrumb\",\"itemListElement\":[{\"@type\":\"ListItem\",\"position\":1,\"name\":\"Prad\u017eia\",\"item\":\"https:\/\/test.puhdasplus.ee\/lt\/\"},{\"@type\":\"ListItem\",\"position\":2,\"name\":\"Produktai\",\"item\":\"https:\/\/test.puhdasplus.ee\/lt\/parduotuve\/\"},{\"@type\":\"ListItem\",\"position\":3,\"name\":\"Kolageno ir \u0161altalanki\u0173 120 kapsuli\u0173\"}]},{\"@type\":\"WebSite\",\"@id\":\"https:\/\/test.puhdasplus.ee\/lt\/#website\",\"url\":\"https:\/\/test.puhdasplus.ee\/lt\/\",\"name\":\"Puhdas+\",\"description\":\"Vitamiinid, Toidulisandid, looduskosmeetika, tervis, sport\",\"publisher\":{\"@id\":\"https:\/\/test.puhdasplus.ee\/lt\/#organization\"},\"potentialAction\":[{\"@type\":\"SearchAction\",\"target\":{\"@type\":\"EntryPoint\",\"urlTemplate\":\"https:\/\/test.puhdasplus.ee\/lt\/?s={search_term_string}\"},\"query-input\":{\"@type\":\"PropertyValueSpecification\",\"valueRequired\":true,\"valueName\":\"search_term_string\"}}],\"inLanguage\":\"lt-LT\"},{\"@type\":\"Organization\",\"@id\":\"https:\/\/test.puhdasplus.ee\/lt\/#organization\",\"name\":\"Puhdas+\",\"alternateName\":\"Puhdasplus\",\"url\":\"https:\/\/test.puhdasplus.ee\/lt\/\",\"logo\":{\"@type\":\"ImageObject\",\"inLanguage\":\"lt-LT\",\"@id\":\"https:\/\/test.puhdasplus.ee\/lt\/#\/schema\/logo\/image\/\",\"url\":\"https:\/\/test.puhdasplus.ee\/\/wp-content\/uploads\/2019\/10\/puhdas_logo-arvele.png\",\"contentUrl\":\"https:\/\/test.puhdasplus.ee\/\/wp-content\/uploads\/2019\/10\/puhdas_logo-arvele.png\",\"width\":114,\"height\":94,\"caption\":\"Puhdas+\"},\"image\":{\"@id\":\"https:\/\/test.puhdasplus.ee\/lt\/#\/schema\/logo\/image\/\"},\"sameAs\":[\"https:\/\/www.facebook.com\/puhdasplus\",\"https:\/\/www.instagram.com\/puhdasplus_ee\/\"]}]}<\/script>\n<!-- \/ Yoast SEO plugin. -->","yoast_head_json":{"title":"Kolageno ir \u0161altalanki\u0173 120 kapsuli\u0173 - Puhdas+","description":"Nat\u016bralus kolageno ir \u0161altalanki\u0173 papildas palaiko odos elastingum\u0105, stiprina plaukus ir nagus, gerina s\u0105nari\u0173 judrum\u0105.","robots":{"index":"noindex","follow":"follow","max-snippet":"max-snippet:-1","max-image-preview":"max-image-preview:large","max-video-preview":"max-video-preview:-1"},"og_locale":"lt_LT","og_type":"article","og_title":"Kolageno ir \u0161altalanki\u0173 120 kapsuli\u0173 - Puhdas+","og_description":"Nat\u016bralus kolageno ir \u0161altalanki\u0173 papildas palaiko odos elastingum\u0105, stiprina plaukus ir nagus, gerina s\u0105nari\u0173 judrum\u0105.","og_url":"https:\/\/test.puhdasplus.ee\/lt\/tooted\/oda-plaukai-nagai\/kolagenas\/kolageno-ir-saltalankiu-120-kapsuliu\/","og_site_name":"Puhdas+","article_publisher":"https:\/\/www.facebook.com\/puhdasplus","article_modified_time":"2026-02-22T20:47:01+00:00","og_image":[{"width":1862,"height":2560,"url":"https:\/\/test.puhdasplus.ee\/wp-content\/uploads\/2025\/03\/194.jpg","type":"image\/jpeg"}],"twitter_card":"summary_large_image","twitter_misc":{"Est. reading time":"1 minut\u0117"},"schema":{"@context":"https:\/\/schema.org","@graph":[{"@type":"WebPage","@id":"https:\/\/test.puhdasplus.ee\/lt\/tooted\/oda-plaukai-nagai\/kolagenas\/kolageno-ir-saltalankiu-120-kapsuliu\/","url":"https:\/\/test.puhdasplus.ee\/lt\/tooted\/oda-plaukai-nagai\/kolagenas\/kolageno-ir-saltalankiu-120-kapsuliu\/","name":"Kolageno ir \u0161altalanki\u0173 120 kapsuli\u0173 - Puhdas+","isPartOf":{"@id":"https:\/\/test.puhdasplus.ee\/lt\/#website"},"primaryImageOfPage":{"@id":"https:\/\/test.puhdasplus.ee\/lt\/tooted\/oda-plaukai-nagai\/kolagenas\/kolageno-ir-saltalankiu-120-kapsuliu\/#primaryimage"},"image":{"@id":"https:\/\/test.puhdasplus.ee\/lt\/tooted\/oda-plaukai-nagai\/kolagenas\/kolageno-ir-saltalankiu-120-kapsuliu\/#primaryimage"},"thumbnailUrl":"https:\/\/test.puhdasplus.ee\/wp-content\/uploads\/2025\/03\/194.jpg","datePublished":"2025-02-15T12:08:33+00:00","dateModified":"2026-02-22T20:47:01+00:00","description":"Nat\u016bralus kolageno ir \u0161altalanki\u0173 papildas palaiko odos elastingum\u0105, stiprina plaukus ir nagus, gerina s\u0105nari\u0173 judrum\u0105.","breadcrumb":{"@id":"https:\/\/test.puhdasplus.ee\/lt\/tooted\/oda-plaukai-nagai\/kolagenas\/kolageno-ir-saltalankiu-120-kapsuliu\/#breadcrumb"},"inLanguage":"lt-LT","potentialAction":[{"@type":"ReadAction","target":["https:\/\/test.puhdasplus.ee\/lt\/tooted\/oda-plaukai-nagai\/kolagenas\/kolageno-ir-saltalankiu-120-kapsuliu\/"]}]},{"@type":"ImageObject","inLanguage":"lt-LT","@id":"https:\/\/test.puhdasplus.ee\/lt\/tooted\/oda-plaukai-nagai\/kolagenas\/kolageno-ir-saltalankiu-120-kapsuliu\/#primaryimage","url":"https:\/\/test.puhdasplus.ee\/wp-content\/uploads\/2025\/03\/194.jpg","contentUrl":"https:\/\/test.puhdasplus.ee\/wp-content\/uploads\/2025\/03\/194.jpg","width":1862,"height":2560,"caption":"Kolagenas ir \u0161altalankis"},{"@type":"BreadcrumbList","@id":"https:\/\/test.puhdasplus.ee\/lt\/tooted\/oda-plaukai-nagai\/kolagenas\/kolageno-ir-saltalankiu-120-kapsuliu\/#breadcrumb","itemListElement":[{"@type":"ListItem","position":1,"name":"Prad\u017eia","item":"https:\/\/test.puhdasplus.ee\/lt\/"},{"@type":"ListItem","position":2,"name":"Produktai","item":"https:\/\/test.puhdasplus.ee\/lt\/parduotuve\/"},{"@type":"ListItem","position":3,"name":"Kolageno ir \u0161altalanki\u0173 120 kapsuli\u0173"}]},{"@type":"WebSite","@id":"https:\/\/test.puhdasplus.ee\/lt\/#website","url":"https:\/\/test.puhdasplus.ee\/lt\/","name":"Puhdas+","description":"Vitamiinid, Toidulisandid, looduskosmeetika, tervis, sport","publisher":{"@id":"https:\/\/test.puhdasplus.ee\/lt\/#organization"},"potentialAction":[{"@type":"SearchAction","target":{"@type":"EntryPoint","urlTemplate":"https:\/\/test.puhdasplus.ee\/lt\/?s={search_term_string}"},"query-input":{"@type":"PropertyValueSpecification","valueRequired":true,"valueName":"search_term_string"}}],"inLanguage":"lt-LT"},{"@type":"Organization","@id":"https:\/\/test.puhdasplus.ee\/lt\/#organization","name":"Puhdas+","alternateName":"Puhdasplus","url":"https:\/\/test.puhdasplus.ee\/lt\/","logo":{"@type":"ImageObject","inLanguage":"lt-LT","@id":"https:\/\/test.puhdasplus.ee\/lt\/#\/schema\/logo\/image\/","url":"https:\/\/test.puhdasplus.ee\/\/wp-content\/uploads\/2019\/10\/puhdas_logo-arvele.png","contentUrl":"https:\/\/test.puhdasplus.ee\/\/wp-content\/uploads\/2019\/10\/puhdas_logo-arvele.png","width":114,"height":94,"caption":"Puhdas+"},"image":{"@id":"https:\/\/test.puhdasplus.ee\/lt\/#\/schema\/logo\/image\/"},"sameAs":["https:\/\/www.facebook.com\/puhdasplus","https:\/\/www.instagram.com\/puhdasplus_ee\/"]}]}},"_links":{"self":[{"href":"https:\/\/test.puhdasplus.ee\/lt\/wp-json\/wp\/v2\/product\/34620","targetHints":{"allow":["GET"]}}],"collection":[{"href":"https:\/\/test.puhdasplus.ee\/lt\/wp-json\/wp\/v2\/product"}],"about":[{"href":"https:\/\/test.puhdasplus.ee\/lt\/wp-json\/wp\/v2\/types\/product"}],"replies":[{"embeddable":true,"href":"https:\/\/test.puhdasplus.ee\/lt\/wp-json\/wp\/v2\/comments?post=34620"}],"wp:featuredmedia":[{"embeddable":true,"href":"https:\/\/test.puhdasplus.ee\/lt\/wp-json\/wp\/v2\/media\/34627"}],"wp:attachment":[{"href":"https:\/\/test.puhdasplus.ee\/lt\/wp-json\/wp\/v2\/media?parent=34620"}],"wp:term":[{"taxonomy":"product_brand","embeddable":true,"href":"https:\/\/test.puhdasplus.ee\/lt\/wp-json\/wp\/v2\/product_brand?post=34620"},{"taxonomy":"product_cat","embeddable":true,"href":"https:\/\/test.puhdasplus.ee\/lt\/wp-json\/wp\/v2\/product_cat?post=34620"},{"taxonomy":"product_tag","embeddable":true,"href":"https:\/\/test.puhdasplus.ee\/lt\/wp-json\/wp\/v2\/product_tag?post=34620"}],"curies":[{"name":"wp","href":"https:\/\/api.w.org\/{rel}","templated":true}]}}