{"id":34596,"date":"2025-02-14T19:04:23","date_gmt":"2025-02-14T17:04:23","guid":{"rendered":"https:\/\/test.puhdasplus.ee\/\/tooted\/be-kategorijos\/arkties-vanduo-500-ml\/"},"modified":"2026-02-22T22:47:02","modified_gmt":"2026-02-22T20:47:02","slug":"arkties-vanduo-500-ml","status":"publish","type":"product","link":"https:\/\/test.puhdasplus.ee\/lt\/tooted\/specialus-pasiulymai\/arkties-vanduo-500-ml\/","title":{"rendered":"Arkties vanduo 500 ml"},"content":{"rendered":"<div class=\"flex max-w-full flex-col flex-grow\">\n<div class=\"min-h-8 text-message flex w-full flex-col items-end gap-2 whitespace-normal break-words text-start [.text-message+&amp;]:mt-5\" dir=\"auto\" data-message-author-role=\"assistant\" data-message-id=\"e1eefafc-061b-4c39-bbc0-b443f5b33b30\" data-message-model-slug=\"gpt-4o-mini\">\n<div class=\"flex w-full flex-col gap-1 empty:hidden first:pt-[3px]\">\n<div class=\"markdown prose w-full break-words dark:prose-invert light\">\n<p data-start=\"283\" data-end=\"544\">\u201ePure+ Arctic\u201c \u0161altinio vanduo \u2013 nat\u016braliai tyras, gaivus ir lengvas, surinktas i\u0161 Viisavaaros \u0161altinio \u0160iaur\u0117s Laplandijoje, regione, esan\u010diame auk\u0161tai vir\u0161 j\u016bros lygio. \u0160is nat\u016bralus auk\u0161tis pa\u0161alina nuot\u0117k\u012f, galint\u012f ter\u0161ti aplink\u0105, ir u\u017etikrina i\u0161skirtinai gryn\u0105 vandens kokyb\u0119. <\/p>\n<p data-start=\"546\" data-end=\"814\">Gamybos padalinys yra sertifikuoto ekologi\u0161ko vandens surinkimo zonoje, kur \u0161altinio vanduo \u012f buteliuk\u0105 patenka neperdirbtas \u2013 nat\u016braliai subalansuotas ir \u0161velnaus skonio. Tai idealus pasirinkimas s\u0105moningam vartotojui, kuris kasdien vartodamas vanden\u012f vertina nat\u016brali\u0105 kilm\u0119 ir kokyb\u0119. <\/p>\n<h3 data-start=\"1067\" data-end=\"1088\"><strong data-start=\"1067\" data-end=\"1088\">Pagrindiniai \u0161altinio vandens privalumai:<\/strong><\/h3>\n<ul data-start=\"1089\" data-end=\"1644\">\n<li data-start=\"1089\" data-end=\"1173\"><strong data-start=\"1091\" data-end=\"1112\">Grynas \u0161altinio vanduo:<\/strong> Surinktas i\u0161 auk\u0161tai esan\u010dio \u0161altinio, u\u017etikrinantis neu\u017eter\u0161t\u0105 vanden\u012f.<\/li>\n<li data-start=\"1174\" data-end=\"1290\"><strong data-start=\"1176\" data-end=\"1209\">\u0160velnus ir rafinuotas skonis:<\/strong> filtruojamas per nat\u016bralius \u017eem\u0117s sluoksnius, kurie suteikia vandeniui malon\u0173 skon\u012f.<\/li>\n<li data-start=\"1291\" data-end=\"1384\"><span data-start=\"1293\" data-end=\"1319\"><b>Ma\u017ea TDS<\/b><\/span> <strong data-start=\"1293\" data-end=\"1319\">vert\u0117:<\/strong> ma\u017eas i\u0161tirpusi\u0173 kiet\u0173j\u0173 daleli\u0173 kiekis leid\u017eia vanden\u012f lengvai gerti.<\/li>\n<li data-start=\"1385\" data-end=\"1486\"><strong data-start=\"1387\" data-end=\"1404\">Ma\u017eas nitrat\u0173 kiekis.<\/strong><\/li>\n<li data-start=\"1487\" data-end=\"1644\"><strong data-start=\"1489\" data-end=\"1519\">Nat\u016braliai filtruojamas:<\/strong> vanduo nat\u016braliai filtruojamas per ledynme\u010dio metu susidariusius \u017eem\u0117s sluoksnius, i\u0161laikant jo grynum\u0105 ir mineral\u0173 pusiausvyr\u0105.<\/li>\n<\/ul>\n<p data-start=\"1646\" data-end=\"1706\"><strong data-start=\"1646\" data-end=\"1662\">Sud\u0117tis:<\/strong> 100 % nat\u016bralus \u0161altinio vanduo i\u0161 Viisavaaros regiono, Laplandijos.<\/p>\n<p data-start=\"1708\" data-end=\"1945\"><strong data-start=\"1708\" data-end=\"1728\">Naudojimas:<\/strong> M\u0117gaukit\u0117s at\u0161aldytu tiesiai i\u0161 buteliuko arba supilkite \u012f stiklin\u0119. Tinka kasdieniam vandens vartojimui, sportuojant ar tiesiog kaip gaiviklis. <\/p>\n<p data-start=\"1708\" data-end=\"1945\"><strong data-start=\"1708\" data-end=\"1728\">Laikymas:<\/strong> laikyti v\u0117sioje, sausoje vietoje, toliau nuo tiesiogini\u0173 saul\u0117s spinduli\u0173.<\/p>\n<\/div>\n<\/div>\n<\/div>\n<\/div>\n","protected":false},"excerpt":{"rendered":"<p data-start=\"109\" data-end=\"235\"><strong data-start=\"109\" data-end=\"235\">I\u0161skirtinai tyras ir \u0161velnaus skonio \u0161altinio vanduo i\u0161 Suomijos Laplandijos \u2013 pasi\u017eymintis ma\u017ea TDS verte ir beveik nuliniu nitrat\u0173 kiekiu.<\/strong><\/p>\n<p data-start=\"237\" data-end=\"511\">Arkties \u0161altinio vanduo gaunamas i\u0161 Aavasaksos regiono, esan\u010dio \u0161iaurin\u0117je Suomijos Laplandijoje \u2013 grynos ir neu\u017eter\u0161tos aplinkos. Vanduo nat\u016braliai filtruojamas per ledynme\u010dio dirvo\u017eemio sluoksnius, tod\u0117l \u012fgauna i\u0161skirtinai gryn\u0105 sud\u0117t\u012f ir \u0161veln\u0173, gaiv\u0173 skon\u012f. <\/p>\n<p data-start=\"513\" data-end=\"738\">D\u0117l ma\u017eo TDS (bendro i\u0161tirpusi\u0173 kiet\u0173j\u0173 daleli\u0173 kiekio) Arkties vandenyje yra labai ma\u017eai i\u0161tirpusi\u0173 med\u017eiag\u0173, o nitrat\u0173 kiekis minimalus, tod\u0117l jis puikiai tinka tiems, kurie vertina nat\u016bral\u0173 grynum\u0105 ir subalansuot\u0105 vandens vartojim\u0105.<\/p>\n","protected":false},"featured_media":34600,"comment_status":"closed","ping_status":"closed","template":"","meta":{"_acf_changed":false},"product_brand":[],"product_cat":[5426,3049],"product_tag":[5458,5433,5456,5457,5459,2667,5454,5455,5460,2967],"class_list":{"0":"post-34596","1":"product","2":"type-product","3":"status-publish","4":"has-post-thumbnail","6":"product_cat-gerimai","7":"product_cat-specialus-pasiulymai","8":"product_tag-be-nitratu","9":"product_tag-gerimai","10":"product_tag-laplandijos-vanduo","11":"product_tag-mazas-tds","12":"product_tag-naturalus-vanduo","13":"product_tag-organinis","14":"product_tag-saltinio-vanduo","15":"product_tag-svarus-vanduo","16":"product_tag-vanduo","17":"product_tag-veganas","19":"first","20":"instock","21":"sale","22":"taxable","23":"shipping-taxable","24":"purchasable","25":"product-type-variable","26":"has-default-attributes"},"acf":[],"yoast_head":"<!-- This site is optimized with the Yoast SEO plugin v27.1.1 - https:\/\/yoast.com\/product\/yoast-seo-wordpress\/ -->\n<title>Arkties vanduo 500 ml - Puhdas+<\/title>\n<meta name=\"description\" content=\"Arkties vanduo 500 ml yra grynas \u0161altinio vanduo i\u0161 Aavasaksos regiono, Suomijos Laplandijoje. Ma\u017eas TDS ir ma\u017eas nitrat\u0173 kiekis.\" \/>\n<meta name=\"robots\" content=\"noindex, follow, max-snippet:-1, max-image-preview:large, max-video-preview:-1\" \/>\n<meta property=\"og:locale\" content=\"lt_LT\" \/>\n<meta property=\"og:type\" content=\"article\" \/>\n<meta property=\"og:title\" content=\"Arkties vanduo 500 ml - Puhdas+\" \/>\n<meta property=\"og:description\" content=\"Arkties vanduo 500 ml yra grynas \u0161altinio vanduo i\u0161 Aavasaksos regiono, Suomijos Laplandijoje. Ma\u017eas TDS ir ma\u017eas nitrat\u0173 kiekis.\" \/>\n<meta property=\"og:url\" content=\"https:\/\/test.puhdasplus.ee\/lt\/tooted\/specialus-pasiulymai\/arkties-vanduo-500-ml\/\" \/>\n<meta property=\"og:site_name\" content=\"Puhdas+\" \/>\n<meta property=\"article:publisher\" content=\"https:\/\/www.facebook.com\/puhdasplus\" \/>\n<meta property=\"article:modified_time\" content=\"2026-02-22T20:47:02+00:00\" \/>\n<meta property=\"og:image\" content=\"https:\/\/test.puhdasplus.ee\/wp-content\/uploads\/2025\/03\/197.jpg\" \/>\n\t<meta property=\"og:image:width\" content=\"1862\" \/>\n\t<meta property=\"og:image:height\" content=\"2560\" \/>\n\t<meta property=\"og:image:type\" content=\"image\/jpeg\" \/>\n<meta name=\"twitter:card\" content=\"summary_large_image\" \/>\n<meta name=\"twitter:label1\" content=\"Est. reading time\" \/>\n\t<meta name=\"twitter:data1\" content=\"1 minut\u0117\" \/>\n<script type=\"application\/ld+json\" class=\"yoast-schema-graph\">{\"@context\":\"https:\/\/schema.org\",\"@graph\":[{\"@type\":\"WebPage\",\"@id\":\"https:\/\/test.puhdasplus.ee\/lt\/tooted\/specialus-pasiulymai\/arkties-vanduo-500-ml\/\",\"url\":\"https:\/\/test.puhdasplus.ee\/lt\/tooted\/specialus-pasiulymai\/arkties-vanduo-500-ml\/\",\"name\":\"Arkties vanduo 500 ml - Puhdas+\",\"isPartOf\":{\"@id\":\"https:\/\/test.puhdasplus.ee\/lt\/#website\"},\"primaryImageOfPage\":{\"@id\":\"https:\/\/test.puhdasplus.ee\/lt\/tooted\/specialus-pasiulymai\/arkties-vanduo-500-ml\/#primaryimage\"},\"image\":{\"@id\":\"https:\/\/test.puhdasplus.ee\/lt\/tooted\/specialus-pasiulymai\/arkties-vanduo-500-ml\/#primaryimage\"},\"thumbnailUrl\":\"https:\/\/test.puhdasplus.ee\/wp-content\/uploads\/2025\/03\/197.jpg\",\"datePublished\":\"2025-02-14T17:04:23+00:00\",\"dateModified\":\"2026-02-22T20:47:02+00:00\",\"description\":\"Arkties vanduo 500 ml yra grynas \u0161altinio vanduo i\u0161 Aavasaksos regiono, Suomijos Laplandijoje. Ma\u017eas TDS ir ma\u017eas nitrat\u0173 kiekis.\",\"breadcrumb\":{\"@id\":\"https:\/\/test.puhdasplus.ee\/lt\/tooted\/specialus-pasiulymai\/arkties-vanduo-500-ml\/#breadcrumb\"},\"inLanguage\":\"lt-LT\",\"potentialAction\":[{\"@type\":\"ReadAction\",\"target\":[\"https:\/\/test.puhdasplus.ee\/lt\/tooted\/specialus-pasiulymai\/arkties-vanduo-500-ml\/\"]}]},{\"@type\":\"ImageObject\",\"inLanguage\":\"lt-LT\",\"@id\":\"https:\/\/test.puhdasplus.ee\/lt\/tooted\/specialus-pasiulymai\/arkties-vanduo-500-ml\/#primaryimage\",\"url\":\"https:\/\/test.puhdasplus.ee\/wp-content\/uploads\/2025\/03\/197.jpg\",\"contentUrl\":\"https:\/\/test.puhdasplus.ee\/wp-content\/uploads\/2025\/03\/197.jpg\",\"width\":1862,\"height\":2560,\"caption\":\"\u0160altinio vanduo\"},{\"@type\":\"BreadcrumbList\",\"@id\":\"https:\/\/test.puhdasplus.ee\/lt\/tooted\/specialus-pasiulymai\/arkties-vanduo-500-ml\/#breadcrumb\",\"itemListElement\":[{\"@type\":\"ListItem\",\"position\":1,\"name\":\"Prad\u017eia\",\"item\":\"https:\/\/test.puhdasplus.ee\/lt\/\"},{\"@type\":\"ListItem\",\"position\":2,\"name\":\"Produktai\",\"item\":\"https:\/\/test.puhdasplus.ee\/lt\/parduotuve\/\"},{\"@type\":\"ListItem\",\"position\":3,\"name\":\"Arkties vanduo 500 ml\"}]},{\"@type\":\"WebSite\",\"@id\":\"https:\/\/test.puhdasplus.ee\/lt\/#website\",\"url\":\"https:\/\/test.puhdasplus.ee\/lt\/\",\"name\":\"Puhdas+\",\"description\":\"Vitamiinid, Toidulisandid, looduskosmeetika, tervis, sport\",\"publisher\":{\"@id\":\"https:\/\/test.puhdasplus.ee\/lt\/#organization\"},\"potentialAction\":[{\"@type\":\"SearchAction\",\"target\":{\"@type\":\"EntryPoint\",\"urlTemplate\":\"https:\/\/test.puhdasplus.ee\/lt\/?s={search_term_string}\"},\"query-input\":{\"@type\":\"PropertyValueSpecification\",\"valueRequired\":true,\"valueName\":\"search_term_string\"}}],\"inLanguage\":\"lt-LT\"},{\"@type\":\"Organization\",\"@id\":\"https:\/\/test.puhdasplus.ee\/lt\/#organization\",\"name\":\"Puhdas+\",\"alternateName\":\"Puhdasplus\",\"url\":\"https:\/\/test.puhdasplus.ee\/lt\/\",\"logo\":{\"@type\":\"ImageObject\",\"inLanguage\":\"lt-LT\",\"@id\":\"https:\/\/test.puhdasplus.ee\/lt\/#\/schema\/logo\/image\/\",\"url\":\"https:\/\/test.puhdasplus.ee\/\/wp-content\/uploads\/2019\/10\/puhdas_logo-arvele.png\",\"contentUrl\":\"https:\/\/test.puhdasplus.ee\/\/wp-content\/uploads\/2019\/10\/puhdas_logo-arvele.png\",\"width\":114,\"height\":94,\"caption\":\"Puhdas+\"},\"image\":{\"@id\":\"https:\/\/test.puhdasplus.ee\/lt\/#\/schema\/logo\/image\/\"},\"sameAs\":[\"https:\/\/www.facebook.com\/puhdasplus\",\"https:\/\/www.instagram.com\/puhdasplus_ee\/\"]}]}<\/script>\n<!-- \/ Yoast SEO plugin. -->","yoast_head_json":{"title":"Arkties vanduo 500 ml - Puhdas+","description":"Arkties vanduo 500 ml yra grynas \u0161altinio vanduo i\u0161 Aavasaksos regiono, Suomijos Laplandijoje. Ma\u017eas TDS ir ma\u017eas nitrat\u0173 kiekis.","robots":{"index":"noindex","follow":"follow","max-snippet":"max-snippet:-1","max-image-preview":"max-image-preview:large","max-video-preview":"max-video-preview:-1"},"og_locale":"lt_LT","og_type":"article","og_title":"Arkties vanduo 500 ml - Puhdas+","og_description":"Arkties vanduo 500 ml yra grynas \u0161altinio vanduo i\u0161 Aavasaksos regiono, Suomijos Laplandijoje. Ma\u017eas TDS ir ma\u017eas nitrat\u0173 kiekis.","og_url":"https:\/\/test.puhdasplus.ee\/lt\/tooted\/specialus-pasiulymai\/arkties-vanduo-500-ml\/","og_site_name":"Puhdas+","article_publisher":"https:\/\/www.facebook.com\/puhdasplus","article_modified_time":"2026-02-22T20:47:02+00:00","og_image":[{"width":1862,"height":2560,"url":"https:\/\/test.puhdasplus.ee\/wp-content\/uploads\/2025\/03\/197.jpg","type":"image\/jpeg"}],"twitter_card":"summary_large_image","twitter_misc":{"Est. reading time":"1 minut\u0117"},"schema":{"@context":"https:\/\/schema.org","@graph":[{"@type":"WebPage","@id":"https:\/\/test.puhdasplus.ee\/lt\/tooted\/specialus-pasiulymai\/arkties-vanduo-500-ml\/","url":"https:\/\/test.puhdasplus.ee\/lt\/tooted\/specialus-pasiulymai\/arkties-vanduo-500-ml\/","name":"Arkties vanduo 500 ml - Puhdas+","isPartOf":{"@id":"https:\/\/test.puhdasplus.ee\/lt\/#website"},"primaryImageOfPage":{"@id":"https:\/\/test.puhdasplus.ee\/lt\/tooted\/specialus-pasiulymai\/arkties-vanduo-500-ml\/#primaryimage"},"image":{"@id":"https:\/\/test.puhdasplus.ee\/lt\/tooted\/specialus-pasiulymai\/arkties-vanduo-500-ml\/#primaryimage"},"thumbnailUrl":"https:\/\/test.puhdasplus.ee\/wp-content\/uploads\/2025\/03\/197.jpg","datePublished":"2025-02-14T17:04:23+00:00","dateModified":"2026-02-22T20:47:02+00:00","description":"Arkties vanduo 500 ml yra grynas \u0161altinio vanduo i\u0161 Aavasaksos regiono, Suomijos Laplandijoje. Ma\u017eas TDS ir ma\u017eas nitrat\u0173 kiekis.","breadcrumb":{"@id":"https:\/\/test.puhdasplus.ee\/lt\/tooted\/specialus-pasiulymai\/arkties-vanduo-500-ml\/#breadcrumb"},"inLanguage":"lt-LT","potentialAction":[{"@type":"ReadAction","target":["https:\/\/test.puhdasplus.ee\/lt\/tooted\/specialus-pasiulymai\/arkties-vanduo-500-ml\/"]}]},{"@type":"ImageObject","inLanguage":"lt-LT","@id":"https:\/\/test.puhdasplus.ee\/lt\/tooted\/specialus-pasiulymai\/arkties-vanduo-500-ml\/#primaryimage","url":"https:\/\/test.puhdasplus.ee\/wp-content\/uploads\/2025\/03\/197.jpg","contentUrl":"https:\/\/test.puhdasplus.ee\/wp-content\/uploads\/2025\/03\/197.jpg","width":1862,"height":2560,"caption":"\u0160altinio vanduo"},{"@type":"BreadcrumbList","@id":"https:\/\/test.puhdasplus.ee\/lt\/tooted\/specialus-pasiulymai\/arkties-vanduo-500-ml\/#breadcrumb","itemListElement":[{"@type":"ListItem","position":1,"name":"Prad\u017eia","item":"https:\/\/test.puhdasplus.ee\/lt\/"},{"@type":"ListItem","position":2,"name":"Produktai","item":"https:\/\/test.puhdasplus.ee\/lt\/parduotuve\/"},{"@type":"ListItem","position":3,"name":"Arkties vanduo 500 ml"}]},{"@type":"WebSite","@id":"https:\/\/test.puhdasplus.ee\/lt\/#website","url":"https:\/\/test.puhdasplus.ee\/lt\/","name":"Puhdas+","description":"Vitamiinid, Toidulisandid, looduskosmeetika, tervis, sport","publisher":{"@id":"https:\/\/test.puhdasplus.ee\/lt\/#organization"},"potentialAction":[{"@type":"SearchAction","target":{"@type":"EntryPoint","urlTemplate":"https:\/\/test.puhdasplus.ee\/lt\/?s={search_term_string}"},"query-input":{"@type":"PropertyValueSpecification","valueRequired":true,"valueName":"search_term_string"}}],"inLanguage":"lt-LT"},{"@type":"Organization","@id":"https:\/\/test.puhdasplus.ee\/lt\/#organization","name":"Puhdas+","alternateName":"Puhdasplus","url":"https:\/\/test.puhdasplus.ee\/lt\/","logo":{"@type":"ImageObject","inLanguage":"lt-LT","@id":"https:\/\/test.puhdasplus.ee\/lt\/#\/schema\/logo\/image\/","url":"https:\/\/test.puhdasplus.ee\/\/wp-content\/uploads\/2019\/10\/puhdas_logo-arvele.png","contentUrl":"https:\/\/test.puhdasplus.ee\/\/wp-content\/uploads\/2019\/10\/puhdas_logo-arvele.png","width":114,"height":94,"caption":"Puhdas+"},"image":{"@id":"https:\/\/test.puhdasplus.ee\/lt\/#\/schema\/logo\/image\/"},"sameAs":["https:\/\/www.facebook.com\/puhdasplus","https:\/\/www.instagram.com\/puhdasplus_ee\/"]}]}},"_links":{"self":[{"href":"https:\/\/test.puhdasplus.ee\/lt\/wp-json\/wp\/v2\/product\/34596","targetHints":{"allow":["GET"]}}],"collection":[{"href":"https:\/\/test.puhdasplus.ee\/lt\/wp-json\/wp\/v2\/product"}],"about":[{"href":"https:\/\/test.puhdasplus.ee\/lt\/wp-json\/wp\/v2\/types\/product"}],"replies":[{"embeddable":true,"href":"https:\/\/test.puhdasplus.ee\/lt\/wp-json\/wp\/v2\/comments?post=34596"}],"wp:featuredmedia":[{"embeddable":true,"href":"https:\/\/test.puhdasplus.ee\/lt\/wp-json\/wp\/v2\/media\/34600"}],"wp:attachment":[{"href":"https:\/\/test.puhdasplus.ee\/lt\/wp-json\/wp\/v2\/media?parent=34596"}],"wp:term":[{"taxonomy":"product_brand","embeddable":true,"href":"https:\/\/test.puhdasplus.ee\/lt\/wp-json\/wp\/v2\/product_brand?post=34596"},{"taxonomy":"product_cat","embeddable":true,"href":"https:\/\/test.puhdasplus.ee\/lt\/wp-json\/wp\/v2\/product_cat?post=34596"},{"taxonomy":"product_tag","embeddable":true,"href":"https:\/\/test.puhdasplus.ee\/lt\/wp-json\/wp\/v2\/product_tag?post=34596"}],"curies":[{"name":"wp","href":"https:\/\/api.w.org\/{rel}","templated":true}]}}