{"id":34580,"date":"2025-02-14T13:53:24","date_gmt":"2025-02-14T11:53:24","guid":{"rendered":"https:\/\/test.puhdasplus.ee\/\/tooted\/be-kategorijos\/naktinis-magnis-120-kapsuliu\/"},"modified":"2026-02-22T22:48:16","modified_gmt":"2026-02-22T20:48:16","slug":"naktinis-magnis-120-kapsuliu","status":"publish","type":"product","link":"https:\/\/test.puhdasplus.ee\/lt\/tooted\/mineralai\/magnis\/naktinis-magnis-120-kapsuliu\/","title":{"rendered":"Naktinis magnis 120 kapsuli\u0173"},"content":{"rendered":"<h2 data-start=\"398\" data-end=\"817\">Kas yra \u201ePure+ Night Time Magnesium\u201c?<\/h2>\n<p data-start=\"253\" data-end=\"487\">\u201ePure+ Nighttime Magnesium\u201c yra auk\u0161tos kokyb\u0117s magnio papildas, kurio sud\u0117tyje yra magnio bisglicinato \u2013 organizmui palankios magnio formos. Tai rei\u0161kia, kad magnis yra susijung\u0119s su aminor\u016bg\u0161timi glicinu, kuri padeda organizmui j\u012f panaudoti. <\/p>\n<p data-start=\"489\" data-end=\"778\">Kadangi magnio bisglicinatas \u0161velnus vir\u0161kinamajam traktui, \u0161is produktas tinka ir tiems, kurie sunkiai toleruoja kitas magnio formas. D\u0117l savo sud\u0117ties \u201ePure+ Night Time Magnesium\u201c idealiai tinka vartoti vakare, nes palaiko nat\u016bralias organizmo funkcijas dienos pabaigoje. <\/p>\n<h2 data-start=\"807\" data-end=\"831\">Kod\u0117l tai naudinga?<\/h2>\n<p class=\"\" data-start=\"833\" data-end=\"856\">Magnis prisideda prie:<\/p>\n<ul data-start=\"857\" data-end=\"1037\">\n<li class=\"\" data-start=\"857\" data-end=\"893\">\n<p class=\"\" data-start=\"859\" data-end=\"893\">normali raumen\u0173 funkcija,<\/p>\n<\/li>\n<li class=\"\" data-start=\"894\" data-end=\"934\">\n<p class=\"\" data-start=\"896\" data-end=\"934\">subalansuotas nerv\u0173 sistemos veikimas,<\/p>\n<\/li>\n<li class=\"\" data-start=\"935\" data-end=\"975\">\n<p class=\"\" data-start=\"937\" data-end=\"975\">ma\u017einant nuovarg\u012f ir i\u0161sekim\u0105,<\/p>\n<\/li>\n<li class=\"\" data-start=\"976\" data-end=\"1037\">\n<p class=\"\" data-start=\"978\" data-end=\"1037\">normali energijos apykaita ir elektrolit\u0173 pusiausvyra.<\/p>\n<\/li>\n<\/ul>\n<p class=\"\" data-start=\"1039\" data-end=\"1275\">Magnio bisglicinatas laikomas \u0161velniu vir\u0161kinimui ir tinka tiems, kurie renkasi organizmui draugi\u0161kas magnio formas.<\/p>\n<h2 data-start=\"1401\" data-end=\"1419\">Kam tai tinka?<\/h2>\n<ul data-start=\"1421\" data-end=\"1750\">\n<li class=\"\" data-start=\"1421\" data-end=\"1484\">\n<p class=\"\" data-start=\"1423\" data-end=\"1484\">Tiems, kurie nori palaikyti normali\u0105 raumen\u0173 ir nerv\u0173 sistemos veikl\u0105<\/p>\n<\/li>\n<li class=\"\" data-start=\"1485\" data-end=\"1545\">\n<p class=\"\" data-start=\"1487\" data-end=\"1545\">\u017dmon\u0117ms, kurie jau\u010diasi pavarg\u0119 ar i\u0161sek\u0119<\/p>\n<\/li>\n<li class=\"\" data-start=\"1546\" data-end=\"1610\">\n<p class=\"\" data-start=\"1548\" data-end=\"1610\">Tiems, kurie nori nat\u016bralios pagalbos geresnei miego kokybei<\/p>\n<\/li>\n<li class=\"\" data-start=\"1611\" data-end=\"1688\">\n<p class=\"\" data-start=\"1613\" data-end=\"1688\">Sportininkams ir aktyviems \u017emon\u0117ms, kuri\u0173 k\u016bnui reikia atsigavimo<\/p>\n<\/li>\n<li class=\"\" data-start=\"1689\" data-end=\"1750\">\n<p class=\"\" data-start=\"1691\" data-end=\"1750\">Veganams ir visiems, kurie renkasi produktus be pried\u0173<\/p>\n<\/li>\n<\/ul>\n<h2 data-start=\"1757\" data-end=\"1771\">Naudojimas<\/h2>\n<p class=\"\" data-start=\"1773\" data-end=\"2046\"><strong data-start=\"1773\" data-end=\"1794\">Rekomenduojama doz\u0117:<\/strong> 1\u20134 kapsul\u0117s per dien\u0105, geriausia ma\u017edaug 1 valand\u0105 prie\u0161 mieg\u0105.<br data-start=\"1859\" data-end=\"1862\"> Kapsules nurykite u\u017egerdami vandeniu.<br data-start=\"1884\" data-end=\"1887\"> Paros doz\u0117s vir\u0161yti negalima.<br data-start=\"1918\" data-end=\"1921\"> Maisto papildas nepakei\u010dia \u012fvairios ir subalansuotos mitybos ar sveiko gyvenimo b\u016bdo.<br data-start=\"2009\" data-end=\"2012\"> Laikyti vaikams nepasiekiamoje vietoje.<\/p>\n<h2 data-start=\"2053\" data-end=\"2064\">1\u20134 kapsul\u0117se yra<\/h2>\n<p>Magnis (i\u0161 glicinato) 110\u2013440 mg (29\u2013117 % RMV*), u\u017epildas (mikrokristalin\u0117 celiulioz\u0117), kapsul\u0117 (hidroksipropilmetilceliulioz\u0117), lipnum\u0105 reguliuojanti med\u017eiaga (kalcio karbonatas).<br \/>\n*RMV \u2013 referencin\u0117 paros norma suaugusiam \u017emogui<br \/>\n Be laktoz\u0117s, glitimo, cukraus, druskos, sojos ar saldikli\u0173. Tinka veganams. <\/p>\n<p class=\"\" data-start=\"2153\" data-end=\"2262\">\n","protected":false},"excerpt":{"rendered":"<p data-start=\"669\" data-end=\"941\"><strong data-start=\"669\" data-end=\"696\">\u201ePure+ Nighttime Magnesium\u201c<\/strong> yra auk\u0161tos kokyb\u0117s magnio papildas, kurio sud\u0117tyje yra lengvai pasisavinamo magnio bisglicinato \u2013 magnio formos, kurioje mineralas susijung\u0119s su aminor\u016bg\u0161timi glicinu. \u0160is derinys u\u017etikrina organizmui draugi\u0161k\u0105 \u012fsisavinim\u0105 ir yra tinkamas vartoti kasdien. <\/p>\n<p data-start=\"943\" data-end=\"1202\">Magnis padeda ma\u017einti nuovarg\u012f ir i\u0161sekim\u0105, palaiko normali\u0105 raumen\u0173 ir nerv\u0173 sistemos funkcij\u0105 bei prisideda prie normalios energij\u0105 generuojan\u010dios med\u017eiag\u0173 apykaitos. D\u0117l bisglicinato formos produktas taip pat puikiai tinka tiems, kurie renkasi \u0161veln\u0173 ir veiksming\u0105 magnio \u0161altin\u012f. <\/p>\n<p data-start=\"1204\" data-end=\"1408\">Produktas yra 100 % grynas \u2013 be dirbtini\u0173 pried\u0173, glitimo, laktoz\u0117s ar saldikli\u0173 \u2013 ir tinka veganams. Paprastas ir patikimas b\u016bdas palaikyti organizmo mineral\u0173 pusiausvyr\u0105. <\/p>\n<p>&nbsp;<\/p>\n<p data-start=\"0\" data-end=\"53\">\n","protected":false},"featured_media":34582,"comment_status":"closed","ping_status":"closed","template":"","meta":{"_acf_changed":false},"product_brand":[],"product_cat":[3265,3049],"product_tag":[3127,3131,5444,5445,2967],"class_list":{"0":"post-34580","1":"product","2":"type-product","3":"status-publish","4":"has-post-thumbnail","6":"product_cat-magnis","7":"product_cat-specialus-pasiulymai","8":"product_tag-magnis","9":"product_tag-maisto-papildas","10":"product_tag-miegas","11":"product_tag-nervu-sistema","12":"product_tag-veganas","14":"first","15":"instock","16":"sale","17":"taxable","18":"shipping-taxable","19":"purchasable","20":"product-type-simple"},"acf":[],"yoast_head":"<!-- This site is optimized with the Yoast SEO plugin v27.1.1 - https:\/\/yoast.com\/product\/yoast-seo-wordpress\/ -->\n<title>Naktinis magnis 120 kapsuli\u0173 - Puhdas+<\/title>\n<meta name=\"description\" content=\"Naktinis magnis (120 kapsuli\u0173) \u2013 lengvai \u012fsisavinamas magnio glicinatas raumen\u0173 ir nerv\u0173 sistemos palaikymui. Vegani\u0161kas, be pried\u0173 ir tinka skrand\u017eiui. U\u017esisakykite dabar!\" \/>\n<meta name=\"robots\" content=\"noindex, follow, max-snippet:-1, max-image-preview:large, max-video-preview:-1\" \/>\n<meta property=\"og:locale\" content=\"lt_LT\" \/>\n<meta property=\"og:type\" content=\"article\" \/>\n<meta property=\"og:title\" content=\"Naktinis magnis 120 kapsuli\u0173 - Puhdas+\" \/>\n<meta property=\"og:description\" content=\"Naktinis magnis (120 kapsuli\u0173) \u2013 lengvai \u012fsisavinamas magnio glicinatas raumen\u0173 ir nerv\u0173 sistemos palaikymui. Vegani\u0161kas, be pried\u0173 ir tinka skrand\u017eiui. U\u017esisakykite dabar!\" \/>\n<meta property=\"og:url\" content=\"https:\/\/test.puhdasplus.ee\/lt\/tooted\/mineralai\/magnis\/naktinis-magnis-120-kapsuliu\/\" \/>\n<meta property=\"og:site_name\" content=\"Puhdas+\" \/>\n<meta property=\"article:publisher\" content=\"https:\/\/www.facebook.com\/puhdasplus\" \/>\n<meta property=\"article:modified_time\" content=\"2026-02-22T20:48:16+00:00\" \/>\n<meta property=\"og:image\" content=\"https:\/\/test.puhdasplus.ee\/wp-content\/uploads\/2025\/03\/195.jpg\" \/>\n\t<meta property=\"og:image:width\" content=\"1862\" \/>\n\t<meta property=\"og:image:height\" content=\"2560\" \/>\n\t<meta property=\"og:image:type\" content=\"image\/jpeg\" \/>\n<meta name=\"twitter:card\" content=\"summary_large_image\" \/>\n<meta name=\"twitter:label1\" content=\"Est. reading time\" \/>\n\t<meta name=\"twitter:data1\" content=\"1 minut\u0117\" \/>\n<script type=\"application\/ld+json\" class=\"yoast-schema-graph\">{\"@context\":\"https:\/\/schema.org\",\"@graph\":[{\"@type\":\"WebPage\",\"@id\":\"https:\/\/test.puhdasplus.ee\/lt\/tooted\/mineralai\/magnis\/naktinis-magnis-120-kapsuliu\/\",\"url\":\"https:\/\/test.puhdasplus.ee\/lt\/tooted\/mineralai\/magnis\/naktinis-magnis-120-kapsuliu\/\",\"name\":\"Naktinis magnis 120 kapsuli\u0173 - Puhdas+\",\"isPartOf\":{\"@id\":\"https:\/\/test.puhdasplus.ee\/lt\/#website\"},\"primaryImageOfPage\":{\"@id\":\"https:\/\/test.puhdasplus.ee\/lt\/tooted\/mineralai\/magnis\/naktinis-magnis-120-kapsuliu\/#primaryimage\"},\"image\":{\"@id\":\"https:\/\/test.puhdasplus.ee\/lt\/tooted\/mineralai\/magnis\/naktinis-magnis-120-kapsuliu\/#primaryimage\"},\"thumbnailUrl\":\"https:\/\/test.puhdasplus.ee\/wp-content\/uploads\/2025\/03\/195.jpg\",\"datePublished\":\"2025-02-14T11:53:24+00:00\",\"dateModified\":\"2026-02-22T20:48:16+00:00\",\"description\":\"Naktinis magnis (120 kapsuli\u0173) \u2013 lengvai \u012fsisavinamas magnio glicinatas raumen\u0173 ir nerv\u0173 sistemos palaikymui. Vegani\u0161kas, be pried\u0173 ir tinka skrand\u017eiui. U\u017esisakykite dabar!\",\"breadcrumb\":{\"@id\":\"https:\/\/test.puhdasplus.ee\/lt\/tooted\/mineralai\/magnis\/naktinis-magnis-120-kapsuliu\/#breadcrumb\"},\"inLanguage\":\"lt-LT\",\"potentialAction\":[{\"@type\":\"ReadAction\",\"target\":[\"https:\/\/test.puhdasplus.ee\/lt\/tooted\/mineralai\/magnis\/naktinis-magnis-120-kapsuliu\/\"]}]},{\"@type\":\"ImageObject\",\"inLanguage\":\"lt-LT\",\"@id\":\"https:\/\/test.puhdasplus.ee\/lt\/tooted\/mineralai\/magnis\/naktinis-magnis-120-kapsuliu\/#primaryimage\",\"url\":\"https:\/\/test.puhdasplus.ee\/wp-content\/uploads\/2025\/03\/195.jpg\",\"contentUrl\":\"https:\/\/test.puhdasplus.ee\/wp-content\/uploads\/2025\/03\/195.jpg\",\"width\":1862,\"height\":2560,\"caption\":\"g\u0117li\u0173 magnis\"},{\"@type\":\"BreadcrumbList\",\"@id\":\"https:\/\/test.puhdasplus.ee\/lt\/tooted\/mineralai\/magnis\/naktinis-magnis-120-kapsuliu\/#breadcrumb\",\"itemListElement\":[{\"@type\":\"ListItem\",\"position\":1,\"name\":\"Prad\u017eia\",\"item\":\"https:\/\/test.puhdasplus.ee\/lt\/\"},{\"@type\":\"ListItem\",\"position\":2,\"name\":\"Produktai\",\"item\":\"https:\/\/test.puhdasplus.ee\/lt\/parduotuve\/\"},{\"@type\":\"ListItem\",\"position\":3,\"name\":\"Naktinis magnis 120 kapsuli\u0173\"}]},{\"@type\":\"WebSite\",\"@id\":\"https:\/\/test.puhdasplus.ee\/lt\/#website\",\"url\":\"https:\/\/test.puhdasplus.ee\/lt\/\",\"name\":\"Puhdas+\",\"description\":\"Vitamiinid, Toidulisandid, looduskosmeetika, tervis, sport\",\"publisher\":{\"@id\":\"https:\/\/test.puhdasplus.ee\/lt\/#organization\"},\"potentialAction\":[{\"@type\":\"SearchAction\",\"target\":{\"@type\":\"EntryPoint\",\"urlTemplate\":\"https:\/\/test.puhdasplus.ee\/lt\/?s={search_term_string}\"},\"query-input\":{\"@type\":\"PropertyValueSpecification\",\"valueRequired\":true,\"valueName\":\"search_term_string\"}}],\"inLanguage\":\"lt-LT\"},{\"@type\":\"Organization\",\"@id\":\"https:\/\/test.puhdasplus.ee\/lt\/#organization\",\"name\":\"Puhdas+\",\"alternateName\":\"Puhdasplus\",\"url\":\"https:\/\/test.puhdasplus.ee\/lt\/\",\"logo\":{\"@type\":\"ImageObject\",\"inLanguage\":\"lt-LT\",\"@id\":\"https:\/\/test.puhdasplus.ee\/lt\/#\/schema\/logo\/image\/\",\"url\":\"https:\/\/test.puhdasplus.ee\/\/wp-content\/uploads\/2019\/10\/puhdas_logo-arvele.png\",\"contentUrl\":\"https:\/\/test.puhdasplus.ee\/\/wp-content\/uploads\/2019\/10\/puhdas_logo-arvele.png\",\"width\":114,\"height\":94,\"caption\":\"Puhdas+\"},\"image\":{\"@id\":\"https:\/\/test.puhdasplus.ee\/lt\/#\/schema\/logo\/image\/\"},\"sameAs\":[\"https:\/\/www.facebook.com\/puhdasplus\",\"https:\/\/www.instagram.com\/puhdasplus_ee\/\"]}]}<\/script>\n<!-- \/ Yoast SEO plugin. -->","yoast_head_json":{"title":"Naktinis magnis 120 kapsuli\u0173 - Puhdas+","description":"Naktinis magnis (120 kapsuli\u0173) \u2013 lengvai \u012fsisavinamas magnio glicinatas raumen\u0173 ir nerv\u0173 sistemos palaikymui. Vegani\u0161kas, be pried\u0173 ir tinka skrand\u017eiui. U\u017esisakykite dabar!","robots":{"index":"noindex","follow":"follow","max-snippet":"max-snippet:-1","max-image-preview":"max-image-preview:large","max-video-preview":"max-video-preview:-1"},"og_locale":"lt_LT","og_type":"article","og_title":"Naktinis magnis 120 kapsuli\u0173 - Puhdas+","og_description":"Naktinis magnis (120 kapsuli\u0173) \u2013 lengvai \u012fsisavinamas magnio glicinatas raumen\u0173 ir nerv\u0173 sistemos palaikymui. Vegani\u0161kas, be pried\u0173 ir tinka skrand\u017eiui. U\u017esisakykite dabar!","og_url":"https:\/\/test.puhdasplus.ee\/lt\/tooted\/mineralai\/magnis\/naktinis-magnis-120-kapsuliu\/","og_site_name":"Puhdas+","article_publisher":"https:\/\/www.facebook.com\/puhdasplus","article_modified_time":"2026-02-22T20:48:16+00:00","og_image":[{"width":1862,"height":2560,"url":"https:\/\/test.puhdasplus.ee\/wp-content\/uploads\/2025\/03\/195.jpg","type":"image\/jpeg"}],"twitter_card":"summary_large_image","twitter_misc":{"Est. reading time":"1 minut\u0117"},"schema":{"@context":"https:\/\/schema.org","@graph":[{"@type":"WebPage","@id":"https:\/\/test.puhdasplus.ee\/lt\/tooted\/mineralai\/magnis\/naktinis-magnis-120-kapsuliu\/","url":"https:\/\/test.puhdasplus.ee\/lt\/tooted\/mineralai\/magnis\/naktinis-magnis-120-kapsuliu\/","name":"Naktinis magnis 120 kapsuli\u0173 - Puhdas+","isPartOf":{"@id":"https:\/\/test.puhdasplus.ee\/lt\/#website"},"primaryImageOfPage":{"@id":"https:\/\/test.puhdasplus.ee\/lt\/tooted\/mineralai\/magnis\/naktinis-magnis-120-kapsuliu\/#primaryimage"},"image":{"@id":"https:\/\/test.puhdasplus.ee\/lt\/tooted\/mineralai\/magnis\/naktinis-magnis-120-kapsuliu\/#primaryimage"},"thumbnailUrl":"https:\/\/test.puhdasplus.ee\/wp-content\/uploads\/2025\/03\/195.jpg","datePublished":"2025-02-14T11:53:24+00:00","dateModified":"2026-02-22T20:48:16+00:00","description":"Naktinis magnis (120 kapsuli\u0173) \u2013 lengvai \u012fsisavinamas magnio glicinatas raumen\u0173 ir nerv\u0173 sistemos palaikymui. Vegani\u0161kas, be pried\u0173 ir tinka skrand\u017eiui. U\u017esisakykite dabar!","breadcrumb":{"@id":"https:\/\/test.puhdasplus.ee\/lt\/tooted\/mineralai\/magnis\/naktinis-magnis-120-kapsuliu\/#breadcrumb"},"inLanguage":"lt-LT","potentialAction":[{"@type":"ReadAction","target":["https:\/\/test.puhdasplus.ee\/lt\/tooted\/mineralai\/magnis\/naktinis-magnis-120-kapsuliu\/"]}]},{"@type":"ImageObject","inLanguage":"lt-LT","@id":"https:\/\/test.puhdasplus.ee\/lt\/tooted\/mineralai\/magnis\/naktinis-magnis-120-kapsuliu\/#primaryimage","url":"https:\/\/test.puhdasplus.ee\/wp-content\/uploads\/2025\/03\/195.jpg","contentUrl":"https:\/\/test.puhdasplus.ee\/wp-content\/uploads\/2025\/03\/195.jpg","width":1862,"height":2560,"caption":"g\u0117li\u0173 magnis"},{"@type":"BreadcrumbList","@id":"https:\/\/test.puhdasplus.ee\/lt\/tooted\/mineralai\/magnis\/naktinis-magnis-120-kapsuliu\/#breadcrumb","itemListElement":[{"@type":"ListItem","position":1,"name":"Prad\u017eia","item":"https:\/\/test.puhdasplus.ee\/lt\/"},{"@type":"ListItem","position":2,"name":"Produktai","item":"https:\/\/test.puhdasplus.ee\/lt\/parduotuve\/"},{"@type":"ListItem","position":3,"name":"Naktinis magnis 120 kapsuli\u0173"}]},{"@type":"WebSite","@id":"https:\/\/test.puhdasplus.ee\/lt\/#website","url":"https:\/\/test.puhdasplus.ee\/lt\/","name":"Puhdas+","description":"Vitamiinid, Toidulisandid, looduskosmeetika, tervis, sport","publisher":{"@id":"https:\/\/test.puhdasplus.ee\/lt\/#organization"},"potentialAction":[{"@type":"SearchAction","target":{"@type":"EntryPoint","urlTemplate":"https:\/\/test.puhdasplus.ee\/lt\/?s={search_term_string}"},"query-input":{"@type":"PropertyValueSpecification","valueRequired":true,"valueName":"search_term_string"}}],"inLanguage":"lt-LT"},{"@type":"Organization","@id":"https:\/\/test.puhdasplus.ee\/lt\/#organization","name":"Puhdas+","alternateName":"Puhdasplus","url":"https:\/\/test.puhdasplus.ee\/lt\/","logo":{"@type":"ImageObject","inLanguage":"lt-LT","@id":"https:\/\/test.puhdasplus.ee\/lt\/#\/schema\/logo\/image\/","url":"https:\/\/test.puhdasplus.ee\/\/wp-content\/uploads\/2019\/10\/puhdas_logo-arvele.png","contentUrl":"https:\/\/test.puhdasplus.ee\/\/wp-content\/uploads\/2019\/10\/puhdas_logo-arvele.png","width":114,"height":94,"caption":"Puhdas+"},"image":{"@id":"https:\/\/test.puhdasplus.ee\/lt\/#\/schema\/logo\/image\/"},"sameAs":["https:\/\/www.facebook.com\/puhdasplus","https:\/\/www.instagram.com\/puhdasplus_ee\/"]}]}},"_links":{"self":[{"href":"https:\/\/test.puhdasplus.ee\/lt\/wp-json\/wp\/v2\/product\/34580","targetHints":{"allow":["GET"]}}],"collection":[{"href":"https:\/\/test.puhdasplus.ee\/lt\/wp-json\/wp\/v2\/product"}],"about":[{"href":"https:\/\/test.puhdasplus.ee\/lt\/wp-json\/wp\/v2\/types\/product"}],"replies":[{"embeddable":true,"href":"https:\/\/test.puhdasplus.ee\/lt\/wp-json\/wp\/v2\/comments?post=34580"}],"wp:featuredmedia":[{"embeddable":true,"href":"https:\/\/test.puhdasplus.ee\/lt\/wp-json\/wp\/v2\/media\/34582"}],"wp:attachment":[{"href":"https:\/\/test.puhdasplus.ee\/lt\/wp-json\/wp\/v2\/media?parent=34580"}],"wp:term":[{"taxonomy":"product_brand","embeddable":true,"href":"https:\/\/test.puhdasplus.ee\/lt\/wp-json\/wp\/v2\/product_brand?post=34580"},{"taxonomy":"product_cat","embeddable":true,"href":"https:\/\/test.puhdasplus.ee\/lt\/wp-json\/wp\/v2\/product_cat?post=34580"},{"taxonomy":"product_tag","embeddable":true,"href":"https:\/\/test.puhdasplus.ee\/lt\/wp-json\/wp\/v2\/product_tag?post=34580"}],"curies":[{"name":"wp","href":"https:\/\/api.w.org\/{rel}","templated":true}]}}